{"id":2068,"date":"2014-01-08T00:43:16","date_gmt":"2014-01-07T22:43:16","guid":{"rendered":"http:\/\/web.itu.edu.tr\/adali\/?page_id=2068"},"modified":"2019-05-10T18:35:15","modified_gmt":"2019-05-10T16:35:15","slug":"eren-2010","status":"publish","type":"page","link":"https:\/\/xn--adal-oza.net\/?page_id=2068","title":{"rendered":"Eren 2010"},"content":{"rendered":"<table style=\"text-align: center;\" border=\"0\" width=\"100%\" cellspacing=\"0\" cellpadding=\"0\">\n<colgroup>\n<col width=\"%20\" \/>\n<col width=\"%20\" \/>\n<col width=\"%20\" \/>\n<col width=\"%20\" \/>\n<col width=\"%20\" \/><\/colgroup>\n<tbody>\n<tr>\n<td style=\"background: transparent url('http:\/\/picasaweb.google.com.tr\/s\/c\/transparent_album_background.gif') no-repeat scroll left center; height: 200px;\" align=\"center\"><a href=\"https:\/\/photos.app.goo.gl\/1En6V6jsS4tnXUdr6\"><img loading=\"lazy\" decoding=\"async\" src=\"https:\/\/lh5.googleusercontent.com\/mAfr9TKJD5SbbCrLY3SKafEnTIyRX2Ffq6JF8JrZBFE=w270-h202-p-no\" alt=\"Foto\u011fraf\" width=\"180\" height=\"120\" \/><\/a><\/td>\n<td style=\"background: transparent url('http:\/\/picasaweb.google.com.tr\/s\/c\/transparent_album_background.gif') no-repeat scroll left center; height: 200px;\" align=\"center\"><a href=\"https:\/\/photos.app.goo.gl\/aH8WJBBY49PzTK8U7\"><img loading=\"lazy\" decoding=\"async\" src=\"https:\/\/lh4.googleusercontent.com\/M4Ugq5FTInJyXOF7txPGdCLhsjyXuinEjl0_-0hhasY=w270-h202-p-no\" alt=\"Foto\u011fraf\" width=\"180\" height=\"120\" \/><\/a><\/td>\n<td style=\"background: transparent url('http:\/\/picasaweb.google.com.tr\/s\/c\/transparent_album_background.gif') no-repeat scroll left center; height: 200px;\" align=\"center\"><a href=\"https:\/\/goo.gl\/photos\/6aV1mKmwXicpLUdS7\"><img loading=\"lazy\" decoding=\"async\" class=\"aligncenter\" src=\"https:\/\/lh3.googleusercontent.com\/H-ctxFlsCysEOLm6iIOuWXUfZjTzFng6HBMgthubNgj-r94ezDK09ESJLCI2L3_yGRvZj02ZSLYO2aeQyspcEgPtus7lsEyASKqk9h27_6zE8XgLfZaw_7iOTtglB72hhRlxlcLIDwm22A1h0g25vlQHA5GEmIsjhy_sLaLtNrd1NBLFzawwJXTfn92QywpRTwr2qvtFYL9Bi0WTzdMmPDgXRP1DpBqeYiN8JAvUAMM8OCc6WcDBpUia37U_ylt3NtL-5JIC51B_V21p5ps6wt4MG_rkIuqKRUimyL3Pt1kCePuCSe5-tOYKl-DS8z_jJVqF-9BF0FGDjS9dsMWFk2qVI1GBfRMqWBBfHrz9V-HUBMML7FNfeE26dEng4bIk2Eq24lAoyQvTzcx5uRnx3GYz1KO6PfkuDbVEqepS414RyTpGGbmP7357a9OnpGlzDvPxYCnfHLBHJzPqaBhukBEclWHh8znmL047JQzPX2He6I7WHDD4IV-rpOZenIsOdKozSXmThnB1nDnzSsUAXplzT_8xYM7DB6lbvwq0Ues=w496-h745-no\" alt=\"\" width=\"120\" height=\"180\" \/><\/a><\/td>\n<td style=\"background: transparent url('http:\/\/picasaweb.google.com.tr\/s\/c\/transparent_album_background.gif') no-repeat scroll left center; height: 200px;\" align=\"center\"><a href=\"https:\/\/goo.gl\/photos\/EgSSqrZT2ZTzZosdA\"><img loading=\"lazy\" decoding=\"async\" class=\"aligncenter\" src=\"https:\/\/lh3.googleusercontent.com\/ogoeFnqTFeji4lrT1I0m5T-yM4XuKQVIEkVbBmkk4-3tR9w9P1Pg27iyzqLsVz-3aF-Xbr6kQjf03viRaF_4fjllPyLbWaTPNjXKB5WZ04cunBylnbmTZpGA-v1pMKyAnwrTOmO4CbSf_CzSJZ6IYArgbbpyzqAwV40q_utSqslHMNfDwb60FkEUr_297ECAmBScyvMPGEDNprBUJehFsod56fEyN6adedrtUjRHdQ8f62PFGchVZtnReTrsIC0adosRyhEROx2clPxRGxBeoe1D41lgEQTQFqwEJChAqCWRvZ1HCtqpofOCClPFcymdQxFOIzJTKWf3-VU7yOXeN4v0cArfnHs3LgBEQYHcKW5MAVlMbnYddN6S0cFTzkQqMNyRL2zQbs1ejufhHLm54Iu8WuhDAxoYguVZVRIDRhxlXXGKWP41BrEVr56Hhzf2GO45ksz1AZtXRvhr7GqIqsQtjJiEX_s3BvoHi7XlkqT3iFSdAxdGp3c0tnRDJOa5R_u673fQdpFTDh10mVSr663-DQ1FuTYGDmrqp8twGJ4=w994-h745-no\" alt=\"\" width=\"180\" height=\"120\" \/><\/a><\/td>\n<td style=\"background: transparent url('http:\/\/picasaweb.google.com.tr\/s\/c\/transparent_album_background.gif') no-repeat scroll left center; height: 200px;\" align=\"center\"><a href=\"https:\/\/goo.gl\/photos\/yv4LfV8qCk8oR91M9\"><img loading=\"lazy\" decoding=\"async\" class=\"aligncenter\" src=\"https:\/\/lh3.googleusercontent.com\/ePT5eLE3XCBi0RXuVMEzl76zqXqx1L0ooIIylaaPyfqJIUBaz2G-MgjTO8Gc4gLNWqtQNsHaPgADoBdW_semcJp1XW7V3ftiREheZSqLBnwf3uL3NhOGSAnxjR1EElMN5Bc0lp-eAtaG80Bmp4iCjr1cixA7rx3d_cKBOOjBmlIgy_bO7y_Zpv98UeelnBR8ES3JNyZYnZsgcAn7rP3n1cH5AK7w4uaFZTHw5TZ_5d_E4v0LFjx_3ZbLpSrZgMYR5yjLvztH4xFJ4n698_DOmP4erNNwCNa4Xr78i8VvUPQ8DP4q5rrUfUvE1xxDHBAnk8qNBSpf7E_tMMrcaBvrwVfzkIXptD1TG6ZAeg9yqiKTDJ2YI0gtusLmMgyNmuqQXldytjVEOwg9skPZ2dsLxxUjALsLNz3gAM1xTqndE-Y1xR0XYyXu4RfbYoYIF0EctBKwuLBorYDcVU5cQImITg4kT1UAC23zl4VqAiQO1UpoYvBSWJO5ymjSaBVHpogMQnsM4RjFdjQfFnvIsmkDwQ51KuxWUP-qzv6ItVnqXUQ=w1120-h745-no\" alt=\"\" width=\"180\" height=\"120\" \/><\/a><\/td>\n<\/tr>\n<tr>\n<td style=\"text-align: center; font-family: arial,sans-serif; font-size: 11px;\">1 Ocak 2010<\/td>\n<td style=\"text-align: center; font-family: arial,sans-serif; font-size: 11px;\">7 Ocak 2010<\/td>\n<td style=\"text-align: center; font-family: arial,sans-serif; font-size: 11px;\">10 Ocak 2010<\/td>\n<td style=\"text-align: center; font-family: arial,sans-serif; font-size: 11px;\">21 \u015eubat 2010<\/td>\n<td style=\"text-align: center; font-family: arial,sans-serif; font-size: 11px;\">1 Mart 2010<\/td>\n<\/tr>\n<tr>\n<td style=\"background: transparent url('http:\/\/picasaweb.google.com.tr\/s\/c\/transparent_album_background.gif') no-repeat scroll left center; height: 200px;\" align=\"center\"><a href=\"https:\/\/photos.app.goo.gl\/NmxwfdYSXbZMoGvx9\"><img loading=\"lazy\" decoding=\"async\" src=\"https:\/\/lh5.googleusercontent.com\/GW0WuXL2VsEEwfveQi57SR0zgrLJSwY-r_Z7-VnjkWE=w270-h202-p-no\" alt=\"Foto\u011fraf\" width=\"180\" height=\"120\" \/><\/a><\/td>\n<td style=\"background: transparent url('http:\/\/picasaweb.google.com.tr\/s\/c\/transparent_album_background.gif') no-repeat scroll left center; height: 200px;\" align=\"center\"><a href=\"https:\/\/photos.app.goo.gl\/xkzxmxWCuEz3tQqP9\"><img loading=\"lazy\" decoding=\"async\" src=\"https:\/\/lh4.googleusercontent.com\/v_6wzeqHPylw52yCZJcalJl6BenTf8HRUuW4jrwC9w0=w338-h224-p-no\" alt=\"Foto\u011fraf\" width=\"180\" height=\"120\" \/><\/a><\/td>\n<td style=\"background: transparent url('http:\/\/picasaweb.google.com.tr\/s\/c\/transparent_album_background.gif') no-repeat scroll left center; height: 200px;\" align=\"center\"><a href=\"https:\/\/goo.gl\/photos\/bozyPfieP3G43Bpt9\"><img loading=\"lazy\" decoding=\"async\" class=\"aligncenter\" src=\"https:\/\/lh3.googleusercontent.com\/SkqaKYMAnY10cY3xL9RG1-FxtJ0ulUchAr_AlHZriiHgSmjfT3pC5VBD2SZjVAbGfxBVv7--nRUFW6pOKarfq6v3HAy7gPf0XMUbZY5mwy7UVvEjcLhz_8rP0cFqr2zaXmcIGZyqaL5t9BuF5v1zUL9-CXJJI8rXbZpTMWdugKwqZjjAQozYHOFlzVMde6PvTlA069KyZlnd8NW9L2FT0n3C97-dAJdS_2bagUvmDTAfbtyvvMHs-sOdI1kFH0Wyw73FZMb7TSOzGP56FZzxk40q5DxB0ssK9BmlKDztERVXrEY211vh_YPwKteg23jr6LWefwZZLwO8Vzc4q2w8cJzILwHZ0agatGGiPaqpL9ohuqWTird-y59ms39_wXWCkpogrsLHevIC5N5uDBi_vSQnPCrciMz4eXuBvy2xxVLsd7aebEHNxc6XgWneD5UswdV5rACWT6g9nKmpOHSDn2zHWzXIoLxPiyG-6Ce2NKohTdHNyYz1xPZR1-KEhWdZFeZQAfx3WhX6ICtp2KBjqPQbLjehvM8brZHTEzsrzVM=w1120-h745-no\" alt=\"\" width=\"180\" height=\"120\" \/><\/a><\/td>\n<td style=\"background: transparent url('http:\/\/picasaweb.google.com.tr\/s\/c\/transparent_album_background.gif') no-repeat scroll left center; height: 200px;\" align=\"center\"><a href=\"https:\/\/goo.gl\/photos\/tKprdcoaRtFXRouj6\"><img loading=\"lazy\" decoding=\"async\" class=\"aligncenter\" src=\"https:\/\/lh3.googleusercontent.com\/6R6K2EG9qdBA0zkQwPyDnPIWbZVrS0507gOKrA1hRCtni7tBn80OHpF7lk3NZNr468bw4fztwGlos6W8ApT1Ah2iMojdl4yuTF3gTo4XQdA5EEVqEXPenDDSQHxw4STzccc4rPqjHcFEquJCnjyLRJMIV3asYaSGY0UVVG3BfUE4_EeruOYlE7OOsbFIP-omomLAzBPNYD1ks-vf8FajJG_4XOZ-5d1UIPEYw_j9J83ds3iuYel3zwHMA40yS3bYdfLRJSE0cZqr1c43-do57TehY0pUTWE92uWteYcFVYLJB2f3vQQ0yBjZZHPMu1vZ0wJ5VivIJdmhVvRWS6M0lCofuDeA2PjUQDvn8Dz-LuX97A-nCa_5Q9NwgH5ehYnCwYXrra6pwLi2zVZW_7SAA17XN69R_TP_pupPH4JYyaBuNkHj3lL-msrRPdZYmSEoa7wczjSteTXTgvjaKLuyrsPyd5HbgtABvfd8C6gtXhud_3iVuQCwOPK46EG-YWFh3oj-5fQs85ZDGgZ6KH0Nmxt36rVATClkRug_CxrDpM8=w1120-h745-no\" alt=\"\" width=\"180\" height=\"120\" \/><\/a><\/td>\n<td style=\"background: transparent url('http:\/\/picasaweb.google.com.tr\/s\/c\/transparent_album_background.gif') no-repeat scroll left center; height: 200px;\" align=\"center\"><a href=\"https:\/\/photos.app.goo.gl\/fbZLCadDAjTnA9Fq5\"><img loading=\"lazy\" decoding=\"async\" src=\"https:\/\/lh6.googleusercontent.com\/qlwNCpT5IcpB66nAvh11uJIeNTy7uDpR57QrXQpMtkU=w311-h207-p-no\" alt=\"Foto\u011fraf\" width=\"180\" height=\"120\" \/><\/a><\/td>\n<\/tr>\n<tr>\n<td style=\"text-align: center; font-family: arial,sans-serif; font-size: 11px;\">11 Mart 2010<\/td>\n<td style=\"text-align: center; font-family: arial,sans-serif; font-size: 11px;\">11 Nisan 2010<\/td>\n<td style=\"text-align: center; font-family: arial,sans-serif; font-size: 11px;\">12 Nisan 2010<\/td>\n<td style=\"text-align: center; font-family: arial,sans-serif; font-size: 11px;\">18 Haziran 2010<\/td>\n<td style=\"text-align: center; font-family: arial,sans-serif; font-size: 11px;\">6 Ekim 2010<\/td>\n<\/tr>\n<tr>\n<td style=\"background: transparent url('http:\/\/picasaweb.google.com.tr\/s\/c\/transparent_album_background.gif') no-repeat scroll left center; height: 200px;\" align=\"center\"><a href=\"https:\/\/goo.gl\/photos\/UJYBZyATmRG4oMa28\"><img loading=\"lazy\" decoding=\"async\" class=\"aligncenter\" src=\"https:\/\/lh3.googleusercontent.com\/IeLpWcAV75_wEi7dJWMc3HHumhXuh4H4EXRDQ5md-YJ3X_qXNNpt1ZSbOmA_gX_gWCLpOhwDrKzoyGtDo9AUIceWDPF8fSAoXywhLtze0YZR5O5HSiVpVKbS7VtyL99Ojq_Bq62ZpiVB3Ho8kT84BoYBQGExhSOoH4YH6EaNtjvNSueOIwzwYvEw5IsyJsSdHa8ITCY8exNLNpdb-lZOSEY5bHiTgE6L0KgQpYYrsGZmyO8nkar0on9GpF31UMIz3dJexGSat8PQQqZYMCUFEPG3PVPxyT3VzAH-bqpd6SrBcDSoi-w5hjxwaKNmPUK4CkR-vQEl9Un9UuhoLBDPtw-glrgNPO8fEScgCc1JnV3pjEsISJikoAb8X3xtEdosGPWmVINaUGX1FxdI0CXvdPftPPjlgsFGzTm46GSR4KKJrQ8vukDMo5cS3XI_rf06GP78Wq2eCSxf5YdAf7SntsFyxDjyOJOBV_6bRgyKgUzeDRA3impuUiQ8dMtxQ_zlF-OB9wD-oJgPkHbfbbsTXYZ_4FzVVfk9Q3wC51H7n2E=w994-h745-no\" alt=\"\" width=\"180\" height=\"120\" \/><\/a><\/td>\n<td style=\"background: transparent url('http:\/\/picasaweb.google.com.tr\/s\/c\/transparent_album_background.gif') no-repeat scroll left center; height: 200px;\" align=\"center\"><a href=\"https:\/\/goo.gl\/photos\/QkkKX8Rtg6TPK18g7\"><img loading=\"lazy\" decoding=\"async\" class=\"aligncenter\" src=\"https:\/\/lh3.googleusercontent.com\/72KSAgopT8f3AZcOZleByJ9Z_PxBImakO-04--7ol23yuTWgMisImzfHjQJx_5Lc5PVw9uXpoiXlH9zkfa-qR8n5_rMfIpH2MUh2pJ1Fmf1riwp-v5_UzH6b_MS9A5l4AuCnRS39zgYuwUXpAzDbJMV7dKW7u1ZGPR28YH7NyG1EYIPXkpm1_k8suFb6drL9R1ES4FzaSSM4C9Kr6zIn4BXO1YJZ7iFfMG27Ngk1H4p0bGnlUdSuP7riThzzSESJjVsdY8l2O6VFHUaB04e-_vxIkEhq5-dJAy2oegCobiSf7tZXfWlKiLcv5oB3TAQ-l47OSEy1FBx2UgFaAjPM2KiBaWadRQsLrDqiAyFKELWTEptNCYt8pIbeoBRBLb07GIwpLhDObv6FEa04qf5Az1URY_94XKuACGHLadPmI-QPgp2T_XpaiTgZECVsYICPolSxIUg5-sUbYE-o_Bc6j9Sdn7Kzmo2MDWX81Ntu9SUizcMpsMxbvAjXSOUqiI5OBoPVeJK7fukz1Mtk0Zk5bLNg42Y2FsI2X0ehsXnqYhU=w994-h745-no\" alt=\"\" width=\"180\" height=\"120\" \/><\/a><\/td>\n<td style=\"background: transparent url('http:\/\/picasaweb.google.com.tr\/s\/c\/transparent_album_background.gif') no-repeat scroll left center; height: 200px;\" align=\"center\"><a href=\"https:\/\/goo.gl\/photos\/sfoaVo5Hhezymkna9\"><img loading=\"lazy\" decoding=\"async\" class=\"aligncenter\" src=\"https:\/\/lh3.googleusercontent.com\/7lBCLZGHF-BZBkWDLAsC8MaxTysHstIWHOoWrpmbhp39cTKyZqaBWvOg1LVa5GpmcvbJFZ14hA5YWYUGO3Vz0sqs_DMkyp0VudaVBYw5Jx1i8zqZBGyioy02Jzzfloou_EyUesH4aqNlL1r9ERbVoqsFKttfjvGCLkUMyN8ffGlDWFpReg3ybSATyth2IGXzC3qxItw9ecG_Jk5EIILLNXGUwtKkQpniuDd3-oSkfp3dN9TbXk19pt-P_JhtUealm7OXAX5jHnq5H3Ts-ADX4Lu2-wLoPyneqOrXWr9H4GXdZQ_iTpKCLOV1L46iSDYCcQ6QP-F4suRb-oftrIiZ5CDtSEpYgdrhV_2An4kftxhe7NHiXhIVitB4O4XmjCk8c-SyGsCK7BhPXVMtWBL_vcdsn9aybwJJ26JGiFkCqpTqb4D-29YkbT16uF9JlIhxUVJUe5lYFhsOyJNGfP6Y5qhntJ50n0djrDnujVcI93kI1EoLsJPoxvVqvb5JBoSsyj8ABwknDcqd8_Jo7br9Thyie3bKMqp7Qj4zz5q7Prw=w559-h745-no\" alt=\"\" width=\"120\" height=\"180\" \/><\/a><\/td>\n<td style=\"background: transparent url('http:\/\/picasaweb.google.com.tr\/s\/c\/transparent_album_background.gif') no-repeat scroll left center; height: 200px;\" align=\"center\"><\/td>\n<td style=\"background: transparent url('http:\/\/picasaweb.google.com.tr\/s\/c\/transparent_album_background.gif') no-repeat scroll left center; height: 200px;\" align=\"center\"><\/td>\n<\/tr>\n<tr>\n<td style=\"text-align: center; font-family: arial,sans-serif; font-size: 11px;\">4 Aral\u0131k 2010<\/td>\n<td style=\"text-align: center; font-family: arial,sans-serif; font-size: 11px;\">11 Aral\u0131k 2010<\/td>\n<td style=\"text-align: center; font-family: arial,sans-serif; font-size: 11px;\">18 Aral\u0131k 2010<\/td>\n<td style=\"text-align: center; font-family: arial,sans-serif; font-size: 11px;\"><\/td>\n<td style=\"text-align: center; font-family: arial,sans-serif; font-size: 11px;\"><\/td>\n<\/tr>\n<\/tbody>\n<\/table>\n","protected":false},"excerpt":{"rendered":"<p>1 Ocak 2010 7 Ocak 2010 10 Ocak 2010 21 \u015eubat 2010 1 Mart 2010 11 Mart 2010 11 Nisan 2010 12 Nisan 2010 18 Haziran 2010 6 Ekim 2010 4 Aral\u0131k 2010 11 Aral\u0131k 2010 18 Aral\u0131k 2010<\/p>\n","protected":false},"author":1,"featured_media":6831,"parent":2056,"menu_order":0,"comment_status":"open","ping_status":"open","template":"","meta":{"footnotes":""},"class_list":["post-2068","page","type-page","status-publish","has-post-thumbnail","hentry"],"_links":{"self":[{"href":"https:\/\/xn--adal-oza.net\/index.php?rest_route=\/wp\/v2\/pages\/2068","targetHints":{"allow":["GET"]}}],"collection":[{"href":"https:\/\/xn--adal-oza.net\/index.php?rest_route=\/wp\/v2\/pages"}],"about":[{"href":"https:\/\/xn--adal-oza.net\/index.php?rest_route=\/wp\/v2\/types\/page"}],"author":[{"embeddable":true,"href":"https:\/\/xn--adal-oza.net\/index.php?rest_route=\/wp\/v2\/users\/1"}],"replies":[{"embeddable":true,"href":"https:\/\/xn--adal-oza.net\/index.php?rest_route=%2Fwp%2Fv2%2Fcomments&post=2068"}],"version-history":[{"count":14,"href":"https:\/\/xn--adal-oza.net\/index.php?rest_route=\/wp\/v2\/pages\/2068\/revisions"}],"predecessor-version":[{"id":7696,"href":"https:\/\/xn--adal-oza.net\/index.php?rest_route=\/wp\/v2\/pages\/2068\/revisions\/7696"}],"up":[{"embeddable":true,"href":"https:\/\/xn--adal-oza.net\/index.php?rest_route=\/wp\/v2\/pages\/2056"}],"wp:featuredmedia":[{"embeddable":true,"href":"https:\/\/xn--adal-oza.net\/index.php?rest_route=\/wp\/v2\/media\/6831"}],"wp:attachment":[{"href":"https:\/\/xn--adal-oza.net\/index.php?rest_route=%2Fwp%2Fv2%2Fmedia&parent=2068"}],"curies":[{"name":"wp","href":"https:\/\/api.w.org\/{rel}","templated":true}]}}