{"id":33,"date":"2010-02-02T14:23:50","date_gmt":"2010-02-02T12:23:50","guid":{"rendered":"http:\/\/www.tantug.com\/adali\/?page_id=33"},"modified":"2022-10-31T17:05:25","modified_gmt":"2022-10-31T15:05:25","slug":"akademik","status":"publish","type":"page","link":"https:\/\/xn--adal-oza.net\/?page_id=33","title":{"rendered":"Akademik"},"content":{"rendered":"<ul>\n<li><span style=\"color: #298A08;\">Bu b\u00f6l\u00fcm akademik hayat\u0131mda yapm\u0131\u015f oldu\u011fum \u00e7al\u0131\u015fmalar\u0131 ve bu \u00e7al\u0131\u015fmalarla ilgili yay\u0131nlar\u0131 i\u00e7ermektedir.<\/span><\/li>\n<li><span style=\"color: #298A08;\">Kaynak belirtmek ko\u015fuluyla bu b\u00f6l\u00fcmdeki yay\u0131nlar\u0131 kullanabilirsiniz.<\/span><\/li>\n<\/ul>\n","protected":false},"excerpt":{"rendered":"<p>Bu b\u00f6l\u00fcm akademik hayat\u0131mda yapm\u0131\u015f oldu\u011fum \u00e7al\u0131\u015fmalar\u0131 ve bu \u00e7al\u0131\u015fmalarla ilgili yay\u0131nlar\u0131 i\u00e7ermektedir. Kaynak belirtmek ko\u015fuluyla bu b\u00f6l\u00fcmdeki yay\u0131nlar\u0131 kullanabilirsiniz.<\/p>\n","protected":false},"author":1,"featured_media":0,"parent":0,"menu_order":1,"comment_status":"open","ping_status":"open","template":"","meta":{"footnotes":""},"class_list":["post-33","page","type-page","status-publish","hentry"],"_links":{"self":[{"href":"https:\/\/xn--adal-oza.net\/index.php?rest_route=\/wp\/v2\/pages\/33","targetHints":{"allow":["GET"]}}],"collection":[{"href":"https:\/\/xn--adal-oza.net\/index.php?rest_route=\/wp\/v2\/pages"}],"about":[{"href":"https:\/\/xn--adal-oza.net\/index.php?rest_route=\/wp\/v2\/types\/page"}],"author":[{"embeddable":true,"href":"https:\/\/xn--adal-oza.net\/index.php?rest_route=\/wp\/v2\/users\/1"}],"replies":[{"embeddable":true,"href":"https:\/\/xn--adal-oza.net\/index.php?rest_route=%2Fwp%2Fv2%2Fcomments&post=33"}],"version-history":[{"count":28,"href":"https:\/\/xn--adal-oza.net\/index.php?rest_route=\/wp\/v2\/pages\/33\/revisions"}],"predecessor-version":[{"id":8804,"href":"https:\/\/xn--adal-oza.net\/index.php?rest_route=\/wp\/v2\/pages\/33\/revisions\/8804"}],"wp:attachment":[{"href":"https:\/\/xn--adal-oza.net\/index.php?rest_route=%2Fwp%2Fv2%2Fmedia&parent=33"}],"curies":[{"name":"wp","href":"https:\/\/api.w.org\/{rel}","templated":true}]}}