{"id":4380,"date":"2018-05-24T12:10:28","date_gmt":"2018-05-24T10:10:28","guid":{"rendered":"https:\/\/xn--adal-oza.net\/?page_id=4380"},"modified":"2022-11-01T11:58:54","modified_gmt":"2022-11-01T09:58:54","slug":"thesis","status":"publish","type":"page","link":"https:\/\/xn--adal-oza.net\/?page_id=4380&lang=en","title":{"rendered":"Thesis"},"content":{"rendered":"<p>You will find some graduation reports, Master&#8217;s and Doctoral Thesis that I have supervised in the recent past.<\/p>\n<h3>PhD Thesis<\/h3>\n<ul>\n<li><a href=\"https:\/\/xn--adal-oza.net\/wp-content\/uploads\/2019\/04\/H\u00fcseyin-Tez.pdf\">Combining Classification Algorithms<\/a> Using Dempster&#8217;s Rule of Combination H\u00fcseyin Ayg\u00fcn, 2005<\/li>\n<\/ul>\n<h3>Master Thesis<\/h3>\n<ul>\n<li><a href=\"https:\/\/xn--adal-oza.net\/wp-content\/uploads\/2019\/04\/Ay\u015fe-G\u00dcL-Tez.pdf\">Detection<\/a> of Insider Attacts Using Network Behavour Model Ay\u015fe G\u00fcl, 2018<\/li>\n<li>Machine Learning Approach for <a href=\"https:\/\/xn--adal-oza.net\/wp-content\/uploads\/2019\/04\/Mubarek.pdf\">External Fraud Detection<\/a>, Aji Mubalaike, 2018<\/li>\n<li>Dynamic Security Function for&nbsp; <a href=\"https:\/\/xn--adal-oza.net\/wp-content\/uploads\/2019\/04\/Ak\u0131ll\u0131-Kart.pdf\">Smart Cards<\/a>&nbsp;, Mustafa Ba\u015fak 2010<\/li>\n<li><span style=\"color: initial;\">Weighted Slope one <\/span><a href=\"https:\/\/xn--adal-oza.net\/wp-content\/uploads\/2019\/04\/\u0130\u015fbirlik\u00e7i.pdf\">Collaborative<\/a> Filtering in Multi Site Content Management System<span style=\"color: initial;\">, Z\u00fcbeyde \u00c7ulcuo\u011flu 2010<\/span><\/li>\n<li>Customer Loss Analysis in <a href=\"https:\/\/xn--adal-oza.net\/wp-content\/uploads\/2019\/04\/Kredi-Kart\u0131.pdf\">Credit Cards<\/a> with Data Mining Techniques, <span style=\"text-align: center;\">Tu\u011fba Tosun, 2004 <\/span><\/li>\n<\/ul>\n<h3>BS Thesis<\/h3>\n<ul>\n<li><a href=\"https:\/\/xn--adal-oza.net\/wp-content\/uploads\/2019\/04\/Ecem_SOZERI.pdf\">Churn<\/a> Prediction for Bank Customers \u00d6ng\u00f6r\u00fcs\u00fc Ecem S\u00f6zeri, 2014<\/li>\n<li><span style=\"color: initial;\">A New Method for Message <\/span><a href=\"https:\/\/xn--adal-oza.net\/wp-content\/uploads\/2019\/04\/\u015eifreleme.pdf\">Encryption<\/a> and Android Application<span style=\"color: initial;\">, Arzu \u00c7akmak 2013<\/span><\/li>\n<li>One Time Password, <a href=\"https:\/\/xn--adal-oza.net\/wp-content\/uploads\/2019\/04\/TKP-I.pdf\">TKP -I<\/a> , <a href=\"https:\/\/xn--adal-oza.net\/wp-content\/uploads\/2019\/04\/TKP-II.pdf\">TKP &#8211; II<\/a>, Semih Din\u00e7er 2013<\/li>\n<li><a href=\"https:\/\/xn--adal-oza.net\/wp-content\/uploads\/2022\/11\/Beyza-Bitirme.pdf\">Wearable<\/a> Health Care Monitoring System, Beyza \u00c7izmeci, 2013<\/li>\n<li>Credit Card <a href=\"https:\/\/xn--adal-oza.net\/wp-content\/uploads\/2022\/11\/Busra-Bitirme.pdf\">Fraud<\/a> Detection Methods B\u00fc\u015fra Adal\u0131, 2012<\/li>\n<li>General Purpose Mobile Robot (TUCATU) ,<a href=\"https:\/\/xn--adal-oza.net\/wp-content\/uploads\/2019\/04\/Tucatu-I.pdf\">Tucatu-I<\/a>, <a href=\"https:\/\/xn--adal-oza.net\/wp-content\/uploads\/2019\/04\/Tucatu-II.pdf\">Tucatu-II<\/a> Tuba G\u00fcm\u00fc\u015f, 2004<\/li>\n<\/ul>\n","protected":false},"excerpt":{"rendered":"<p>You will find some graduation reports, Master&#8217;s and Doctoral Thesis that I have supervised in the recent past. PhD Thesis Combining Classification Algorithms Using Dempster&#8217;s Rule of Combination H\u00fcseyin Ayg\u00fcn, 2005 Master Thesis Detection of Insider Attacts Using Network Behavour Model Ay\u015fe G\u00fcl, 2018 Machine Learning Approach for External Fraud Detection, Aji Mubalaike, 2018 Dynamic &hellip; <\/p>\n<p class=\"link-more\"><a href=\"https:\/\/xn--adal-oza.net\/?page_id=4380&#038;lang=en\" class=\"more-link\">Okumaya devam et<span class=\"screen-reader-text\"> &#8220;Thesis&#8221;<\/span><\/a><\/p>\n","protected":false},"author":1,"featured_media":0,"parent":0,"menu_order":0,"comment_status":"open","ping_status":"open","template":"","meta":{"footnotes":""},"class_list":["post-4380","page","type-page","status-publish","hentry"],"_links":{"self":[{"href":"https:\/\/xn--adal-oza.net\/index.php?rest_route=\/wp\/v2\/pages\/4380","targetHints":{"allow":["GET"]}}],"collection":[{"href":"https:\/\/xn--adal-oza.net\/index.php?rest_route=\/wp\/v2\/pages"}],"about":[{"href":"https:\/\/xn--adal-oza.net\/index.php?rest_route=\/wp\/v2\/types\/page"}],"author":[{"embeddable":true,"href":"https:\/\/xn--adal-oza.net\/index.php?rest_route=\/wp\/v2\/users\/1"}],"replies":[{"embeddable":true,"href":"https:\/\/xn--adal-oza.net\/index.php?rest_route=%2Fwp%2Fv2%2Fcomments&post=4380"}],"version-history":[{"count":15,"href":"https:\/\/xn--adal-oza.net\/index.php?rest_route=\/wp\/v2\/pages\/4380\/revisions"}],"predecessor-version":[{"id":9023,"href":"https:\/\/xn--adal-oza.net\/index.php?rest_route=\/wp\/v2\/pages\/4380\/revisions\/9023"}],"wp:attachment":[{"href":"https:\/\/xn--adal-oza.net\/index.php?rest_route=%2Fwp%2Fv2%2Fmedia&parent=4380"}],"curies":[{"name":"wp","href":"https:\/\/api.w.org\/{rel}","templated":true}]}}