{"id":4385,"date":"2018-05-24T12:12:07","date_gmt":"2018-05-24T10:12:07","guid":{"rendered":"https:\/\/xn--adal-oza.net\/?page_id=4385"},"modified":"2024-03-05T16:31:30","modified_gmt":"2024-03-05T14:31:30","slug":"books","status":"publish","type":"page","link":"https:\/\/xn--adal-oza.net\/?page_id=4385&lang=en","title":{"rendered":"Books"},"content":{"rendered":"<h3><strong>Mikroi\u015flemciler Mikrobilgisayarlar (Microprocessors Microcomputers)<\/strong><\/h3>\n<table style=\"height: 462px;\" width=\"634\">\n<tbody>\n<tr>\n<td>\n<h3><a href=\"https:\/\/xn--adal-oza.net\/?attachment_id=3777\" rel=\"attachment wp-att-3777\"><img loading=\"lazy\" decoding=\"async\" class=\"alignleft wp-image-3777 size-medium\" src=\"https:\/\/xn--adal-oza.net\/wp-content\/uploads\/2018\/04\/Kapak-web-289x300.jpg\" alt=\"\" width=\"289\" height=\"300\" srcset=\"https:\/\/xn--adal-oza.net\/wp-content\/uploads\/2018\/04\/Kapak-web-289x300.jpg 289w, https:\/\/xn--adal-oza.net\/wp-content\/uploads\/2018\/04\/Kapak-web-768x797.jpg 768w, https:\/\/xn--adal-oza.net\/wp-content\/uploads\/2018\/04\/Kapak-web-987x1024.jpg 987w\" sizes=\"auto, (max-width: 289px) 100vw, 289px\" \/><\/a><\/h3>\n<\/td>\n<td>I &#8211; Introduction<br \/>\nII &#8211; Number Systems<br \/>\nIII &#8211; Basic Logic Elements<br \/>\nIV &#8211; Computer Organization<br \/>\nV &#8211; Memory<br \/>\nVI &#8211; Central Processing Unit<br \/>\nVII &#8211; Addressing Methods and Op-Codes<br \/>\nVIII &#8211; Generic CPU<br \/>\nIX &#8211; Input\/Output Interfaces<br \/>\nX &#8211; Subprogram, Interrupt and Stack<br \/>\nXI &#8211; Programming<br \/>\nXII &#8211; How Computer Works<br \/>\nXIII &#8211; Microprocessor Based Sistem Development<br \/>\nXIV &#8211; Motorola MC6800 Family<br \/>\nXV &#8211; Intel\u00a0 8080 Family<br \/>\nXVI &#8211; MC68000 Family<br \/>\nXVII &#8211; Microcontrollers<br \/>\nXVIII &#8211; MC68HC08 Microcontroller Family<br \/>\nXIX &#8211; MikBil<\/td>\n<\/tr>\n<\/tbody>\n<\/table>\n<h3><strong>Mikrobilgisayar Temelli Ger\u00e7ek Zaman Dizgeleri (Microcontroller Based Real Time Systems)<\/strong><\/h3>\n<table style=\"height: 391px;\" width=\"614\">\n<tbody>\n<tr>\n<td>\n<h3><a href=\"https:\/\/xn--adal-oza.net\/?attachment_id=3778\" rel=\"attachment wp-att-3778\"><img loading=\"lazy\" decoding=\"async\" class=\"alignleft wp-image-3778 size-medium\" src=\"https:\/\/xn--adal-oza.net\/wp-content\/uploads\/2018\/04\/GZS-W-285x300.jpg\" alt=\"\" width=\"285\" height=\"300\" srcset=\"https:\/\/xn--adal-oza.net\/wp-content\/uploads\/2018\/04\/GZS-W-285x300.jpg 285w, https:\/\/xn--adal-oza.net\/wp-content\/uploads\/2018\/04\/GZS-W.jpg 300w\" sizes=\"auto, (max-width: 285px) 100vw, 285px\" \/><\/a><\/h3>\n<\/td>\n<td>I- Introduction<br \/>\nII &#8211; General Concepts<br \/>\nIII &#8211; Microprocessors<br \/>\nIV &#8211; Sensors<br \/>\nV &#8211; Adaptation<br \/>\nVI &#8211; DAC, ADC, S\/H<br \/>\nVII &#8211; Data Aquisition<br \/>\nVIII &#8211; Analog Signals<br \/>\nIX &#8211; Digital\u00a0Signals<br \/>\nX &#8211; Design<br \/>\nXI &#8211; Microcontrollers<br \/>\nXII &#8211; Real Time Programming<br \/>\nXIII &#8211; Input\/Output Interfaces<br \/>\nXIV &#8211; User Interfaces<br \/>\nXV &#8211; Security<br \/>\nXVI &#8211; Networks<\/td>\n<\/tr>\n<\/tbody>\n<\/table>\n<h3><strong>Bilgisayar ve Bilgi G\u00fcvenli\u011fi ve Y\u00f6netimi (Computer and Data Security and Management)<\/strong><\/h3>\n<table style=\"height: 368px;\" width=\"614\">\n<tbody>\n<tr>\n<td>\n<h3><a href=\"https:\/\/xn--adal-oza.net\/?attachment_id=3782\" rel=\"attachment wp-att-3782\"><img loading=\"lazy\" decoding=\"async\" class=\"alignleft wp-image-3782 size-medium\" src=\"https:\/\/xn--adal-oza.net\/wp-content\/uploads\/2018\/04\/Kapak-258x300.jpg\" alt=\"\" width=\"258\" height=\"300\" srcset=\"https:\/\/xn--adal-oza.net\/wp-content\/uploads\/2018\/04\/Kapak-258x300.jpg 258w, https:\/\/xn--adal-oza.net\/wp-content\/uploads\/2018\/04\/Kapak-768x892.jpg 768w, https:\/\/xn--adal-oza.net\/wp-content\/uploads\/2018\/04\/Kapak-882x1024.jpg 882w\" sizes=\"auto, (max-width: 258px) 100vw, 258px\" \/><\/a><\/h3>\n<\/td>\n<td>I- Introduction<br \/>\nII &#8211; Computer and Information Security<br \/>\nIII &#8211; Identity and Authentication<br \/>\nIV &#8211; Access Control<br \/>\nV &#8211; Corporate Security<br \/>\nVI &#8211; Infrastructure Security<br \/>\nVII &#8211; Evaluating Security<br \/>\nVIII &#8211; Encryption Methods<br \/>\nIX &#8211; Authentication in Distributed Systems<br \/>\nX &#8211; Security in Computer Networks<br \/>\nXI &#8211; Software Security<br \/>\nXII &#8211; Information Security Management<br \/>\nXIII &#8211; Security in Mobile Systems<br \/>\nXIV &#8211; Informatics Law<br \/>\nXV &#8211; Informatics Forensic<\/td>\n<\/tr>\n<\/tbody>\n<\/table>\n<h3><\/h3>\n<h3><strong>Bili\u015fim Eti\u011fi ve Hukuku (IT Ethics and Law)<\/strong><\/h3>\n<table style=\"height: 370px;\" width=\"614\">\n<tbody>\n<tr>\n<td><a href=\"https:\/\/xn--adal-oza.net\/wp-content\/uploads\/2020\/10\/D\u0131\u015f-kapak-\u00f6n.pdf\"><img loading=\"lazy\" decoding=\"async\" class=\"alignleft wp-image-3784 size-medium\" src=\"https:\/\/xn--adal-oza.net\/wp-content\/uploads\/2018\/04\/Kapak-1-300x292.jpg\" alt=\"\" width=\"300\" height=\"292\" srcset=\"https:\/\/xn--adal-oza.net\/wp-content\/uploads\/2018\/04\/Kapak-1-300x292.jpg 300w, https:\/\/xn--adal-oza.net\/wp-content\/uploads\/2018\/04\/Kapak-1-768x748.jpg 768w, https:\/\/xn--adal-oza.net\/wp-content\/uploads\/2018\/04\/Kapak-1-1024x998.jpg 1024w, https:\/\/xn--adal-oza.net\/wp-content\/uploads\/2018\/04\/Kapak-1.jpg 1654w\" sizes=\"auto, (max-width: 300px) 100vw, 300px\" \/><\/a><\/td>\n<td>I-Introduction<br \/>\nII-Morals and Ethics<br \/>\nIII-Crimes Committed in the Field of Information Technology<br \/>\nIV-Privacy<br \/>\nV &#8211; Freedom of Expression<br \/>\nVI &#8211; Intellectual and Artistic Works<br \/>\nVII &#8211; Design and Development of Information System<br \/>\nVIII &#8211; Professional and Engineering Ethics<br \/>\nIX &#8211; Corporate Ethics<br \/>\nX &#8211; Education, Research and Publication Ethics<br \/>\nXI &#8211; Ethics in Social Networks<br \/>\nXII &#8211; Ethics in e-Commerce<br \/>\nXIII &#8211; IT Law<br \/>\nXIV &#8211; Laws<\/td>\n<\/tr>\n<\/tbody>\n<\/table>\n<h3><strong>T\u00fcrk\u00e7e Do\u011fal Dil \u0130\u015fleme (Natural Language Processing for Turkish)<\/strong><\/h3>\n<table style=\"height: 368px;\" width=\"614\">\n<tbody>\n<tr>\n<td>\n<h3><a href=\"https:\/\/xn--adal-oza.net\/?attachment_id=8234\" rel=\"attachment wp-att-3782\"><img loading=\"lazy\" decoding=\"async\" class=\"alignleft wp-image-8234 size-full\" src=\"https:\/\/xn--adal-oza.net\/wp-content\/uploads\/2020\/10\/DDI-Dis-kapak-on.jpg\" alt=\"\" width=\"240\" height=\"776\" \/><\/a><\/h3>\n<\/td>\n<td>I- Introduction<br \/>\nII &#8211; Language<br \/>\nII- Presentation<br \/>\nIII &#8211; Phonology<br \/>\nIV &#8211; Brune<br \/>\nV &#8211; Morphology<br \/>\nVI &#8211; Syntax<br \/>\nVII &#8211; Semantics<br \/>\nVIII &#8211; Discours Knowledge<br \/>\nIX &#8211; Pragmatics<br \/>\nX &#8211; Translation<br \/>\nXI &#8211; Question Answering<br \/>\nXII &#8211; Correcting Spelling Mistakes<br \/>\nXIII &#8211; Advanced Find and Replace<br \/>\nXIV &#8211; Determination of Sentence Elements<br \/>\nXV &#8211; Text Labeling<br \/>\nXVI &#8211; Elimination of Word Ambiguity<br \/>\nXVII &#8211; Syster Language Translation<br \/>\nXVIII &#8211; Speech Disorder<br \/>\nXIX &#8211; Semantic Task Analysis of Turkish<\/td>\n<\/tr>\n<\/tbody>\n<\/table>\n<p>ISBN\u00a0 97860553425519<\/p>\n<h3><strong>T\u00fcrk\u00e7enin Mant\u0131\u011f\u0131 (The Logic of Turkish)<\/strong><\/h3>\n<table style=\"height: 823px;\" width=\"677\">\n<tbody>\n<tr>\n<td>\n<h3><a href=\"https:\/\/xn--adal-oza.net\/?attachment_id=9174\" rel=\"attachment wp-att-9174\"><img loading=\"lazy\" decoding=\"async\" class=\"alignleft wp-image-9174 size-full\" src=\"https:\/\/xn--adal-oza.net\/wp-content\/uploads\/2024\/01\/Turkcenin-Mantigi.jpg\" alt=\"\" width=\"289\" height=\"300\" \/><\/a><\/h3>\n<\/td>\n<td><strong>Language<\/strong><br \/>\n<strong>Phonetic Features of Turkish<\/strong><br \/>\n\u2013 Vowel and Consonant Rules and Algorithms and Programs<br \/>\n\u2013 Softening of Discontinuous Hard Consonants<br \/>\n\u2013 Syllable Structure of Turkish<br \/>\n\u2013 Hyphenation Algorithm and program<br \/>\n\u2013 Evaluation on Turkish Phonology<br \/>\n\u2013 The Ability of Turkish to Derive Root Words<br \/>\n\u2013 Comparison of the Phonetic Features of Turkish with Other Languages<br \/>\n<strong>Morphological Features of Turkish<\/strong><br \/>\n\u2013 Suffixes<br \/>\n\u2013 Case Suffixes<br \/>\n\u2013 Verbs<br \/>\n\u2013 Logical Relations Regarding the Tenses of Indicative Modals<br \/>\n\u2013 Program for Verb Conjugation<br \/>\n\u2013 Construction Supplements<br \/>\n\u2013 Derivative Suffixes of Turkish<br \/>\n\u2013 Meanings Gained by Derivative Suffixes<br \/>\n\u2013 Method of Adding Derivational Suffixes to Words<br \/>\n\u2013 Derivative Suffixes Classified According to Their Meanings<br \/>\n\u2013 Evaluating the Morphological Features of Turkish<br \/>\n\u2013 Comparison of Morphological Features of Turkish with Other Languages<br \/>\n<strong>Syntax<\/strong><br \/>\n\u2013 Traditional Approach to Syntax<br \/>\n\u2013 Semantic Classes of Sentences<br \/>\n\u2013 Compound Sentences<br \/>\n\u2013 Current Approach<br \/>\n\u2013 Context-Free Grammar<br \/>\n\u2013 Turkish Sentence Structures<br \/>\n\u2013 Evaluation of Turkish Syntax Features<br \/>\n\u2013 Comparison of Syntax Features of Turkish with Other Languages<br \/>\n<strong>Sentence Creation<\/strong><br \/>\n\u2013 Components of the Sentence<br \/>\n\u2013 Sentence Creation Program<\/td>\n<\/tr>\n<\/tbody>\n<\/table>\n<p>The Logic of Turkish book is published and distributed by the Academic Informatics Foundation.\u00a0 web:\u00a0 akademikbilisimvakfi.org.tr\u00a0 \u00a0 e-mail:\u00a0 akademik.bilisim.vakfi@gmail.com<\/p>\n<p>ISBN\u00a0 <strong>978-625-98700-0-7<\/strong><\/p>\n<p>You can access the <strong><a href=\"https:\/\/xn--adal-oza.net\/wp-content\/uploads\/2024\/03\/The-Logic-of-Turkish.pdf\">presentation<\/a> <\/strong>of the book here or page NLP Resources<\/p>\n<h3><strong>\u0130T\u00dc Radio and Television (\u0130T\u00dc Radio and TV)<\/strong><\/h3>\n<table style=\"height: 368px;\" width=\"614\">\n<tbody>\n<tr>\n<td>\n<h3><a href=\"https:\/\/xn--adal-oza.net\/?attachment_id=9289\" rel=\"attachment wp-att-9289\"><img loading=\"lazy\" decoding=\"async\" class=\"alignleft wp-image-9289 size-full\" src=\"https:\/\/xn--adal-oza.net\/wp-content\/uploads\/2024\/02\/IMG-20240202-WA0012.jpg\" alt=\"\" width=\"289\" height=\"300\" \/><\/a><\/h3>\n<\/td>\n<td><strong>I- Introduction<\/strong><br \/>\n<strong>II &#8211; \u0130T\u00dc Radio<\/strong><br \/>\n&#8211; G\u00fcm\u00fc\u015fsuyu and Ta\u015fk\u0131\u015fla Period<br \/>\n&#8211; Ma\u00e7ka Period<br \/>\n&#8211; Maslak Period<br \/>\n<strong>III- \u0130T\u00dc TV<\/strong><br \/>\n&#8211; Ta\u015fk\u0131\u015fla Period<br \/>\n&#8211; Ma\u00e7ka Period<br \/>\n<strong>IV- Memories<\/strong><\/td>\n<\/tr>\n<\/tbody>\n<\/table>\n<p>978-975-561-543-1<\/p>\n<h3><strong>\u00c7a\u011fda\u015f T\u00fcrk\u00e7enin S\u0131kl\u0131k S\u00f6zl\u00fc\u011f\u00fc (Frequency Dictionary of Contemporary Turkish)<\/strong><\/h3>\n<table style=\"height: 368px;\" width=\"614\">\n<tbody>\n<tr>\n<td>\n<h3><a href=\"https:\/\/xn--adal-oza.net\/?attachment_id=8238\" rel=\"attachment wp-att-3782\"><img loading=\"lazy\" decoding=\"async\" class=\"alignleft wp-image-8238 size-full\" src=\"https:\/\/xn--adal-oza.net\/wp-content\/uploads\/2020\/10\/Cagdas.jpg\" alt=\"\" width=\"260\" height=\"829\" \/><\/a><\/h3>\n<\/td>\n<td>I- Foreword<br \/>\n&#8211; The Dictionary&#8217;s Text Set and Vocabulary- How the Dictionary is PreparedII &#8211; Part One<br \/>\n&#8211; Frequency Dictionary of Contemporary Turkish<br \/>\n&#8211; Idiom and Dual Usage FeaturesIII &#8211; Part Two<br \/>\n&#8211; Frequency Numbers and Order of Use of Words in Alphabetical Orde<\/td>\n<\/tr>\n<\/tbody>\n<\/table>\n<p>ISBN 9786051557472<\/p>\n<h3><strong>G\u00f6ller B\u00f6lgesi (Lake District)<\/strong><\/h3>\n<table style=\"height: 648px;\" width=\"611\">\n<tbody>\n<tr>\n<td>\n<h3><a href=\"https:\/\/xn--adal-oza.net\/?attachment_id=8503\" rel=\"attachment wp-att-3782\"><img loading=\"lazy\" decoding=\"async\" class=\"alignleft wp-image-8503 \" src=\"https:\/\/xn--adal-oza.net\/wp-content\/uploads\/2021\/04\/G\u00f6ller-B\u00f6lgesi-Kapak-\u00d6n.jpg\" alt=\"\" width=\"390\" height=\"534\" srcset=\"https:\/\/xn--adal-oza.net\/wp-content\/uploads\/2021\/04\/G\u00f6ller-B\u00f6lgesi-Kapak-\u00d6n.jpg 494w, https:\/\/xn--adal-oza.net\/wp-content\/uploads\/2021\/04\/G\u00f6ller-B\u00f6lgesi-Kapak-\u00d6n-220x300.jpg 220w\" sizes=\"auto, (max-width: 390px) 100vw, 390px\" \/><\/a><\/h3>\n<\/td>\n<td>1- Foreword<br \/>\n2-Nature<br \/>\n3- History of the Region<br \/>\n4- Architectural Features<br \/>\n5- Places to See<br \/>\n6- Different Events<br \/>\n7- Tradition, Customs<br \/>\n8- Local Language<br \/>\n9- Meals<br \/>\n10- Economy<\/td>\n<\/tr>\n<\/tbody>\n<\/table>\n","protected":false},"excerpt":{"rendered":"<p>Mikroi\u015flemciler Mikrobilgisayarlar (Microprocessors Microcomputers) I &#8211; Introduction II &#8211; Number Systems III &#8211; Basic Logic Elements IV &#8211; Computer Organization V &#8211; Memory VI &#8211; Central Processing Unit VII &#8211; Addressing Methods and Op-Codes VIII &#8211; Generic CPU IX &#8211; Input\/Output Interfaces X &#8211; Subprogram, Interrupt and Stack XI &#8211; Programming XII &#8211; How Computer &hellip; <\/p>\n<p class=\"link-more\"><a href=\"https:\/\/xn--adal-oza.net\/?page_id=4385&#038;lang=en\" class=\"more-link\">Okumaya devam et<span class=\"screen-reader-text\"> &#8220;Books&#8221;<\/span><\/a><\/p>\n","protected":false},"author":1,"featured_media":0,"parent":0,"menu_order":0,"comment_status":"open","ping_status":"open","template":"","meta":{"footnotes":""},"class_list":["post-4385","page","type-page","status-publish","hentry"],"_links":{"self":[{"href":"https:\/\/xn--adal-oza.net\/index.php?rest_route=\/wp\/v2\/pages\/4385","targetHints":{"allow":["GET"]}}],"collection":[{"href":"https:\/\/xn--adal-oza.net\/index.php?rest_route=\/wp\/v2\/pages"}],"about":[{"href":"https:\/\/xn--adal-oza.net\/index.php?rest_route=\/wp\/v2\/types\/page"}],"author":[{"embeddable":true,"href":"https:\/\/xn--adal-oza.net\/index.php?rest_route=\/wp\/v2\/users\/1"}],"replies":[{"embeddable":true,"href":"https:\/\/xn--adal-oza.net\/index.php?rest_route=%2Fwp%2Fv2%2Fcomments&post=4385"}],"version-history":[{"count":37,"href":"https:\/\/xn--adal-oza.net\/index.php?rest_route=\/wp\/v2\/pages\/4385\/revisions"}],"predecessor-version":[{"id":9319,"href":"https:\/\/xn--adal-oza.net\/index.php?rest_route=\/wp\/v2\/pages\/4385\/revisions\/9319"}],"wp:attachment":[{"href":"https:\/\/xn--adal-oza.net\/index.php?rest_route=%2Fwp%2Fv2%2Fmedia&parent=4385"}],"curies":[{"name":"wp","href":"https:\/\/api.w.org\/{rel}","templated":true}]}}