{"id":4465,"date":"2018-05-25T16:18:44","date_gmt":"2018-05-25T14:18:44","guid":{"rendered":"https:\/\/xn--adal-oza.net\/?page_id=4465"},"modified":"2022-10-31T21:02:25","modified_gmt":"2022-10-31T19:02:25","slug":"notifications-articles","status":"publish","type":"page","link":"https:\/\/xn--adal-oza.net\/?page_id=4465&lang=en","title":{"rendered":"Papers \/ Articles"},"content":{"rendered":"<h2><span style=\"color: #ff0000;\">Papers and articles published in the field of Natural Language Processing<\/span><\/h2>\n<ul>\n<li>Sentetik T\u00fcrk\u00e7e S\u00f6zc\u00fck K\u00f6kleri \u00dcretimi 2003 [Cebiroglu G., Tantu\u011f C., Erenler Y], <a href=\"https:\/\/xn--adal-oza.net\/wp-content\/uploads\/2012\/10\/Sentetik-T\u00fcrk\u00e7e-S\u00f6zc\u00fck-K\u00f6klerinin-\u00dcretimi1.pdf\">Sentetik T\u00fcrk\u00e7e<\/a><\/li>\n<\/ul>\n<ul>\n<li>Synthetic Turkish Word Root Generation 2003 [G\u00fcl\u015fen Cebiro\u011flu , C\u00fcneyd Tantu\u011f]<\/li>\n<\/ul>\n<ul>\n<li>An Aff\u0131x Stripping Morphological Analyzer For Turkish 2004 [G\u00fcl\u015fen Cebiroglu]<\/li>\n<\/ul>\n<ul>\n<li>An Aff\u0131x Stripping Morphological Analyzer For Turkish, 2004 [G\u00fcl\u015fen Cebiro\u011flu]<\/li>\n<\/ul>\n<ul>\n<li>Performance Analysis of N\u00e4ive Bayes Classification , Support Vector Machines and Neural Networks For Spam Categorization , 2004 [G\u00fcl\u015fen Cebiro\u011flu]<\/li>\n<\/ul>\n<ul>\n<li>Probabilistic Turkish Word Root Generation, 2004 [G\u00fcl\u015fen Cebiro\u011flu], <a href=\"https:\/\/xn--adal-oza.net\/wp-content\/uploads\/2012\/10\/Probabilistic-Turkish-Word-Root-Generation3.pdf\">Probabilistic<\/a><\/li>\n<\/ul>\n<ul>\n<li>Generating Java Class Skeleton Using A Natural Language Interface&#8221;, \u00a02004 [G\u00fcl\u015fen Cebiro\u011flu]<\/li>\n<\/ul>\n<ul>\n<li>Yaramaz e-Postalar\u0131n S\u00fcz\u00fclmesinde, Karar Destek Makineleri, Naive Bayes ve Bellek Tabanl\u0131 \u00d6\u011frenme Y\u00f6ntemlerinin Kar\u015f\u0131la\u015ft\u0131r\u0131lmas\u0131, 2005 [G\u00fcl\u015fen Cebiro\u011flu,\u00a0 C\u00fcneyd Tantu\u011f]<\/li>\n<\/ul>\n<ul>\n<li>A Comparison of Support Vector Machines, Memory-Based and Na\u00efve Bayes Techniques On Spam Recognition, \u00a02005, [G\u00fcl\u015fen Cebiro\u011flu]<\/li>\n<\/ul>\n<ul>\n<li>The incremental use of morphological information and lexicalization in data-driven dependency parsing 2006, [G\u00fcl\u015fen Cebiro\u011flu]<\/li>\n<\/ul>\n<ul>\n<li>Uygucada Bi\u00e7imbilimsel Belirsizlik. 2010. \u00a0[Orhun M. Tantu\u011f A.C. ]<\/li>\n<\/ul>\n<ul>\n<li>Computational Researches about Uyghur Language,\u00a0Comparative Linguistics in the Ural and Altaic Families, 2010\u00a0 [Orhun M. Tantu\u011f A.C. ]<\/li>\n<\/ul>\n<ul>\n<li>Uygurcadan T\u00fcrk\u00e7eye Bilgisayarl\u0131 \u00e7eviri,\u00a0\u0130stanbul Teknik \u00dcniversitesi Dergisi\u00a02010<\/li>\n<\/ul>\n<ul>\n<li>Yetkin Bul De\u011fi\u015ftir, \u00a02010 [\u015eent\u00fcrk F.], <a href=\"https:\/\/xn--adal-oza.net\/wp-content\/uploads\/2012\/10\/Yetkin-bul-degistir-A-9.doc\">Yetkin<\/a><\/li>\n<\/ul>\n<ul>\n<li>Constituent Analysis of Turkish, \u00a02013 [Co\u015fkun, N.]<\/li>\n<\/ul>\n<ul>\n<li>Experiences of Turks With Latin Alphabet\u201d, International Conference on Computer processing of Turkic Languages and latinization of writing (TurkLang), 2013, <a href=\"https:\/\/xn--adal-oza.net\/wp-content\/uploads\/2012\/10\/Experiences-of-Turks-with-Latin-Alphabet-B.pdf\">Latin<\/a><\/li>\n<\/ul>\n<ul>\n<li>T\u00fcrk\u00e7e C\u00fcmlelerin Kural Tabanl\u0131 Ba\u011fl\u0131l\u0131k Analizi 2006 [G. Cebirolu, K. Oflazer], <a href=\"https:\/\/xn--adal-oza.net\/wp-content\/uploads\/2012\/10\/T\u00fcrk\u00e7e-C\u00fcmlelerin-Kural-Tabanl\u0131-Ba\u011fl\u0131l\u0131k-Analizi1.pdf\">Ba\u011fl\u0131l\u0131k Analizi<\/a><\/li>\n<\/ul>\n<ul>\n<li>Lexical Ambiguity Resolution for Turkish in Direct Transfer Machine Translation Models, 2006, [C\u00fcneyd Tantu\u011f, Kelmal Oflazer], <a href=\"https:\/\/xn--adal-oza.net\/wp-content\/uploads\/2012\/10\/Lexical-Ambiguity-Resolution-for-Turkish-in-Direct.pdf\">Lexical Ambiguity<\/a><\/li>\n<\/ul>\n<ul>\n<li>Computer Analysis of The Turkmen Language Morpholog,y 2006[C\u00fcneyd Tantu\u011f, Kelmal Oflazer], <a href=\"https:\/\/xn--adal-oza.net\/wp-content\/uploads\/2012\/10\/Computer-Analysis-of-The-Turkmen-Language.pdf\">Turkmen Language<\/a><\/li>\n<\/ul>\n<ul>\n<li>A Prototype Machine Translation System Between Turkmen and Turkish, 2006,[C\u00fcneyd Tantu\u011f, Kelmal Oflazer], <a href=\"https:\/\/xn--adal-oza.net\/wp-content\/uploads\/2012\/10\/A-Prototype-Machine-Translation-System-Between-Turkmen-and-Turkish1.pdf\">A Prototype Machine Translation System Between Turkmen and Turkish<\/a><\/li>\n<\/ul>\n<ul>\n<li>A MT System from Turkmen to Turkish Employing Finite State and Statistical Methods, 2007 , [ C\u00fcneyd Tantu\u011f, Kelmal Oflazer], <a href=\"https:\/\/xn--adal-oza.net\/wp-content\/uploads\/2012\/10\/A-MT-System-from-Turkmen-to-Turkish-Employing-Finite-State-and-Statistical-Methods1.pdf\">A MT System<\/a><\/li>\n<\/ul>\n<ul>\n<li>Machine Translation between Turkic Languages\u201d, 2007 , [ C\u00fcneyd Tantu\u011f, Kelmal Oflazer], <a href=\"https:\/\/xn--adal-oza.net\/wp-content\/uploads\/2012\/10\/Machine-Translation-between-Turkic-Languages.pdf\">Machine Translation<\/a><\/li>\n<\/ul>\n<ul>\n<li>Machine Translation and Uygur Language 2008, [M. Orhun]<\/li>\n<\/ul>\n<ul>\n<li>T\u00fcrkmenceden T\u00fcrk\u00e7eye Bilgisayarl\u0131 Metin \u00c7evirisi, 2008, [C\u00fcneyd Tantu\u011f]<\/li>\n<\/ul>\n<ul>\n<li>Rule Based Analysis of the Uyghur Nouns, 2008. [Murat Orhun, C\u00fcneyd Tantu\u011f<\/li>\n<\/ul>\n<ul>\n<li>Uygur Dili ve Makineli \u00c7evir&#8221;, 2008 [Murat Orhun, C\u00fcneyd Tantu\u011f]<\/li>\n<\/ul>\n<ul>\n<li>Rule Based Analysis of the Uyghur Nouns 2009, [C\u00fcneyd Tantu\u011f]<\/li>\n<\/ul>\n<ul>\n<li>Computational Comparison of the Uyghur and Turkish Grammar, 2009 [Murat Orhun, C\u00fcneyd Tantu\u011f, Co\u015fkun S\u00f6nmez]<\/li>\n<\/ul>\n<ul>\n<li>Machine Translation Between Turkic Languages 2009 .[Murat Orhun, C\u00fcneyd Tantu\u011f, Co\u015fkun S\u00f6nmez]<\/li>\n<\/ul>\n<ul>\n<li>Rule Based Tagging of the Uyghur Verbs, 2009. [Murat Orhun, C\u00fcneyd Tantu\u011f]<\/li>\n<\/ul>\n<ul>\n<li>Rule Based Analysis of the Uyghur Nouns. \u00a02009 [Murat Orhun, C\u00fcneyd Tantu\u011f]<\/li>\n<\/ul>\n<ul>\n<li>Rule Based Tagging of the Uyghur Verbs.2009.\u00a0[Orhun M. Tantu\u011f A.C. ]<\/li>\n<\/ul>\n<ul>\n<li>Rule Based Analysis of the Uyghur Nouns, 2009. [Orhun M. Tantu\u011f A.C. ]<\/li>\n<\/ul>\n<ul>\n<li>Morphological Disambiguation Rules for Uyghur Language, \u00a02010,[Orhun M. Tantu\u011f A.C. ]<\/li>\n<\/ul>\n<ul>\n<li>The Impact of Collocational Features in Turkish Word Sense Disambiguation, 2012 [\u0130lgen B. Tantu\u011f A.C. ]<\/li>\n<\/ul>\n<ul>\n<li>Disambiguating Main POS tags fot Turkish, Rocling, 2012, \u00a0[Ehsani, R. Alper, M.E., Eryi\u011fit, G. ]<\/li>\n<\/ul>\n<ul>\n<li>Ko\u015fullu Rastgele Alanlar ile T\u00fcrk\u00e7e Haber Metinlerinin Etiketlenmesi 2013 [Kazk\u0131l\u0131\u00e7 S,], <a href=\"https:\/\/xn--adal-oza.net\/wp-content\/uploads\/2012\/10\/2-Ko\u015fullu-Rastgele-Alanlar.pdf\">Ko\u015fullu Rastgele Alanlar<\/a><\/li>\n<\/ul>\n<ul>\n<li>Labeling Turkish News Stories with CRF 2013, [Kazk\u0131l\u0131\u00e7 S,], <a href=\"https:\/\/xn--adal-oza.net\/wp-content\/uploads\/2012\/10\/LABELING_TURKISH_NEWS_STORIES_WITH_CRF.pptx\">Labeling<\/a><\/li>\n<\/ul>\n<ul>\n<li>Do\u011fal Dil \u0130\u015fleme -Natural Language Processing. Say\u0131 2013, <a href=\"https:\/\/xn--adal-oza.net\/wp-content\/uploads\/2012\/10\/b-DD\u0130-Genel-EA.pdf\">DD\u0130<\/a><\/li>\n<\/ul>\n<ul>\n<li>A comparative Study to Determine the Effective Window Size of Turkish Word Sens Disambiguation Systems, \u00a02013, \u00a0[\u0130lgen, B, Tantu\u011f, A.C. ]<\/li>\n<\/ul>\n<ul>\n<li>Turks&#8217; Experinces with the Latin Alphabet, 2013 <a href=\"https:\/\/xn--adal-oza.net\/wp-content\/uploads\/2012\/10\/TURKS-EXPERIENCES-WITH1.pdf\">Turks&#8217; Experiences ppt<\/a> ,\u00a0 <a href=\"https:\/\/xn--adal-oza.net\/wp-content\/uploads\/2012\/10\/Experiences-of-Turks-with-Latin-Alphabet-B1.pdf\">Experiences of Turks<\/a><\/li>\n<\/ul>\n","protected":false},"excerpt":{"rendered":"<p>Papers and articles published in the field of Natural Language Processing Sentetik T\u00fcrk\u00e7e S\u00f6zc\u00fck K\u00f6kleri \u00dcretimi 2003 [Cebiroglu G., Tantu\u011f C., Erenler Y], Sentetik T\u00fcrk\u00e7e Synthetic Turkish Word Root Generation 2003 [G\u00fcl\u015fen Cebiro\u011flu , C\u00fcneyd Tantu\u011f] An Aff\u0131x Stripping Morphological Analyzer For Turkish 2004 [G\u00fcl\u015fen Cebiroglu] An Aff\u0131x Stripping Morphological Analyzer For Turkish, 2004 [G\u00fcl\u015fen &hellip; <\/p>\n<p class=\"link-more\"><a href=\"https:\/\/xn--adal-oza.net\/?page_id=4465&#038;lang=en\" class=\"more-link\">Okumaya devam et<span class=\"screen-reader-text\"> &#8220;Papers \/ Articles&#8221;<\/span><\/a><\/p>\n","protected":false},"author":1,"featured_media":0,"parent":4461,"menu_order":0,"comment_status":"open","ping_status":"open","template":"","meta":{"footnotes":""},"class_list":["post-4465","page","type-page","status-publish","hentry"],"_links":{"self":[{"href":"https:\/\/xn--adal-oza.net\/index.php?rest_route=\/wp\/v2\/pages\/4465","targetHints":{"allow":["GET"]}}],"collection":[{"href":"https:\/\/xn--adal-oza.net\/index.php?rest_route=\/wp\/v2\/pages"}],"about":[{"href":"https:\/\/xn--adal-oza.net\/index.php?rest_route=\/wp\/v2\/types\/page"}],"author":[{"embeddable":true,"href":"https:\/\/xn--adal-oza.net\/index.php?rest_route=\/wp\/v2\/users\/1"}],"replies":[{"embeddable":true,"href":"https:\/\/xn--adal-oza.net\/index.php?rest_route=%2Fwp%2Fv2%2Fcomments&post=4465"}],"version-history":[{"count":3,"href":"https:\/\/xn--adal-oza.net\/index.php?rest_route=\/wp\/v2\/pages\/4465\/revisions"}],"predecessor-version":[{"id":8878,"href":"https:\/\/xn--adal-oza.net\/index.php?rest_route=\/wp\/v2\/pages\/4465\/revisions\/8878"}],"up":[{"embeddable":true,"href":"https:\/\/xn--adal-oza.net\/index.php?rest_route=\/wp\/v2\/pages\/4461"}],"wp:attachment":[{"href":"https:\/\/xn--adal-oza.net\/index.php?rest_route=%2Fwp%2Fv2%2Fmedia&parent=4465"}],"curies":[{"name":"wp","href":"https:\/\/api.w.org\/{rel}","templated":true}]}}