{"id":4476,"date":"2018-05-25T16:20:43","date_gmt":"2018-05-25T14:20:43","guid":{"rendered":"https:\/\/xn--adal-oza.net\/?page_id=4476"},"modified":"2022-11-01T10:47:05","modified_gmt":"2022-11-01T08:47:05","slug":"natural-language-processing","status":"publish","type":"page","link":"https:\/\/xn--adal-oza.net\/?page_id=4476&lang=en","title":{"rendered":"Natural Language Processing"},"content":{"rendered":"<table style=\"height: 864px;\" width=\"864\">\n<tbody>\n<tr>\n<td><\/td>\n<td>\n<h2><span style=\"color: #ff0000;\"><a href=\"https:\/\/xn--adal-oza.net\/?attachment_id=8592\" rel=\"attachment wp-att-8592\"><img loading=\"lazy\" decoding=\"async\" class=\"alignleft wp-image-8592\" src=\"https:\/\/xn--adal-oza.net\/wp-content\/uploads\/2021\/10\/d58c495b909b594f06761e6817d8b4d486ff2bddaa29ec72e5b15ba07bf9a9f3.jpg\" alt=\"\" width=\"312\" height=\"415\" srcset=\"https:\/\/xn--adal-oza.net\/wp-content\/uploads\/2021\/10\/d58c495b909b594f06761e6817d8b4d486ff2bddaa29ec72e5b15ba07bf9a9f3.jpg 263w, https:\/\/xn--adal-oza.net\/wp-content\/uploads\/2021\/10\/d58c495b909b594f06761e6817d8b4d486ff2bddaa29ec72e5b15ba07bf9a9f3-225x300.jpg 225w\" sizes=\"auto, (max-width: 312px) 100vw, 312px\" \/><\/a>Chapters<\/span><\/h2>\n<h3>\u25ca\u00a0 \u00a0 <a href=\"https:\/\/xn--adal-oza.net\/wp-content\/uploads\/2021\/10\/C-I-Introduction-to-NLP.pdf\">Dil \/ Language<\/a><\/h3>\n<h3>\u25ca\u00a0\u00a0\u00a0 <a href=\"https:\/\/xn--adal-oza.net\/wp-content\/uploads\/2021\/10\/C-II-Phonology.pdf\">Ses Bilimi \/\u00a0Phonology<\/a><\/h3>\n<h3>\u25ca\u00a0\u00a0\u00a0 <a href=\"https:\/\/xn--adal-oza.net\/wp-content\/uploads\/2021\/10\/C-III-Prosody-.pdf\">B\u00fcr\u00fcn Bilimi \/ Prosody<\/a><\/h3>\n<h3>\u25ca\u00a0 \u00a0 <a href=\"https:\/\/xn--adal-oza.net\/wp-content\/uploads\/2021\/10\/C-IV-Morphology.pdf\">Bi\u00e7im Bilimi \/ Morphology<\/a><\/h3>\n<h3>\u25ca\u00a0 \u00a0 <a href=\"https:\/\/xn--adal-oza.net\/wp-content\/uploads\/2021\/10\/C-VI-Syntax.pdf\">S\u00f6z Dizimi \/ Syntax<\/a><\/h3>\n<h3>\u25ca\u00a0 \u00a0 <a href=\"https:\/\/xn--adal-oza.net\/wp-content\/uploads\/2021\/10\/C-VII-Semantics.pdf\">Anlam Bilimi \/Semantics<\/a><\/h3>\n<h3>\u25ca\u00a0 \u00a0 <a href=\"https:\/\/xn--adal-oza.net\/wp-content\/uploads\/2021\/10\/C-VIII-Discourse.pdf\">S\u00f6ylem Bilimi \/ Discourse<\/a><\/h3>\n<h3>\u25ca\u00a0 \u00a0 <a href=\"https:\/\/xn--adal-oza.net\/wp-content\/uploads\/2021\/10\/C-IX-Pragmatics.pdf\">Edim Bilimi \/ Pragmatic<\/a><\/h3>\n<\/td>\n<\/tr>\n<tr>\n<td><\/td>\n<td>\n<h2><span style=\"color: #ff0000;\">Applications<\/span><\/h2>\n<h3><span style=\"color: #ff0000;\">\u25ca\u00a0 \u00a0 \u00a0Machine Translation<\/span><\/h3>\n<h3><span style=\"color: #ff0000;\">\u25ca\u00a0 \u00a0 \u00a0Question and Answering<\/span><\/h3>\n<h3><span style=\"color: #ff0000;\">\u25ca\u00a0 \u00a0 \u00a0Correction of Spelling Errors<\/span><\/h3>\n<h3><span style=\"color: #ff0000;\">\u25ca\u00a0 \u00a0 \u00a0Smart Find and Replace<\/span><\/h3>\n<h3><span style=\"color: #ff0000;\">\u25ca\u00a0 \u00a0 \u00a0Finding Constituent by Role in Turkish Sentences<\/span><\/h3>\n<h3><span style=\"color: #ff0000;\">\u25ca\u00a0 \u00a0 \u00a0Tagging of Text<\/span><\/h3>\n<h3><span style=\"color: #ff0000;\">\u25ca\u00a0 \u00a0 \u00a0Word Sense Disambiguation for Turkish<\/span><\/h3>\n<h3><span style=\"color: #ff0000;\">\u25ca\u00a0 \u00a0 \u00a0Machine Translation for Sister Language<\/span><\/h3>\n<h3><span style=\"color: #ff0000;\">\u25ca\u00a0 \u00a0 \u00a0Speech Disorder<\/span><\/h3>\n<h3><span style=\"color: #ff0000;\">\u25ca\u00a0 \u00a0 \u00a0Semantic Role Labeling of Turkish<\/span><\/h3>\n<h3><span style=\"color: #ff0000;\">\u00a0<\/span><\/h3>\n<\/td>\n<\/tr>\n<tr>\n<td><\/td>\n<td>\n<h2><span style=\"color: #ff0000;\">Appendix<\/span><\/h2>\n<h3><span style=\"color: #ff0000;\">\u25ca\u00a0 \u00a0 \u00a0<a href=\"https:\/\/xn--adal-oza.net\/wp-content\/uploads\/2021\/10\/Kavramlar-S\u00f6zl\u00fc\u011f\u00fc.pdf\">Glossary<\/a><\/span><\/h3>\n<h3><span style=\"color: #ff0000;\">\u25ca\u00a0 \u00a0 \u00a0<a href=\"https:\/\/xn--adal-oza.net\/wp-content\/uploads\/2021\/10\/\u0130ngilizce-Dizin.pdf\">English Index<\/a><\/span><\/h3>\n<h3><span style=\"color: #ff0000;\">\u25ca\u00a0 \u00a0 \u00a0<a href=\"https:\/\/xn--adal-oza.net\/wp-content\/uploads\/2021\/10\/T\u00fcrk\u00e7enin-\u00c7ekim-Ekleri.pdf\">Inflectional Suffixes of Turkish<\/a><\/span><\/h3>\n<h3><span style=\"color: #ff0000;\">\u25ca\u00a0 \u00a0 \u00a0<a href=\"https:\/\/xn--adal-oza.net\/wp-content\/uploads\/2021\/10\/T\u00fcrk\u00e7enin-Yap\u0131m-Ekleri.pdf\">Derivational Suffixes of Turkish<\/a><\/span><\/h3>\n<h3><span style=\"color: #ff0000;\">\u25ca\u00a0 \u00a0 \u00a0<a href=\"https:\/\/xn--adal-oza.net\/wp-content\/uploads\/2021\/10\/T\u00fcrk-Dilleri-i\u00e7in-S\u00f6zc\u00fck-S\u0131n\u0131f-Etiketleri.pdf\">Word class tags for Turkic Languages<\/a><\/span><\/h3>\n<h3><span style=\"color: #ff0000;\">\u25ca\u00a0 \u00a0 \u00a0<a href=\"https:\/\/xn--adal-oza.net\/wp-content\/uploads\/2021\/10\/T\u00fcrk-Dilleri-i\u00e7in-Etiketler.pdf\">Tags for Turkic Languages T\u00fcrk Dilleri i\u00e7in Etiketler<\/a><\/span><\/h3>\n<h3><span style=\"color: #ff0000;\">\u25ca\u00a0 \u00a0 \u00a0<a href=\"https:\/\/xn--adal-oza.net\/wp-content\/uploads\/2021\/10\/Pann-Treebank-POSs.pdf\">Pann Treebank POS&#8217;s<\/a><\/span><\/h3>\n<h3><span style=\"color: #ff0000;\">\u25ca\u00a0 \u00a0 \u00a0<a href=\"https:\/\/xn--adal-oza.net\/wp-content\/uploads\/2021\/10\/T\u00fcrk\u00e7enin-Dilsiz-S\u00f6zc\u00fckleri.pdf\">Stop Words of Turkish<\/a><\/span><\/h3>\n<h3><span style=\"color: #ff0000;\">\u25ca\u00a0 \u00a0 \u00a0<a href=\"https:\/\/xn--adal-oza.net\/wp-content\/uploads\/2021\/10\/\u0130ngilizcenin-Dilsiz-S\u00f6zc\u00fckleri.pdf\">Stop Words of English<\/a><\/span><\/h3>\n<h3><span style=\"color: #ff0000;\">\u00a0<\/span><\/h3>\n<\/td>\n<\/tr>\n<\/tbody>\n<\/table>\n","protected":false},"excerpt":{"rendered":"<p>Chapters \u25ca\u00a0 \u00a0 Dil \/ Language \u25ca\u00a0\u00a0\u00a0 Ses Bilimi \/\u00a0Phonology \u25ca\u00a0\u00a0\u00a0 B\u00fcr\u00fcn Bilimi \/ Prosody \u25ca\u00a0 \u00a0 Bi\u00e7im Bilimi \/ Morphology \u25ca\u00a0 \u00a0 S\u00f6z Dizimi \/ Syntax \u25ca\u00a0 \u00a0 Anlam Bilimi \/Semantics \u25ca\u00a0 \u00a0 S\u00f6ylem Bilimi \/ Discourse \u25ca\u00a0 \u00a0 Edim Bilimi \/ Pragmatic Applications \u25ca\u00a0 \u00a0 \u00a0Machine Translation \u25ca\u00a0 \u00a0 \u00a0Question and Answering \u25ca\u00a0 &hellip; <\/p>\n<p class=\"link-more\"><a href=\"https:\/\/xn--adal-oza.net\/?page_id=4476&#038;lang=en\" class=\"more-link\">Okumaya devam et<span class=\"screen-reader-text\"> &#8220;Natural Language Processing&#8221;<\/span><\/a><\/p>\n","protected":false},"author":1,"featured_media":0,"parent":4473,"menu_order":0,"comment_status":"open","ping_status":"open","template":"","meta":{"footnotes":""},"class_list":["post-4476","page","type-page","status-publish","hentry"],"_links":{"self":[{"href":"https:\/\/xn--adal-oza.net\/index.php?rest_route=\/wp\/v2\/pages\/4476","targetHints":{"allow":["GET"]}}],"collection":[{"href":"https:\/\/xn--adal-oza.net\/index.php?rest_route=\/wp\/v2\/pages"}],"about":[{"href":"https:\/\/xn--adal-oza.net\/index.php?rest_route=\/wp\/v2\/types\/page"}],"author":[{"embeddable":true,"href":"https:\/\/xn--adal-oza.net\/index.php?rest_route=\/wp\/v2\/users\/1"}],"replies":[{"embeddable":true,"href":"https:\/\/xn--adal-oza.net\/index.php?rest_route=%2Fwp%2Fv2%2Fcomments&post=4476"}],"version-history":[{"count":7,"href":"https:\/\/xn--adal-oza.net\/index.php?rest_route=\/wp\/v2\/pages\/4476\/revisions"}],"predecessor-version":[{"id":8999,"href":"https:\/\/xn--adal-oza.net\/index.php?rest_route=\/wp\/v2\/pages\/4476\/revisions\/8999"}],"up":[{"embeddable":true,"href":"https:\/\/xn--adal-oza.net\/index.php?rest_route=\/wp\/v2\/pages\/4473"}],"wp:attachment":[{"href":"https:\/\/xn--adal-oza.net\/index.php?rest_route=%2Fwp%2Fv2%2Fmedia&parent=4476"}],"curies":[{"name":"wp","href":"https:\/\/api.w.org\/{rel}","templated":true}]}}