{"id":4538,"date":"2018-05-25T16:33:24","date_gmt":"2018-05-25T14:33:24","guid":{"rendered":"https:\/\/xn--adal-oza.net\/?page_id=4538"},"modified":"2026-04-19T20:10:49","modified_gmt":"2026-04-19T18:10:49","slug":"maroc","status":"publish","type":"page","link":"https:\/\/xn--adal-oza.net\/?page_id=4538&lang=en","title":{"rendered":"Maroc"},"content":{"rendered":"<table style=\"text-align: center;\" border=\"0\" width=\"100%\" cellspacing=\"0\" cellpadding=\"0\">\n<colgroup>\n<col width=\"%25\" \/>\n<col width=\"%25\" \/>\n<col width=\"%25\" \/>\n<col width=\"%25\" \/> <\/colgroup>\n<tbody>\n<tr>\n<td style=\"background: transparent url('http:\/\/picasaweb.google.com.tr\/s\/c\/transparent_album_background.gif') no-repeat scroll left center; height: 200px;\" align=\"center\"><a href=\"https:\/\/photos.app.goo.gl\/i1gV4g7YmTCo3gHv6\"><img loading=\"lazy\" decoding=\"async\" class=\"alignnone size-medium wp-image-9860\" src=\"https:\/\/xn--adal-oza.net\/wp-content\/uploads\/2026\/04\/ag-Fes-05-1-300x295.jpg\" alt=\"\" width=\"300\" height=\"295\" srcset=\"https:\/\/xn--adal-oza.net\/wp-content\/uploads\/2026\/04\/ag-Fes-05-1-300x295.jpg 300w, https:\/\/xn--adal-oza.net\/wp-content\/uploads\/2026\/04\/ag-Fes-05-1.jpg 720w\" sizes=\"auto, (max-width: 300px) 100vw, 300px\" \/><\/a><\/td>\n<td style=\"background: transparent url('http:\/\/picasaweb.google.com.tr\/s\/c\/transparent_album_background.gif') no-repeat scroll left center; height: 200px;\" align=\"center\"><a href=\"https:\/\/photos.app.goo.gl\/1xRivEcQLZZi98qc7\"><img loading=\"lazy\" decoding=\"async\" class=\"alignnone size-medium wp-image-9861\" src=\"https:\/\/xn--adal-oza.net\/wp-content\/uploads\/2026\/04\/ah-Fes-05-300x294.jpg\" alt=\"\" width=\"300\" height=\"294\" srcset=\"https:\/\/xn--adal-oza.net\/wp-content\/uploads\/2026\/04\/ah-Fes-05-300x294.jpg 300w, https:\/\/xn--adal-oza.net\/wp-content\/uploads\/2026\/04\/ah-Fes-05.jpg 720w\" sizes=\"auto, (max-width: 300px) 100vw, 300px\" \/><\/a><\/td>\n<td style=\"background: transparent url('http:\/\/picasaweb.google.com.tr\/s\/c\/transparent_album_background.gif') no-repeat scroll left center; height: 200px;\" align=\"center\"><a href=\"https:\/\/photos.app.goo.gl\/5i4g91u9BsZPJ8vY8\"><img loading=\"lazy\" decoding=\"async\" class=\"alignnone size-medium wp-image-9862\" src=\"https:\/\/xn--adal-oza.net\/wp-content\/uploads\/2026\/04\/an-Karaviyyin-Camisi-05-1-297x300.jpg\" alt=\"\" width=\"297\" height=\"300\" srcset=\"https:\/\/xn--adal-oza.net\/wp-content\/uploads\/2026\/04\/an-Karaviyyin-Camisi-05-1-297x300.jpg 297w, https:\/\/xn--adal-oza.net\/wp-content\/uploads\/2026\/04\/an-Karaviyyin-Camisi-05-1-100x100.jpg 100w, https:\/\/xn--adal-oza.net\/wp-content\/uploads\/2026\/04\/an-Karaviyyin-Camisi-05-1.jpg 712w\" sizes=\"auto, (max-width: 297px) 100vw, 297px\" \/><\/a><\/td>\n<td style=\"background: transparent url('http:\/\/picasaweb.google.com.tr\/s\/c\/transparent_album_background.gif') no-repeat scroll left center; height: 200px;\" align=\"center\"><a href=\"https:\/\/photos.app.goo.gl\/2KwWZU9aTig3dvr78\"><img loading=\"lazy\" decoding=\"async\" class=\"alignnone size-medium wp-image-9863\" src=\"https:\/\/xn--adal-oza.net\/wp-content\/uploads\/2026\/04\/br-Fes-05-225x300.jpg\" alt=\"\" width=\"225\" height=\"300\" srcset=\"https:\/\/xn--adal-oza.net\/wp-content\/uploads\/2026\/04\/br-Fes-05-225x300.jpg 225w, https:\/\/xn--adal-oza.net\/wp-content\/uploads\/2026\/04\/br-Fes-05.jpg 540w\" sizes=\"auto, (max-width: 225px) 100vw, 225px\" \/><\/a><\/td>\n<\/tr>\n<tr>\n<td style=\"text-align: center; font-family: arial,sans-serif; font-size: 11px;\">Eski \u015eehir (Fes)<\/td>\n<td style=\"text-align: center; font-family: arial,sans-serif; font-size: 11px;\">Chouara Tabakhanesi (Fes)<\/td>\n<td style=\"text-align: center; font-family: arial,sans-serif; font-size: 11px;\">Karaviyy\u00een Camisi (Fes)<\/td>\n<td style=\"text-align: center; font-family: arial,sans-serif; font-size: 11px;\">\u00c7iniciler (Fes)<\/td>\n<\/tr>\n<tr>\n<td style=\"background: transparent url('http:\/\/picasaweb.google.com.tr\/s\/c\/transparent_album_background.gif') no-repeat scroll left center; height: 200px;\" align=\"center\"><a href=\"https:\/\/photos.app.goo.gl\/RFxnwLbCdSr5mApK7\"><img loading=\"lazy\" decoding=\"async\" class=\"alignnone size-medium wp-image-9864\" src=\"https:\/\/xn--adal-oza.net\/wp-content\/uploads\/2026\/04\/af-Fes-05-300x295.jpg\" alt=\"\" width=\"300\" height=\"295\" srcset=\"https:\/\/xn--adal-oza.net\/wp-content\/uploads\/2026\/04\/af-Fes-05-300x295.jpg 300w, https:\/\/xn--adal-oza.net\/wp-content\/uploads\/2026\/04\/af-Fes-05.jpg 720w\" sizes=\"auto, (max-width: 300px) 100vw, 300px\" \/><\/a><\/td>\n<td style=\"background: transparent url('http:\/\/picasaweb.google.com.tr\/s\/c\/transparent_album_background.gif') no-repeat scroll left center; height: 200px;\" align=\"center\"><\/td>\n<td style=\"background: transparent url('http:\/\/picasaweb.google.com.tr\/s\/c\/transparent_album_background.gif') no-repeat scroll left center; height: 200px;\" align=\"center\"><\/td>\n<td><\/td>\n<\/tr>\n<tr>\n<td style=\"text-align: center; font-family: arial,sans-serif; font-size: 11px;\">Fes<\/td>\n<td style=\"text-align: center; font-family: arial,sans-serif; font-size: 11px;\"><\/td>\n<td style=\"text-align: center; font-family: arial,sans-serif; font-size: 11px;\"><\/td>\n<td><\/td>\n<\/tr>\n<tr>\n<td style=\"background: transparent url('http:\/\/picasaweb.google.com.tr\/s\/c\/transparent_album_background.gif') no-repeat scroll left center; height: 200px;\" align=\"center\"><a href=\"https:\/\/photos.app.goo.gl\/qf8x2oq3snp3FfD76\"><img loading=\"lazy\" decoding=\"async\" class=\"aligncenter\" src=\"https:\/\/lh3.googleusercontent.com\/pw\/ACtC-3fFPvEe5-iHm_E7r8NZbMYJ3qb5Qie4Mx1cUPMQWio1PGj1U8GVI_YsaJP3m38CMeWsMFaykJTEsDmwH02O43Rd_1p_YBu_M9DII-2I6l99Ehweem6ZstF42jJllrUB8r2PP-l7TEoKjhTd6LDo17a0=w917-h888-no?authuser=0\" width=\"180\" height=\"174\" \/><\/a><\/td>\n<td style=\"background: transparent url('http:\/\/picasaweb.google.com.tr\/s\/c\/transparent_album_background.gif') no-repeat scroll left center; height: 200px;\" align=\"center\"><\/td>\n<td style=\"background: transparent url('http:\/\/picasaweb.google.com.tr\/s\/c\/transparent_album_background.gif') no-repeat scroll left center; height: 200px;\" align=\"center\"><\/td>\n<td><\/td>\n<\/tr>\n<tr>\n<td style=\"text-align: center; font-family: arial,sans-serif; font-size: 11px;\">Meknes<\/td>\n<td style=\"text-align: center; font-family: arial,sans-serif; font-size: 11px;\"><\/td>\n<td style=\"text-align: center; font-family: arial,sans-serif; font-size: 11px;\"><\/td>\n<td><\/td>\n<\/tr>\n<tr>\n<td style=\"background: transparent url('http:\/\/picasaweb.google.com.tr\/s\/c\/transparent_album_background.gif') no-repeat scroll left center; height: 200px;\" align=\"center\"><a href=\"https:\/\/photos.app.goo.gl\/sfAtBySZoyrsopSx7\"><img loading=\"lazy\" decoding=\"async\" class=\"size-medium wp-image-9882\" src=\"https:\/\/xn--adal-oza.net\/wp-content\/uploads\/2026\/04\/aa-Volubilis-05-1-300x255.jpg\" alt=\"\" width=\"300\" height=\"255\" srcset=\"https:\/\/xn--adal-oza.net\/wp-content\/uploads\/2026\/04\/aa-Volubilis-05-1-300x255.jpg 300w, https:\/\/xn--adal-oza.net\/wp-content\/uploads\/2026\/04\/aa-Volubilis-05-1.jpg 720w\" sizes=\"auto, (max-width: 300px) 100vw, 300px\" \/><\/a><\/td>\n<td style=\"background: transparent url('http:\/\/picasaweb.google.com.tr\/s\/c\/transparent_album_background.gif') no-repeat scroll left center; height: 200px;\" align=\"center\"><\/td>\n<td style=\"background: transparent url('http:\/\/picasaweb.google.com.tr\/s\/c\/transparent_album_background.gif') no-repeat scroll left center; height: 200px;\" align=\"center\"><\/td>\n<td><\/td>\n<\/tr>\n<tr>\n<td style=\"text-align: center; font-family: arial,sans-serif; font-size: 11px;\">Volubilis<\/td>\n<td style=\"text-align: center; font-family: arial,sans-serif; font-size: 11px;\"><\/td>\n<td style=\"text-align: center; font-family: arial,sans-serif; font-size: 11px;\"><\/td>\n<td><\/td>\n<\/tr>\n<tr>\n<td style=\"background: transparent url('http:\/\/picasaweb.google.com.tr\/s\/c\/transparent_album_background.gif') no-repeat scroll left center; height: 200px;\" align=\"center\"><a href=\"https:\/\/photos.app.goo.gl\/Zm8Em5mpKue57Lpy7\"><img loading=\"lazy\" decoding=\"async\" class=\"alignnone size-medium wp-image-9865\" src=\"https:\/\/xn--adal-oza.net\/wp-content\/uploads\/2026\/04\/af-Kirallik-Sarayi-05-295x300.jpg\" alt=\"\" width=\"295\" height=\"300\" srcset=\"https:\/\/xn--adal-oza.net\/wp-content\/uploads\/2026\/04\/af-Kirallik-Sarayi-05-295x300.jpg 295w, https:\/\/xn--adal-oza.net\/wp-content\/uploads\/2026\/04\/af-Kirallik-Sarayi-05.jpg 709w\" sizes=\"auto, (max-width: 295px) 100vw, 295px\" \/><\/a><\/td>\n<td style=\"background: transparent url('http:\/\/picasaweb.google.com.tr\/s\/c\/transparent_album_background.gif') no-repeat scroll left center; height: 200px;\" align=\"center\"><a href=\"https:\/\/photos.app.goo.gl\/Sz4GCZKu5GtvqJxbA\"><img loading=\"lazy\" decoding=\"async\" class=\"alignnone size-medium wp-image-9866\" src=\"https:\/\/xn--adal-oza.net\/wp-content\/uploads\/2026\/04\/bc-Pasalar-Mahkemesi-05-1-225x300.jpg\" alt=\"\" width=\"225\" height=\"300\" srcset=\"https:\/\/xn--adal-oza.net\/wp-content\/uploads\/2026\/04\/bc-Pasalar-Mahkemesi-05-1-225x300.jpg 225w, https:\/\/xn--adal-oza.net\/wp-content\/uploads\/2026\/04\/bc-Pasalar-Mahkemesi-05-1.jpg 540w\" sizes=\"auto, (max-width: 225px) 100vw, 225px\" \/><\/a><\/td>\n<td style=\"background: transparent url('http:\/\/picasaweb.google.com.tr\/s\/c\/transparent_album_background.gif') no-repeat scroll left center; height: 200px;\" align=\"center\"><a href=\"https:\/\/photos.app.goo.gl\/Zfqr6535DJqwzeXi8\"><img loading=\"lazy\" decoding=\"async\" class=\"alignnone size-medium wp-image-9867\" src=\"https:\/\/xn--adal-oza.net\/wp-content\/uploads\/2026\/04\/cb-Casablanca-05-1-300x225.jpg\" alt=\"\" width=\"300\" height=\"225\" srcset=\"https:\/\/xn--adal-oza.net\/wp-content\/uploads\/2026\/04\/cb-Casablanca-05-1-300x225.jpg 300w, https:\/\/xn--adal-oza.net\/wp-content\/uploads\/2026\/04\/cb-Casablanca-05-1.jpg 720w\" sizes=\"auto, (max-width: 300px) 100vw, 300px\" \/><\/a><\/td>\n<td><\/td>\n<\/tr>\n<tr>\n<td style=\"text-align: center; font-family: arial,sans-serif; font-size: 11px;\">K\u0131rall\u0131k Saray\u0131 (Kazablanka)<\/td>\n<td style=\"text-align: center; font-family: arial,sans-serif; font-size: 11px;\">Pa\u015falar Mahkemesi (Kazablanka)<\/td>\n<td style=\"text-align: center; font-family: arial,sans-serif; font-size: 11px;\">Kazablanka (Kazablanka)<\/td>\n<td><\/td>\n<\/tr>\n<tr>\n<td style=\"background: transparent url('http:\/\/picasaweb.google.com.tr\/s\/c\/transparent_album_background.gif') no-repeat scroll left center; height: 200px;\" align=\"center\"><a href=\"https:\/\/photos.app.goo.gl\/7uZA4ZMjkPjycm5H7\"><img loading=\"lazy\" decoding=\"async\" class=\"alignnone size-medium wp-image-9869\" src=\"https:\/\/xn--adal-oza.net\/wp-content\/uploads\/2026\/04\/aj-II-Hasan-Camisi-05-1-295x300.jpg\" alt=\"\" width=\"295\" height=\"300\" srcset=\"https:\/\/xn--adal-oza.net\/wp-content\/uploads\/2026\/04\/aj-II-Hasan-Camisi-05-1-295x300.jpg 295w, https:\/\/xn--adal-oza.net\/wp-content\/uploads\/2026\/04\/aj-II-Hasan-Camisi-05-1.jpg 709w\" sizes=\"auto, (max-width: 295px) 100vw, 295px\" \/><\/a><\/td>\n<td style=\"background: transparent url('http:\/\/picasaweb.google.com.tr\/s\/c\/transparent_album_background.gif') no-repeat scroll left center; height: 200px;\" align=\"center\"><\/td>\n<td style=\"background: transparent url('http:\/\/picasaweb.google.com.tr\/s\/c\/transparent_album_background.gif') no-repeat scroll left center; height: 200px;\" align=\"center\"><\/td>\n<td><\/td>\n<\/tr>\n<tr>\n<td style=\"text-align: center; font-family: arial,sans-serif; font-size: 11px;\">II. Hasan Camisi (Kazablanka)<\/td>\n<td style=\"text-align: center; font-family: arial,sans-serif; font-size: 11px;\"><\/td>\n<td style=\"text-align: center; font-family: arial,sans-serif; font-size: 11px;\"><\/td>\n<td><\/td>\n<\/tr>\n<tr>\n<td style=\"background: transparent url('http:\/\/picasaweb.google.com.tr\/s\/c\/transparent_album_background.gif') no-repeat scroll left center; height: 200px;\" align=\"center\"><a href=\"https:\/\/photos.app.goo.gl\/p2qFc2vXYK45ZKK5A\"><img loading=\"lazy\" decoding=\"async\" class=\"alignnone size-medium wp-image-9887\" src=\"https:\/\/xn--adal-oza.net\/wp-content\/uploads\/2026\/04\/ac-Hasan-Kulesi-05-300x293.jpg\" alt=\"\" width=\"300\" height=\"293\" srcset=\"https:\/\/xn--adal-oza.net\/wp-content\/uploads\/2026\/04\/ac-Hasan-Kulesi-05-300x293.jpg 300w, https:\/\/xn--adal-oza.net\/wp-content\/uploads\/2026\/04\/ac-Hasan-Kulesi-05.jpg 720w\" sizes=\"auto, (max-width: 300px) 100vw, 300px\" \/><\/a><\/td>\n<td style=\"background: transparent url('http:\/\/picasaweb.google.com.tr\/s\/c\/transparent_album_background.gif') no-repeat scroll left center; height: 200px;\" align=\"center\"><a href=\"https:\/\/photos.app.goo.gl\/WFBQFk5nGzyMMNJS8\"><img loading=\"lazy\" decoding=\"async\" class=\"alignnone size-medium wp-image-9870\" src=\"https:\/\/xn--adal-oza.net\/wp-content\/uploads\/2026\/04\/af-V.-Muhammed-Camisi-05-1-300x296.jpg\" alt=\"\" width=\"300\" height=\"296\" srcset=\"https:\/\/xn--adal-oza.net\/wp-content\/uploads\/2026\/04\/af-V.-Muhammed-Camisi-05-1-300x296.jpg 300w, https:\/\/xn--adal-oza.net\/wp-content\/uploads\/2026\/04\/af-V.-Muhammed-Camisi-05-1-100x100.jpg 100w, https:\/\/xn--adal-oza.net\/wp-content\/uploads\/2026\/04\/af-V.-Muhammed-Camisi-05-1.jpg 720w\" sizes=\"auto, (max-width: 300px) 100vw, 300px\" \/><\/a><\/td>\n<td style=\"background: transparent url('http:\/\/picasaweb.google.com.tr\/s\/c\/transparent_album_background.gif') no-repeat scroll left center; height: 200px;\" align=\"center\"><a href=\"https:\/\/photos.app.goo.gl\/8ZtUP9VHpeoVVYji8\"><img loading=\"lazy\" decoding=\"async\" class=\"alignnone size-medium wp-image-9871\" src=\"https:\/\/xn--adal-oza.net\/wp-content\/uploads\/2026\/04\/da-Udaya-Kalesi-05-1-300x283.jpg\" alt=\"\" width=\"300\" height=\"283\" srcset=\"https:\/\/xn--adal-oza.net\/wp-content\/uploads\/2026\/04\/da-Udaya-Kalesi-05-1-300x283.jpg 300w, https:\/\/xn--adal-oza.net\/wp-content\/uploads\/2026\/04\/da-Udaya-Kalesi-05-1.jpg 720w\" sizes=\"auto, (max-width: 300px) 100vw, 300px\" \/><\/a><\/td>\n<td><\/td>\n<\/tr>\n<tr>\n<td style=\"text-align: center; font-family: arial,sans-serif; font-size: 11px;\">Hasan Kulesi (Rabat)<\/td>\n<td style=\"text-align: center; font-family: arial,sans-serif; font-size: 11px;\">V. Muhammed An\u0131t Mezar\u0131<\/td>\n<td style=\"text-align: center; font-family: arial,sans-serif; font-size: 11px;\">Udaya kalesi<\/td>\n<td><\/td>\n<\/tr>\n<tr>\n<td style=\"background: transparent url('http:\/\/picasaweb.google.com.tr\/s\/c\/transparent_album_background.gif') no-repeat scroll left center; height: 200px;\" align=\"center\"><a href=\"https:\/\/photos.app.goo.gl\/N176G9LypwwH7q4L6\"><img loading=\"lazy\" decoding=\"async\" class=\"alignnone size-medium wp-image-9874\" src=\"https:\/\/xn--adal-oza.net\/wp-content\/uploads\/2026\/04\/ae-Bahia-Sarayi-05-1-290x300.jpg\" alt=\"\" width=\"290\" height=\"300\" srcset=\"https:\/\/xn--adal-oza.net\/wp-content\/uploads\/2026\/04\/ae-Bahia-Sarayi-05-1-290x300.jpg 290w, https:\/\/xn--adal-oza.net\/wp-content\/uploads\/2026\/04\/ae-Bahia-Sarayi-05-1.jpg 697w\" sizes=\"auto, (max-width: 290px) 100vw, 290px\" \/><\/a><\/td>\n<td style=\"background: transparent url('http:\/\/picasaweb.google.com.tr\/s\/c\/transparent_album_background.gif') no-repeat scroll left center; height: 200px;\" align=\"center\"><a href=\"https:\/\/photos.app.goo.gl\/3dWHjLcC6p8sdDE87\"><img loading=\"lazy\" decoding=\"async\" class=\"alignnone size-medium wp-image-9878\" src=\"https:\/\/xn--adal-oza.net\/wp-content\/uploads\/2026\/04\/ab-Kurubia-Camisi-05-300x300.jpg\" alt=\"\" width=\"300\" height=\"300\" srcset=\"https:\/\/xn--adal-oza.net\/wp-content\/uploads\/2026\/04\/ab-Kurubia-Camisi-05-300x300.jpg 300w, https:\/\/xn--adal-oza.net\/wp-content\/uploads\/2026\/04\/ab-Kurubia-Camisi-05-150x150.jpg 150w, https:\/\/xn--adal-oza.net\/wp-content\/uploads\/2026\/04\/ab-Kurubia-Camisi-05-100x100.jpg 100w, https:\/\/xn--adal-oza.net\/wp-content\/uploads\/2026\/04\/ab-Kurubia-Camisi-05.jpg 720w\" sizes=\"auto, (max-width: 300px) 100vw, 300px\" \/><\/a><\/td>\n<td style=\"background: transparent url('http:\/\/picasaweb.google.com.tr\/s\/c\/transparent_album_background.gif') no-repeat scroll left center; height: 200px;\" align=\"center\"><\/td>\n<td><\/td>\n<\/tr>\n<tr>\n<td style=\"text-align: center; font-family: arial,sans-serif; font-size: 11px;\">Bahia Saray\u0131 (Marake\u015f)<\/td>\n<td style=\"text-align: center; font-family: arial,sans-serif; font-size: 11px;\">Kutubia Camisi (Marake\u015f)<\/td>\n<td style=\"text-align: center; font-family: arial,sans-serif; font-size: 11px;\"><\/td>\n<td><\/td>\n<\/tr>\n<tr>\n<td style=\"background: transparent url('http:\/\/picasaweb.google.com.tr\/s\/c\/transparent_album_background.gif') no-repeat scroll left center; height: 200px;\" align=\"center\"><a href=\"https:\/\/photos.app.goo.gl\/q8pt2L3YWABdbGSEA\"><img loading=\"lazy\" decoding=\"async\" class=\"alignnone size-medium wp-image-9877\" src=\"https:\/\/xn--adal-oza.net\/wp-content\/uploads\/2026\/04\/da-ev-05-1-300x225.jpg\" alt=\"\" width=\"300\" height=\"225\" srcset=\"https:\/\/xn--adal-oza.net\/wp-content\/uploads\/2026\/04\/da-ev-05-1-300x225.jpg 300w, https:\/\/xn--adal-oza.net\/wp-content\/uploads\/2026\/04\/da-ev-05-1.jpg 720w\" sizes=\"auto, (max-width: 300px) 100vw, 300px\" \/><\/a><\/td>\n<td style=\"background: transparent url('http:\/\/picasaweb.google.com.tr\/s\/c\/transparent_album_background.gif') no-repeat scroll left center; height: 200px;\" align=\"center\"><a href=\"https:\/\/photos.app.goo.gl\/W31mAqxfGLoyF4Nj9\"><img loading=\"lazy\" decoding=\"async\" class=\"alignnone size-medium wp-image-9876\" src=\"https:\/\/xn--adal-oza.net\/wp-content\/uploads\/2026\/04\/aj-El_Fna-Meydani-05-300x293.jpg\" alt=\"\" width=\"300\" height=\"293\" srcset=\"https:\/\/xn--adal-oza.net\/wp-content\/uploads\/2026\/04\/aj-El_Fna-Meydani-05-300x293.jpg 300w, https:\/\/xn--adal-oza.net\/wp-content\/uploads\/2026\/04\/aj-El_Fna-Meydani-05.jpg 720w\" sizes=\"auto, (max-width: 300px) 100vw, 300px\" \/><\/a><\/td>\n<td style=\"background: transparent url('http:\/\/picasaweb.google.com.tr\/s\/c\/transparent_album_background.gif') no-repeat scroll left center; height: 200px;\" align=\"center\"><a href=\"https:\/\/photos.app.goo.gl\/JrNrGQG2RMTFAdP88\"><img loading=\"lazy\" decoding=\"async\" class=\"alignnone size-medium wp-image-9875\" src=\"https:\/\/xn--adal-oza.net\/wp-content\/uploads\/2026\/04\/ea-Eglence-05-1-300x225.jpg\" alt=\"\" width=\"300\" height=\"225\" srcset=\"https:\/\/xn--adal-oza.net\/wp-content\/uploads\/2026\/04\/ea-Eglence-05-1-300x225.jpg 300w, https:\/\/xn--adal-oza.net\/wp-content\/uploads\/2026\/04\/ea-Eglence-05-1.jpg 720w\" sizes=\"auto, (max-width: 300px) 100vw, 300px\" \/><\/a><\/td>\n<td><\/td>\n<\/tr>\n<tr>\n<td style=\"text-align: center; font-family: arial,sans-serif; font-size: 11px;\">Jardin Majorelle (Marake\u015f)<\/td>\n<td style=\"text-align: center; font-family: arial,sans-serif; font-size: 11px;\">El Fna Meydan\u0131 (Marake\u015f)<\/td>\n<td style=\"text-align: center; font-family: arial,sans-serif; font-size: 11px;\">Chez Ali Restorant\u0131 (Marake\u015f)<\/td>\n<td><\/td>\n<\/tr>\n<tr>\n<td style=\"background: transparent url('http:\/\/picasaweb.google.com.tr\/s\/c\/transparent_album_background.gif') no-repeat scroll left center; height: 200px;\" align=\"center\"><a href=\"https:\/\/photos.app.goo.gl\/F4AHnTRo6xEMyxsF7\"><img loading=\"lazy\" decoding=\"async\" class=\"alignnone size-medium wp-image-9879\" src=\"https:\/\/xn--adal-oza.net\/wp-content\/uploads\/2026\/04\/gn-Marakes-05-225x300.jpg\" alt=\"\" width=\"225\" height=\"300\" srcset=\"https:\/\/xn--adal-oza.net\/wp-content\/uploads\/2026\/04\/gn-Marakes-05-225x300.jpg 225w, https:\/\/xn--adal-oza.net\/wp-content\/uploads\/2026\/04\/gn-Marakes-05.jpg 540w\" sizes=\"auto, (max-width: 225px) 100vw, 225px\" \/><\/a><\/td>\n<td style=\"background: transparent url('http:\/\/picasaweb.google.com.tr\/s\/c\/transparent_album_background.gif') no-repeat scroll left center; height: 200px;\" align=\"center\"><a href=\"https:\/\/photos.app.goo.gl\/UWdDopq2eQ4vDxvKA\"><img loading=\"lazy\" decoding=\"async\" class=\"alignnone size-medium wp-image-9880\" src=\"https:\/\/xn--adal-oza.net\/wp-content\/uploads\/2026\/04\/ad-Menara-Parki-05-1-300x215.jpg\" alt=\"\" width=\"300\" height=\"215\" srcset=\"https:\/\/xn--adal-oza.net\/wp-content\/uploads\/2026\/04\/ad-Menara-Parki-05-1-300x215.jpg 300w, https:\/\/xn--adal-oza.net\/wp-content\/uploads\/2026\/04\/ad-Menara-Parki-05-1.jpg 720w\" sizes=\"auto, (max-width: 300px) 100vw, 300px\" \/><\/a><\/td>\n<td style=\"background: transparent url('http:\/\/picasaweb.google.com.tr\/s\/c\/transparent_album_background.gif') no-repeat scroll left center; height: 200px;\" align=\"center\"><\/td>\n<td><\/td>\n<\/tr>\n<tr>\n<td style=\"text-align: center; font-family: arial,sans-serif; font-size: 11px;\">Marake\u015f<\/td>\n<td style=\"text-align: center; font-family: arial,sans-serif; font-size: 11px;\">Menara Park\u0131 (Marake\u015f)<\/td>\n<td style=\"text-align: center; font-family: arial,sans-serif; font-size: 11px;\"><\/td>\n<td><\/td>\n<\/tr>\n<tr>\n<td style=\"background: transparent url('http:\/\/picasaweb.google.com.tr\/s\/c\/transparent_album_background.gif') no-repeat scroll left center; height: 200px;\" align=\"center\">\n<div class=\"mceTemp\"><a href=\"https:\/\/photos.app.goo.gl\/ZhRY2kZczhPFkF7X6\"><img loading=\"lazy\" decoding=\"async\" class=\"size-medium wp-image-9883\" src=\"https:\/\/xn--adal-oza.net\/wp-content\/uploads\/2026\/04\/ab-Essaouira-05-1-300x297.jpg\" alt=\"\" width=\"300\" height=\"297\" srcset=\"https:\/\/xn--adal-oza.net\/wp-content\/uploads\/2026\/04\/ab-Essaouira-05-1-300x297.jpg 300w, https:\/\/xn--adal-oza.net\/wp-content\/uploads\/2026\/04\/ab-Essaouira-05-1-150x150.jpg 150w, https:\/\/xn--adal-oza.net\/wp-content\/uploads\/2026\/04\/ab-Essaouira-05-1-100x100.jpg 100w, https:\/\/xn--adal-oza.net\/wp-content\/uploads\/2026\/04\/ab-Essaouira-05-1.jpg 720w\" sizes=\"auto, (max-width: 300px) 100vw, 300px\" \/><\/a><\/div>\n<\/td>\n<td style=\"background: transparent url('http:\/\/picasaweb.google.com.tr\/s\/c\/transparent_album_background.gif') no-repeat scroll left center; height: 200px;\" align=\"center\"><\/td>\n<td style=\"background: transparent url('http:\/\/picasaweb.google.com.tr\/s\/c\/transparent_album_background.gif') no-repeat scroll left center; height: 200px;\" align=\"center\"><\/td>\n<td><\/td>\n<\/tr>\n<tr>\n<td style=\"text-align: center; font-family: arial,sans-serif; font-size: 11px;\">Essaoire<\/td>\n<td style=\"text-align: center; font-family: arial,sans-serif; font-size: 11px;\"><\/td>\n<td style=\"text-align: center; font-family: arial,sans-serif; font-size: 11px;\"><\/td>\n<td><\/td>\n<\/tr>\n<\/tbody>\n<\/table>\n","protected":false},"excerpt":{"rendered":"<p>Eski \u015eehir (Fes) Chouara Tabakhanesi (Fes) Karaviyy\u00een Camisi (Fes) \u00c7iniciler (Fes) Fes Meknes Volubilis K\u0131rall\u0131k Saray\u0131 (Kazablanka) Pa\u015falar Mahkemesi (Kazablanka) Kazablanka (Kazablanka) II. Hasan Camisi (Kazablanka) Hasan Kulesi (Rabat) V. Muhammed An\u0131t Mezar\u0131 Udaya kalesi Bahia Saray\u0131 (Marake\u015f) Kutubia Camisi (Marake\u015f) Jardin Majorelle (Marake\u015f) El Fna Meydan\u0131 (Marake\u015f) Chez Ali Restorant\u0131 (Marake\u015f) Marake\u015f Menara Park\u0131 &hellip; <\/p>\n<p class=\"link-more\"><a href=\"https:\/\/xn--adal-oza.net\/?page_id=4538&#038;lang=en\" class=\"more-link\">Okumaya devam et<span class=\"screen-reader-text\"> &#8220;Maroc&#8221;<\/span><\/a><\/p>\n","protected":false},"author":1,"featured_media":5528,"parent":4534,"menu_order":0,"comment_status":"open","ping_status":"open","template":"","meta":{"footnotes":""},"class_list":["post-4538","page","type-page","status-publish","has-post-thumbnail","hentry"],"_links":{"self":[{"href":"https:\/\/xn--adal-oza.net\/index.php?rest_route=\/wp\/v2\/pages\/4538","targetHints":{"allow":["GET"]}}],"collection":[{"href":"https:\/\/xn--adal-oza.net\/index.php?rest_route=\/wp\/v2\/pages"}],"about":[{"href":"https:\/\/xn--adal-oza.net\/index.php?rest_route=\/wp\/v2\/types\/page"}],"author":[{"embeddable":true,"href":"https:\/\/xn--adal-oza.net\/index.php?rest_route=\/wp\/v2\/users\/1"}],"replies":[{"embeddable":true,"href":"https:\/\/xn--adal-oza.net\/index.php?rest_route=%2Fwp%2Fv2%2Fcomments&post=4538"}],"version-history":[{"count":14,"href":"https:\/\/xn--adal-oza.net\/index.php?rest_route=\/wp\/v2\/pages\/4538\/revisions"}],"predecessor-version":[{"id":9893,"href":"https:\/\/xn--adal-oza.net\/index.php?rest_route=\/wp\/v2\/pages\/4538\/revisions\/9893"}],"up":[{"embeddable":true,"href":"https:\/\/xn--adal-oza.net\/index.php?rest_route=\/wp\/v2\/pages\/4534"}],"wp:featuredmedia":[{"embeddable":true,"href":"https:\/\/xn--adal-oza.net\/index.php?rest_route=\/wp\/v2\/media\/5528"}],"wp:attachment":[{"href":"https:\/\/xn--adal-oza.net\/index.php?rest_route=%2Fwp%2Fv2%2Fmedia&parent=4538"}],"curies":[{"name":"wp","href":"https:\/\/api.w.org\/{rel}","templated":true}]}}