{"id":4585,"date":"2018-05-25T16:40:52","date_gmt":"2018-05-25T14:40:52","guid":{"rendered":"https:\/\/xn--adal-oza.net\/?page_id=4585"},"modified":"2019-05-09T22:38:54","modified_gmt":"2019-05-09T20:38:54","slug":"georgia","status":"publish","type":"page","link":"https:\/\/xn--adal-oza.net\/?page_id=4585&lang=en","title":{"rendered":"Georgia"},"content":{"rendered":"<table style=\"text-align: center;\" border=\"0\" width=\"100%\" cellspacing=\"0\" cellpadding=\"0\">\n<colgroup>\n<col width=\"%25\" \/>\n<col width=\"%25\" \/>\n<col width=\"%25\" \/>\n<col width=\"%25\" \/> <\/colgroup>\n<tbody>\n<tr>\n<td style=\"background: transparent url('http:\/\/picasaweb.google.com.tr\/s\/c\/transparent_album_background.gif') no-repeat scroll left center; height: 200px;\" align=\"center\"><a href=\"https:\/\/photos.app.goo.gl\/QHvEorW6qJKFTyUT7\"><img loading=\"lazy\" decoding=\"async\" class=\"aligncenter\" src=\"https:\/\/lh5.googleusercontent.com\/-KENtlIBMoX0\/VJFH8eFzFhE\/AAAAAAAAahs\/L784rpIgfV4\/w199-h137-p\/Miskheta\" alt=\"Foto\u011fraf\" width=\"180\" height=\"120\" \/><\/a><\/td>\n<td style=\"background: transparent url('http:\/\/picasaweb.google.com.tr\/s\/c\/transparent_album_background.gif') no-repeat scroll left center; height: 200px;\" align=\"center\"><a href=\"https:\/\/photos.app.goo.gl\/DDinxnPAe9xywXh1A\"><img loading=\"lazy\" decoding=\"async\" class=\"aligncenter\" src=\"https:\/\/lh5.googleusercontent.com\/AM_9SF7Df8l5A3egxazjFom0Q2UqBgLD52EkFI6c4Vyh=w339-h225-p-no\" alt=\"Foto\u011fraf\" width=\"180\" height=\"120\" \/><\/a><\/td>\n<td style=\"background: transparent url('http:\/\/picasaweb.google.com.tr\/s\/c\/transparent_album_background.gif') no-repeat scroll left center; height: 200px;\" align=\"center\"><a href=\"https:\/\/photos.app.goo.gl\/N5fbES4MWRHdpgfQA\"><img loading=\"lazy\" decoding=\"async\" class=\"aligncenter\" src=\"https:\/\/lh6.googleusercontent.com\/-1Vt-lV-sQbc\/VJFGdLVNY9E\/AAAAAAAAabU\/PTlaRWuA5P8\/w199-h137-p\/Tiflis\" alt=\"Foto\u011fraf\" width=\"180\" height=\"120\" \/><\/a><\/td>\n<td style=\"background: transparent url('http:\/\/picasaweb.google.com.tr\/s\/c\/transparent_album_background.gif') no-repeat scroll left center; height: 200px;\" align=\"center\"><a href=\"https:\/\/photos.app.goo.gl\/8cPPwjqEpCpnDiWj7\"><img loading=\"lazy\" decoding=\"async\" class=\"aligncenter\" src=\"https:\/\/lh6.googleusercontent.com\/-fs6g4IA1uCI\/VJFIitQjKEE\/AAAAAAAAakg\/fmE4kzVLsdg\/w199-h137-p\/GurcistanTarihiAnT\" alt=\"Foto\u011fraf\" width=\"180\" height=\"120\" \/><\/a><\/td>\n<\/tr>\n<tr>\n<td style=\"text-align: center; font-family: arial,sans-serif; font-size: 11px;\">Miskheta<\/td>\n<td style=\"text-align: center; font-family: arial,sans-serif; font-size: 11px;\">Djvari Kilisesi<\/td>\n<td style=\"text-align: center; font-family: arial,sans-serif; font-size: 11px;\">Tiflis (Tbilisi)<\/td>\n<td style=\"text-align: center; font-family: arial,sans-serif; font-size: 11px;\">G\u00fcrcistan Tarihi An\u0131t\u0131<\/td>\n<\/tr>\n<tr>\n<td style=\"background: transparent url('http:\/\/picasaweb.google.com.tr\/s\/c\/transparent_album_background.gif') no-repeat scroll left center; height: 200px;\" align=\"center\"><a href=\"https:\/\/photos.app.goo.gl\/vHX7miAgpsjQ7kkr7\"><img loading=\"lazy\" decoding=\"async\" class=\"aligncenter\" src=\"https:\/\/lh6.googleusercontent.com\/-DKGok6WXExI\/VJFIpDA9s5E\/AAAAAAAAaoo\/A5KR9DY0M90\/w199-h137-p\/TiflisSamebaKatedrali\" alt=\"Foto\u011fraf\" width=\"180\" height=\"120\" \/><\/a><\/td>\n<td style=\"background: transparent url('http:\/\/picasaweb.google.com.tr\/s\/c\/transparent_album_background.gif') no-repeat scroll left center; height: 200px;\" align=\"center\"><a href=\"https:\/\/photos.app.goo.gl\/Eu2YeFMndkaqgg2u5\"><img loading=\"lazy\" decoding=\"async\" class=\"aligncenter\" src=\"https:\/\/lh3.googleusercontent.com\/-5yw0RYFfXyM\/VJFJMt-M0UE\/AAAAAAAAav0\/qkj6UbqTu4g\/w199-h137-p\/Sighnaghi\" alt=\"Foto\u011fraf\" width=\"180\" height=\"120\" \/><\/a><\/td>\n<td style=\"background: transparent url('http:\/\/picasaweb.google.com.tr\/s\/c\/transparent_album_background.gif') no-repeat scroll left center; height: 200px;\" align=\"center\"><a href=\"https:\/\/photos.app.goo.gl\/d781vF9NNN9GLPUdA\"><img loading=\"lazy\" decoding=\"async\" class=\"aligncenter\" src=\"https:\/\/lh6.googleusercontent.com\/-1lzZT22nTes\/VJFJk-422IE\/AAAAAAAAayM\/Q71ZSegVj3I\/w199-h137-p\/SighnaghiMuzesi\" alt=\"Foto\u011fraf\" width=\"180\" height=\"120\" \/><\/a><\/td>\n<td><a href=\"https:\/\/photos.app.goo.gl\/VvdGq8Qj8bQ5mtiq8\"><img loading=\"lazy\" decoding=\"async\" class=\"aligncenter\" src=\"https:\/\/lh4.googleusercontent.com\/-hvwQskLPEQI\/VJFI-v_x_vE\/AAAAAAAAarQ\/xZVImWpuD4U\/w199-h137-p\/BodbeManastRKakheti\" alt=\"Foto\u011fraf\" width=\"180\" height=\"120\" \/><\/a><\/td>\n<\/tr>\n<tr>\n<td style=\"text-align: center; font-family: arial,sans-serif; font-size: 11px;\">Tiflis Sameba Katedrali<\/td>\n<td style=\"text-align: center; font-family: arial,sans-serif; font-size: 11px;\">Sighnaghi<\/td>\n<td style=\"text-align: center; font-family: arial,sans-serif; font-size: 11px;\">Sighnaghi M\u00fczesi<\/td>\n<td style=\"text-align: center; font-family: arial,sans-serif; font-size: 11px;\">Bodbe Manast\u0131r\u0131 (Kakheti)<\/td>\n<\/tr>\n<\/tbody>\n<\/table>\n","protected":false},"excerpt":{"rendered":"<p>Miskheta Djvari Kilisesi Tiflis (Tbilisi) G\u00fcrcistan Tarihi An\u0131t\u0131 Tiflis Sameba Katedrali Sighnaghi Sighnaghi M\u00fczesi Bodbe Manast\u0131r\u0131 (Kakheti)<\/p>\n","protected":false},"author":1,"featured_media":5724,"parent":4567,"menu_order":0,"comment_status":"open","ping_status":"open","template":"","meta":{"footnotes":""},"class_list":["post-4585","page","type-page","status-publish","has-post-thumbnail","hentry"],"_links":{"self":[{"href":"https:\/\/xn--adal-oza.net\/index.php?rest_route=\/wp\/v2\/pages\/4585","targetHints":{"allow":["GET"]}}],"collection":[{"href":"https:\/\/xn--adal-oza.net\/index.php?rest_route=\/wp\/v2\/pages"}],"about":[{"href":"https:\/\/xn--adal-oza.net\/index.php?rest_route=\/wp\/v2\/types\/page"}],"author":[{"embeddable":true,"href":"https:\/\/xn--adal-oza.net\/index.php?rest_route=\/wp\/v2\/users\/1"}],"replies":[{"embeddable":true,"href":"https:\/\/xn--adal-oza.net\/index.php?rest_route=%2Fwp%2Fv2%2Fcomments&post=4585"}],"version-history":[{"count":10,"href":"https:\/\/xn--adal-oza.net\/index.php?rest_route=\/wp\/v2\/pages\/4585\/revisions"}],"predecessor-version":[{"id":7396,"href":"https:\/\/xn--adal-oza.net\/index.php?rest_route=\/wp\/v2\/pages\/4585\/revisions\/7396"}],"up":[{"embeddable":true,"href":"https:\/\/xn--adal-oza.net\/index.php?rest_route=\/wp\/v2\/pages\/4567"}],"wp:featuredmedia":[{"embeddable":true,"href":"https:\/\/xn--adal-oza.net\/index.php?rest_route=\/wp\/v2\/media\/5724"}],"wp:attachment":[{"href":"https:\/\/xn--adal-oza.net\/index.php?rest_route=%2Fwp%2Fv2%2Fmedia&parent=4585"}],"curies":[{"name":"wp","href":"https:\/\/api.w.org\/{rel}","templated":true}]}}