{"id":4605,"date":"2018-05-25T16:44:11","date_gmt":"2018-05-25T14:44:11","guid":{"rendered":"https:\/\/xn--adal-oza.net\/?page_id=4605"},"modified":"2020-12-10T17:21:20","modified_gmt":"2020-12-10T15:21:20","slug":"kirghizistan","status":"publish","type":"page","link":"https:\/\/xn--adal-oza.net\/?page_id=4605&lang=en","title":{"rendered":"Kirghizistan"},"content":{"rendered":"<table style=\"text-align: center;\" border=\"0\" width=\"100%\" cellspacing=\"0\" cellpadding=\"0\">\n<colgroup>\n<col width=\"%25\" \/>\n<col width=\"%25\" \/>\n<col width=\"%25\" \/>\n<col width=\"%25\" \/> <\/colgroup>\n<tbody>\n<tr>\n<td style=\"background: transparent url('http:\/\/picasaweb.google.com.tr\/s\/c\/transparent_album_background.gif') no-repeat scroll left center; height: 200px;\" align=\"center\"><a href=\"https:\/\/goo.gl\/photos\/bkS9JW4nh1h4LCeE7\"><img loading=\"lazy\" decoding=\"async\" class=\"aligncenter\" src=\"https:\/\/lh3.googleusercontent.com\/2XRRGrW3i9UG_riKlvaRy0ir1JRTLuUFZMxPm8u3z-6AOiY-qlGHtL7dLIX0hsAdfA_iheHGGz0K7zQ2uVrwvpMw01UdF9T3o1UqVdaXB2GVHP9U2T7S1yT9R_1RmZqq2bRfOlQ4zgD1XhlYFcqFeb1B3RV6PB-ASWqmOQNiGis2QzEoZ60hK1D1E2UJj1XkpVz8E1LnXJxvS9rAV5gYzu0QGlDiEwg6xJ0AkfcfuIUc1NjXFbx248B4EaYkeEQzOfEEx1mwseVLtorFcjAxkr8ZHXPwwpAxxxFa3Hr7LQtlN5CZjizVGvBTm1dTgvZCRUigbsT0Kc6tFGtmzP5KAlZ28V1w-SdldjWnZ5AHJsZexQ75qWC7kAAeSNHImW_k1ZauEEiFGif6z6PoB4xeFa5Wvfq5cvuYAo0UhuZDAPh18UQJoM_ChaEU0O1QkLnUpwYhLMAUllzcu89KNzLUyr8OYhBkDryn3XuaB1iBU7jCDlUm_RIagMAfRsDBDWGtgIuqGCQTJ2YzwX4P9-SdEFdV9GSJbd-LE-yxrtSrI9ND7B5AlvJDipQ40UMeOAL6dR5N2ByU8UYT_2Z_jbrKRsaU8_5oIlvbGaGnzGKt8CCe4IwH=w1104-h828-no\" alt=\"\" width=\"180\" height=\"120\" \/><\/a><\/td>\n<td style=\"background: transparent url('http:\/\/picasaweb.google.com.tr\/s\/c\/transparent_album_background.gif') no-repeat scroll left center; height: 200px;\" align=\"center\"><a href=\"https:\/\/goo.gl\/photos\/UcciYmR9BPs1Rwjn7\"><img loading=\"lazy\" decoding=\"async\" class=\"aligncenter\" src=\"https:\/\/lh3.googleusercontent.com\/Z3JshCYd-kr2nKWbHn6af8JjENOZsGpdW5WCYgYTcTkLqg0nDhRLQvyBXll8v1IaANpiMJpQbcl_ttx6pYdlQTjaAk2GYaQPaHBNcriIeIIiZx-UGRzqg7SM2540RM_gnZtYWA276nkvVclPfhIEh4ySS1BPMcd6bC9eZ0ohiKdeH0HbdLqf1LgCgya2mLFC7Pw9_S_V_OmcLgtKsEqsCblIh1zb26qHzMzQN40of7BULplxXI3SjhMVMAqmOnlYvp7BSRIETTBLZPGhZJZFhuOzfHc_hgYkB3FwGf07XuaYeQOSyVbKvcVQWl0wqOTkfd7_9qYabNxhvFOESDfgc35fb1lB4iLQkhFHg6OyJXycsCtFp7P7ufuCDKQJ3pUpGLzLWjvR7qQv8XY_UMot_tUBZ8MKgucKefhfmRmxCTyeqrbjnbNfbYBJwK2fdTwVohzF0ttpBHrVxbH_CSCASltUIL7YlBw33_gf9NM5YQm4bAs2k4Y45crt6GtylaOBE2iGwNsO-HVjKK0az5viMdCwVDVEz_Lc4DNjOQNOlUo5TSVphA5uunqAAvscReOdXxZOKM8U9_uOZ7KE8WU1S6TshTlNq7nNGGBzVCKL0MbD05Hj=w1104-h828-no\" alt=\"\" width=\"180\" height=\"120\" \/><\/a><\/td>\n<td style=\"background: transparent url('http:\/\/picasaweb.google.com.tr\/s\/c\/transparent_album_background.gif') no-repeat scroll left center; height: 200px;\" align=\"center\"><a href=\"https:\/\/goo.gl\/photos\/VWzfuP6WnikQdYaV7\"><img loading=\"lazy\" decoding=\"async\" class=\"aligncenter\" src=\"https:\/\/lh3.googleusercontent.com\/atJBjlY0HnM7z8cA1NPdt9q7ENPK5d3XPvPjTIoOMWLETnhWyxouzaKDqhFOhAryg9oIHuf6aj9ia6SKcfaASadRIhJQ1uRtzhT_oO1uIylD4Sh4e2ld--s8O7peCt3BRnB9bK0OGmlRSjb46hnKt8EZCzcjqIl7F3upvFweOX3YWyyXSS0zoqxUnYGUl5zJugLQMtXO2CxF3bG1D8sMPxXdUACw7HEjMPvKt6m4t5JhC6N4aNkB3vltSpm8hvMvPoP6rPutnXnpSp4syKLw0hOKTcNhtihJ8JOF8ONGbJpLeNKpM1sPGI7GWJy8MjTpsRfB0QTM9WbxxQ9WSzfFe1nOQWNXdT6r1potS1e41bvSTIyLM16F5fP_GS2UMtz01-dy0SxxFzi91_Mt-oVYe9Q7RAVkp_8gX1XyrkHX_RVpLWO5unVsQdy9VA_xobDhB7iIsV5PpSWTjJlx7nV2N0__8U9f7iKmEs1YT0mlXqU1rxh88dH5Saf39lQ-UCy3Yu0g0yVGlluQqgRQktFIMEr47twKePOIjvLv3twrdd6of6867Rjz28hG26ivCmhLU-52PpQR9XFiQvLBfbg2U7d5JNEX8joswHFiNQCbwIT_41NOKw=w1104-h828-no\" alt=\"\" width=\"180\" height=\"120\" \/><\/a><\/td>\n<td style=\"background: transparent url('http:\/\/picasaweb.google.com.tr\/s\/c\/transparent_album_background.gif') no-repeat scroll left center; height: 200px;\" align=\"center\"><a href=\"https:\/\/goo.gl\/photos\/88JPk4J6bAGo5So97\"><img loading=\"lazy\" decoding=\"async\" class=\"aligncenter\" src=\"https:\/\/lh3.googleusercontent.com\/__xUoBKnbZhvuXnkVzc1vP-_2SBVPM7Jg3tnNBOg3o7hHzLyNyxsEx-ljII2xBqcSj_TegxzGGrVnh3G4SulVk5J1Af071pRhmfEtQ1GaCH98TgYhYYv0uu-9Z9ao9OQ1PJxqeUJP9GU1L-aO5ykP_X34swmLf5glnzO1-zqS5oJ1xGrKax1xdaCWC95H-kmBRnXawU5r3XweMPOWIu2s_L-B04-OggRsvf0kerdoQ4PxTzidoLLBz4nQq8spZ8qC2MK_Wv79uJHxOXiiJ5iw2yO24yUPTy1QvhWBr0-ggvPLAQfUx8Z9BxVyweoGOGBNB0eelwhicHIBaEA5_LTHZD4K3hpqHzs1pr9s6wlesFu85YDM0Z-SpAK4qTrUiI-M5yH49J2hvnV1aUjv8ni01TT-ntHV13Ou7NMafe9z4L_So1o6Bl9gnDORm2UM2LRnjVwuGBNtwFr_dZ5tlu8nD_jZkG_vfr2NRE5NUV3ByPEzmM3obdTCtLqP9E-D3-WJtphnHB4aenY_87p_382AQ4_9OlV82pUgKSg4hEtfzJKrYHPrNuCUpQNOIcNL6Ep6c45m0WI9aLvALnf2OlVNkj4GcelDsEcRJbKHRO1GTdoHWld=w1104-h828-no\" alt=\"\" width=\"180\" height=\"120\" \/><\/a><\/td>\n<\/tr>\n<tr>\n<td style=\"text-align: center; font-family: arial,sans-serif; font-size: 11px;\">Bi\u015fkek (2006)<\/td>\n<td style=\"text-align: center; font-family: arial,sans-serif; font-size: 11px;\">Bi\u015fkek M\u00fczesi (2006)<\/td>\n<td style=\"text-align: center; font-family: arial,sans-serif; font-size: 11px;\">Balasugan (2006)<\/td>\n<td style=\"text-align: center; font-family: arial,sans-serif; font-size: 11px;\">Ala Archa Vadisi (2006)<\/td>\n<\/tr>\n<tr>\n<td style=\"background: transparent url('http:\/\/picasaweb.google.com.tr\/s\/c\/transparent_album_background.gif') no-repeat scroll left center; height: 200px;\" align=\"center\"><a href=\"https:\/\/goo.gl\/photos\/5NtAh9cbtbR1oeof9\"><img loading=\"lazy\" decoding=\"async\" class=\"aligncenter\" src=\"https:\/\/lh3.googleusercontent.com\/8uUcct-6HoA4OhEIihU-pEavF1SeHpVASRqc8HsDAbkz6OlK3boTBtrCCdccA-u1L8xTdc75LLdlUl62cO4MHbU40NNQVTc0rxY9wMwAuSq4-HW1U2DWTCqMl_ePw2Ar1f6hkFkQaCLtA8CRTmIWhLnT31LTD77du9LqT5IqQwaDCudfctDPysXDA4USOtPQ_dV-fZw-D0OsmtBoObmSwipcAxP8hQlYmfw1rhcFLui1hClmLGjVxNaUsKlQB5OzC8If0xjzyEP1_aWfpdJnGywajWAUy_7SfQV9xZauF1iFNrMYOM4fqlHCC04heESg0Cg-O_i-e0dnhPoidVR_GP63pgI1m27dmE-uNMe956FE_-61tWzVXIUMSFdN0aAVyHymgJX5TPvtUf9BLyXHnrwcY-SKNFEChItFqIso2dh2vuFIp-x2jHtIlbSm1FFVC5gXP7npb4-9XqhRBfAqwRmOvVrJGtZCq9ZQVVICpByN2q5iLANqprk7sLXOsV5SxBCMy3zmT3XRQ2p6tf1cFAkWacsvb8ETYJpr8I6s_uqV1ErDuj1YFfaUVVvFK0XzgrSQBAcTI6lMlRIWQGoC8CSZDt2nybjWG4Vi9v5251gzymhW2g=w1104-h828-no\" alt=\"\" width=\"180\" height=\"120\" \/><\/a><\/td>\n<td style=\"background: transparent url('http:\/\/picasaweb.google.com.tr\/s\/c\/transparent_album_background.gif') no-repeat scroll left center; height: 200px;\" align=\"center\"><a href=\"https:\/\/goo.gl\/photos\/sTWE4YhoAHao78YKA\"><img loading=\"lazy\" decoding=\"async\" class=\"aligncenter\" src=\"https:\/\/lh3.googleusercontent.com\/uC8ek8bxa_HektTaU4eb8OZT2YXSCazy7iboc8qEo28OflGAuWB1CSbH2UeKxQRIJFyS9bnuHHqJwboX0-bOLhGIzxs8udVnOdm1XDtcF5nJunJmGTl_rPSpi0EHeZ2sjObO_ha76Khwjc5QdfbHJcr5ZFtXZMkVR5NACbakyvdCOctTpSqxgaMehPv6_GIVuN5R6CfYquczGKLrCtZXCSVg0QAhoFPstrYz3w0f5ahhpHFaFF8arKSDuJ503_DU-HOykaapv_Fpb_M-Rp9cctkE73o_RNJgmpTmzJHAedfCHNJAwb6bD8doX_JA66U8EWv595nTWHkVNuZn2dEFjxQJ8KEHhvUb_VM46-0cggcyViK0vEUh28lUB_bA11WiozJiCmKNLESbE9AeihKT81mP4R9Nlf5rJ2BUdFXghgY8hsMskqR61eArh2CN2FKpTuIZ8Ob78Pchgqezk6UbesAWuqO7qtFyC2s6Raki3xlDiYINRO__4QIYlWeK7FTJJ24eJT5543OdYzrzkK33y6ZbS8HvR6pFT3BT5XZ6XLPQNXI3nKixeWhqNqCQDysOw5ArOfGDs6eCj9mZJp93DaKA1hpC6sgf_WLDwP8GDAOh7JzOHw=w398-h299-no\" alt=\"\" width=\"180\" height=\"120\" \/><\/a><\/td>\n<td style=\"background: transparent url('http:\/\/picasaweb.google.com.tr\/s\/c\/transparent_album_background.gif') no-repeat scroll left center; height: 200px;\" align=\"center\"><a href=\"https:\/\/goo.gl\/photos\/iNz6tjuMQ2zSc2pE7\"><img loading=\"lazy\" decoding=\"async\" class=\"aligncenter\" src=\"https:\/\/lh3.googleusercontent.com\/LUBDeih516ZX9As5-0RujmVgKFZ-FkWmzQwr32JXUtKLmS68MinE7uVbJKoXVcdmSK2KSAGdDbhE31vq8tDsReNjqg6TlMwdqHJuAbcOJxFYfQKxMaPkCSAb_4LaoTTrL01F4J2x1Tm0xkNcPmQ9aKJUzoL6_VFnhM6DfREuvk5LoVo5f2f9MpOcGkxvQUqDcXgMnvEyGxqZXKxIaHGxRxc5bkcc4mlfD0IubuEbO5vHrF5igFzV-l1_2IEw9lUHX0rJwhWZ7Nht_Nx9D3fy8HKeiQq4c0xZCUbBnzqS-jDdtTjmIHd0KHGnWuTZG4z0H5CbzEm67Yl4Z7H0EPLsVMOxYPKLsUvO2PVi4h7Agnx6iZvG9ckaa5kO9I_2ykt2vR9iMUtNaPuqASBguZzdY5zMbRMlmVTuTP--Psoe1Z2u0LUAjRAZcv3xfX8dg0hFOhWrcbQIMihATTz2C5c4T5uO0g5rRA2DisJEdOwuYPyqjvp1VHVZzFXFDvENWuU8xJVQOY2H8V_1uFuwFM4zFNdxnPm7CaUa55TYOyuU3xJ2lR4IS53ln-5J9FHnN8YUzD7Zdm9Unx2MyQpiVnt6IGVYju_p8qCMytiJsQj6-sTZcuG5FA=w1240-h828-no\" alt=\"\" width=\"180\" height=\"120\" \/><\/a><\/td>\n<td><a href=\"https:\/\/goo.gl\/photos\/pu99hC5SJXceLZPJ7\"><img loading=\"lazy\" decoding=\"async\" class=\"aligncenter\" src=\"https:\/\/lh3.googleusercontent.com\/fxKGJfo1rHZyiQPtqgvBo6tCuuzF7_AlVbklAZSPwe7grjq626Xh5BoCnx50sdeu-Fi0k79FhYFbnhT-JHXqxtVTZDEcx8etAiZg7ZnTzvQQ4nTZ17lzIPYXc9Bb7j_uomJFiihMkd1RzCHi5XhcAO3gHQRw32MmO6XNBqPOg-Rnxqij1NT4ATeJfLAWIX4w23HTZKLL0IUzG7Xs1FbGRmr03dHAs0yOfjEsjh_HvcaHthUlv-jC4ByGUAxlhTR_b0WLY0aQsFfOz_3P29mfzPo64t6yOiqI1bXNip75T2XYIe1Kqp4vJ07owXY5834FbhfWlwivfBPU1Uf_n6Un71RY_Zzlxy9QQJ63dXAIUWyLSTENqHBJTy54RMS11MjjZTY2UkuRAtTnyUsiAq30KTgC8pkNABWWWezURd-h3y0JqtSDEd94WgV6ySHTgWe7O2oNszIOg_DxlN3v1rdxlr8MnBLHIc4lvM3AFQa0LlRXArU3p8RMx9sQAw2zKNSR4SeVWVqmxhH3zQhp7k8ahFbBWolOa8OE8L261AqjIRS7LwQb6creQyHDNxqoYkZODtyZqoAmK__jxCDY_5TzNAjH3Un_DQG14_XxhINHpc2VyUMOGA=w1240-h828-no\" alt=\"\" width=\"180\" height=\"120\" \/><\/a><\/td>\n<\/tr>\n<tr>\n<td style=\"text-align: center; font-family: arial,sans-serif; font-size: 11px;\">\u015eehitlik (2006)<\/td>\n<td style=\"text-align: center; font-family: arial,sans-serif; font-size: 11px;\">G\u00f6steri (2006)<\/td>\n<td style=\"text-align: center; font-family: arial,sans-serif; font-size: 11px;\">Alamedin Gorge (2016)<\/td>\n<td style=\"text-align: center; font-family: arial,sans-serif; font-size: 11px;\">Iss\u0131k Ata (2016)<\/td>\n<\/tr>\n<tr>\n<td><a href=\"https:\/\/goo.gl\/photos\/NrCozuCFadjPaZoy9\"><img loading=\"lazy\" decoding=\"async\" class=\"aligncenter\" src=\"https:\/\/lh3.googleusercontent.com\/wR9UsBQnT_VZYX_CcElXqGfZuBK8sYCN1D-ew5gxIqOcne_gAEsIML9L8Zep6jUj7fwMN5cySIF94XOrBETPv2akFdDAjvXT4oRYlJpFD07taEMRUztKPeqPXqlLmBLZcRUrCQiQBfeCdynHVfVuIGBSPGG95XTCIpTbF5OPni902mL82lj5hmmpdbmn6VZPRer0iE-Dg6QSb3a9OqSAClKbZw4uP_LiruoKzg3Y7LhuAMzzW_8dEX26GTO4j_HdBvdsEZ2xPSzfTRpoxdequHr6-rrE4UPWzPi93KKoszvVHP7kzJDPJfofoAILO-EeupjqzeWON0cbH7YMzUaJB2mYpQhiQjuMHqO8qBxnZCpu3nRVKrW6zuht_LANolXSXklHWyLWWqBX79Df-PfDvA_9eY-p9tdEseoM0zx5d9gymeHLrXA_v8HNZNwT4T-VVF1C4b4lwzdsDIJgO3y2JHHwATUVgLjHRHkryR7gC5v1gNxWWA5UbSRROq6i3h2QCgH4WcaMkSMEK3sQoap5FyXmkZDfCYCZyKseweAd_UxboxioWJXBennzkAeEaG0nlDNB5E99cgqPFpJSiE9LGe_uwFf0xHky7JC-kWEAH30_4LP8ng=w885-h590-no\" alt=\"\" width=\"180\" height=\"120\" \/><\/a><\/td>\n<td><a href=\"https:\/\/goo.gl\/photos\/3jpAwBSVc5GgwUN68\"><img loading=\"lazy\" decoding=\"async\" class=\"aligncenter\" src=\"https:\/\/lh3.googleusercontent.com\/xlpMeD6N6o1LZI4TK7vlhF84AuEMwY5a5lFi7L8Nn9kHE9JB1wNQwmMVcEzMAKbrYGZWEoVSltGAt0lujRDpHsjbYIDyg19SrkUPRlqiMEQNu7MPmQyBxJ7lTReo6c9auCf_-HWtm3h7ooYG_aJleKQ5CGbfH8oGFw-h87WECqLkoAW2Te5C8dXlQHJzThRcJxgioDcJFXQYzsaOWvQXOIIpc5CdAO9FkNYU-Gqb5VEfzEzbb8XZgK7NAOg2HgokJ1KhHhznhmjfmTD-dxNY5AtOcu8E_u4ow_9v136LbBPzAwLd_mJO7lC5A8cwKE_l98xJL_RPtN_NJmbP9iRNRdk5BvfMlXmfrbi-S4zPchc86ZL7eqtzzAoCQ1R53sNvdXqsfksNClvcfJpr8jzpg3GiZVWFjmrj-kv5sRxlM2qcFS16z5v1altLaHe98h80AlhJbIOVxkish6EIFkRuh4TN3fCoLaL98sYrvcdFDCm1uvb4OC9y9IQxpt4XgoaisZIBmClxgjEYEfSPyG1x-MSUP8qbCvBkq9uxTcsAoDG4oZS-VMssSBi616D7VI8wu3LgB7SdK_w2p4deefHOR8g9XaTRBoBIlnn0vac4IcUhFuyeZg=w1240-h828-no\" alt=\"\" width=\"180\" height=\"120\" \/><\/a><\/td>\n<td><a href=\"https:\/\/goo.gl\/photos\/tLPKV6E5Ym1MtLiRA\"><img loading=\"lazy\" decoding=\"async\" class=\"aligncenter\" src=\"https:\/\/lh3.googleusercontent.com\/XcGzIRtYrawnaCwQDWGW5kRUXPh1Ltadk3BQlr_Sj4hNHOy0pzkxH_4GeC1JlVSCOxYUAwNQrwSM9-4Sfc9dCl4Bs1gbkaZHUKCppGJXc1xaeKb5DuR3OC-N2z76389IsIf-vdZ_Z_dhRbItKdYAJGch4d4G7Dh6ItnA4pHUd-TbEzEEl5LN4jwiTneqF2PzEkpt-qWHQ_rlDqi_tSNyKuxo9gHLjmRvM3UNMkn2CNx5KZKsC4-OlSN8L9RdJqlHpGS_VF5FBtwyXItwEip1DnBrTKFcfreutcmFt4rn4MvC720Vxn4NNRXhAnxarsyf7pzcmP_u_UBEaT2Y_0CZ4FnxSbUpULQwrF5YHQUbqTMS0JccAvDY5B-0T_p2d1XHGetb8z_jkBByX12RAkHSBc9vB48FNBhpuH2jxVGR97EaqLr9rcf4xLTEB4XfrgYVfwDP3-oe-qOqqIHj5kYoPzxGNTDnUPhBPYYO6u-1G29FYPdN1RgjTdFYRJr2-keyH4IlCDaq0gf1xtEif3gyA602xlufk-VzB9_djkVKfURRnCNyBJOPwtvwAOei1SDuL7jxvTn5sMZS8_HcNvEb-CNeI2EMprmtNGCDFhmM3-ctlS05NQ=w1240-h828-no\" alt=\"\" width=\"180\" height=\"120\" \/><\/a><\/td>\n<td><\/td>\n<\/tr>\n<tr>\n<td style=\"text-align: center; font-family: arial,sans-serif; font-size: 11px;\">\u015eehitlik (2016)<\/td>\n<td style=\"text-align: center; font-family: arial,sans-serif; font-size: 11px;\">Supara (2016)<\/td>\n<td style=\"text-align: center; font-family: arial,sans-serif; font-size: 11px;\">Iss\u0131k Kul (G\u00f6l) (2016)<\/td>\n<td style=\"text-align: center; font-family: arial,sans-serif; font-size: 11px;\"><\/td>\n<\/tr>\n<\/tbody>\n<\/table>\n","protected":false},"excerpt":{"rendered":"<p>Bi\u015fkek (2006) Bi\u015fkek M\u00fczesi (2006) Balasugan (2006) Ala Archa Vadisi (2006) \u015eehitlik (2006) G\u00f6steri (2006) Alamedin Gorge (2016) Iss\u0131k Ata (2016) \u015eehitlik (2016) Supara (2016) Iss\u0131k Kul (G\u00f6l) (2016)<\/p>\n","protected":false},"author":1,"featured_media":8284,"parent":4567,"menu_order":0,"comment_status":"open","ping_status":"open","template":"","meta":{"footnotes":""},"class_list":["post-4605","page","type-page","status-publish","has-post-thumbnail","hentry"],"_links":{"self":[{"href":"https:\/\/xn--adal-oza.net\/index.php?rest_route=\/wp\/v2\/pages\/4605","targetHints":{"allow":["GET"]}}],"collection":[{"href":"https:\/\/xn--adal-oza.net\/index.php?rest_route=\/wp\/v2\/pages"}],"about":[{"href":"https:\/\/xn--adal-oza.net\/index.php?rest_route=\/wp\/v2\/types\/page"}],"author":[{"embeddable":true,"href":"https:\/\/xn--adal-oza.net\/index.php?rest_route=\/wp\/v2\/users\/1"}],"replies":[{"embeddable":true,"href":"https:\/\/xn--adal-oza.net\/index.php?rest_route=%2Fwp%2Fv2%2Fcomments&post=4605"}],"version-history":[{"count":2,"href":"https:\/\/xn--adal-oza.net\/index.php?rest_route=\/wp\/v2\/pages\/4605\/revisions"}],"predecessor-version":[{"id":5765,"href":"https:\/\/xn--adal-oza.net\/index.php?rest_route=\/wp\/v2\/pages\/4605\/revisions\/5765"}],"up":[{"embeddable":true,"href":"https:\/\/xn--adal-oza.net\/index.php?rest_route=\/wp\/v2\/pages\/4567"}],"wp:featuredmedia":[{"embeddable":true,"href":"https:\/\/xn--adal-oza.net\/index.php?rest_route=\/wp\/v2\/media\/8284"}],"wp:attachment":[{"href":"https:\/\/xn--adal-oza.net\/index.php?rest_route=%2Fwp%2Fv2%2Fmedia&parent=4605"}],"curies":[{"name":"wp","href":"https:\/\/api.w.org\/{rel}","templated":true}]}}