{"id":4612,"date":"2018-05-25T16:44:54","date_gmt":"2018-05-25T14:44:54","guid":{"rendered":"https:\/\/xn--adal-oza.net\/?page_id=4612"},"modified":"2020-12-10T15:34:50","modified_gmt":"2020-12-10T13:34:50","slug":"nepal","status":"publish","type":"page","link":"https:\/\/xn--adal-oza.net\/?page_id=4612&lang=en","title":{"rendered":"Nepal"},"content":{"rendered":"<table style=\"text-align: center;\" border=\"0\" width=\"100%\" cellspacing=\"0\" cellpadding=\"0\">\n<colgroup>\n<col width=\"%25\" \/>\n<col width=\"%25\" \/>\n<col width=\"%25\" \/>\n<col width=\"%25\" \/> <\/colgroup>\n<tbody>\n<tr>\n<td style=\"background: transparent url('http:\/\/picasaweb.google.com.tr\/s\/c\/transparent_album_background.gif') no-repeat scroll left center; height: 200px;\" align=\"center\"><a href=\"https:\/\/photos.app.goo.gl\/jMZBY1VpB9S3huMB8\"><img loading=\"lazy\" decoding=\"async\" class=\"aligncenter\" src=\"https:\/\/lh3.googleusercontent.com\/pw\/ACtC-3fntL88g0g82_1PHKsAFckfdrtIrt-4VsV89juai5an7qUETuwEEs3hNADNkRwrqba0MWdKGZmNEULxLIWdmSIFT-pmNMYtKHz12U-1VOAjkLkQiH5R_OD3ZJcLR3eBzMhrntoRna4_nOTIgLp9L-uh=w838-h558-no?authuser=2\" width=\"178\" height=\"118\" \/><\/a><\/td>\n<td style=\"background: transparent url('http:\/\/picasaweb.google.com.tr\/s\/c\/transparent_album_background.gif') no-repeat scroll left center; height: 200px;\" align=\"center\"><a href=\"https:\/\/photos.app.goo.gl\/LiPS7fxSfkvscKFN8\"><img loading=\"lazy\" decoding=\"async\" class=\"aligncenter\" src=\"https:\/\/lh3.googleusercontent.com\/pw\/ACtC-3fyDrKD5lIQDAbUa_gTqPlMwo0wHcx9sZ1BRzv5Jh_UCHlEW3lQAyaIcWLug2i30K3539F62CnDsz-vZSH7jqBkX7z0hsJWjAJ1zIIfGZo6ukBbGIs8cGPDyv1xw2iE2Bq3GRdqU8yu3qW-TqugDepp=w838-h558-no?authuser=2\" width=\"180\" height=\"120\" \/><\/a><\/td>\n<td style=\"background: transparent url('http:\/\/picasaweb.google.com.tr\/s\/c\/transparent_album_background.gif') no-repeat scroll left center; height: 200px;\" align=\"center\"><a href=\"https:\/\/photos.app.goo.gl\/9bhtFTCPDefhR9jw6\"><img loading=\"lazy\" decoding=\"async\" class=\"aligncenter\" src=\"https:\/\/lh3.googleusercontent.com\/pw\/ACtC-3fiDYXuaOuaiT8-H3HlSZ4rUz4NiK-7479A5ZGKlvWvh4O4TR7ygicp5kgHoZNwsYAkcpG9tgYGzBoe-GHALKwX0lCR3GMxarrbOuoh6N0pEA94BUrsE7oJPmK1yCQVW9-q1q7Yk98VKgY4mllg5aWa=w838-h558-no?authuser=2\" width=\"179\" height=\"119\" \/><\/a><\/td>\n<td style=\"background: transparent url('http:\/\/picasaweb.google.com.tr\/s\/c\/transparent_album_background.gif') no-repeat scroll left center; height: 200px;\" align=\"center\"><a href=\"https:\/\/photos.app.goo.gl\/UqTkxBudDc3pEMbM9\"><img loading=\"lazy\" decoding=\"async\" class=\"aligncenter\" src=\"https:\/\/lh3.googleusercontent.com\/pw\/ACtC-3fdMiRe38BwnDzfg07orwp0Z3arzy1-QQ8PDHlaWIKqj4lpr09wEfYozLOqIZhgGcpwxdZO62UXd8-WEba6qm7i8BNj82yUx0u3cEWzx3n1sjffZN17EKogDtQlajHHa3ZgiK9dZfuinsFUgbmzb53z=w838-h558-no?authuser=2\" width=\"182\" height=\"121\" \/><\/a><\/td>\n<\/tr>\n<tr>\n<td style=\"text-align: center; font-family: arial,sans-serif; font-size: 11px;\">Kathmandu<\/td>\n<td style=\"text-align: center; font-family: arial,sans-serif; font-size: 11px;\">Bhaktapur<\/td>\n<td style=\"text-align: center; font-family: arial,sans-serif; font-size: 11px;\">Budist Tap\u0131na\u011f\u0131 Bodhnath<\/td>\n<td style=\"text-align: center; font-family: arial,sans-serif; font-size: 11px;\">Cenaze T\u00f6reni<\/td>\n<\/tr>\n<tr>\n<td style=\"background: transparent url('http:\/\/picasaweb.google.com.tr\/s\/c\/transparent_album_background.gif') no-repeat scroll left center; height: 200px;\" align=\"center\"><a href=\"https:\/\/photos.app.goo.gl\/bYNvki7Q8VZaKEk3A\"><img loading=\"lazy\" decoding=\"async\" class=\"aligncenter\" src=\"https:\/\/lh3.googleusercontent.com\/pw\/ACtC-3cuu14qHVZJEJFnJGJgO-JpwGmU7-QVZwhh3wXJvcDLKFn1i1lji_PiXWLAZxjIJBU353aEPN2ypLiA1vYpDUquOo3owIQVg22JNWs1UbE0XPM7S2GbNsJqm8rFqk4mNR3OSU0l0WXj_9L9PURTjhIU=w838-h558-no?authuser=2\" width=\"180\" height=\"120\" \/><\/a><\/td>\n<td style=\"background: transparent url('http:\/\/picasaweb.google.com.tr\/s\/c\/transparent_album_background.gif') no-repeat scroll left center; height: 200px;\" align=\"center\"><a href=\"https:\/\/photos.app.goo.gl\/nK33Wy4XEQuLra739\"><img loading=\"lazy\" decoding=\"async\" class=\"aligncenter\" src=\"https:\/\/lh3.googleusercontent.com\/pw\/ACtC-3c6vU6RZ8EGVqG2TznEmNkiha2qbUF1Qpd2dWOd4cKKsGcsiRZnzRBQbuA5G3ZrwM0AWh8ii6WhPBqNJNYiJtm1kHwJjKeixc5-kYISepag3HPrkAhUe14mMgLqIpt96ddsHuQCnDbQ_swVE1cmvKhF=w838-h558-no?authuser=2\" width=\"182\" height=\"121\" \/><\/a><\/td>\n<td style=\"background: transparent url('http:\/\/picasaweb.google.com.tr\/s\/c\/transparent_album_background.gif') no-repeat scroll left center; height: 200px;\" align=\"center\"><a href=\"https:\/\/photos.app.goo.gl\/XNVV1mY4c188GtZc6\"><img loading=\"lazy\" decoding=\"async\" class=\"aligncenter\" src=\"https:\/\/lh3.googleusercontent.com\/pw\/ACtC-3e8drAdfrSe824oMuVkIbREa9bdlnuX_3fAjH8MOqN1lGMkmgpkzqxp2g3OQmb24mQrV505Ec_9Pk4wKeZgwgFrha28nKfbtdkGgfH14uKseUXfEk2aVUHyjH9vIcH70gZVr8cHyVX4czJyHO7dy5bf=w838-h558-no?authuser=2\" width=\"179\" height=\"119\" \/><\/a><\/td>\n<td><a href=\"https:\/\/photos.app.goo.gl\/Zq7yQh6zjYGP1L499\"><img loading=\"lazy\" decoding=\"async\" class=\"\" src=\"https:\/\/lh3.googleusercontent.com\/MGZQ9vLPWVse4c-S1ks7n-_IyXDLGjzKX1hqEcg8N1sj2A2jUrtH2PvgRvvEezwORuqY14dryYG7lezzE1Q2ecmjHNkqjLBjhYAmDhGBYT8rRsvunTUJqqTKtZ4bZleS4G9jq5yCfvxOtTJBb3Qh1WTOlD-FCZNXaABzl1_2qBoD8r8EsA5YrOsE-N5aeHvdgKOBLaELlo30nT1QGmjsaIs1YqWEB6Ek4Gq5LV1jVpnruFvEPY888QvGRhl556G2J9bIZym7JSAaaAmH-JrBEzQHt-Gn_Rv3Z-BIcZwvcDGKjk5tPI7yK_ly23lRrEZqXVx2o9ingjj1T7510FqFW2qzZ6G8JVOBeacYGabZkKO8wTKmqdbGTIGSrS24p8oqGnIF8nPa2dRlt31D0ANjYXln7RvUswsUjSM3mq_Gb1ARj91KbZ-z1ggCN1SXMhMAflXGnhdUmY0sm-kyKF-SlUtbRVQRSL7Nn_QVQzgTODGbB3RruLYBq_69av7XB2iIhAsVdwLVVDmRd1-cGWEJjKtzmGgecm8NP5DuH7xc-6aIJSPTkfgCYRtAXPUh40ybxnwP79Ew5wtJ_EAyINN6LuW4BGOZ4M9MuaQ4bGG9XHbUETl29i3l1GWjATe-1Tibmhj7Jr0ZCGVu-lClQ8THhEG3nwioS6Bv6iWWaDs_affRjPPy_3yoSTx2n1jYAtZ1mMMf_M7Uta6jp7mTBlPumgWJh-zgGRb_Tl1Y0T9Dj1IHxk9R=w937-h624-no\" width=\"162\" height=\"109\" \/><\/a><\/td>\n<\/tr>\n<tr>\n<td style=\"text-align: center; font-family: arial,sans-serif; font-size: 11px;\">Machhender Bahl<\/td>\n<td style=\"text-align: center; font-family: arial,sans-serif; font-size: 11px;\">Patan<\/td>\n<td style=\"text-align: center; font-family: arial,sans-serif; font-size: 11px;\">Swayambunath Tap\u0131na\u011f\u0131<\/td>\n<td style=\"text-align: center; font-family: arial,sans-serif; font-size: 11px;\">Hotel Dwarika<\/td>\n<\/tr>\n<\/tbody>\n<\/table>\n","protected":false},"excerpt":{"rendered":"<p>Kathmandu Bhaktapur Budist Tap\u0131na\u011f\u0131 Bodhnath Cenaze T\u00f6reni Machhender Bahl Patan Swayambunath Tap\u0131na\u011f\u0131 Hotel Dwarika<\/p>\n","protected":false},"author":1,"featured_media":5809,"parent":4567,"menu_order":0,"comment_status":"open","ping_status":"open","template":"","meta":{"footnotes":""},"class_list":["post-4612","page","type-page","status-publish","has-post-thumbnail","hentry"],"_links":{"self":[{"href":"https:\/\/xn--adal-oza.net\/index.php?rest_route=\/wp\/v2\/pages\/4612","targetHints":{"allow":["GET"]}}],"collection":[{"href":"https:\/\/xn--adal-oza.net\/index.php?rest_route=\/wp\/v2\/pages"}],"about":[{"href":"https:\/\/xn--adal-oza.net\/index.php?rest_route=\/wp\/v2\/types\/page"}],"author":[{"embeddable":true,"href":"https:\/\/xn--adal-oza.net\/index.php?rest_route=\/wp\/v2\/users\/1"}],"replies":[{"embeddable":true,"href":"https:\/\/xn--adal-oza.net\/index.php?rest_route=%2Fwp%2Fv2%2Fcomments&post=4612"}],"version-history":[{"count":13,"href":"https:\/\/xn--adal-oza.net\/index.php?rest_route=\/wp\/v2\/pages\/4612\/revisions"}],"predecessor-version":[{"id":8278,"href":"https:\/\/xn--adal-oza.net\/index.php?rest_route=\/wp\/v2\/pages\/4612\/revisions\/8278"}],"up":[{"embeddable":true,"href":"https:\/\/xn--adal-oza.net\/index.php?rest_route=\/wp\/v2\/pages\/4567"}],"wp:featuredmedia":[{"embeddable":true,"href":"https:\/\/xn--adal-oza.net\/index.php?rest_route=\/wp\/v2\/media\/5809"}],"wp:attachment":[{"href":"https:\/\/xn--adal-oza.net\/index.php?rest_route=%2Fwp%2Fv2%2Fmedia&parent=4612"}],"curies":[{"name":"wp","href":"https:\/\/api.w.org\/{rel}","templated":true}]}}