{"id":4628,"date":"2018-05-25T16:46:29","date_gmt":"2018-05-25T14:46:29","guid":{"rendered":"https:\/\/xn--adal-oza.net\/?page_id=4628"},"modified":"2018-06-13T04:29:35","modified_gmt":"2018-06-13T02:29:35","slug":"thailand","status":"publish","type":"page","link":"https:\/\/xn--adal-oza.net\/?page_id=4628&lang=en","title":{"rendered":"Thailand"},"content":{"rendered":"<table style=\"text-align: center;\" border=\"0\" width=\"100%\" cellspacing=\"0\" cellpadding=\"0\">\n<colgroup>\n<col width=\"%25\" \/>\n<col width=\"%25\" \/>\n<col width=\"%25\" \/>\n<col width=\"%25\" \/> <\/colgroup>\n<tbody>\n<tr>\n<td style=\"background: transparent url('http:\/\/picasaweb.google.com.tr\/s\/c\/transparent_album_background.gif') no-repeat scroll left center; height: 200px;\" align=\"center\"><a href=\"https:\/\/goo.gl\/photos\/AvxLtjz8Hr1TtScy8\"><img loading=\"lazy\" decoding=\"async\" class=\"alignnone\" title=\"Alt\u0131n \u00dc\u00e7geni\" src=\"http:\/\/lh6.ggpht.com\/_B_fflTqSvdo\/S3G5mxd96XI\/AAAAAAAAB3I\/2g9I0z4f1gw\/s128\/ae-Altin%20Ucgeni%20%2808%29.jpg\" alt=\"\" width=\"180\" height=\"120\" \/><\/a><\/td>\n<td style=\"background: transparent url('http:\/\/picasaweb.google.com.tr\/s\/c\/transparent_album_background.gif') no-repeat scroll left center; height: 200px;\" align=\"center\"><a href=\"https:\/\/goo.gl\/photos\/vJYNuNZn5D7ZHtgTA\"><img loading=\"lazy\" decoding=\"async\" class=\"aligncenter\" title=\"Bangkok\" src=\"http:\/\/lh4.ggpht.com\/_B_fflTqSvdo\/S3G9OOSGnOI\/AAAAAAAACaA\/ve8weT8ILek\/s128\/ha-Bangkok%20%2808%29.jpg\" alt=\"\" width=\"180\" height=\"120\" \/><\/a><\/td>\n<td style=\"background: transparent url('http:\/\/picasaweb.google.com.tr\/s\/c\/transparent_album_background.gif') no-repeat scroll left center; height: 200px;\" align=\"center\"><a href=\"https:\/\/goo.gl\/photos\/n7497Kg2ioLbjMMB9\"><img loading=\"lazy\" decoding=\"async\" class=\"aligncenter\" title=\"Choa Praya Nehri\" src=\"http:\/\/lh4.ggpht.com\/_B_fflTqSvdo\/S3G8HBXm-_I\/AAAAAAAACPQ\/Z_r3oBe3i38\/s128\/cc-Chao%20Praya%20Nehri%20%2808%29.jpg\" alt=\"\" width=\"180\" height=\"120\" \/><\/a><\/td>\n<td style=\"background: transparent url('http:\/\/picasaweb.google.com.tr\/s\/c\/transparent_album_background.gif') no-repeat scroll left center; height: 200px;\" align=\"center\"><a href=\"https:\/\/goo.gl\/photos\/cJ84cZqv7T561A2M8\"><img loading=\"lazy\" decoding=\"async\" class=\"aligncenter\" title=\"Grand Palace\" src=\"http:\/\/lh6.ggpht.com\/_B_fflTqSvdo\/S3G7aXwD4VI\/AAAAAAAACJU\/KM0EB2rdWTA\/s128\/ga-Grand%20%20Palace%20%2808%29.jpg\" alt=\"\" width=\"180\" height=\"120\" \/><\/a><\/td>\n<\/tr>\n<tr>\n<td style=\"text-align: center; font-family: arial,sans-serif; font-size: 11px;\">Alt\u0131n \u00dc\u00e7geni (Golden Triangle)<\/td>\n<td style=\"text-align: center; font-family: arial,sans-serif; font-size: 11px;\">Bangkok<\/td>\n<td style=\"text-align: center; font-family: arial,sans-serif; font-size: 11px;\">Chao Praya Nehri (Bangkok)<\/td>\n<td style=\"text-align: center; font-family: arial,sans-serif; font-size: 11px;\">Grand Palace (Bangkok)<\/td>\n<\/tr>\n<tr>\n<td style=\"background: transparent url('http:\/\/picasaweb.google.com.tr\/s\/c\/transparent_album_background.gif') no-repeat scroll left center; height: 200px;\" align=\"center\"><a href=\"https:\/\/goo.gl\/photos\/NrzyMpwAL1RwDXcA6\"><img loading=\"lazy\" decoding=\"async\" class=\"aligncenter\" title=\"Kanal\" src=\"http:\/\/lh6.ggpht.com\/_B_fflTqSvdo\/S3G7wJNE_-I\/AAAAAAAACMM\/8DmZEc08gwU\/s128\/ch-Kanal%20%2808%29.jpg\" alt=\"\" width=\"180\" height=\"120\" \/><\/a><\/td>\n<td style=\"background: transparent url('http:\/\/picasaweb.google.com.tr\/s\/c\/transparent_album_background.gif') no-repeat scroll left center; height: 200px;\" align=\"center\"><a href=\"https:\/\/goo.gl\/photos\/s1PTibcRF58xfirL7\"><img loading=\"lazy\" decoding=\"async\" class=\"aligncenter\" title=\"Tap\u0131naklar (Temples)\" src=\"http:\/\/lh6.ggpht.com\/_B_fflTqSvdo\/S3G8-MHIBQI\/AAAAAAAACXk\/trVOU-QBF88\/s128\/om-Wat%20Suthat%20%2808%29.jpg\" alt=\"\" width=\"180\" height=\"120\" \/><\/a><\/td>\n<td style=\"background: transparent url('http:\/\/picasaweb.google.com.tr\/s\/c\/transparent_album_background.gif') no-repeat scroll left center; height: 200px;\" align=\"center\"><a href=\"https:\/\/goo.gl\/photos\/3FEUrP9adgq2TvKL8\"><img loading=\"lazy\" decoding=\"async\" class=\"aligncenter\" title=\"Chiang Mai\" src=\"http:\/\/lh6.ggpht.com\/_B_fflTqSvdo\/S3G6Jhj23tI\/AAAAAAAAB84\/pApW8orW4sA\/s128\/an-Wat%20Chedi%20Luang%20%2808%29.jpg\" alt=\"\" width=\"180\" height=\"120\" \/><\/a><\/td>\n<td><a href=\"https:\/\/goo.gl\/photos\/zC8ECxnLKvX3wX5n9\"><img loading=\"lazy\" decoding=\"async\" class=\"aligncenter\" title=\"Dans\" src=\"http:\/\/lh5.ggpht.com\/_B_fflTqSvdo\/S3G59Cu_G1I\/AAAAAAAAB68\/grBNvyja85k\/s128\/ed-Chiang%20Mai%20%2808%29.jpg\" alt=\"\" width=\"120\" height=\"180\" \/><\/a><\/td>\n<\/tr>\n<tr>\n<td style=\"text-align: center; font-family: arial,sans-serif; font-size: 11px;\">Kanal (Bangkok)<\/td>\n<td style=\"text-align: center; font-family: arial,sans-serif; font-size: 11px;\">Tap\u0131naklar (Temples) (Bangkok)<\/td>\n<td style=\"text-align: center; font-family: arial,sans-serif; font-size: 11px;\">Chiang Mai<\/td>\n<td style=\"text-align: center; font-family: arial,sans-serif; font-size: 11px;\">Dans (Chiang Mai)<\/td>\n<\/tr>\n<tr>\n<td><a href=\"https:\/\/goo.gl\/photos\/1FU6MjWB9iWrydq17\"><img loading=\"lazy\" decoding=\"async\" class=\"aligncenter\" title=\"Festival\" src=\"http:\/\/lh3.ggpht.com\/_B_fflTqSvdo\/S3G6frbHVaI\/AAAAAAAACAA\/A-CeuH8dwq0\/s128\/gr-Loy%20Krathong%20Festivali%20%2808%29.jpg\" alt=\"\" width=\"120\" height=\"180\" \/><\/a><\/td>\n<td><a href=\"https:\/\/goo.gl\/photos\/6XKRG5Vi2Xo7sXbD8\"><img loading=\"lazy\" decoding=\"async\" class=\"aligncenter\" title=\"Floating Market\" src=\"http:\/\/lh5.ggpht.com\/_B_fflTqSvdo\/S3G622wEI3I\/AAAAAAAACDw\/fmhKP-aEDDc\/s128\/if-Yuzer%20pazar%20%2808%29.jpg\" alt=\"\" width=\"180\" height=\"120\" \/><\/a><\/td>\n<td><a href=\"https:\/\/goo.gl\/photos\/hHmQC9GTeZr9r4xF9\"><img loading=\"lazy\" decoding=\"async\" class=\"aligncenter\" title=\"Inthanon\" src=\"http:\/\/lh6.ggpht.com\/_B_fflTqSvdo\/S3G5kKPUAvI\/AAAAAAAAB2o\/ZxooKF9FFTs\/s128\/ao-Inthanon%20%2808%29.jpg\" alt=\"\" width=\"180\" height=\"120\" \/><\/a><\/td>\n<td><a href=\"https:\/\/goo.gl\/photos\/TUNcrBppVpqjVMt29\"><img loading=\"lazy\" decoding=\"async\" class=\"aligncenter\" title=\"Khunkorn \u015eelalesi\" src=\"http:\/\/lh3.ggpht.com\/_B_fflTqSvdo\/S3G5uVkYv9I\/AAAAAAAAB4c\/3quvRkKiOjI\/s128\/ag-Khunkorn%20Selalesi%20%2808%29.jpg\" alt=\"\" width=\"120\" height=\"180\" \/><\/a><\/td>\n<\/tr>\n<tr>\n<td style=\"text-align: center; font-family: arial,sans-serif; font-size: 11px;\">Festival (Chiang Mai)<\/td>\n<td style=\"text-align: center; font-family: arial,sans-serif; font-size: 11px;\">Floating Market<\/td>\n<td style=\"text-align: center; font-family: arial,sans-serif; font-size: 11px;\">Inthanon<\/td>\n<td style=\"text-align: center; font-family: arial,sans-serif; font-size: 11px;\">Khunkorn \u015eelalesi<\/td>\n<\/tr>\n<tr>\n<td><a href=\"https:\/\/goo.gl\/photos\/WQ6Bcgw57SRaDhKJ9\"><img loading=\"lazy\" decoding=\"async\" class=\"aligncenter\" title=\"K\u0131ral Mezar\u0131\" src=\"http:\/\/lh5.ggpht.com\/_B_fflTqSvdo\/S3G5W4gIGZI\/AAAAAAAAB04\/UdGHurowQBQ\/s128\/bh-Kiral%20Mezari%20%2808%29.jpg\" alt=\"\" width=\"120\" height=\"180\" \/><\/a><\/td>\n<\/tr>\n<tr>\n<td style=\"text-align: center; font-family: arial,sans-serif; font-size: 11px;\">K\u0131ral Mezar\u0131<\/td>\n<\/tr>\n<\/tbody>\n<\/table>\n","protected":false},"excerpt":{"rendered":"<p>Alt\u0131n \u00dc\u00e7geni (Golden Triangle) Bangkok Chao Praya Nehri (Bangkok) Grand Palace (Bangkok) Kanal (Bangkok) Tap\u0131naklar (Temples) (Bangkok) Chiang Mai Dans (Chiang Mai) Festival (Chiang Mai) Floating Market Inthanon Khunkorn \u015eelalesi K\u0131ral Mezar\u0131<\/p>\n","protected":false},"author":1,"featured_media":5866,"parent":4567,"menu_order":0,"comment_status":"open","ping_status":"open","template":"","meta":{"footnotes":""},"class_list":["post-4628","page","type-page","status-publish","has-post-thumbnail","hentry"],"_links":{"self":[{"href":"https:\/\/xn--adal-oza.net\/index.php?rest_route=\/wp\/v2\/pages\/4628","targetHints":{"allow":["GET"]}}],"collection":[{"href":"https:\/\/xn--adal-oza.net\/index.php?rest_route=\/wp\/v2\/pages"}],"about":[{"href":"https:\/\/xn--adal-oza.net\/index.php?rest_route=\/wp\/v2\/types\/page"}],"author":[{"embeddable":true,"href":"https:\/\/xn--adal-oza.net\/index.php?rest_route=\/wp\/v2\/users\/1"}],"replies":[{"embeddable":true,"href":"https:\/\/xn--adal-oza.net\/index.php?rest_route=%2Fwp%2Fv2%2Fcomments&post=4628"}],"version-history":[{"count":3,"href":"https:\/\/xn--adal-oza.net\/index.php?rest_route=\/wp\/v2\/pages\/4628\/revisions"}],"predecessor-version":[{"id":5868,"href":"https:\/\/xn--adal-oza.net\/index.php?rest_route=\/wp\/v2\/pages\/4628\/revisions\/5868"}],"up":[{"embeddable":true,"href":"https:\/\/xn--adal-oza.net\/index.php?rest_route=\/wp\/v2\/pages\/4567"}],"wp:featuredmedia":[{"embeddable":true,"href":"https:\/\/xn--adal-oza.net\/index.php?rest_route=\/wp\/v2\/media\/5866"}],"wp:attachment":[{"href":"https:\/\/xn--adal-oza.net\/index.php?rest_route=%2Fwp%2Fv2%2Fmedia&parent=4628"}],"curies":[{"name":"wp","href":"https:\/\/api.w.org\/{rel}","templated":true}]}}