{"id":4638,"date":"2018-05-25T16:47:31","date_gmt":"2018-05-25T14:47:31","guid":{"rendered":"https:\/\/xn--adal-oza.net\/?page_id=4638"},"modified":"2020-12-12T12:45:21","modified_gmt":"2020-12-12T10:45:21","slug":"germany","status":"publish","type":"page","link":"https:\/\/xn--adal-oza.net\/?page_id=4638&lang=en","title":{"rendered":"Germany"},"content":{"rendered":"<table style=\"text-align: center;\" border=\"0\" width=\"100%\" cellspacing=\"0\" cellpadding=\"0\">\n<colgroup>\n<col width=\"%20\" \/>\n<col width=\"%20\" \/>\n<col width=\"%20\" \/>\n<col width=\"%20\" \/>\n<col width=\"%20\" \/><\/colgroup>\n<tbody>\n<tr>\n<td style=\"background: transparent url('http:\/\/picasaweb.google.com.tr\/s\/c\/transparent_album_background.gif') no-repeat scroll left center; height: 200px;\" align=\"center\"><a href=\"https:\/\/photos.app.goo.gl\/o3fUuWHWHdnGVrQR9\"><img loading=\"lazy\" decoding=\"async\" class=\"aligncenter\" src=\"https:\/\/lh3.googleusercontent.com\/pw\/ACtC-3f9GwMFpdIQzajEdOQTKZBJg-2g680uXRpakZMrtmk6pPmhE7q52R2SwbFMilCoEvnkoQ91q1rW7mT_tG109Hq_g30u1vtmGhtG9wOsLyq0mqj0ENy5L9PRb1PJ35gBvExT5QagfH9qSxp0nedWnQQ6=w916-h888-no?authuser=0\" width=\"183\" height=\"177\" \/><\/a><\/td>\n<td style=\"background: transparent url('http:\/\/picasaweb.google.com.tr\/s\/c\/transparent_album_background.gif') no-repeat scroll left center; height: 200px;\" align=\"center\"><a href=\"https:\/\/photos.app.goo.gl\/vMMHzCLWFm8jQjXV7\"><img loading=\"lazy\" decoding=\"async\" class=\"aligncenter\" src=\"https:\/\/lh3.googleusercontent.com\/pw\/ACtC-3eh2MObzUiEuerUXYn2vB-YeaTQvuSNNo1_YSCBPD5U3m3XBNY_SCu-WsU6kElXiWAq00-NK-geD2mZFgJb4jWdx91vZh9Q_acUpozdEhQ74BcjeKPVBdT39hgO7FrOsQFmZfOVFNRpO1rG07wuFJHR=w1184-h888-no?authuser=0\" width=\"181\" height=\"136\" \/><\/a><\/td>\n<td style=\"background: transparent url('http:\/\/picasaweb.google.com.tr\/s\/c\/transparent_album_background.gif') no-repeat scroll left center; height: 200px;\" align=\"center\"><a href=\"https:\/\/photos.app.goo.gl\/CA7hPG1ie5iEKcgo7\"><img loading=\"lazy\" decoding=\"async\" class=\"aligncenter\" src=\"https:\/\/lh3.googleusercontent.com\/pw\/ACtC-3cJ1XOCk_9ejec41c6hhWRN1qLWr6eBGVreQgMqn4JL6QYHarXZGw8BBOUXcOMvyTxsus4AnwuMcsx4Ifoagvgw5Ot0uZVy3BEZNNSDGZXjHppGK7J0i-A4x8ENO3ZtW3VyBxNfqMvS2v-qbps0IOGp=w1184-h888-no?authuser=0\" width=\"181\" height=\"136\" \/><\/a><\/td>\n<td style=\"background: transparent url('http:\/\/picasaweb.google.com.tr\/s\/c\/transparent_album_background.gif') no-repeat scroll left center; height: 200px;\" align=\"center\"><a href=\"https:\/\/photos.app.goo.gl\/aqFtuS6kVs96zabX7\"><img loading=\"lazy\" decoding=\"async\" class=\"aligncenter\" src=\"https:\/\/lh3.googleusercontent.com\/pw\/ACtC-3eNKugvlJiXZE-SJkmfF2recOcMMYw_r0ZMukntN7eorhVscQGIb5MdFI_PUT8bZiraXk3p7OHQm8yrbB9Yw0m0zZRYAj9U1VdRL0Y3M8dGgu4mC9bEqsRp7xGfZOCJtjAZYoVz7DgxVKHjsq-X52O1=w1184-h888-no?authuser=0\" width=\"183\" height=\"137\" \/><\/a><\/td>\n<td style=\"background: transparent url('http:\/\/picasaweb.google.com.tr\/s\/c\/transparent_album_background.gif') no-repeat scroll left center; height: 200px;\" align=\"center\"><a href=\"https:\/\/photos.app.goo.gl\/VVbf97TeYfesG3w77\"><img loading=\"lazy\" decoding=\"async\" class=\"aligncenter\" src=\"https:\/\/lh3.googleusercontent.com\/pw\/ACtC-3e82z0JwEu9vTlZ_mgatG_FDBzK8QZ4W8kh9dN7rIsDfve3eHWvZDxSRniScKJrfAMnnMxZlNDFMJxFiYIT_GS8YSuXEt-NwAYgl8IMfc1hxxpTZgBWkBTJPtU6hKnrjgzWycBaAvhjvyG7aaN266bN=w1184-h888-no?authuser=0\" width=\"179\" height=\"134\" \/><\/a><\/td>\n<\/tr>\n<tr>\n<td style=\"text-align: center; font-family: arial,sans-serif; font-size: 11px;\">Augsburg<\/td>\n<td style=\"text-align: center; font-family: arial,sans-serif; font-size: 11px;\">Birnau Abbey<\/td>\n<td style=\"text-align: center; font-family: arial,sans-serif; font-size: 11px;\">Konstanz<\/td>\n<td style=\"text-align: center; font-family: arial,sans-serif; font-size: 11px;\">Lindau<\/td>\n<td style=\"text-align: center; font-family: arial,sans-serif; font-size: 11px;\">Mainau Adas\u0131<\/td>\n<\/tr>\n<tr>\n<td style=\"background: transparent url('http:\/\/picasaweb.google.com.tr\/s\/c\/transparent_album_background.gif') no-repeat scroll left center; height: 200px;\" align=\"center\"><a href=\"https:\/\/photos.app.goo.gl\/yU64W9jPKwkFGyfXA\"><img loading=\"lazy\" decoding=\"async\" class=\"aligncenter\" src=\"https:\/\/lh3.googleusercontent.com\/pw\/ACtC-3ePpZ51EoaOmlDqsckjcjde4ARMA5hmhmBZoKsu02q8xMiVYg_99UcEV62fv6db3vYqXrt-LklWcTnwIerd_otg4RvJPVN2DvenFFsCrnTQhodPfHKKHgUoS4P3l3DS9ws1VVwlJsS6aCQ7uSg2UEtV=w1184-h888-no?authuser=0\" width=\"183\" height=\"137\" \/><\/a><\/td>\n<td style=\"background: transparent url('http:\/\/picasaweb.google.com.tr\/s\/c\/transparent_album_background.gif') no-repeat scroll left center; height: 200px;\" align=\"center\"><a href=\"https:\/\/photos.app.goo.gl\/dFEkENfEjf8LeEQS8\"><img loading=\"lazy\" decoding=\"async\" class=\"aligncenter\" src=\"https:\/\/lh3.googleusercontent.com\/pw\/ACtC-3e44wY76uB15fyECtDYO22IHP9PG5EGwHSW7z3fQPxvulaO0GcyST52VH3BSSOzrzt6a6miLjSfpU8ZBrLIeSmsYKNIqslGf6-kHHz-erfSR4rids25ENHxhpB6k3J1hiio_uqH3ehPdyXNcNSrMr-P=w910-h888-no?authuser=0\" width=\"179\" height=\"175\" \/><\/a><\/td>\n<td style=\"background: transparent url('http:\/\/picasaweb.google.com.tr\/s\/c\/transparent_album_background.gif') no-repeat scroll left center; height: 200px;\" align=\"center\"><a href=\"https:\/\/photos.app.goo.gl\/DeuYCax1oEPmWXdd8\"><img loading=\"lazy\" decoding=\"async\" class=\"aligncenter\" src=\"https:\/\/lh3.googleusercontent.com\/pw\/ACtC-3eiueyex_uZrjloZmCU93s8KH85H0S7rO3jeY_I_A8cPBDlUzvRIpCzdW94et526JP_ulsePY_1QHHI0uXLzli41OBSwJJmH3CXzIZlOG_enCyizmZVh8jwswIBjmLj3ouSlRANyLLb7LCOZPwe4jHF=w1184-h888-no?authuser=0\" width=\"183\" height=\"137\" \/><\/a><\/td>\n<td style=\"background: transparent url('http:\/\/picasaweb.google.com.tr\/s\/c\/transparent_album_background.gif') no-repeat scroll left center; height: 200px;\" align=\"center\"><a href=\"https:\/\/photos.app.goo.gl\/hjRTugJoHPppt7Vp8\"><img loading=\"lazy\" decoding=\"async\" class=\"aligncenter\" src=\"https:\/\/lh3.googleusercontent.com\/pw\/ACtC-3fDxa81o-M9zKxFL7NlGU5OzV6sdgWq3cAM1_U-PHkezLJdEwtyUTXaLpgILYsQiE181jAajWUiqF27XGF9_NuDLzsPcjXL9Gwds5juph10OnqAHFuSXyKD2N3Jgy93RmHDfdF_tn6ZCR4gsmZTNDBF=w1335-h888-no?authuser=0\" width=\"182\" height=\"121\" \/><\/a><\/td>\n<td style=\"background: transparent url('http:\/\/picasaweb.google.com.tr\/s\/c\/transparent_album_background.gif') no-repeat scroll left center; height: 200px;\" align=\"center\"><a href=\"https:\/\/photos.app.goo.gl\/qLDuJWuoZWSNmhGG6\"><img loading=\"lazy\" decoding=\"async\" class=\"aligncenter\" src=\"https:\/\/lh3.googleusercontent.com\/pw\/ACtC-3dEzM4Nf24sAkAnoCy01zOuxfOipPozT5z7RadFQPhGBPS9XN7-PFEptN6EdIzjSG3rVRPR3QmaRE8OsoFf7xg8Mxz-Oxo7saIaNVL082sNB_trd8IGeOfFN5xr2P9FJP3wRi6UG648OVQ3vgL2ADb2=w1335-h888-no?authuser=0\" width=\"188\" height=\"125\" \/><\/a><\/td>\n<\/tr>\n<tr>\n<td style=\"text-align: center; font-family: arial,sans-serif; font-size: 11px;\">Meersburg<\/td>\n<td style=\"text-align: center; font-family: arial,sans-serif; font-size: 11px;\">M\u00fcnih<\/td>\n<td style=\"text-align: center; font-family: arial,sans-serif; font-size: 11px;\">\u00dcberlingen<\/td>\n<td style=\"text-align: center; font-family: arial,sans-serif; font-size: 11px;\">Braunschweig<\/td>\n<td style=\"text-align: center; font-family: arial,sans-serif; font-size: 11px;\">Wolfenb\u00fcttel<\/td>\n<\/tr>\n<\/tbody>\n<\/table>\n","protected":false},"excerpt":{"rendered":"<p>Augsburg Birnau Abbey Konstanz Lindau Mainau Adas\u0131 Meersburg M\u00fcnih \u00dcberlingen Braunschweig Wolfenb\u00fcttel<\/p>\n","protected":false},"author":1,"featured_media":5888,"parent":4633,"menu_order":0,"comment_status":"open","ping_status":"open","template":"","meta":{"footnotes":""},"class_list":["post-4638","page","type-page","status-publish","has-post-thumbnail","hentry"],"_links":{"self":[{"href":"https:\/\/xn--adal-oza.net\/index.php?rest_route=\/wp\/v2\/pages\/4638","targetHints":{"allow":["GET"]}}],"collection":[{"href":"https:\/\/xn--adal-oza.net\/index.php?rest_route=\/wp\/v2\/pages"}],"about":[{"href":"https:\/\/xn--adal-oza.net\/index.php?rest_route=\/wp\/v2\/types\/page"}],"author":[{"embeddable":true,"href":"https:\/\/xn--adal-oza.net\/index.php?rest_route=\/wp\/v2\/users\/1"}],"replies":[{"embeddable":true,"href":"https:\/\/xn--adal-oza.net\/index.php?rest_route=%2Fwp%2Fv2%2Fcomments&post=4638"}],"version-history":[{"count":5,"href":"https:\/\/xn--adal-oza.net\/index.php?rest_route=\/wp\/v2\/pages\/4638\/revisions"}],"predecessor-version":[{"id":8413,"href":"https:\/\/xn--adal-oza.net\/index.php?rest_route=\/wp\/v2\/pages\/4638\/revisions\/8413"}],"up":[{"embeddable":true,"href":"https:\/\/xn--adal-oza.net\/index.php?rest_route=\/wp\/v2\/pages\/4633"}],"wp:featuredmedia":[{"embeddable":true,"href":"https:\/\/xn--adal-oza.net\/index.php?rest_route=\/wp\/v2\/media\/5888"}],"wp:attachment":[{"href":"https:\/\/xn--adal-oza.net\/index.php?rest_route=%2Fwp%2Fv2%2Fmedia&parent=4638"}],"curies":[{"name":"wp","href":"https:\/\/api.w.org\/{rel}","templated":true}]}}