{"id":4652,"date":"2018-05-25T16:48:56","date_gmt":"2018-05-25T14:48:56","guid":{"rendered":"https:\/\/xn--adal-oza.net\/?page_id=4652"},"modified":"2020-12-12T13:11:20","modified_gmt":"2020-12-12T11:11:20","slug":"bosnia-herzegovina","status":"publish","type":"page","link":"https:\/\/xn--adal-oza.net\/?page_id=4652&lang=en","title":{"rendered":"Bosnia-Herzegovina"},"content":{"rendered":"<table style=\"text-align: center;\" border=\"0\" width=\"100%\" cellspacing=\"0\" cellpadding=\"0\">\n<colgroup>\n<col width=\"%25\" \/>\n<col width=\"%25\" \/>\n<col width=\"%25\" \/>\n<col width=\"%25\" \/> <\/colgroup>\n<tbody>\n<tr>\n<td style=\"background: transparent url('http:\/\/picasaweb.google.com.tr\/s\/c\/transparent_album_background.gif') no-repeat scroll left center; height: 200px;\" align=\"center\"><a href=\"https:\/\/photos.app.goo.gl\/3X6iCM799EKNFcvh9\"><img loading=\"lazy\" decoding=\"async\" class=\"aligncenter\" src=\"https:\/\/lh3.googleusercontent.com\/ANbbhUmueOsa5HBEj_lo00DUl2mtQbYNg6yf7JXOdCOhOxS7cu_2_szvJtt8WimyL5cjDnyDkpAcuR03jALvYGH30UdxVd7Yrki6z69P_gbDa_Y44cPHK1_VdU8IJ_70HjNnIq2syEvaX5HakN5--P2LrvkZyZTrZtKpnYV9y42XK1n-24DAI-dB01NWiWlnv4vZW9I8qVHyScLpOk9YZRzD3k4oQESLs2czz4h1yOt2A-1mxiGltq9DANMY8fFjis4xL0nDYZk1H5J8tJSSz7lSD-h7BkkZutYAv5NZ_a5EzXRhdowjJhc86bZC2ZyL9wMjl1zodERQxJAgmX0mBrzB-KN2HGSsYuY08snDre-3Y8sNA4EacuH4161e2s5X4WE-lrWh3O0bIXAWVxc9M6lneZYA8Xlm1RPu-X402SR_TXsVaN7-mkCy9CG8sJPwT9VRzKGiQhl6lJ8qDRmwn5x79PhWRK4tWC8EwYV6mzW72WQxtJ6AUwpSYuWZO_s-rM4s8hSwljG0g9WjG_YrdMqres630XKv_-GCrkUZggvHGP9UYaoGuxohUfxBQEQhjPOJTBnd7cBwrCCS5flF5vXw-aMBpO3oghy-wYEWcddOwEr8AoVMtd0cy_Q4B12JFOEgO8SM7N_1CpUvHdzlfD99Cen4wX_HU6N3lN9TU3NLngWVFEHDkaWwhf2I=w766-h758-no?authuser=0\" width=\"179\" height=\"177\" \/><\/a><\/td>\n<td style=\"background: transparent url('http:\/\/picasaweb.google.com.tr\/s\/c\/transparent_album_background.gif') no-repeat scroll left center; height: 200px;\" align=\"center\"><a href=\"https:\/\/photos.app.goo.gl\/3vc7CgyehQfTp7cKA\"><img loading=\"lazy\" decoding=\"async\" class=\"aligncenter\" src=\"https:\/\/lh3.googleusercontent.com\/pw\/ACtC-3c9YUgfeM66gj-72FaZkPYvwEpO61KekSkx-hb5KOTAgOzQJOosouwaMDUG_CQgF-7jh5REYP-2dsiatmTPRSKyR2L_H66NCPt4cwDS2Yh-o6o-b279SoNZ7-v1A_6cwAe5wSfgbWrfQZlVCMGAXS4N=w893-h888-no?authuser=0\" width=\"183\" height=\"182\" \/><\/a><\/td>\n<td style=\"background: transparent url('http:\/\/picasaweb.google.com.tr\/s\/c\/transparent_album_background.gif') no-repeat scroll left center; height: 200px;\" align=\"center\"><a href=\"https:\/\/photos.app.goo.gl\/g4ma5Fxz5NTR8FUC7\"><img loading=\"lazy\" decoding=\"async\" class=\"aligncenter\" src=\"https:\/\/lh3.googleusercontent.com\/Qu75ieoew6rnLJffBV_XwGXW9I9wEBp5523mfzmEcZcMGTWQrN5zxbmo2nISPG5Q7aXk09Dum--gMDIJuUF47lmr6ckPfUFEPMS-OuLsFmKqKpCDPLoFMp6o9o9n3jIcXlFhtCPGfFOexGXhBoVR15hWhmPhP7Asxq64vRNH7UMid1asXLA8Gh3TeE1F_LhgPtTJPepOxuFxkJIxv9xM0AhBbbOqTmJjlwaibcXIS8m7dBrb9PsqOefAqLCbrETkqQeZ03RlBnb15aaih1afwEJdv2H1IR02ID0HOzj-rc9Nxbuygn4GlndZoU0m6_bSw21oi2GyVIwGqf_2RYln_uWM_Woz5dffbIBUlYcdeWxyheg2cw_x-sO_Tt7fXsdXJxx-f4FJAs_JjKa4u9yEFH62a0hKEdejd0LAPNhVCJdneLP3g5ASsjNYaFnZFUEprWzKwpTxbP6X6lLbTOBcSYDs6VE0GmfpSXa5dT6XCqQJt9N4V1_5qKjUaiIKNeOq4robtXQZs_2U4zCemMrmzr6e8jqBcqE_OKr8MXcf4Zd3O1tWMgUyWI6fbv4waoNpFg4Z_A8-0pDNqGrCgjJO-3Aqw1Qda1R8BfB7f1yuAUoCoU9dUC4vUE6JbuESCtOWLESfwVqb5mldATbdDM7izHH3mba4UvggBJnfcZriFAi1zYhQThfTfD_bAk-yHg=w905-h888-no?authuser=0\" width=\"180\" height=\"177\" \/><\/a><\/td>\n<td style=\"background: transparent url('http:\/\/picasaweb.google.com.tr\/s\/c\/transparent_album_background.gif') no-repeat scroll left center; height: 200px;\" align=\"center\"><a href=\"https:\/\/photos.app.goo.gl\/sBY4KLckF5HmM3uX7\"><img loading=\"lazy\" decoding=\"async\" class=\"aligncenter\" src=\"https:\/\/lh3.googleusercontent.com\/pw\/ACtC-3cx7zmSBCrPDfByk5FScMnfY_qm4D1VsoD_24mp-2QcgwuAmz4zTwPb9PSjX4XnvNIoEaQnuqrER58RAUOsj8tkpJM2Ae4yj6qVzMFbf_-uKHp8llTrclCSEEP_4An8wMnzhOhvlpbUVhjwlGWwVtpT=w901-h888-no?authuser=0\" width=\"186\" height=\"183\" \/><\/a><\/td>\n<\/tr>\n<tr>\n<td style=\"text-align: center; font-family: arial,sans-serif; font-size: 11px;\">Saraybosna (2004)<\/td>\n<td style=\"text-align: center; font-family: arial,sans-serif; font-size: 11px;\">Mostar (2004)<\/td>\n<td style=\"text-align: center; font-family: arial,sans-serif; font-size: 11px;\">Travnik (2004)<\/td>\n<td style=\"text-align: center; font-family: arial,sans-serif; font-size: 11px;\">BosnaHersek (2004)<\/td>\n<\/tr>\n<tr>\n<td style=\"background: transparent url('http:\/\/picasaweb.google.com.tr\/s\/c\/transparent_album_background.gif') no-repeat scroll left center; height: 200px;\" align=\"center\"><a href=\"https:\/\/photos.app.goo.gl\/woUihirXYRtSDoHE9\"><img loading=\"lazy\" decoding=\"async\" class=\"\" src=\"https:\/\/lh3.googleusercontent.com\/VyR8o_XYic-ZluAqo_hg9drqdY6gadGFwaEPtwD860K3MeoI7UZY3SQn738S1DxW7r7HY8flyjGyw7W1BlPBPFOAZqogz4vVZuA3HcEnsCBTgEdwPuNs2_3OZV9mgdRhbbsvgATLk0iKAh3yE66pT1Npp2ffHjoPDgm71fdKuKhC6ZgYrMYze0N3ebwWxZw9MaPZ0OF-gWw4o6QiUt9YJnMEfjImxA-eLK4Z4hJDT-iInxpunKgBD02uaGOe82nyM3NM5dxFwDiMH6moVxOJB9d7Q8a7dHO8ykdA7qSYTc2FK76448J4aVu968v9DuBeGIxsQyYe8y2uQESTj5VIl8N9Pl1vQwH0xLnJoUmVzcFCYfeGNoH9L9djlN2q7ayjg5G0wVAkIpHQ6GGF0-uHQu8NWTRnsYpO0GHJWihMDXzyzrxvn8O9e6S3hkxSwpXTRO_JpWinEkNQ5gJMMe9B3Am8OnMo2ax3q0_61a-_GYjasbz1069mEFb07ImdZzQBOMyOsfZUrStmgut6DlXfw9KS1vJ3TYyfrNR_QgbPsBbNxrvlHEwNl0pttKW29BLluScEDuHnL4ixJ2TBDQOFuWWJVAOhRM2hc3Vp9r61YnAfSS79QjF6IXSmx2dHQU5FSLvEjxsV1iLIOlKJ94dnihr1ZX7nmLee-wRqudC0qtIvAFTfXaVUv3K6oH1d=w951-h634-no?authuser=0\" width=\"179\" height=\"119\" \/><\/a><\/td>\n<td style=\"background: transparent url('http:\/\/picasaweb.google.com.tr\/s\/c\/transparent_album_background.gif') no-repeat scroll left center; height: 200px;\" align=\"center\"><a href=\"https:\/\/photos.app.goo.gl\/DHsZU1u2euwPpXZj6\"><img loading=\"lazy\" decoding=\"async\" class=\"\" src=\"https:\/\/lh3.googleusercontent.com\/jvo0DW7r4amLzlwfXkfJsizkIZgfTzOA8hcM02BkAA1DLgHcNJPMx60FDZANTYbaHgPZmTDo7itktpweyLflA8QxCmBEUeRzPpmg8-hLnTC71Sc68y5mP9L76QuY8cVPKk7xMCkHs9z0PCBm1Bl3Vup1DoOn9o-OE5IEphC-GZsQ-w-HMsWt5WkQ3q1DiVpJS8pF0Tf26ZdIBEV8asDMn7-Vy-xVGlalU6Hf6kuPb20YgUKxvZN0QZ80SL0zghY1NKdQ0rcmQlVDfmwIHs_uiClU18j6BhVwRoBcdIVabuTkd40ArHzp2i2fiVFbjEkgDR5ubRfitQblGnNQ1EL7g9gXA5n-jDt5M70NpzU5UUg3HmkH_tCAezSfiDffyP44mWRuZFp71HEAHUTxxvt9UY8fWDgsMY84m6TdxwnqagW-TpVuyWiVENPH_KI5gXTC1jFo9ffg9rOkM9DYNtQk-oo7kfiDiijYOugpHpCZ3PH_EdhFSeYgsZXOGxyDlThWSE7qPc9QkzAEI3i3rfGu7lIPO5oBGzl3w4aXl3GDCGs5mMsVpPS8kCPXzTzF5K8OYhfU6_Nc4HasIaJJISj8MBpuh-ooqyMY2axtp7bxHNfVhZb1i7_aYyhBbzzoFouBNkVGhrOQaia02bPFAEn35lHGqbW_FeqwOpgTrNUZql10N1TjRCBmQnzhFKkF=w951-h634-no?authuser=0\" width=\"182\" height=\"121\" \/><\/a><\/td>\n<td style=\"background: transparent url('http:\/\/picasaweb.google.com.tr\/s\/c\/transparent_album_background.gif') no-repeat scroll left center; height: 200px;\" align=\"center\"><a href=\"https:\/\/photos.app.goo.gl\/uAvPw1Jx54Hp3oA2A\"><img loading=\"lazy\" decoding=\"async\" class=\"\" src=\"https:\/\/lh3.googleusercontent.com\/bYuV8Fl1TUi8AwOT_o4esBu6wVswL5P5mg7dHbdxlKOUsUbasMpzcnIfMo4UnUytrcs_66tnRGScbfVMgx-8pFFKF8Al7bab0HpSQbX5nvyQS5LA5JVsLJebck0wHkSias6Sc_wVxJ9u78-VUlHlf_YewXiRSDW8Dr9MCXVzsbECMzoCQ89nSDu6w0Lqxi3z05wYI0Y-ynnKHFu1oFdGjE7geW15gLN2ifGSoFMIJMntij8K2k1SnBIOz8jJNSiEZbZ4gEJ50yCQS3-op3zG85PHKnWyD0dfSonLVsDEUfP_e1noG4iq4fCPZeI4kr6MB3yTtorC_UNgI6eM1SgdUbattxJsqqOK4xEoU0IyKQSO9wMdDC1yzGQ0nwhQWH_Z1Bo8p7b88nHYTbQzKHItdPQSlEcv9ZukGLGQZZRHYI_A-GI9smeUjk3jNuYxtctsUwVdTFuOYxP1fuRAREvKMmmGbskA2j-WL75RaQjbiNiIdiFbYyuqcuiQu1YI6BviphSWul0LFNTH_-LIftbR4Xx1AxLpO1SfoB6x0sOLvB0_Yrdu4ayBgcjd4YIjO5X-RIp2ywwYs-pMBbQqcFs4RVYMjYMitLdFkj7vPd-w5wH715UotqMLPGndWVgGbuCHM3AjnVaGsqyZ_DgWL5VmvHk-Xo6Soa-BcC7-Hk3IaDgcjY_CQ8m_kLN7zIh1=w951-h634-no?authuser=0\" width=\"180\" height=\"120\" \/><\/a><\/td>\n<td><a href=\"https:\/\/photos.app.goo.gl\/as7J5YHGcqzV6rLV7\"><img loading=\"lazy\" decoding=\"async\" class=\"\" src=\"https:\/\/lh3.googleusercontent.com\/6yheVIVoNAMOv3RMUdIiOR9Jp5UkLMoHHAwTBU1zd2a4xuY3IBm1R9JG7LjWHtgAmRl5IqEiWOnXkTjz-oHjzcKZMRJKEP7_6ou1G8VFKXQInKNdsecsGDENfep2oknf_wJJxt9YtztQZ8h0igFXecnrDkwnSzBf50eQt3haFS6_9mEK4fitg4A9JxaBFWYH1LoOp23W2ukxHZcyjiR6lzL_CqU0EFAq-jgOofm1Zv7pTGCtAgU3wEoWDlVGIW8rd2GTxb0sB8EI9G3M0XTUuGhyiKdr2shz5xHQrpm_bEF5oTzYmjeBAY3rl7JbLNQ2wtBU08KK8Shu7HPQmXaH8Oi_pMfBs4wBU3pwF8Nw91mz7_6U9Z0lbZCekHxF1EKHUCu-4Mb11zSiB8oRkYOhPijJWgVesLunUQa98AOYkXfOUgpHf_-ih_hPe-6MV2S3UDuUx6pjSUvGT5_Hnvh-tV5K9DqOhdqytMNUijLF7miVuPcGy_aKdr2dJbC5MygmMxUEgWxn7t458kUqnm6c3VDHBFiIpWXrDjETDcTfYlTx-4lon0FyKY_tkmKskmpHWR4N9T9yawl87FKM8lNu8UK-FeP1VT1ipBQawgXghXykdAULDMypwjZZiO0fK1xkMbJ6ZL48EWwlsFVJJZJtuUH00yB7If5VjdCbxAP5FZnHWJp1oWyeYq-dwu-q=w505-h758-no?authuser=0\" width=\"106\" height=\"159\" \/><\/a><\/td>\n<\/tr>\n<tr>\n<td style=\"text-align: center; font-family: arial,sans-serif; font-size: 11px;\">Saraybosna (2014)<\/td>\n<td style=\"text-align: center; font-family: arial,sans-serif; font-size: 11px;\">Ba\u015f\u00e7ar\u015f\u0131 (Saraybosna) (2014)<\/td>\n<td style=\"text-align: center; font-family: arial,sans-serif; font-size: 11px;\">Jesuses Heart Katedrali (Saraybosna) (2014)<\/td>\n<td style=\"text-align: center; font-family: arial,sans-serif; font-size: 11px;\">Ortodoks Kilisesi (Saraybosna) (2014)<\/td>\n<\/tr>\n<tr>\n<td><a href=\"https:\/\/photos.app.goo.gl\/NYzN4KQZiELstnvU8\"><img loading=\"lazy\" decoding=\"async\" class=\"\" src=\"https:\/\/lh3.googleusercontent.com\/ObgE9kW35TxqhgYRbvRQdn_TQsVptijrFhoXh25UfbL8yA5p4SsX9wV011DX5w66TRV2POtxEep2cJO7VVMqOdRrA3YHlv2XK0YEGtTLumvry0xnfxfS3_iyfKs7sCwOvTiniXC134qarP1Psu5ePjjW8wcadIXf5TGCt5YJ8X-_29GZsyffdw-ItcVbQlcHIVZXjBIOu02R2n14v25e5TwfTTnMQhMtf8eqN0BIRNWRukvGSjD-xk6GC2XxtMrAOu-fJ4pbjXcXus8dcDQkIDzflleQg7VSgOuokY4quSb7SI8siXCVmBz_hUW2wnlKqPZbd0j7cK_IKjC8UL83XXtlTIDJ4jXEFSGXtQ4afouIH8iAw7vpMd7pqPmCtaRRXu4MtuNuW8loQa8oXGj-dCscoI2G0AQlJBUbUCbN5mtWqGthJWVnHsZOZatl96rK6EDL8aDx4gcA-4-k-jMV8zqZIZWFpPVu6JCDe6PJcdfEwsNMpNo7N_qOtfQ8rtVhMBGo_xJI1HOuimNqSRqKco82YAcGLtCHGV2dTchgho-aaYfva8EeWs76M63F5zL6Q5Pp7cUYZSI-aAzCKULzM20oxOnJ81xx12zthIDiYQjudTBIld7MYHMp4TQrliWComktHt3iwAtEVI3Ho0affiTNnQEJHeQFbe_T4-_THsDamzSWZntYO2TmGsHZ=w951-h634-no?authuser=0\" width=\"180\" height=\"120\" \/><\/a><\/td>\n<td><a href=\"https:\/\/photos.app.goo.gl\/2pBuWtsJhGmauZyd9\"><img loading=\"lazy\" decoding=\"async\" class=\"\" src=\"https:\/\/lh3.googleusercontent.com\/2u4ToVWaQs9PysEwULspEBO9RXyX80AWMLXTZASk1cn2I7xaIxm3TBkR4NJxHNFpWWuPigY0QJTIIbuAcCS_LjchalypXgNGICyX7qEP1CUX5pQ3ZLYj55t7KKpzKwkLLWd5w5ZbF41rtvtT9xyevjR1HVdB4pECANdjC-ajFiPIOkY0-9b3G6sM76sR82iMQMGlMteHjviU9BidRMPvDIBZK97cAgHGZcVmpw7ONZNqjCnsjyd00wjn4uoIj7rHBTuVgAVrCKqDPA8ddF8uhYVUOBwcTpjf5bWLOvvKVPHBuoyV5R2lx4_AsNC1qQ6R2MP-PXCAG5TEnkepEbxDuc_1RyKmZ75jm7paPo9eq1L0LHR2Wn-oNBVfNpQqQIy_g8p2FuZ_u40VxUWtf-F1vusaLhsLYHT3HuUzdy_GjJJAxDKnK98GqTG7OBQL6xaiSjKg31c0nq5p9z__NLNC-5yFvhsn6doYvpGU4iPg2hQR3rWcABs1P1eSSwTz2OgV_KR0_9uf0giHcStOPB5puqGUNockqXWG8o3D9msbgUHX91K_mcoUnLN1Q5r3e4gfGG09T1yfYz04hRoufLKNd9MkQYjIA16hqc3ZLaUrgCaIVYr3gXv31XSNRtPFo8Sw-UEDy6SdVNm44HM9fLsmIdyoC0ebHPDXzxvEKX64k0-3EM_Fl4KUt7Ztuv9W=w951-h634-no?authuser=0\" width=\"179\" height=\"119\" \/><\/a><\/td>\n<td><\/td>\n<td><\/td>\n<\/tr>\n<tr>\n<td style=\"text-align: center; font-family: arial,sans-serif; font-size: 11px;\">Gazi H\u00fcsrev Camisi ve Medresesi (2014)<\/td>\n<td style=\"text-align: center; font-family: arial,sans-serif; font-size: 11px;\">Tunel (Saraybosna) (2014)<\/td>\n<td style=\"text-align: center; font-family: arial,sans-serif; font-size: 11px;\"><\/td>\n<td style=\"text-align: center; font-family: arial,sans-serif; font-size: 11px;\"><\/td>\n<\/tr>\n<tr>\n<td><a href=\"https:\/\/photos.app.goo.gl\/2crZYykPPv9EkyeK8\"><img loading=\"lazy\" decoding=\"async\" class=\"\" src=\"https:\/\/lh3.googleusercontent.com\/pw\/ACtC-3faUzKDEk5HRTA00jq6qQw7YGp9uxjl9lXTpHclOzUrawMrXfDnY00n6RM0R_hFKKb47ai6qQ2Cg_6cqx5A4Jmgc6tdZQ7Hod6epPDjVUPQzpfKP9ETDbOHxLW1_VLMIgwXeyDoLFNs2atqxosAKVWr=w951-h634-no?authuser=0\" width=\"180\" height=\"120\" \/><\/a><\/td>\n<td><a href=\"https:\/\/photos.app.goo.gl\/ju69s8bmJTT64SJr7\"><img loading=\"lazy\" decoding=\"async\" class=\"\" src=\"https:\/\/lh3.googleusercontent.com\/Bg235eYk3mO8h-I4l7Hau7VZrWHYls-5HaK8JmajAZnnU_gHha2eMPy02ZW4eHrFuMJKgA0am3CP5--1rYzPV9rEt1SaoMqjruoWGl1mpuednfWguJX3eiNQGuFbt_spXQl59_G0SGEhaOmmbQGb0xPTQ9cBUJpxrguzJJNV-CvM_v6i8TK88xKabLt5KpNyWHJ_S8tdt_9sUdDy4lQqUZfgHP6mlPEqH12GUk4Ahf6l0nzSPMkK9cdfFuY_K4y70xNB6u9G7FZ5kCy10MYN4QwzM8vkaoyZZoaqkG2EI1qkL4vUMHnoLM46169heBlPmuH6jduthA5PGx3jO7ukouuxEgqjV_eJ77-SeS_KtPQ9iPTG1x2wN9fyMYo2gVRaFop5hNjYzuXr65TWD7uue9RA-VIFNXCsmSya0kP4mErAe_Vnl1BI_O-ZIOt9D_RCBzU_weCLV4jRDBwDSbVf99YK0WbPNNsXHOMqP27JCXI5AhNn9TIxhQJ4cXVYxno-Y7EIJj9fxwsIS_0tIV94oyY_68hApc7Nl0s_WkuLwxB9X2N5KJ46S49cAw6pMr6Q9-0mPx4JZT5xzWAyxzhTy7-ZVRV_0iynW9--puxbzufKUKVzZGrGcLpxTxaf7pI10qFYZw2t2i3R3CEg8yTPg9ADsUGrU7pZOKYrnv7WkYojUoa11y17DA6RVN-J=w951-h634-no?authuser=0\" width=\"180\" height=\"120\" \/><\/a><\/td>\n<td><a href=\"https:\/\/photos.app.goo.gl\/XKRWeaQLvfJ6bAWWA\"><img loading=\"lazy\" decoding=\"async\" class=\"\" src=\"https:\/\/lh3.googleusercontent.com\/JDJl4u01hl0Ln3a6hT5XhMDWjGcFT2gx-cNE_wl8xvygB5783IhkbnJD8HI10QqbumWrAPfJ-FTxwfHB4o4aRS7UWcyGHSl2U9pVmJbtmFpJeO1MAPu0Gn6ytdMrxTqKNbEdKl2sIr-dHIFGhHMHAVRJ1tfo4Ea65_zKCqUMuy5JuFzA6MLGnflUvXxpdhPiW5ueew5Sx3cCgtY5-2HL-n5e4WYSR119DmwKdEKJd7vmLW5To637SLNOnFmuuN2nq97RYU3ZEQNGwgDqvhGq4w6wtGj8QYoOwyvTCpDdhHmwQ5Kt0xcvorQyh8o3vJohaR4VnkspK98pVKTc6cP6ECeUYL9jvY2QVbbnltjGeG7fVU7etrclyA9yMd0PkCcLuvqA-ULaDT9z1iX40deUhNufOb0L61E8oesQPvzkbHcbMZX5epdsECGoTLGhxltA5c_WisUpcDgLj8Q9wFZyXqm7coGF2RYgs5fOoJJr3k1eKWzEM4sjOPIkAFnX_YbP6iAmDCsItZ59T6u3g_VMNnvRkkxebvmdmp5YUg2artj0iuws2XN1dtK99urSatgMAVA9FiUprFPHWYqqvhyRzArPaXUKK4UijEl_EpMCv9mpklTmb35K6KlpVt0pWTvG-MT8pClbyKnl5RrLFDcOCKbRAZc8jMrT2MKWZvm7f6GcIb6t4ayOlUj-85Yx=w951-h634-no?authuser=0\" width=\"180\" height=\"120\" \/><\/a><\/td>\n<td><a href=\"https:\/\/photos.app.goo.gl\/TxqUwt88XfNHQrKr8\"><img loading=\"lazy\" decoding=\"async\" class=\"\" src=\"https:\/\/lh3.googleusercontent.com\/dPWfKIc7XVw_CFqnDyFhh8bh8vr6-P17wM-4IxXHZJtvUE_MYJU-4BU7rgLnCKa82RDSmvGBuCu8lcERKq3BErH0xRK7SPHVW6KMHGGByjtCHlpy7lHQQIbdLsLrb8A3DZvHsk32YOLLXZnMImz_0BCsvyXEXEHa14kpBvEsVniJU9_H612y2Y5Ca3rUYjMrP-Oaay4OyxTLthsv2thJQC8eJ5GctWMFGV0-zbbWvFBszzNkAH59URB-pmLpl7TNEvvZsQS9zWNFkUOqR4N7ZAWwJuGkKftm8U5l3usUXkibEO8KAjt10J4q-PGJ8A-akyDRH5-n0B6sbS3i-AHMnAyRcTwS_UhfQWcuogK_v4FnDcWblRnJGD9MyvrYaO3K4wQgGnyFoA9qXeqhT-lDoMOWeXOA0Tv5tb_IL_jDe5CZdogfkyg0RYFBH1ywKfYXLl9bFGc1CzfKc82fRNO9ut107U2C2wfZdjIh79kUizSPF9TBYdBkzhU2xTAiIhN9puamiSkL6FdRPh-mv4J0n_TQCqpIiB584WCRVNssYrlConOhohLrX72vCaKilPXZN1G7TC9mcZIYU58ZyPJQsUDR5aA4S7TI-yrZpwq5_WyIF8Bzhx6T_qpNsxH5YyGNqgYQOY0X83yD6Rjpg539LSjh_4tqK8jOfd4CQgez036hR7Z3_AdIcayaF5ZF=w951-h634-no?authuser=0\" width=\"180\" height=\"120\" \/><\/a><\/td>\n<\/tr>\n<tr>\n<td style=\"text-align: center; font-family: arial,sans-serif; font-size: 11px;\">Travnik (2014)<\/td>\n<td style=\"text-align: center; font-family: arial,sans-serif; font-size: 11px;\">Mostar (2014)<\/td>\n<td style=\"text-align: center; font-family: arial,sans-serif; font-size: 11px;\">Balagaj Tekke (2014)<\/td>\n<td style=\"text-align: center; font-family: arial,sans-serif; font-size: 11px;\">Jablanica (2014)<\/td>\n<\/tr>\n<tr>\n<td><a href=\"https:\/\/photos.app.goo.gl\/hSPpyLLurkUFMk8JA\"><img loading=\"lazy\" decoding=\"async\" class=\"\" src=\"https:\/\/lh3.googleusercontent.com\/tPXRyT-XBR39mUrCAc-xH7R2LRQ-XfEsg4CcyQhFQRKQzo9yESZN8IvN_6aD3OamL2CLPNUbH7QgxwebVCLl7qyLvM4aeyWyWG7FzTXdUSxBfWLzciRuGb67HfUxIjV6AEDdBOFGGGdQph03d5lr2p3qL9_xu9-_ZbS1XfxCY79bP7eZQp6zlFEN2NIjF0NgDqt5ZZNrr-wYm2qPTjLCvORSwCvsDEV2O_s0BX7cH7jmEXWpPrtZ6gCSJzY5T9YYxhN79Zuc6mERu7OwLCue3xbPAkHTmhxyHX9T48-1qFV1aNRm1wymB73aVb8bL2ZuO67QMiVQBRC6-RArnhTEu7iJfsCMf14zAFbSMWreRqJWAHQDWG7dH4MtZOV9I6jDm_6hTBBrBfCW1q39yvltJHfVSzTTiqv4CZZnnKrLlnl0VId0h_0V9Vm_a9h4TyZyx5C9bMBQGnn0RN4v40Ei-bb1DaEdH9CB206_vTV3G4FhvkVi12mD4EQDHYZmNTimrfU9QobJFwupwnWHzEZDSP9y_L2wGfZCYc9Nmem64v7oXH21UEH9urKkxV2ABp7Rxreoxx0BM1PP-Hxmn3FCv1wldHbsE2b05eA1rnqT8m-jvXP2BJ9_yhKxOHlkbk0qFJVKGT8-IEHtMUK7_aaBCeTHwVX71NPRcX_lwS0Kec-l_n0CMHv1qsM4v_y0=w951-h634-no?authuser=0\" width=\"180\" height=\"120\" \/><\/a><\/td>\n<td><a href=\"https:\/\/photos.app.goo.gl\/Un3KVqbnb8zZMAQE9\"><img loading=\"lazy\" decoding=\"async\" class=\"\" src=\"https:\/\/lh3.googleusercontent.com\/9X5ti6r2P9VyRiw2XUL3Iz_8xKxPU0o0tf9djCIC8_MbKaZuhEWvHHi4w93bQYtzzAbhlY4nPIQkqnEAa4YARCmeK9rD1-SNh9-mYT28wnNXVuv7vF1LBxbNscWgpsmrioMNgIwuLo23b04wpS6oShTWCnt4BcVKuSUlPeRLgJFxtjGFWt6h7L7GVCTrfHfdKHLV1NBNLaeZnDO_aGVHjm32-E62GO7Cn56_56Vrdg7HvuyJpXaKZvaZMpVUsfDEDRYDj7FsiHY6t0GUSM86hrQQOR83ZKwThCKLi6u4P5-yemOfW6LFkezCVCCBIHSt4y2HJkTJGY25fiSvo3D_xlyyrpyQcKX3Ap0i68g25KWjmhLBibayu4M6BTPHvfmI1CyB0eZgcprbfecPMNTCEZr2Gkhy38mTwNeYgIhu7ievE3Z1MmRo18XHLEC4yO3HUQ7vtzomQ5XZANqDsT6JNfJUhJ24qMN3Xmhc7cyk1WguAoGDS1UC7rcvRhyp1HIkjCs6fuvktWNo6X7T0C12tySNMMxeLo7_inSLWnBzZ8MX1gFnvUBeHIsIfF4xf0xI_Lbs9iWCNaqjn11rx6y4QrXeXExZDds7CrPEHdSfwqplMsHR8PRfOsIx9xBJEIg7ARmSrmZDuhFQ59Z2_Qos7twaQZYJ-2IUhcoXy48V__aabTXXPW9n-KNRcOtR=w951-h634-no?authuser=0\" width=\"179\" height=\"119\" \/><\/a><\/td>\n<td><a href=\"https:\/\/photos.app.goo.gl\/skJ5BQTKx4akVkqd7\"><img loading=\"lazy\" decoding=\"async\" class=\"\" src=\"https:\/\/lh3.googleusercontent.com\/IdKJvlFi2e0qbI_1Cj3K1PVvdr43sAJHabj839nVTJaghqC2FsMcARzCAMFKGmw2eRNiAQ5P8JytAJ2_ysW2z8RpqxRnLlKxBY6QN4_2B1hPRMAfJUYo2C9lhqlsEp-zdG2QbCrmbnXy-lS78EEFYJhRr0nQ9MrjZd61yB7Vytd3Cq4tahSOALLWtKmMC-ZWSny18v-NMU2YCgr2mNzhxfcBcPWre0sEzoltL2sKc5JQnqLLBbgF22JBDX5AWNA4EgSmhAeL0gY5soICO8wCcd42dY4xvrfUa54OEJcr00HWtZ0JzIGzDwOXI4hF19jbEoBwCpU57703jKb0P6qMQ95H3iL-LtI05CsfwXm1-2KRfccnlQm_Ue-7-0DehZDqtIgu6ODkmJs9ErllCQN3TtcrzH83KC9HJwS-GiBmM0nuZOa4gopG455oNiZAU1NSeklkFUYaFkHu3x_YrTm1PRM4mdTrDVqZlTQevA4REDBwTYydhVEHtWaCuq4DpoCq1cfeq6TeBsRQ4duC0mBPCIjT_8j92WrFGnlK-ITpmNi1xTXYS7LnwA5Mc1hxYY5R0-ECl8237KnKdKGcA9otYW8-wqQ46jr8gMXOWu7LYx-ChoMICsdOzc8fSYz08tscBQO2ENv78zxDH2rmEcsdCum6jPGeRcajg9Onj_CqGsyENFfeQfHiSlK2769K=w951-h634-no?authuser=0\" width=\"180\" height=\"120\" \/><\/a><\/td>\n<td><a href=\"https:\/\/photos.app.goo.gl\/Httq6Jc8XAGjpVxz8\"><img loading=\"lazy\" decoding=\"async\" class=\"\" src=\"https:\/\/lh3.googleusercontent.com\/vgRVoCQkkSpsIjfUXoAUSdoRQBoh4it8S_iG3Rhj6Bw0VCZyDZ9BrtlELgKvQlSDjGlUsS4wDCiAiQ8sNzwWHTpzM1jFmixxCtAPEPKdWf9tF55tN1wktZO4EdpXi7itYl5SrWgaXPXJ4uu7bdWNlYrFvGoFdwlFhZZWdtW0WQLVW9N4VJftG4u56CWriABPTbMaLuYpTCVchKFaOOa3I0YKw9WXSubP39Y4AO6apZiLtQY3UYlcr06uYHl_bGUxPHdKC3CTWF-kSPoCHWjv-W-pvET799RQ3Vlkyndn4QnaOIdyZI7I76QtZFbUOLWpc2SInEYPbqqgrsdbY7IUIraf6F3zAXjrg2Mn64j6294t87Mnh2pJQqTTvKazPzgKKnYqaLFKjknLSryfkrxLvgPJs-Pa6sl7YptQ8iX06RZ-bL2g2VQeeKjF_HrfYuL6bA14WhLwPmhrLEH9jOqTxRuwlGMYU8oZlWt1mhmkv_Lp3ZOsqwnuTdsiOVJF3j7yQ15mcOeSgzwak4b0dNlglP7w-pgPr49u1v6XmEWNUFenVm0zjqr7n0crEYSs62TYdBvfeG6u38NVVTTLNESShguaJPFKrTF0R_gIerx34kk8JaIiJWFHzan7cqzM3BUzXMepFZ5omCkP84nuY8f2n90DXn70pR-Q6bEeh7NPCvhFtbB3BbLxBafboUxt=w951-h634-no?authuser=0\" width=\"182\" height=\"121\" \/><\/a><\/td>\n<\/tr>\n<tr>\n<td style=\"text-align: center; font-family: arial,sans-serif; font-size: 11px;\">Ostrozac (2014 &#8211; 2018)<\/td>\n<td style=\"text-align: center; font-family: arial,sans-serif; font-size: 11px;\">Konjic (2014)<\/td>\n<td style=\"text-align: center; font-family: arial,sans-serif; font-size: 11px;\">Medrese (2014)<\/td>\n<td style=\"text-align: center; font-family: arial,sans-serif; font-size: 11px;\">Visoko Piramit<\/td>\n<\/tr>\n<tr>\n<td><a href=\"https:\/\/photos.app.goo.gl\/npyFRo2teNaCffGG8\"><img loading=\"lazy\" decoding=\"async\" class=\"aligncenter\" src=\"https:\/\/lh3.googleusercontent.com\/pw\/ACtC-3fDF80RSck_0f7JpPsehLVZlw_KH2yOMgWu51d3d8CmVBiUOLx3lXtb86lJblV5a9gh71onMaZ1u_UhIya2KtBHyyG4wwP-gK36wJtG9L6_smJZhgkoePr2Kccd-1tloxZn4zO4yMqsJ3smBhEpndfW=w1331-h888-no?authuser=0\" width=\"183\" height=\"122\" \/><\/a><\/td>\n<td><a href=\"https:\/\/photos.app.goo.gl\/AB3TfW68qcfAZraA6\"><img loading=\"lazy\" decoding=\"async\" class=\"aligncenter\" src=\"https:\/\/lh3.googleusercontent.com\/pw\/ACtC-3dojbst0XAoiZiYkmE4XJqQY5IJOaCEFULr3M1cqX_9GqLPAOQco8wq-wmezso-WxXXi3lw9_LdaIEhAlEu1tQRERJF_2zEYevTiTIsM1JB2e7Go8vPAP9-eo4OXhEjlmn-Dg3WU2dLJ-k_bfO8irDLCA=w1331-h888-no?authuser=0\" width=\"180\" height=\"120\" \/><\/a><\/td>\n<td><a href=\"https:\/\/photos.app.goo.gl\/qpDnZq2bVcH1f5Zm9\"><img loading=\"lazy\" decoding=\"async\" class=\"aligncenter\" src=\"https:\/\/lh3.googleusercontent.com\/pw\/ACtC-3dVDcYKm9eUCyn3mUrkH2VWvKt2QSncARTo6nIbis5s-sZhEFQdizVG7OKP7THrUQ3ZFGFo7ZPpJQnPfCG59JpXinLGA5bIJ-3QtGFjx7n010Ku2FUmqVfeomNWbb1koDd74bxgT42TLtcj5R5t3cJR=w1331-h888-no?authuser=0\" width=\"192\" height=\"128\" \/><\/a><\/td>\n<td><a href=\"https:\/\/photos.app.goo.gl\/XKRWeaQLvfJ6bAWWA\"><img loading=\"lazy\" decoding=\"async\" class=\"aligncenter\" src=\"https:\/\/lh3.googleusercontent.com\/pw\/ACtC-3dnIA_cNPbbWUE8aIZiAaZL1OTAF7-wP3G3I4bKw4uwTzlXcvd7lfzt48GV-fRzkxkakT5cjsMn4jocEyJqhb3OdSbAQlhwtf0TvoNdS0bWS3IuFlPjja80BP9YoSHwVnPpCK_O0c3fh4feFiFZjdRY=w1335-h888-no?authuser=0\" width=\"185\" height=\"123\" \/><\/a><\/td>\n<\/tr>\n<tr>\n<td style=\"text-align: center; font-family: arial,sans-serif; font-size: 11px;\">Vrelo Park\u0131 SarayBosna (2018)<\/td>\n<td style=\"text-align: center; font-family: arial,sans-serif; font-size: 11px;\">Konjic (2018)<\/td>\n<td style=\"text-align: center; font-family: arial,sans-serif; font-size: 11px;\">Mostar (2018)<\/td>\n<td style=\"text-align: center; font-family: arial,sans-serif; font-size: 11px;\">Balagaj Tekkesi (2018)<\/td>\n<\/tr>\n<tr>\n<td><a href=\"https:\/\/photos.app.goo.gl\/bq281rNmjs6wTX389\"><img loading=\"lazy\" decoding=\"async\" class=\"\" src=\"https:\/\/lh3.googleusercontent.com\/opjSTJ0hHtwPvVsKnClF625XNl7-9FiqKsR23lCq_jGtqzfUQxImc4wPk9SioyI50RvNRUHrH0LYNEM2MLnrKntiwJVGGG-GkP4tlLRhyOsJudJOGDULPnwYvjBUtq7ho-nIqPEVN4FInUXNjXHF2gi4Yqs98_gPPWTLSipT221pWSyAdu_41CWdif7hZU5U4NgrWUqCkDMeTEsthBf7YOzwQjz-D86XjpBB2uBKS8iQer8_QgARwhi3PKBPnenGaaOMNWLPqb11gXM_wyn0foLCIlZtxSejTIbTbZcmXztJRYbbbxbtzoSyxmH_CjEudp2BK3urywMF6IspLCc0KLTbBmOqA4c_SeRIqMb_uMG_0uIF8QMDp39QWaiqSDMxuyLlZF3-IQTbfg0_I3hjrFYJsQjIYNa8jsRwhUduR7a7PqAJnFPinEerv7hjAEdFc-k4SfW7-pxseZrHNcGcK3pBTYaOiqyB7tX4q9Ieo5l_D-z_O2UyagR23af6mfUzseiaR6ReuxpMi03O0DpDFgjSZ2dZ5WlqMVC6d6wSokGwT4NnXhy_k_UXPMd_6vQWOkzailkSxhzSTc4IoD85Vp4R5_FosWs6b4NU7UNZRVpw3mOfOAcMTgniJHcBpxfxasQnupEwvYA66nmhXMROQEiugdkfsFkooIu8w4D8BHzNClSL0BQC9M5yQm2h2RKctmUJfC7pRTaNzhB6K9ZQwoXDpfqNk7nOoTnWbFqnDvGGapkatw=w986-h658-no\" width=\"161\" height=\"107\" \/><\/a><\/td>\n<td><\/td>\n<td><\/td>\n<td><\/td>\n<\/tr>\n<tr>\n<td style=\"text-align: center; font-family: arial,sans-serif; font-size: 11px;\">Neretva Nehri (2018)<\/td>\n<td style=\"text-align: center; font-family: arial,sans-serif; font-size: 11px;\"><\/td>\n<td style=\"text-align: center; font-family: arial,sans-serif; font-size: 11px;\"><\/td>\n<td style=\"text-align: center; font-family: arial,sans-serif; font-size: 11px;\"><\/td>\n<\/tr>\n<tr>\n<td><\/td>\n<td><\/td>\n<td><\/td>\n<td><\/td>\n<\/tr>\n<tr>\n<td style=\"text-align: center; font-family: arial,sans-serif; font-size: 11px;\"><\/td>\n<td style=\"text-align: center; font-family: arial,sans-serif; font-size: 11px;\"><\/td>\n<td style=\"text-align: center; font-family: arial,sans-serif; font-size: 11px;\"><\/td>\n<td style=\"text-align: center; font-family: arial,sans-serif; font-size: 11px;\"><\/td>\n<\/tr>\n<tr>\n<td><\/td>\n<td><\/td>\n<td><\/td>\n<td><\/td>\n<\/tr>\n<tr>\n<td style=\"text-align: center; font-family: arial,sans-serif; font-size: 11px;\"><\/td>\n<td style=\"text-align: center; font-family: arial,sans-serif; font-size: 11px;\"><\/td>\n<td style=\"text-align: center; font-family: arial,sans-serif; font-size: 11px;\"><\/td>\n<td style=\"text-align: center; font-family: arial,sans-serif; font-size: 11px;\"><\/td>\n<\/tr>\n<tr>\n<td><\/td>\n<td style=\"text-align: center; font-family: arial,sans-serif; font-size: 11px;\"><\/td>\n<td style=\"text-align: center; font-family: arial,sans-serif; font-size: 11px;\"><\/td>\n<td style=\"text-align: center; font-family: arial,sans-serif; font-size: 11px;\"><\/td>\n<\/tr>\n<tr>\n<td style=\"text-align: center; font-family: arial,sans-serif; font-size: 11px;\"><\/td>\n<td style=\"text-align: center; font-family: arial,sans-serif; font-size: 11px;\"><\/td>\n<td style=\"text-align: center; font-family: arial,sans-serif; font-size: 11px;\"><\/td>\n<td style=\"text-align: center; font-family: arial,sans-serif; font-size: 11px;\"><\/td>\n<\/tr>\n<tr>\n<td><\/td>\n<td style=\"text-align: center; font-family: arial,sans-serif; font-size: 11px;\"><\/td>\n<td style=\"text-align: center; font-family: arial,sans-serif; font-size: 11px;\"><\/td>\n<td style=\"text-align: center; font-family: arial,sans-serif; font-size: 11px;\"><\/td>\n<\/tr>\n<tr>\n<td style=\"text-align: center; font-family: arial,sans-serif; font-size: 11px;\"><\/td>\n<td style=\"text-align: center; font-family: arial,sans-serif; font-size: 11px;\"><\/td>\n<td style=\"text-align: center; font-family: arial,sans-serif; font-size: 11px;\"><\/td>\n<td style=\"text-align: center; font-family: arial,sans-serif; font-size: 11px;\"><\/td>\n<\/tr>\n<\/tbody>\n<\/table>\n","protected":false},"excerpt":{"rendered":"<p>Saraybosna (2004) Mostar (2004) Travnik (2004) BosnaHersek (2004) Saraybosna (2014) Ba\u015f\u00e7ar\u015f\u0131 (Saraybosna) (2014) Jesuses Heart Katedrali (Saraybosna) (2014) Ortodoks Kilisesi (Saraybosna) (2014) Gazi H\u00fcsrev Camisi ve Medresesi (2014) Tunel (Saraybosna) (2014) Travnik (2014) Mostar (2014) Balagaj Tekke (2014) Jablanica (2014) Ostrozac (2014 &#8211; 2018) Konjic (2014) Medrese (2014) Visoko Piramit Vrelo Park\u0131 SarayBosna (2018) Konjic &hellip; <\/p>\n<p class=\"link-more\"><a href=\"https:\/\/xn--adal-oza.net\/?page_id=4652&#038;lang=en\" class=\"more-link\">Okumaya devam et<span class=\"screen-reader-text\"> &#8220;Bosnia-Herzegovina&#8221;<\/span><\/a><\/p>\n","protected":false},"author":1,"featured_media":5932,"parent":4633,"menu_order":0,"comment_status":"open","ping_status":"open","template":"","meta":{"footnotes":""},"class_list":["post-4652","page","type-page","status-publish","has-post-thumbnail","hentry"],"_links":{"self":[{"href":"https:\/\/xn--adal-oza.net\/index.php?rest_route=\/wp\/v2\/pages\/4652","targetHints":{"allow":["GET"]}}],"collection":[{"href":"https:\/\/xn--adal-oza.net\/index.php?rest_route=\/wp\/v2\/pages"}],"about":[{"href":"https:\/\/xn--adal-oza.net\/index.php?rest_route=\/wp\/v2\/types\/page"}],"author":[{"embeddable":true,"href":"https:\/\/xn--adal-oza.net\/index.php?rest_route=\/wp\/v2\/users\/1"}],"replies":[{"embeddable":true,"href":"https:\/\/xn--adal-oza.net\/index.php?rest_route=%2Fwp%2Fv2%2Fcomments&post=4652"}],"version-history":[{"count":16,"href":"https:\/\/xn--adal-oza.net\/index.php?rest_route=\/wp\/v2\/pages\/4652\/revisions"}],"predecessor-version":[{"id":8422,"href":"https:\/\/xn--adal-oza.net\/index.php?rest_route=\/wp\/v2\/pages\/4652\/revisions\/8422"}],"up":[{"embeddable":true,"href":"https:\/\/xn--adal-oza.net\/index.php?rest_route=\/wp\/v2\/pages\/4633"}],"wp:featuredmedia":[{"embeddable":true,"href":"https:\/\/xn--adal-oza.net\/index.php?rest_route=\/wp\/v2\/media\/5932"}],"wp:attachment":[{"href":"https:\/\/xn--adal-oza.net\/index.php?rest_route=%2Fwp%2Fv2%2Fmedia&parent=4652"}],"curies":[{"name":"wp","href":"https:\/\/api.w.org\/{rel}","templated":true}]}}