{"id":4695,"date":"2018-05-25T16:54:07","date_gmt":"2018-05-25T14:54:07","guid":{"rendered":"https:\/\/xn--adal-oza.net\/?page_id=4695"},"modified":"2020-12-12T13:45:54","modified_gmt":"2020-12-12T11:45:54","slug":"cyprus","status":"publish","type":"page","link":"https:\/\/xn--adal-oza.net\/?page_id=4695&lang=en","title":{"rendered":"Cyprus"},"content":{"rendered":"<table style=\"text-align: center;\" border=\"0\" width=\"100%\" cellspacing=\"0\" cellpadding=\"0\">\n<colgroup>\n<col width=\"%20\" \/>\n<col width=\"%20\" \/>\n<col width=\"%20\" \/>\n<col width=\"%20\" \/>\n<col width=\"%20\" \/><\/colgroup>\n<tbody>\n<tr>\n<td style=\"background: transparent url('http:\/\/picasaweb.google.com.tr\/s\/c\/transparent_album_background.gif') no-repeat scroll left center; height: 200px;\" align=\"center\"><a href=\"https:\/\/photos.app.goo.gl\/LnVLbiGfUxcnHYjW8\"><img loading=\"lazy\" decoding=\"async\" class=\"aligncenter\" src=\"https:\/\/lh3.googleusercontent.com\/pw\/ACtC-3dv-GZBVVSkZQ0Xz7VCm0d9lu8JA2whbaGPH4SUUWEsSUAKGzzJ6T-qbhkXGQnhCB9cy-f6VlTykFykVw0fwm3n-58f6o801c0MbvgjZpnhYOjR1_xnDdrbrwbeEx_MZVYNgbFm25cTEIPtzQgfYIlG=w1184-h888-no?authuser=1\" width=\"185\" height=\"139\" \/><\/a><\/td>\n<td style=\"background: transparent url('http:\/\/picasaweb.google.com.tr\/s\/c\/transparent_album_background.gif') no-repeat scroll left center; height: 200px;\" align=\"center\"><a href=\"https:\/\/photos.app.goo.gl\/UHyPEkVkiu7x2cxWA\"><img loading=\"lazy\" decoding=\"async\" class=\"aligncenter\" src=\"https:\/\/lh3.googleusercontent.com\/pw\/ACtC-3dyNxg3T9D2YYgB_IlWw7Y8C9eer8oWl7t5JnDtjZOTHroM6_WBM-v2PtPu2cnTCEL3EEgDkufCbsDk8hYlmC5hEDEaMgvR5DhkQl-qXqNCOktYpDbHLAcLv-8kT-p9PflB9JTruya5G_XBE0po_yMu=w666-h888-no?authuser=1\" width=\"144\" height=\"192\" \/><\/a><\/td>\n<td style=\"background: transparent url('http:\/\/picasaweb.google.com.tr\/s\/c\/transparent_album_background.gif') no-repeat scroll left center; height: 200px;\" align=\"center\"><a href=\"https:\/\/photos.app.goo.gl\/AWiFL7FTAS8G2ucw8\"><img loading=\"lazy\" decoding=\"async\" class=\"aligncenter\" src=\"https:\/\/lh3.googleusercontent.com\/pw\/ACtC-3cEx_LUqLDFpaNM-UlwtgiuKjHGKn1DUydW_eLNsN_kf93hUFdzmfckAngy87h0NfS7WoBlMJAsqrtewlCGbGdPUX0A1I40v9OVgF0H4RZD4oHt4ax2R2eZs1O_PoNvvjnl9WYRBHtbZFBVFekCAQIL=w1184-h888-no?authuser=1\" width=\"185\" height=\"139\" \/><\/a><\/td>\n<td style=\"background: transparent url('http:\/\/picasaweb.google.com.tr\/s\/c\/transparent_album_background.gif') no-repeat scroll left center; height: 200px;\" align=\"center\"><a href=\"https:\/\/photos.app.goo.gl\/ynN1UcCKitxDH7BZ8\"><img loading=\"lazy\" decoding=\"async\" class=\"aligncenter\" src=\"https:\/\/lh3.googleusercontent.com\/pw\/ACtC-3drPPlyACRd8CcqbabO4c6zse1PC8Q00AyeXcWmBXpBWGnC-2si0qbeSJcE-H01jp3M2t2fkNNwWO09lUDNHbEAYbslctPzlxKkquQHyqyyVym1wC01VioPHucLsk6jkQ0ULQVrR1IlhHVBYRXMXZqr=w1184-h888-no?authuser=1\" width=\"181\" height=\"136\" \/><\/a><\/td>\n<td style=\"background: transparent url('http:\/\/picasaweb.google.com.tr\/s\/c\/transparent_album_background.gif') no-repeat scroll left center; height: 200px;\" align=\"center\"><a href=\"https:\/\/photos.app.goo.gl\/9LqMTySY7P56MwEf7\"><img loading=\"lazy\" decoding=\"async\" class=\"aligncenter\" src=\"https:\/\/lh3.googleusercontent.com\/pw\/ACtC-3f3xw79n8n5xNq0UaGfJhkAxlXCWtl7SZ2SJYvT9uDB_11TYtgexp6hue97EwN4lpqteV2z5MDpJ-hq3HkKYqceb4R0TP2Fvt5HrSoIayW-bIVXXhQP2vMYYdEsaUuX3ObMi1fPy9OPcCkCnkDriYlH=w1184-h888-no?authuser=1\" width=\"181\" height=\"136\" \/><\/a><\/td>\n<\/tr>\n<tr>\n<td style=\"text-align: center; font-family: arial,sans-serif; font-size: 11px;\">Girne<\/td>\n<td style=\"text-align: center; font-family: arial,sans-serif; font-size: 11px;\">Hilarion Kalesi<\/td>\n<td style=\"text-align: center; font-family: arial,sans-serif; font-size: 11px;\">K\u0131br\u0131s<\/td>\n<td style=\"text-align: center; font-family: arial,sans-serif; font-size: 11px;\">Lefko\u015fa<\/td>\n<td style=\"text-align: center; font-family: arial,sans-serif; font-size: 11px;\">Salamis<\/td>\n<\/tr>\n<\/tbody>\n<\/table>\n","protected":false},"excerpt":{"rendered":"<p>Girne Hilarion Kalesi K\u0131br\u0131s Lefko\u015fa Salamis<\/p>\n","protected":false},"author":1,"featured_media":6054,"parent":4633,"menu_order":0,"comment_status":"open","ping_status":"open","template":"","meta":{"footnotes":""},"class_list":["post-4695","page","type-page","status-publish","has-post-thumbnail","hentry"],"_links":{"self":[{"href":"https:\/\/xn--adal-oza.net\/index.php?rest_route=\/wp\/v2\/pages\/4695","targetHints":{"allow":["GET"]}}],"collection":[{"href":"https:\/\/xn--adal-oza.net\/index.php?rest_route=\/wp\/v2\/pages"}],"about":[{"href":"https:\/\/xn--adal-oza.net\/index.php?rest_route=\/wp\/v2\/types\/page"}],"author":[{"embeddable":true,"href":"https:\/\/xn--adal-oza.net\/index.php?rest_route=\/wp\/v2\/users\/1"}],"replies":[{"embeddable":true,"href":"https:\/\/xn--adal-oza.net\/index.php?rest_route=%2Fwp%2Fv2%2Fcomments&post=4695"}],"version-history":[{"count":5,"href":"https:\/\/xn--adal-oza.net\/index.php?rest_route=\/wp\/v2\/pages\/4695\/revisions"}],"predecessor-version":[{"id":8442,"href":"https:\/\/xn--adal-oza.net\/index.php?rest_route=\/wp\/v2\/pages\/4695\/revisions\/8442"}],"up":[{"embeddable":true,"href":"https:\/\/xn--adal-oza.net\/index.php?rest_route=\/wp\/v2\/pages\/4633"}],"wp:featuredmedia":[{"embeddable":true,"href":"https:\/\/xn--adal-oza.net\/index.php?rest_route=\/wp\/v2\/media\/6054"}],"wp:attachment":[{"href":"https:\/\/xn--adal-oza.net\/index.php?rest_route=%2Fwp%2Fv2%2Fmedia&parent=4695"}],"curies":[{"name":"wp","href":"https:\/\/api.w.org\/{rel}","templated":true}]}}