{"id":4699,"date":"2018-05-25T16:54:30","date_gmt":"2018-05-25T14:54:30","guid":{"rendered":"https:\/\/xn--adal-oza.net\/?page_id=4699"},"modified":"2020-12-12T14:10:55","modified_gmt":"2020-12-12T12:10:55","slug":"crimea","status":"publish","type":"page","link":"https:\/\/xn--adal-oza.net\/?page_id=4699&lang=en","title":{"rendered":"Crimea"},"content":{"rendered":"<table style=\"text-align: center;\" border=\"0\" width=\"100%\" cellspacing=\"0\" cellpadding=\"0\">\n<colgroup>\n<col width=\"%20\" \/>\n<col width=\"%20\" \/>\n<col width=\"%20\" \/>\n<col width=\"%20\" \/>\n<col width=\"%20\" \/><\/colgroup>\n<tbody>\n<tr>\n<td style=\"background: transparent url('http:\/\/picasaweb.google.com.tr\/s\/c\/transparent_album_background.gif') no-repeat scroll left center; height: 200px;\" align=\"center\"><a href=\"https:\/\/photos.app.goo.gl\/YsXRHux2zLKUoNBB7\"><img loading=\"lazy\" decoding=\"async\" class=\"aligncenter\" src=\"https:\/\/lh3.googleusercontent.com\/pw\/ACtC-3c9e0w9zOjDEghsBzRERR2uq1zdRu1pVKoWLAsUozglSmBmaNrR3ZF05x7tX9OXjWzgJ3gWiK_sD73DwGkgU3cVBZxODi1_Mxqb8HB8Q76UkO4vhsha5f5JK2A9fIwbNQZHv2I3qj9nr7qbq2cF3zS5=w1331-h888-no?authuser=1\" width=\"182\" height=\"121\" \/><\/a><\/td>\n<td style=\"background: transparent url('http:\/\/picasaweb.google.com.tr\/s\/c\/transparent_album_background.gif') no-repeat scroll left center; height: 200px;\" align=\"center\"><a href=\"https:\/\/photos.app.goo.gl\/XhV5zZGsSBiQcBDd6\"><img loading=\"lazy\" decoding=\"async\" class=\"aligncenter\" src=\"https:\/\/lh3.googleusercontent.com\/pw\/ACtC-3eaAoQzZJAQn9nkzVTz1wHHOulwsshZvFphoFF1mHvivJrV7InT5Nwok4n5Jn_Y8_Q3Aany3NKwq86WG_SPOVeltapj5ZhDESK5dwct62huwjD3F6lo07HZJcVlGmrRGCErJuJNMlH9zAuBFEMX1C-F=w1331-h888-no?authuser=1\" width=\"183\" height=\"122\" \/><\/a><\/td>\n<td style=\"background: transparent url('http:\/\/picasaweb.google.com.tr\/s\/c\/transparent_album_background.gif') no-repeat scroll left center; height: 200px;\" align=\"center\"><a href=\"https:\/\/photos.app.goo.gl\/t5UKmCwe2E6KXhAJ7\"><img loading=\"lazy\" decoding=\"async\" class=\"aligncenter\" src=\"https:\/\/lh3.googleusercontent.com\/pw\/ACtC-3cArdtUOiC9-a8eQI1EivUlMJwpu8VoIL5ni2AZRd6EoTfnVe3RGlJ7yulET9ffmtlAhOvakdmMhS8FRolieRLToOx-KYfx4dbUL2BYav88ddEXadY9WNoY8-C_KdbI3No0p8E98Jjm_47LWqzqLwRm=w1331-h888-no?authuser=1\" width=\"184\" height=\"123\" \/><\/a><\/td>\n<td style=\"background: transparent url('http:\/\/picasaweb.google.com.tr\/s\/c\/transparent_album_background.gif') no-repeat scroll left center; height: 200px;\" align=\"center\"><a href=\"https:\/\/photos.app.goo.gl\/cHk7YNgjQSwfYSD48\"><img loading=\"lazy\" decoding=\"async\" class=\"aligncenter\" src=\"https:\/\/lh3.googleusercontent.com\/pw\/ACtC-3cGoZl-g6RcchjGBNRLgmp7-VmdcbH9WPRW0p4k471cxgjDMivgi-Eyj7j1MNx2omItsJwg17spUZQ2zhBNZKmgxWGo1nOu09v991eaRWBApdydVRggrsocMwfSk8GN6CWLNt9yGakfoupkgIKxoTPX=w1331-h888-no?authuser=1\" width=\"184\" height=\"123\" \/><\/a><\/td>\n<td style=\"background: transparent url('http:\/\/picasaweb.google.com.tr\/s\/c\/transparent_album_background.gif') no-repeat scroll left center; height: 200px;\" align=\"center\"><a href=\"https:\/\/photos.app.goo.gl\/6KUovAnJnFeFfvZF9\"><img loading=\"lazy\" decoding=\"async\" class=\"aligncenter\" src=\"https:\/\/lh3.googleusercontent.com\/pw\/ACtC-3e-GSPrDDMsDCC9o2I-lxSqnKgC0CfzZHyEcoMISByFc2YYuGfovmyG6TNTy_P13BVAWNyDnR5gGcX5BfZ8YenwYCy4SmVC_pAl9i0SIVyB4kzUazTlOJOo5xW5NHXlosl3MeWRv4NALUQlfz4JuhGR=w593-h888-no?authuser=1\" width=\"122\" height=\"182\" \/><\/a><\/td>\n<\/tr>\n<tr>\n<td style=\"text-align: center; font-family: arial,sans-serif; font-size: 11px;\">Akmescit (Simferopol) 2017<\/td>\n<td style=\"text-align: center; font-family: arial,sans-serif; font-size: 11px;\">Kebir Camisi &#8211; Akmescit 2017<\/td>\n<td style=\"text-align: center; font-family: arial,sans-serif; font-size: 11px;\">Seyit Settar Camisi &#8211; Akmescit 2017<\/td>\n<td style=\"text-align: center; font-family: arial,sans-serif; font-size: 11px;\">Akkaya (Bilohirs&#8217;k) 2017<\/td>\n<td style=\"text-align: center; font-family: arial,sans-serif; font-size: 11px;\">Refat Veliulla Camisi (Karasuvbazar) 2017<\/td>\n<\/tr>\n<tr>\n<td style=\"background: transparent url('http:\/\/picasaweb.google.com.tr\/s\/c\/transparent_album_background.gif') no-repeat scroll left center; height: 200px;\" align=\"center\"><a href=\"https:\/\/photos.app.goo.gl\/au2P6ik3cBaJy7No7\"><img loading=\"lazy\" decoding=\"async\" class=\"aligncenter\" src=\"https:\/\/lh3.googleusercontent.com\/pw\/ACtC-3dz6P6MhjpYMbhbHzh5d94mTpyrTyEWazBBfoQjYfalvB7efoemSK3KjaAcA2pMwm7V7zHAVtrZOAzg8QtKgYCj1ivG0L0vowwWq5IvBxrljBU2631EA03JFKk2OibFnRebvMQ_oA1moJPOrk4e7VFN=w1331-h888-no?authuser=1\" width=\"182\" height=\"121\" \/><\/a><\/td>\n<td style=\"background: transparent url('http:\/\/picasaweb.google.com.tr\/s\/c\/transparent_album_background.gif') no-repeat scroll left center; height: 200px;\" align=\"center\"><a href=\"https:\/\/photos.app.goo.gl\/g3aHzn5FVfJPAUfZ8\"><img loading=\"lazy\" decoding=\"async\" class=\"aligncenter\" src=\"https:\/\/lh3.googleusercontent.com\/pw\/ACtC-3d7WxxRK6wMlgF_cxD2TYiSIe2EmrTYXpzRXEMmtmOslu6T89dFnVRyji3VECe1tKWB0Q-VXVSRQwIksS0K-xTIzhDlYHy7U12GbNobxpviHLsvg4wyShRsoLPp6jItotlmg84e3L4Mm8AF4Ea_CO9S=w1331-h888-no?authuser=1\" width=\"182\" height=\"121\" \/><\/a><\/td>\n<td style=\"background: transparent url('http:\/\/picasaweb.google.com.tr\/s\/c\/transparent_album_background.gif') no-repeat scroll left center; height: 200px;\" align=\"center\"><a href=\"https:\/\/photos.app.goo.gl\/V162dGEW5bHjwVEA6\"><img loading=\"lazy\" decoding=\"async\" class=\"aligncenter\" src=\"https:\/\/lh3.googleusercontent.com\/pw\/ACtC-3eL7_aTq7HmjUsCVoc-fpda3XiBSTWXvcm5GPPL_o7mtdP6lHtwmbDH1xvn0NaWQ5MR_jXVOo_sOA2KoXXKgDxFAayV0LJ5zJCMd-basaa6jHvidWtiVhx66w2SiHIKw8qPN-dnRm4VKw2T-uIHQAyf=w1126-h889-no?authuser=1\" width=\"175\" height=\"138\" \/><\/a><\/td>\n<td style=\"background: transparent url('http:\/\/picasaweb.google.com.tr\/s\/c\/transparent_album_background.gif') no-repeat scroll left center; height: 200px;\" align=\"center\"><a href=\"https:\/\/photos.app.goo.gl\/6KJgeM61mwB7YGWy7\"><img loading=\"lazy\" decoding=\"async\" class=\"aligncenter\" src=\"https:\/\/lh3.googleusercontent.com\/pw\/ACtC-3fmdZ5JIu1ZauJ3tC0M7TM91V-lZrhjJVEWRC0x-d53-CSOvIXIGcqN5ds22nVJLHzD53vQ5XjkQWMq3iSMws7UigtFCsZQndzJDPlFV5odOG_tHr_TxEqTYVsT5m0mtARyFI7_DdygrtQEi0CJ8ti8=w1331-h888-no?authuser=1\" width=\"180\" height=\"120\" \/><\/a><\/td>\n<td style=\"background: transparent url('http:\/\/picasaweb.google.com.tr\/s\/c\/transparent_album_background.gif') no-repeat scroll left center; height: 200px;\" align=\"center\"><a href=\"https:\/\/photos.app.goo.gl\/g3FiALrET6eh8AVN7\"><img loading=\"lazy\" decoding=\"async\" class=\"aligncenter\" src=\"https:\/\/lh3.googleusercontent.com\/pw\/ACtC-3dWxWcFAEUMjtCLOLQV7kFn764zWJlD-n6nCDL5RZJx0nTVREO8LHi_cJx-mqFfXNLQRhj4WwZKyq6dwQ6Bx-86As8H_u2u83vwT-d9iQCqeD7GnC1F-v3QC8PcXqZY3il3RkmWAa_qtPeCWteI141H=w1331-h888-no?authuser=1\" width=\"181\" height=\"121\" \/><\/a><\/td>\n<\/tr>\n<tr>\n<td style=\"text-align: center; font-family: arial,sans-serif; font-size: 11px;\">Bah\u00e7esaray 2017<\/td>\n<td style=\"text-align: center; font-family: arial,sans-serif; font-size: 11px;\">Salac\u0131k B\u00f6lgesi &#8211; Bah\u00e7esaray 2017<\/td>\n<td style=\"text-align: center; font-family: arial,sans-serif; font-size: 11px;\">Lari\u015fes M\u00fczesi\u00a0&#8211; Bah\u00e7esaray 2017<\/td>\n<td style=\"text-align: center; font-family: arial,sans-serif; font-size: 11px;\">\u00c7ufutkale &#8211; Bah\u00e7esaray 2017<\/td>\n<td style=\"text-align: center; font-family: arial,sans-serif; font-size: 11px;\">Hansaray &#8211; Bah\u00e7esaray 2017<\/td>\n<\/tr>\n<tr>\n<td style=\"background: transparent url('http:\/\/picasaweb.google.com.tr\/s\/c\/transparent_album_background.gif') no-repeat scroll left center; height: 200px;\" align=\"center\"><a href=\"https:\/\/photos.app.goo.gl\/vBnnGzyQMT22wstz8\"><img loading=\"lazy\" decoding=\"async\" class=\"aligncenter\" src=\"https:\/\/lh3.googleusercontent.com\/pw\/ACtC-3dgpmmR5NhQ397u_AWoTPy2_zsvNoz1T9mX5hR4KI3tr2DTcoKJXVFWnLuChvBvx9D8nJ70b1ZOmiemaT6p79-tBNUzdetacGwi-FYGo0SmS4QEooRrs7LS8LDO9vq7QJ-GJu_10uYFbMauz2CVyCeF=w1331-h888-no?authuser=1\" width=\"183\" height=\"122\" \/><\/a><\/td>\n<td style=\"background: transparent url('http:\/\/picasaweb.google.com.tr\/s\/c\/transparent_album_background.gif') no-repeat scroll left center; height: 200px;\" align=\"center\"><a href=\"https:\/\/photos.app.goo.gl\/Xbt5g57bv4HWYYUG9\"><img loading=\"lazy\" decoding=\"async\" class=\"aligncenter\" src=\"https:\/\/lh3.googleusercontent.com\/pw\/ACtC-3dHF7eX9GcJeTNkY55sJWbONO8LEUE5rElb1USa5-gdj-YLA1vYop5QrCiOcinoytedP1arD8bdtWdqn5olUg_RlCMUWQ5rCLt_Mv7a96pMu-wA3cMcbpvZwd6z0MYmyYsWvuOdTtPVP6T2vt_YIrVC=w593-h888-no?authuser=1\" width=\"128\" height=\"192\" \/><\/a><\/td>\n<td style=\"background: transparent url('http:\/\/picasaweb.google.com.tr\/s\/c\/transparent_album_background.gif') no-repeat scroll left center; height: 200px;\" align=\"center\"><a href=\"https:\/\/photos.app.goo.gl\/qeN3DiBqfmFRX7wj9\"><img loading=\"lazy\" decoding=\"async\" class=\"aligncenter\" src=\"https:\/\/lh3.googleusercontent.com\/pw\/ACtC-3eVeKA68m0wGcgho5SYOR1KHPeAgT_e3APD9j6uwo2ojTMaKTbPnB6xqbqromWkMFtZvSYrlb6MnWwcL1JlTeeJlQpN1mrBaoQB6lML65CEkGkufgn0vMKEExTUzZnhgDV-AlHdzRR5hN8n1QQ1IE3E=w1331-h888-no?authuser=1\" width=\"186\" height=\"124\" \/><\/a><\/td>\n<td style=\"background: transparent url('http:\/\/picasaweb.google.com.tr\/s\/c\/transparent_album_background.gif') no-repeat scroll left center; height: 200px;\" align=\"center\"><a href=\"https:\/\/photos.app.goo.gl\/E6vEdf3sibwxyAHd9\"><img loading=\"lazy\" decoding=\"async\" class=\"aligncenter\" src=\"https:\/\/lh3.googleusercontent.com\/pw\/ACtC-3esM9kq46xugYyWXK0ovWGYO56QywbWs3w8sJDfYdGvfcui1j5ROVqKSYVWp6XOMcmuCmrKbEFAr274wwFlgP7_gIy9P8C_2UgIgRTWta69nm5nDhSoJZ2VxDyCMYMa5OotRutg8iFwFxnCKwIsT_A9=w1331-h888-no?authuser=1\" width=\"180\" height=\"120\" \/><\/a><\/td>\n<td style=\"background: transparent url('http:\/\/picasaweb.google.com.tr\/s\/c\/transparent_album_background.gif') no-repeat scroll left center; height: 200px;\" align=\"center\"><a href=\"https:\/\/photos.app.goo.gl\/J5Vx4awvT8Aoaadt8\"><img loading=\"lazy\" decoding=\"async\" class=\"aligncenter\" src=\"https:\/\/lh3.googleusercontent.com\/pw\/ACtC-3dCMjoD7pDAii7hfIqeLPIreddf3eFyWzc_7HnTS_9cbLtYFALuLGhcVVvlD5wPLvpq9WyX33gFaCXyP1KbSPyJUd8BGX3ErmPGVlENDo4w-xPBuDfCq9RhBqIv7KZxfTJZ7q2WnVf9YdylatwIGc2t=w1331-h888-no?authuser=1\" width=\"189\" height=\"126\" \/><\/a><\/td>\n<\/tr>\n<tr>\n<td style=\"text-align: center; font-family: arial,sans-serif; font-size: 11px;\">Divan &#8211; Hansaray &#8211; Bah\u00e7esaray 2017<\/td>\n<td style=\"text-align: center; font-family: arial,sans-serif; font-size: 11px;\">\u00c7e\u015fmeler\u00a0&#8211; Hansaray &#8211; Bah\u00e7esaray 2017<\/td>\n<td style=\"text-align: center; font-family: arial,sans-serif; font-size: 11px;\">Mescit\u00a0&#8211; Hansaray &#8211; Bah\u00e7esaray 2017<\/td>\n<td style=\"text-align: center; font-family: arial,sans-serif; font-size: 11px;\">Harem\u00a0&#8211; Hansaray &#8211; Bah\u00e7esaray 2017<\/td>\n<td style=\"text-align: center; font-family: arial,sans-serif; font-size: 11px;\">Cami\u00a0&#8211; Hansaray &#8211; Bah\u00e7esaray 2017<\/td>\n<\/tr>\n<tr>\n<td style=\"background: transparent url('http:\/\/picasaweb.google.com.tr\/s\/c\/transparent_album_background.gif') no-repeat scroll left center; height: 200px;\" align=\"center\"><a href=\"https:\/\/photos.app.goo.gl\/89Ferh6Yy6u6PTEDA\"><img loading=\"lazy\" decoding=\"async\" class=\"aligncenter\" src=\"https:\/\/lh3.googleusercontent.com\/pw\/ACtC-3eY9ss7wsLIzYLzhmwix9ZfRJONW2FHYxnwPLxkFD9GSMlmdISv3EvmKzvHq5lLc7zPE4JGrfopziBydAe_C-yzhojNe4i9vg4CuvEVpu5jPXaQDVjdqL5cZZS6wyfE2bLIt727VK_j8s8m6xTLNZ2E=w1331-h888-no?authuser=1\" width=\"185\" height=\"123\" \/><\/a><\/td>\n<td style=\"background: transparent url('http:\/\/picasaweb.google.com.tr\/s\/c\/transparent_album_background.gif') no-repeat scroll left center; height: 200px;\" align=\"center\"><a href=\"https:\/\/photos.app.goo.gl\/Tusc6bdotDQacMze8\"><img loading=\"lazy\" decoding=\"async\" class=\"aligncenter\" src=\"https:\/\/lh3.googleusercontent.com\/pw\/ACtC-3d7iRaM0cm7Ey0r-1z0fkNWD-2fdxD5p-JTVeQPsPT6hp-HV-madAg_Dj-DEZy_PMNHroYFy9HHMAMBbqyzpjA8aruHTc64Nc2krhO6HFXf--0C14ZOxwcBwiTzrX5rVL4fVVmNuNqXqK8L9cvJ4G7R=w1331-h888-no?authuser=1\" width=\"183\" height=\"122\" \/><\/a><\/td>\n<td style=\"background: transparent url('http:\/\/picasaweb.google.com.tr\/s\/c\/transparent_album_background.gif') no-repeat scroll left center; height: 200px;\" align=\"center\"><a href=\"https:\/\/photos.app.goo.gl\/vE6AeeffwaEMQNaj8\"><img loading=\"lazy\" decoding=\"async\" class=\"aligncenter\" src=\"https:\/\/lh3.googleusercontent.com\/pw\/ACtC-3fyXPrj1pOM-oeg3I6ozOtEGzKfmAci0atiqXfFn9nMFNo93IHsG758Mbr3izdo28qweOqIOFN2rMI2Jrb7g0805d41UyLYy2M7-CTwjDZQ2JWLQhx30Yk0m4Ne3yPl7P8d-xyj5m3sX5Iox_RmQGpH=w1331-h888-no?authuser=1\" width=\"178\" height=\"119\" \/><\/a><\/td>\n<td style=\"background: transparent url('http:\/\/picasaweb.google.com.tr\/s\/c\/transparent_album_background.gif') no-repeat scroll left center; height: 200px;\" align=\"center\"><a href=\"https:\/\/photos.app.goo.gl\/uw6EAoVZ2qkZrSyJ7\"><img loading=\"lazy\" decoding=\"async\" class=\"aligncenter\" src=\"https:\/\/lh3.googleusercontent.com\/pw\/ACtC-3e9YMJAXBduOm_EyzRH1L4kbVOjTecp9TF6gwTMsjT7yUtWReG7l0s9iytxZArrpS2k8RRWA5N0CB6_SkxoVvI10246wrddzjCdGHvb7_j3dk4bLK5qU7cPMXuJquLdJKPkeHWVARwE3YYJ4iyovtKk=w1331-h888-no?authuser=1\" width=\"180\" height=\"120\" \/><\/a><\/td>\n<td style=\"background: transparent url('http:\/\/picasaweb.google.com.tr\/s\/c\/transparent_album_background.gif') no-repeat scroll left center; height: 200px;\" align=\"center\"><a href=\"https:\/\/photos.app.goo.gl\/k686AEZKmV2aPGMJ8\"><img loading=\"lazy\" decoding=\"async\" class=\"aligncenter\" src=\"https:\/\/lh3.googleusercontent.com\/pw\/ACtC-3eogzrgMYeriUtg2mNPJVhxAbdMQNm5xeeZMiYSX1jtqA5ZWboGGKlo611BFIKFN3WoVHDegioGUJNvhw7ibmNhxYdx4lBaizu3AU1FS1pYbO9i5LuLa34cUh4tBcrHzCCpnnEs4tEsf8LgTFif8Hew=w1331-h888-no?authuser=1\" width=\"187\" height=\"124\" \/><\/a><\/td>\n<\/tr>\n<tr>\n<td style=\"text-align: center; font-family: arial,sans-serif; font-size: 11px;\">Sviato Uspensky Manast\u0131r\u0131 &#8211; Bah\u00e7esaray 2017<\/td>\n<td style=\"text-align: center; font-family: arial,sans-serif; font-size: 11px;\">Bak\u0131rc\u0131 R\u00fcstem Dervi\u015f &#8211; Bah\u00e7esaray 2017<\/td>\n<td style=\"text-align: center; font-family: arial,sans-serif; font-size: 11px;\">Kezlev (Yevpatoriya) 2017<\/td>\n<td style=\"text-align: center; font-family: arial,sans-serif; font-size: 11px;\">Cuma Camisi &#8211; Kezlev 2017<\/td>\n<td style=\"text-align: center; font-family: arial,sans-serif; font-size: 11px;\">St. Nicholas Katedrali &#8211; Kezlev 2017<\/td>\n<\/tr>\n<tr>\n<td style=\"background: transparent url('http:\/\/picasaweb.google.com.tr\/s\/c\/transparent_album_background.gif') no-repeat scroll left center; height: 200px;\" align=\"center\"><a href=\"https:\/\/photos.app.goo.gl\/iyvoaGWyqwbq6ktm9\"><img loading=\"lazy\" decoding=\"async\" class=\"aligncenter\" src=\"https:\/\/lh3.googleusercontent.com\/pw\/ACtC-3c54Zos9rxJyCFI9I7NSHKq9W3WTtNONKZSfB6ZzqhG8i82cRxL1QeDYTMrCz_Y0MPX10-78yoledhJQR9pHFDv9FwmhyoEDF1Gsq353xt0qikdIun7J8RfrmejpKID0T_Y3ifycfn9ycTJOONOR92c=w1331-h888-no?authuser=1\" width=\"179\" height=\"119\" \/><\/a><\/td>\n<td style=\"background: transparent url('http:\/\/picasaweb.google.com.tr\/s\/c\/transparent_album_background.gif') no-repeat scroll left center; height: 200px;\" align=\"center\"><a href=\"https:\/\/photos.app.goo.gl\/ixDctcQjxpwUKaW99\"><img loading=\"lazy\" decoding=\"async\" class=\"aligncenter\" src=\"https:\/\/lh3.googleusercontent.com\/pw\/ACtC-3fyclWj3smx4b83VAlJEpiwjPSJzvIiGzaFaR7xqKqHKaUf0V8WePfrKF7TvMzXUxQHSWMcVYQgydhmWQ9RknFgc6vqnqCEA6djum4bgkIJdfxNi5Jgp99HmbyVp6rLfaHxOXo2LtqEwWIW-aw5Rfq-=w1331-h888-no?authuser=1\" width=\"180\" height=\"120\" \/><\/a><\/td>\n<td style=\"background: transparent url('http:\/\/picasaweb.google.com.tr\/s\/c\/transparent_album_background.gif') no-repeat scroll left center; height: 200px;\" align=\"center\"><a href=\"https:\/\/photos.app.goo.gl\/2Soy3xm6dS6HFE5LA\"><img loading=\"lazy\" decoding=\"async\" class=\"aligncenter\" src=\"https:\/\/lh3.googleusercontent.com\/pw\/ACtC-3eD_BsurMOwqzRAuWRyn7kDo_9X-nZWDO-KNaPsKHyoCF6Nk5JQAsRZKuUdL3Lfla0poHHNeginzD727uWiB0t3TEJMtMrUt1OfsWHwuSnzcNuiYla_xERuu3glwJIGGU7Ft-02rVzvvlZTlcIwlyZO=w1331-h888-no?authuser=1\" width=\"181\" height=\"121\" \/><\/a><\/td>\n<td style=\"background: transparent url('http:\/\/picasaweb.google.com.tr\/s\/c\/transparent_album_background.gif') no-repeat scroll left center; height: 200px;\" align=\"center\"><a href=\"https:\/\/photos.app.goo.gl\/RYwTEjRnLedoimoF6\"><img loading=\"lazy\" decoding=\"async\" class=\"aligncenter\" src=\"https:\/\/lh3.googleusercontent.com\/pw\/ACtC-3fgs_DQznsG7VU9nzo73Os0fubOBFxqTmABZWzSieDr8-JsjATR1zTGrDsEkCcYwZm0etwtVLexOXcy2kkMQceRIYZXlQ5TClwqeaRcCf8nFrHw0MD7Gs3qZOl9elVu53S3NZtiQ1nlfOJQE2ScUCmw=w1331-h888-no?authuser=1\" width=\"180\" height=\"120\" \/><\/a><\/td>\n<td style=\"background: transparent url('http:\/\/picasaweb.google.com.tr\/s\/c\/transparent_album_background.gif') no-repeat scroll left center; height: 200px;\" align=\"center\"><a href=\"https:\/\/photos.app.goo.gl\/hgc5KX1RC8MPFSW88\"><img loading=\"lazy\" decoding=\"async\" class=\"aligncenter\" src=\"https:\/\/lh3.googleusercontent.com\/pw\/ACtC-3eN-G61J3uHGtthGeu3vEz5KAvQgF7HJy-7ql5M3SPLgrPzeLebIdSvhTHhhRx-PyuP3GifNyzLCaUEnkq54H2INzYQ4zdXJatVVSuSuXro-Lvkxw9tQI3j1Ruj1LGZHI7P4nnQVx-Atea6MgWrZ1X5=w1331-h888-no?authuser=1\" width=\"183\" height=\"122\" \/><\/a><\/td>\n<\/tr>\n<tr>\n<td style=\"text-align: center; font-family: arial,sans-serif; font-size: 11px;\">\u00a0Dervi\u015f Tekkesi\u00a0&#8211; Kezlev 2017<\/td>\n<td style=\"text-align: center; font-family: arial,sans-serif; font-size: 11px;\">Karay Kenesas\u0131 &#8211; Kezlev 2017<\/td>\n<td style=\"text-align: center; font-family: arial,sans-serif; font-size: 11px;\">Vorontzov Palas &#8211; Alupka 2017<\/td>\n<td style=\"text-align: center; font-family: arial,sans-serif; font-size: 11px;\">Livadiya Saray\u0131 &#8211; Yalta 2017<\/td>\n<td style=\"text-align: center; font-family: arial,sans-serif; font-size: 11px;\">K\u0131rlang\u0131\u00e7 Yuvas\u0131 (Lastivchyne Hnizdo) 2017<\/td>\n<\/tr>\n<\/tbody>\n<\/table>\n","protected":false},"excerpt":{"rendered":"<p>Akmescit (Simferopol) 2017 Kebir Camisi &#8211; Akmescit 2017 Seyit Settar Camisi &#8211; Akmescit 2017 Akkaya (Bilohirs&#8217;k) 2017 Refat Veliulla Camisi (Karasuvbazar) 2017 Bah\u00e7esaray 2017 Salac\u0131k B\u00f6lgesi &#8211; Bah\u00e7esaray 2017 Lari\u015fes M\u00fczesi\u00a0&#8211; Bah\u00e7esaray 2017 \u00c7ufutkale &#8211; Bah\u00e7esaray 2017 Hansaray &#8211; Bah\u00e7esaray 2017 Divan &#8211; Hansaray &#8211; Bah\u00e7esaray 2017 \u00c7e\u015fmeler\u00a0&#8211; Hansaray &#8211; Bah\u00e7esaray 2017 Mescit\u00a0&#8211; Hansaray &#8211; &hellip; <\/p>\n<p class=\"link-more\"><a href=\"https:\/\/xn--adal-oza.net\/?page_id=4699&#038;lang=en\" class=\"more-link\">Okumaya devam et<span class=\"screen-reader-text\"> &#8220;Crimea&#8221;<\/span><\/a><\/p>\n","protected":false},"author":1,"featured_media":6063,"parent":4633,"menu_order":0,"comment_status":"closed","ping_status":"closed","template":"","meta":{"footnotes":""},"class_list":["post-4699","page","type-page","status-publish","has-post-thumbnail","hentry"],"_links":{"self":[{"href":"https:\/\/xn--adal-oza.net\/index.php?rest_route=\/wp\/v2\/pages\/4699","targetHints":{"allow":["GET"]}}],"collection":[{"href":"https:\/\/xn--adal-oza.net\/index.php?rest_route=\/wp\/v2\/pages"}],"about":[{"href":"https:\/\/xn--adal-oza.net\/index.php?rest_route=\/wp\/v2\/types\/page"}],"author":[{"embeddable":true,"href":"https:\/\/xn--adal-oza.net\/index.php?rest_route=\/wp\/v2\/users\/1"}],"replies":[{"embeddable":true,"href":"https:\/\/xn--adal-oza.net\/index.php?rest_route=%2Fwp%2Fv2%2Fcomments&post=4699"}],"version-history":[{"count":12,"href":"https:\/\/xn--adal-oza.net\/index.php?rest_route=\/wp\/v2\/pages\/4699\/revisions"}],"predecessor-version":[{"id":8447,"href":"https:\/\/xn--adal-oza.net\/index.php?rest_route=\/wp\/v2\/pages\/4699\/revisions\/8447"}],"up":[{"embeddable":true,"href":"https:\/\/xn--adal-oza.net\/index.php?rest_route=\/wp\/v2\/pages\/4633"}],"wp:featuredmedia":[{"embeddable":true,"href":"https:\/\/xn--adal-oza.net\/index.php?rest_route=\/wp\/v2\/media\/6063"}],"wp:attachment":[{"href":"https:\/\/xn--adal-oza.net\/index.php?rest_route=%2Fwp%2Fv2%2Fmedia&parent=4699"}],"curies":[{"name":"wp","href":"https:\/\/api.w.org\/{rel}","templated":true}]}}