{"id":4728,"date":"2018-05-25T16:58:12","date_gmt":"2018-05-25T14:58:12","guid":{"rendered":"https:\/\/xn--adal-oza.net\/?page_id=4728"},"modified":"2018-06-13T16:19:54","modified_gmt":"2018-06-13T14:19:54","slug":"turkey","status":"publish","type":"page","link":"https:\/\/xn--adal-oza.net\/?page_id=4728&lang=en","title":{"rendered":"Turkey"},"content":{"rendered":"<p>In this folder there are photos of some cities and archaeological sites of Turkey :<\/p>\n<li><span style=\"color: #ff0000;\">Ankara<\/span><\/li>\n<li><span style=\"color: #ff0000;\">Antalya<\/span><\/li>\n<li><span style=\"color: #ff0000;\">Ardahan<\/span><\/li>\n<li><span style=\"color: #ff0000;\">Beypazar\u0131<\/span><\/li>\n<li><span style=\"color: #ff0000;\">Bey\u015fehir<\/span><\/li>\n<li><span style=\"color: #ff0000;\">Bolu<\/span><\/li>\n<li><span style=\"color: #ff0000;\">Bozcaada<\/span><\/li>\n<li><span style=\"color: #ff0000;\">Burdur<\/span><\/li>\n<li><span style=\"color: #ff0000;\">Bursa<\/span><\/li>\n<li><span style=\"color: #ff0000;\">\u00c7anakkale<\/span><\/li>\n<li><span style=\"color: #ff0000;\">\u00c7atalh\u00f6y\u00fck<\/span><\/li>\n<li><span style=\"color: #ff0000;\">\u00c7ay\u0131rhan<\/span><\/li>\n<li><span style=\"color: #ff0000;\">\u00c7e\u015fme<\/span><\/li>\n<li><span style=\"color: #ff0000;\">\u00c7\u0131ld\u0131r<\/span><\/li>\n<li><span style=\"color: #ff0000;\">\u00c7orlu<\/span><\/li>\n<li><span style=\"color: #ff0000;\">\u00c7orum<\/span><\/li>\n<li><span style=\"color: #ff0000;\">Denizli<\/span><\/li>\n<li><span style=\"color: #ff0000;\">Diyarbak\u0131r<\/span><\/li>\n<li><span style=\"color: #ff0000;\">Edirne<\/span><\/li>\n<li><span style=\"color: #ff0000;\">Efes<\/span><\/li>\n<li><span style=\"color: #ff0000;\">Ege<\/span><\/li>\n<li><span style=\"color: #ff0000;\">Erzurum<\/span><\/li>\n<li><span style=\"color: #ff0000;\">Geyve<\/span><\/li>\n<li><span style=\"color: #ff0000;\">G\u00f6k\u00e7eada<\/span><\/li>\n<li><span style=\"color: #ff0000;\">G\u00f6ller B\u00f6lgesi<\/span><\/li>\n<li><span style=\"color: #ff0000;\">G\u00f6yn\u00fck<\/span><\/li>\n<li><span style=\"color: #ff0000;\">G\u00fcney Bat\u0131<\/span><\/li>\n<li><span style=\"color: #ff0000;\">Hasankeyf<\/span><\/li>\n<li><span style=\"color: #ff0000;\">Hatay<\/span><\/li>\n<li><span style=\"color: #ff0000;\">I\u011fd\u0131r<\/span><\/li>\n<li><span style=\"color: #ff0000;\">\u0130stanbul<\/span><\/li>\n<li><span style=\"color: #ff0000;\">Karaman<\/span><\/li>\n<li><span style=\"color: #ff0000;\">Kars<\/span><\/li>\n<li><span style=\"color: #ff0000;\">Kastamonu<\/span><\/li>\n<li><span style=\"color: #ff0000;\">Kayseri<\/span><\/li>\n<li><span style=\"color: #ff0000;\">Konya<\/span><\/li>\n<li><span style=\"color: #ff0000;\">Manisa<\/span><\/li>\n<li><span style=\"color: #ff0000;\">Mardin<\/span><\/li>\n<li><span style=\"color: #ff0000;\">Marmara Adas\u0131<\/span><\/li>\n<li><span style=\"color: #ff0000;\">Midyad<\/span><\/li>\n<li><span style=\"color: #ff0000;\">Nemrut<\/span><\/li>\n<li><span style=\"color: #ff0000;\">\u00d6demi\u015f<\/span><\/li>\n<li><span style=\"color: #ff0000;\">Seyitgazi<\/span><\/li>\n<li><span style=\"color: #ff0000;\">\u015eirince<\/span><\/li>\n<li><span style=\"color: #ff0000;\">Tekirda\u011f<\/span><\/li>\n<li><span style=\"color: #ff0000;\">Trabzon<\/span><\/li>\n<li><span style=\"color: #ff0000;\">Truva<\/span><\/li>\n<li><span style=\"color: #ff0000;\">Urfa<\/span><\/li>\n<li><span style=\"color: #ff0000;\">\u00dcrg\u00fcp G\u00f6reme<\/span><\/li>\n<li><span style=\"color: #ff0000;\">U\u015fak<\/span><\/li>\n","protected":false},"excerpt":{"rendered":"<p>In this folder there are photos of some cities and archaeological sites of Turkey : Ankara Antalya Ardahan Beypazar\u0131 Bey\u015fehir Bolu Bozcaada Burdur Bursa \u00c7anakkale \u00c7atalh\u00f6y\u00fck \u00c7ay\u0131rhan \u00c7e\u015fme \u00c7\u0131ld\u0131r \u00c7orlu \u00c7orum Denizli Diyarbak\u0131r Edirne Efes Ege Erzurum Geyve G\u00f6k\u00e7eada G\u00f6ller B\u00f6lgesi G\u00f6yn\u00fck G\u00fcney Bat\u0131 Hasankeyf Hatay I\u011fd\u0131r \u0130stanbul Karaman Kars Kastamonu Kayseri Konya Manisa Mardin &hellip; <\/p>\n<p class=\"link-more\"><a href=\"https:\/\/xn--adal-oza.net\/?page_id=4728&#038;lang=en\" class=\"more-link\">Okumaya devam et<span class=\"screen-reader-text\"> &#8220;Turkey&#8221;<\/span><\/a><\/p>\n","protected":false},"author":1,"featured_media":6168,"parent":0,"menu_order":0,"comment_status":"open","ping_status":"open","template":"","meta":{"footnotes":""},"class_list":["post-4728","page","type-page","status-publish","has-post-thumbnail","hentry"],"_links":{"self":[{"href":"https:\/\/xn--adal-oza.net\/index.php?rest_route=\/wp\/v2\/pages\/4728","targetHints":{"allow":["GET"]}}],"collection":[{"href":"https:\/\/xn--adal-oza.net\/index.php?rest_route=\/wp\/v2\/pages"}],"about":[{"href":"https:\/\/xn--adal-oza.net\/index.php?rest_route=\/wp\/v2\/types\/page"}],"author":[{"embeddable":true,"href":"https:\/\/xn--adal-oza.net\/index.php?rest_route=\/wp\/v2\/users\/1"}],"replies":[{"embeddable":true,"href":"https:\/\/xn--adal-oza.net\/index.php?rest_route=%2Fwp%2Fv2%2Fcomments&post=4728"}],"version-history":[{"count":4,"href":"https:\/\/xn--adal-oza.net\/index.php?rest_route=\/wp\/v2\/pages\/4728\/revisions"}],"predecessor-version":[{"id":6179,"href":"https:\/\/xn--adal-oza.net\/index.php?rest_route=\/wp\/v2\/pages\/4728\/revisions\/6179"}],"wp:featuredmedia":[{"embeddable":true,"href":"https:\/\/xn--adal-oza.net\/index.php?rest_route=\/wp\/v2\/media\/6168"}],"wp:attachment":[{"href":"https:\/\/xn--adal-oza.net\/index.php?rest_route=%2Fwp%2Fv2%2Fmedia&parent=4728"}],"curies":[{"name":"wp","href":"https:\/\/api.w.org\/{rel}","templated":true}]}}