{"id":4734,"date":"2018-05-25T16:59:25","date_gmt":"2018-05-25T14:59:25","guid":{"rendered":"https:\/\/xn--adal-oza.net\/?page_id=4734"},"modified":"2018-06-13T16:53:10","modified_gmt":"2018-06-13T14:53:10","slug":"ankara","status":"publish","type":"page","link":"https:\/\/xn--adal-oza.net\/?page_id=4734&lang=en","title":{"rendered":"Ankara"},"content":{"rendered":"<p>&nbsp;<\/p>\n<table style=\"text-align: center;\" border=\"0\" width=\"100%\" cellspacing=\"0\" cellpadding=\"0\">\n<colgroup>\n<col width=\"%33\" \/>\n<col width=\"%33\" \/>\n<col width=\"%33\" \/> <\/colgroup>\n<tbody>\n<tr>\n<td style=\"background: transparent url('http:\/\/picasaweb.google.com.tr\/s\/c\/transparent_album_background.gif') no-repeat scroll left center; height: 200px;\" align=\"center\"><a href=\"https:\/\/goo.gl\/photos\/1tvDuFPkeAHEpYnK9\"><img loading=\"lazy\" decoding=\"async\" class=\"aligncenter\" title=\"Anadolu Medeniyetleri M\u00fczesi \" src=\"http:\/\/lh6.ggpht.com\/_4vEcv6JwYAQ\/S3AoglIvs4I\/AAAAAAAABIE\/BEYJyY2-N6Q\/s128\/bc%20-%20Anadolu%20Medeniyetleri%20Muzesi%20%2804%29.jpg\" alt=\"\" width=\"180\" height=\"120\" \/><\/a><\/td>\n<td style=\"background: transparent url('http:\/\/picasaweb.google.com.tr\/s\/c\/transparent_album_background.gif') no-repeat scroll left center; height: 200px;\" align=\"center\"><a href=\"https:\/\/goo.gl\/photos\/DoVJn1dWumd9jqkg7\"><img loading=\"lazy\" decoding=\"async\" class=\"aligncenter\" title=\"An\u0131tkabir\" src=\"http:\/\/lh5.ggpht.com\/_4vEcv6JwYAQ\/S3ApC6vlXvI\/AAAAAAAABLM\/cdgLydRayqk\/s128\/fc%20-%20Anitkabir%20%2804%29.JPG\" alt=\"\" width=\"180\" height=\"120\" \/><\/a><\/td>\n<td style=\"background: transparent url('http:\/\/picasaweb.google.com.tr\/s\/c\/transparent_album_background.gif') no-repeat scroll left center; height: 200px;\" align=\"center\"><a href=\"https:\/\/goo.gl\/photos\/TcHDVJ7jbDugZ41B8\"><img loading=\"lazy\" decoding=\"async\" class=\"aligncenter\" title=\"Ankara\" src=\"http:\/\/lh6.ggpht.com\/_4vEcv6JwYAQ\/S3AoBaPwtMI\/AAAAAAAABG8\/HfiX48sxCDQ\/s128\/ev%20-%20Cankaya%20%2871%29.jpg\" alt=\"\" width=\"180\" height=\"180\" \/><\/a><\/td>\n<td style=\"background: transparent url('http:\/\/picasaweb.google.com.tr\/s\/c\/transparent_album_background.gif') no-repeat scroll left center; height: 200px;\" align=\"center\"><a href=\"https:\/\/goo.gl\/photos\/FnhVjN8XvNyubqz6A\"><img loading=\"lazy\" decoding=\"async\" class=\"aligncenter\" title=\"Kalei\u00e7i\" src=\"http:\/\/lh5.ggpht.com\/_4vEcv6JwYAQ\/S3AoWwwBTgI\/AAAAAAAABHg\/bRaNy390n-A\/s128\/eg%20-%20Eski%20Ankara%20%2804%29.jpg\" alt=\"\" width=\"180\" height=\"120\" \/><\/a><\/td>\n<\/tr>\n<tr>\n<td style=\"text-align: center; font-family: arial,sans-serif; font-size: 11px;\">Anadolu Medeniyetleri M\u00fczesi<\/td>\n<td style=\"text-align: center; font-family: arial,sans-serif; font-size: 11px;\">An\u0131tkabir<\/td>\n<td style=\"text-align: center; font-family: arial,sans-serif; font-size: 11px;\">Ankara<\/td>\n<td style=\"text-align: center; font-family: arial,sans-serif; font-size: 11px;\">Kalei\u00e7i<\/td>\n<\/tr>\n<\/tbody>\n<\/table>\n","protected":false},"excerpt":{"rendered":"<p>&nbsp; Anadolu Medeniyetleri M\u00fczesi An\u0131tkabir Ankara Kalei\u00e7i<\/p>\n","protected":false},"author":1,"featured_media":6240,"parent":4728,"menu_order":0,"comment_status":"open","ping_status":"open","template":"","meta":{"footnotes":""},"class_list":["post-4734","page","type-page","status-publish","has-post-thumbnail","hentry"],"_links":{"self":[{"href":"https:\/\/xn--adal-oza.net\/index.php?rest_route=\/wp\/v2\/pages\/4734","targetHints":{"allow":["GET"]}}],"collection":[{"href":"https:\/\/xn--adal-oza.net\/index.php?rest_route=\/wp\/v2\/pages"}],"about":[{"href":"https:\/\/xn--adal-oza.net\/index.php?rest_route=\/wp\/v2\/types\/page"}],"author":[{"embeddable":true,"href":"https:\/\/xn--adal-oza.net\/index.php?rest_route=\/wp\/v2\/users\/1"}],"replies":[{"embeddable":true,"href":"https:\/\/xn--adal-oza.net\/index.php?rest_route=%2Fwp%2Fv2%2Fcomments&post=4734"}],"version-history":[{"count":3,"href":"https:\/\/xn--adal-oza.net\/index.php?rest_route=\/wp\/v2\/pages\/4734\/revisions"}],"predecessor-version":[{"id":6248,"href":"https:\/\/xn--adal-oza.net\/index.php?rest_route=\/wp\/v2\/pages\/4734\/revisions\/6248"}],"up":[{"embeddable":true,"href":"https:\/\/xn--adal-oza.net\/index.php?rest_route=\/wp\/v2\/pages\/4728"}],"wp:featuredmedia":[{"embeddable":true,"href":"https:\/\/xn--adal-oza.net\/index.php?rest_route=\/wp\/v2\/media\/6240"}],"wp:attachment":[{"href":"https:\/\/xn--adal-oza.net\/index.php?rest_route=%2Fwp%2Fv2%2Fmedia&parent=4734"}],"curies":[{"name":"wp","href":"https:\/\/api.w.org\/{rel}","templated":true}]}}