{"id":4737,"date":"2018-05-25T16:59:47","date_gmt":"2018-05-25T14:59:47","guid":{"rendered":"https:\/\/xn--adal-oza.net\/?page_id=4737"},"modified":"2024-11-14T23:37:21","modified_gmt":"2024-11-14T21:37:21","slug":"antalya","status":"publish","type":"page","link":"https:\/\/xn--adal-oza.net\/?page_id=4737&lang=en","title":{"rendered":"Antalya"},"content":{"rendered":"<table style=\"text-align: center;\" border=\"0\" width=\"100%\" cellspacing=\"0\" cellpadding=\"0\">\n<colgroup>\n<col width=\"%25\" \/>\n<col width=\"%25\" \/>\n<col width=\"%25\" \/>\n<col width=\"%25\" \/> <\/colgroup>\n<tbody>\n<tr>\n<td style=\"background: transparent url('http:\/\/picasaweb.google.com.tr\/s\/c\/transparent_album_background.gif') no-repeat scroll left center; height: 200px;\" align=\"center\"><a href=\"https:\/\/photos.app.goo.gl\/8dKfZBhi8WWaY3xd9\"><img decoding=\"async\" src=\"https:\/\/lh5.googleusercontent.com\/-1yIPMzpONWQ\/UgqnQj2Z_sE\/AAAAAAAAKCo\/j4MQQeyZiWg\/w169-h114-p\/Antalya02\" alt=\"Foto\u011fraf\" \/><\/a><\/td>\n<td style=\"background: transparent url('http:\/\/picasaweb.google.com.tr\/s\/c\/transparent_album_background.gif') no-repeat scroll left center; height: 200px;\" align=\"center\"><a href=\"https:\/\/photos.app.goo.gl\/ZeiAHfjKHYW8L85U8\"><img decoding=\"async\" src=\"https:\/\/lh6.googleusercontent.com\/-Z_NZtu1q-YI\/Ugql7qmKVuE\/AAAAAAAAJ9Y\/jls-Wj8RawQ\/w169-h114-p\/Duden\" alt=\"Foto\u011fraf\" \/><\/a><\/td>\n<td style=\"background: transparent url('http:\/\/picasaweb.google.com.tr\/s\/c\/transparent_album_background.gif') no-repeat scroll left center; height: 200px;\" align=\"center\"><a href=\"https:\/\/photos.app.goo.gl\/QTCCRZaR2UTC56bY6\"><img decoding=\"async\" src=\"https:\/\/lh4.googleusercontent.com\/-JVlRrzuiNA0\/UgqmsG6ms2E\/AAAAAAAAKBg\/_aosTip82LU\/w169-h114-p\/Aspendos\" alt=\"Foto\u011fraf\" \/><\/a><\/td>\n<td style=\"background: transparent url('http:\/\/picasaweb.google.com.tr\/s\/c\/transparent_album_background.gif') no-repeat scroll left center; height: 200px;\" align=\"center\"><a href=\"https:\/\/photos.app.goo.gl\/meTHvTeZZR2zah5u7\"><img decoding=\"async\" src=\"https:\/\/lh5.googleusercontent.com\/-9UkYEElIy0A\/UgqmVkABTUE\/AAAAAAAAJ_E\/BJOmD9B4m9E\/w169-h114-p\/Manavgat\" alt=\"Foto\u011fraf\" \/><\/a><\/td>\n<\/tr>\n<tr>\n<td style=\"text-align: center; font-family: arial,sans-serif; font-size: 11px;\">Antalya<\/td>\n<td style=\"text-align: center; font-family: arial,sans-serif; font-size: 11px;\">D\u00fcden<\/td>\n<td style=\"text-align: center; font-family: arial,sans-serif; font-size: 11px;\">Aspendos<\/td>\n<td style=\"text-align: center; font-family: arial,sans-serif; font-size: 11px;\">Manavgat<\/td>\n<\/tr>\n<tr>\n<td style=\"background: transparent url('http:\/\/picasaweb.google.com.tr\/s\/c\/transparent_album_background.gif') no-repeat scroll left center; height: 200px;\" align=\"center\"><a href=\"https:\/\/photos.app.goo.gl\/gEmDKhedRknszzX28\"><img loading=\"lazy\" decoding=\"async\" src=\"https:\/\/lh4.googleusercontent.com\/XHqQoodtM3drhJbOQXXwgJHohg6s4rsNY96r4Fnk2YQ=w315-h209-p-no\" alt=\"Foto\u011fraf\" width=\"180\" height=\"120\" \/><\/a><\/td>\n<td style=\"background: transparent url('http:\/\/picasaweb.google.com.tr\/s\/c\/transparent_album_background.gif') no-repeat scroll left center; height: 200px;\" align=\"center\"><a href=\"https:\/\/photos.app.goo.gl\/uXKe759HqJKxqVAJ9\"><img decoding=\"async\" src=\"https:\/\/lh4.googleusercontent.com\/-X85yekUrCWA\/UgqXrFgKfnE\/AAAAAAAAJ5k\/2JaTzJeDAME\/w169-h114-p\/Alanya\" alt=\"Foto\u011fraf\" \/><\/a><\/td>\n<td style=\"background: transparent url('http:\/\/picasaweb.google.com.tr\/s\/c\/transparent_album_background.gif') no-repeat scroll left center; height: 200px;\" align=\"center\"><a href=\"https:\/\/photos.app.goo.gl\/sDvZNZxMgGgcDWJ76\"><img decoding=\"async\" src=\"https:\/\/lh3.googleusercontent.com\/-p5Itcv-vH2w\/UgqnNBIth3E\/AAAAAAAAKB4\/ueE2403BhYc\/w169-h114-p\/Perge\" alt=\"Foto\u011fraf\" \/><\/a><\/td>\n<td><a href=\"https:\/\/goo.gl\/photos\/5G3ABCfKsq4AEn849\"><img loading=\"lazy\" decoding=\"async\" class=\"\" src=\"https:\/\/lh3.googleusercontent.com\/pw\/ACtC-3e4eMAdLfAhkkj6sNFqVGwTlhvgw4rB2p7oihVHaNMEyqcvXCeLY_LU6NOVqxEmxILi8M95gKQuSOgSpnMkyDyZJH3RQ96nFUZI9E1EJfEP_ynFbLnWSx78PKApcnQpgzzRaUnAAnKl0yCFU67aPkqLwg=w804-h807-no?authuser=1\" width=\"113\" height=\"114\" \/><\/a><\/td>\n<\/tr>\n<tr>\n<td style=\"text-align: center; font-family: arial,sans-serif; font-size: 11px;\">Side<\/td>\n<td style=\"text-align: center; font-family: arial,sans-serif; font-size: 11px;\">Alanya<\/td>\n<td style=\"text-align: center; font-family: arial,sans-serif; font-size: 11px;\">Perge<\/td>\n<td style=\"text-align: center; font-family: arial,sans-serif; font-size: 11px;\">Demre<\/td>\n<\/tr>\n<tr>\n<td style=\"background: transparent url('http:\/\/picasaweb.google.com.tr\/s\/c\/transparent_album_background.gif') no-repeat scroll left center; height: 200px;\" align=\"center\"><a href=\"https:\/\/photos.app.goo.gl\/NjgPpNE1Pj6uF8Tz6\"><img loading=\"lazy\" decoding=\"async\" class=\"\" src=\"https:\/\/lh3.googleusercontent.com\/_iixZ7zA6CJEypveKJziLjEBJ9Iyfh_QXCe95fujf0BDurZdb1C2MpcPbBXTEyoawEmb_uOKtuvp19dkkLBb4xFN4rsPs-uDQy-4UPycyJbaqI29jjtm5AoSlCE5kaB-Rqv8HUprzr4V8bibYqSKXb20xX64dfLJsx39o11LVxC9NUQcWRpxMcUMiLHMCqGaIMqDX-9hCE8yhRgg85E8c8R12tC4rk5C_qYhBbxRUFMsYXSjgmHoVa2bFGxriciaU2Y8h3jftlVMVPDGXWxeuOgfwOHtvlqQhu9zeEQYSNB5dCd_WYHPmz00LXLNuj0J5Cd7Y3lpACNJZOSFtqJMZ3g9BUzW7jr4NT5-HCEDTmUkr-nWUTnr4FHGXuIHDkVAz31mG4lYSU938iPZKIpxNSd-HhmChs5MEzESC6tUXNaUnX-obzMg8CahCRbsE3TMDdlgOgldm02Q-yhGeOUCkZKQ3jnpK1x28N5G6V4qOObEKvbG8-ytxkgTyUExK5SOfyQ6UG_77BCWaOHiO9cYsmMAkmNFgIKwMdtM7ocTvW6E5dKNmYjmk_j4h8gWiW1ARgZ9LjCLJbOra-_CR70dnxhr3LeKGL_8bhAFKyhzSeZgQKcAmM0_h2Z0j_qqJrLGIYC-yCL0jqmGiaT2Vd6lXm4acdO0ppSssZom7YOAJVVxQ31ET3Ie4XeXq1023opd6gHCpnG8WrkYGERNHAs=w1564-h1173-no\" width=\"188\" height=\"141\" \/><\/a><\/td>\n<td style=\"background: transparent url('http:\/\/picasaweb.google.com.tr\/s\/c\/transparent_album_background.gif') no-repeat scroll left center; height: 200px;\" align=\"center\"><a href=\"https:\/\/photos.app.goo.gl\/o5rhLsRVV6vizWGv5\"><img loading=\"lazy\" decoding=\"async\" class=\"\" src=\"https:\/\/lh3.googleusercontent.com\/lQFiRB03zNVtvirzETGPrmU97BhRyFLGeEf0-gkzHNM8JfM-UTU28qHEZG0YL8ptj_BKCXJlaYO0UjNOtdC-GdIKQ6pKSiHxx8TU6FwdtcxgefprMxK21MrBek7RhOV6N_jKHDAjWkds72IK2-0rfcwNMxOdNTVnuVmYh1rlGZlKn7WBZpc6opjmQ5-SlTAFkRi3G-26NYlclyv6jmLga6r9Tf32-yH-8USW3sTHn9hN3rOODx6lR33EQDR2UqI8UTeRqfuZwIXy_LMwK89cOTIjyZoxR9Tm5CpbsQCWB-081YCpyIys5v_Z7_kd7HHGyNyICwW-_hBjb5hUMDF0n7Zvr3b7iRTa6xBRh53oCoHbi-LjSdIirhie084e5tYQpBEP0kINHhFMYOYRJLID9-H0yShdENFbd3uCubP9XCPjlD83R3jhPsDPC6iGN4nX4zsUWCmACOB1YV6nNGIN7hKSVcJn9VEi3w9QG6sy7-VQOGwhB8EA7BSh3jfavOJgrmfwEiSKMExEBw4YEdA-16ppXWzWgLqne8vdrSQRRofvZUGN0EoDZZbO2etNwUnxZMKJZGepl__JUq5dUFdXcJ61XRVhcTnR3VD92jUgRxdPQbvlGR3d_FTOj4jm-mSvTasy89peaj-W_AH2myeupbStSggPpU9UYvYyR00c45ob-EHySaYB15hCR9ZtzD5B4ySA0U1P-6mktPZvcno=w1564-h1173-no\" width=\"184\" height=\"138\" \/><\/a><\/td>\n<td style=\"background: transparent url('http:\/\/picasaweb.google.com.tr\/s\/c\/transparent_album_background.gif') no-repeat scroll left center; height: 200px;\" align=\"center\"><a href=\"https:\/\/photos.app.goo.gl\/GymXHcWuSNbj3ziu9\"><img loading=\"lazy\" decoding=\"async\" class=\"\" src=\"https:\/\/lh3.googleusercontent.com\/qgcN8bJTgESKFEGu26oWi_ds7gCjRfb1-gj5I9FWjv9Y3KdhVfLRb9E4LvMSxSR9GKylRCWtZpAvCKVl14p4GvffRzfiaAJJGfMmH8l1cPp9lZ8yL6zPe9OMsIeBKbpEOgVQj5XYD0rDKYEpR9PeYISzNIMkqmPd3dI9ywcqDFe1ohPNT2jFT-wfOForlOZaJqlq24AUb8uGdEKxLTadqW2oHvUgRycMhX0UEBQb_1l_5Zuq5dHzz3I6NU183HuysJnijtWQOjIua0EGrfTMl7JM_6BviYLAdaz0TEymMtXNputJ_ZDVWpcx0M5w3ZvBMFoB_kON9yMMjwjRFsdnU_dDt1kCMnsr_Az5caGpT7iVqSzmRzqaOcC2bXmM3qk-KDMnFqwBFLnqn54yEfjgrz_Wmv5sSbt5hjBl_f0mLRjNBBkT7waSMu2pD2zL9lkAjQ1D1p8a7rpSF5Avc44tnr9dgrA0X8Nd_aF0PJ-rjn-dgqqLIQ_bfY3kPgcAwLw94XeA3jVoTHPQBEUiYW_vzKPk2MKH9wilPna26OmNe1q32gv5aE0GfNNNNXl71HwpAu7715uyDw-q14eZvy04vKYxUPcbtphyJ2_E6MUKxJ1mBtavaZ8n2LRNlKgusdn_TyOFr7rb9JuWScuMocMpcerGHmAlXGgq7BQSdOWnDdWjpNwAO1i2qh_wqOGYU2uurAGSALsrQ6I3eqN4Be0=w1564-h1173-no\" width=\"179\" height=\"135\" \/><\/a><\/td>\n<td style=\"background: transparent url('http:\/\/picasaweb.google.com.tr\/s\/c\/transparent_album_background.gif') no-repeat scroll left center; height: 200px;\" align=\"center\"><a href=\"https:\/\/photos.app.goo.gl\/TsRgqqQrRjjwWfaYA\"><img loading=\"lazy\" decoding=\"async\" class=\"\" src=\"https:\/\/lh3.googleusercontent.com\/pw\/AL9nZEXTvPiJb4gpW57o3ceFdDHPrhrLnTAq_kePTeF1mbCjeIxX8aJj4BRJ0ENJtLrJ3a4mCtWVB_SIbelcZD2MrjLzJG4ReAlONHCg0IMJQAjtd4feUrAItalP1h06E-65rE4HrzeNRvyojfguQsW6QBA6vg=w1240-h828-no?authuser=5\" width=\"192\" height=\"129\" \/><\/a><\/td>\n<\/tr>\n<tr>\n<td style=\"text-align: center; font-family: arial,sans-serif; font-size: 11px;\">Antalya M\u00fczesi (2017)<\/td>\n<td style=\"text-align: center; font-family: arial,sans-serif; font-size: 11px;\">Phasilis (2017)<\/td>\n<td style=\"text-align: center; font-family: arial,sans-serif; font-size: 11px;\">Kemer (2017)<\/td>\n<td style=\"text-align: center; font-family: arial,sans-serif; font-size: 11px;\">Adrasan<\/td>\n<tr>\n<td style=\"background: transparent url('http:\/\/picasaweb.google.com.tr\/s\/c\/transparent_album_background.gif') no-repeat scroll left center; height: 200px;\" align=\"center\"><a href=\"https:\/\/photos.app.goo.gl\/cM2ufGkf8PgDanLa7\"><img loading=\"lazy\" decoding=\"async\" class=\"alignnone  wp-image-9451\" src=\"https:\/\/xn--adal-oza.net\/wp-content\/uploads\/2024\/11\/cg-Kent-Gezisi-300x200.jpg\" alt=\"\" width=\"165\" height=\"111\" srcset=\"https:\/\/xn--adal-oza.net\/wp-content\/uploads\/2024\/11\/cg-Kent-Gezisi-300x200.jpg 300w, https:\/\/xn--adal-oza.net\/wp-content\/uploads\/2024\/11\/cg-Kent-Gezisi-768x512.jpg 768w, https:\/\/xn--adal-oza.net\/wp-content\/uploads\/2024\/11\/cg-Kent-Gezisi.jpg 1024w\" sizes=\"auto, (max-width: 165px) 100vw, 165px\" \/><\/a><\/td>\n<td style=\"background: transparent url('http:\/\/picasaweb.google.com.tr\/s\/c\/transparent_album_background.gif') no-repeat scroll left center; height: 200px;\" align=\"center\"><a href=\"https:\/\/photos.app.goo.gl\/nwCFFDjqbkgnZDJE6\"><img loading=\"lazy\" decoding=\"async\" class=\"alignnone  wp-image-9455\" src=\"https:\/\/xn--adal-oza.net\/wp-content\/uploads\/2024\/11\/cb-Kent-Gezisi-200x300.jpg\" alt=\"\" width=\"131\" height=\"197\" srcset=\"https:\/\/xn--adal-oza.net\/wp-content\/uploads\/2024\/11\/cb-Kent-Gezisi-200x300.jpg 200w, https:\/\/xn--adal-oza.net\/wp-content\/uploads\/2024\/11\/cb-Kent-Gezisi.jpg 683w\" sizes=\"auto, (max-width: 131px) 100vw, 131px\" \/><\/a><\/td>\n<td style=\"background: transparent url('http:\/\/picasaweb.google.com.tr\/s\/c\/transparent_album_background.gif') no-repeat scroll left center; height: 200px;\" align=\"center\">\u00a0<\/td>\n<td style=\"background: transparent url('http:\/\/picasaweb.google.com.tr\/s\/c\/transparent_album_background.gif') no-repeat scroll left center; height: 200px;\" align=\"center\">\u00a0<\/td>\n<\/tr>\n<tr>\n<td style=\"text-align: center; font-family: arial,sans-serif; font-size: 11px;\">Kale \u0130\u00e7i (2024)<\/td>\n<td style=\"text-align: center; font-family: arial,sans-serif; font-size: 11px;\">Hydrian Kap\u0131s\u0131 (2024)<\/td>\n<td style=\"text-align: center; font-family: arial,sans-serif; font-size: 11px;\">\u00a0<\/td>\n<td style=\"text-align: center; font-family: arial,sans-serif; font-size: 11px;\">\u00a0<\/td>\n<\/tr>\n<tr>\n<td style=\"background: transparent url('http:\/\/picasaweb.google.com.tr\/s\/c\/transparent_album_background.gif') no-repeat scroll left center; height: 200px;\" align=\"center\"><a href=\"https:\/\/photos.app.goo.gl\/6NmCmtDC6ot52RwG8\"><img loading=\"lazy\" decoding=\"async\" class=\"alignnone  wp-image-9452\" src=\"https:\/\/xn--adal-oza.net\/wp-content\/uploads\/2024\/11\/aa-Oluk-Kopru-300x200.jpg\" alt=\"\" width=\"164\" height=\"110\" srcset=\"https:\/\/xn--adal-oza.net\/wp-content\/uploads\/2024\/11\/aa-Oluk-Kopru-300x200.jpg 300w, https:\/\/xn--adal-oza.net\/wp-content\/uploads\/2024\/11\/aa-Oluk-Kopru-768x512.jpg 768w, https:\/\/xn--adal-oza.net\/wp-content\/uploads\/2024\/11\/aa-Oluk-Kopru.jpg 1024w\" sizes=\"auto, (max-width: 164px) 100vw, 164px\" \/><\/a><\/td>\n<td style=\"background: transparent url('http:\/\/picasaweb.google.com.tr\/s\/c\/transparent_album_background.gif') no-repeat scroll left center; height: 200px;\" align=\"center\"><a href=\"https:\/\/photos.app.goo.gl\/M9SVL5raLK17RAEi8\"><img loading=\"lazy\" decoding=\"async\" class=\"alignnone  wp-image-9453\" src=\"https:\/\/xn--adal-oza.net\/wp-content\/uploads\/2024\/11\/ba-Koprulu-Kanyon-300x200.jpg\" alt=\"\" width=\"188\" height=\"125\" srcset=\"https:\/\/xn--adal-oza.net\/wp-content\/uploads\/2024\/11\/ba-Koprulu-Kanyon-300x200.jpg 300w, https:\/\/xn--adal-oza.net\/wp-content\/uploads\/2024\/11\/ba-Koprulu-Kanyon-768x512.jpg 768w, https:\/\/xn--adal-oza.net\/wp-content\/uploads\/2024\/11\/ba-Koprulu-Kanyon.jpg 1024w\" sizes=\"auto, (max-width: 188px) 100vw, 188px\" \/><\/a><\/td>\n<td style=\"background: transparent url('http:\/\/picasaweb.google.com.tr\/s\/c\/transparent_album_background.gif') no-repeat scroll left center; height: 200px;\" align=\"center\">\u00a0<\/td>\n<td style=\"background: transparent url('http:\/\/picasaweb.google.com.tr\/s\/c\/transparent_album_background.gif') no-repeat scroll left center; height: 200px;\" align=\"center\">\u00a0<\/td>\n<\/tr>\n<tr>\n<td style=\"text-align: center; font-family: arial,sans-serif; font-size: 11px;\">Oluk K\u00f6pr\u00fcs\u00fc (2024)<\/td>\n<td style=\"text-align: center; font-family: arial,sans-serif; font-size: 11px;\">K\u00f6pr\u00fcl\u00fc Kanyon (2024)<\/td>\n<td style=\"text-align: center; font-family: arial,sans-serif; font-size: 11px;\">\u00a0<\/td>\n<td style=\"text-align: center; font-family: arial,sans-serif; font-size: 11px;\">\u00a0<\/td>\n<\/tr>\n<\/tr>\n<\/tbody>\n<\/table>\n","protected":false},"excerpt":{"rendered":"<p>Antalya D\u00fcden Aspendos Manavgat Side Alanya Perge Demre Antalya M\u00fczesi (2017) Phasilis (2017) Kemer (2017) Adrasan \u00a0 \u00a0 Kale \u0130\u00e7i (2024) Hydrian Kap\u0131s\u0131 (2024) \u00a0 \u00a0 \u00a0 \u00a0 Oluk K\u00f6pr\u00fcs\u00fc (2024) K\u00f6pr\u00fcl\u00fc Kanyon (2024) \u00a0 \u00a0<\/p>\n","protected":false},"author":1,"featured_media":6256,"parent":4728,"menu_order":0,"comment_status":"open","ping_status":"open","template":"","meta":{"footnotes":""},"class_list":["post-4737","page","type-page","status-publish","has-post-thumbnail","hentry"],"_links":{"self":[{"href":"https:\/\/xn--adal-oza.net\/index.php?rest_route=\/wp\/v2\/pages\/4737","targetHints":{"allow":["GET"]}}],"collection":[{"href":"https:\/\/xn--adal-oza.net\/index.php?rest_route=\/wp\/v2\/pages"}],"about":[{"href":"https:\/\/xn--adal-oza.net\/index.php?rest_route=\/wp\/v2\/types\/page"}],"author":[{"embeddable":true,"href":"https:\/\/xn--adal-oza.net\/index.php?rest_route=\/wp\/v2\/users\/1"}],"replies":[{"embeddable":true,"href":"https:\/\/xn--adal-oza.net\/index.php?rest_route=%2Fwp%2Fv2%2Fcomments&post=4737"}],"version-history":[{"count":8,"href":"https:\/\/xn--adal-oza.net\/index.php?rest_route=\/wp\/v2\/pages\/4737\/revisions"}],"predecessor-version":[{"id":9458,"href":"https:\/\/xn--adal-oza.net\/index.php?rest_route=\/wp\/v2\/pages\/4737\/revisions\/9458"}],"up":[{"embeddable":true,"href":"https:\/\/xn--adal-oza.net\/index.php?rest_route=\/wp\/v2\/pages\/4728"}],"wp:featuredmedia":[{"embeddable":true,"href":"https:\/\/xn--adal-oza.net\/index.php?rest_route=\/wp\/v2\/media\/6256"}],"wp:attachment":[{"href":"https:\/\/xn--adal-oza.net\/index.php?rest_route=%2Fwp%2Fv2%2Fmedia&parent=4737"}],"curies":[{"name":"wp","href":"https:\/\/api.w.org\/{rel}","templated":true}]}}