{"id":4741,"date":"2018-05-25T17:00:13","date_gmt":"2018-05-25T15:00:13","guid":{"rendered":"https:\/\/xn--adal-oza.net\/?page_id=4741"},"modified":"2018-06-13T16:59:50","modified_gmt":"2018-06-13T14:59:50","slug":"ardahan","status":"publish","type":"page","link":"https:\/\/xn--adal-oza.net\/?page_id=4741&lang=en","title":{"rendered":"Ardahan"},"content":{"rendered":"<table style=\"text-align: center;\" border=\"0\" width=\"100%\" cellspacing=\"0\" cellpadding=\"0\">\n<colgroup>\n<col width=\"%33\" \/>\n<col width=\"%33\" \/>\n<col width=\"%33\" \/> <\/colgroup>\n<tbody>\n<tr>\n<td style=\"background: transparent url('http:\/\/picasaweb.google.com.tr\/s\/c\/transparent_album_background.gif') no-repeat scroll left center; height: 200px;\" align=\"center\"><a href=\"https:\/\/goo.gl\/photos\/61Q1JBNYYUmjeEgCA\"><img loading=\"lazy\" decoding=\"async\" src=\"https:\/\/lh3.googleusercontent.com\/IDqzDlpBxVINbsC7j4ammkmrZXsTex0tspRhNIe9tKuHY4PRPLfq1j8R69mwnOgQEbqTvbSFHzpUTeCf-qpmSePv921DNGKv0mXoaUgyREZL0UX-KJUcoRlVicP0iZYi5mB3a8Y_3FtQf6oerXRHJVDw8p1wuPFu-Jh9S27X50HyeeWwL-KSdHyz-rOt0BzjjWEBQqTVs4RCzE1Pi_7cLQQhdnQ3Q4pksp5dDMRJwLJLfhSMVz8SqObG-OhXyGgB6g9gypTYT83Kkrz1ghwFAKrxFcv_RSW-H391-VEfZfxZRUw9ho_nNDRFSJ-hCIz8MWASvWkC89RuzfNN5iaoSun_re_rGI_e7n3DVmWgQOMYF6QCtG4dhYVcm5-V7feggDGSY5q9QkMXhYxKpIbQL7nNLS4M00VMeajfnvoJtv4xNfW50H6mc_eKl6z1gnB5lgtZdabSbBpSx_jkxVsPq4B4OnTEhvkQ5ajgrM86wlaAMKtRYnhQ4pMq6eYLM_bUh2TBtZC6ZMYWrx9hNI8kf9Eu=w1141-h761-no\" alt=\"\" width=\"180\" height=\"120\" \/><\/a><\/td>\n<td style=\"background: transparent url('http:\/\/picasaweb.google.com.tr\/s\/c\/transparent_album_background.gif') no-repeat scroll left center; height: 200px;\" align=\"center\"><a href=\"https:\/\/goo.gl\/photos\/V6A7fSWjjUALMT2UA\"><img loading=\"lazy\" decoding=\"async\" src=\"https:\/\/lh3.googleusercontent.com\/X5oehq0GIonLGzydxx-g4i6dTDvQr8zKkwlatcz88Wsx9QXKLmkjelzHgS8cF16EpdQyKnbUzu9oe8NYNXemqhcbR5TqylhIuWGbHjBH1b8yzmcDGyXfpyJINP7_eVZ6Tr_4u22YrTHieAb_mua3pIymYP7W4gX6SeUzdda_tpYjbSwNV6aykylRFcYUmOYvrph6FXWX0yY-6_IThC18ooJrdjQBr8UHTdrClW6CoKc12H_38sVnl3XEbIuxK3agpaO1Im2Ve_rqy6OQJrPaUVLGlFCZjDphpReEDTF3R53LrB7WSA8FcQNXO66wMfYYGtT68H8eedZ_bvgqga9wG6i3pkynGUOyCen0CAwvAw4w-ihZFtZqt-vlP2fBwBzbAzYiQNbEUz0ZpClXDlhNFZu-vaC2MHVkyv2H9ohoolPiwp1dXQGSO91zpPr01G-qALTa0EBDstP6zobu7o6yRHZ5Bjdtlz3Lip8BQnO7711qW2F0xyjN_N5cqAzKGGosybwhf314cno6xLhw6KBf96JX=w1141-h761-no\" alt=\"\" width=\"180\" height=\"120\" \/><\/a><\/td>\n<\/tr>\n<tr>\n<td style=\"text-align: center; font-family: arial,sans-serif; font-size: 11px;\">Ardahan<\/td>\n<td style=\"text-align: center; font-family: arial,sans-serif; font-size: 11px;\">\u00c7\u0131ld\u0131r<\/td>\n<\/tr>\n<\/tbody>\n<\/table>\n","protected":false},"excerpt":{"rendered":"<p>Ardahan \u00c7\u0131ld\u0131r<\/p>\n","protected":false},"author":1,"featured_media":6268,"parent":4728,"menu_order":0,"comment_status":"open","ping_status":"open","template":"","meta":{"footnotes":""},"class_list":["post-4741","page","type-page","status-publish","has-post-thumbnail","hentry"],"_links":{"self":[{"href":"https:\/\/xn--adal-oza.net\/index.php?rest_route=\/wp\/v2\/pages\/4741","targetHints":{"allow":["GET"]}}],"collection":[{"href":"https:\/\/xn--adal-oza.net\/index.php?rest_route=\/wp\/v2\/pages"}],"about":[{"href":"https:\/\/xn--adal-oza.net\/index.php?rest_route=\/wp\/v2\/types\/page"}],"author":[{"embeddable":true,"href":"https:\/\/xn--adal-oza.net\/index.php?rest_route=\/wp\/v2\/users\/1"}],"replies":[{"embeddable":true,"href":"https:\/\/xn--adal-oza.net\/index.php?rest_route=%2Fwp%2Fv2%2Fcomments&post=4741"}],"version-history":[{"count":3,"href":"https:\/\/xn--adal-oza.net\/index.php?rest_route=\/wp\/v2\/pages\/4741\/revisions"}],"predecessor-version":[{"id":6276,"href":"https:\/\/xn--adal-oza.net\/index.php?rest_route=\/wp\/v2\/pages\/4741\/revisions\/6276"}],"up":[{"embeddable":true,"href":"https:\/\/xn--adal-oza.net\/index.php?rest_route=\/wp\/v2\/pages\/4728"}],"wp:featuredmedia":[{"embeddable":true,"href":"https:\/\/xn--adal-oza.net\/index.php?rest_route=\/wp\/v2\/media\/6268"}],"wp:attachment":[{"href":"https:\/\/xn--adal-oza.net\/index.php?rest_route=%2Fwp%2Fv2%2Fmedia&parent=4741"}],"curies":[{"name":"wp","href":"https:\/\/api.w.org\/{rel}","templated":true}]}}