{"id":4747,"date":"2018-05-25T17:01:22","date_gmt":"2018-05-25T15:01:22","guid":{"rendered":"https:\/\/xn--adal-oza.net\/?page_id=4747"},"modified":"2019-05-10T02:39:31","modified_gmt":"2019-05-10T00:39:31","slug":"beysehir","status":"publish","type":"page","link":"https:\/\/xn--adal-oza.net\/?page_id=4747&lang=en","title":{"rendered":"Beysehir"},"content":{"rendered":"<p>&nbsp;<\/p>\n<table style=\"text-align: center;\" border=\"0\" width=\"100%\" cellspacing=\"0\" cellpadding=\"0\">\n<colgroup>\n<col width=\"%20\" \/>\n<col width=\"%20\" \/>\n<col width=\"%20\" \/>\n<col width=\"%20\" \/>\n<col width=\"%20\" \/><\/colgroup>\n<tbody>\n<tr>\n<td style=\"background: transparent url('http:\/\/picasaweb.google.com.tr\/s\/c\/transparent_album_background.gif') no-repeat scroll left center; height: 200px;\" align=\"center\"><a href=\"https:\/\/photos.app.goo.gl\/YbosP1qtY9a5JJuu8\"><img loading=\"lazy\" decoding=\"async\" class=\"aligncenter\" src=\"https:\/\/lh4.googleusercontent.com\/Df6qR_LK3sqtNxxOSq2OYMpYphSoVttnk_z6MJoKKkw=w328-h217-p-no\" alt=\"Foto\u011fraf\" width=\"180\" height=\"120\" \/><\/a><\/td>\n<td style=\"background: transparent url('http:\/\/picasaweb.google.com.tr\/s\/c\/transparent_album_background.gif') no-repeat scroll left center; height: 200px;\" align=\"center\"><a href=\"https:\/\/photos.app.goo.gl\/J1PzYBGgd3yRRRbi7\"><img loading=\"lazy\" decoding=\"async\" class=\"aligncenter\" src=\"https:\/\/lh3.googleusercontent.com\/HSVM_kjzJ_WtzqL5b85l2NlzcrMqDDU_XzWD11cDuw=w415-h219-p-no\" alt=\"Foto\u011fraf\" width=\"180\" height=\"120\" \/><\/a><\/td>\n<td style=\"background: transparent url('http:\/\/picasaweb.google.com.tr\/s\/c\/transparent_album_background.gif') no-repeat scroll left center; height: 200px;\" align=\"center\"><a href=\"https:\/\/photos.app.goo.gl\/7ngh7Gkd2y8vXfFj8\"><img loading=\"lazy\" decoding=\"async\" class=\"aligncenter\" src=\"https:\/\/lh6.googleusercontent.com\/fj9y3g5_B0j7YUa4K381x6cV4sAtcbSbm2XQrKFk0Xw=w276-h183-p-no\" alt=\"Foto\u011fraf\" width=\"180\" height=\"120\" \/><\/a><\/td>\n<td style=\"background: transparent url('http:\/\/picasaweb.google.com.tr\/s\/c\/transparent_album_background.gif') no-repeat scroll left center; height: 200px;\" align=\"center\"><a href=\"https:\/\/photos.app.goo.gl\/KbxCoZc6zz8bMiPx7\"><img loading=\"lazy\" decoding=\"async\" class=\"\" src=\"https:\/\/lh3.googleusercontent.com\/t0mjLWCjVsyKRkt17H1u6eUCJvH0yIgEIVsJLcmjE9Hy4e8lnGV6mAlqGZBtynBsHIcAwZjn1TrCiiFmb2Fjx_W2-qLHvUaduq8fgmWlmthGdOvXc3NKNbfDsGqBLJSO67Oa1Y3Bh_qDKT2bYC7sS5O4HNiHagYjOCqn9i_8Zkql7CBVZktZ5dIoGy1xhZIGhSd04NCXJelFT5w2k1vmIXD8CUs9DqObxTIv3WnCPD3J_3TR3wOlLMY8DsoxnLJcdMSlVMKyCfXSiWutma9b9UGD2p4SwiPtZyq5z2UTzgypgdZbeCJ8y9dOOLrWB9BMg3gryApEpWbxA8HvYsYJNRU73QOhjuXrpt8kQsNmguNpd_GTm2VzpVafJ-tgOu5bSimZhvaJ_SzX_z__Rzi8SghMtM_YL8QMOKwxGSw9ddADuNclTsRH4d3Rhdr1eDKl5cRCo_7_6XZQh2dvqCTrChtxvEsimmNgNlkB8yzl2dqsljEv8zFQV-P0_WZYODeaR7zjVr44NHik-igUmE900oKhtqBjMv8iaMTiZwTBuF9trOibu1qUOTLv-ZmTYGLXssFRaRYxKs9fSqzhoTHOYbtyaQZV-PiSbLgpUyX7qhLn139clzu5XjhIrYb6w6N8QbUku3W_mDp3EE9QLWXWOl5hKHPREGmFHqJrwa4gkxvXGVuAD7qlXJNGkvUW-GNdRjk8VqddpOBOfdMy5tWAufO2wQ=w1120-h920-no\" width=\"186\" height=\"153\" \/><\/a><\/td>\n<td style=\"background: transparent url('http:\/\/picasaweb.google.com.tr\/s\/c\/transparent_album_background.gif') no-repeat scroll left center; height: 200px;\" align=\"center\"><a href=\"https:\/\/photos.app.goo.gl\/MSS9JAB3etVffahX9\"><img loading=\"lazy\" decoding=\"async\" class=\"aligncenter\" src=\"https:\/\/lh5.googleusercontent.com\/GfEi9m2NJbzHRI0wqznKLq3REoJpPHNr1K5VSIjFuKo=w311-h207-p-no\" alt=\"Foto\u011fraf\" width=\"180\" height=\"120\" \/><\/a><\/td>\n<\/tr>\n<tr>\n<td style=\"text-align: center; font-family: arial,sans-serif; font-size: 11px;\">Bey\u015fehir<\/td>\n<td style=\"text-align: center; font-family: arial,sans-serif; font-size: 11px;\">Bey\u015fehir G\u00f6l\u00fc<\/td>\n<td style=\"text-align: center; font-family: arial,sans-serif; font-size: 11px;\">E\u015frefo\u011flu Camisi<\/td>\n<td style=\"text-align: center; font-family: arial,sans-serif; font-size: 11px;\">Yeni\u015far Bademli<\/td>\n<td style=\"text-align: center; font-family: arial,sans-serif; font-size: 11px;\">Hitit \u00c7e\u015fmesi<\/td>\n<\/tr>\n<\/tbody>\n<\/table>\n","protected":false},"excerpt":{"rendered":"<p>&nbsp; Bey\u015fehir Bey\u015fehir G\u00f6l\u00fc E\u015frefo\u011flu Camisi Yeni\u015far Bademli Hitit \u00c7e\u015fmesi<\/p>\n","protected":false},"author":1,"featured_media":6297,"parent":4728,"menu_order":0,"comment_status":"open","ping_status":"open","template":"","meta":{"footnotes":""},"class_list":["post-4747","page","type-page","status-publish","has-post-thumbnail","hentry"],"_links":{"self":[{"href":"https:\/\/xn--adal-oza.net\/index.php?rest_route=\/wp\/v2\/pages\/4747","targetHints":{"allow":["GET"]}}],"collection":[{"href":"https:\/\/xn--adal-oza.net\/index.php?rest_route=\/wp\/v2\/pages"}],"about":[{"href":"https:\/\/xn--adal-oza.net\/index.php?rest_route=\/wp\/v2\/types\/page"}],"author":[{"embeddable":true,"href":"https:\/\/xn--adal-oza.net\/index.php?rest_route=\/wp\/v2\/users\/1"}],"replies":[{"embeddable":true,"href":"https:\/\/xn--adal-oza.net\/index.php?rest_route=%2Fwp%2Fv2%2Fcomments&post=4747"}],"version-history":[{"count":4,"href":"https:\/\/xn--adal-oza.net\/index.php?rest_route=\/wp\/v2\/pages\/4747\/revisions"}],"predecessor-version":[{"id":7611,"href":"https:\/\/xn--adal-oza.net\/index.php?rest_route=\/wp\/v2\/pages\/4747\/revisions\/7611"}],"up":[{"embeddable":true,"href":"https:\/\/xn--adal-oza.net\/index.php?rest_route=\/wp\/v2\/pages\/4728"}],"wp:featuredmedia":[{"embeddable":true,"href":"https:\/\/xn--adal-oza.net\/index.php?rest_route=\/wp\/v2\/media\/6297"}],"wp:attachment":[{"href":"https:\/\/xn--adal-oza.net\/index.php?rest_route=%2Fwp%2Fv2%2Fmedia&parent=4747"}],"curies":[{"name":"wp","href":"https:\/\/api.w.org\/{rel}","templated":true}]}}