{"id":4761,"date":"2018-05-25T17:06:22","date_gmt":"2018-05-25T15:06:22","guid":{"rendered":"https:\/\/xn--adal-oza.net\/?page_id=4761"},"modified":"2018-06-13T17:23:21","modified_gmt":"2018-06-13T15:23:21","slug":"bursa","status":"publish","type":"page","link":"https:\/\/xn--adal-oza.net\/?page_id=4761&lang=en","title":{"rendered":"Bursa"},"content":{"rendered":"<table style=\"text-align: center;\" border=\"0\" width=\"100%\" cellspacing=\"0\" cellpadding=\"0\">\n<colgroup>\n<col width=\"%25\" \/>\n<col width=\"%25\" \/>\n<col width=\"%25\" \/>\n<col width=\"%25\" \/> <\/colgroup>\n<tbody>\n<tr>\n<td style=\"background: transparent url('http:\/\/picasaweb.google.com.tr\/s\/c\/transparent_album_background.gif') no-repeat scroll left center; height: 200px;\" align=\"center\"><a href=\"https:\/\/goo.gl\/photos\/t4LowZkXd3ddUNMv5\"><img loading=\"lazy\" decoding=\"async\" class=\"aligncenter\" title=\"Bursa\" src=\"http:\/\/lh6.ggpht.com\/_4vEcv6JwYAQ\/S93uMszGc7I\/AAAAAAAAHD8\/4AlrN7nMJcM\/s128\/ub-Tophaneden%20Ulu%20Cami%20%282010%29.JPG\" alt=\"\" width=\"180\" height=\"120\" \/><\/a><\/td>\n<td style=\"background: transparent url('http:\/\/picasaweb.google.com.tr\/s\/c\/transparent_album_background.gif') no-repeat scroll left center; height: 200px;\" align=\"center\"><a href=\"https:\/\/goo.gl\/photos\/hQdZNNtc2RMeDkU79\"><img loading=\"lazy\" decoding=\"async\" class=\"aligncenter\" title=\"Emir Sultan\" src=\"http:\/\/lh6.ggpht.com\/_4vEcv6JwYAQ\/S93rCDsghgI\/AAAAAAAAG_k\/Bn9CY64odf8\/s128\/es-Emir%20Sultan%20Camisi%20%282010%29.JPG\" alt=\"\" width=\"180\" height=\"120\" \/><\/a><\/td>\n<td style=\"background: transparent url('http:\/\/picasaweb.google.com.tr\/s\/c\/transparent_album_background.gif') no-repeat scroll left center; height: 200px;\" align=\"center\"><a href=\"https:\/\/goo.gl\/photos\/a5q4wktwKDPjYbf37\"><img loading=\"lazy\" decoding=\"async\" class=\"aligncenter\" title=\"Ulu Cami\" src=\"http:\/\/lh6.ggpht.com\/_4vEcv6JwYAQ\/S93tgfirpqI\/AAAAAAAAHC0\/ce4vADR0b9U\/s128\/uo-Ulu%20Cami%20%282010%29.JPG\" width=\"180\" height=\"120\" \/><\/a><\/td>\n<td style=\"background: transparent url('http:\/\/picasaweb.google.com.tr\/s\/c\/transparent_album_background.gif') no-repeat scroll left center; height: 200px;\" align=\"center\"><a href=\"https:\/\/goo.gl\/photos\/VgTZFDruHNSarr1v5\"><img loading=\"lazy\" decoding=\"async\" class=\"aligncenter\" title=\"Tophane\" src=\"http:\/\/lh6.ggpht.com\/_4vEcv6JwYAQ\/S93x_Zpb82I\/AAAAAAAAHGI\/hKJtlmLk2O0\/s128\/Saat%20Kulesi.JPG\" alt=\"\" width=\"120\" height=\"180\" \/><\/a><\/td>\n<\/tr>\n<tr>\n<td style=\"text-align: center; font-family: arial,sans-serif; font-size: 11px;\">Bursa<\/td>\n<td style=\"text-align: center; font-family: arial,sans-serif; font-size: 11px;\">Emir Sultan<\/td>\n<td style=\"text-align: center; font-family: arial,sans-serif; font-size: 11px;\">Ulu Cami<\/td>\n<td style=\"text-align: center; font-family: arial,sans-serif; font-size: 11px;\">Tophane<\/td>\n<\/tr>\n<tr>\n<td style=\"background: transparent url('http:\/\/picasaweb.google.com.tr\/s\/c\/transparent_album_background.gif') no-repeat scroll left center; height: 200px;\" align=\"center\"><a href=\"https:\/\/goo.gl\/photos\/tpGoW7YdbwwMBwjS8\"><img loading=\"lazy\" decoding=\"async\" class=\"aligncenter\" title=\"I. Murat Camisi\" src=\"http:\/\/lh6.ggpht.com\/_4vEcv6JwYAQ\/S930PvCCGUI\/AAAAAAAAHH4\/lMBw951mss4\/s128\/me-I.%20Murat%20Camisi%20%282010%29.JPG\" alt=\"\" width=\"180\" height=\"120\" \/><\/a><\/td>\n<td style=\"background: transparent url('http:\/\/picasaweb.google.com.tr\/s\/c\/transparent_album_background.gif') no-repeat scroll left center; height: 200px;\" align=\"center\"><a href=\"https:\/\/goo.gl\/photos\/M4cpuhN79wmgHDQU6\"><img loading=\"lazy\" decoding=\"async\" class=\"aligncenter\" title=\"Hac\u0131vat Karag\u00f6z\" src=\"http:\/\/lh6.ggpht.com\/_4vEcv6JwYAQ\/S932TX1vVKI\/AAAAAAAAHI0\/rWm6lfTUnbA\/s128\/ke-Karag%C3%B6z%20%282010%29.JPG\" alt=\"\" width=\"180\" height=\"120\" \/><\/a><\/td>\n<td style=\"background: transparent url('http:\/\/picasaweb.google.com.tr\/s\/c\/transparent_album_background.gif') no-repeat scroll left center; height: 200px;\" align=\"center\"><a href=\"https:\/\/goo.gl\/photos\/KNrwgAXMcejo5YSP8\"><img loading=\"lazy\" decoding=\"async\" class=\"aligncenter\" title=\"S\u00fcleyman \u00c7elebi\" src=\"http:\/\/lh4.ggpht.com\/_4vEcv6JwYAQ\/S933AQml9gI\/AAAAAAAAHJM\/Hz9yPJRXt54\/s128\/aa-S%C3%BCleyman%20%C3%87elebi%27nin%20Kabri%20%282010%29.JPG\" alt=\"\" width=\"180\" height=\"120\" \/><\/a><\/td>\n<td><a href=\"https:\/\/goo.gl\/photos\/jVoFeGXzc5sEaAbm6\"><img loading=\"lazy\" decoding=\"async\" class=\"aligncenter\" title=\"Ye\u015fil T\u00fcrbe\" src=\"http:\/\/lh3.ggpht.com\/_4vEcv6JwYAQ\/S96ZHkxm5fI\/AAAAAAAAHPU\/crXeD6PVRyI\/s128\/yl-Ye%C5%9Fil%20T%C3%BCrbe%20%282010%29.JPG\" alt=\"\" width=\"180\" height=\"120\" \/><\/a><\/td>\n<\/tr>\n<tr>\n<td style=\"text-align: center; font-family: arial,sans-serif; font-size: 11px;\">I. Murat Camisi<\/td>\n<td style=\"text-align: center; font-family: arial,sans-serif; font-size: 11px;\">Hac\u0131vat Karag\u00f6z<\/td>\n<td style=\"text-align: center; font-family: arial,sans-serif; font-size: 11px;\">S\u00fcleyman \u00c7elebi<\/td>\n<td style=\"text-align: center; font-family: arial,sans-serif; font-size: 11px;\">Ye\u015fil T\u00fcrbe<\/td>\n<\/tr>\n<tr>\n<td><a href=\"https:\/\/goo.gl\/photos\/qtkDgZQmWrqfU7cNA\"><img loading=\"lazy\" decoding=\"async\" class=\"aligncenter\" title=\"Uluda\u011f G\u00f6lleri\" src=\"http:\/\/lh3.ggpht.com\/_4vEcv6JwYAQ\/S934-1SyDzI\/AAAAAAAAHMM\/2Ug_E8BgQVk\/s128\/ac%20-%20Uludag%20%2801%29.jpg\" alt=\"\" width=\"180\" height=\"180\" \/><\/a><\/td>\n<td><a href=\"https:\/\/goo.gl\/photos\/AbQ2JqMivUoNgJTs7\"><img loading=\"lazy\" decoding=\"async\" class=\"aligncenter\" title=\"Cumal\u0131k\u0131z\u0131k\" src=\"http:\/\/lh4.ggpht.com\/_4vEcv6JwYAQ\/S933pandJQI\/AAAAAAAAHKs\/grehdbuMtCc\/s128\/ba%20-%20Cumalikizik%20%2801%29.jpg\" alt=\"\" width=\"180\" height=\"180\" \/><\/a><\/td>\n<td><a href=\"https:\/\/goo.gl\/photos\/x58UY1SUJQp6cUkV6\"><img loading=\"lazy\" decoding=\"async\" class=\"aligncenter\" title=\"M\u00fctareke Evi\" src=\"http:\/\/lh4.ggpht.com\/_4vEcv6JwYAQ\/TDw5R_NwSxI\/AAAAAAAAIBg\/X7E9mZc3rTQ\/s128\/aa-Mudanya%20M%C3%BCtareke%20Evi%20%282010%29.JPG\" alt=\"\" width=\"180\" height=\"120\" \/><\/a><\/td>\n<td><a href=\"https:\/\/goo.gl\/photos\/uJDfM59ayhW6kEZ16\"><img loading=\"lazy\" decoding=\"async\" class=\"aligncenter\" title=\"Kumkaya\" src=\"http:\/\/lh6.ggpht.com\/_4vEcv6JwYAQ\/TDw5QkB7GrI\/AAAAAAAAIBY\/G_2-qecnarQ\/s128\/bk-Kumkaya%20Kilisesi.JPG\" alt=\"\" width=\"180\" height=\"120\" \/><\/a><\/td>\n<\/tr>\n<tr>\n<td style=\"text-align: center; font-family: arial,sans-serif; font-size: 11px;\">Uluda\u011f G\u00f6lleri<\/td>\n<td style=\"text-align: center; font-family: arial,sans-serif; font-size: 11px;\">Cumal\u0131k\u0131z\u0131k<\/td>\n<td style=\"text-align: center; font-family: arial,sans-serif; font-size: 11px;\">Mudanya<\/td>\n<td style=\"text-align: center; font-family: arial,sans-serif; font-size: 11px;\">Kumkaya<\/td>\n<\/tr>\n<tr>\n<td><a href=\"https:\/\/goo.gl\/photos\/cBHdkVtrY7HF2WYn9\"><img loading=\"lazy\" decoding=\"async\" class=\"aligncenter\" title=\"Zeytinba\u011f\u0131\" src=\"http:\/\/lh3.ggpht.com\/_4vEcv6JwYAQ\/TDw5JgacfiI\/AAAAAAAAIAc\/ShBY89FI3WI\/s128\/ac-Zeytinba%C4%9F%C4%B1%20Ta%C5%9F%20Mektep%20%282010%29.JPG\" alt=\"\" width=\"180\" height=\"120\" \/><\/a><\/td>\n<td><a href=\"https:\/\/goo.gl\/photos\/uG4CAxLkNr5dQaCy7\"><img loading=\"lazy\" decoding=\"async\" class=\"aligncenter\" title=\"Karacabey\" src=\"http:\/\/lh4.ggpht.com\/_4vEcv6JwYAQ\/TDw5FhVFySI\/AAAAAAAAIAI\/ySC4GPHle7A\/s128\/nb-Nil%C3%BCfer%20%C3%87ay%C4%B1%20%282010%29.JPG\" alt=\"\" width=\"180\" height=\"120\" \/><\/a><\/td>\n<\/tr>\n<tr>\n<td style=\"text-align: center; font-family: arial,sans-serif; font-size: 11px;\">Zeytinba\u011f\u0131 (Tirilye)<\/td>\n<td style=\"text-align: center; font-family: arial,sans-serif; font-size: 11px;\">Karacabey<\/td>\n<\/tr>\n<\/tbody>\n<\/table>\n","protected":false},"excerpt":{"rendered":"<p>Bursa Emir Sultan Ulu Cami Tophane I. Murat Camisi Hac\u0131vat Karag\u00f6z S\u00fcleyman \u00c7elebi Ye\u015fil T\u00fcrbe Uluda\u011f G\u00f6lleri Cumal\u0131k\u0131z\u0131k Mudanya Kumkaya Zeytinba\u011f\u0131 (Tirilye) Karacabey<\/p>\n","protected":false},"author":1,"featured_media":6342,"parent":4728,"menu_order":0,"comment_status":"open","ping_status":"open","template":"","meta":{"footnotes":""},"class_list":["post-4761","page","type-page","status-publish","has-post-thumbnail","hentry"],"_links":{"self":[{"href":"https:\/\/xn--adal-oza.net\/index.php?rest_route=\/wp\/v2\/pages\/4761","targetHints":{"allow":["GET"]}}],"collection":[{"href":"https:\/\/xn--adal-oza.net\/index.php?rest_route=\/wp\/v2\/pages"}],"about":[{"href":"https:\/\/xn--adal-oza.net\/index.php?rest_route=\/wp\/v2\/types\/page"}],"author":[{"embeddable":true,"href":"https:\/\/xn--adal-oza.net\/index.php?rest_route=\/wp\/v2\/users\/1"}],"replies":[{"embeddable":true,"href":"https:\/\/xn--adal-oza.net\/index.php?rest_route=%2Fwp%2Fv2%2Fcomments&post=4761"}],"version-history":[{"count":3,"href":"https:\/\/xn--adal-oza.net\/index.php?rest_route=\/wp\/v2\/pages\/4761\/revisions"}],"predecessor-version":[{"id":6344,"href":"https:\/\/xn--adal-oza.net\/index.php?rest_route=\/wp\/v2\/pages\/4761\/revisions\/6344"}],"up":[{"embeddable":true,"href":"https:\/\/xn--adal-oza.net\/index.php?rest_route=\/wp\/v2\/pages\/4728"}],"wp:featuredmedia":[{"embeddable":true,"href":"https:\/\/xn--adal-oza.net\/index.php?rest_route=\/wp\/v2\/media\/6342"}],"wp:attachment":[{"href":"https:\/\/xn--adal-oza.net\/index.php?rest_route=%2Fwp%2Fv2%2Fmedia&parent=4761"}],"curies":[{"name":"wp","href":"https:\/\/api.w.org\/{rel}","templated":true}]}}