{"id":4796,"date":"2018-05-25T17:10:30","date_gmt":"2018-05-25T15:10:30","guid":{"rendered":"https:\/\/xn--adal-oza.net\/?page_id=4796"},"modified":"2018-06-13T18:06:12","modified_gmt":"2018-06-13T16:06:12","slug":"edirne","status":"publish","type":"page","link":"https:\/\/xn--adal-oza.net\/?page_id=4796&lang=en","title":{"rendered":"Edirne"},"content":{"rendered":"<table style=\"text-align: center;\" border=\"0\" width=\"100%\" cellspacing=\"0\" cellpadding=\"0\">\n<colgroup>\n<col width=\"%20\" \/>\n<col width=\"%20\" \/>\n<col width=\"%20\" \/>\n<col width=\"%20\" \/>\n<col width=\"%20\" \/><\/colgroup>\n<tbody>\n<tr>\n<td style=\"background: transparent url('http:\/\/picasaweb.google.com.tr\/s\/c\/transparent_album_background.gif') no-repeat scroll left center; height: 200px;\" align=\"center\"><a href=\"https:\/\/goo.gl\/photos\/GARuRAbq7zFzsDoN6\"><img loading=\"lazy\" decoding=\"async\" class=\"aligncenter\" title=\"Edirne\" src=\"http:\/\/lh5.ggpht.com\/_4vEcv6JwYAQ\/S3A2611NZ3I\/AAAAAAAACO0\/WK8MDLGSzNA\/s128\/ei%20-%20Edirne%20%2890%29.jpg\" alt=\"\" width=\"180\" height=\"180\" \/><\/a><\/td>\n<td style=\"background: transparent url('http:\/\/picasaweb.google.com.tr\/s\/c\/transparent_album_background.gif') no-repeat scroll left center; height: 200px;\" align=\"center\"><a href=\"https:\/\/goo.gl\/photos\/Y8YiwFaRU97C7BTQ8\"><img loading=\"lazy\" decoding=\"async\" class=\"aligncenter\" src=\"https:\/\/lh6.googleusercontent.com\/Ml0poV8aMILJIEnmXcodHHonHswhweE9UxG-aFA3UGU=w311-h207-p-no\" alt=\"Foto\u011fraf\" width=\"180\" height=\"120\" \/><\/a><\/td>\n<td style=\"background: transparent url('http:\/\/picasaweb.google.com.tr\/s\/c\/transparent_album_background.gif') no-repeat scroll left center; height: 200px;\" align=\"center\"><a href=\"https:\/\/goo.gl\/photos\/ZeVC8Cb7SvJVJ3T3A\"><img loading=\"lazy\" decoding=\"async\" class=\"aligncenter\" title=\"Burma Minareli Cami\" src=\"http:\/\/lh5.ggpht.com\/_4vEcv6JwYAQ\/S7juEBG4AoI\/AAAAAAAAGW8\/nZy8jTrb7Hc\/s128\/bm%20-%20Burmali%20cami%202006.JPG\" alt=\"\" width=\"120\" height=\"180\" \/><\/a><\/td>\n<td style=\"background: transparent url('http:\/\/picasaweb.google.com.tr\/s\/c\/transparent_album_background.gif') no-repeat scroll left center; height: 200px;\" align=\"center\"><a href=\"https:\/\/goo.gl\/photos\/ceZ8nEKMCKY921Hp7\"><img loading=\"lazy\" decoding=\"async\" class=\"aligncenter\" title=\"Dar\u00fcl \u015eifa\" src=\"http:\/\/lh4.ggpht.com\/_4vEcv6JwYAQ\/S3MwXfCnjVI\/AAAAAAAADfU\/RrbtHpWua1A\/s128\/da%20-%20Darulsifa%202006.JPG\" alt=\"\" width=\"180\" height=\"120\" \/><\/a><\/td>\n<td style=\"background: transparent url('http:\/\/picasaweb.google.com.tr\/s\/c\/transparent_album_background.gif') no-repeat scroll left center; height: 200px;\" align=\"center\"><a href=\"https:\/\/goo.gl\/photos\/4yKE9tVrrB99FFdz5\"><img loading=\"lazy\" decoding=\"async\" class=\"aligncenter\" title=\"Edirne M\u00fczesi\" src=\"http:\/\/lh4.ggpht.com\/_4vEcv6JwYAQ\/S3M0QK7MecI\/AAAAAAAADf8\/N-XcRBM_nyw\/s128\/gb%20-%20Edirne%20Muzesi%20%2806%29.JPG\" alt=\"\" width=\"120\" height=\"180\" \/><\/a><\/td>\n<\/tr>\n<tr>\n<td style=\"text-align: center; font-family: arial,sans-serif; font-size: 11px;\">Edirne<\/td>\n<td style=\"text-align: center; font-family: arial,sans-serif; font-size: 11px;\">Bulgar Kilisesi<\/td>\n<td style=\"text-align: center; font-family: arial,sans-serif; font-size: 11px;\">Burma Minareli Cami<\/td>\n<td style=\"text-align: center; font-family: arial,sans-serif; font-size: 11px;\">Dar\u00fcl \u015eifa<\/td>\n<td style=\"text-align: center; font-family: arial,sans-serif; font-size: 11px;\">Edirne M\u00fczesi<\/td>\n<\/tr>\n<tr>\n<td style=\"background: transparent url('http:\/\/picasaweb.google.com.tr\/s\/c\/transparent_album_background.gif') no-repeat scroll left center; height: 200px;\" align=\"center\"><a href=\"https:\/\/goo.gl\/photos\/FmAmmbDwKbWxu8PYA\"><img loading=\"lazy\" decoding=\"async\" class=\"aligncenter\" title=\"Eski Cami\" src=\"http:\/\/lh6.ggpht.com\/_4vEcv6JwYAQ\/S3A1lY9kxLI\/AAAAAAAACIM\/Mm-yUeDYSnw\/s128\/ne%20-%20Eski%20Cami%20-6%202006.JPG\" alt=\"\" width=\"180\" height=\"120\" \/><\/a><\/td>\n<td style=\"background: transparent url('http:\/\/picasaweb.google.com.tr\/s\/c\/transparent_album_background.gif') no-repeat scroll left center; height: 200px;\" align=\"center\"><a href=\"https:\/\/goo.gl\/photos\/b8bPDqj7XsPzrjGo8\"><img loading=\"lazy\" decoding=\"async\" class=\"aligncenter\" src=\"https:\/\/lh4.googleusercontent.com\/5Z_9ZAjpdhUHXG8z_BfVJHZ5boWqeTFxqnT96VcSCwU=w251-h191-p-no\" alt=\"Foto\u011fraf\" width=\"180\" height=\"120\" \/><\/a><\/td>\n<td style=\"background: transparent url('http:\/\/picasaweb.google.com.tr\/s\/c\/transparent_album_background.gif') no-repeat scroll left center; height: 200px;\" align=\"center\"><a href=\"https:\/\/goo.gl\/photos\/LtZAhttbHq2ShUvx6\"><img loading=\"lazy\" decoding=\"async\" class=\"aligncenter\" title=\"Karaa\u011fa\u00e7\" src=\"http:\/\/lh3.ggpht.com\/_4vEcv6JwYAQ\/S3A2lGKaSzI\/AAAAAAAACL8\/fQRIR5AHEfU\/s128\/ee%20-%20Karaagac%20%2890%29.jpg\" alt=\"\" width=\"180\" height=\"180\" \/><\/a><\/td>\n<td style=\"background: transparent url('http:\/\/picasaweb.google.com.tr\/s\/c\/transparent_album_background.gif') no-repeat scroll left center; height: 200px;\" align=\"center\"><a href=\"https:\/\/goo.gl\/photos\/5ns1Gfv8tAy6SWHC8\"><img loading=\"lazy\" decoding=\"async\" class=\"aligncenter\" title=\"Selimiye\" src=\"http:\/\/lh5.ggpht.com\/_4vEcv6JwYAQ\/S7j_b-FNA0I\/AAAAAAAAGds\/iQZCfC0uHL8\/s128\/sa%20-%20Selimiye%202006.JPG\" alt=\"\" width=\"180\" height=\"120\" \/><\/a><\/td>\n<td style=\"background: transparent url('http:\/\/picasaweb.google.com.tr\/s\/c\/transparent_album_background.gif') no-repeat scroll left center; height: 200px;\" align=\"center\"><\/td>\n<\/tr>\n<tr>\n<td style=\"text-align: center; font-family: arial,sans-serif; font-size: 11px;\">Eski\u00a0 Cami<\/td>\n<td style=\"text-align: center; font-family: arial,sans-serif; font-size: 11px;\">II. Murat Camisi<\/td>\n<td style=\"text-align: center; font-family: arial,sans-serif; font-size: 11px;\">Karaa\u011fa\u00e7<\/td>\n<td style=\"text-align: center; font-family: arial,sans-serif; font-size: 11px;\">Selimiye Camisi<\/td>\n<td style=\"text-align: center; font-family: arial,sans-serif; font-size: 11px;\"><\/td>\n<\/tr>\n<\/tbody>\n<\/table>\n","protected":false},"excerpt":{"rendered":"<p>Edirne Bulgar Kilisesi Burma Minareli Cami Dar\u00fcl \u015eifa Edirne M\u00fczesi Eski\u00a0 Cami II. Murat Camisi Karaa\u011fa\u00e7 Selimiye Camisi<\/p>\n","protected":false},"author":1,"featured_media":6421,"parent":4728,"menu_order":0,"comment_status":"open","ping_status":"open","template":"","meta":{"footnotes":""},"class_list":["post-4796","page","type-page","status-publish","has-post-thumbnail","hentry"],"_links":{"self":[{"href":"https:\/\/xn--adal-oza.net\/index.php?rest_route=\/wp\/v2\/pages\/4796","targetHints":{"allow":["GET"]}}],"collection":[{"href":"https:\/\/xn--adal-oza.net\/index.php?rest_route=\/wp\/v2\/pages"}],"about":[{"href":"https:\/\/xn--adal-oza.net\/index.php?rest_route=\/wp\/v2\/types\/page"}],"author":[{"embeddable":true,"href":"https:\/\/xn--adal-oza.net\/index.php?rest_route=\/wp\/v2\/users\/1"}],"replies":[{"embeddable":true,"href":"https:\/\/xn--adal-oza.net\/index.php?rest_route=%2Fwp%2Fv2%2Fcomments&post=4796"}],"version-history":[{"count":2,"href":"https:\/\/xn--adal-oza.net\/index.php?rest_route=\/wp\/v2\/pages\/4796\/revisions"}],"predecessor-version":[{"id":6415,"href":"https:\/\/xn--adal-oza.net\/index.php?rest_route=\/wp\/v2\/pages\/4796\/revisions\/6415"}],"up":[{"embeddable":true,"href":"https:\/\/xn--adal-oza.net\/index.php?rest_route=\/wp\/v2\/pages\/4728"}],"wp:featuredmedia":[{"embeddable":true,"href":"https:\/\/xn--adal-oza.net\/index.php?rest_route=\/wp\/v2\/media\/6421"}],"wp:attachment":[{"href":"https:\/\/xn--adal-oza.net\/index.php?rest_route=%2Fwp%2Fv2%2Fmedia&parent=4796"}],"curies":[{"name":"wp","href":"https:\/\/api.w.org\/{rel}","templated":true}]}}