{"id":4808,"date":"2018-05-25T17:11:35","date_gmt":"2018-05-25T15:11:35","guid":{"rendered":"https:\/\/xn--adal-oza.net\/?page_id=4808"},"modified":"2023-02-15T22:27:45","modified_gmt":"2023-02-15T20:27:45","slug":"ephesus","status":"publish","type":"page","link":"https:\/\/xn--adal-oza.net\/?page_id=4808&lang=en","title":{"rendered":"Ephesus"},"content":{"rendered":"<table style=\"text-align: center; height: 784px;\" border=\"0\" width=\"626\" cellspacing=\"0\" cellpadding=\"0\">\n<colgroup>\n<col width=\"%25\" \/>\n<col width=\"%25\" \/>\n<col width=\"%25\" \/>\n<col width=\"%25\" \/> <\/colgroup>\n<tbody>\n<tr>\n<td style=\"background: transparent url('http:\/\/picasaweb.google.com.tr\/s\/c\/transparent_album_background.gif') no-repeat scroll left center; height: 200px;\" align=\"center\"><a href=\"https:\/\/photos.app.goo.gl\/synUsKAyF7Gf1KoW8\"><img loading=\"lazy\" decoding=\"async\" class=\"alignnone\" src=\"https:\/\/lh4.googleusercontent.com\/7GBPCB2TeHfW_VGVaii0HQ-lXcmHCXDSl23c8Fm3_Eo=w121-h223-p-no\" alt=\"Foto\u011fraf\" width=\"140\" height=\"180\" \/><\/a><\/td>\n<td style=\"background: transparent url('http:\/\/picasaweb.google.com.tr\/s\/c\/transparent_album_background.gif') no-repeat scroll left center; height: 200px;\" align=\"center\"><a href=\"https:\/\/photos.app.goo.gl\/4znrKyPjinFDKXLJ7\"><img loading=\"lazy\" decoding=\"async\" class=\"aligncenter\" src=\"https:\/\/lh4.googleusercontent.com\/KnibO5iYhNCiz4cv_gjJBeH4GV428CCC0vEFEsviEkA=w300-h199-p-no\" alt=\"Foto\u011fraf\" width=\"180\" height=\"120\" \/><\/a><\/td>\n<td style=\"background: transparent url('http:\/\/picasaweb.google.com.tr\/s\/c\/transparent_album_background.gif') no-repeat scroll left center; height: 200px;\" align=\"center\"><a href=\"https:\/\/photos.app.goo.gl\/X4BQGbdk7bcsZn6FA\"><img loading=\"lazy\" decoding=\"async\" class=\"aligncenter\" src=\"https:\/\/lh3.googleusercontent.com\/-k4-JmyBEm4c\/VJE5WyEPZkE\/AAAAAAAAOhU\/BFzY11cutQE\/w179-h123-p\/Tiyatro\" alt=\"Foto\u011fraf\" width=\"180\" height=\"120\" \/><\/a><\/td>\n<td style=\"background: transparent url('http:\/\/picasaweb.google.com.tr\/s\/c\/transparent_album_background.gif') no-repeat scroll left center; height: 200px;\" align=\"center\"><a href=\"https:\/\/photos.app.goo.gl\/6XwYDyzpCRtr6Vzw6\"><img loading=\"lazy\" decoding=\"async\" class=\"\" src=\"https:\/\/lh3.googleusercontent.com\/pw\/AMWts8Bb3vRjZXqyDHNwpMtKETyGr6tF4uViCG56C6UK7w3atzb0pYCPoOB8KM_D--tR3RbjYIT2GGli53kpDQhTf2DCJt6zY1kXh5j4M04OkdQ82A9pyXImOUrBWnmAoqf_3yJv1aUO1mEiwRDhhi5kAKwYsg=w1327-h883-no?authuser=3\" width=\"170\" height=\"113\" \/><\/a><\/td>\n<\/tr>\n<tr>\n<td style=\"text-align: center; font-family: arial,sans-serif; font-size: 11px;\">Efes (1990)<\/td>\n<td style=\"text-align: center; font-family: arial,sans-serif; font-size: 11px;\">Agora<\/td>\n<td style=\"text-align: center; font-family: arial,sans-serif; font-size: 11px;\">Tiyatro<\/td>\n<td style=\"text-align: center; font-family: arial,sans-serif; font-size: 11px;\">Celsus K\u00fct\u00fcphanesi<\/td>\n<\/tr>\n<tr>\n<td style=\"background: transparent url('http:\/\/picasaweb.google.com.tr\/s\/c\/transparent_album_background.gif') no-repeat scroll left center; height: 200px;\" align=\"center\"><a href=\"https:\/\/photos.app.goo.gl\/uQECnTV7gQ6JXoeM8\"><img loading=\"lazy\" decoding=\"async\" class=\"aligncenter\" src=\"https:\/\/lh6.googleusercontent.com\/-fiqy3gPyLa4\/VJE56fnQV9E\/AAAAAAAAOYM\/00OstpFkWxM\/w179-h123-p\/HadrianusTapNag\" alt=\"Foto\u011fraf\" width=\"180\" height=\"120\" \/><\/a><\/td>\n<td style=\"background: transparent url('http:\/\/picasaweb.google.com.tr\/s\/c\/transparent_album_background.gif') no-repeat scroll left center; height: 200px;\" align=\"center\"><a href=\"https:\/\/photos.app.goo.gl\/h3phNyu6X6fDvQ3e7\"><img loading=\"lazy\" decoding=\"async\" class=\"aligncenter\" src=\"https:\/\/lh5.googleusercontent.com\/ntalu41DebTId18nkcpWl6ZF1UYsnO522yA4gJ2YT64=w299-h199-p-no\" alt=\"Foto\u011fraf\" width=\"180\" height=\"120\" \/><\/a><\/td>\n<td style=\"background: transparent url('http:\/\/picasaweb.google.com.tr\/s\/c\/transparent_album_background.gif') no-repeat scroll left center; height: 200px;\" align=\"center\"><a href=\"https:\/\/photos.app.goo.gl\/1HbajxwycnThgCm49\"><img loading=\"lazy\" decoding=\"async\" class=\"aligncenter\" src=\"https:\/\/lh5.googleusercontent.com\/-ROlirB1hC2Y\/VJE6CpamajE\/AAAAAAAAOYw\/d6znP4iZkUU\/w179-h123-p\/TraianusCesmesi\" alt=\"Foto\u011fraf\" width=\"180\" height=\"120\" \/><\/a><\/td>\n<td><a href=\"https:\/\/photos.app.goo.gl\/wSaqjzdhCKV1oz9s8\"><img loading=\"lazy\" decoding=\"async\" class=\"aligncenter\" src=\"https:\/\/lh4.googleusercontent.com\/-um6HaawNFcQ\/VJE6Fp3JzRE\/AAAAAAAAOZk\/y3X28XThLYU\/w179-h123-p\/HeraklesKapS\" alt=\"Foto\u011fraf\" width=\"180\" height=\"120\" \/><\/a><\/td>\n<\/tr>\n<tr>\n<td style=\"text-align: center; font-family: arial,sans-serif; font-size: 11px;\">Hadrianus Tap\u0131na\u011f\u0131<\/td>\n<td style=\"text-align: center; font-family: arial,sans-serif; font-size: 11px;\">Yama\u00e7 Evler<\/td>\n<td style=\"text-align: center; font-family: arial,sans-serif; font-size: 11px;\">Traianus \u00c7e\u015fmesi<\/td>\n<td style=\"text-align: center; font-family: arial,sans-serif; font-size: 11px;\">Herakles Kap\u0131s\u0131<\/td>\n<\/tr>\n<tr>\n<td><a href=\"https:\/\/photos.app.goo.gl\/42DmeYus7zedTFcv9\"><img loading=\"lazy\" decoding=\"async\" class=\"aligncenter\" src=\"https:\/\/lh6.googleusercontent.com\/-bIV6yhIyllM\/VJE5mPhpa4E\/AAAAAAAAOUQ\/uHyjs_xmGp0\/w179-h123-p\/DomitianusTapNag\" alt=\"Foto\u011fraf\" width=\"180\" height=\"120\" \/><\/a><\/td>\n<td><a href=\"https:\/\/photos.app.goo.gl\/z5TnsPbBbUAzScfK8\"><img loading=\"lazy\" decoding=\"async\" class=\"aligncenter\" src=\"https:\/\/lh6.googleusercontent.com\/C_Zbe0TG-eVHEtAFXJmJ0xy8rik-iuRC4h_5xXIzR4M=w308-h204-p-no\" alt=\"Foto\u011fraf\" width=\"180\" height=\"120\" \/><\/a><\/td>\n<td><a href=\"https:\/\/photos.app.goo.gl\/HX4C65UjRbw9wJHP8\"><img loading=\"lazy\" decoding=\"async\" class=\"aligncenter\" src=\"https:\/\/lh3.googleusercontent.com\/-tT937r8aJkg\/VJE5e_qHsoE\/AAAAAAAAOSY\/4cI6bLkBYSY\/w179-h123-p\/Bouleuterion\" alt=\"Foto\u011fraf\" width=\"180\" height=\"120\" \/><\/a><\/td>\n<td><a href=\"https:\/\/photos.app.goo.gl\/WmdXiRAmiJdt5aTf7\"><img loading=\"lazy\" decoding=\"async\" class=\"aligncenter\" src=\"https:\/\/lh5.googleusercontent.com\/ZKO9hQP_6Oh9uyyNi3dY34j0J8c8uYmqeaiFSoW4ETY=w308-h204-p-no\" alt=\"Foto\u011fraf\" width=\"180\" height=\"120\" \/><\/a><\/td>\n<\/tr>\n<tr>\n<td style=\"text-align: center; font-family: arial,sans-serif; font-size: 11px;\">Domitianus Tap\u0131na\u011f\u0131<\/td>\n<td style=\"text-align: center; font-family: arial,sans-serif; font-size: 11px;\">Prytaneion<\/td>\n<td style=\"text-align: center; font-family: arial,sans-serif; font-size: 11px;\">Bouleuterion<\/td>\n<td style=\"text-align: center; font-family: arial,sans-serif; font-size: 11px;\">Efes Sokaklar\u0131<\/td>\n<\/tr>\n<tr>\n<td><a href=\"https:\/\/photos.app.goo.gl\/ou1pCVDv4axVgcwm6\"><img loading=\"lazy\" decoding=\"async\" class=\"aligncenter\" src=\"https:\/\/lh3.googleusercontent.com\/OxycfNGUugPp8ldRLaJI7mE-mF7UeYYmQzQZan63SrNTzipUJzsFishNPfgp26Df537sWY9zt5UnzFzniI2LJeFaySIjAhWNjN9gQJkEfsUoYatu3CB2720zqsMh3cJlzMby6g-lXcPfxDANMSPacZUnlGfUk921LBXG-iJLKjQ53lPS79UgP9-vT4vMQ6PQILvGqV97cONqXGy5mygfaZADKd6at7uLHWam0fsyQHFxnTfDaAMh2ti2EMbbNr0Tiu1MQ18kTWrqAxj_vOQ5chQ0r6uQ3hhJPaMCufl9Y2VAikKEC7xGv9KXv94XDfAxLXVav16O2YAzdpefJ8vsIbePXrBjFLKOHJph836J2A_Cvio-gfo1P6YAuosZZZrty2B8DtElNDl3SkQfy9dqa9qkBtUqR2YlzSi3jjHukSm1lhFjnXdBv2k_lJdeJt9PvYrctDtoMr_MKzgmxH_YoQ_sQPDLnNwvJLpQDEgRLA3gjRTcfhVVbqVSAmXYeKsGMwmnqVb7GhX0uIvKjkEXS0T070sjVSnrzhJmS--z8_WOhNFiU8MqGdj9wwoel8aIVWrlSZSkz8-SD4H7mlhr1yuYwvYZwqvT9GbS25d2kGisZ7NLa9ZSQphtTA7RkZuliyAM5Y3Uqhtj8AXdgnoJSGOKeHo8r1hDj9pQLZxD3j4r3a2Gvdg9OGg7lS3HNg=w573-h382-no?authuser=1\" width=\"152\" height=\"101\" \/><\/a><\/td>\n<td><a href=\"https:\/\/photos.app.goo.gl\/8UyrKCrXopQ8hpBE6\"><img loading=\"lazy\" decoding=\"async\" class=\"aligncenter\" src=\"https:\/\/lh3.googleusercontent.com\/wRACMwoFa5Nk0-qZ4vjvqPGYsOKeEXPucPTc04tvlbhEjnTj8HzsHlWKaB4z1UkiqS_Od4l4kXpfqiqvFLhh2FjbXFCejnEfm3Zge88EKaqy9V1wnZMisUJGRIYFKIdfBBXRPW3O195-IV3WUT545Gf8ETgw9cqD4VG0oXvUkIGtiZF1K2nR3qd5d2YhM1g-YebFImWmj1RjiudCE9ZASfj6migMpp-lJiYiDgcgV9DjfQ1TZq6RxBATND-kK4oWBwDH_ShQVa1juQYp_eoBb_itrdnhW1yBx3MftGlqh_obEupGy1NiWvgvM9a3WGstDyy-JJewOYVk0RWV9c5GVM7--hq5Uh2xGIvAUaqNfq767W21XjpXe66NXxtM92vm3wAgstTxC_iKIggA_a6rt_2OaRRbsQCVqQNY6a4rh7YYAIY954hyHwNqbmbkIYnaBcKFXe9YgnyRmerQ756jbgTgS-pA9Ns7lyW45WL42TLX98TwWBGRJSMmlRv4PilL8FfV84kVLbM1Vtipak0HRA9MNZwsSv5ApJmyA4WunStyDCKqFMEDUWKvINK-gel7YqO2B2tvL37QbYraIswHgQMqJdkIFK7g_uJm_Eexp3wGSeqaDA8mlnZ8LS8c-WcSxDpQTXIroG3xEPIi4wmgrjiC1Uo1oFXSzONFPQ-a796afYe_o2RDDU8WhtnCfg=w838-h558-no?authuser=1\" width=\"147\" height=\"98\" \/><\/a><\/td>\n<td><\/td>\n<td><\/td>\n<\/tr>\n<tr>\n<td style=\"text-align: center; font-family: arial,sans-serif; font-size: 11px;\">Devlet Odeonu<\/td>\n<td style=\"text-align: center; font-family: arial,sans-serif; font-size: 11px;\">Meryem Ana<\/td>\n<td style=\"text-align: center; font-family: arial,sans-serif; font-size: 11px;\"><\/td>\n<td style=\"text-align: center; font-family: arial,sans-serif; font-size: 11px;\"><\/td>\n<\/tr>\n<\/tbody>\n<\/table>\n","protected":false},"excerpt":{"rendered":"<p>Efes (1990) Agora Tiyatro Celsus K\u00fct\u00fcphanesi Hadrianus Tap\u0131na\u011f\u0131 Yama\u00e7 Evler Traianus \u00c7e\u015fmesi Herakles Kap\u0131s\u0131 Domitianus Tap\u0131na\u011f\u0131 Prytaneion Bouleuterion Efes Sokaklar\u0131 Devlet Odeonu Meryem Ana<\/p>\n","protected":false},"author":1,"featured_media":6417,"parent":4728,"menu_order":0,"comment_status":"open","ping_status":"open","template":"","meta":{"footnotes":""},"class_list":["post-4808","page","type-page","status-publish","has-post-thumbnail","hentry"],"_links":{"self":[{"href":"https:\/\/xn--adal-oza.net\/index.php?rest_route=\/wp\/v2\/pages\/4808","targetHints":{"allow":["GET"]}}],"collection":[{"href":"https:\/\/xn--adal-oza.net\/index.php?rest_route=\/wp\/v2\/pages"}],"about":[{"href":"https:\/\/xn--adal-oza.net\/index.php?rest_route=\/wp\/v2\/types\/page"}],"author":[{"embeddable":true,"href":"https:\/\/xn--adal-oza.net\/index.php?rest_route=\/wp\/v2\/users\/1"}],"replies":[{"embeddable":true,"href":"https:\/\/xn--adal-oza.net\/index.php?rest_route=%2Fwp%2Fv2%2Fcomments&post=4808"}],"version-history":[{"count":6,"href":"https:\/\/xn--adal-oza.net\/index.php?rest_route=\/wp\/v2\/pages\/4808\/revisions"}],"predecessor-version":[{"id":9151,"href":"https:\/\/xn--adal-oza.net\/index.php?rest_route=\/wp\/v2\/pages\/4808\/revisions\/9151"}],"up":[{"embeddable":true,"href":"https:\/\/xn--adal-oza.net\/index.php?rest_route=\/wp\/v2\/pages\/4728"}],"wp:featuredmedia":[{"embeddable":true,"href":"https:\/\/xn--adal-oza.net\/index.php?rest_route=\/wp\/v2\/media\/6417"}],"wp:attachment":[{"href":"https:\/\/xn--adal-oza.net\/index.php?rest_route=%2Fwp%2Fv2%2Fmedia&parent=4808"}],"curies":[{"name":"wp","href":"https:\/\/api.w.org\/{rel}","templated":true}]}}