{"id":4821,"date":"2018-05-25T17:12:49","date_gmt":"2018-05-25T15:12:49","guid":{"rendered":"https:\/\/xn--adal-oza.net\/?page_id=4821"},"modified":"2019-06-24T01:04:35","modified_gmt":"2019-06-23T23:04:35","slug":"goller-bolgesi","status":"publish","type":"page","link":"https:\/\/xn--adal-oza.net\/?page_id=4821&lang=en","title":{"rendered":"Goller Bolgesi"},"content":{"rendered":"<p>&nbsp;<\/p>\n<table style=\"text-align: center;\" border=\"0\" width=\"100%\" cellspacing=\"0\" cellpadding=\"0\">\n<colgroup>\n<col width=\"%25\" \/>\n<col width=\"%25\" \/>\n<col width=\"%25\" \/>\n<col width=\"%25\" \/> <\/colgroup>\n<tbody>\n<tr>\n<td style=\"background: transparent url('http:\/\/picasaweb.google.com.tr\/s\/c\/transparent_album_background.gif') no-repeat scroll left center; height: 200px;\" align=\"center\"><a href=\"https:\/\/goo.gl\/photos\/ANKevgGcUQxT8wacA\"><img loading=\"lazy\" decoding=\"async\" class=\"aligncenter\" title=\"Ada\" src=\"http:\/\/lh5.ggpht.com\/_4vEcv6JwYAQ\/S3A9e-gZYFI\/AAAAAAAACxM\/1srIu0ei48g\/s128\/ab%20-%20Ada%20%2872%29.jpg\" alt=\"\" width=\"180\" height=\"180\" \/><\/a><\/td>\n<td style=\"background: transparent url('http:\/\/picasaweb.google.com.tr\/s\/c\/transparent_album_background.gif') no-repeat scroll left center; height: 200px;\" align=\"center\"><a href=\"https:\/\/goo.gl\/photos\/mhokDSe9XYJeWEnF7\"><img loading=\"lazy\" decoding=\"async\" class=\"aligncenter\" title=\"Adada\" src=\"http:\/\/lh5.ggpht.com\/_4vEcv6JwYAQ\/S3BAnslqUzI\/AAAAAAAADOM\/r8EKO3Yvmlk\/s128\/aa-Adada%20%2808%29.JPG\" alt=\"\" width=\"180\" height=\"135\" \/><\/a><\/td>\n<td style=\"background: transparent url('http:\/\/picasaweb.google.com.tr\/s\/c\/transparent_album_background.gif') no-repeat scroll left center; height: 200px;\" align=\"center\"><a href=\"https:\/\/photos.app.goo.gl\/WUt9CnurBFXMxFat8\"><img loading=\"lazy\" decoding=\"async\" src=\"https:\/\/lh5.googleusercontent.com\/traiX-XsrkbigVoKWo2HBRMeOPA12Po02KaOFDRfiuY=w290-h217-p-no\" alt=\"Foto\u011fraf\" width=\"180\" height=\"120\" \/><\/a><\/td>\n<td style=\"background: transparent url('http:\/\/picasaweb.google.com.tr\/s\/c\/transparent_album_background.gif') no-repeat scroll left center; height: 200px;\" align=\"center\"><a href=\"https:\/\/goo.gl\/photos\/1fS6FK9fGseCwzZP8\"><img loading=\"lazy\" decoding=\"async\" class=\"\" src=\"https:\/\/lh3.googleusercontent.com\/gcDZAdeVi9iPM2tZcJmFmpttgqYYpkJ4NQvYpR7lkdeX60mgqAeiyQeywEOJj-_KfY_FLgAhR6dv4381-KgnhvRZd-LCL-djIj2SprmV9sK5paOFwbS1P8MJmadeXeZqjPbl2C9bg16isgbggFKyx7KsHJu2KWFNVA-UnnI22QY2CvIOkiPkq1k4OretKjoZ-5OBxAMw0kYbAWooEaU3LCdPn5Q-ZckudMUls8SQupXntX5EMHpSQ1FQ0ovrrHOl5CEcaNPYZevOw0DgguP5q2JeO7D9N-cG0rAjhvl3jI5iANV7UEYZk2abUaylE1z7JW_qBIAEeQ-rbOKdnQ14TuGB6FwnihHpZpoFgQpPu10mi07pxs7bNq9XLA5i9UCQusI4oiADn0pZriJTyYQ3tFWINMOMDyt70MT8WndPYPJF1i7ifGoiv67wpfb-PaNtfeqlYHhN9d1sLdUpjpkndZwJ3cfztK52ANxJHFWeNSx94TduanrBBEfl3evAX_oNZmJi48EBNppgQ757EOMprHOPUCtqnFrtTDS8kaJ0N-NzrtdUZgyYUJeAlSREVnZSoSVDy1oYJDRTeaLXllkShfJS9ON6CfoU_df9QKOx4OLCEwLJ9eLDIgJLgMjg_WCy0jpW8Rq0IrZikTzVDK4whrnCQfa-89IwK9iD28a-ybHj9gdA-7vY31VqYPBA15537RMVnE_LSllH-vGyrQM=w1343-h896-no\" width=\"213\" height=\"142\" \/><\/a><\/td>\n<\/tr>\n<tr>\n<td style=\"text-align: center; font-family: arial,sans-serif; font-size: 11px;\">Ada<\/td>\n<td style=\"text-align: center; font-family: arial,sans-serif; font-size: 11px;\">Adada<\/td>\n<td style=\"text-align: center; font-family: arial,sans-serif; font-size: 11px;\">Aksu<\/td>\n<td style=\"text-align: center; font-family: arial,sans-serif; font-size: 11px;\">Atabey<\/td>\n<\/tr>\n<tr>\n<td style=\"background: transparent url('http:\/\/picasaweb.google.com.tr\/s\/c\/transparent_album_background.gif') no-repeat scroll left center; height: 200px;\" align=\"center\"><a href=\"https:\/\/goo.gl\/photos\/pwPDVPTRs85dUK8b9\"><img loading=\"lazy\" decoding=\"async\" class=\"aligncenter\" title=\"Barla\" src=\"http:\/\/lh5.ggpht.com\/_4vEcv6JwYAQ\/S2_00UP4A0I\/AAAAAAAAAjU\/Wm43un4vGWs\/s128\/ba-%20Kilise%20%2808%29.JPG\" alt=\"\" width=\"180\" height=\"120\" \/><\/a><\/td>\n<td style=\"background: transparent url('http:\/\/picasaweb.google.com.tr\/s\/c\/transparent_album_background.gif') no-repeat scroll left center; height: 200px;\" align=\"center\"><a href=\"https:\/\/goo.gl\/photos\/jL4dSJoHPjiRH5bV8\"><img loading=\"lazy\" decoding=\"async\" class=\"aligncenter\" title=\"\u00c7and\u0131r\" src=\"http:\/\/lh5.ggpht.com\/_4vEcv6JwYAQ\/S3A8lAxQY-I\/AAAAAAAACpc\/B57Y1BQqY84\/s128\/ad%20-%20Candir%20%2896%29.jpg\" alt=\"\" width=\"180\" height=\"180\" \/><\/a><\/td>\n<td style=\"background: transparent url('http:\/\/picasaweb.google.com.tr\/s\/c\/transparent_album_background.gif') no-repeat scroll left center; height: 200px;\" align=\"center\"><a href=\"https:\/\/goo.gl\/photos\/1vqCakbScfKyumZCA\"><img loading=\"lazy\" decoding=\"async\" class=\"alignnone\" title=\"E\u011firdir\" src=\"http:\/\/lh4.ggpht.com\/_4vEcv6JwYAQ\/S3A_-4xcVeI\/AAAAAAAADIw\/q5NIOQYXYpY\/s128\/aa%20-%20Egirdir%20%2875%29.jpg\" alt=\"\" width=\"180\" height=\"180\" \/><\/a><\/td>\n<td><a href=\"https:\/\/goo.gl\/photos\/yGANL6qcgkxhA87r8\"><img loading=\"lazy\" decoding=\"async\" class=\"alignnone\" title=\"G\u00f6lc\u00fck\" src=\"http:\/\/lh6.ggpht.com\/_4vEcv6JwYAQ\/S3A82L-pVlI\/AAAAAAAACrQ\/5ixSlMr2_N4\/s128\/ah%20-%20Golcuk%20%2867%29.jpg\" alt=\"\" width=\"180\" height=\"180\" \/><\/a><\/td>\n<\/tr>\n<tr>\n<td style=\"text-align: center; font-family: arial,sans-serif; font-size: 11px;\">Barla<\/td>\n<td style=\"text-align: center; font-family: arial,sans-serif; font-size: 11px;\">\u00c7and\u0131r<\/td>\n<td style=\"text-align: center; font-family: arial,sans-serif; font-size: 11px;\">E\u011firdir<\/td>\n<td style=\"text-align: center; font-family: arial,sans-serif; font-size: 11px;\">G\u00f6lc\u00fck<\/td>\n<\/tr>\n<tr>\n<td><a href=\"https:\/\/goo.gl\/photos\/mK8vUK2uAk3UEQXf9\"><img loading=\"lazy\" decoding=\"async\" class=\"aligncenter\" title=\"Isparta\" src=\"http:\/\/lh3.ggpht.com\/_4vEcv6JwYAQ\/S3AuoIQC80I\/AAAAAAAABk8\/oCP9SMzSdBo\/s128\/id%20-%20Isparta%20%2805%29.JPG\" alt=\"\" width=\"180\" height=\"120\" \/><\/a><\/td>\n<td><a href=\"https:\/\/photos.app.goo.gl\/GFyoWPdTefwZkMcVA\"><img loading=\"lazy\" decoding=\"async\" class=\"aligncenter\" title=\"Kovada\" src=\"https:\/\/lh4.googleusercontent.com\/-kVOvb8Mgmjg\/S3A8GjcGurE\/AAAAAAAAJB0\/e3O0H_D5P4A\/s272-c\/Kovada\" alt=\"\" width=\"180\" height=\"180\" \/><\/a><\/td>\n<td><a href=\"https:\/\/photos.app.goo.gl\/bsbuamSSoPeEJh7n8\"><img loading=\"lazy\" decoding=\"async\" src=\"https:\/\/lh4.googleusercontent.com\/-nkvfMNmwRVM\/S3ASj6DlINE\/AAAAAAAAEK0\/ReFd8GsTcmk\/w205-h142-p\/IspartaMuzesi\" alt=\"Foto\u011fraf\" width=\"180\" height=\"120\" \/><\/a><\/td>\n<td><a href=\"https:\/\/goo.gl\/photos\/h5Y5peY1VzNFiJ986\"><img loading=\"lazy\" decoding=\"async\" class=\"alignnone\" title=\"K\u0131z\u0131l Da\u011f\" src=\"http:\/\/lh5.ggpht.com\/_4vEcv6JwYAQ\/S2_pdwAazEI\/AAAAAAAAAJc\/f5XaC4_Syxw\/s128\/bn-%20Gun%20ici%20%2809%29.JPG\" alt=\"\" width=\"180\" height=\"120\" \/><\/a><\/td>\n<\/tr>\n<tr>\n<td style=\"text-align: center; font-family: arial,sans-serif; font-size: 11px;\">Isparta<\/td>\n<td style=\"text-align: center; font-family: arial,sans-serif; font-size: 11px;\">Kovada<\/td>\n<td style=\"text-align: center; font-family: arial,sans-serif; font-size: 11px;\">Isparta M\u00fczesi<\/td>\n<td style=\"text-align: center; font-family: arial,sans-serif; font-size: 11px;\">K\u0131z\u0131l Da\u011f (\u015earkikaraa\u011fa\u00e7)<\/td>\n<\/tr>\n<tr>\n<td><a href=\"https:\/\/goo.gl\/photos\/VTJaBRhK5RriSjgJA\"><img loading=\"lazy\" decoding=\"async\" class=\"alignnone\" title=\"S\u00fct\u00e7\u00fcler\" src=\"http:\/\/lh6.ggpht.com\/_4vEcv6JwYAQ\/S3AO9Oh5rpI\/AAAAAAAAAq0\/B488srsktq4\/s128\/sa-Seferaga%20Camisi%20%2808%29.JPG\" alt=\"\" width=\"180\" height=\"120\" \/><\/a><\/td>\n<td><a href=\"https:\/\/goo.gl\/photos\/GAXDbZ8jo32qdhGd8\"><img loading=\"lazy\" decoding=\"async\" class=\"alignnone\" title=\"Uluborlu\" src=\"http:\/\/lh6.ggpht.com\/_4vEcv6JwYAQ\/S2_0IfBRAWI\/AAAAAAAAAhA\/5uhPg7FpotE\/s128\/ka-Uluborlu%20Kalesi%20%2808%29.JPG\" alt=\"\" width=\"180\" height=\"120\" \/><\/a><\/td>\n<td><a href=\"https:\/\/photos.app.goo.gl\/QVDfLrbM1jupT8Zs6\"><img loading=\"lazy\" decoding=\"async\" src=\"https:\/\/lh3.googleusercontent.com\/UEGbQGbj7K60_l_EBlj63NAaBg1NTc-XwR1236Z6MOs=w315-h209-p-no\" alt=\"Foto\u011fraf\" width=\"180\" height=\"120\" \/><\/a><\/td>\n<td><a href=\"https:\/\/photos.app.goo.gl\/KbxCoZc6zz8bMiPx7\"><img loading=\"lazy\" decoding=\"async\" class=\"\" src=\"https:\/\/lh3.googleusercontent.com\/gSz5x8ci0lbS4mc91UaKAc8E9a9CDE-XW3AALHg3DmXfwUmTkszaWi_yITT2fZranA2K4y1NK7huqxx0JmAL8EmRiQp9RHcswvD0QtVBisyiSUaMr-F0Lu4jnD5WdsbMsn0FB_6MiGnM4VVzxUxQxQSMBy0xcbn_rnw3s8ck90OdujSyk--1YJJaODVntxsPqiPmIOHtIfNanSv3ur5SqFckRsKHIyIvt6aQoxBcchqDLTCSkmKec8TcPQXPukB7GMbvkV3IgXjDVwzQ3UfFCI8Jz1ZkwOWENLSFTHxNs2XIPZjy-3dE1jIPa2_XbplBgo1ThLQ5R5AcK5y2Rmc-N-Fhv2HTUzjI3KR06KXKBWpMG1Zn-6Nl6FuDxXuVqhcUP8mX-UMEVKp2dA2Y2T99LamisZrxihogAOPWBOBNylsBYU-KTKzKELwQxoOGI5pSDeQ3TSyxNXCHVyd2PklYm8zepC-JGhPpCFf4psd7o_rOYUG-DFQ052oY0hDv5l2IQGnFK-K8XvDIfa7X3SasAZlOqgO_4NO9GbBgzfm-Q0adHWZH9Nq7K-yVEPJ8buXYBCC54NqHx3G3Ce_dkjMPjHCuzgl5JEk5E1XoPwOVUeryb6HtGtgD50jQ7k7u-kzoc5YBEePaNvgpZMfhrudimZx6kT-Ssg3MWi6JTwnvcJvXiit5H3m_HTxzzXMwPZGbCW8UBrN8rhcZeLDaHRs=w1091-h896-no\" width=\"158\" height=\"130\" \/><\/a><\/td>\n<\/tr>\n<tr>\n<td style=\"text-align: center; font-family: arial,sans-serif; font-size: 11px;\">S\u00fct\u00e7\u00fcler<\/td>\n<td style=\"text-align: center; font-family: arial,sans-serif; font-size: 11px;\">Uluborlu<\/td>\n<td style=\"text-align: center; font-family: arial,sans-serif; font-size: 11px;\">Ye\u015filk\u00f6y<\/td>\n<td style=\"text-align: center; font-family: arial,sans-serif; font-size: 11px;\">Yeni\u015far Bademli<\/td>\n<\/tr>\n<tr>\n<td><a href=\"https:\/\/photos.app.goo.gl\/eRSYfuV4bdMsKYZE8\"><img loading=\"lazy\" decoding=\"async\" src=\"https:\/\/lh6.googleusercontent.com\/-GcPOUWHnNqw\/S3A84p_sDyE\/AAAAAAAAL50\/LCN3neKcqHE\/w205-h142-p\/Yalvac\" alt=\"Foto\u011fraf\" width=\"180\" height=\"120\" \/><\/a><\/td>\n<td><a href=\"https:\/\/photos.app.goo.gl\/C374M9ytdXkR7wwT9\"><img loading=\"lazy\" decoding=\"async\" src=\"https:\/\/lh5.googleusercontent.com\/-9aWQdrKMf6w\/U_oh_RpaZZE\/AAAAAAAAL20\/sYFDDyBMUhc\/w205-h142-p\/YalvacMuzesi\" alt=\"Foto\u011fraf\" width=\"180\" height=\"120\" \/><\/a><\/td>\n<td><a href=\"https:\/\/photos.app.goo.gl\/S1jsJBssYGLhxF2W9\"><img loading=\"lazy\" decoding=\"async\" src=\"https:\/\/lh3.googleusercontent.com\/Uhnskck-sdJ1hknK2JEDTxS8_LowNkdUC86tSJxRRcE=w311-h207-p-no\" alt=\"Foto\u011fraf\" width=\"180\" height=\"120\" \/><\/a><\/td>\n<td><a href=\"https:\/\/photos.app.goo.gl\/tQRfwtvkqW5QG1DKA\"><img loading=\"lazy\" decoding=\"async\" src=\"https:\/\/lh4.googleusercontent.com\/PAjHksBEu1S8FTp-csqdFajwy95YMGImgm7vMDe3rRw=w270-h202-p-no\" alt=\"Foto\u011fraf\" width=\"180\" height=\"120\" \/><\/a><\/td>\n<\/tr>\n<tr>\n<td style=\"text-align: center; font-family: arial,sans-serif; font-size: 11px;\">Yalva\u00e7 (Psidia Antioch)<\/td>\n<td style=\"text-align: center; font-family: arial,sans-serif; font-size: 11px;\">Yalva\u00e7 M\u00fczesi<\/td>\n<td style=\"text-align: center; font-family: arial,sans-serif; font-size: 11px;\">Sagalassos<\/td>\n<td style=\"text-align: center; font-family: arial,sans-serif; font-size: 11px;\">Eski Ev<\/td>\n<\/tr>\n<tr>\n<td><a href=\"https:\/\/goo.gl\/photos\/C69mNdCiyvF9FCbx8\"><img loading=\"lazy\" decoding=\"async\" class=\"\" src=\"https:\/\/lh3.googleusercontent.com\/repa1ut-1CjpdGCTCcGUfRcPmhVKRfykrVnTB2BoL49ROg8fnpxQVBgiHlOGtiF3vrlLQFBAEjHXr-V14JyP61giI_JpY8q2GxmmuKTFKA97gqXGXeeLdA0YCFIpsFQAPNRQztNmyoJMKqL6lbwzr7Vzbr-u6AmOrW16DAjZ0bc3W9glwNNaOQVxETiH1dTA_DjnomTwyMBYLgFwvdJCBLKGBAqDXqKu1yRG_v47oTA5xkArmG9KIFGLhxPpJqXzJjw50nP5WpA032M-G0y_bqcQlNZUstvf8Yy9QZ615mi3r40EUKTtIsOz9TKfbPnwGByR4u26YqJlpcb3nYY8PAqpUNLxhG_vuClHvD74XzG7u3UYEdmzpLat4PmnM4_vE65isiohOtrIv3sw41rhq2UDcwNp5O7L3ny2N8MO3eDNZb4m6mlFb7k2jj08VCo1oRSg2RFuYI4kjh9JnU26oRdo92seOa9cCO7gaM3160JnYkFWib5LBTQc8y3Q4MpSWqoxn5NFfkhxk9Z9Um6k_1vRPl8ROCEuvNC65Vp8VkFzeE61Ujb9Wr2OJBUuj3IE62n3ogCCgVNF7TTfI2cY7GyD49ZrBu5lXRHs6hIS7y5MwJ3vl4kQ4orswaVRFZfSdXTC9-XpvHelcejG-aZLHJYSq0708R4Oq3Qh_yhcqzmrHIeDT4qtiPLXOmhvCJioN73gy_mYyZ39bhQLGtz5lzlZjw=w1200-h801-no\" width=\"189\" height=\"126\" \/><\/a><\/td>\n<td><\/td>\n<td><\/td>\n<td><\/td>\n<\/tr>\n<tr>\n<td style=\"text-align: center; font-family: arial,sans-serif; font-size: 11px;\">Koyucak Lavanta Bah\u00e7eleri<\/td>\n<td style=\"text-align: center; font-family: arial,sans-serif; font-size: 11px;\"><\/td>\n<td style=\"text-align: center; font-family: arial,sans-serif; font-size: 11px;\"><\/td>\n<td style=\"text-align: center; font-family: arial,sans-serif; font-size: 11px;\"><\/td>\n<\/tr>\n<\/tbody>\n<\/table>\n","protected":false},"excerpt":{"rendered":"<p>&nbsp; Ada Adada Aksu Atabey Barla \u00c7and\u0131r E\u011firdir G\u00f6lc\u00fck Isparta Kovada Isparta M\u00fczesi K\u0131z\u0131l Da\u011f (\u015earkikaraa\u011fa\u00e7) S\u00fct\u00e7\u00fcler Uluborlu Ye\u015filk\u00f6y Yeni\u015far Bademli Yalva\u00e7 (Psidia Antioch) Yalva\u00e7 M\u00fczesi Sagalassos Eski Ev Koyucak Lavanta Bah\u00e7eleri<\/p>\n","protected":false},"author":1,"featured_media":6448,"parent":4728,"menu_order":0,"comment_status":"open","ping_status":"open","template":"","meta":{"footnotes":""},"class_list":["post-4821","page","type-page","status-publish","has-post-thumbnail","hentry"],"_links":{"self":[{"href":"https:\/\/xn--adal-oza.net\/index.php?rest_route=\/wp\/v2\/pages\/4821","targetHints":{"allow":["GET"]}}],"collection":[{"href":"https:\/\/xn--adal-oza.net\/index.php?rest_route=\/wp\/v2\/pages"}],"about":[{"href":"https:\/\/xn--adal-oza.net\/index.php?rest_route=\/wp\/v2\/types\/page"}],"author":[{"embeddable":true,"href":"https:\/\/xn--adal-oza.net\/index.php?rest_route=\/wp\/v2\/users\/1"}],"replies":[{"embeddable":true,"href":"https:\/\/xn--adal-oza.net\/index.php?rest_route=%2Fwp%2Fv2%2Fcomments&post=4821"}],"version-history":[{"count":6,"href":"https:\/\/xn--adal-oza.net\/index.php?rest_route=\/wp\/v2\/pages\/4821\/revisions"}],"predecessor-version":[{"id":7820,"href":"https:\/\/xn--adal-oza.net\/index.php?rest_route=\/wp\/v2\/pages\/4821\/revisions\/7820"}],"up":[{"embeddable":true,"href":"https:\/\/xn--adal-oza.net\/index.php?rest_route=\/wp\/v2\/pages\/4728"}],"wp:featuredmedia":[{"embeddable":true,"href":"https:\/\/xn--adal-oza.net\/index.php?rest_route=\/wp\/v2\/media\/6448"}],"wp:attachment":[{"href":"https:\/\/xn--adal-oza.net\/index.php?rest_route=%2Fwp%2Fv2%2Fmedia&parent=4821"}],"curies":[{"name":"wp","href":"https:\/\/api.w.org\/{rel}","templated":true}]}}