{"id":4834,"date":"2018-05-25T17:13:52","date_gmt":"2018-05-25T15:13:52","guid":{"rendered":"https:\/\/xn--adal-oza.net\/?page_id=4834"},"modified":"2018-06-13T18:59:14","modified_gmt":"2018-06-13T16:59:14","slug":"igdir","status":"publish","type":"page","link":"https:\/\/xn--adal-oza.net\/?page_id=4834&lang=en","title":{"rendered":"Igdir"},"content":{"rendered":"<table style=\"text-align: center;\" border=\"0\" width=\"100%\" cellspacing=\"0\" cellpadding=\"0\">\n<colgroup>\n<col width=\"%33\" \/>\n<col width=\"%33\" \/>\n<col width=\"%33\" \/> <\/colgroup>\n<tbody>\n<tr>\n<td style=\"background: transparent url('http:\/\/picasaweb.google.com.tr\/s\/c\/transparent_album_background.gif') no-repeat scroll left center; height: 200px;\" align=\"center\"><a href=\"https:\/\/goo.gl\/photos\/Yuj4W6q8wMQZMbzf8\"><img loading=\"lazy\" decoding=\"async\" src=\"https:\/\/lh3.googleusercontent.com\/oARbSLjr0wIklvWvBqdT_FndkccdAf91T-SiLKLnv9V2TQmvjke9Qjgf_swE4CMkVldbV4Hqsb7MTKPPj4gebTp54a8mtKrOUBaAJF16lAHKaxADUDW3ciMV4jE4hVOO9iAZR8765ajbbe8AN_ChopAF2-paZ3k8yWozu6haSxAa5ikXxh5uv4tFhCTeWUUgcwRSAbUJ73RA74wxBCmaeI1Ur_JWGAUDoQnhaYEeMg0-wo0vmQRV4iDLcxts3IEfF7LItmlnC086trGWTchtccwmIRh2NY4nGnnl6OsM3YTI-EWaXVVHb766wJfLlzfxQIbgDjftsWjdE2A8Chbi3fk3eZIonQGZQUD55Rc5SaVxmA9pnCwrl3mlpWw4BM81WCpHqCasd8A8hvo-1Q9A-KvltWwVMCVe-ZDmQJYLRXv4FrOBwol4S9Hi29jNvwHOgtjv2oGfLGJu5ydrbYIBhajxWA1IrBT7rx2ZpjSQGPgZHe3pxWLoq7aT2ztdHk6XGljg3XT0DCq7SS2vkIXX-D4m=w1141-h761-no\" alt=\"\" width=\"180\" height=\"120\" \/><\/a><\/td>\n<td style=\"background: transparent url('http:\/\/picasaweb.google.com.tr\/s\/c\/transparent_album_background.gif') no-repeat scroll left center; height: 200px;\" align=\"center\"><a href=\"https:\/\/goo.gl\/photos\/XYg38T75g2ShV2vs9\"><img loading=\"lazy\" decoding=\"async\" src=\"https:\/\/lh3.googleusercontent.com\/XpC7fnaK701olZm79e7txXCNYjNBeHEkGlnLWXQmDcCgjeNQTUwC7sgWRZA5Cqem9lCaE0FRi5vHuK7GIW2TdugOiR7BAAITqXpn6D2y1FTWSimShpoXaannl1pFdOKfx51uvyRPlYOlBtMVQb4MqIv6i1L938eF_kI1Yrwj0x6cyqIe2SyEi6PfyQG7blMtA7mEvWUn8nmNpq17vz4wk7BiahaAMxkYoUAHi4-ylm7moTUO8ZLSWfWj_HzmrhDFvDwYVKyIiB5AkUOw0roOmV2VjIcJZYJ22snvv9hPhVwofGke5_daEGOsGggXkRK3hJd9La6bhP7-BmBDrDHh5JlKBxUuJMWlHOEFjWiALaXpYpa2hGDvCXDNUoRSW1xwj8EBk3Exo1k72qfjM8C9jtENz1xNIp15f7kgpPluy-EBf14bc0w0O19JOyR48tq_c4jNE7lXHHp6bKpXXTm5PefHjztuvcqLjwUIm8T1oxg3b9ARwEGqi7URN3hpqD7ObcBIDDSxIkmSv5QMcdJido_q=w1141-h761-no\" alt=\"\" width=\"180\" height=\"120\" \/><\/a><\/td>\n<\/tr>\n<tr>\n<td style=\"text-align: center; font-family: arial,sans-serif; font-size: 11px;\">Dilucu &#8211; Nevcihan Kap\u0131s\u0131<\/td>\n<td style=\"text-align: center; font-family: arial,sans-serif; font-size: 11px;\">S\u00fcreyya \u00c7e\u015fmesi &#8211; \u0130ran S\u0131n\u0131r\u0131<\/td>\n<\/tr>\n<\/tbody>\n<\/table>\n","protected":false},"excerpt":{"rendered":"<p>Dilucu &#8211; Nevcihan Kap\u0131s\u0131 S\u00fcreyya \u00c7e\u015fmesi &#8211; \u0130ran S\u0131n\u0131r\u0131<\/p>\n","protected":false},"author":1,"featured_media":6466,"parent":4728,"menu_order":0,"comment_status":"open","ping_status":"open","template":"","meta":{"footnotes":""},"class_list":["post-4834","page","type-page","status-publish","has-post-thumbnail","hentry"],"_links":{"self":[{"href":"https:\/\/xn--adal-oza.net\/index.php?rest_route=\/wp\/v2\/pages\/4834","targetHints":{"allow":["GET"]}}],"collection":[{"href":"https:\/\/xn--adal-oza.net\/index.php?rest_route=\/wp\/v2\/pages"}],"about":[{"href":"https:\/\/xn--adal-oza.net\/index.php?rest_route=\/wp\/v2\/types\/page"}],"author":[{"embeddable":true,"href":"https:\/\/xn--adal-oza.net\/index.php?rest_route=\/wp\/v2\/users\/1"}],"replies":[{"embeddable":true,"href":"https:\/\/xn--adal-oza.net\/index.php?rest_route=%2Fwp%2Fv2%2Fcomments&post=4834"}],"version-history":[{"count":2,"href":"https:\/\/xn--adal-oza.net\/index.php?rest_route=\/wp\/v2\/pages\/4834\/revisions"}],"predecessor-version":[{"id":6467,"href":"https:\/\/xn--adal-oza.net\/index.php?rest_route=\/wp\/v2\/pages\/4834\/revisions\/6467"}],"up":[{"embeddable":true,"href":"https:\/\/xn--adal-oza.net\/index.php?rest_route=\/wp\/v2\/pages\/4728"}],"wp:featuredmedia":[{"embeddable":true,"href":"https:\/\/xn--adal-oza.net\/index.php?rest_route=\/wp\/v2\/media\/6466"}],"wp:attachment":[{"href":"https:\/\/xn--adal-oza.net\/index.php?rest_route=%2Fwp%2Fv2%2Fmedia&parent=4834"}],"curies":[{"name":"wp","href":"https:\/\/api.w.org\/{rel}","templated":true}]}}