{"id":4841,"date":"2018-05-25T17:14:49","date_gmt":"2018-05-25T15:14:49","guid":{"rendered":"https:\/\/xn--adal-oza.net\/?page_id=4841"},"modified":"2018-06-13T19:10:26","modified_gmt":"2018-06-13T17:10:26","slug":"kars","status":"publish","type":"page","link":"https:\/\/xn--adal-oza.net\/?page_id=4841&lang=en","title":{"rendered":"Kars"},"content":{"rendered":"<table style=\"text-align: center;\" border=\"0\" width=\"100%\" cellspacing=\"0\" cellpadding=\"0\">\n<colgroup>\n<col width=\"%20\" \/>\n<col width=\"%20\" \/>\n<col width=\"%20\" \/>\n<col width=\"%20\" \/>\n<col width=\"%20\" \/><\/colgroup>\n<tbody>\n<tr>\n<td style=\"background: transparent url('http:\/\/picasaweb.google.com.tr\/s\/c\/transparent_album_background.gif') no-repeat scroll left center; height: 200px;\" align=\"center\"><a href=\"https:\/\/goo.gl\/photos\/JgdpkGbmswfn2i8E9\"><img loading=\"lazy\" decoding=\"async\" src=\"https:\/\/lh3.googleusercontent.com\/fdLvXLUUzkjLe6grXo5hF9J6EYdhuMQ-FGUJFonsUAw_JpcBF8vlCwYAt8JhbJT1qjR-Kr7rKc1nUVr4dlA16hxsvcDivBq3a7d3IxISlkXxVMkryI3440l2uB9Kqj5jeR_JHxsU0sxl6Q2Ak-5Z_nNPDohvcsOYfLt0ORRxQ2LsR76k1ZJk6q44uakfUB7x3pOOQPRmiVRgOHVDXe9BLKAs6iRwTAsR-WEnd8CMQa4MWiGMtpW6jXyK3YbU5K1EwaT80-dm0y4BD-3K2N-FY8EoFVBKxFCkJFrnTeF6NMlEY9F_N-zpzVbyzdqcqR2xFDdO-sm9hpFdzro5mXn4Qv_JkeMDv7z6SV7OcVynFc5CK_vhhNHIy-Ub9A7-ZGD8gSpwz3h1FkQOjrfkxYYZeCZDHOkX0mo2OtYR1IosEZZoohmAN66gu6-pnBxpyJMy-Exp9FqJWq9l07o6Q_AHUw8owoX31iH2kIOhMdZmKDzJz4PZ1FxWqj5IpWbidzyxSckEA7yy9TxsxLMmvNul2ZO3=w1141-h761-no\" alt=\"\" width=\"180\" height=\"120\" \/><\/a><\/td>\n<td style=\"background: transparent url('http:\/\/picasaweb.google.com.tr\/s\/c\/transparent_album_background.gif') no-repeat scroll left center; height: 200px;\" align=\"center\"><a href=\"https:\/\/goo.gl\/photos\/nsx51e5pMyhtYxfG6\"><img loading=\"lazy\" decoding=\"async\" src=\"https:\/\/lh3.googleusercontent.com\/ZPZ75EUL_JQZch8hxKsJZdAarnJYiP4cXDDD9K9Rja3iVmE0ZtLD4Cctemr_dKx54h0bcbPWbxa1AJYBw4exiYZHZZf0GhWfg4uuGglZ3DbEYB3ILEGAMAdgaq09Qxmt1sYdPSUf3zls74GcbHCCdxWa2ChtW7-A72Ev56iLgLqQUA1zqYTZwZWUavmPh8ZG4rtquIuhfoISge9Csi7eez9XKNi3QWsBhsNJweOXp8OYioiPkfeuhuH9lWe_KWND7u4cfQxaDdzu1P13tK68swzySCmNE3mGOlrizJbuNOC_1QZSjgXp6BmdZtd6fWITmgh7MkUhWFI9B1OCYW1_NDtKDMj7xVeQzt8NAp3T4KIxXJG1jXR3nk6bRHKPKfmbmNB91Wo3jTzmM-8KRz2ht-T3MN9o4PK99uJ8zkBlnynZO776UXdzBBOY4hM1f81x_NH-VZLieFMb7xRWNhj_MlHIar6OfIxm4vnhipCD5YKTTjQMxzLnAWwhnEaD-cVbpD4jZCVh72-pvKW98syQdleZ=w1141-h761-no\" alt=\"\" width=\"180\" height=\"120\" \/><\/a><\/td>\n<td style=\"background: transparent url('http:\/\/picasaweb.google.com.tr\/s\/c\/transparent_album_background.gif') no-repeat scroll left center; height: 200px;\" align=\"center\"><a href=\"https:\/\/goo.gl\/photos\/3DcFA5sXwKHR5kdbA\"><img loading=\"lazy\" decoding=\"async\" src=\"https:\/\/lh3.googleusercontent.com\/sAbtRxsUVzLBbNUicl0epGnPJZ_fyI5PjAEObdVT0mQbDuqD2dZWs8rQoGUQyIFULjetpbvfvJN7Uidwc1EfZ9pTPFSAy-jfl5tzzmijRpJPrvjJ-SD6LHR2QA7xnzPfNjjMOlwXyiV-dsJBnYD0hpsT4wj3CWe-bjwJMpjJhA2miZ4iUWuWeHcz0UOkQC-nkuLLj4UO8eQmc_3NG6G2yvS4dD_zx4m0M01thJLn3u4GqrlUPr_246R2-2U9CvMDUY4jDj-c3B6YAFifXerUXiWjqtPSP1hPdB2hAGj-tbGYaMOGiYCZYfgzU_Jvm7kUn5akrayV4WsLPGS3Xbxv1imqZNuzoqeEUmS4F2mSXE-0-WR0LHdlyMDtwlrLrZP2aKI8n4xmQiuJYxvu05k7cCLzeyMdFUwDGp9fGNQD14v_DLjOlsIBDgZ1pa-WN3sxFmcI9jGPG5DvzK_cZYdyYXzX2ASs6XRr56d6dZvj8of7F9H3qJ0yTANmE-cIO-HVtAMGzlKLnVJccMPJxMUnoBjV=w1141-h761-no\" alt=\"\" width=\"180\" height=\"120\" \/><\/a><\/td>\n<td style=\"background: transparent url('http:\/\/picasaweb.google.com.tr\/s\/c\/transparent_album_background.gif') no-repeat scroll left center; height: 200px;\" align=\"center\"><a href=\"https:\/\/goo.gl\/photos\/u8YDM7cKKSCpq7ZG8\"><img loading=\"lazy\" decoding=\"async\" src=\"https:\/\/lh3.googleusercontent.com\/gB6r7dJgNer5c2qF6NZ-O7JSlnq-4rkAVWr2DgfDxjgmLnHm6ERXp1oA2hsP-WBBafXFpt4dEnlXt06BOzc1vzTRSLnIpe-cvoFB0i6IK5A-IKGG3x45R8F4kmmH5ZJmIosj_H9zp16x4ZN6t7BSQw-rVepludNsRaIXHyBuOtizHp-saOnwbBWnau85g3K1_vupDdtO5Sbdl1XQM1Zyxn0wrHUYs9gldEPlyy4MRttjjCFoXFPXZUF1nQPY3vSl0spDjub5aHvVcrBpIfQxOQpFnH8F24Aij2XE4lpedoUbb5yM4TP8S150-U1e6X_nnG6spgQZdc4ZwG4Qk5DFbK4r9xI4eJvQt0py2UwrutwtaRPjRphX9qrzzFtICoJ1HRFAqCdwbBiIXCUoW6hq3MKCPYWA5MBkhV5gZxXZweqO5QfM22SQXL_7UtJC8PoRwLU3v-w7hP_neTpPk5qL1bvZZe84YoHwDn2ZRoDGMxmtROfnNHes4xCNfdT-bsAQODxEC4zTkr2egkc9v2haf5Tu=w508-h761-no\" alt=\"\" width=\"180\" height=\"120\" \/><\/a><\/td>\n<td style=\"background: transparent url('http:\/\/picasaweb.google.com.tr\/s\/c\/transparent_album_background.gif') no-repeat scroll left center; height: 200px;\" align=\"center\"><a href=\"https:\/\/goo.gl\/photos\/1eizNoZx72VTW2vf9\"><img loading=\"lazy\" decoding=\"async\" src=\"https:\/\/lh3.googleusercontent.com\/M3NF2j_pWV97js6xdsqqm2CJU5Zd4SB2iIOPMAsfKH1Rmnc9hNRQ7SeBrFxVMTmVk4YlNwmB4mwgRZUS8w77U81-Bx5X65oTnZtuWxD2kzPxvrmho20wZVPG9gEqacm6LHAvWvBU3pqJh0_MJBrClcUADrEDQm3A1Z-WdPosyzo1YWyo73jbZqRO_l_wENGlCzTEtNRqWF3t8P5dEuMzHMWXgHdHlLjBuilVDO1DRBLqVJIjwQDEuw36b_IYugR1rUY_8ko_iHs9Is2QCC3TEBSzdV_yNV9T78_yNg-bISWwj_Vx7yGa_SQQ-Dniy0e53IwOohvP4bNUdvvBOFQDuAyJ6eg4hy7qk2YYmoVM-5zGr3_HOHwZ1kYnq3ZiNqRpEKJYPagQP-fTo9Hdyj-MRzI8Hjt5H5DOUTtTColoBK85igAPjHHghMcQSsrP9UFUjRKW7qcIgkizB7yAaGGRTE7CmTIkrppAZXo9OmYupgM-zqCKQsHmGes50LPyO05VsZAqFpwR9bo2NkjOI9WUa1Iw=w1141-h761-no\" alt=\"\" width=\"180\" height=\"120\" \/><\/a><\/td>\n<\/tr>\n<tr>\n<td style=\"text-align: center; font-family: arial,sans-serif; font-size: 11px;\">Kars<\/td>\n<td style=\"text-align: center; font-family: arial,sans-serif; font-size: 11px;\">Kars Kalesi<\/td>\n<td style=\"text-align: center; font-family: arial,sans-serif; font-size: 11px;\">Evliya Camisi<\/td>\n<td style=\"text-align: center; font-family: arial,sans-serif; font-size: 11px;\">Fethiye Camisi<\/td>\n<td style=\"text-align: center; font-family: arial,sans-serif; font-size: 11px;\">Ani Harabeleri<\/td>\n<\/tr>\n<tr>\n<td style=\"background: transparent url('http:\/\/picasaweb.google.com.tr\/s\/c\/transparent_album_background.gif') no-repeat scroll left center; height: 200px;\" align=\"center\"><a href=\"https:\/\/goo.gl\/photos\/qwtSBz9xSZuuGwbT7\"><img loading=\"lazy\" decoding=\"async\" src=\"https:\/\/lh3.googleusercontent.com\/X-yCJq3cSSd3DMusqX4uBgOQtFaC46HanGWVOAtjOyVNhU6FedlCmLQRb6SNiaJdWHNaea6o8I1KcWzHEBP1f-ER96V2Opqfuo8X8tsUcgXDISKhkK7Y-Bbgqpu-H-bUu6yfTmqDowYZVZkGB4AdFxPwp3XqYYr09si7DnsEUGAalV0WvcMjBc0tlfYbPgq8FtB-5nGYye7j32yChCLg1t8__OZsI4UHcgjqDMtcr0ZlqiJYJV0ZaCMJZHmMhfd1X_wnhPfzSCIHs8_Ih9tI8F7Zj23iIDq1aIqqg49Bv9Ixo1e3dHC_2pd0dRTSqDScOnWpXOD-4ItUUfK8jk-FJ81QbZSnRSPM74BLzH5Ie5NuEnwwNpIGbsNyrEF5RIdkB1hRUkypOwWnjMuJ_MuqSxsVXT0sHoHk4USr_CwCIhUtFamvTqsqqvfcPkGuNpi7jpD4l1-B3Ljxw4adGnKvt_SwHqlXLf9L3XxfvlPq1xxGTKYiq61gPChiXvpciajWbfFOW5-Wl371xVNxl8lIUNY-=w1141-h761-no\" alt=\"\" width=\"180\" height=\"120\" \/><\/a><\/td>\n<td style=\"background: transparent url('http:\/\/picasaweb.google.com.tr\/s\/c\/transparent_album_background.gif') no-repeat scroll left center; height: 200px;\" align=\"center\"><a href=\"https:\/\/goo.gl\/photos\/3NELTEGMEKCHTQcTA\"><img loading=\"lazy\" decoding=\"async\" src=\"https:\/\/lh3.googleusercontent.com\/FjCpKowoe_r9lQml0PuCb1ar57kZCbOW1xnA8adeHIg4OrA7eQhg4HUQjtV5RDYRYMsraJxBg6UMSAamjx5qe_6JSchS1HtWNLrZrYdhaep_itp5bb9Mai7jSp7708GbwVnNtdIGX7RxsOjxobHph_EYY_gba6ssXLgdy0Gjq638vwMKyKKp033DCmwTIvCtdA8IFXLnEmmmDOmtiLg8AimuVfvdimOgdD6nyfLWj7XivzyA5bp2_f8NO0SCHOoTUAJamTn_Tcwri9Y7ech82JL5Ij7Xv6rN57wZRUObfx1NwRXvj6eXS_N2MyISK3ePGGjSxqM-DdYlPUfv6828EJnElqM2NTQM01lJil-6e0rIDTmLdIgNdQRoCzx90NBvHQZaE6WywmKvaaFzsDOV93TvnEwh2TBOyq40ww8miWF6zd9IzDFNtxUOnZm69CxqCH3QvD3LgFwFM_fj2t9Gpm6gEtsGQVGCKj2LTj3O38VRBy3UEjS0H2RiGGBbShgMPdlVOoV_hgETEiFivtYu2Fxj=w1141-h761-no\" alt=\"\" width=\"180\" height=\"120\" \/><\/a><\/td>\n<td style=\"background: transparent url('http:\/\/picasaweb.google.com.tr\/s\/c\/transparent_album_background.gif') no-repeat scroll left center; height: 200px;\" align=\"center\"><a href=\"https:\/\/goo.gl\/photos\/zS4UUnppj6LcmQEfA\"><img loading=\"lazy\" decoding=\"async\" src=\"https:\/\/lh3.googleusercontent.com\/O977eqSQEwe41Jm6I9l45b3TrQntwRlXBTQvZGPkryNVbr-3DTOqYfC_8TkS05zpwjTn5i5gM9ZWoJzhgRV8cxC1T6KTbeGbS-oT5XduvDgYizHJLx5zwPlzJ0RJDuPpfDrUz59xALJcwRVd4MKDmOp_EA5z8TmgeSPe11y4H_gcD_k25E6PXKwPukslZms4-970yGld1NJ1Lftv6_w5lCgFF5rXZ_3gFobIGjyWpq-iG4OuGxm0w5jRa2NRdNJ13oBpGIhB-aW5Su699pN_2XmCFrrkMfYqzcc1lpCW4G3kO95H9dHUbV11pcTStsWNXe0Z-nIaKMWj3_CA5up93GPgOLWw70RI01WWd6y7-7Y2hIP5gzXGfjfztMPSQdK6-vWXwjNwbhqARQNJb0EKnX3irzvPmbe5-289UBoDqO_i4It182IpsVXrVIxT6PIxruO4Rq7ZCcIn6MDWP-rntiVe7V7yNR8YRY1EpfEsE8xyyewnaQTrbuJA5eX9t3SO8Tuar1O4Gosh0s8cy2SzeDt_=w1141-h761-no\" alt=\"\" width=\"180\" height=\"120\" \/><\/a><\/td>\n<td style=\"background: transparent url('http:\/\/picasaweb.google.com.tr\/s\/c\/transparent_album_background.gif') no-repeat scroll left center; height: 200px;\" align=\"center\"><a href=\"https:\/\/goo.gl\/photos\/VsfMKcBhKouA6au87\"><img loading=\"lazy\" decoding=\"async\" src=\"https:\/\/lh3.googleusercontent.com\/nblAcHkrH9-_8wIHIPdcF4UKSWllBv4mooX5NtyNX-7PW0Bdr3gNC8LEPO-yy_QtCxC6TVdLczcpOxkb39UnF0Y8vowlqJPSoCyd0FdSPk2gHb_-WAMKPPJqBnUHENK8movPwOita5xgx-xC3MCIPx1NpPkEnpKl9v3gwiAEK2p1a80QvfTohWfXbhQCEW4ji77IVKeG51DjyXM4k0haHYYQDsb0g9c9GuTqICuGEsh17pTIRJotAdMa8nmDX4J_XHryhkjKYrqvIc7mid2Uo1k97rSYB7jK1HmV1CW7Wk5d3PmfkmIoJqzHabFkzNfqnmynVOC-Ql3SDtmmEHA0lil-LGfBC8KklRqe1rSVTyeXw3YLenMQD-2Q-t_ha0N71xKwyIRoal12-JN31Dec9vcB0vpe4fvd2KN9zPFZTk-ZRsUyzMoI7E2xaKxMRBGcoLLDzgkO4ZaV171uI7AGpcIFq4GbgwcibzyreERkr3OntdyJX1ADdhw5JYHcsuExKQLxbGGUKUaYVKEa508Fc_w4=w1141-h761-no\" alt=\"\" width=\"180\" height=\"120\" \/><\/a><\/td>\n<td style=\"background: transparent url('http:\/\/picasaweb.google.com.tr\/s\/c\/transparent_album_background.gif') no-repeat scroll left center; height: 200px;\" align=\"center\"><\/td>\n<\/tr>\n<tr>\n<td style=\"text-align: center; font-family: arial,sans-serif; font-size: 11px;\">Kafkas \u00dcniversitesi<\/td>\n<td style=\"text-align: center; font-family: arial,sans-serif; font-size: 11px;\">A\u015f\u0131klar<\/td>\n<td style=\"text-align: center; font-family: arial,sans-serif; font-size: 11px;\">Cheltikov Oteli<\/td>\n<td style=\"text-align: center; font-family: arial,sans-serif; font-size: 11px;\">Sar\u0131kam\u0131\u015f<\/td>\n<td style=\"text-align: center; font-family: arial,sans-serif; font-size: 11px;\"><\/td>\n<\/tr>\n<\/tbody>\n<\/table>\n","protected":false},"excerpt":{"rendered":"<p>Kars Kars Kalesi Evliya Camisi Fethiye Camisi Ani Harabeleri Kafkas \u00dcniversitesi A\u015f\u0131klar Cheltikov Oteli Sar\u0131kam\u0131\u015f<\/p>\n","protected":false},"author":1,"featured_media":6476,"parent":4728,"menu_order":0,"comment_status":"open","ping_status":"open","template":"","meta":{"footnotes":""},"class_list":["post-4841","page","type-page","status-publish","has-post-thumbnail","hentry"],"_links":{"self":[{"href":"https:\/\/xn--adal-oza.net\/index.php?rest_route=\/wp\/v2\/pages\/4841","targetHints":{"allow":["GET"]}}],"collection":[{"href":"https:\/\/xn--adal-oza.net\/index.php?rest_route=\/wp\/v2\/pages"}],"about":[{"href":"https:\/\/xn--adal-oza.net\/index.php?rest_route=\/wp\/v2\/types\/page"}],"author":[{"embeddable":true,"href":"https:\/\/xn--adal-oza.net\/index.php?rest_route=\/wp\/v2\/users\/1"}],"replies":[{"embeddable":true,"href":"https:\/\/xn--adal-oza.net\/index.php?rest_route=%2Fwp%2Fv2%2Fcomments&post=4841"}],"version-history":[{"count":2,"href":"https:\/\/xn--adal-oza.net\/index.php?rest_route=\/wp\/v2\/pages\/4841\/revisions"}],"predecessor-version":[{"id":6477,"href":"https:\/\/xn--adal-oza.net\/index.php?rest_route=\/wp\/v2\/pages\/4841\/revisions\/6477"}],"up":[{"embeddable":true,"href":"https:\/\/xn--adal-oza.net\/index.php?rest_route=\/wp\/v2\/pages\/4728"}],"wp:featuredmedia":[{"embeddable":true,"href":"https:\/\/xn--adal-oza.net\/index.php?rest_route=\/wp\/v2\/media\/6476"}],"wp:attachment":[{"href":"https:\/\/xn--adal-oza.net\/index.php?rest_route=%2Fwp%2Fv2%2Fmedia&parent=4841"}],"curies":[{"name":"wp","href":"https:\/\/api.w.org\/{rel}","templated":true}]}}