{"id":4843,"date":"2018-05-25T17:14:41","date_gmt":"2018-05-25T15:14:41","guid":{"rendered":"https:\/\/xn--adal-oza.net\/?page_id=4843"},"modified":"2018-06-13T19:03:42","modified_gmt":"2018-06-13T17:03:42","slug":"istanbul","status":"publish","type":"page","link":"https:\/\/xn--adal-oza.net\/?page_id=4843&lang=en","title":{"rendered":"Istanbul"},"content":{"rendered":"<p>&nbsp;<\/p>\n<p>&nbsp;<\/p>\n<table style=\"text-align: center;\" border=\"0\" width=\"100%\" cellspacing=\"0\" cellpadding=\"0\">\n<colgroup>\n<col width=\"%20\" \/>\n<col width=\"%20\" \/>\n<col width=\"%20\" \/>\n<col width=\"%20\" \/>\n<col width=\"%20\" \/><\/colgroup>\n<tbody>\n<tr>\n<td style=\"background: transparent url('http:\/\/picasaweb.google.com.tr\/s\/c\/transparent_album_background.gif') no-repeat scroll left center; height: 200px;\" align=\"center\"><a href=\"https:\/\/goo.gl\/photos\/bW6XUhgriKcjFrEt5\"><img loading=\"lazy\" decoding=\"async\" class=\"aligncenter\" title=\"Arkeoloji M\u00fczesi\" src=\"http:\/\/lh6.ggpht.com\/_4vEcv6JwYAQ\/S2_wQKfiC0I\/AAAAAAAAAXQ\/4vGYRsunvU4\/s128\/ih-B%20Iskender%20%2808%29%20.jpg\" alt=\"\" width=\"180\" height=\"120\" \/><\/a><\/td>\n<td style=\"background: transparent url('http:\/\/picasaweb.google.com.tr\/s\/c\/transparent_album_background.gif') no-repeat scroll left center; height: 200px;\" align=\"center\"><a href=\"https:\/\/goo.gl\/photos\/QnDvj8anRTDBsrgAA\"><img loading=\"lazy\" decoding=\"async\" class=\"aligncenter\" title=\"Ayasofya\" src=\"http:\/\/lh3.ggpht.com\/_4vEcv6JwYAQ\/S3A0GHC2WaI\/AAAAAAAAB_U\/iPHHShPxzu4\/s128\/an-Ayasofya%20%282009%29.JPG\" alt=\"\" width=\"180\" height=\"120\" \/><\/a><\/td>\n<td style=\"background: transparent url('http:\/\/picasaweb.google.com.tr\/s\/c\/transparent_album_background.gif') no-repeat scroll left center; height: 200px;\" align=\"center\"><a href=\"https:\/\/goo.gl\/photos\/GEihA9v2wJNb1BW46\"><img loading=\"lazy\" decoding=\"async\" class=\"aligncenter\" title=\"Fener Balat\" src=\"http:\/\/lh5.ggpht.com\/_4vEcv6JwYAQ\/S3AttGPgz6I\/AAAAAAAABf0\/BnF9tadWUV0\/s128\/cf%20-%20Piyerloti%20%2806%29.JPG\" alt=\"\" width=\"180\" height=\"120\" \/><\/a><\/td>\n<td style=\"background: transparent url('http:\/\/picasaweb.google.com.tr\/s\/c\/transparent_album_background.gif') no-repeat scroll left center; height: 200px;\" align=\"center\"><a href=\"https:\/\/goo.gl\/photos\/qc3tUDBnryUSb5V46\"><img loading=\"lazy\" decoding=\"async\" class=\"aligncenter\" title=\"Bo\u011faz\" src=\"http:\/\/lh6.ggpht.com\/_4vEcv6JwYAQ\/S3A0o1ZytyI\/AAAAAAAACBc\/6aQ6o8nVnHo\/s128\/br%20-%20FSM%20%282000%29.jpg\" alt=\"\" width=\"180\" height=\"180\" \/><\/a><\/td>\n<td style=\"background: transparent url('http:\/\/picasaweb.google.com.tr\/s\/c\/transparent_album_background.gif') no-repeat scroll left center; height: 200px;\" align=\"center\"><a href=\"https:\/\/goo.gl\/photos\/52YNWsosqVjV9uKcA\"><img loading=\"lazy\" decoding=\"async\" class=\"aligncenter\" title=\"Bulgar Kilisesi\" src=\"http:\/\/lh4.ggpht.com\/_4vEcv6JwYAQ\/S3AjAr-h9vI\/AAAAAAAAA0s\/ACUR1GL366Y\/s128\/eb-Bulgar%20Kilisesi%20%282009%29.JPG\" alt=\"\" width=\"180\" height=\"120\" \/><\/a><\/td>\n<\/tr>\n<tr>\n<td style=\"text-align: center; font-family: arial,sans-serif; font-size: 11px;\">Arkeoloji M\u00fczesi<\/td>\n<td style=\"text-align: center; font-family: arial,sans-serif; font-size: 11px;\">Ayasofya (Saint Sophia)<\/td>\n<td style=\"text-align: center; font-family: arial,sans-serif; font-size: 11px;\">Balat-Fener<\/td>\n<td style=\"text-align: center; font-family: arial,sans-serif; font-size: 11px;\">Bo\u011faz<\/td>\n<td style=\"text-align: center; font-family: arial,sans-serif; font-size: 11px;\">Bulgar Kilisesi<\/td>\n<\/tr>\n<tr>\n<td style=\"background: transparent url('http:\/\/picasaweb.google.com.tr\/s\/c\/transparent_album_background.gif') no-repeat scroll left center; height: 200px;\" align=\"center\"><a href=\"https:\/\/goo.gl\/photos\/zYxtQcPQ14L7r3ww7\"><img loading=\"lazy\" decoding=\"async\" class=\"aligncenter\" title=\"\u00c7e\u015fitli\" src=\"http:\/\/lh3.ggpht.com\/_4vEcv6JwYAQ\/S3A0Rk54ZDI\/AAAAAAAACAA\/hjCMMsFyVVY\/s128\/ce%20-%20Kizkulesi%20%2806%29.JPG\" alt=\"\" width=\"120\" height=\"180\" \/><\/a><\/td>\n<td style=\"background: transparent url('http:\/\/picasaweb.google.com.tr\/s\/c\/transparent_album_background.gif') no-repeat scroll left center; height: 200px;\" align=\"center\"><a href=\"https:\/\/goo.gl\/photos\/9yAtD2KV3Q5FXKSd7\"><img loading=\"lazy\" decoding=\"async\" class=\"aligncenter\" title=\"\u00c7inili K\u00f6\u015fk\" src=\"http:\/\/lh5.ggpht.com\/_4vEcv6JwYAQ\/S2_u_1C6S-I\/AAAAAAAAAT4\/0gpmkkZXffE\/s128\/aa-CiniliKosk%20%2808%29.jpg\" alt=\"\" width=\"180\" height=\"120\" \/><\/a><\/td>\n<td style=\"background: transparent url('http:\/\/picasaweb.google.com.tr\/s\/c\/transparent_album_background.gif') no-repeat scroll left center; height: 200px;\" align=\"center\"><a href=\"https:\/\/goo.gl\/photos\/Phj2dnjLUbs7SeKU6\"><img loading=\"lazy\" decoding=\"async\" class=\"aligncenter\" title=\"Eski PAtrikhane\" src=\"http:\/\/lh3.ggpht.com\/_4vEcv6JwYAQ\/S3AjzQxBGoI\/AAAAAAAAA14\/mvMToT4U9yc\/s128\/ba%20-%20Eski%20Patrikhane%20%2806%29.JPG\" alt=\"\" width=\"180\" height=\"120\" \/><\/a><\/td>\n<td style=\"background: transparent url('http:\/\/picasaweb.google.com.tr\/s\/c\/transparent_album_background.gif') no-repeat scroll left center; height: 200px;\" align=\"center\"><a href=\"https:\/\/goo.gl\/photos\/bxMV9mfdPLjFZ8qM7\"><img loading=\"lazy\" decoding=\"async\" class=\"aligncenter\" title=\"Fermanl\u0131 Kilise\" src=\"http:\/\/lh3.ggpht.com\/_4vEcv6JwYAQ\/S3AjdosAjTI\/AAAAAAAAA1E\/xYIK7uFPv4U\/s128\/fg-Fermanl%C4%B1%20Kilise%20%282009%29.JPG\" alt=\"\" width=\"120\" height=\"180\" \/><\/a><\/td>\n<td style=\"background: transparent url('http:\/\/picasaweb.google.com.tr\/s\/c\/transparent_album_background.gif') no-repeat scroll left center; height: 200px;\" align=\"center\"><a href=\"https:\/\/goo.gl\/photos\/UkPR94buhmPjDyk46\"><img loading=\"lazy\" decoding=\"async\" class=\"aligncenter\" src=\"https:\/\/lh6.googleusercontent.com\/-gr_5wCq6Uxs\/S3AkhD1hwEI\/AAAAAAAAA4I\/Qp-KmOUdQQY\/s419\/gd-Gul+Cami+%282009%29.JPG\" alt=\"\" width=\"120\" height=\"180\" \/><\/a><\/td>\n<\/tr>\n<tr>\n<td style=\"text-align: center; font-family: arial,sans-serif; font-size: 11px;\">\u00c7e\u015fitli<\/td>\n<td style=\"text-align: center; font-family: arial,sans-serif; font-size: 11px;\">\u00c7inili K\u00f6\u015fk<\/td>\n<td style=\"text-align: center; font-family: arial,sans-serif; font-size: 11px;\">Eski Patrikhane<\/td>\n<td style=\"text-align: center; font-family: arial,sans-serif; font-size: 11px;\">Fermanl\u0131 Kilise<\/td>\n<td style=\"text-align: center; font-family: arial,sans-serif; font-size: 11px;\">G\u00fcl Camisi<\/td>\n<\/tr>\n<tr>\n<td style=\"background: transparent url('http:\/\/picasaweb.google.com.tr\/s\/c\/transparent_album_background.gif') no-repeat scroll left center; height: 200px;\" align=\"center\"><a href=\"https:\/\/goo.gl\/photos\/S2kSWZEs8USZFvhA7\"><img loading=\"lazy\" decoding=\"async\" class=\"aligncenter\" title=\"Kariye\" src=\"http:\/\/lh3.ggpht.com\/_4vEcv6JwYAQ\/S3AuEUX9kXI\/AAAAAAAABhw\/LLSBV5QMB3I\/s128\/kn-Kariye%20%282009%29.JPG\" alt=\"\" width=\"180\" height=\"120\" \/><\/a><\/td>\n<td style=\"background: transparent url('http:\/\/picasaweb.google.com.tr\/s\/c\/transparent_album_background.gif') no-repeat scroll left center; height: 200px;\" align=\"center\"><a href=\"https:\/\/goo.gl\/photos\/Lo6bZLKhSmpu9V1t9\"><img loading=\"lazy\" decoding=\"async\" class=\"aligncenter\" title=\"Patrikhane\" src=\"http:\/\/lh6.ggpht.com\/_4vEcv6JwYAQ\/S2_rz8-nhRI\/AAAAAAAAAM4\/8dtDiOHIg1c\/s128\/fa-Fener%20Patrikhanesi%20%282009%29.JPG\" alt=\"\" width=\"180\" height=\"120\" \/><\/a><\/td>\n<td style=\"background: transparent url('http:\/\/picasaweb.google.com.tr\/s\/c\/transparent_album_background.gif') no-repeat scroll left center; height: 200px;\" align=\"center\"><a href=\"https:\/\/goo.gl\/photos\/FiYgMdDdy2ajiUAE9\"><img loading=\"lazy\" decoding=\"async\" class=\"aligncenter\" title=\"Rum Kilisesi\" src=\"http:\/\/lh6.ggpht.com\/_4vEcv6JwYAQ\/S3Ajni33vjI\/AAAAAAAAA1g\/5u7gGc3Yos4\/s128\/rc%20-%20Rum%20lisesi%20%2806%29.JPG\" alt=\"\" width=\"120\" height=\"180\" \/><\/a><\/td>\n<td style=\"background: transparent url('http:\/\/picasaweb.google.com.tr\/s\/c\/transparent_album_background.gif') no-repeat scroll left center; height: 200px;\" align=\"center\"><a href=\"https:\/\/goo.gl\/photos\/b57VUzMSHd5YgTFi9\"><img loading=\"lazy\" decoding=\"async\" class=\"aligncenter\" title=\"\u015eehzadeba\u015f\u0131\" src=\"http:\/\/lh5.ggpht.com\/_4vEcv6JwYAQ\/S2_rdfbkvCI\/AAAAAAAAAMQ\/1sbt7koanC4\/s128\/sb-Sehzade%20Camisi%20%282009%29.JPG\" alt=\"\" width=\"120\" height=\"180\" \/><\/a><\/td>\n<td style=\"background: transparent url('http:\/\/picasaweb.google.com.tr\/s\/c\/transparent_album_background.gif') no-repeat scroll left center; height: 200px;\" align=\"center\"><a href=\"https:\/\/goo.gl\/photos\/uUDP28BPxeT3VJ6X9\"><img loading=\"lazy\" decoding=\"async\" class=\"aligncenter\" title=\"S\u00fcleymaniye\" src=\"http:\/\/lh5.ggpht.com\/_4vEcv6JwYAQ\/S3MriwY2QOI\/AAAAAAAADeU\/vo0GJ_4pSPc\/s128\/an-Suleymaniye%20Kitapligi.jpg\" alt=\"\" width=\"120\" height=\"180\" \/><\/a><\/td>\n<\/tr>\n<tr>\n<td style=\"text-align: center; font-family: arial,sans-serif; font-size: 11px;\">Kariye<\/td>\n<td style=\"text-align: center; font-family: arial,sans-serif; font-size: 11px;\">Patrikhane<\/td>\n<td style=\"text-align: center; font-family: arial,sans-serif; font-size: 11px;\">Rum Lisesi<\/td>\n<td style=\"text-align: center; font-family: arial,sans-serif; font-size: 11px;\">\u015eehzadeba\u015f\u0131 Camisi<\/td>\n<td style=\"text-align: center; font-family: arial,sans-serif; font-size: 11px;\">S\u00fcleymaniye Kitapl\u0131\u011f\u0131<\/td>\n<\/tr>\n<tr>\n<td style=\"background: transparent url('http:\/\/picasaweb.google.com.tr\/s\/c\/transparent_album_background.gif') no-repeat scroll left center; height: 200px;\" align=\"center\"><a href=\"https:\/\/goo.gl\/photos\/HCwLkaGhRmr7nQXBA\"><img loading=\"lazy\" decoding=\"async\" class=\"aligncenter\" title=\"Sultan Ahmet\" src=\"http:\/\/lh5.ggpht.com\/_4vEcv6JwYAQ\/S3AzyXjjYNI\/AAAAAAAAB9k\/n5zO_A2YRDM\/s128\/29%20Ekim%202006%20-%205.jpg\" alt=\"\" width=\"120\" height=\"180\" \/><\/a><\/td>\n<td style=\"background: transparent url('http:\/\/picasaweb.google.com.tr\/s\/c\/transparent_album_background.gif') no-repeat scroll left center; height: 200px;\" align=\"center\"><a href=\"https:\/\/goo.gl\/photos\/rAG2kh1gko2nTmpTA\"><img loading=\"lazy\" decoding=\"async\" class=\"aligncenter\" title=\"Topkap\u0131\" src=\"http:\/\/lh3.ggpht.com\/_4vEcv6JwYAQ\/S3AzRzp3oII\/AAAAAAAAB6g\/8sK0o3FHRJ8\/s128\/th%20-Ana%20giris%20-%20%282001%29.jpg\" alt=\"\" width=\"180\" height=\"180\" \/><\/a><\/td>\n<td style=\"background: transparent url('http:\/\/picasaweb.google.com.tr\/s\/c\/transparent_album_background.gif') no-repeat scroll left center; height: 200px;\" align=\"center\"><a href=\"https:\/\/goo.gl\/photos\/bdvwraf4zdLNQAhb6\"><img loading=\"lazy\" decoding=\"async\" class=\"aligncenter\" title=\"Yavuz Selim\" src=\"http:\/\/lh6.ggpht.com\/_4vEcv6JwYAQ\/S3AkPB91jgI\/AAAAAAAAA3I\/qBI4-dI2g2I\/s128\/ap%20-%20YavuzSelim%20Camisi%20%2806%29.JPG\" alt=\"\" width=\"180\" height=\"120\" \/><\/a><\/td>\n<td style=\"background: transparent url('http:\/\/picasaweb.google.com.tr\/s\/c\/transparent_album_background.gif') no-repeat scroll left center; height: 200px;\" align=\"center\"><a href=\"https:\/\/goo.gl\/photos\/yqN4L777Tc9vy1bx9\"><img loading=\"lazy\" decoding=\"async\" class=\"aligncenter\" title=\"Yerebatan Sarn\u0131c\u0131\" src=\"http:\/\/lh6.ggpht.com\/_4vEcv6JwYAQ\/S2_rJJrOt7I\/AAAAAAAAALg\/OYKKnqvK4H0\/s128\/ya-Yerebatan%20Sarnici%20%282009%29.JPG\" alt=\"\" width=\"180\" height=\"120\" \/><\/a><\/td>\n<td style=\"background: transparent url('http:\/\/picasaweb.google.com.tr\/s\/c\/transparent_album_background.gif') no-repeat scroll left center; height: 200px;\" align=\"center\"><a href=\"https:\/\/goo.gl\/photos\/QmEsXsCmG6kBkW2GA\"><img loading=\"lazy\" decoding=\"async\" class=\"aligncenter\" src=\"https:\/\/lh3.googleusercontent.com\/-KYtfKlnw87E\/VJE1wjvgVME\/AAAAAAAAN38\/YydL83XzVIc\/w179-h123-p\/DolmabahceSaray\" alt=\"Foto\u011fraf\" width=\"180\" height=\"120\" \/><\/a><\/td>\n<\/tr>\n<tr>\n<td style=\"text-align: center; font-family: arial,sans-serif; font-size: 11px;\">Sultan Ahmet Camisi<\/td>\n<td style=\"text-align: center; font-family: arial,sans-serif; font-size: 11px;\">Topkap\u0131 Saray\u0131<\/td>\n<td style=\"text-align: center; font-family: arial,sans-serif; font-size: 11px;\">Yavuz Selim Camisi<\/td>\n<td style=\"text-align: center; font-family: arial,sans-serif; font-size: 11px;\">Yerebatan Sarn\u0131c\u0131<\/td>\n<td style=\"text-align: center; font-family: arial,sans-serif; font-size: 11px;\">Dolmabah\u00e7e Saray\u0131<\/td>\n<\/tr>\n<tr>\n<td style=\"background: transparent url('http:\/\/picasaweb.google.com.tr\/s\/c\/transparent_album_background.gif') no-repeat scroll left center; height: 200px;\" align=\"center\"><a href=\"https:\/\/goo.gl\/photos\/eArAZwgZpWQo4rYH9\"><img loading=\"lazy\" decoding=\"async\" class=\"aligncenter\" src=\"https:\/\/lh6.googleusercontent.com\/VuRYv3WZUH-D5HLwE82KKo3KtK3cgMmpFHSiChqMqJU=w441-h205-p-no\" alt=\"Foto\u011fraf\" width=\"180\" height=\"120\" \/><\/a><\/td>\n<td style=\"background: transparent url('http:\/\/picasaweb.google.com.tr\/s\/c\/transparent_album_background.gif') no-repeat scroll left center; height: 200px;\" align=\"center\"><a href=\"https:\/\/goo.gl\/photos\/1A2RjWM34YCQcAfo9\"><img loading=\"lazy\" decoding=\"async\" class=\" aligncenter\" src=\"https:\/\/lh4.googleusercontent.com\/_4vEcv6JwYAQ\/TdTaxg0mrsE\/AAAAAAAAIus\/fjh0L9emTKE\/s144-c\/PentapoptesKilisesi.jpg\" alt=\"\" width=\"180\" height=\"180\" \/><\/a><\/td>\n<td style=\"background: transparent url('http:\/\/picasaweb.google.com.tr\/s\/c\/transparent_album_background.gif') no-repeat scroll left center; height: 200px;\" align=\"center\"><a href=\"https:\/\/goo.gl\/photos\/EwCMDSNN52qapGkL7\"><img loading=\"lazy\" decoding=\"async\" src=\"https:\/\/lh6.googleusercontent.com\/-EHi7FtwZ6zM\/Uz00RIE5CYE\/AAAAAAAAKq8\/txogy3etJm4\/w200-h138-p\/EmirganPark\" alt=\"Foto\u011fraf\" width=\"200\" height=\"138\" \/><\/a><\/td>\n<td style=\"background: transparent url('http:\/\/picasaweb.google.com.tr\/s\/c\/transparent_album_background.gif') no-repeat scroll left center; height: 200px;\" align=\"center\"><a href=\"https:\/\/goo.gl\/photos\/jiJWAjJA5oa7uXzk7\"><img loading=\"lazy\" decoding=\"async\" src=\"https:\/\/lh6.googleusercontent.com\/GNJbTQqkPIHMAP0BvyN0LZaGhOzkyhSkAJqIoQqcEM4=w304-h202-p-no\" alt=\"Foto\u011fraf\" width=\"180\" height=\"120\" \/><\/a><\/td>\n<td style=\"background: transparent url('http:\/\/picasaweb.google.com.tr\/s\/c\/transparent_album_background.gif') no-repeat scroll left center; height: 200px;\" align=\"center\"><a href=\"https:\/\/plus.google.com\/photos\/111034078357189934706\/albums\/6084872408065249937\"><img loading=\"lazy\" decoding=\"async\" src=\"https:\/\/lh6.googleusercontent.com\/-LX-MbXcYy6I\/VHHPN1JOEpE\/AAAAAAAANjA\/Kb0TIgoFdGs\/w189-h130-p\/KapalCars\" alt=\"Foto\u011fraf\" width=\"180\" height=\"120\" \/><\/a><\/td>\n<\/tr>\n<tr>\n<td style=\"text-align: center; font-family: arial,sans-serif; font-size: 11px;\">S\u00fcleymaniye Camisi<\/td>\n<td style=\"text-align: center; font-family: arial,sans-serif; font-size: 11px;\">Pentapoptes Kilisesi<\/td>\n<td style=\"text-align: center; font-family: arial,sans-serif; font-size: 11px;\">Emirgan Park\u0131<\/td>\n<td style=\"text-align: center; font-family: arial,sans-serif; font-size: 11px;\">Zeyrekhane&#8217;den<\/td>\n<td style=\"text-align: center; font-family: arial,sans-serif; font-size: 11px;\">Kapal\u0131 \u00c7ar\u015f\u0131<\/td>\n<\/tr>\n<tr>\n<td style=\"background: transparent url('http:\/\/picasaweb.google.com.tr\/s\/c\/transparent_album_background.gif') no-repeat scroll left center; height: 200px;\" align=\"center\"><a href=\"https:\/\/plus.google.com\/photos\/111034078357189934706\/albums\/6084872371942960113\"><img loading=\"lazy\" decoding=\"async\" src=\"https:\/\/lh6.googleusercontent.com\/-O7BqHxvpB1g\/VHHPLuk_q_E\/AAAAAAAANi0\/4xh7I-rfWUc\/w189-h130-p\/Nuruosmaniye\" alt=\"Foto\u011fraf\" width=\"180\" height=\"120\" \/><\/a><\/td>\n<td style=\"background: transparent url('http:\/\/picasaweb.google.com.tr\/s\/c\/transparent_album_background.gif') no-repeat scroll left center; height: 200px;\" align=\"center\"><a href=\"https:\/\/plus.google.com\/photos\/111034078357189934706\/albums\/6084872450489103569\"><img loading=\"lazy\" decoding=\"async\" src=\"https:\/\/lh4.googleusercontent.com\/-xp3fhmmJ-Y4\/VHHPQTL2tNE\/AAAAAAAANjU\/ZFWI6Wov2p0\/w189-h130-p\/VefaBozacS\" alt=\"Foto\u011fraf\" width=\"180\" height=\"120\" \/><\/a><\/td>\n<td style=\"background: transparent url('http:\/\/picasaweb.google.com.tr\/s\/c\/transparent_album_background.gif') no-repeat scroll left center; height: 200px;\" align=\"center\"><a href=\"https:\/\/plus.google.com\/photos\/111034078357189934706\/albums\/6084871975170999601\"><img loading=\"lazy\" decoding=\"async\" src=\"https:\/\/lh3.googleusercontent.com\/-lZj7mOaCRW8\/VHHO0ofMBTE\/AAAAAAAANio\/3T3wq40cP7Q\/w189-h130-p\/KalendarhaneCami\" alt=\"Foto\u011fraf\" width=\"180\" height=\"120\" \/><\/a><\/td>\n<td style=\"background: transparent url('http:\/\/picasaweb.google.com.tr\/s\/c\/transparent_album_background.gif') no-repeat scroll left center; height: 200px;\" align=\"center\"><a href=\"https:\/\/plus.google.com\/photos\/111034078357189934706\/albums\/6084872675004813057\"><img loading=\"lazy\" decoding=\"async\" src=\"https:\/\/lh6.googleusercontent.com\/-hXWzgfoC70c\/VHHPdXkkjwE\/AAAAAAAANlM\/tGl5dcsVT_Q\/w189-h130-p\/PoyrazKoy\" alt=\"Foto\u011fraf\" width=\"180\" height=\"120\" \/><\/a><\/td>\n<td style=\"background: transparent url('http:\/\/picasaweb.google.com.tr\/s\/c\/transparent_album_background.gif') no-repeat scroll left center; height: 200px;\" align=\"center\"><a href=\"https:\/\/plus.google.com\/photos\/111034078357189934706\/albums\/6084872511601496529\"><img loading=\"lazy\" decoding=\"async\" src=\"https:\/\/lh3.googleusercontent.com\/-inBxdjx-RUk\/VHHPT22L0dE\/AAAAAAAANk0\/ylBnm9jXPEY\/w189-h130-p\/YusaTepesi\" alt=\"Foto\u011fraf\" width=\"180\" height=\"120\" \/><\/a><\/td>\n<\/tr>\n<tr>\n<td style=\"text-align: center; font-family: arial,sans-serif; font-size: 11px;\">Nuruosmaniye<\/td>\n<td style=\"text-align: center; font-family: arial,sans-serif; font-size: 11px;\">Vefa Bozac\u0131s\u0131<\/td>\n<td style=\"text-align: center; font-family: arial,sans-serif; font-size: 11px;\">Kalenderhane Camisi<\/td>\n<td style=\"text-align: center; font-family: arial,sans-serif; font-size: 11px;\">Poyrazk\u00f6y<\/td>\n<td style=\"text-align: center; font-family: arial,sans-serif; font-size: 11px;\">Yu\u015fa Tepesi<\/td>\n<\/tr>\n<tr>\n<td style=\"background: transparent url('http:\/\/picasaweb.google.com.tr\/s\/c\/transparent_album_background.gif') no-repeat scroll left center; height: 200px;\" align=\"center\"><a href=\"https:\/\/plus.google.com\/photos\/111034078357189934706\/albums\/6084871064076799121\"><img loading=\"lazy\" decoding=\"async\" src=\"https:\/\/lh3.googleusercontent.com\/SccEQicgVCQPJxZhzSPg9k10up_FXK_eHNdmp_zo-8k=w252-h188-p-no\" alt=\"Foto\u011fraf\" width=\"180\" height=\"120\" \/><\/a><\/td>\n<td style=\"background: transparent url('http:\/\/picasaweb.google.com.tr\/s\/c\/transparent_album_background.gif') no-repeat scroll left center; height: 200px;\" align=\"center\"><a href=\"https:\/\/plus.google.com\/photos\/111034078357189934706\/albums\/6147965149728619537\"><img loading=\"lazy\" decoding=\"async\" class=\"aligncenter\" src=\"https:\/\/lh3.googleusercontent.com\/_l2iGBngjhLcxZjmzLarBMQT4mLtjlH6ceD94u_npKKm=w319-h212-p-no\" alt=\"Foto\u011fraf\" width=\"180\" height=\"120\" \/><\/a><\/td>\n<td style=\"background: transparent url('http:\/\/picasaweb.google.com.tr\/s\/c\/transparent_album_background.gif') no-repeat scroll left center; height: 200px;\" align=\"center\"><a href=\"https:\/\/goo.gl\/photos\/1p5XyxmUFwE6mZPo8\"><img loading=\"lazy\" decoding=\"async\" class=\"aligncenter\" src=\"https:\/\/lh3.googleusercontent.com\/vbJbJX5dyDl5JRE5TVNglIGNuR5cPXbkxEVvvm9M1ZUUzcLaMqfDf0wbnEGAFICKSmlJ1lyQ20qNP9BXIX21ikecSSGjpuWXfdNMFv919HqoBTSAaRupQipzRtnrvKUNrRMnk81l0HWgeDDaFVy7lCV4_hP9N9DffqCm2-d11gDAo_05vKDLml0oFkIMOqiOqjQ-rULo6OHh-qAh-4kBGMBhGbfwDi13vVDhgOHXibdFl9VIpPMbrftRdLEaCTI_Hs_y9DiSYIE4tOU4-c4PjklpmII7wxyQFtkYgh16IfsGZNZA3nZzRFqu4Oys6G16rEtsOTyx-Iu6soIWQHRf23f4NnJB6y46rYB3eJ-pmzQpke8Jhukn3w0yehoErU-2X8f1cG1pXZeXklFb5DUNTqdw4jjTiCFfqPKk_OLHTHwNzQsttMWjhJerFR3f--ZFJ220uwUD3LOb9IWU2DgxkPqNDYrt4PzBPTLm_Diqjh7Ur47uI50AU-KGgjHpYlKECcroR_LrMhEiz77ILWDgsK3-4GWi9lUZqtcRvXXF3jNsy_I7TR-67-XjBfxWnrxkts4nVg=w493-h329-no\" alt=\"\" width=\"180\" height=\"120\" \/><\/a><\/td>\n<td style=\"background: transparent url('http:\/\/picasaweb.google.com.tr\/s\/c\/transparent_album_background.gif') no-repeat scroll left center; height: 200px;\" align=\"center\"><\/td>\n<td style=\"background: transparent url('http:\/\/picasaweb.google.com.tr\/s\/c\/transparent_album_background.gif') no-repeat scroll left center; height: 200px;\" align=\"center\"><\/td>\n<\/tr>\n<tr>\n<td style=\"text-align: center; font-family: arial,sans-serif; font-size: 11px;\">Anadolu Kava\u011f\u0131<\/td>\n<td style=\"text-align: center; font-family: arial,sans-serif; font-size: 11px;\">Ey\u00fcp Camisi<\/td>\n<td style=\"text-align: center; font-family: arial,sans-serif; font-size: 11px;\">Belgrad Orman\u0131<\/td>\n<td style=\"text-align: center; font-family: arial,sans-serif; font-size: 11px;\"><\/td>\n<td style=\"text-align: center; font-family: arial,sans-serif; font-size: 11px;\"><\/td>\n<\/tr>\n<\/tbody>\n<\/table>\n","protected":false},"excerpt":{"rendered":"<p>&nbsp; &nbsp; Arkeoloji M\u00fczesi Ayasofya (Saint Sophia) Balat-Fener Bo\u011faz Bulgar Kilisesi \u00c7e\u015fitli \u00c7inili K\u00f6\u015fk Eski Patrikhane Fermanl\u0131 Kilise G\u00fcl Camisi Kariye Patrikhane Rum Lisesi \u015eehzadeba\u015f\u0131 Camisi S\u00fcleymaniye Kitapl\u0131\u011f\u0131 Sultan Ahmet Camisi Topkap\u0131 Saray\u0131 Yavuz Selim Camisi Yerebatan Sarn\u0131c\u0131 Dolmabah\u00e7e Saray\u0131 S\u00fcleymaniye Camisi Pentapoptes Kilisesi Emirgan Park\u0131 Zeyrekhane&#8217;den Kapal\u0131 \u00c7ar\u015f\u0131 Nuruosmaniye Vefa Bozac\u0131s\u0131 Kalenderhane Camisi Poyrazk\u00f6y &hellip; <\/p>\n<p class=\"link-more\"><a href=\"https:\/\/xn--adal-oza.net\/?page_id=4843&#038;lang=en\" class=\"more-link\">Okumaya devam et<span class=\"screen-reader-text\"> &#8220;Istanbul&#8221;<\/span><\/a><\/p>\n","protected":false},"author":1,"featured_media":6469,"parent":4728,"menu_order":0,"comment_status":"open","ping_status":"open","template":"","meta":{"footnotes":""},"class_list":["post-4843","page","type-page","status-publish","has-post-thumbnail","hentry"],"_links":{"self":[{"href":"https:\/\/xn--adal-oza.net\/index.php?rest_route=\/wp\/v2\/pages\/4843","targetHints":{"allow":["GET"]}}],"collection":[{"href":"https:\/\/xn--adal-oza.net\/index.php?rest_route=\/wp\/v2\/pages"}],"about":[{"href":"https:\/\/xn--adal-oza.net\/index.php?rest_route=\/wp\/v2\/types\/page"}],"author":[{"embeddable":true,"href":"https:\/\/xn--adal-oza.net\/index.php?rest_route=\/wp\/v2\/users\/1"}],"replies":[{"embeddable":true,"href":"https:\/\/xn--adal-oza.net\/index.php?rest_route=%2Fwp%2Fv2%2Fcomments&post=4843"}],"version-history":[{"count":2,"href":"https:\/\/xn--adal-oza.net\/index.php?rest_route=\/wp\/v2\/pages\/4843\/revisions"}],"predecessor-version":[{"id":6470,"href":"https:\/\/xn--adal-oza.net\/index.php?rest_route=\/wp\/v2\/pages\/4843\/revisions\/6470"}],"up":[{"embeddable":true,"href":"https:\/\/xn--adal-oza.net\/index.php?rest_route=\/wp\/v2\/pages\/4728"}],"wp:featuredmedia":[{"embeddable":true,"href":"https:\/\/xn--adal-oza.net\/index.php?rest_route=\/wp\/v2\/media\/6469"}],"wp:attachment":[{"href":"https:\/\/xn--adal-oza.net\/index.php?rest_route=%2Fwp%2Fv2%2Fmedia&parent=4843"}],"curies":[{"name":"wp","href":"https:\/\/api.w.org\/{rel}","templated":true}]}}