{"id":4854,"date":"2018-05-25T17:15:41","date_gmt":"2018-05-25T15:15:41","guid":{"rendered":"https:\/\/xn--adal-oza.net\/?page_id=4854"},"modified":"2018-06-13T19:18:25","modified_gmt":"2018-06-13T17:18:25","slug":"konya","status":"publish","type":"page","link":"https:\/\/xn--adal-oza.net\/?page_id=4854&lang=en","title":{"rendered":"Konya"},"content":{"rendered":"<p>&nbsp;<\/p>\n<table style=\"text-align: center;\" border=\"0\" width=\"100%\" cellspacing=\"0\" cellpadding=\"0\">\n<colgroup>\n<col width=\"%25\" \/>\n<col width=\"%25\" \/>\n<col width=\"%25\" \/>\n<col width=\"%25\" \/> <\/colgroup>\n<tbody>\n<tr>\n<td style=\"background: transparent url('http:\/\/picasaweb.google.com.tr\/s\/c\/transparent_album_background.gif') no-repeat scroll left center; height: 200px;\" align=\"center\"><a href=\"https:\/\/goo.gl\/photos\/xJ1YppG2Dgg6sMEs5\"><img loading=\"lazy\" decoding=\"async\" class=\"aligncenter\" src=\"https:\/\/lh3.googleusercontent.com\/RBsQHGkPGvI_Q-IY08ixZBM2WNg7Ld0rRjxyWXLbDzml_s757VcnB0sbwrj4mGqhNsI-JagxKVH_X-XgRl7UAQoO_RXJtJfzkXwcvgnGnUVMwrEWfrEh8Ag92bM1hu2VdlnEzmMryC_2y4GAcxfFaayq7cGgVn5ticd8T0OVfztGxOcUUWANxIRI_S5QhZVZQBD_WWr9vVW1ZrmgQkdrsgg_P6KTJ7HhLI_pF0YlgLJfZpgezRcWg7SOBbB99AxcC3WRGk_1pwVM7aK1OhLUCzziRbjB0EuND3ccNsJJ5UVgmaXR6ToRyYvEc5clyvk11tG8lLcuz3kp0SgvYDANqFQC_m57p6rTHFH8V65Mf7jS49DI3Jmpv8UHuB0rYho4i2UbeLStcPvM97xbXhSFPbl711YZfU4PQ4NtZPm3S33xXdFSLU_va8ZRG3XUp7rsqdHpCvji9QLiVLS-5Lznh4Kg2HlQLfPHFvzLkPRdjVnA4mICAKKiULoItc6_hZTjBoYD2YJmTUjMFX2RQ4kgGEM6a9jSoNSTnQmiuOMa0u1lUiUpPa0q24RvFy5pnTSDM2WsHA=w967-h957-no\" alt=\"\" width=\"180\" height=\"120\" \/><\/a><\/td>\n<td style=\"background: transparent url('http:\/\/picasaweb.google.com.tr\/s\/c\/transparent_album_background.gif') no-repeat scroll left center; height: 200px;\" align=\"center\"><a href=\"https:\/\/goo.gl\/photos\/SCzw9s6sJmRpM2LK8\"><img loading=\"lazy\" decoding=\"async\" class=\"aligncenter\" src=\"https:\/\/lh3.googleusercontent.com\/aejiw0ZDGtWmP6r4c1PDrm9_tTj3Du-hZL2UmV17uDqSKzPCRba4VQRpw6YS4lda1Hv6E2oiPXKYgIQNz7ZFWov7no9dskNCpHi9ArI8hsPN6rgdiGR03YXTDNE6HwQHFaV-CDTnvTI0fNsJBJv7hOgUuLdtEkMHHtUko4pTlCsz043coVh9ATIeLr_HV7TRk8U5JNt9h1zd9PIsNh4Zz3sS2aIi2LMYT1T0wIEauAg5qgBQ09EbEg0xL5HgElrDS5sfzlIvVJbktCNdOqJRV9tJteijt6AjYYpWfabp_ADe531X4cHl8qzgDGbU8U0iGx_Bghk68oAW83UpczXR8XTmA9KwRGWFOhsLkjDpwLJI4S1USknOzEfcC-2PILPEOSfza2Km1GXaw8yIqESSDe5R10MV5sD2PBmy5h0G2jcHOagNodAZcQzYdD2UpWJOk8OvvZR2xnh8PJ5GTJy3a-pPrSgtld44Ss0n-_yXFojBFMFx1VZ-DHL3HuLPc70c5Z6LmYBectKQMbfaj9VYi_QP1EsS2B_QrSPy8oOluAX4K7-XoRJNH0sEAwP97yP0jbjcDQ=w1276-h957-no\" alt=\"\" width=\"180\" height=\"120\" \/><\/a><\/td>\n<td style=\"background: transparent url('http:\/\/picasaweb.google.com.tr\/s\/c\/transparent_album_background.gif') no-repeat scroll left center; height: 200px;\" align=\"center\"><a href=\"https:\/\/goo.gl\/photos\/1L1ffgdvwrGf5pwD6\"><img loading=\"lazy\" decoding=\"async\" class=\"aligncenter\" src=\"https:\/\/lh3.googleusercontent.com\/1l4_qKRE7g9QhxtkUyAb0hWy0c9_6p4Yq6pBb8Kd3wMEPrDlliZb1EmzdJl-NOw6vBxOsx-ROZLBxDvoC8uoJAbvww_eVQd_ixkNzcIo3ulqojlfe5eep2nkfO8zrE3MAoqkNREp9FveZEy8lvzCkRw7Ai-DehB1loBu1Jorz4Bpdqdmm12-aMVzAt_xTkurLhNyu_I8-DZXATnpLso90E2cGRmMHO0pXv8qzqVyDx2KEk0cBvCiyWEQuoLS-ajoZ6SYrNwDM7ep2sp3fjLqhDA1Je1R0yn7jZT-SuUhrhRVLT0Y_hobERTOK92NxOaeiRZFOc5vwGte4oftxNQXQQzklQB0FNhOkdQbEbDjpA3U41kwcp2Bxe4pwsMFyhRA0MDzAsO28qdJiBtS9ehPAjVZ2mZw-lvyXKssqWAV6ckvQ8Uip4RTD1UfyjrGeVqmpyuLhLTd2dVBMm25rnz-IUGsyQS925pVGcEkSNTvsWWfsM_kZsuQV_cM4nk0c6Tt13ejCj7CLHi6rWtsy10fqOpTQAhCbmMaI4ftb5WVYohd4ONRT5ZktqKsfJEIHaOnSVIcRg=w1186-h632-no\" alt=\"\" width=\"180\" height=\"120\" \/><\/a><\/td>\n<td style=\"background: transparent url('http:\/\/picasaweb.google.com.tr\/s\/c\/transparent_album_background.gif') no-repeat scroll left center; height: 200px;\" align=\"center\"><a href=\"https:\/\/goo.gl\/photos\/S3AQf5VjmyLNKewX6\"><img loading=\"lazy\" decoding=\"async\" class=\"aligncenter\" src=\"https:\/\/lh3.googleusercontent.com\/SwnnOjvb788VLqCl62zsP1aU40gDTUxlOnxeDc4_JuOep6eNmTX_bv93ZICAVu5RV8xUmrwCrvd7hk8lxM6hsIUsmnMiPhgBu_epoaBvSOzklXPOe4ktTgjzufAAkwRhvSLecAaStKaUXz3Mt54kuKKDp-YhGyZ0IVPBpC6z2e8DLmtbX1jKaLXjXVYFFYj57OVbTzVMaXhCKIc0c0lxJq408O9Ipj8fegaOcas0j6EY025Gs8lG9GU-FywLZzTVOEmV20j3XQUJ7_ruX7M3WMMsLRjeEIMag7x1CFxaZ0YIaNeSQhDuAi59cbywOOJGrrU5vem1Mi0mAUhDeZGPJaXgqyy5nXgZu7r4OtqG1tvmdnYiBeMXb3JkWfx0Z_zzpt9-h8_6xXYcCsSB3j0Wv_v7ENVZCCPdIbSGAmurixdtCn-pJwxSnLGoYYToAelxOx28GUTSs6mMCAWNwQbu85ScI7t68Z7BPMvpccwWaY07eTLFtNMi079NFtsgAZYzg8iJuVyMWl9_xHNQql1ABEzX4AxC8VI0XJuEoFq91sg4RthZMVd5_REJ6A-cRppsKezIoQ=w1424-h950-no\" alt=\"\" width=\"180\" height=\"120\" \/><\/a><\/td>\n<\/tr>\n<tr>\n<td style=\"text-align: center; font-family: arial,sans-serif; font-size: 11px;\">Konya (2002)<\/td>\n<td style=\"text-align: center; font-family: arial,sans-serif; font-size: 11px;\">Mevlana (2002-2016)<\/td>\n<td style=\"text-align: center; font-family: arial,sans-serif; font-size: 11px;\">Sema G\u00f6sterisi (2016)<\/td>\n<td style=\"text-align: center; font-family: arial,sans-serif; font-size: 11px;\">\u015eems-i Tebrizi (2016)<\/td>\n<\/tr>\n<tr>\n<td style=\"background: transparent url('http:\/\/picasaweb.google.com.tr\/s\/c\/transparent_album_background.gif') no-repeat scroll left center; height: 200px;\" align=\"center\"><a href=\"https:\/\/goo.gl\/photos\/4XKPHE78bovfnvhf7\"><img loading=\"lazy\" decoding=\"async\" class=\"aligncenter\" src=\"https:\/\/lh3.googleusercontent.com\/yUIohkaFc_3TghawstmkMkMBI7LMMi4-5MH7Tnoybb38MkLCjnGTUBNejBJ1WolzDrPW7rRJ3gvOWW4wJyYi5ML5uADPLxHJpN_tDE4BFSs1qfhM1ZKI_ucitoDCPFrnp236kVpFVGOrKYCpR1D2yo6ss4vz3GxB1rEFzRdvj4gTPH4xXulgdib2hksWyWYIYEMbzF0EpOd6PXO-G277fYQxi3lZNMrw5EcQc0fOH6JVqX5g84SMNI-ocDsvnylwozwT6YHyFxkTrt91lE53C7Xe349uU9JbB3qlgCRSbCe0ThVXekhYrs2CJWs_9v46a7G_a0hzBWfM0xnyHrGeIMFLHkKET0H1SQhvLD2cnPnGSnTK7vWJsc49Qq4PY0i3rsw1dIAfQwY7IpYf8JkFx_NFMpoVZ3_uGAJbtEQcw4XwFz1ZKtl4AX_ZsOq0JyxY9K10vhymkk2e7smqgML3Jm9evQfgogFwDv_HhyVS0Gz10RXS4CIXtArVTQlHiJYVgWY7STdVC8RCaFbNMX4V47D9ojULoRgxn7W4CaJDnCcmdmVKX64wCgyJi9ocb_ZG2-HEXw=w981-h957-no\" alt=\"\" width=\"180\" height=\"120\" \/><\/a><\/td>\n<td style=\"background: transparent url('http:\/\/picasaweb.google.com.tr\/s\/c\/transparent_album_background.gif') no-repeat scroll left center; height: 200px;\" align=\"center\"><a href=\"https:\/\/goo.gl\/photos\/YjVHwLAf1CogL4ao9\"><img loading=\"lazy\" decoding=\"async\" class=\"aligncenter\" src=\"https:\/\/lh3.googleusercontent.com\/rZ8s2Xl2QZQu5ViAavYVwRY5TzIKhO3isMSmrpRZoGekkinmtV5mpwBn1ROcZ6lhpT4EPoYwk4seHOfwLyD5aQsKbiJk0Q5epQzlaCpD2L6GZg2BmLl-st_XnA5aoe-Iq6pvMo-7wvazl6BVGdIBTLLD4zcP8u216BhVqDwqTBhvwvwudbQWMRPfcQEeZ3X2EeJaXnhkeVGiTzHKSPNbQhSsp3sJ5aXtMfSkPBxNjPglXnC3gMUeTEt02q3VvhnWrF5i3BJh-ApPdRgPOumsbNuw4B1zCg-0UPVhlWGSCW4BnPkD9bmPO5OSMJw4hEfvXVJYoW3EPHO3-Nq0uuZhh4oIQXN6PZmx9e_mRxllfoEcITgTkjwrpZtb_V047ZXDlwzGwM4clJbQi7RXzvj38XBu8AmmUzM3HEnHsxvIObgGDqQ5Oe8JcfO460cE7qpg4TxOcps0_gU0VqDcxiB5SNlKo_adTnADeQv3Kzxn1Wg6gPfI7jNY3d1YG_LAh2n7cdcd4f0MsDaOkGplHLTmg5so4561-N635U_bTmo4YxpDpXtWPT-3CJLxLwb26y2ZvZpKQw=w1424-h950-no\" alt=\"\" width=\"180\" height=\"120\" \/><\/a><\/td>\n<td style=\"background: transparent url('http:\/\/picasaweb.google.com.tr\/s\/c\/transparent_album_background.gif') no-repeat scroll left center; height: 200px;\" align=\"center\"><a href=\"https:\/\/goo.gl\/photos\/yJNLHhrwZWRpnkdo7\"><img loading=\"lazy\" decoding=\"async\" class=\"aligncenter\" src=\"https:\/\/lh3.googleusercontent.com\/27aemVvAUg3uxREtoi8ochmU_xmNXCcIIgX5zARum-sV3CThNRh9WX6YOXyQzEpnswl5xcvfhNatu8Ruvh1grJ8Z5AZIMEAEdInyNzoeFTBQ7isUw27-TqThPoBMWzYd8eOHkY_5O-rVu3T6iKGEaC8_dqHq6iEXLaqluqBrz9Uzdk-LqsXYQFSavgmbJ536ER2pApjiVBHeBVHMyGf2CsxbBCinAtmWq7IkRS0Jh2FHk2u0O1F54pj80zvjgEuo46BJU6QxYFYtAih1FeLS-QR-JVFqXhTxq6Ruea64ngDgin82ZWslge_pWVEBJNuZoVqg8UAfdVuXxZasRRbEnGxMxfWFt9NvO2biiIyGlFCSYTjuFO9Q96mT06RQFe85UEohwhvBvU9F3i_mrz6l5XOhzATAStgwSjn9UMkOJBwfH5dCvcY-egYRTHbtnHbIGJtEDTJIjnp2hm1JMjjaBpUYU1FPBdJ7jifgoUsA7yCqEtpDmgaisa4CNZJoVq59i14zp2dPFSkOEDetEuq-Ri7P-YyY2VKjuIaO_nTQA6Mz6yoWfyPCqjxNeF5Fg4XFJsUa=w944-h957-no\" alt=\"\" width=\"180\" height=\"120\" \/><\/a><\/td>\n<td><a href=\"https:\/\/goo.gl\/photos\/4uAtxcYU6F9tv6Gw6\"><img loading=\"lazy\" decoding=\"async\" class=\"aligncenter\" src=\"https:\/\/lh3.googleusercontent.com\/NFcJ4vg6oAT-WIcMjQ-M-s25t7v-mOJTq6GBLfYIRH7yZcW1Aubu8nTqV_4g9usp7ZKW3YE6-0V--iIaeMOKE4aovZAQ0SmVjfl79VjPccw1bE0pKu8FYcje6XaZw_wTVn8Dxy8Vnn6sB-OqebL3tXl6B016dyjGYMFA_7vcMf1n5DUtjZDdDda_A99br2qxtsulBm2rmBe5C087P-ZGqN6zN_i8cSPTaI5RgoXvTr9oOrUmAQ845zfHqNvyRY9GlLO2e4RcWzkvGyBHCFTUUkcI9DKuO9TKsMPKHquYejiq6fssML1tartP1MAuaVlsGibCVeBjDvcsbvGa7Ef5ia75Zta3kebliXwOxAq8-JhiHH2w5t7iC95eoL3m8c5O3LtuG43dOwfSjMA7DANWZIkqmQem_bTNRCjZ-xABT4SMAvYdrNwbdZp4yh1QpvAB9m4s4SJi_My_WS9chFX2mfLEv3ViqA83RyUPxOvMCCuUMx8yx56tHFDmEN5KXshrKdsV1l4EPk-ei_lH0x0yGcyTGUTBuOiLORzL_H8RcY_f3mZ6EQnCoYIMbhavC62UsZt-_w=w1434-h957-no\" alt=\"\" width=\"180\" height=\"120\" \/><\/a><\/td>\n<\/tr>\n<tr>\n<td style=\"text-align: center; font-family: arial,sans-serif; font-size: 11px;\">\u0130nce Minare (2002-2016)<\/td>\n<td style=\"text-align: center; font-family: arial,sans-serif; font-size: 11px;\">Karatay M\u00fczesi (2002-2016)<\/td>\n<td style=\"text-align: center; font-family: arial,sans-serif; font-size: 11px;\">Alaaddin Camisi (2002)<\/td>\n<td style=\"text-align: center; font-family: arial,sans-serif; font-size: 11px;\">Sille (2002-2016)<\/td>\n<\/tr>\n<\/tbody>\n<\/table>\n","protected":false},"excerpt":{"rendered":"<p>&nbsp; Konya (2002) Mevlana (2002-2016) Sema G\u00f6sterisi (2016) \u015eems-i Tebrizi (2016) \u0130nce Minare (2002-2016) Karatay M\u00fczesi (2002-2016) Alaaddin Camisi (2002) Sille (2002-2016)<\/p>\n","protected":false},"author":1,"featured_media":6487,"parent":4728,"menu_order":0,"comment_status":"open","ping_status":"open","template":"","meta":{"footnotes":""},"class_list":["post-4854","page","type-page","status-publish","has-post-thumbnail","hentry"],"_links":{"self":[{"href":"https:\/\/xn--adal-oza.net\/index.php?rest_route=\/wp\/v2\/pages\/4854","targetHints":{"allow":["GET"]}}],"collection":[{"href":"https:\/\/xn--adal-oza.net\/index.php?rest_route=\/wp\/v2\/pages"}],"about":[{"href":"https:\/\/xn--adal-oza.net\/index.php?rest_route=\/wp\/v2\/types\/page"}],"author":[{"embeddable":true,"href":"https:\/\/xn--adal-oza.net\/index.php?rest_route=\/wp\/v2\/users\/1"}],"replies":[{"embeddable":true,"href":"https:\/\/xn--adal-oza.net\/index.php?rest_route=%2Fwp%2Fv2%2Fcomments&post=4854"}],"version-history":[{"count":2,"href":"https:\/\/xn--adal-oza.net\/index.php?rest_route=\/wp\/v2\/pages\/4854\/revisions"}],"predecessor-version":[{"id":6488,"href":"https:\/\/xn--adal-oza.net\/index.php?rest_route=\/wp\/v2\/pages\/4854\/revisions\/6488"}],"up":[{"embeddable":true,"href":"https:\/\/xn--adal-oza.net\/index.php?rest_route=\/wp\/v2\/pages\/4728"}],"wp:featuredmedia":[{"embeddable":true,"href":"https:\/\/xn--adal-oza.net\/index.php?rest_route=\/wp\/v2\/media\/6487"}],"wp:attachment":[{"href":"https:\/\/xn--adal-oza.net\/index.php?rest_route=%2Fwp%2Fv2%2Fmedia&parent=4854"}],"curies":[{"name":"wp","href":"https:\/\/api.w.org\/{rel}","templated":true}]}}