{"id":4889,"date":"2018-05-25T17:18:26","date_gmt":"2018-05-25T15:18:26","guid":{"rendered":"https:\/\/xn--adal-oza.net\/?page_id=4889"},"modified":"2022-09-19T18:18:58","modified_gmt":"2022-09-19T16:18:58","slug":"urfa","status":"publish","type":"page","link":"https:\/\/xn--adal-oza.net\/?page_id=4889&lang=en","title":{"rendered":"Urfa"},"content":{"rendered":"<table style=\"text-align: center;\" border=\"0\" width=\"100%\" cellspacing=\"0\" cellpadding=\"0\">\n<colgroup>\n<col width=\"%20\" \/>\n<col width=\"%20\" \/>\n<col width=\"%20\" \/>\n<col width=\"%20\" \/>\n<col width=\"%20\" \/><\/colgroup>\n<tbody>\n<tr>\n<td style=\"background: transparent url('http:\/\/picasaweb.google.com.tr\/s\/c\/transparent_album_background.gif') no-repeat scroll left center; height: 200px;\" align=\"center\"><a href=\"https:\/\/goo.gl\/photos\/shZvjyvskUCmrShB8\"><img loading=\"lazy\" decoding=\"async\" class=\"\" src=\"https:\/\/lh3.googleusercontent.com\/pw\/AL9nZEUcmb7Z9W6CJwnlp-cMIdu3rwHbm7wjZOfdaNAbrLqUVYlOGFgtcMBOAdvBzyljM93E_Q_EFRFrcRXnEMQ0YcRpCpKSajeTa_vl4XaVWGq9ViG-0pOX_s5kY-KTCQDFbpY98PeluPocrZIvPKudJR4wMw=w1425-h1117-no?authuser=1\" width=\"173\" height=\"135\" \/><\/a><\/td>\n<td style=\"background: transparent url('http:\/\/picasaweb.google.com.tr\/s\/c\/transparent_album_background.gif') no-repeat scroll left center; height: 200px;\" align=\"center\"><a href=\"https:\/\/photos.app.goo.gl\/RHCYSYY9nUcZq39F7\"><img loading=\"lazy\" decoding=\"async\" class=\"\" src=\"https:\/\/lh3.googleusercontent.com\/R65K7ber8I1X4jmvsanelqZFS19nLKzpxw3AX13bBPy0j6MlVXp7Q-NyP_bZqSpeQYQ_SwR8UvJlCuyvW03LQ3Dqa9BC63hQj59RAaaVkRTZPI7Xa5CsuUZ_gmweWe1uQSNmyGB7VAI9Qif19b5DhBwVI386kBu09A6eZzwIOK6EWSN24qmwOAtBdVXqXnx4Xj4vhNN237xuw-8igeIjr9v3BBTY4hLr2_EizgHPKwZbL7gILhnAwhbiZHj8ie1OX7R03WQIqcGsWBQiqIwameEckJCjSyAD097NnL-rbXOyVn2GrZzNIo6pbu6HTc6cRPOPrsV7AOupRa4lX7b6IMPtZK8aj6aAOZt4HeRj-rI6GNTVCSBGdLJrsCT9oS06KNDa7VZXjq4AoRmM5NgM_wzGbj6_8wCgFqobJVDLLcV9UqKax3P82WS3miz6mbCoMUlsxK_8-MFKP8fH8OssqUQQgqycp6EXWYMYOtTPzrNYAKUlLfZcDaCBZNFchCC0Aa9AhRWmRRt_Ns4H-c1YKkvCbE_SyIAP1malqbFBPA_724xcrgaBOMsapXD9YlhGJHQao8KQSMU2AdPUPRPlxr9EPxkLf-ugvaCvdlC2brm1zrZANsAqIFoq20M8nBjVshm0i-t5vDDYXI0Xdrw54ZBNmXUsshblHUmb-oesMscvN_0J5lanBC3y9gLjWuQX6MmyEm7MXV5lfEzTZAHfNmWDJVeiR9biqtFPdDcbbnXkIa5NPxel6p_EgvA-xQX-KwOA1JnCN8uas2Qcbx8FSwbkyXl5NdNEWik=w1024-h683-no?authuser=1\" width=\"178\" height=\"119\" \/><\/a><\/td>\n<td style=\"background: transparent url('http:\/\/picasaweb.google.com.tr\/s\/c\/transparent_album_background.gif') no-repeat scroll left center; height: 200px;\" align=\"center\"><\/td>\n<td style=\"background: transparent url('http:\/\/picasaweb.google.com.tr\/s\/c\/transparent_album_background.gif') no-repeat scroll left center; height: 200px;\" align=\"center\"><\/td>\n<td style=\"background: transparent url('http:\/\/picasaweb.google.com.tr\/s\/c\/transparent_album_background.gif') no-repeat scroll left center; height: 200px;\" align=\"center\"><\/td>\n<\/tr>\n<tr>\n<td style=\"text-align: center; font-family: arial,sans-serif; font-size: 11px;\">Urfa (2000)<\/td>\n<td style=\"text-align: center; font-family: arial,sans-serif; font-size: 11px;\">Bal\u0131kl\u0131g\u00f6l<\/td>\n<td style=\"text-align: center; font-family: arial,sans-serif; font-size: 11px;\"><\/td>\n<td style=\"text-align: center; font-family: arial,sans-serif; font-size: 11px;\"><\/td>\n<td style=\"text-align: center; font-family: arial,sans-serif; font-size: 11px;\"><\/td>\n<\/tr>\n<tr>\n<td style=\"background: transparent url('http:\/\/picasaweb.google.com.tr\/s\/c\/transparent_album_background.gif') no-repeat scroll left center; height: 200px;\" align=\"center\"><a href=\"https:\/\/photos.app.goo.gl\/ie27vowanUAG7NrU8\"><img loading=\"lazy\" decoding=\"async\" class=\"\" src=\"https:\/\/lh3.googleusercontent.com\/puLg_OHiD5ko60ZHIiufTpQooPWzcJoeReP8bskwsMmPaaL9-kpVDfmwVCCWzt8NVS0bI8ZaFu-9Dmx4SRLDlMA-4hV-WvmcM3kedZYVgvCnCr4ojnpg9W2dWDEdqHiCK5T-Poo1xLpYSXJnFNcdYEP-Ck62K1TNzeb9QcrWkPUzpAjjIo_Xz-76k-_QFksKLTyMhPOR0lYhmpNm_AeBmTt16kx0vtH4FNNepATqqYctMq4S1SLFA56X-TSuOJetezVicoDwXvXNvEyWEgvJUxaPEZRcwklVaSZkQGYx0-IykkOdIomhSxz70QAe5AWfxGULgkPaD7L1jXePaCoIxQWLE1JxodSn7q7PB9tj_2DjpROj-Drpd9Sjge-9fpFbtEJGN5HejZjWmjvLOAehJphNGMyvfXFLwYyusq8HOwmqgc2k2AxYA42JJ5XRxkDHJwzE0yNJTkUlAiFjddywL0BkbhfSiXSxGeGcermpL82bdWRa61SqJyKtKhg6CtYk59G6xrPZmoXxDYJAxBKLcW8QGgKTtl1v_7NaMlLVMon_Ym5OWEo08nb0nycSKR_A4ZCrnqIt8MRF55_Oeq98CpbjHbL91tySgxuVodH1PXVFrxyhIgsaqxFmpLET8lo5KbFYbe4zBmSoGmn2blNJBU8p4XqIMRfiDjbnWamxpW9htRwroaiLDHzZxfFkSxHzh6oSGj5C1EJp3zoA6a4kXWlOkA14srA8FW51HDvF_YMzOSKJCGnFZRwmz9iPlIH5ChiNJXs_T0b2sj--8vz6HST2SXLrwNxzKv6e855_AcyQ4aa0Mlx77GgvUrRica1AM1_jbZK2fzOdVXoO9a3-Mpx2OI5MZsg5YoaGPKgQlLfeJ8wSWFkYvU-5k2onrQNKf6Sa50xQ_T8dnmh7fQMXQrzIHvwSVA0tZxinffzkfufLXt11r5nr84JeKSBKtSMqsH2D-PxvQySGGA=w1024-h683-no?authuser=1\" width=\"183\" height=\"122\" \/><\/a><\/td>\n<td style=\"background: transparent url('http:\/\/picasaweb.google.com.tr\/s\/c\/transparent_album_background.gif') no-repeat scroll left center; height: 200px;\" align=\"center\"><\/td>\n<td style=\"background: transparent url('http:\/\/picasaweb.google.com.tr\/s\/c\/transparent_album_background.gif') no-repeat scroll left center; height: 200px;\" align=\"center\"><\/td>\n<td style=\"background: transparent url('http:\/\/picasaweb.google.com.tr\/s\/c\/transparent_album_background.gif') no-repeat scroll left center; height: 200px;\" align=\"center\"><\/td>\n<td style=\"background: transparent url('http:\/\/picasaweb.google.com.tr\/s\/c\/transparent_album_background.gif') no-repeat scroll left center; height: 200px;\" align=\"center\"><\/td>\n<\/tr>\n<tr>\n<td style=\"text-align: center; font-family: arial,sans-serif; font-size: 11px;\">G\u00f6beklitepe<\/td>\n<td style=\"text-align: center; font-family: arial,sans-serif; font-size: 11px;\"><\/td>\n<td style=\"text-align: center; font-family: arial,sans-serif; font-size: 11px;\"><\/td>\n<td style=\"text-align: center; font-family: arial,sans-serif; font-size: 11px;\"><\/td>\n<td style=\"text-align: center; font-family: arial,sans-serif; font-size: 11px;\"><\/td>\n<\/tr>\n<\/tbody>\n<\/table>\n","protected":false},"excerpt":{"rendered":"<p>Urfa (2000) Bal\u0131kl\u0131g\u00f6l G\u00f6beklitepe<\/p>\n","protected":false},"author":1,"featured_media":6536,"parent":4728,"menu_order":0,"comment_status":"open","ping_status":"open","template":"","meta":{"footnotes":""},"class_list":["post-4889","page","type-page","status-publish","has-post-thumbnail","hentry"],"_links":{"self":[{"href":"https:\/\/xn--adal-oza.net\/index.php?rest_route=\/wp\/v2\/pages\/4889","targetHints":{"allow":["GET"]}}],"collection":[{"href":"https:\/\/xn--adal-oza.net\/index.php?rest_route=\/wp\/v2\/pages"}],"about":[{"href":"https:\/\/xn--adal-oza.net\/index.php?rest_route=\/wp\/v2\/types\/page"}],"author":[{"embeddable":true,"href":"https:\/\/xn--adal-oza.net\/index.php?rest_route=\/wp\/v2\/users\/1"}],"replies":[{"embeddable":true,"href":"https:\/\/xn--adal-oza.net\/index.php?rest_route=%2Fwp%2Fv2%2Fcomments&post=4889"}],"version-history":[{"count":3,"href":"https:\/\/xn--adal-oza.net\/index.php?rest_route=\/wp\/v2\/pages\/4889\/revisions"}],"predecessor-version":[{"id":8640,"href":"https:\/\/xn--adal-oza.net\/index.php?rest_route=\/wp\/v2\/pages\/4889\/revisions\/8640"}],"up":[{"embeddable":true,"href":"https:\/\/xn--adal-oza.net\/index.php?rest_route=\/wp\/v2\/pages\/4728"}],"wp:featuredmedia":[{"embeddable":true,"href":"https:\/\/xn--adal-oza.net\/index.php?rest_route=\/wp\/v2\/media\/6536"}],"wp:attachment":[{"href":"https:\/\/xn--adal-oza.net\/index.php?rest_route=%2Fwp%2Fv2%2Fmedia&parent=4889"}],"curies":[{"name":"wp","href":"https:\/\/api.w.org\/{rel}","templated":true}]}}