{"id":4890,"date":"2018-05-25T17:18:37","date_gmt":"2018-05-25T15:18:37","guid":{"rendered":"https:\/\/xn--adal-oza.net\/?page_id=4890"},"modified":"2018-06-14T00:59:57","modified_gmt":"2018-06-13T22:59:57","slug":"urgup-goreme","status":"publish","type":"page","link":"https:\/\/xn--adal-oza.net\/?page_id=4890&lang=en","title":{"rendered":"Urgup-Goreme"},"content":{"rendered":"<table style=\"text-align: center;\" border=\"0\" width=\"100%\" cellspacing=\"0\" cellpadding=\"0\">\n<colgroup>\n<col width=\"%20\" \/>\n<col width=\"%20\" \/>\n<col width=\"%20\" \/>\n<col width=\"%20\" \/>\n<col width=\"%20\" \/><\/colgroup>\n<tbody>\n<tr>\n<td style=\"background: transparent url('http:\/\/picasaweb.google.com.tr\/s\/c\/transparent_album_background.gif') no-repeat scroll left center; height: 200px;\" align=\"center\"><a href=\"https:\/\/goo.gl\/photos\/WPiysYaFutaPyPSM7\"><img loading=\"lazy\" decoding=\"async\" class=\"aligncenter\" title=\"Avanos\" src=\"http:\/\/lh4.ggpht.com\/_4vEcv6JwYAQ\/S3AhohGVBEI\/AAAAAAAAAyk\/n0_CYb8uE-Q\/s128\/al%20-%20Avanos%202006.JPG\" alt=\"\" width=\"180\" height=\"140\" \/><\/a><\/td>\n<td style=\"background: transparent url('http:\/\/picasaweb.google.com.tr\/s\/c\/transparent_album_background.gif') no-repeat scroll left center; height: 200px;\" align=\"center\"><a href=\"https:\/\/goo.gl\/photos\/epadCm7bXeEeKf9BA\"><img loading=\"lazy\" decoding=\"async\" class=\"aligncenter\" title=\"Hac\u0131 Bekta\u015f\" src=\"http:\/\/lh5.ggpht.com\/_4vEcv6JwYAQ\/S3A78T3jhTI\/AAAAAAAACkc\/Y1cQk8vDWN8\/s128\/ha%20-%20HaciBektas%20%2898%29.jpg\" alt=\"\" width=\"180\" height=\"180\" \/><\/a><\/td>\n<td style=\"background: transparent url('http:\/\/picasaweb.google.com.tr\/s\/c\/transparent_album_background.gif') no-repeat scroll left center; height: 200px;\" align=\"center\"><a href=\"https:\/\/goo.gl\/photos\/QA9tdhMjVRKWxmAv8\"><img loading=\"lazy\" decoding=\"async\" class=\"aligncenter\" title=\"Ihlara\" src=\"http:\/\/lh4.ggpht.com\/_4vEcv6JwYAQ\/S3A7136cUBI\/AAAAAAAACjo\/9adQUbM9CkI\/s128\/ih%20-%20IhlaraVadisi%20%2898%29.jpg\" alt=\"\" width=\"180\" height=\"180\" \/><\/a><\/td>\n<td style=\"background: transparent url('http:\/\/picasaweb.google.com.tr\/s\/c\/transparent_album_background.gif') no-repeat scroll left center; height: 200px;\" align=\"center\"><a href=\"https:\/\/goo.gl\/photos\/i22ZroGeMk3sqc7u5\"><img loading=\"lazy\" decoding=\"async\" class=\"aligncenter\" title=\"Mustafa Pa\u015fa\" src=\"http:\/\/lh4.ggpht.com\/_4vEcv6JwYAQ\/S3Ah-s6x1tI\/AAAAAAAAAzM\/tfyJkUZtmII\/s128\/ab-MustafaPasa%20%2806%29.JPG\" alt=\"\" width=\"180\" height=\"120\" \/><\/a><\/td>\n<td style=\"background: transparent url('http:\/\/picasaweb.google.com.tr\/s\/c\/transparent_album_background.gif') no-repeat scroll left center; height: 200px;\" align=\"center\"><a href=\"https:\/\/goo.gl\/photos\/Tf1AmYpcBtqKSYQy7\"><img loading=\"lazy\" decoding=\"async\" class=\"aligncenter\" title=\"Urg\u00fcp\" src=\"http:\/\/lh6.ggpht.com\/_4vEcv6JwYAQ\/S3A-43ZWI5I\/AAAAAAAAC-Y\/LpgzibUcQUk\/s128\/uv%20-%20Urgup%20%2898%29.jpg\" alt=\"\" width=\"180\" height=\"180\" \/><\/a><\/td>\n<\/tr>\n<tr>\n<td style=\"text-align: center; font-family: arial,sans-serif; font-size: 11px;\">Avanos<\/td>\n<td style=\"text-align: center; font-family: arial,sans-serif; font-size: 11px;\">Hac\u0131 Bekta\u015f<\/td>\n<td style=\"text-align: center; font-family: arial,sans-serif; font-size: 11px;\">Ihlara Vadisi<\/td>\n<td style=\"text-align: center; font-family: arial,sans-serif; font-size: 11px;\">Mustafa Pa\u015fa<\/td>\n<td style=\"text-align: center; font-family: arial,sans-serif; font-size: 11px;\">\u00dcrg\u00fcp<\/td>\n<\/tr>\n<\/tbody>\n<\/table>\n","protected":false},"excerpt":{"rendered":"<p>Avanos Hac\u0131 Bekta\u015f Ihlara Vadisi Mustafa Pa\u015fa \u00dcrg\u00fcp<\/p>\n","protected":false},"author":1,"featured_media":6540,"parent":4728,"menu_order":0,"comment_status":"open","ping_status":"open","template":"","meta":{"footnotes":""},"class_list":["post-4890","page","type-page","status-publish","has-post-thumbnail","hentry"],"_links":{"self":[{"href":"https:\/\/xn--adal-oza.net\/index.php?rest_route=\/wp\/v2\/pages\/4890","targetHints":{"allow":["GET"]}}],"collection":[{"href":"https:\/\/xn--adal-oza.net\/index.php?rest_route=\/wp\/v2\/pages"}],"about":[{"href":"https:\/\/xn--adal-oza.net\/index.php?rest_route=\/wp\/v2\/types\/page"}],"author":[{"embeddable":true,"href":"https:\/\/xn--adal-oza.net\/index.php?rest_route=\/wp\/v2\/users\/1"}],"replies":[{"embeddable":true,"href":"https:\/\/xn--adal-oza.net\/index.php?rest_route=%2Fwp%2Fv2%2Fcomments&post=4890"}],"version-history":[{"count":2,"href":"https:\/\/xn--adal-oza.net\/index.php?rest_route=\/wp\/v2\/pages\/4890\/revisions"}],"predecessor-version":[{"id":6541,"href":"https:\/\/xn--adal-oza.net\/index.php?rest_route=\/wp\/v2\/pages\/4890\/revisions\/6541"}],"up":[{"embeddable":true,"href":"https:\/\/xn--adal-oza.net\/index.php?rest_route=\/wp\/v2\/pages\/4728"}],"wp:featuredmedia":[{"embeddable":true,"href":"https:\/\/xn--adal-oza.net\/index.php?rest_route=\/wp\/v2\/media\/6540"}],"wp:attachment":[{"href":"https:\/\/xn--adal-oza.net\/index.php?rest_route=%2Fwp%2Fv2%2Fmedia&parent=4890"}],"curies":[{"name":"wp","href":"https:\/\/api.w.org\/{rel}","templated":true}]}}