{"id":4934,"date":"2018-05-25T17:22:17","date_gmt":"2018-05-25T15:22:17","guid":{"rendered":"https:\/\/xn--adal-oza.net\/?page_id=4934"},"modified":"2022-11-01T17:45:42","modified_gmt":"2022-11-01T15:45:42","slug":"people","status":"publish","type":"page","link":"https:\/\/xn--adal-oza.net\/?page_id=4934&lang=en","title":{"rendered":"People"},"content":{"rendered":"<table style=\"text-align: center;\" border=\"0\" width=\"100%\" cellspacing=\"0\" cellpadding=\"0\">\n<colgroup>\n<col width=\"%20\">\n<col width=\"%20\">\n<col width=\"%20\">\n<col width=\"%20\">\n<col width=\"%20\"><\/colgroup>\n<tbody>\n<tr>\n<td style=\"background: transparent url('http:\/\/picasaweb.google.com.tr\/s\/c\/transparent_album_background.gif') no-repeat scroll left center; height: 200px;\" align=\"center\"><a href=\"https:\/\/photos.app.goo.gl\/wGR6xdHVNSjY2phd6\"><img decoding=\"async\" src=\"https:\/\/lh6.googleusercontent.com\/-_mrng8kmSAY\/UsmMagM3RgE\/AAAAAAAANLY\/dnV7ARXpCJM\/w180-h120-p\/TurkiyeInsan02\" alt=\"Foto\u011fraf\"><\/a><\/td>\n<td style=\"background: transparent url('http:\/\/picasaweb.google.com.tr\/s\/c\/transparent_album_background.gif') no-repeat scroll left center; height: 200px;\" align=\"center\"><a href=\"https:\/\/photos.app.goo.gl\/evoqtXeVhVhx6egk7\"><img decoding=\"async\" src=\"https:\/\/lh3.googleusercontent.com\/-yCi9_NHxtys\/UsmZ1qzwddE\/AAAAAAAANLg\/E_8tiXXKYzk\/w173-h117-p\/ABDInsan\" alt=\"Foto\u011fraf\"><\/a><\/td>\n<td style=\"background: transparent url('http:\/\/picasaweb.google.com.tr\/s\/c\/transparent_album_background.gif') no-repeat scroll left center; height: 200px;\" align=\"center\"><a href=\"https:\/\/photos.app.goo.gl\/4ADwqTShGZDmhfmq8\"><img decoding=\"async\" src=\"https:\/\/lh5.googleusercontent.com\/-a0A0-imZs-s\/UsmTsVlT1oE\/AAAAAAAANO0\/H8Bp2H2v_Pk\/w173-h117-p\/MSRInsan11\" alt=\"Foto\u011fraf\"><\/a><\/td>\n<td style=\"background: transparent url('http:\/\/picasaweb.google.com.tr\/s\/c\/transparent_album_background.gif') no-repeat scroll left center; height: 200px;\" align=\"center\"><a href=\"https:\/\/photos.app.goo.gl\/XzBv15rnnigDYCTR6\"><img decoding=\"async\" src=\"https:\/\/lh6.googleusercontent.com\/-UYMsUlESFRc\/UsmTiTdAksE\/AAAAAAAANLo\/9qAg7AD__84\/w180-h120-p\/TunusInsan\" alt=\"Foto\u011fraf\"><\/a><\/td>\n<td style=\"background: transparent url('http:\/\/picasaweb.google.com.tr\/s\/c\/transparent_album_background.gif') no-repeat scroll left center; height: 200px;\" align=\"center\"><a href=\"https:\/\/photos.app.goo.gl\/YwUSHFjr2C1EVpyEA\"><img decoding=\"async\" src=\"https:\/\/lh4.googleusercontent.com\/-sRH1L9I8FCk\/Usma6NW36aE\/AAAAAAAANNI\/GA17oTj_GoY\/w173-h117-p\/FasInsan04\" alt=\"Foto\u011fraf\"><\/a><\/td>\n<\/tr>\n<tr>\n<td style=\"text-align: center; font-family: arial,sans-serif; font-size: 11px;\">T\u00fcrkiye<\/td>\n<td style=\"text-align: center; font-family: arial,sans-serif; font-size: 11px;\">ABD (USA)<\/td>\n<td style=\"text-align: center; font-family: arial,sans-serif; font-size: 11px;\">M\u0131s\u0131r (Egypt)<\/td>\n<td style=\"text-align: center; font-family: arial,sans-serif; font-size: 11px;\">Tunus<\/td>\n<td style=\"text-align: center; font-family: arial,sans-serif; font-size: 11px;\">Fas (Maroque)<\/td>\n<\/tr>\n<tr>\n<td style=\"background: transparent url('http:\/\/picasaweb.google.com.tr\/s\/c\/transparent_album_background.gif') no-repeat scroll left center; height: 200px;\" align=\"center\"><a href=\"https:\/\/photos.app.goo.gl\/s6PKUzH2z5PzqDpR6\"><img decoding=\"async\" src=\"https:\/\/lh4.googleusercontent.com\/-3o8BNRVjIsg\/UsmaAPdzI-E\/AAAAAAAANME\/hCxVs1C9mYE\/w180-h120-p\/IranInsan31\" alt=\"Foto\u011fraf\"><\/a><\/td>\n<td style=\"background: transparent url('http:\/\/picasaweb.google.com.tr\/s\/c\/transparent_album_background.gif') no-repeat scroll left center; height: 200px;\" align=\"center\"><a href=\"https:\/\/photos.app.goo.gl\/imWCQ3W6aFVvKk4J7\"><img decoding=\"async\" src=\"https:\/\/lh4.googleusercontent.com\/-s5aORFEMRJU\/UsmdEmhJ_nE\/AAAAAAAANMI\/eeRIj_l8QOE\/w180-h120-p\/SuriyeInsan07\" alt=\"Foto\u011fraf\"><\/a><\/td>\n<td style=\"background: transparent url('http:\/\/picasaweb.google.com.tr\/s\/c\/transparent_album_background.gif') no-repeat scroll left center; height: 200px;\" align=\"center\"><a href=\"https:\/\/photos.app.goo.gl\/WArcnpvaNjHR5SSn7\"><img decoding=\"async\" src=\"https:\/\/lh3.googleusercontent.com\/-3VPdBNfN3qY\/UsmSfHhej6E\/AAAAAAAANMg\/SF5v48YzL6U\/w180-h120-p\/GurcistanInsan04\" alt=\"Foto\u011fraf\"><\/a><\/td>\n<td style=\"background: transparent url('http:\/\/picasaweb.google.com.tr\/s\/c\/transparent_album_background.gif') no-repeat scroll left center; height: 200px;\" align=\"center\"><a href=\"https:\/\/photos.app.goo.gl\/jY2SR1UXh2q5WAEQ6\"><img loading=\"lazy\" decoding=\"async\" class=\"aligncenter\" src=\"https:\/\/lh4.googleusercontent.com\/-sfZ4zoYHiXs\/VJnmfymE8WE\/AAAAAAAARZI\/qye948HUPWs\/w199-h137-p\/FatehpurSikri\" alt=\"Foto\u011fraf\" width=\"180\" height=\"120\"><\/a><\/td>\n<td style=\"background: transparent url('http:\/\/picasaweb.google.com.tr\/s\/c\/transparent_album_background.gif') no-repeat scroll left center; height: 200px;\" align=\"center\"><a href=\"https:\/\/photos.app.goo.gl\/PjAPuqDH3CJxbEF37\"><img decoding=\"async\" src=\"https:\/\/lh4.googleusercontent.com\/-84C587cujsA\/UsmSQJ1f9OE\/AAAAAAAANMQ\/2ZRdSYLEJRQ\/w180-h120-p\/KoreInsan03\" alt=\"Foto\u011fraf\"><\/a><\/td>\n<\/tr>\n<tr>\n<td style=\"text-align: center; font-family: arial,sans-serif; font-size: 11px;\">\u0130ran<\/td>\n<td style=\"text-align: center; font-family: arial,sans-serif; font-size: 11px;\">Suriye<\/td>\n<td style=\"text-align: center; font-family: arial,sans-serif; font-size: 11px;\">G\u00fcrc\u00fcstan (Georgia)<\/td>\n<td style=\"text-align: center; font-family: arial,sans-serif; font-size: 11px;\">Hindistan (India)<\/td>\n<td style=\"text-align: center; font-family: arial,sans-serif; font-size: 11px;\">Kore (sought Korea)<\/td>\n<\/tr>\n<tr>\n<td style=\"background: transparent url('http:\/\/picasaweb.google.com.tr\/s\/c\/transparent_album_background.gif') no-repeat scroll left center; height: 200px;\" align=\"center\"><a href=\"https:\/\/photos.app.goo.gl\/mJ9Kq82iJpDN4yFy5\"><img decoding=\"async\" src=\"https:\/\/lh5.googleusercontent.com\/-Y4ZIORYtIVc\/UsmPxEqIW3E\/AAAAAAAANM4\/6cM9DrUG4B0\/w180-h120-p\/CinInsan17\" alt=\"Foto\u011fraf\"><\/a><\/td>\n<td style=\"background: transparent url('http:\/\/picasaweb.google.com.tr\/s\/c\/transparent_album_background.gif') no-repeat scroll left center; height: 200px;\" align=\"center\"><a href=\"https:\/\/photos.app.goo.gl\/qziTeReAzEvx24hZ9\"><img decoding=\"async\" src=\"https:\/\/lh4.googleusercontent.com\/-rK3I4CJws8k\/UsmgLRAaJWE\/AAAAAAAANMw\/qx4WCxJoeOI\/w180-h120-p\/OzbekistanInsan69\" alt=\"Foto\u011fraf\"><\/a><\/td>\n<td style=\"background: transparent url('http:\/\/picasaweb.google.com.tr\/s\/c\/transparent_album_background.gif') no-repeat scroll left center; height: 200px;\" align=\"center\"><a href=\"https:\/\/photos.app.goo.gl\/WcaEQAyCs7NmUYGc8\"><img decoding=\"async\" src=\"https:\/\/lh4.googleusercontent.com\/-zV6tBh5PhkA\/UsmNarhBRRE\/AAAAAAAANMo\/9Xcd3dtQoYM\/w180-h120-p\/KazakInsan02\" alt=\"Foto\u011fraf\"><\/a><\/td>\n<td style=\"background: transparent url('http:\/\/picasaweb.google.com.tr\/s\/c\/transparent_album_background.gif') no-repeat scroll left center; height: 200px;\" align=\"center\"><a href=\"https:\/\/photos.app.goo.gl\/xWgt3AxJ4ziX8HiN6\"><img decoding=\"async\" src=\"https:\/\/lh5.googleusercontent.com\/-wxT0AQQt-Vk\/Usmc5B4sduE\/AAAAAAAANNA\/FiIDEPkdoBw\/w180-h120-p\/TaylandInsan38\" alt=\"Foto\u011fraf\"><\/a><\/td>\n<td style=\"background: transparent url('http:\/\/picasaweb.google.com.tr\/s\/c\/transparent_album_background.gif') no-repeat scroll left center; height: 200px;\" align=\"center\"><a href=\"https:\/\/photos.app.goo.gl\/LrrFbYunL2FumaQGA\"><img decoding=\"async\" src=\"https:\/\/lh5.googleusercontent.com\/-toUSVEy6GAM\/UsmN0wUxhtE\/AAAAAAAANJY\/A_wZicHQ45Q\/w180-h120-p\/JaponInsan03\" alt=\"Foto\u011fraf\"><\/a><\/td>\n<\/tr>\n<tr>\n<td style=\"text-align: center; font-family: arial,sans-serif; font-size: 11px;\">\u00c7in (China)<\/td>\n<td style=\"text-align: center; font-family: arial,sans-serif; font-size: 11px;\">\u00d6zbekistan<\/td>\n<td style=\"text-align: center; font-family: arial,sans-serif; font-size: 11px;\">Kazakistan<\/td>\n<td style=\"text-align: center; font-family: arial,sans-serif; font-size: 11px;\">Tayland<\/td>\n<td style=\"text-align: center; font-family: arial,sans-serif; font-size: 11px;\">Japonya (Japon)<\/td>\n<\/tr>\n<tr>\n<td style=\"background: transparent url('http:\/\/picasaweb.google.com.tr\/s\/c\/transparent_album_background.gif') no-repeat scroll left center; height: 200px;\" align=\"center\"><a href=\"https:\/\/photos.app.goo.gl\/1Jik9eu4n2zRbxRQA\"><img decoding=\"async\" src=\"https:\/\/lh4.googleusercontent.com\/-vhVInIm1yYM\/UsmastjRGDE\/AAAAAAAANKk\/m3e--oGwSS0\/w180-h120-p\/KRgZistanInsan02\" alt=\"Foto\u011fraf\"><\/a><\/td>\n<td style=\"background: transparent url('http:\/\/picasaweb.google.com.tr\/s\/c\/transparent_album_background.gif') no-repeat scroll left center; height: 200px;\" align=\"center\"><a href=\"https:\/\/photos.app.goo.gl\/kQVGYJbcHocbYwuE9\"><img loading=\"lazy\" decoding=\"async\" class=\"aligncenter\" src=\"https:\/\/lh4.googleusercontent.com\/SZvzC7ZmZtA2obHqC14vhLuQZMiYGih-3sQArh7uA3Bf=w311-h207-p-no\" alt=\"Foto\u011fraf\" width=\"180\" height=\"120\"><\/a><\/td>\n<td style=\"background: transparent url('http:\/\/picasaweb.google.com.tr\/s\/c\/transparent_album_background.gif') no-repeat scroll left center; height: 200px;\" align=\"center\"><a href=\"https:\/\/photos.app.goo.gl\/2Q2u2jpC1oHyZCYk6\"><img decoding=\"async\" src=\"https:\/\/lh3.googleusercontent.com\/-D4-BV2SThfQ\/UsmgWlVYN5E\/AAAAAAAANMY\/mYQ6rPIcVRU\/w180-h120-p\/BosnaHersekIstanbul\" alt=\"Foto\u011fraf\"><\/a><\/td>\n<td style=\"background: transparent url('http:\/\/picasaweb.google.com.tr\/s\/c\/transparent_album_background.gif') no-repeat scroll left center; height: 200px;\" align=\"center\"><a href=\"https:\/\/photos.app.goo.gl\/sXhkEnje43Rrmvj7A\"><img decoding=\"async\" src=\"https:\/\/lh4.googleusercontent.com\/-BgLKLFN8TZ0\/Usmden9hIwE\/AAAAAAAAMWY\/aJoeyzQoOgk\/w180-h120-p\/IspanyaInsan\" alt=\"Foto\u011fraf\"><\/a><\/td>\n<td style=\"background: transparent url('http:\/\/picasaweb.google.com.tr\/s\/c\/transparent_album_background.gif') no-repeat scroll left center; height: 200px;\" align=\"center\"><a href=\"https:\/\/photos.app.goo.gl\/GBVnVgtt9hJsjnEn6\"><img decoding=\"async\" src=\"https:\/\/lh3.googleusercontent.com\/-MDhNcP9hepU\/UsmbZx77LOE\/AAAAAAAAMOY\/xyz4WhjpX-U\/w180-h120-p\/AlmanyaInsan\" alt=\"Foto\u011fraf\"><\/a><\/td>\n<\/tr>\n<tr>\n<td style=\"text-align: center; font-family: arial,sans-serif; font-size: 11px;\">K\u0131rg\u0131zistan<\/td>\n<td style=\"text-align: center; font-family: arial,sans-serif; font-size: 11px;\">Nepal<\/td>\n<td style=\"text-align: center; font-family: arial,sans-serif; font-size: 11px;\">Bosna Hersek (Bosnia)<\/td>\n<td style=\"text-align: center; font-family: arial,sans-serif; font-size: 11px;\">\u0130spanya (Spain)<\/td>\n<td style=\"text-align: center; font-family: arial,sans-serif; font-size: 11px;\">Almanya (Germany)<\/td>\n<\/tr>\n<tr>\n<td style=\"background: transparent url('http:\/\/picasaweb.google.com.tr\/s\/c\/transparent_album_background.gif') no-repeat scroll left center; height: 200px;\" align=\"center\"><a href=\"https:\/\/photos.app.goo.gl\/6dW5QS4kNdYCVzEv8\"><img decoding=\"async\" src=\"https:\/\/lh5.googleusercontent.com\/-TlCCeibkE38\/UsmbT_c1CLE\/AAAAAAAANH8\/6GGn30vIHHA\/w180-h120-p\/CekyaInsan02\" alt=\"Foto\u011fraf\"><\/a><\/td>\n<td style=\"background: transparent url('http:\/\/picasaweb.google.com.tr\/s\/c\/transparent_album_background.gif') no-repeat scroll left center; height: 200px;\" align=\"center\"><a href=\"https:\/\/photos.app.goo.gl\/zxYDA5KrzLYKMkya7\"><img decoding=\"async\" src=\"https:\/\/lh6.googleusercontent.com\/-dEpy3MGXr9Q\/Usmal1n-tPE\/AAAAAAAAML4\/-bogEGCG9xo\/w180-h120-p\/IsvecInsan\" alt=\"Foto\u011fraf\"><\/a><\/td>\n<td style=\"background: transparent url('http:\/\/picasaweb.google.com.tr\/s\/c\/transparent_album_background.gif') no-repeat scroll left center; height: 200px;\" align=\"center\"><a href=\"https:\/\/goo.gl\/photos\/rVbvbv3ff5D9AqU69\"><img loading=\"lazy\" decoding=\"async\" class=\"aligncenter\" src=\"https:\/\/lh3.googleusercontent.com\/e67mz8fbENK1tlQunYDc8iZ7jbsj-tT0SyWCZaIuuNw1iC1IKWAlUnRrg-YIcTZNz99nHxlk09EoYhNOYqQgLSlSZ_d_GIOykuJtZj0miT1XKMNe5Ut_rnmq9Ih5WY2AFfWw-sHUs9925B4i7vXI9oXV2d-TLibxQAyUBA85wfMSO_2mPbmFGRhP6xKw7KO3cOCcFEuf1fbEIh816Dptn3m1FZCFP5F9e20gR7E6w003Xfu5BESNZjPDA1q0H_tl3ljfKoNGNFMDEtXXXR5l5JOaUNiqK6DwOKGze-16kQYtQ0I-ViQeiSDcp_89CAnkeJEKBZVMwLcjHEDa8dlr3Z8lOH3cax0fNIm2DNL5BwUfkEsy47ya0ouOm65ixq0VMI7NwPPPCmAgmGdYHU-442oepfd9QZ9Fq8dTi_IH1KszAvgAW5KYcf0tPKzmAKnFrF5GqXXnF1NbBO9ozIbpNkLgUuUWvWZKAZJ3AUiOv1yjPlMr_2Wp0ph8Yr3rgx2fN7hl6D-icssYkK9QOj9TIaXhKQPx9a2QOMuEY7Xg_rMn8sQOAgWa7Ld7c9ZKjeVEPRMt32UAQ6JjPm1I4K5AZr-vjCpnMNiV3Fr93zV9Qj2JvScyJA=w1577-h1052-no\" alt=\"\" width=\"180\" height=\"120\"><\/a><\/td>\n<td style=\"background: transparent url('http:\/\/picasaweb.google.com.tr\/s\/c\/transparent_album_background.gif') no-repeat scroll left center; height: 200px;\" align=\"center\"><a href=\"https:\/\/photos.app.goo.gl\/igtBxqnQwu3xYcP89\"><img loading=\"lazy\" decoding=\"async\" class=\"\" src=\"https:\/\/lh3.googleusercontent.com\/_-xXePgZifF_m-X-DGKDCr4Ga0MvjidJZr7DorPFI4xvL4RyTm4VrA4zgT243wJ4kc_cIP_P73plMw81ipq82H4MLoZCQz2reezQquGNA9nsl9ZPdLolDL0zIZuVHAytpeCIuxt3Sk9jDICNv8-RglxkkWyXq8CdVPfYwCjALqNQIEjdSUGxRcfWCfWoAVpETbjjdP3TQzduboYrnbn1lK7co0q_0mBHuz3Plq9f91n6LfQZmdGM1cjZtCZyPSzc9cAxPWdWcBKMbLZ9mBObV6_5nfsa-lphS6sBkjeehea-ao8xGzz1vbp5JYPs4uNQyq09DnNGl72Xf_vzvIZLKhgsM66FbphkZsTELbEXG_gXZ2qvypFAHA53z6i2Bm-KMyJ6tc2UM7SWMIy6aNhGHlGbUbQ4t19G_bDnC9TV192yzZcl1I0qu7ZPildbzzgV3NRkmKahYd3BTJHdV5FWXJnUx1Cs3VwE0xXawCAsKDiwXw07vjfH7f5W3uU5tqC5MTToh8JfNL7YsQR6jto_J548UrntuRgXMXMWLG0rPqdE2n1XFGUb4A0vX5gx8Y1PiUKFaJUMYN_gYaDGk5PRUAq3mo4AZq8Q9REpjALm=w1766-h1175-no\" width=\"192\" height=\"128\"><\/a><\/td>\n<td style=\"background: transparent url('http:\/\/picasaweb.google.com.tr\/s\/c\/transparent_album_background.gif') no-repeat scroll left center; height: 200px;\" align=\"center\"><a href=\"https:\/\/photos.app.goo.gl\/5YxMzxLygiqdU7tD7\"><img loading=\"lazy\" decoding=\"async\" class=\"\" src=\"https:\/\/lh3.googleusercontent.com\/d_p07qgDQFH0F9geLns6m38eZTKbcYs29J7Z3K8MWxJwgJG4CzVuEE-CxC_9B2Om9qB5TAQ4xD4HW0fZHo03fxV68H2hHBEx4TkbCPjZyt_lHdSLgzFEP2auQCL-ZOV0Qfdk1KXYhpq4fmNwTvoqZfnXSPJCg2cufBBt6NQzU3YxutmdIvKzXMVNHoZnTI1C_kSP3xN5gKubG6dzb7qlSZbHK65JyhN9vE5M88YKyUsbDfbvbq-G7pFhlkUvkjRLvflfPUgdYoac2FmngEPsJVQBqopL6ojNq8KQTUompVALAgtKrKJDqP7WWb0tc1d8AkqkT6gHTeEdW25eY1_-7qnIbUJnROM7Ns4zHXsUj1Ap-g4mo9trvoWXUvwC02L_d3MyEL9Q-mAzt-RGMAc2DLKlhAEsBlu83kYi5M_E2iZU_E1gl3e0oN4EpjKPdZ7K9nnj5IsuPGn6q4qK60xbfLM-lAMm-Ti76Yx2rlJmoH_t9t8Z9_sMqixRc7LN6q4m5P775EPtgcSP-LpHa9rFJiH8tE_CFPRNtsWvGUAU1XxjjKKaj8OrurD00xonOTtbyjPFd2UHt0K7nZJlwFlLod2d46R6w35i7pdsM-UQ=w1766-h1175-no\" width=\"192\" height=\"128\"><\/a><\/td>\n<\/tr>\n<tr>\n<td style=\"text-align: center; font-family: arial,sans-serif; font-size: 11px;\">\u00c7ekya (Cek Rep.)<\/td>\n<td style=\"text-align: center; font-family: arial,sans-serif; font-size: 11px;\">\u0130sve\u00e7 (Sweden)<\/td>\n<td style=\"text-align: center; font-family: arial,sans-serif; font-size: 11px;\">Do\u011fu T\u00fcrkistan<\/td>\n<td style=\"text-align: center; font-family: arial,sans-serif; font-size: 11px;\">Singapur<\/td>\n<td style=\"text-align: center; font-family: arial,sans-serif; font-size: 11px;\">Kuching<\/td>\n<\/tr>\n<\/tbody>\n<\/table>\n","protected":false},"excerpt":{"rendered":"<p>T\u00fcrkiye ABD (USA) M\u0131s\u0131r (Egypt) Tunus Fas (Maroque) \u0130ran Suriye G\u00fcrc\u00fcstan (Georgia) Hindistan (India) Kore (sought Korea) \u00c7in (China) \u00d6zbekistan Kazakistan Tayland Japonya (Japon) K\u0131rg\u0131zistan Nepal Bosna Hersek (Bosnia) \u0130spanya (Spain) Almanya (Germany) \u00c7ekya (Cek Rep.) \u0130sve\u00e7 (Sweden) Do\u011fu T\u00fcrkistan Singapur Kuching<\/p>\n","protected":false},"author":1,"featured_media":6567,"parent":0,"menu_order":0,"comment_status":"open","ping_status":"open","template":"","meta":{"footnotes":""},"class_list":["post-4934","page","type-page","status-publish","has-post-thumbnail","hentry"],"_links":{"self":[{"href":"https:\/\/xn--adal-oza.net\/index.php?rest_route=\/wp\/v2\/pages\/4934","targetHints":{"allow":["GET"]}}],"collection":[{"href":"https:\/\/xn--adal-oza.net\/index.php?rest_route=\/wp\/v2\/pages"}],"about":[{"href":"https:\/\/xn--adal-oza.net\/index.php?rest_route=\/wp\/v2\/types\/page"}],"author":[{"embeddable":true,"href":"https:\/\/xn--adal-oza.net\/index.php?rest_route=\/wp\/v2\/users\/1"}],"replies":[{"embeddable":true,"href":"https:\/\/xn--adal-oza.net\/index.php?rest_route=%2Fwp%2Fv2%2Fcomments&post=4934"}],"version-history":[{"count":6,"href":"https:\/\/xn--adal-oza.net\/index.php?rest_route=\/wp\/v2\/pages\/4934\/revisions"}],"predecessor-version":[{"id":9074,"href":"https:\/\/xn--adal-oza.net\/index.php?rest_route=\/wp\/v2\/pages\/4934\/revisions\/9074"}],"wp:featuredmedia":[{"embeddable":true,"href":"https:\/\/xn--adal-oza.net\/index.php?rest_route=\/wp\/v2\/media\/6567"}],"wp:attachment":[{"href":"https:\/\/xn--adal-oza.net\/index.php?rest_route=%2Fwp%2Fv2%2Fmedia&parent=4934"}],"curies":[{"name":"wp","href":"https:\/\/api.w.org\/{rel}","templated":true}]}}