{"id":4938,"date":"2018-05-25T17:22:42","date_gmt":"2018-05-25T15:22:42","guid":{"rendered":"https:\/\/xn--adal-oza.net\/?page_id=4938"},"modified":"2019-05-10T04:54:09","modified_gmt":"2019-05-10T02:54:09","slug":"animals","status":"publish","type":"page","link":"https:\/\/xn--adal-oza.net\/?page_id=4938&lang=en","title":{"rendered":"Animals"},"content":{"rendered":"<table style=\"text-align: center;\" border=\"0\" width=\"100%\" cellspacing=\"0\" cellpadding=\"0\">\n<colgroup>\n<col width=\"%20\" \/>\n<col width=\"%20\" \/>\n<col width=\"%20\" \/>\n<col width=\"%20\" \/>\n<col width=\"%20\" \/><\/colgroup>\n<tbody>\n<tr>\n<td style=\"background: transparent url('http:\/\/picasaweb.google.com.tr\/s\/c\/transparent_album_background.gif') no-repeat scroll left center; height: 200px;\" align=\"center\"><a href=\"https:\/\/photos.app.goo.gl\/3TyFayiq4rBFNxAb9\"><img loading=\"lazy\" decoding=\"async\" src=\"https:\/\/lh3.googleusercontent.com\/RQVtgD8Egs6QAz1P8NbS-dF2Iyrr09Nn9xTB8GhDXec=w344-h229-p-no\" alt=\"Foto\u011fraf\" width=\"180\" height=\"120\" \/><\/a><\/td>\n<td style=\"background: transparent url('http:\/\/picasaweb.google.com.tr\/s\/c\/transparent_album_background.gif') no-repeat scroll left center; height: 200px;\" align=\"center\"><a href=\"https:\/\/photos.app.goo.gl\/4pv8kAPYkRaGWL8E9\"><img decoding=\"async\" src=\"https:\/\/lh6.googleusercontent.com\/-xJ8U2BeKeNk\/UnqvnbIbQeE\/AAAAAAAAD6I\/NaKsNex29Qc\/w180-h120-p\/Hayvanlar\" alt=\"Foto\u011fraf\" \/><\/a><\/td>\n<td style=\"background: transparent url('http:\/\/picasaweb.google.com.tr\/s\/c\/transparent_album_background.gif') no-repeat scroll left center; height: 200px;\" align=\"center\"><a href=\"https:\/\/photos.app.goo.gl\/oj1Q96dsp3hEi4z1A\"><img decoding=\"async\" src=\"https:\/\/lh5.googleusercontent.com\/-mTkNrVJRYmI\/UnqN--BMPAE\/AAAAAAAAArU\/djh13VJSLY8\/w180-h120-p\/OsakaAkvaryumu\" alt=\"Foto\u011fraf\" \/><\/a><\/td>\n<td style=\"background: transparent url('http:\/\/picasaweb.google.com.tr\/s\/c\/transparent_album_background.gif') no-repeat scroll left center; height: 200px;\" align=\"center\"><a href=\"https:\/\/photos.app.goo.gl\/FnDAnjZm22ngBcQT6\"><img decoding=\"async\" src=\"https:\/\/lh4.googleusercontent.com\/-qYGjMEG5n5Q\/UnqdEi5gIJE\/AAAAAAAAA-A\/dixgQ2FktYQ\/w180-h120-p\/AstanaAkvaryumu\" alt=\"Foto\u011fraf\" \/><\/a><\/td>\n<td style=\"background: transparent url('http:\/\/picasaweb.google.com.tr\/s\/c\/transparent_album_background.gif') no-repeat scroll left center; height: 200px;\" align=\"center\"><a href=\"https:\/\/photos.app.goo.gl\/wNYy2kRZgUsWNafV6\"><img loading=\"lazy\" decoding=\"async\" src=\"https:\/\/lh4.googleusercontent.com\/pY8DuNWyru4CKPoAJZM4wPyEECGe_-fTBzb9ota7UM4=w302-h226-p-no\" alt=\"Foto\u011fraf\" width=\"180\" height=\"120\" \/><\/a><\/td>\n<\/tr>\n<tr>\n<td style=\"text-align: center; font-family: arial,sans-serif; font-size: 11px;\">Isfahan Ku\u015f Bah\u00e7esi<\/td>\n<td style=\"text-align: center; font-family: arial,sans-serif; font-size: 11px;\">Hayvanlar<\/td>\n<td style=\"text-align: center; font-family: arial,sans-serif; font-size: 11px;\">Osaka Akvaryumu<\/td>\n<td style=\"text-align: center; font-family: arial,sans-serif; font-size: 11px;\">Astana Akvaryumu<\/td>\n<td style=\"text-align: center; font-family: arial,sans-serif; font-size: 11px;\">Bal\u0131klar<\/td>\n<\/tr>\n<\/tbody>\n<\/table>\n","protected":false},"excerpt":{"rendered":"<p>Isfahan Ku\u015f Bah\u00e7esi Hayvanlar Osaka Akvaryumu Astana Akvaryumu Bal\u0131klar<\/p>\n","protected":false},"author":1,"featured_media":6564,"parent":0,"menu_order":0,"comment_status":"open","ping_status":"open","template":"","meta":{"footnotes":""},"class_list":["post-4938","page","type-page","status-publish","has-post-thumbnail","hentry"],"_links":{"self":[{"href":"https:\/\/xn--adal-oza.net\/index.php?rest_route=\/wp\/v2\/pages\/4938","targetHints":{"allow":["GET"]}}],"collection":[{"href":"https:\/\/xn--adal-oza.net\/index.php?rest_route=\/wp\/v2\/pages"}],"about":[{"href":"https:\/\/xn--adal-oza.net\/index.php?rest_route=\/wp\/v2\/types\/page"}],"author":[{"embeddable":true,"href":"https:\/\/xn--adal-oza.net\/index.php?rest_route=\/wp\/v2\/users\/1"}],"replies":[{"embeddable":true,"href":"https:\/\/xn--adal-oza.net\/index.php?rest_route=%2Fwp%2Fv2%2Fcomments&post=4938"}],"version-history":[{"count":3,"href":"https:\/\/xn--adal-oza.net\/index.php?rest_route=\/wp\/v2\/pages\/4938\/revisions"}],"predecessor-version":[{"id":7647,"href":"https:\/\/xn--adal-oza.net\/index.php?rest_route=\/wp\/v2\/pages\/4938\/revisions\/7647"}],"wp:featuredmedia":[{"embeddable":true,"href":"https:\/\/xn--adal-oza.net\/index.php?rest_route=\/wp\/v2\/media\/6564"}],"wp:attachment":[{"href":"https:\/\/xn--adal-oza.net\/index.php?rest_route=%2Fwp%2Fv2%2Fmedia&parent=4938"}],"curies":[{"name":"wp","href":"https:\/\/api.w.org\/{rel}","templated":true}]}}