{"id":4948,"date":"2018-05-25T17:23:38","date_gmt":"2018-05-25T15:23:38","guid":{"rendered":"https:\/\/xn--adal-oza.net\/?page_id=4948"},"modified":"2019-05-10T15:12:15","modified_gmt":"2019-05-10T13:12:15","slug":"churches","status":"publish","type":"page","link":"https:\/\/xn--adal-oza.net\/?page_id=4948&lang=en","title":{"rendered":"Churches"},"content":{"rendered":"<table style=\"text-align: center;\" border=\"0\" width=\"100%\" cellspacing=\"0\" cellpadding=\"0\">\n<colgroup>\n<col width=\"%25\" \/>\n<col width=\"%25\" \/>\n<col width=\"%25\" \/>\n<col width=\"%25\" \/> <\/colgroup>\n<tbody>\n<tr>\n<td style=\"background: transparent url('http:\/\/picasaweb.google.com.tr\/s\/c\/transparent_album_background.gif') no-repeat scroll left center; height: 200px;\" align=\"center\"><a href=\"https:\/\/photos.app.goo.gl\/rnJte9Eysa6j7CRT6\"><img loading=\"lazy\" decoding=\"async\" src=\"https:\/\/lh3.googleusercontent.com\/2MfOIRLUB4sSs8-vJTFBDe8osVMdj-xG1Rmp6jUTR6I=w303-h226-p-no\" alt=\"Foto\u011fraf\" width=\"180\" height=\"120\" \/><\/a><\/td>\n<td style=\"background: transparent url('http:\/\/picasaweb.google.com.tr\/s\/c\/transparent_album_background.gif') no-repeat scroll left center; height: 200px;\" align=\"center\"><a href=\"https:\/\/photos.app.goo.gl\/KjeQPwpQohsFwKodA\"><img loading=\"lazy\" decoding=\"async\" src=\"https:\/\/lh6.googleusercontent.com\/DU5tO_rwKxII6zS0Bo7Lc2iFnjKiViTvAcG3FN7HU_I=w213-h211-p-no\" alt=\"Foto\u011fraf\" width=\"180\" height=\"180\" \/><\/a><\/td>\n<td style=\"background: transparent url('http:\/\/picasaweb.google.com.tr\/s\/c\/transparent_album_background.gif') no-repeat scroll left center; height: 200px;\" align=\"center\"><a href=\"https:\/\/photos.app.goo.gl\/nyzcYGWybFGbzykq7\"><img decoding=\"async\" src=\"https:\/\/lh3.googleusercontent.com\/-ccc3aKN7iPs\/Uns5VfnnqsE\/AAAAAAAAF90\/pce1SxPbUR4\/w180-h120-p\/PatrikhaneIstanbul\" alt=\"Foto\u011fraf\" \/><\/a><\/td>\n<td style=\"background: transparent url('http:\/\/picasaweb.google.com.tr\/s\/c\/transparent_album_background.gif') no-repeat scroll left center; height: 200px;\" align=\"center\"><a href=\"https:\/\/photos.app.goo.gl\/fneGaSymbWAycG7d7\"><img loading=\"lazy\" decoding=\"async\" src=\"https:\/\/lh5.googleusercontent.com\/-nVqXIhiYV9J7l8n4XdW85XAv74KP-us9-HHklL6YiA=w326-h244-p-no\" alt=\"Foto\u011fraf\" width=\"180\" height=\"120\" \/><\/a><\/td>\n<\/tr>\n<tr>\n<td style=\"text-align: center; font-family: arial,sans-serif; font-size: 11px;\">Ayasofya (\u0130stanbul)<\/td>\n<td style=\"text-align: center; font-family: arial,sans-serif; font-size: 11px;\">Kariye (\u0130stanbul)<\/td>\n<td style=\"text-align: center; font-family: arial,sans-serif; font-size: 11px;\">Patrikhane (\u0130stanbul)<\/td>\n<td style=\"text-align: center; font-family: arial,sans-serif; font-size: 11px;\">Eski Patrikhane (\u0130stanbul)<\/td>\n<\/tr>\n<tr>\n<td style=\"background: transparent url('http:\/\/picasaweb.google.com.tr\/s\/c\/transparent_album_background.gif') no-repeat scroll left center; height: 200px;\" align=\"center\"><a href=\"https:\/\/photos.app.goo.gl\/LajZip55e17jsPUC7\"><img decoding=\"async\" src=\"https:\/\/lh5.googleusercontent.com\/-0NHUJheQfKY\/Uns4q_EHtdE\/AAAAAAAAF28\/egZdZg5zasQ\/w180-h120-p\/BulgarKilisesiIstanbul\" alt=\"Foto\u011fraf\" \/><\/a><\/td>\n<td style=\"background: transparent url('http:\/\/picasaweb.google.com.tr\/s\/c\/transparent_album_background.gif') no-repeat scroll left center; height: 200px;\" align=\"center\"><a href=\"https:\/\/photos.app.goo.gl\/Hq3uA6QNbipffMrYA\"><img decoding=\"async\" src=\"https:\/\/lh6.googleusercontent.com\/-Qb3JaYyHtzc\/Uns48qHtqhE\/AAAAAAAAF5w\/V3XVW5RVzHY\/w180-h120-p\/FermanliKiliseIstanbul\" alt=\"Foto\u011fraf\" \/><\/a><\/td>\n<td style=\"background: transparent url('http:\/\/picasaweb.google.com.tr\/s\/c\/transparent_album_background.gif') no-repeat scroll left center; height: 200px;\" align=\"center\"><a href=\"https:\/\/photos.app.goo.gl\/tt7jxBqKAwQHL22b8\"><img decoding=\"async\" src=\"https:\/\/lh6.googleusercontent.com\/-BisJHfAVsmM\/Uns5aZT6eKE\/AAAAAAAAF-A\/XIoPBg0TkZQ\/w180-h120-p\/PentapoptesKilisesiIstanbul\" alt=\"Foto\u011fraf\" \/><\/a><\/td>\n<td><a href=\"https:\/\/photos.app.goo.gl\/bMFufz49qnegQR3j9\"><img decoding=\"async\" src=\"https:\/\/lh6.googleusercontent.com\/-mqXXJ5yQapM\/Uns4kf_qjCE\/AAAAAAAAF2U\/KVT9gq9Y94k\/w180-h120-p\/BulgarKilisesiEdirne\" alt=\"Foto\u011fraf\" \/><\/a><\/td>\n<\/tr>\n<tr>\n<td style=\"text-align: center; font-family: arial,sans-serif; font-size: 11px;\">Bulgar Kilisesi (\u0130stanbul)<\/td>\n<td style=\"text-align: center; font-family: arial,sans-serif; font-size: 11px;\">Fermanl\u0131 Kilise (\u0130stanbul)<\/td>\n<td style=\"text-align: center; font-family: arial,sans-serif; font-size: 11px;\">Pentapoptes Kilisesi (\u0130stanbul)<\/td>\n<td style=\"text-align: center; font-family: arial,sans-serif; font-size: 11px;\">Bulgar Kilisesi (Edirne)<\/td>\n<\/tr>\n<tr>\n<td><a href=\"https:\/\/photos.app.goo.gl\/NFevdj33ixy2TEPYA\"><img decoding=\"async\" src=\"https:\/\/lh6.googleusercontent.com\/-xUUZeYvNGC8\/Uns6Dq0ROjE\/AAAAAAAAGHI\/xtP0m4iTOgI\/w180-h120-p\/StPierreKilisesiAntakya\" alt=\"Foto\u011fraf\" \/><\/a><\/td>\n<td><a href=\"https:\/\/photos.app.goo.gl\/27eFXvECf8dxuire8\"><img decoding=\"async\" src=\"https:\/\/lh5.googleusercontent.com\/-5c04IbBDhVQ\/Uns4UpTUskE\/AAAAAAAAFzs\/2DyeRE7GnLw\/w180-h120-p\/AyaEleniSilleKonya\" alt=\"Foto\u011fraf\" \/><\/a><\/td>\n<td><a href=\"https:\/\/photos.app.goo.gl\/EDQHYL5kn6ATgWQj7\"><img decoding=\"async\" src=\"https:\/\/lh4.googleusercontent.com\/-852wbf0ZOwI\/Uns33-rW8OE\/AAAAAAAAFuI\/z7WSWQyLZi0\/w180-h120-p\/DiyarbakR\" alt=\"Foto\u011fraf\" \/><\/a><\/td>\n<td><a href=\"https:\/\/photos.app.goo.gl\/SUFssqFnmHgar86J7\"><img decoding=\"async\" src=\"https:\/\/lh5.googleusercontent.com\/-vDRkl4bDTUM\/Uns5wsVgqkE\/AAAAAAAAGEI\/X3EsPUMjdog\/w180-h120-p\/Sirince\" alt=\"Foto\u011fraf\" \/><\/a><\/td>\n<\/tr>\n<tr>\n<td style=\"text-align: center; font-family: arial,sans-serif; font-size: 11px;\">St. Pierre (Antakya)<\/td>\n<td style=\"text-align: center; font-family: arial,sans-serif; font-size: 11px;\">Aya Eleni (Sille-Konya)<\/td>\n<td style=\"text-align: center; font-family: arial,sans-serif; font-size: 11px;\">Saint Georgi (Diyarbak\u0131r)<\/td>\n<td style=\"text-align: center; font-family: arial,sans-serif; font-size: 11px;\">St John (\u015eirince)<\/td>\n<\/tr>\n<tr>\n<td><a href=\"https:\/\/photos.app.goo.gl\/qHb6ECfFKbxpBnDd9\"><img decoding=\"async\" src=\"https:\/\/lh5.googleusercontent.com\/-Fsi_xSFRbOU\/Uns4YmXwOrE\/AAAAAAAAF1Q\/rlD7OHLZO7o\/w180-h120-p\/BarlaKilisesiBarla\" alt=\"Foto\u011fraf\" \/><\/a><\/td>\n<td><a href=\"https:\/\/photos.app.goo.gl\/jgaUgRhJGFaxzAV3A\"><img decoding=\"async\" src=\"https:\/\/lh3.googleusercontent.com\/-lRxU9CNi7U8\/Uns4K-hBnlE\/AAAAAAAAFzE\/mmbl7D_L6vo\/w180-h120-p\/AyaYorgiIsparta\" alt=\"Foto\u011fraf\" \/><\/a><\/td>\n<td><a href=\"https:\/\/photos.app.goo.gl\/efPSuhF97kDATwvw7\"><img decoding=\"async\" src=\"https:\/\/lh6.googleusercontent.com\/-Dz0qdINVAGQ\/Unv0HHtLPrE\/AAAAAAAAHj0\/TV6LDWtkonU\/w180-h120-p\/AyaBaniyaIsparta\" alt=\"Foto\u011fraf\" \/><\/a><\/td>\n<td><a href=\"https:\/\/photos.app.goo.gl\/91Ddz3PGhk4uA4SD6\"><img decoding=\"async\" src=\"https:\/\/lh6.googleusercontent.com\/-yVj0efnjADk\/Uns4_Teq6UE\/AAAAAAAAF8s\/x_dDTB7NalQ\/w180-h120-p\/KapadokyaUrgup\" alt=\"Foto\u011fraf\" \/><\/a><\/td>\n<\/tr>\n<tr>\n<td style=\"text-align: center; font-family: arial,sans-serif; font-size: 11px;\">Barla (Barla)<\/td>\n<td style=\"text-align: center; font-family: arial,sans-serif; font-size: 11px;\">Aya Yorgi (Isparta)<\/td>\n<td style=\"text-align: center; font-family: arial,sans-serif; font-size: 11px;\">Aya Baniya (Isparta)<\/td>\n<td style=\"text-align: center; font-family: arial,sans-serif; font-size: 11px;\">Kapadokya<\/td>\n<\/tr>\n<tr>\n<td><a href=\"https:\/\/photos.app.goo.gl\/29VxU2reKwHSSaxT7\"><img loading=\"lazy\" decoding=\"async\" src=\"https:\/\/lh6.googleusercontent.com\/gX_GnsLXTFV4khmOu9FnL0sAbQIjLjvuughyzCLuw4o=w340-h226-p-no\" alt=\"Foto\u011fraf\" width=\"180\" height=\"120\" \/><\/a><\/td>\n<td><a href=\"https:\/\/photos.app.goo.gl\/sLconVhWLBxJhEPh6\"><img decoding=\"async\" src=\"https:\/\/lh3.googleusercontent.com\/-CnVH2kR74lg\/Uns6TPQ4_HE\/AAAAAAAAGOU\/3l23A8TsoWc\/w180-h120-p\/Miskheta\" alt=\"Foto\u011fraf\" \/><\/a><\/td>\n<td><a href=\"https:\/\/photos.app.goo.gl\/mzb1JH3oUqKfSGJV8\"><img decoding=\"async\" src=\"https:\/\/lh4.googleusercontent.com\/-VZ_Nj4pXDNo\/Uns5byeKv_E\/AAAAAAAAGCM\/jlN5imADdzU\/w180-h120-p\/SamebaKatedraliTiflis\" alt=\"Foto\u011fraf\" \/><\/a><\/td>\n<td><\/td>\n<\/tr>\n<tr>\n<td style=\"text-align: center; font-family: arial,sans-serif; font-size: 11px;\">Djvari Kilisesi (Tiflis)<\/td>\n<td style=\"text-align: center; font-family: arial,sans-serif; font-size: 11px;\">Miskheta (G\u00fcrcistan)<\/td>\n<td style=\"text-align: center; font-family: arial,sans-serif; font-size: 11px;\">Sameba Katedrali (Tiflis)<\/td>\n<td style=\"text-align: center; font-family: arial,sans-serif; font-size: 11px;\"><\/td>\n<\/tr>\n<tr>\n<td><a href=\"https:\/\/photos.app.goo.gl\/w6ECwno9wCNGsYXz7\"><img loading=\"lazy\" decoding=\"async\" src=\"https:\/\/lh5.googleusercontent.com\/tlzk2L7SEa8-zKO8h24xQn--deUU-BBRyiTLEXvIVVA=w344-h229-p-no\" alt=\"Foto\u011fraf\" width=\"180\" height=\"120\" \/><\/a><\/td>\n<td><a href=\"https:\/\/photos.app.goo.gl\/NF71eBLPoWyNJsaW8\"><img decoding=\"async\" src=\"https:\/\/lh4.googleusercontent.com\/-09x8yGbAvNM\/Uns6ADMJJFE\/AAAAAAAAGGQ\/MED5PIeX55Q\/w180-h120-p\/StPaulShapelNewYork\" alt=\"Foto\u011fraf\" \/><\/a><\/td>\n<td><a href=\"https:\/\/photos.app.goo.gl\/a4XMeCBzcJFtCdu49\"><img decoding=\"async\" src=\"https:\/\/lh3.googleusercontent.com\/-NIq2jXBFC-s\/Uns6I_mRg5E\/AAAAAAAAGIQ\/kotjr3DujlE\/w180-h120-p\/TrinityNewYork\" alt=\"Foto\u011fraf\" \/><\/a><\/td>\n<td><\/td>\n<\/tr>\n<tr>\n<td style=\"text-align: center; font-family: arial,sans-serif; font-size: 11px;\">St Patrick&#8217;s katedrali (New York)<\/td>\n<td style=\"text-align: center; font-family: arial,sans-serif; font-size: 11px;\">St Paul Shapel (New York)<\/td>\n<td style=\"text-align: center; font-family: arial,sans-serif; font-size: 11px;\">Trinity (New York)<\/td>\n<td style=\"text-align: center; font-family: arial,sans-serif; font-size: 11px;\"><\/td>\n<\/tr>\n<tr>\n<td><a href=\"https:\/\/photos.app.goo.gl\/QxdBP8fYY1RXDyzS8\"><img loading=\"lazy\" decoding=\"async\" src=\"https:\/\/lh6.googleusercontent.com\/6FrsEEU13KqUerTj4e_O03b8-mEFEZ5vEn4W8ISKo-k=w363-h241-p-no\" alt=\"Foto\u011fraf\" width=\"180\" height=\"120\" \/><\/a><\/td>\n<td><a href=\"https:\/\/photos.app.goo.gl\/Jy6PYGBXupWiDcVF7\"><img decoding=\"async\" src=\"https:\/\/lh3.googleusercontent.com\/-TqUiwvx_6m8\/UntClnEezaE\/AAAAAAAAHJs\/pZOJNU0O3HU\/w180-h120-p\/NicholasKilisesiUberlingen\" alt=\"Foto\u011fraf\" \/><\/a><\/td>\n<td><a href=\"https:\/\/photos.app.goo.gl\/PHThst68Foxv5fqj6\"><img decoding=\"async\" src=\"https:\/\/lh4.googleusercontent.com\/-NQpN-7vCGiA\/UntA0Qr80cE\/AAAAAAAAHDg\/dT-O9YQMoXo\/w180-h120-p\/BirnauAbbeyKilisesi\" alt=\"Foto\u011fraf\" \/><\/a><\/td>\n<td><a href=\"https:\/\/photos.app.goo.gl\/tKs7xaBgquULZRJu8\"><img decoding=\"async\" src=\"https:\/\/lh4.googleusercontent.com\/-01IuqbTVVIc\/UntCDqV7oME\/AAAAAAAAHI0\/fz1J-WBpQPM\/w180-h120-p\/StMarienKilisesiKonstanz\" alt=\"Foto\u011fraf\" \/><\/a><\/td>\n<\/tr>\n<tr>\n<td style=\"text-align: center; font-family: arial,sans-serif; font-size: 11px;\">Braunschweig Katedrali<\/td>\n<td style=\"text-align: center; font-family: arial,sans-serif; font-size: 11px;\">Nicholas Kilisesi (\u00dcberlingen)<\/td>\n<td style=\"text-align: center; font-family: arial,sans-serif; font-size: 11px;\">Birnau Abbey Kilisesi<\/td>\n<td style=\"text-align: center; font-family: arial,sans-serif; font-size: 11px;\">St. Marien Kilisesi (Konstanz)<\/td>\n<\/tr>\n<tr>\n<td><a href=\"https:\/\/photos.app.goo.gl\/BDDKqSKqQjZDADib6\"><img decoding=\"async\" src=\"https:\/\/lh4.googleusercontent.com\/-wOP7uKMQ1cI\/UntBltqXdUE\/AAAAAAAAHHs\/KP6oxrbN5dE\/w180-h120-p\/MeryemKilisesiKonstanz\" alt=\"Foto\u011fraf\" \/><\/a><\/td>\n<td><a href=\"https:\/\/photos.app.goo.gl\/wJ5TGqmfS6QegbxW9\"><img loading=\"lazy\" decoding=\"async\" class=\"aligncenter\" src=\"https:\/\/lh4.googleusercontent.com\/F1pM5GWY5P54xT_rdfLFvuaIS9n98gHdImJpZO4QfGA=w150-h225-p-no\" alt=\"Foto\u011fraf\" width=\"120\" height=\"180\" \/><\/a><\/td>\n<td><a href=\"https:\/\/photos.app.goo.gl\/TBCoNdoWfRD4qrGq6\"><img loading=\"lazy\" decoding=\"async\" class=\"aligncenter\" src=\"https:\/\/lh3.googleusercontent.com\/AqnB01sl_XKAAdhrwmFRPZJ6IIgIeg8b5xhQhZkOf3o=w120-h180-p-no\" alt=\"Foto\u011fraf\" width=\"120\" height=\"180\" \/><\/a><\/td>\n<td><a href=\"https:\/\/photos.app.goo.gl\/41NaU5kqiUvxGNLR7\"><img loading=\"lazy\" decoding=\"async\" class=\"aligncenter\" src=\"https:\/\/lh6.googleusercontent.com\/-dQTwVSMfyt0\/VJnPNf4MEBE\/AAAAAAAAPbc\/976v4NmlDyg\/w199-h137-p\/OrtodoksKilisesi\" alt=\"Foto\u011fraf\" width=\"180\" height=\"120\" \/><\/a><\/td>\n<\/tr>\n<tr>\n<td style=\"text-align: center; font-family: arial,sans-serif; font-size: 11px;\">Meryem Kilisesi (Konstanz)<\/td>\n<td style=\"text-align: center; font-family: arial,sans-serif; font-size: 11px;\">St. Martin in the field<\/td>\n<td style=\"text-align: center; font-family: arial,sans-serif; font-size: 11px;\">Jesuses Hearth (Saray Bosna)<\/td>\n<td style=\"text-align: center; font-family: arial,sans-serif; font-size: 11px;\">Ortodoks (Saray Bosna)<\/td>\n<\/tr>\n<tr>\n<td><a href=\"https:\/\/photos.app.goo.gl\/s9Beaht5JM1PaJXi8\"><img decoding=\"async\" src=\"https:\/\/lh3.googleusercontent.com\/-WGZXJ7uFu60\/Uns6OFncZOE\/AAAAAAAAGJI\/suDqO1eXI7U\/w180-h120-p\/TunusKatedraliTunus\" alt=\"Foto\u011fraf\" \/><\/a><\/td>\n<td><a href=\"https:\/\/photos.app.goo.gl\/X71hgTddgBJCNdow7\"><img decoding=\"async\" src=\"https:\/\/lh5.googleusercontent.com\/-R3RRcceN5ME\/Uns5TN_u6sE\/AAAAAAAAF9A\/Zbd-Oe6xhWM\/w180-h120-p\/KartacaKatedraliKartaca\" alt=\"Foto\u011fraf\" \/><\/a><\/td>\n<td><a href=\"https:\/\/photos.app.goo.gl\/8HvZ7rNXPXV4rfAU7\"><img loading=\"lazy\" decoding=\"async\" src=\"https:\/\/lh5.googleusercontent.com\/-R6S6LUhWRTQ\/Ur-brMGSw2E\/AAAAAAAAKbs\/KxXvBUc43Kw\/w209-h142-p\/VitusKatedrali\" alt=\"Foto\u011fraf\" width=\"180\" height=\"120\" \/><\/a><\/td>\n<td><a href=\"https:\/\/photos.app.goo.gl\/EDXZPbbpU8915HhQ8\"><img loading=\"lazy\" decoding=\"async\" class=\"aligncenter\" src=\"https:\/\/lh3.googleusercontent.com\/-v3hS27FQErk\/VJnNj_aLBYE\/AAAAAAAAPZ4\/SIMV2MnykwU\/w199-h137-p\/Selanik\" alt=\"Foto\u011fraf\" width=\"180\" height=\"120\" \/><\/a><\/td>\n<\/tr>\n<tr>\n<td style=\"text-align: center; font-family: arial,sans-serif; font-size: 11px;\">Tunus Katadrali (Tunus)<\/td>\n<td style=\"text-align: center; font-family: arial,sans-serif; font-size: 11px;\">Kartaca Katedrali (Tunus)<\/td>\n<td style=\"text-align: center; font-family: arial,sans-serif; font-size: 11px;\">Vitus (Prag)<\/td>\n<td style=\"text-align: center; font-family: arial,sans-serif; font-size: 11px;\">Selanik<\/td>\n<\/tr>\n<tr>\n<td><a href=\"https:\/\/photos.app.goo.gl\/fKb9Fx5Xjv4Fh5Ct9\"><img loading=\"lazy\" decoding=\"async\" class=\"aligncenter\" src=\"https:\/\/lh4.googleusercontent.com\/-KvnTuDhJqIk\/VJnbQPqjZLE\/AAAAAAAAQjo\/1eBvaJv5EgA\/w199-h137-p\/StPeterVeStPaulKatedrali\" alt=\"Foto\u011fraf\" width=\"180\" height=\"120\" \/><\/a><\/td>\n<td style=\"text-align: center; font-family: arial,sans-serif; font-size: 11px;\"><a href=\"https:\/\/goo.gl\/photos\/F7jXr2m1B9gZyZNc8\"><img decoding=\"async\" src=\"https:\/\/lh3.googleusercontent.com\/5VVXGD9Xy7ky5WAKuN_j4iP6G8ePdhWuMfaKBFcG3DKneOq0gAdxpj7yfc_atPwreaoksIuWXWp1ohyq77TB7X9Mf8yNmO0206OzAovYUQyeSH56ZlgNxlvR-GZgBxOGmoICnrVPF3hIltx4-vci2XjvDCqBK43S9Jacaeklai_cZVz2ufSYobQdJwtzYiF-86V2R9lYhFE9LmRcZ5zGxrXk6Iww1WmOa8e5j30SAIHgVsBpTmVkiNqlPF8qRKpFiJVDSX3Pd1AdFkmol-uX2hCU6kP12kd2kif21pi6ilUSd_GLFopvuA_H6SMoC6UmJ-rSeqFvjHPhcKT8hrooPjUe0DCkgHbMD1aMMdafYoAzcoLOxPNwFdkyK6od98uDhy-eVrt23VZnWFQULwuErFBVv-4-7ov2Y_mZyXrnqSvniScDoeVnWWoqpPdFsTxVwQbq-mc6liyDYdAktys2xbbBuwXp_umCD8w2byBuj17o6d3zTdEkdifhrVatFZVrbS2S6DWHO9YO6evwsOV9DV-aaC5I06lV-9L5XqncMlvesPUQqmhpxI-H1tHtMgiwr6hhfNbSnlZTxfVVkhy5EnUs32GxJ-D3-nlVVsBR61YyE4YstxUvrQ=w180-h120-no\" \/><\/a><\/td>\n<td style=\"text-align: center; font-family: arial,sans-serif; font-size: 11px;\"><a href=\"https:\/\/goo.gl\/photos\/fDaoUs1Pg1WbF2q8A\"><img decoding=\"async\" src=\"https:\/\/lh3.googleusercontent.com\/O48C1EkcEdnQI2XenIpM06L7Pao9AegM84okPZ3QWoJ6pBNDpLcKcA9oeq7onNtBtdn5cV01ZT-q3Fie689HVZkXCC6XKU9_K_QSDHSGCVEtK5p9pExayferUEfNAkD5p8MfU-QcM8REAhkcapdpviVOqM94ixut5haKR6-DOzaFxmmD0avaXC-Xt_5HYakKTvbLxMDYcXvW8lzhQudtRzcJEvWN30YT0TdS2qu5G97sQG8VfXr2h0PXiAxahQWNK9sTwjX65Jr8I6r-f1M7NB3-2lUJ8scOsSgurbeKd688dQjV-82-jbZ76A1Dlj7oDgeDZj1MEQFfonjsO3TIT4_nWjdT_kqylkGeJxe6ARgJKExHXcp4_8DoHxhMaalGeIvl7WbHkrc1zJUg4tKqILDCXIV9cWNvq7Yk1EX9vHuLckOaT-YYJYJohvAPB_EGymobnJxwpuvpmTHK651rVy6shx_OScFxvyNLJm8zDMZzVatQO_xmB_BhBenF6g83znrWtBBFXxt6PKFztQGWKA3QjELVL1KNR7HK7yIDnguKK5kS-Z6o5Zo_wqejLdj98Q1TwVmpe9up5sf7s7nxMjHMx5gxnzZeDnNzIRvof0VrDwhpiNkiaA=w180-h120-no\" \/><\/a><\/td>\n<td style=\"text-align: center; font-family: arial,sans-serif; font-size: 11px;\"><\/td>\n<\/tr>\n<tr>\n<td style=\"text-align: center; font-family: arial,sans-serif; font-size: 11px;\">St. Peter &amp; St Paul (Kazan)<\/td>\n<td style=\"text-align: center; font-family: arial,sans-serif; font-size: 11px;\">St. Nicholas Katedrali (Kezlev)<\/td>\n<td style=\"text-align: center; font-family: arial,sans-serif; font-size: 11px;\">\u00a0Sviato Uspensky Manast\u0131r\u0131 (Bah\u00e7esaray)<\/td>\n<td style=\"text-align: center; font-family: arial,sans-serif; font-size: 11px;\"><\/td>\n<\/tr>\n<\/tbody>\n<\/table>\n","protected":false},"excerpt":{"rendered":"<p>Ayasofya (\u0130stanbul) Kariye (\u0130stanbul) Patrikhane (\u0130stanbul) Eski Patrikhane (\u0130stanbul) Bulgar Kilisesi (\u0130stanbul) Fermanl\u0131 Kilise (\u0130stanbul) Pentapoptes Kilisesi (\u0130stanbul) Bulgar Kilisesi (Edirne) St. Pierre (Antakya) Aya Eleni (Sille-Konya) Saint Georgi (Diyarbak\u0131r) St John (\u015eirince) Barla (Barla) Aya Yorgi (Isparta) Aya Baniya (Isparta) Kapadokya Djvari Kilisesi (Tiflis) Miskheta (G\u00fcrcistan) Sameba Katedrali (Tiflis) St Patrick&#8217;s katedrali (New York) &hellip; <\/p>\n<p class=\"link-more\"><a href=\"https:\/\/xn--adal-oza.net\/?page_id=4948&#038;lang=en\" class=\"more-link\">Okumaya devam et<span class=\"screen-reader-text\"> &#8220;Churches&#8221;<\/span><\/a><\/p>\n","protected":false},"author":1,"featured_media":6572,"parent":0,"menu_order":0,"comment_status":"open","ping_status":"open","template":"","meta":{"footnotes":""},"class_list":["post-4948","page","type-page","status-publish","has-post-thumbnail","hentry"],"_links":{"self":[{"href":"https:\/\/xn--adal-oza.net\/index.php?rest_route=\/wp\/v2\/pages\/4948","targetHints":{"allow":["GET"]}}],"collection":[{"href":"https:\/\/xn--adal-oza.net\/index.php?rest_route=\/wp\/v2\/pages"}],"about":[{"href":"https:\/\/xn--adal-oza.net\/index.php?rest_route=\/wp\/v2\/types\/page"}],"author":[{"embeddable":true,"href":"https:\/\/xn--adal-oza.net\/index.php?rest_route=\/wp\/v2\/users\/1"}],"replies":[{"embeddable":true,"href":"https:\/\/xn--adal-oza.net\/index.php?rest_route=%2Fwp%2Fv2%2Fcomments&post=4948"}],"version-history":[{"count":6,"href":"https:\/\/xn--adal-oza.net\/index.php?rest_route=\/wp\/v2\/pages\/4948\/revisions"}],"predecessor-version":[{"id":7654,"href":"https:\/\/xn--adal-oza.net\/index.php?rest_route=\/wp\/v2\/pages\/4948\/revisions\/7654"}],"wp:featuredmedia":[{"embeddable":true,"href":"https:\/\/xn--adal-oza.net\/index.php?rest_route=\/wp\/v2\/media\/6572"}],"wp:attachment":[{"href":"https:\/\/xn--adal-oza.net\/index.php?rest_route=%2Fwp%2Fv2%2Fmedia&parent=4948"}],"curies":[{"name":"wp","href":"https:\/\/api.w.org\/{rel}","templated":true}]}}