{"id":5011,"date":"2018-05-25T17:37:33","date_gmt":"2018-05-25T15:37:33","guid":{"rendered":"https:\/\/xn--adal-oza.net\/?page_id=5011"},"modified":"2020-12-12T14:29:45","modified_gmt":"2020-12-12T12:29:45","slug":"greece","status":"publish","type":"page","link":"https:\/\/xn--adal-oza.net\/?page_id=5011&lang=en","title":{"rendered":"Greece"},"content":{"rendered":"<table style=\"height: 160px;\" width=\"160\">\n<tbody>\n<tr>\n<td valign=\"top\">\n<table style=\"width: 220px;\">\n<tbody>\n<tr>\n<td style=\"background: transparent url('http:\/\/picasaweb.google.com.tr\/s\/c\/transparent_album_background.gif') no-repeat scroll left center; height: 200px;\" align=\"center\"><a href=\"https:\/\/photos.app.goo.gl\/f7JfUJ33aefNpoFfA\"><img decoding=\"async\" class=\"aligncenter\" src=\"https:\/\/lh3.googleusercontent.com\/pw\/ACtC-3f3oQomWKK36JRuwrJEPsZPRGD5G3jRClRz_K9RTp6pltmDwbsq9Aknsvj2X2J0mLqhhHO4s6Xl9Tje3O8nJ7jhRkJwoDBTOI1R4qeB_FDkYEU-a35Uab_ayZqSsIHcoVaJ8Z-3XJ0UeVS4aDQd3Ppe=w1153-h888-no?authuser=1\" \/><\/a><\/td>\n<\/tr>\n<tr>\n<td style=\"text-align: center; font-family: arial,sans-serif; font-size: 11px;\">Atina<\/td>\n<\/tr>\n<\/tbody>\n<\/table>\n<\/td>\n<td valign=\"top\">\n<table style=\"width: 220px;\">\n<tbody>\n<tr>\n<td style=\"background: transparent url('http:\/\/picasaweb.google.com.tr\/s\/c\/transparent_album_background.gif') no-repeat scroll left center; height: 200px;\" align=\"center\"><a href=\"https:\/\/photos.app.goo.gl\/iM9Ae7oZwnNAFAps8\"><img decoding=\"async\" class=\"aligncenter\" src=\"https:\/\/lh3.googleusercontent.com\/pw\/ACtC-3dnx1MT_NLuM7_OXKu84qWYZcaRKZJp1xjbcC0XUinPSsYR9xRsqW0CIQQf1274x_Q7yUV5cKMmYD38gsdHI_VRuf6IBWnYE1QHuDHXnHwsTi2VW2N6Tm2MgSeWRgk4CZ_TkqCRBLuSPR0f4E6ddCs1=w1334-h888-no?authuser=1\" \/><\/a><\/td>\n<\/tr>\n<tr>\n<td style=\"text-align: center; font-family: arial,sans-serif; font-size: 11px;\">Selanik<\/td>\n<\/tr>\n<\/tbody>\n<\/table>\n<\/td>\n<td valign=\"top\">\n<table style=\"width: 220px;\">\n<tbody>\n<tr>\n<td style=\"background: transparent url('http:\/\/picasaweb.google.com.tr\/s\/c\/transparent_album_background.gif') no-repeat scroll left center; height: 200px;\" align=\"center\"><a href=\"https:\/\/photos.app.goo.gl\/TfMJPdNCTdLduxu37\"><img decoding=\"async\" class=\"aligncenter\" src=\"https:\/\/lh3.googleusercontent.com\/pw\/ACtC-3fN4W6FdCz7D_I-CPFJ0O-WNq627HAp6IW1WUhq_9GYTDWTkcqN0Y2lWbXxqN7eRB_Yxe5F2eoaN_84K4kEFJR8h86taE7etq5LRSH-ibGJV5fCySAnFaM9WpwkdYGgKU_OaPsPx38HG3b_b1mSaLoV=w1334-h888-no?authuser=1\" \/><\/a><\/td>\n<\/tr>\n<tr>\n<td style=\"text-align: center; font-family: arial,sans-serif; font-size: 11px;\">G\u00fcm\u00fclc\u00fcne<\/td>\n<\/tr>\n<\/tbody>\n<\/table>\n<\/td>\n<td valign=\"top\">\n<table style=\"width: 220px;\">\n<tbody>\n<tr>\n<td style=\"background: transparent url('http:\/\/picasaweb.google.com.tr\/s\/c\/transparent_album_background.gif') no-repeat scroll left center; height: 200px;\" align=\"center\"><a href=\"https:\/\/photos.app.goo.gl\/MzbmzjBbEjBkWAvUA\"><img decoding=\"async\" class=\"aligncenter\" src=\"https:\/\/lh3.googleusercontent.com\/pw\/ACtC-3cN-QiLiglWm3Hr8-vmu6wC7BbWV9Vf388QHX64lIv1k6Bm3z3d_g_hNfEkm3KXjYa-mAKRqbQsCEbrm2RRoWTKl5NlEPk54ClOvU0V3TUnMlzniU6YJSgIQ7BrucgtzLe3IcWx1G0VnhEu8Cfaxw5E=w1334-h888-no?authuser=1\" \/><\/a><\/td>\n<\/tr>\n<tr>\n<td style=\"text-align: center; font-family: arial,sans-serif; font-size: 11px;\">Dedea\u011fa\u00e7<\/td>\n<\/tr>\n<\/tbody>\n<\/table>\n<\/td>\n<\/tr>\n<tr>\n<td valign=\"top\">\n<table style=\"width: 220px;\">\n<tbody>\n<tr>\n<td style=\"background: transparent url('http:\/\/picasaweb.google.com.tr\/s\/c\/transparent_album_background.gif') no-repeat scroll left center; height: 200px;\" align=\"center\"><a href=\"https:\/\/photos.app.goo.gl\/UZv7D1bRxQVDbBrr9\"><img decoding=\"async\" class=\"aligncenter\" src=\"https:\/\/lh3.googleusercontent.com\/pw\/ACtC-3cfjX5CwDaCKsl0OmF1MLrZcaMTaPgPPA9K3AumXYFViHVqWzeQ2dGtu-95-E1QO68XeWsiEyOKnFFQ4s-qxE63aiUCfzROCDc4S60BudgQ1kqQQ8xD3lyN8wMpaurLhw4jC8jfLBlmkprjwLD61sxl=w1334-h888-no?authuser=1\" \/><\/a><\/td>\n<\/tr>\n<tr>\n<td style=\"text-align: center; font-family: arial,sans-serif; font-size: 11px;\">Kavala<\/td>\n<\/tr>\n<\/tbody>\n<\/table>\n<\/td>\n<td valign=\"top\">\n<table style=\"width: 220px;\">\n<tbody>\n<tr>\n<td style=\"background: transparent url('http:\/\/picasaweb.google.com.tr\/s\/c\/transparent_album_background.gif') no-repeat scroll left center; height: 200px;\" align=\"center\"><\/td>\n<\/tr>\n<tr>\n<td style=\"text-align: center; font-family: arial,sans-serif; font-size: 11px;\"><\/td>\n<\/tr>\n<\/tbody>\n<\/table>\n<\/td>\n<td valign=\"top\">\n<table style=\"width: 220px;\">\n<tbody>\n<tr>\n<td style=\"background: transparent url('http:\/\/picasaweb.google.com.tr\/s\/c\/transparent_album_background.gif') no-repeat scroll left center; height: 200px;\" align=\"center\"><\/td>\n<\/tr>\n<tr>\n<td style=\"text-align: center; font-family: arial,sans-serif; font-size: 11px;\"><\/td>\n<\/tr>\n<\/tbody>\n<\/table>\n<\/td>\n<\/tr>\n<\/tbody>\n<\/table>\n","protected":false},"excerpt":{"rendered":"<p>Atina Selanik G\u00fcm\u00fclc\u00fcne Dedea\u011fa\u00e7 Kavala<\/p>\n","protected":false},"author":1,"featured_media":6128,"parent":4633,"menu_order":0,"comment_status":"open","ping_status":"open","template":"","meta":{"footnotes":""},"class_list":["post-5011","page","type-page","status-publish","has-post-thumbnail","hentry"],"_links":{"self":[{"href":"https:\/\/xn--adal-oza.net\/index.php?rest_route=\/wp\/v2\/pages\/5011","targetHints":{"allow":["GET"]}}],"collection":[{"href":"https:\/\/xn--adal-oza.net\/index.php?rest_route=\/wp\/v2\/pages"}],"about":[{"href":"https:\/\/xn--adal-oza.net\/index.php?rest_route=\/wp\/v2\/types\/page"}],"author":[{"embeddable":true,"href":"https:\/\/xn--adal-oza.net\/index.php?rest_route=\/wp\/v2\/users\/1"}],"replies":[{"embeddable":true,"href":"https:\/\/xn--adal-oza.net\/index.php?rest_route=%2Fwp%2Fv2%2Fcomments&post=5011"}],"version-history":[{"count":10,"href":"https:\/\/xn--adal-oza.net\/index.php?rest_route=\/wp\/v2\/pages\/5011\/revisions"}],"predecessor-version":[{"id":8458,"href":"https:\/\/xn--adal-oza.net\/index.php?rest_route=\/wp\/v2\/pages\/5011\/revisions\/8458"}],"up":[{"embeddable":true,"href":"https:\/\/xn--adal-oza.net\/index.php?rest_route=\/wp\/v2\/pages\/4633"}],"wp:featuredmedia":[{"embeddable":true,"href":"https:\/\/xn--adal-oza.net\/index.php?rest_route=\/wp\/v2\/media\/6128"}],"wp:attachment":[{"href":"https:\/\/xn--adal-oza.net\/index.php?rest_route=%2Fwp%2Fv2%2Fmedia&parent=5011"}],"curies":[{"name":"wp","href":"https:\/\/api.w.org\/{rel}","templated":true}]}}