{"id":5092,"date":"2018-05-26T09:29:59","date_gmt":"2018-05-26T07:29:59","guid":{"rendered":"https:\/\/xn--adal-oza.net\/?page_id=5092"},"modified":"2019-05-10T22:53:21","modified_gmt":"2019-05-10T20:53:21","slug":"astana-social","status":"publish","type":"page","link":"https:\/\/xn--adal-oza.net\/?page_id=5092&lang=en","title":{"rendered":"Astana Social"},"content":{"rendered":"<table style=\"text-align: center;\" border=\"0\" width=\"100%\" cellspacing=\"0\" cellpadding=\"0\">\n<colgroup>\n<col width=\"%25\" \/>\n<col width=\"%25\" \/>\n<col width=\"%25\" \/>\n<col width=\"%25\" \/> <\/colgroup>\n<tbody>\n<tr>\n<td style=\"background: transparent url('http:\/\/picasaweb.google.com.tr\/s\/c\/transparent_album_background.gif') no-repeat scroll left center; height: 200px;\" align=\"center\"><a href=\"https:\/\/goo.gl\/photos\/hGAdXSnBqZsZMkta7\"><img loading=\"lazy\" decoding=\"async\" class=\"aligncenter\" title=\"Gala Yeme\u011fi\" src=\"https:\/\/lh5.googleusercontent.com\/-VPgksJqFRTU\/TslmHQkX72E\/AAAAAAAACz0\/9bUyG36HhKw\/s144-c\/GalaYemegi.jpg\" alt=\"\" width=\"180\" height=\"180\" \/><\/a><\/td>\n<td style=\"background: transparent url('http:\/\/picasaweb.google.com.tr\/s\/c\/transparent_album_background.gif') no-repeat scroll left center; height: 200px;\" align=\"center\"><a href=\"https:\/\/goo.gl\/photos\/gWa3MtdjMqgctFSM9\"><img loading=\"lazy\" decoding=\"async\" class=\"aligncenter\" title=\"Ak\u015fam Yeme\u011fi\" src=\"https:\/\/lh5.googleusercontent.com\/-JPQcNmBuQA0\/TsloO4iFAGE\/AAAAAAAACzo\/SU__WZ1p--g\/s144-c\/AksamYemegi.jpg\" alt=\"\" width=\"180\" height=\"180\" \/><\/a><\/td>\n<td style=\"background: transparent url('http:\/\/picasaweb.google.com.tr\/s\/c\/transparent_album_background.gif') no-repeat scroll left center; height: 200px;\" align=\"center\"><\/td>\n<td style=\"background: transparent url('http:\/\/picasaweb.google.com.tr\/s\/c\/transparent_album_background.gif') no-repeat scroll left center; height: 200px;\" align=\"center\"><a href=\"https:\/\/goo.gl\/photos\/9w2YVzX7wjnLYfFD8\"><img loading=\"lazy\" decoding=\"async\" class=\"aligncenter\" src=\"https:\/\/lh6.googleusercontent.com\/-PVXLMzOnQDk\/U4xcUp44jfE\/AAAAAAAAXSY\/H97tl7gQPa0\/w180-h120-p\/AstanaSosyal2014\" alt=\"Foto\u011fraf\" width=\"180\" height=\"120\" \/><\/a><\/td>\n<\/tr>\n<tr>\n<td style=\"text-align: center; font-family: arial,sans-serif; font-size: 11px;\">Gala Yeme\u011fi 17 Kas\u0131m 2011<\/td>\n<td style=\"text-align: center; font-family: arial,sans-serif; font-size: 11px;\">Ak\u015fam Yeme\u011fi 18 Kas\u0131m 2011<\/td>\n<td style=\"text-align: center; font-family: arial,sans-serif; font-size: 11px;\"><\/td>\n<td style=\"text-align: center; font-family: arial,sans-serif; font-size: 11px;\">Astana 2014<\/td>\n<\/tr>\n<\/tbody>\n<\/table>\n","protected":false},"excerpt":{"rendered":"<p>Gala Yeme\u011fi 17 Kas\u0131m 2011 Ak\u015fam Yeme\u011fi 18 Kas\u0131m 2011 Astana 2014<\/p>\n","protected":false},"author":1,"featured_media":6817,"parent":5089,"menu_order":0,"comment_status":"open","ping_status":"open","template":"","meta":{"footnotes":""},"class_list":["post-5092","page","type-page","status-publish","has-post-thumbnail","hentry"],"_links":{"self":[{"href":"https:\/\/xn--adal-oza.net\/index.php?rest_route=\/wp\/v2\/pages\/5092","targetHints":{"allow":["GET"]}}],"collection":[{"href":"https:\/\/xn--adal-oza.net\/index.php?rest_route=\/wp\/v2\/pages"}],"about":[{"href":"https:\/\/xn--adal-oza.net\/index.php?rest_route=\/wp\/v2\/types\/page"}],"author":[{"embeddable":true,"href":"https:\/\/xn--adal-oza.net\/index.php?rest_route=\/wp\/v2\/users\/1"}],"replies":[{"embeddable":true,"href":"https:\/\/xn--adal-oza.net\/index.php?rest_route=%2Fwp%2Fv2%2Fcomments&post=5092"}],"version-history":[{"count":4,"href":"https:\/\/xn--adal-oza.net\/index.php?rest_route=\/wp\/v2\/pages\/5092\/revisions"}],"predecessor-version":[{"id":7722,"href":"https:\/\/xn--adal-oza.net\/index.php?rest_route=\/wp\/v2\/pages\/5092\/revisions\/7722"}],"up":[{"embeddable":true,"href":"https:\/\/xn--adal-oza.net\/index.php?rest_route=\/wp\/v2\/pages\/5089"}],"wp:featuredmedia":[{"embeddable":true,"href":"https:\/\/xn--adal-oza.net\/index.php?rest_route=\/wp\/v2\/media\/6817"}],"wp:attachment":[{"href":"https:\/\/xn--adal-oza.net\/index.php?rest_route=%2Fwp%2Fv2%2Fmedia&parent=5092"}],"curies":[{"name":"wp","href":"https:\/\/api.w.org\/{rel}","templated":true}]}}