{"id":5148,"date":"2018-05-26T09:43:05","date_gmt":"2018-05-26T07:43:05","guid":{"rendered":"https:\/\/xn--adal-oza.net\/?page_id=5148"},"modified":"2019-05-10T17:10:42","modified_gmt":"2019-05-10T15:10:42","slug":"bartu-2009","status":"publish","type":"page","link":"https:\/\/xn--adal-oza.net\/?page_id=5148&lang=en","title":{"rendered":"Bartu 2009"},"content":{"rendered":"<table style=\"text-align: center;\" border=\"0\" width=\"100%\" cellspacing=\"0\" cellpadding=\"0\">\n<colgroup>\n<col width=\"%20\" \/>\n<col width=\"%20\" \/>\n<col width=\"%20\" \/>\n<col width=\"%20\" \/>\n<col width=\"%20\" \/><\/colgroup>\n<tbody>\n<tr>\n<td style=\"background: transparent url('http:\/\/picasaweb.google.com.tr\/s\/c\/transparent_album_background.gif') no-repeat scroll left center; height: 200px;\" align=\"center\"><a href=\"https:\/\/photos.app.goo.gl\/mTCpHjs9d76zrDVE6\"><img loading=\"lazy\" decoding=\"async\" src=\"https:\/\/lh5.googleusercontent.com\/g0nnsswZGmNImVk6AVEd_n2h4_Ip8mxsg7RhOdJyLS4=w369-h245-p-no\" alt=\"Foto\u011fraf\" width=\"180\" height=\"120\" \/><\/a><\/td>\n<td style=\"background: transparent url('http:\/\/picasaweb.google.com.tr\/s\/c\/transparent_album_background.gif') no-repeat scroll left center; height: 200px;\" align=\"center\"><a href=\"https:\/\/goo.gl\/photos\/weaB6fVYgyYb4jws5\"><img loading=\"lazy\" decoding=\"async\" class=\"aligncenter\" src=\"https:\/\/lh3.googleusercontent.com\/Tahd9oR1tVnqtSYHdQZXPefJZTep9iJvYFSJleFKpw8Zj9zG_kbt0g8veEN-RG7qu4o2piX6bozEFPd-J0N2t8Qq8WplKfVcAOJ2_0Kd2DySP3-aiRzUzZy_21v0zCedtlZVK215PYK4mtGjKAOeGq3QhVQspsfgsP0eDwMrwTi1YTBkuxJ8vXVe4nSYoAv7O-k4vBZBKy45cx0rbabagAgfyiAJ9k1eWwPK9q33rBKrG6jJY50Qcvai2NhSh0hcSfwKbf7vthtDD9kgLzDPnDlCQ7pPeAHBFuKY9kpZT3U3a623x3tGCJfSbvIcPOxnaIyGnwPxwvd1R208bRroxuEHCQbVbodcycrUEaLpKtzJHuS1RGl-j5VO82J8bTrTOFBC36thDaTmq_5TyZe0avNsKgJuMY_y7veWMqHV43We2EmgBIBO0cVOVuddhVgWVNfELqCnyCuKfM4kGAr9GzUvGVjjZbVpZdmvW3i6mAnVlwDyK0qhx7AopKpjRY6Aey19RB2CgNDAuE32vMd2RaZJJ8G-3eFpdz4oopWAX8Q=w1144-h761-no\" alt=\"\" width=\"180\" height=\"120\" \/><\/a><\/td>\n<td style=\"background: transparent url('http:\/\/picasaweb.google.com.tr\/s\/c\/transparent_album_background.gif') no-repeat scroll left center; height: 200px;\" align=\"center\"><a href=\"https:\/\/goo.gl\/photos\/X3pf21tZ6AXGjVGK9\"><img loading=\"lazy\" decoding=\"async\" class=\"aligncenter\" src=\"https:\/\/lh3.googleusercontent.com\/pNUTMNh9sPRKz092k7Ob4-Q07qOOl35YkC_if6HIPXlFr6ITWdUYF0tb-b2HeFC1OoBWZZ_SFsDGT6CevN-Ci9_kp6nFT7p5RUBA3-xIb-hG-s5icJMxWdFTe3noQNer1Z9yIR4RhQwIfrT-mATK5nHZrgSiP8OkQJcDOhMQiDiA9JUSxw6E1nJf_ZBmAABzKHYf2MERQzfGMZ6lv0MmfTpmFtKD7wYM1KFbDkEu2o8qxaf1aaDxviQZ9vL4Cw-hnmLcW8DjH7l0fOc0hvIFJCoOy8VHTdvOW73bILoCL9YMCBEAoGU_OTsTlPEOiPetn1QpUKWDn5zC3euZtQes3DM0uP76Nmkmfok7igDbMfPt05svEnRHE9w2aPscCoBJ2UL5OZzbsapzu8ZvUJqeh15cVdrwZkWpa-45YG4IHVvwdTTCJ71t1qTTHyPzzZhE_W_FaNECSu6WIIFLOD5nLKsA2pOsvkvxx2VOUm3DyBQcLBR_Z3TkAgwW01vYMnUvBZqxZV9MfbzS5iYew4iZNhLtvBYS8IPCkaeFRx_e9Ng=w1144-h761-no\" alt=\"\" width=\"180\" height=\"120\" \/><\/a><\/td>\n<td style=\"background: transparent url('http:\/\/picasaweb.google.com.tr\/s\/c\/transparent_album_background.gif') no-repeat scroll left center; height: 200px;\" align=\"center\"><a href=\"https:\/\/goo.gl\/photos\/KXbreiNTbcVNhcLJA\"><img loading=\"lazy\" decoding=\"async\" class=\"aligncenter\" src=\"https:\/\/lh3.googleusercontent.com\/TJ8EYXoLjJ8AEtnMZy9tks3x4Fc3-P8BTyhkOmB8ydRSZsTVnCu1tCZWwZ2Lzc6P1TkOaWuO59h-O5-fB8H50c6V0PhTTJX7b-Qkzy4dYxSpalJt2bNu4Op2gZvgsw1D0hPb7k85a4nHu4KxFQjqaXeuFf-q1OBmRr1h36zjoYgJ7yZ3JRy6PI4AStLQafYUD7RgJT0XiPlexT-Y2fgigKNzjOH-_cL6e-7xFKp3-xbtyDq9xyWEL7dx9wmVJ97wdD-TDQCPq5uYp3oO_aTUs9b75MqBaxvrrfXrfPq4h6yxV3hKvv2FPwKbNl0zt-okLS6V4E-V_5tJ4UyiyJck8brYzeGXllQkjqZzv4DDaS7dbOArZ5L7wBJA-41Bw65I5n98pj1cpE2tnVClsMT3RiYbargXvVwWkw_Ob4_oC5BZ1kU-9q8-J5rGa-1cCrMpR7NP3INFiLX5vuQnF0SWZnaIt7KIqW12DZjOn6ccIaHjgBnl0xbvJLLtnxlUOPgaIac9NRi6Ua0CloRKdHnLb4NlrrBkJytKyiZC7R8u9S8=w1144-h761-no\" alt=\"\" width=\"180\" height=\"120\" \/><\/a><\/td>\n<td style=\"background: transparent url('http:\/\/picasaweb.google.com.tr\/s\/c\/transparent_album_background.gif') no-repeat scroll left center; height: 200px;\" align=\"center\"><a href=\"https:\/\/goo.gl\/photos\/U2GC9GVo1J5hPniq6\"><img loading=\"lazy\" decoding=\"async\" class=\"aligncenter\" src=\"https:\/\/lh3.googleusercontent.com\/ZaneDfH7QzbxtL_tYHleyY7tyGditnSu5B-0gALsXNR38seLN_q2p5l52O9Hj_MYdRmBfqIu2FAau6jR2XrtZRC6maL_ElvO_CJTdTqS4Eeub6L7PLpl9yhbDu_cOmDq8Nt9kK8UpskoUvhgzXmjpMz8B-G_0kkQ2qAKMB3UBRgYEL_-6gAMwVEliB43ESVN7yd0rOouZcubmPJxxd8XBftp_FHUzj7uZRKBNrYq4qhODHOHlJMyiVDU5jBdKtmxk9LdVkjfPN7LQsfc7TW_5MYD_RnYNocpRaPRVEvTuLs9hhMB_CZ-7OsxoXxiAeBDUZZc-M4CmIFqPMGdDmwD3Z4oMRVFL8NoarJC-7rAcMAKOxl87Y2pQJLpH-J9mIstDayemnFTOrCLrJ-PmZLhTMqj1-mxN_rhJJv8XpCVa6mxHx1aRIs6D9_RIGjot3ffG8DFJ96EpUTRFnKxA5ybs3xlwxfyv9Uz20c5QHbEx70iqzxmGsGmOZwfkLkggU9zIyDXhD7vIU93_QNrKqXnIXB0Ul2C71dGNHTX2KQOpas=w1144-h761-no\" alt=\"\" width=\"180\" height=\"120\" \/><\/a><\/td>\n<\/tr>\n<tr>\n<td style=\"text-align: center; font-family: arial,sans-serif; font-size: 11px;\">6 Ekim 2009<\/td>\n<td style=\"text-align: center; font-family: arial,sans-serif; font-size: 11px;\">10 Ekim 2009<\/td>\n<td style=\"text-align: center; font-family: arial,sans-serif; font-size: 11px;\">24 Ekim 2009<\/td>\n<td style=\"text-align: center; font-family: arial,sans-serif; font-size: 11px;\">14 Kas\u0131m 2009<\/td>\n<td style=\"text-align: center; font-family: arial,sans-serif; font-size: 11px;\">28 Kas\u0131m 2009<\/td>\n<\/tr>\n<tr>\n<td style=\"background: transparent url('http:\/\/picasaweb.google.com.tr\/s\/c\/transparent_album_background.gif') no-repeat scroll left center; height: 200px;\" align=\"center\"><a href=\"https:\/\/goo.gl\/photos\/1dDZeHw6vnQ5Yq3J8\"><img loading=\"lazy\" decoding=\"async\" class=\"aligncenter\" src=\"https:\/\/lh3.googleusercontent.com\/VTfmE9wUbRCx_4AlWYlmedUg47zW5x5yG7sxV7MgC4DhH_kVH48mZyaQKAOys0J5ytgE92bIrF30KUoxuuTizSJYvFEbPRNHn-vE1dBOHzRnITzfJaDJiY_B-Sg3Urk7YI3dEuby-SxRxoUNgBHQjS6f1rVolaiYGfpIdhfmoXpBKxV9oe1zuxAIN6u1il_oHO3LtDd_N2eP64btT1R3YJOMbxTzWML0YumYxsTqGiIdbXeYwhMUmWtmLQD9jDUrSMnktdpLUuX7y3TqLTm5ICNMxCJab3HDhGXkge3m6U7MN4Dw1vt3V322RoEWMYiyNiRGzomzQkXX4vKlQdmnkaImgFBOku7s0tJCAhZOTkANkquklwQo71Es2X8yp3p3SKI6arSJwPmMxTGyjA9RCTAY_36AmHooYEuTaq0n62yHVT6a4dAC5nDkQntDXRrSTRFtVJJLadlQzhzXykwc7GvGx6nSGyKmgW3fLNSsURm06MWuYROK0sG2jEph6qeAG8Y8POEbR5raE0USQSLiXison6DrO-GuidUZ5CCCVoE=w1144-h761-no\" alt=\"\" width=\"180\" height=\"120\" \/><\/a><\/td>\n<td style=\"background: transparent url('http:\/\/picasaweb.google.com.tr\/s\/c\/transparent_album_background.gif') no-repeat scroll left center; height: 200px;\" align=\"center\"><\/td>\n<td style=\"background: transparent url('http:\/\/picasaweb.google.com.tr\/s\/c\/transparent_album_background.gif') no-repeat scroll left center; height: 200px;\" align=\"center\"><\/td>\n<td style=\"background: transparent url('http:\/\/picasaweb.google.com.tr\/s\/c\/transparent_album_background.gif') no-repeat scroll left center; height: 200px;\" align=\"center\"><\/td>\n<td style=\"background: transparent url('http:\/\/picasaweb.google.com.tr\/s\/c\/transparent_album_background.gif') no-repeat scroll left center; height: 200px;\" align=\"center\"><\/td>\n<\/tr>\n<tr>\n<td style=\"text-align: center; font-family: arial,sans-serif; font-size: 11px;\">12 Aral\u0131k 2009<\/td>\n<td style=\"text-align: center; font-family: arial,sans-serif; font-size: 11px;\"><\/td>\n<td style=\"text-align: center; font-family: arial,sans-serif; font-size: 11px;\"><\/td>\n<td style=\"text-align: center; font-family: arial,sans-serif; font-size: 11px;\"><\/td>\n<td style=\"text-align: center; font-family: arial,sans-serif; font-size: 11px;\"><\/td>\n<\/tr>\n<\/tbody>\n<\/table>\n","protected":false},"excerpt":{"rendered":"<p>6 Ekim 2009 10 Ekim 2009 24 Ekim 2009 14 Kas\u0131m 2009 28 Kas\u0131m 2009 12 Aral\u0131k 2009<\/p>\n","protected":false},"author":1,"featured_media":6876,"parent":5137,"menu_order":0,"comment_status":"open","ping_status":"open","template":"","meta":{"footnotes":""},"class_list":["post-5148","page","type-page","status-publish","has-post-thumbnail","hentry"],"_links":{"self":[{"href":"https:\/\/xn--adal-oza.net\/index.php?rest_route=\/wp\/v2\/pages\/5148","targetHints":{"allow":["GET"]}}],"collection":[{"href":"https:\/\/xn--adal-oza.net\/index.php?rest_route=\/wp\/v2\/pages"}],"about":[{"href":"https:\/\/xn--adal-oza.net\/index.php?rest_route=\/wp\/v2\/types\/page"}],"author":[{"embeddable":true,"href":"https:\/\/xn--adal-oza.net\/index.php?rest_route=\/wp\/v2\/users\/1"}],"replies":[{"embeddable":true,"href":"https:\/\/xn--adal-oza.net\/index.php?rest_route=%2Fwp%2Fv2%2Fcomments&post=5148"}],"version-history":[{"count":4,"href":"https:\/\/xn--adal-oza.net\/index.php?rest_route=\/wp\/v2\/pages\/5148\/revisions"}],"predecessor-version":[{"id":7663,"href":"https:\/\/xn--adal-oza.net\/index.php?rest_route=\/wp\/v2\/pages\/5148\/revisions\/7663"}],"up":[{"embeddable":true,"href":"https:\/\/xn--adal-oza.net\/index.php?rest_route=\/wp\/v2\/pages\/5137"}],"wp:featuredmedia":[{"embeddable":true,"href":"https:\/\/xn--adal-oza.net\/index.php?rest_route=\/wp\/v2\/media\/6876"}],"wp:attachment":[{"href":"https:\/\/xn--adal-oza.net\/index.php?rest_route=%2Fwp%2Fv2%2Fmedia&parent=5148"}],"curies":[{"name":"wp","href":"https:\/\/api.w.org\/{rel}","templated":true}]}}