{"id":5149,"date":"2018-05-26T09:43:12","date_gmt":"2018-05-26T07:43:12","guid":{"rendered":"https:\/\/xn--adal-oza.net\/?page_id=5149"},"modified":"2019-05-10T17:31:16","modified_gmt":"2019-05-10T15:31:16","slug":"bartu-2011","status":"publish","type":"page","link":"https:\/\/xn--adal-oza.net\/?page_id=5149&lang=en","title":{"rendered":"Bartu 2011"},"content":{"rendered":"<table style=\"text-align: center;\" border=\"0\" width=\"100%\" cellspacing=\"0\" cellpadding=\"0\">\n<colgroup>\n<col width=\"%20\" \/>\n<col width=\"%20\" \/>\n<col width=\"%20\" \/>\n<col width=\"%20\" \/>\n<col width=\"%20\" \/><\/colgroup>\n<tbody>\n<tr>\n<td style=\"background: transparent url('http:\/\/picasaweb.google.com.tr\/s\/c\/transparent_album_background.gif') no-repeat scroll left center; height: 200px;\" align=\"center\"><a href=\"https:\/\/goo.gl\/photos\/3dTG89UNZfxfNb1x7\"><img loading=\"lazy\" decoding=\"async\" src=\"https:\/\/lh4.googleusercontent.com\/opPCXVSv9BMG-ZkITnuwMnR5FrDAy1ezkVYcVoMJPQc=w340-h226-p-no\" alt=\"Foto\u011fraf\" width=\"180\" height=\"120\" \/><\/a><\/td>\n<td style=\"background: transparent url('http:\/\/picasaweb.google.com.tr\/s\/c\/transparent_album_background.gif') no-repeat scroll left center; height: 200px;\" align=\"center\"><a href=\"https:\/\/goo.gl\/photos\/DqasAwFFNazc54Xg8\"><img loading=\"lazy\" decoding=\"async\" class=\"aligncenter\" src=\"https:\/\/lh3.googleusercontent.com\/pVv9R4QBsne_ni-_i63g6Z2esSpocQzcuw3dcQd8kuleH1VTtZtSemzNbIc8s5Uj5UhDzDbJoksxvj3Qi1rDn0Qe0ccflDwAJVdaN35i0LCmw4lnNIUH7qNQ84uTtxTaX3o2afV-bRCrsn6EH1pEekCBx81B3K2_-wb-yLlkpuow2-dPW7i0gbjrhMXbAuR5AMdCGZ3woP0Jv9GOCHJANlxvtidSe5VZCgfgAT3mt-fG6_HUWZcxKMVTzmJI7iR2mEH49nd42bz5mwbxRD00MdVnymtFmJW3_GHGXM6yOjC9NsoUJ77k4grsD3rVmbBTMbDMaM0lWGQttABbvA-tYMlXgYWgL_0MlTi29o8gsqyeGJO458oupEv9l4xMdZEqbp2F9Czzfg5mxQpHAn9M8fis2aoL4LxcFG9cEpcUJ6jAM0G-HgH9XNYFmSmmL2sCS4wKgDW8_nVAl3A3F6IcfJ0_pUVKGcLxLEPBixL3qy9YapYAczWasNBFiXRVX0CXBm4N-cpmcJ98TN9TDuDssh_EL_abJxWgtl0afZX4B1Y=w640-h480-no\" alt=\"\" width=\"180\" height=\"120\" \/><\/a><\/td>\n<td style=\"background: transparent url('http:\/\/picasaweb.google.com.tr\/s\/c\/transparent_album_background.gif') no-repeat scroll left center; height: 200px;\" align=\"center\"><a href=\"https:\/\/goo.gl\/photos\/xL4umHCroi7DyeCe9\"><img loading=\"lazy\" decoding=\"async\" class=\"aligncenter\" src=\"https:\/\/lh3.googleusercontent.com\/_cqQlX3pQJehTL7dcNp_aI9cwANmmnFMTWPAHoOqnz9NPjiMo6oUGpCgnXbK3IHENFK8zeo_ZITkcU4GtLSPpsrYpwesVs0pGVbakHJ6mHy9g-l9fLcmZ4P7aInVWI5HEyI6MYF6KKEAOJg0VExMk51LXBsCrgRYLsMx1DfZc_X-2W58NNcsLZxvcnBUL1ftnjNarZuPi0FUagFoIcNfcavcbGrSL3cADfpVkEIX9piVhn-DdQ9rn-Q_PgudZSWY5Z7WlF6eK0pcywUbKPnHZpvjtZXMrn6-cis80PEdop1cBB2tokmcnzoq32u1XoDF3RCP86bBpvFA6hkQcQDzNaUOHW3trm7v-UodNRHrORIim7ThY7uxtevuQC5R3x-rJ2zazwgdKAaUNnQ1R3bpw4PwfIFSGQqTe5509lnyiRWISk4Nbbp6qBwVBZRw6eGpPgJ9QsBHjInhcvSoGHDOgGFWP1U72XmAjvJp1b8PTzft5sAEMgGaFqG4fnft69J_8Hs2F68hl_ZOS5prqtq66MYx_d3YgB-o8iL62kKtyzI=w571-h761-no\" alt=\"\" width=\"120\" height=\"180\" \/><\/a><\/td>\n<td style=\"background: transparent url('http:\/\/picasaweb.google.com.tr\/s\/c\/transparent_album_background.gif') no-repeat scroll left center; height: 200px;\" align=\"center\"><a href=\"https:\/\/goo.gl\/photos\/z4EQbPsBwKTdTPR96\"><img loading=\"lazy\" decoding=\"async\" class=\"aligncenter\" src=\"https:\/\/lh3.googleusercontent.com\/iA_u-X8WdkATxigHzqGvfFkOgKARm57J2ZJNdITV_XQTg_c73vxdWjBmkF_1c1pFye1fX2ozD4AkRDVSbqEk5a4I64aao4Zp216P51m2iSbOI8OmplJ_MeqQOgxPxs8SFX7PNbcO7bGTRBIX9SNArIlwYVoTP9hxDPC94LNtAtUr36xBeQE-IiJULVNVKqOo4Wcu2sNkMBk3BomiAOG5ynpur8nFMObsT3OVP-rFQS5fRITsLk6u4x0t5YlBKCgFMQtmq4lcLtxtrtzdYAIbZkblbqdgmLweCwy1cnkKWCd78eOySmDL3bU6KFs5MdNa3nEzgyp_o2UYwbk5QGwa5KsN7-9Npl8dv10iJHprT4X9uCUbs0aBAspXZ6jZKpErIrMnpcLDSFtFdvxb739uCNoXeR3vFGlOjjjJaQsHykTbfwcX_HZPgU11ucVtVsDVNIHfViP0W-BCMx6K4V5QU22PQz6QkAtK2nwhwuRC7aKgaR4S-qkRkK9k7YCtMkZMpUTDkZj4xafy9ozeAVnWS4AnH2qoDpNSZJTcl6YlP_8=w1144-h761-no\" alt=\"\" width=\"180\" height=\"120\" \/><\/a><\/td>\n<td style=\"background: transparent url('http:\/\/picasaweb.google.com.tr\/s\/c\/transparent_album_background.gif') no-repeat scroll left center; height: 200px;\" align=\"center\"><a href=\"https:\/\/goo.gl\/photos\/Vo7awi9tULarVTWu8\"><img loading=\"lazy\" decoding=\"async\" class=\"aligncenter\" src=\"https:\/\/lh3.googleusercontent.com\/bwRyX6PyrD2H-ojiSvUKGnV-SKmmA9teNj32GgIdNAeU716e-EXirttBu8iVTtWlk-vQGBJLBWrL_IA26oxAZW6iIsxP6GJBuPn-fNB5pmtQcTK6XeWuZoEUMc5LE797DyHsIFtAQTguXc68Th_DN5Vt8yxlsNVpLzy94oUhvKUW3bf6jjU9P4cSRHeIp6NwM41X5AUwBDqbXFU_OyuV1V8qpkXSI0W07DQm3UhIlwOnaNxZqHKAp3N23ZEycoeRFYFpKOCH3vc09zU1zOWQ22f6IQaGuWwZlbk573nQEAgPlp7jMBwN-jcSCW45IXnawJOcJBeppDh4mAWbB0zwqlOhf38r4rwRISMJsKR2SVxozBC2PW_LaDksPcvurLRE6j8bUx7zWGInlOn-HXMczlcKY3vZ_r5QMoJRneRopJDsBR-rtBc-O4wGYK5vU7aRM_nRrN4sysh1J2dYT6wkyBSWLDzLbBg5qWW901CVVy4xwdYRrr-N8PMv5eQhW-x2LU0HqoTGIWAdo9MCW8b2FRUS5se4pvfDvJB8tWqWnpI=w1144-h761-no\" alt=\"\" width=\"180\" height=\"120\" \/><\/a><\/td>\n<\/tr>\n<tr>\n<td style=\"text-align: center; font-family: arial,sans-serif; font-size: 11px;\">4 \u015eubat 2011<\/td>\n<td style=\"text-align: center; font-family: arial,sans-serif; font-size: 11px;\">5 \u015eubat 2011<\/td>\n<td style=\"text-align: center; font-family: arial,sans-serif; font-size: 11px;\">13 \u015eubat 2011<\/td>\n<td style=\"text-align: center; font-family: arial,sans-serif; font-size: 11px;\">26 \u015eubat 2011<\/td>\n<td style=\"text-align: center; font-family: arial,sans-serif; font-size: 11px;\">27 Mart 2011<\/td>\n<\/tr>\n<tr>\n<td style=\"background: transparent url('http:\/\/picasaweb.google.com.tr\/s\/c\/transparent_album_background.gif') no-repeat scroll left center; height: 200px;\" align=\"center\"><a href=\"https:\/\/goo.gl\/photos\/38JmjaQe8u2rYJD4A\"><img loading=\"lazy\" decoding=\"async\" class=\"aligncenter\" src=\"https:\/\/lh3.googleusercontent.com\/hcSh-hzB7R3uRjVOE7uIUjXE4E3xnVzEZzie5HvgKrOhOeMW9JQfU8KlTjn06OuaHLMYNlmQLBKFWq4THuLGdh85Fer9E4u5O1feruL_-Zs94Bls_aRbPJtu2UfkQoQZxUH0EjDrp5mpOOZjBoxVcSIQMVLUFNjRyL-mz51jfnlW3ZAYWRlP0qclYkM31csDnm_jGNdbVUexskQf30LYd3KtV0WyVz-7JQ51KBxHPpeYlZlh6aM1TdjGSpkid6wNR0QCN7YJFhFhaeitpmdRetySyEBM3AN2dWmL-NLTLrPBVb0qq_xhfc9d2nTCukHsIieDJn_pfLhE_lgzcmameImGC-W08yjcNU5Yk2tocu7eF7fd3osa4QgYWy780v6mx0Gu1JfZVVn_ppHXNjh868SguR95DQo4Agi5kHb2rdurWOnDxsxXELellmrW3Fe4ndIyvjvW_2tUNYNAQjBm5lgfOCkbU8PpWOV7EEx2Gj3eKMQfmjsMRb0GIzaMKAIb_uykAJTuZecwgEVj2FoT7N1k6H5vHl9Pa53gafTlSpk=w1144-h761-no\" alt=\"\" width=\"180\" height=\"120\" \/><\/a><\/td>\n<td style=\"background: transparent url('http:\/\/picasaweb.google.com.tr\/s\/c\/transparent_album_background.gif') no-repeat scroll left center; height: 200px;\" align=\"center\"><a href=\"https:\/\/goo.gl\/photos\/nVHD8gsA2kQQWbsy7\"><img loading=\"lazy\" decoding=\"async\" class=\"aligncenter\" src=\"https:\/\/lh3.googleusercontent.com\/ljhldPXtAKSXmElCuYjDCJLYHhTSsZvZ0_l2gq92pyXznWp6O3NHEm0Xg-nHlKv34gHooZ8aidJfeY0m4yyv34uf9oYdH6q9xtgVUpMeywU08v6NCdAFxjdVXjrqUOeg5nNES3Mn1Dv4hb4ccBfp9KldAZetF9CM5sPx4JgbPI2q6p-Jlq1K0U5GG3aMgAevEq-rF-43lL58Oih-EcnDmQyD522gXTE_YIjtV3_ylfaNCbggWLfnEcqbc-O_uLnhILmPo2UO8XyllLcAsAL0VQTYr86FokxYjX78dlMn0YzcsnQi0PCmr8RecmW5Jw5l284UB0sKWRokKOLHOqInJOhFnSm0TlY0uwGA4kfdBcikb3bZf1zPTprgwYvd72hlLWgGTHiN2uDS3GAS0KUtHdnvLyt3lY8Mv9hhtt8qS6bvmmkX7WkvyrlgVFKRHB6GzIUVPxfREMxdwoXsNWg19-sQZf-M-YT1FJn32hGvHTu3Jb_y4KJzp7MzjFUaPKivNtuY1Y9Ero82GSBguvv1NhnwoHopDNJNR3sdJ8rGdYg=w1144-h761-no\" alt=\"\" width=\"180\" height=\"120\" \/><\/a><\/td>\n<td style=\"background: transparent url('http:\/\/picasaweb.google.com.tr\/s\/c\/transparent_album_background.gif') no-repeat scroll left center; height: 200px;\" align=\"center\"><a href=\"https:\/\/goo.gl\/photos\/YHWgArbZpmhhRmaC8\"><img loading=\"lazy\" decoding=\"async\" class=\"aligncenter\" src=\"https:\/\/lh3.googleusercontent.com\/p_rJ8cUZC_xZoo7IU1G_R-2LT7K7F0VpNT4hGDgMmdz1g90AoIZdQazsAUTYi7bK0rrG6ozx0s7LqcQmD3_vx6dMsAofVfNOFMPKgc1LZ9E7xirY5ELwDf1RypJuX-5ylADjWv5-1X6PnEZUufbK-ODgTON_K2XFF-em-mwtBSiCNfArjUsCVEjs79b_l5PsqxTARaIxSE3nX6YVALVZyBofgy9HGhF_w9cM9fF9bqkxjvs6woVjbAy01nwgE9jSYYXQqR5HR-i3IhOurCwbLLreQR7CxQRlHDmX2WvEutmGGkWWhqdtBH7l8QmuqqwsiysK_pgWP3nRKvKy29F_PTrTv9pMuUWYGBqHY5EESBhlffYICYqEVE-ywKQ5OAhie9jawPKO6XiujyvNt71DnvOruaN0asz5w5DxxsDB5Yi8SxGUF44b2nO_uNnxM1wT6092f7stap5mGtKp3oB32cxFY5nGbmunLgpYywF7VhMv0WNynNER4GiUGNdIlwpZOyKgG27ZJgkOvDgiwi1cDeR13pi6XrJLNKavYMI6wW8=w1015-h761-no\" alt=\"\" width=\"180\" height=\"120\" \/><\/a><\/td>\n<td style=\"background: transparent url('http:\/\/picasaweb.google.com.tr\/s\/c\/transparent_album_background.gif') no-repeat scroll left center; height: 200px;\" align=\"center\"><a href=\"https:\/\/goo.gl\/photos\/iTXbGWKCx8frCrZm8\"><img loading=\"lazy\" decoding=\"async\" class=\"aligncenter\" src=\"https:\/\/lh3.googleusercontent.com\/jwR5nFr4vsCvIUV3Qu23zGgB9m-t343-jsSHjmSjOhuFwr0V4ofDuiA5GGRYY6hx1cNzBf1LG8xbJ3BbRUF9Hk7swzIxM7YwnnhWyHY4ZE1EDvo-Bk9UMnPYhKH6uGa1QvYS6Tx-0UT0--MPFMgLLeWn9pvrgQislMWBw6YEHaooWGpDyN4Hb0sf1N-Ukil7KOzE3cJGttxmEpud2vwyPjtDVr0DN2_AmEujal2uvRfv_aZ0ZpOOF4yQwwjf6QRL8vO5cwazhJpBAOkXoiMZXMutDBjGsqDPYAV9x82VqmVm6xEoJptHzmtPnclgxUO7ctRoa9F2ayf9DHWsqb2LuO_ld1SX00GoEnA3CR7vsKDijipP8mk3XMWMoOGpijCtzR5J9OQhbyWhqzzQUwUJkTWBEbF3OC4XAofUmqrPfQ2OFQhfcyT21uP9ID0dhUS3ftafVxxqwMACOiLszaz9exVNkPs3ZfNItsx2F-1jgpcIaUNxVh7uHrkzW27qtoHQFRQPJ1QMqWTUOLv-QF9ypnIqtSe6Lb1vksbAQyrLnJc=w1144-h761-no\" alt=\"\" width=\"180\" height=\"120\" \/><\/a><\/td>\n<td style=\"background: transparent url('http:\/\/picasaweb.google.com.tr\/s\/c\/transparent_album_background.gif') no-repeat scroll left center; height: 200px;\" align=\"center\"><a href=\"https:\/\/photos.app.goo.gl\/SJzVD6ecXKC1329XA\"><img loading=\"lazy\" decoding=\"async\" src=\"https:\/\/lh3.googleusercontent.com\/RaX2LzlfOU01TNJjRlwD9lBR6-JUjF8RuRBqbIJI0teb4INtxwsFw4F1aQH8mqRkB1JKQBVgrFo4OEca6vnnZ-9atF6aJ_k5ojkSUqFyvhKUMdzU0-kpQgouoElwpjM_5IS-8TQKO3fCgVJRGdwU7tJbT4dm5-Om2le1CQx7aBjI2Q4MOJA9iYD1JRnnHuqLxA9cQZZrh1xsY5Sqs9zqqIL1oggqxSMGhI_QHxBJzZbHBHoSiOHCb1tU_fbS2FUkV_u4XVRWhkXImKQvmj8mYuYvDdr78M3u87I1TqzYjNbAQs10mYw93Nysm_rU1T6PZ3i69mgkZirYq_J8YW2B86aWXUnSMF7wzrjl3FumNXAkABnFi5hRbetU-6tbVggvSkebP-YZK1uNheR1r4f1l3FgM3zAK8TEcUW9bwAzU4vAjTqr7hdmPfTNGB_B6dNl8ufvmMUEdys50tBzJciMR9AjBoGYsMfeTxzdzdGLB3nqEevkSckoLd_f4qLltycv2nUfQU9xR4jDKr1s4MS3a8l1JGkYqNWkXXyhZ_1xfHo=w1144-h761-no\" alt=\"\" width=\"180\" height=\"120\" \/><\/a><\/td>\n<\/tr>\n<tr>\n<td style=\"text-align: center; font-family: arial,sans-serif; font-size: 11px;\">3 Nisan 2011<\/td>\n<td style=\"text-align: center; font-family: arial,sans-serif; font-size: 11px;\">7 May\u0131s 2011<\/td>\n<td style=\"text-align: center; font-family: arial,sans-serif; font-size: 11px;\">29 Temmuz 2011<\/td>\n<td style=\"text-align: center; font-family: arial,sans-serif; font-size: 11px;\">9 Ekim 2011<\/td>\n<td style=\"text-align: center; font-family: arial,sans-serif; font-size: 11px;\">10 Aral\u0131k 2011<\/td>\n<\/tr>\n<\/tbody>\n<\/table>\n","protected":false},"excerpt":{"rendered":"<p>4 \u015eubat 2011 5 \u015eubat 2011 13 \u015eubat 2011 26 \u015eubat 2011 27 Mart 2011 3 Nisan 2011 7 May\u0131s 2011 29 Temmuz 2011 9 Ekim 2011 10 Aral\u0131k 2011<\/p>\n","protected":false},"author":1,"featured_media":6880,"parent":5137,"menu_order":0,"comment_status":"open","ping_status":"open","template":"","meta":{"footnotes":""},"class_list":["post-5149","page","type-page","status-publish","has-post-thumbnail","hentry"],"_links":{"self":[{"href":"https:\/\/xn--adal-oza.net\/index.php?rest_route=\/wp\/v2\/pages\/5149","targetHints":{"allow":["GET"]}}],"collection":[{"href":"https:\/\/xn--adal-oza.net\/index.php?rest_route=\/wp\/v2\/pages"}],"about":[{"href":"https:\/\/xn--adal-oza.net\/index.php?rest_route=\/wp\/v2\/types\/page"}],"author":[{"embeddable":true,"href":"https:\/\/xn--adal-oza.net\/index.php?rest_route=\/wp\/v2\/users\/1"}],"replies":[{"embeddable":true,"href":"https:\/\/xn--adal-oza.net\/index.php?rest_route=%2Fwp%2Fv2%2Fcomments&post=5149"}],"version-history":[{"count":4,"href":"https:\/\/xn--adal-oza.net\/index.php?rest_route=\/wp\/v2\/pages\/5149\/revisions"}],"predecessor-version":[{"id":7670,"href":"https:\/\/xn--adal-oza.net\/index.php?rest_route=\/wp\/v2\/pages\/5149\/revisions\/7670"}],"up":[{"embeddable":true,"href":"https:\/\/xn--adal-oza.net\/index.php?rest_route=\/wp\/v2\/pages\/5137"}],"wp:featuredmedia":[{"embeddable":true,"href":"https:\/\/xn--adal-oza.net\/index.php?rest_route=\/wp\/v2\/media\/6880"}],"wp:attachment":[{"href":"https:\/\/xn--adal-oza.net\/index.php?rest_route=%2Fwp%2Fv2%2Fmedia&parent=5149"}],"curies":[{"name":"wp","href":"https:\/\/api.w.org\/{rel}","templated":true}]}}