{"id":5159,"date":"2018-05-26T09:44:18","date_gmt":"2018-05-26T07:44:18","guid":{"rendered":"https:\/\/xn--adal-oza.net\/?page_id=5159"},"modified":"2019-05-10T17:21:18","modified_gmt":"2019-05-10T15:21:18","slug":"bartu-2010","status":"publish","type":"page","link":"https:\/\/xn--adal-oza.net\/?page_id=5159&lang=en","title":{"rendered":"Bartu 2010"},"content":{"rendered":"<table style=\"text-align: center;\" border=\"0\" width=\"100%\" cellspacing=\"0\" cellpadding=\"0\">\n<colgroup>\n<col width=\"%20\" \/>\n<col width=\"%20\" \/>\n<col width=\"%20\" \/>\n<col width=\"%20\" \/>\n<col width=\"%20\" \/><\/colgroup>\n<tbody>\n<tr>\n<td style=\"background: transparent url('http:\/\/picasaweb.google.com.tr\/s\/c\/transparent_album_background.gif') no-repeat scroll left center; height: 200px;\" align=\"center\"><a href=\"https:\/\/goo.gl\/photos\/hVwCNgfqLwtipP2f8\"><img loading=\"lazy\" decoding=\"async\" class=\"aligncenter\" src=\"https:\/\/lh3.googleusercontent.com\/wpNl66XwKA2CR1-kJOgAjAFLHjaYgGVJcyIZtr4gzLR3Z_wEYLl1KB6agIVEHz3n8lO8vWOi3FkTk75XFCHR4SJJkVArQff11QXluOzP-fBuZnWsxZlLQKCbgOV1P9MTT_xJwHkFfWTQq199M4PQSGoRrtrFPICvFBnCx_v0pJQCtnKkBNwojhthARfM6SWHNwDA9bause4CuHA8goZ2Cl0c9miJq8vcPOFReaRdxjWUEnGc2XPp4H7gyXc8tx8Dvi9u33TTYI_I4aeeByK2LXODruigXSbA2GzPrcIs7n-wAAKLbAcLQ5Szufpek1C1Hb1vTn44LZmLnvqTO-b_hUrgNCFvc1vIvbFXilY0oPCYKN-aMUgpD2vPLcdS7md7EIejEPj7QX0V6GvjGd0XEUzixX8sbcBsC0j3TvwnDvFb8MxQ5G9nGG1qRuMr51aPs6YRrAJBJRA4wFUftKeuZGfYtWmvD4DKO8Jb9M2e-mP6ygIws2g50SuV3Cj6tq0axwA6d3Clgmz4hNpiP4m3fT8lUvHc9Ria6tuGLHJuRUw=w1144-h761-no\" alt=\"\" width=\"180\" height=\"120\" \/><\/a><\/td>\n<td style=\"background: transparent url('http:\/\/picasaweb.google.com.tr\/s\/c\/transparent_album_background.gif') no-repeat scroll left center; height: 200px;\" align=\"center\"><a href=\"https:\/\/photos.app.goo.gl\/y4RKUr1rYb4qiidL8\"><img loading=\"lazy\" decoding=\"async\" src=\"https:\/\/lh3.googleusercontent.com\/s_0-GzQDwfbqrKMhQ-7a3SVHXCry6ZSYme67tJ5JCtU=w295-h221-p-no\" alt=\"Foto\u011fraf\" width=\"180\" height=\"120\" \/><\/a><\/td>\n<td style=\"background: transparent url('http:\/\/picasaweb.google.com.tr\/s\/c\/transparent_album_background.gif') no-repeat scroll left center; height: 200px;\" align=\"center\"><a href=\"https:\/\/photos.app.goo.gl\/Fv27ApPexmMq9XZZ9\"><img loading=\"lazy\" decoding=\"async\" class=\"aligncenter\" src=\"https:\/\/lh3.googleusercontent.com\/ryGTbjC00cKkAl7w-EOV5FitfGP5yNn21YR4cGl6gTChNMwoLLN1zAGQ58MbkdRd8DWG6FnpMgP02ZGfdlub0tQ0jBHvml3RWBstrTb0-c96C1SWIs9nK1IYFGhp_RKjTjV9_Ii6lM2lSYL9z_5t0mpnkHVFG4-kBi-V8oznaH_yimlxkr2NSz43_VlN4To4pv4-CCaIMYVsXGJ57_SrluhtLmkuDsKgWVsEDEk752cBmJ6JNFQbbgqSPPBKf9FJ_wKHCroCr6ToieK_PTlQSjQOcGc8duayeB36_xSp-oJll27QlMhshXQQdyZwuCTZPC5z56rjKz6qkTxDxOyg1IP3PxTV_ncYlNbrvOXAsKU593MCh6kL7hIjWYcAGppxOAmlqJy4J1gGwZPQsVIkyQSNAXskCOsNuflh2CFX0Kz1IyxxBB7eBNtZF5XsVULpOr5fiMuUKvko0GhRukxIrWcMXsEzLcO4_mzBDRw3sdp-q7BkLhFT9u-O82vmE2RC0ZSMmqFsoIbUqN4va3sO52PS2jp_ZdXMlhntAcC1mCc=w571-h761-no\" alt=\"\" width=\"120\" height=\"180\" \/><\/a><\/td>\n<td style=\"background: transparent url('http:\/\/picasaweb.google.com.tr\/s\/c\/transparent_album_background.gif') no-repeat scroll left center; height: 200px;\" align=\"center\"><a href=\"https:\/\/goo.gl\/photos\/ZiwXFsTxULh2wzYz7\"><img loading=\"lazy\" decoding=\"async\" class=\"aligncenter\" src=\"https:\/\/lh3.googleusercontent.com\/BVNNpcro8aqvqMKS6L9_KSCivw0PYmuD_-7UQ9iwIJWqMdMHfxnI_I1cOrzjph3Jvhb91Of3yH6kPHPZ1oC1C8Jdcse7V0Nhv-j8nReyMHEapNLNuvdrhlcOPRFUHm6q6pgmDD9V7hQUA6NTf6xtrJGfiW_ZPMZmHvjdVUCHOkT_b4m9WjCnUTim15UNZBOsoPEcOgc0VRvC5xUIOniFhrWI45usH5ukdoLgd-RiBY7bSdcjuP962zlGVpqmvfDmgNR-uWhqaRys3-8Ag-LHweHcZJvGVmBw4qRahpgrj1TtYHut-V6OVrYbmXx04FgllJiOasHmKY2rcA-LWt2lDe7kWLBrqLeuhdQ0seYtIBzNAGplgcc66LJbrPUxB0Zrvl5hcytIr5Gw2ACoHSgk0QMUI64guLxssacQM1T7FreWnCdFeXVXktQZR7rehgcugdIkrQ3xI_0sge0rXffersNAgS6GZ1dw77sgHmNneGps3q7YIpl7Da7iYpk33cfnM9JXpR6JkaER4hKS4FRq3rcxUlMbXOZOz972fmwLmT0=w1144-h761-no\" alt=\"\" width=\"180\" height=\"120\" \/><\/a><\/td>\n<td style=\"background: transparent url('http:\/\/picasaweb.google.com.tr\/s\/c\/transparent_album_background.gif') no-repeat scroll left center; height: 200px;\" align=\"center\"><a href=\"https:\/\/goo.gl\/photos\/pPckSPLQnWGb1axn8\"><img loading=\"lazy\" decoding=\"async\" class=\"aligncenter\" src=\"https:\/\/lh3.googleusercontent.com\/nhrn7efbFFBUoYmrJavoc4FFd-zup6FDgQzfLtnhVhpXfE5nUAL_jb4pxtvuWrkPKmt7Zma94Y_Yy_tpS_rL_8URUpCWVHh_GRqhx_lpIW66PdERxo2lhT2KTw1T5p1F7fwo1cKHnQwy7MtFA_6ZHHYa2mIxjVvpHmj1dknGvF7VQy5jPw6QQ_Pe86_MoTNcU2JsdzL3Ff-7ySnP6lNWWxScLn2SdzE5Sdk1KFINCVl6tlskxaNdxu1-jkYPx0kny-qBaJu9XGBU_reQHnDbOwoVXNiUoRjTG-XTZrbT6gni1zpN-zrVv9wjhZ8q9J8g8i0jHJO5TxV6btjU5W5b8pHMj9J-T9woIavpl_nu3Hm3F8c_O9Bw-hGnTV8c7IlXPMvwWnPTMoNM21OD1KZ4X76WYAAfFYydsx3mFoTHhFClAtlfYaxL8GgTEfVuYKKISA_mhm0TEpi8OgSEJlM5AZvweCPoAo9FgKehx3zLKdA0JzVaXZAuESOvf_3nwbhjWIsCPDWcuer3IdWSILCuq9rAxbRfpN6oFfHYIE4sWQs=w571-h761-no\" alt=\"\" width=\"120\" height=\"180\" \/><\/a><\/td>\n<\/tr>\n<tr>\n<td style=\"text-align: center; font-family: arial,sans-serif; font-size: 11px;\">10 Ocak 2010<\/td>\n<td style=\"text-align: center; font-family: arial,sans-serif; font-size: 11px;\">2 \u015eubat 2010<\/td>\n<td style=\"text-align: center; font-family: arial,sans-serif; font-size: 11px;\">8 Mart 2010<\/td>\n<td style=\"text-align: center; font-family: arial,sans-serif; font-size: 11px;\">14 Mart 2010<\/td>\n<td style=\"text-align: center; font-family: arial,sans-serif; font-size: 11px;\">8 Nisan 2010<\/td>\n<\/tr>\n<tr>\n<td style=\"background: transparent url('http:\/\/picasaweb.google.com.tr\/s\/c\/transparent_album_background.gif') no-repeat scroll left center; height: 200px;\" align=\"center\"><a href=\"https:\/\/goo.gl\/photos\/NsYBGPjyaSKZd8gk8\"><img loading=\"lazy\" decoding=\"async\" class=\"aligncenter\" src=\"https:\/\/lh3.googleusercontent.com\/tGsF79gj781Vw3rTDlEJjD16V9GX4zjkBnRJ_ICkoqwezaVKWw7kfdvZT_gXujp6d54xF9EC-59fRzJcFF5Wy9PIkEIzia-eY6zAK6jFvrdYEfMH2YQ4OzolQ8_FQxR0u7pdIlJpFT4B3M7iTPW9YOkwxhDNnri0fw55eth_kDD3KjqqW7IEgJJ8Xx6kBd4n8J8fl7WAZRTzfFIZvVXGi_nXHrHqnIEOlSiMA-wwMJrEorpGwh8EVJtn5wDyfAyeUQ6ABeDX5J6M22cDELjALI5gfiwa85sn6UZ1ENEyxR0c7BFtmNYWCDs2rBcC4fxgqg5FXRnESreCnHU6ha2ca2fvBep-1t9VZqFm-UX8yIMoOPBYgc3dhKA3dtTyp8kzu4SJSZJo6F8261zqhbNtIiUdt7aqOW5C1xm_agLs55bYCJg47V4d8s3-LAb-aM4AJYCc-Qe4mj0_EFym12wZXyiTXie0gBnM1DGf10ge3IWvXwyQ27fR90tqmMhPQ9SHrsFVqM61phc2FUUJb_a--9paxWrqNvquPSa2nF1TVGU=w1144-h761-no\" alt=\"\" width=\"180\" height=\"120\" \/><\/a><\/td>\n<td style=\"background: transparent url('http:\/\/picasaweb.google.com.tr\/s\/c\/transparent_album_background.gif') no-repeat scroll left center; height: 200px;\" align=\"center\"><a href=\"https:\/\/goo.gl\/photos\/w515PGKkieSN1pQW7\"><img loading=\"lazy\" decoding=\"async\" class=\"aligncenter\" src=\"https:\/\/lh3.googleusercontent.com\/TU7G7aFsHoB-X64qkaDeUKOdD3m0MBdqnDQbnPE47o9KHWPq29etkB2isE6790d-Bt2omFYjTjyKFCq_2dpLmWtbMaYgNkTGa6WwYJhRhHwatnS-vPPDMVx6N6k_iLwldwdQY5gnuIFy-Vkx4WCNQUuiib4JVNhcyYPyhv4VgTnakwkn2TYEYUowliPGl71H_htm0WsA2eF6uidlDBrHHm6tZeM-BE1ag24IFQ2-tuO6-1lbo0Ywdf7_IJ_9v2dJ28_gKDnT4goHjgGYUexyh8505qwm1ASVwu7Pf7puoCgalWWH0D3MDYWgsho7PYMBCGQZoMnRRtMp32U0-48xlyBwPWw0zKdutxrDR7LK1qUIYBYhSXRlvFO5dULuk2DYyseszvjYaWA4fY-8NV73XpVXLpplHaxLxXiyPrBQ0357pZRWULEdGwhXBqkCyLrpJvXdrcf-ss15raeBDTUAxz8X2DoZRUcZove3Hl2k8hX7DZF-3JelmdNpo_VB3eIEM0x8EAwXJUMFGcjnwgb3U6aJzq19bl-z3h2D3JLjQew=w571-h761-no\" alt=\"\" width=\"120\" height=\"180\" \/><\/a><\/td>\n<td style=\"background: transparent url('http:\/\/picasaweb.google.com.tr\/s\/c\/transparent_album_background.gif') no-repeat scroll left center; height: 200px;\" align=\"center\"><a href=\"https:\/\/goo.gl\/photos\/zfWpYaMzDFZCQhF96\"><img loading=\"lazy\" decoding=\"async\" class=\"aligncenter\" src=\"https:\/\/lh3.googleusercontent.com\/To70iSCv1hz_lWoakjgo-pvJ2P5HqgqAZsXo3q2FP-Bxow3d2GYZdzDqeJk3hANVVm1N-d7cwBdR1GiEtwD-NQkRtoimDKZ2H9t83bJyW0KMNg9rMZQfw7XvgiNMgJjFdw9ggpAUrHwAIc1fXf4kzYwcReQNc8nxuhVIeebSsWno88Bv3q2Gc1MtNkiAqSKq7DPoa92Z3CBmV4jaZiBoYh3U28cIDKdOHQL1UVC7x7c9wvzzHn4VetpspX3lVuvGxBkqOR1HZGrsw0kgzUHFOY-CpDY1ryDXf7KmWTMQyA5nEHmaI5l8B--DGg_qfBdYFEZv2stgNWr8zOH1QFg6GPjqv_y5oOJa0-4oFdtkESmc1a_T6ZKMzz-88dEtK7Ka4tzKl4q9cF_XhcgNeOYAVB8WenSJeB1oO627pIr7cXCRuL9EWJPLp-O7mqU_w65Ry_EBOiYuDU33Q9hRvFSALkgHTpH7iq23ZBL42X1i3JMk7p32Z9CicFxKgZ-8LRXNW38uQ6ua8kgGD9CC1_fUIeJ0V1JrtqHh9Rb0EaH4rzI=w1144-h761-no\" alt=\"\" width=\"180\" height=\"120\" \/><\/a><\/td>\n<td style=\"background: transparent url('http:\/\/picasaweb.google.com.tr\/s\/c\/transparent_album_background.gif') no-repeat scroll left center; height: 200px;\" align=\"center\"><a href=\"https:\/\/goo.gl\/photos\/t86nTuJzT4Py3ujA9\"><img loading=\"lazy\" decoding=\"async\" class=\"aligncenter\" src=\"https:\/\/lh3.googleusercontent.com\/ncIClJjUqjidb0bbmLJHETqiwS3gvlw5QgFqE5uJznVM0SNgg3sI4WsRqrLMdVxHUtUu1Dh-24f0NpcqZxw829Wi1-OjSJllZXTgx2ZNavlZNsK0LPrnGp2uVcNxyZ3AnmZBRkOhXEACIbqrJPNWtBtSNe-D6dMIjEZFo7EW15-zc1mKlbDeuGcQE12duFUKRm9T3BkDvHaxLz0Q0uIWoeNwRd6h7qaWIGItuvtMYINnKgLct6xNAZ07Nh3jZfr_IuvEdui8nJIZnjd6xB2OY9TlSb57VNq2zCi-GpI3dG5_V_qUIx3uSOj32O0YmFnQSSW6JJNtymvxqeLx2uuTfaSftoDI3iN2LfoYNCHREPGK1UHWddmneJT8SWpK3uXNa4hU1rVk8tYDFhU3ALpPdilBIBcQ2t0nx6vuT5pYvUd0nF4C0pmSxMZ9kW_itxEmCzKVLxDPCxfRrev29F3BTiEKMvzngq5CLo3nxa8aK70Za1G1ISaqa4Vnuy39fAwvl_dx3GMNmFWEYy-cKQsEyWuWmoPb7FU1pOP0VbJxE-Y=w1144-h761-no\" alt=\"\" width=\"180\" height=\"120\" \/><\/a><\/td>\n<td style=\"background: transparent url('http:\/\/picasaweb.google.com.tr\/s\/c\/transparent_album_background.gif') no-repeat scroll left center; height: 200px;\" align=\"center\"><a href=\"https:\/\/goo.gl\/photos\/2TfyB6PprT3uwf4NA\"><img loading=\"lazy\" decoding=\"async\" class=\"aligncenter\" src=\"https:\/\/lh3.googleusercontent.com\/th0azox3_7p3l5T9CiJDNaKd-079N9_xcNvpyCu0BCQJKlAgD93Ki3rdEsiL3dV0AXbVD7QW8gNFQMpftxhVNGMKt5kUQGVWhKHUOnF6zgB_UYHBaF4mo3-_OM_JjQa8k07_bUEjybhc8NA1q6rzPsBTUH_F-KlaT8Gj0AuI5owPyDfLBJcr79Sj2YeuVMMlmotqVlLNC0LMAyLbaWrVoIN2JmlHp7OxJphSKUWTf51MCDjXCF4U-IiTiTgPk-d9E45s6pGfEnQxG4w60-CHb-wa0vrDAajozlAejdxwwCDuVzELH6Lk81ImUSRQLOGE5GS2Eo16jeNTaps8r4ZPMH-L2Cwb8Lop--Br4xjPpzB1H7IKfe09YMvswsJiHY3JcWwJuWno5fNjDcCCEV5aA4lI0JtnqPSlI6adDeCuq70LJpW8-eCu5-lUG779bblqfy24a1-XnSL0F0ilMGKSiuQarRHKpDPY6RHCtT7HjOKx1Y-mLqPXDczN7DXYaQTn9HR310N4t1L1Xf2Jy93MljtFN3F7OQUTBB5kAbncoEM=w571-h761-no\" alt=\"\" width=\"120\" height=\"180\" \/><\/a><\/td>\n<\/tr>\n<tr>\n<td style=\"text-align: center; font-family: arial,sans-serif; font-size: 11px;\">12 Nisan 2010<\/td>\n<td style=\"text-align: center; font-family: arial,sans-serif; font-size: 11px;\">17 Nisan 2010<\/td>\n<td style=\"text-align: center; font-family: arial,sans-serif; font-size: 11px;\">23 Nisan 2010<\/td>\n<td style=\"text-align: center; font-family: arial,sans-serif; font-size: 11px;\">2 May\u0131s 2013<\/td>\n<td style=\"text-align: center; font-family: arial,sans-serif; font-size: 11px;\">8 May\u0131s 2010<\/td>\n<\/tr>\n<tr>\n<td style=\"background: transparent url('http:\/\/picasaweb.google.com.tr\/s\/c\/transparent_album_background.gif') no-repeat scroll left center; height: 200px;\" align=\"center\"><a href=\"https:\/\/goo.gl\/photos\/RxvWos2ywdqFEtDy8\"><img loading=\"lazy\" decoding=\"async\" class=\"aligncenter\" src=\"https:\/\/lh3.googleusercontent.com\/WcV4lKD9QJ1BmLUrUamD8p0099IPbJZ9X-CZCYjw6qzGeahHGWhBc-qjB8bYVi80fNvW0RjqSRm5Ac53JZugSuPgC3H6frqwnnAsLn70WuFqBJTrZoIG7FnIWZWoP-c3yyASn1N2Bed-lQzv14mYp4BTnVvNx6MQICVi_JDl5iININFQ0kLfm7XBPtZzSbe6fMkBs1n5ou7cSA3y4oeuGOn8o146K6wv3uOIGM6dQeOzh2wNmfYDUJSvBLv24MbDNrMjJiHFDU-S6Md1oO1sC9UwDGMuDAS5QRLJgW7zh1qmBJHcDwDqiHpE93a2jeKZPCx89rBAVukZs69uSTmVqu4twTHDTToZafPlwgz2QeUSP4USafNcb6Jt0-91QkER35_C7AJVUntP_P28fmzQGT1FsO9ylARVb7-kCFoAfGRTr0ioUuyEgNigv70b1c7MgrHw2K_QinT-B7XSGSSADx6RxfuBSpY3KUurdcL-y5X73eZAJNdzYNo752c5PxNEFDPgcGR_sX1YFQzMQBw4QIspv8b-ZUuKgL1CeQWG2Y0=w1144-h761-no\" alt=\"\" width=\"180\" height=\"120\" \/><\/a><\/td>\n<td style=\"background: transparent url('http:\/\/picasaweb.google.com.tr\/s\/c\/transparent_album_background.gif') no-repeat scroll left center; height: 200px;\" align=\"center\"><a href=\"https:\/\/goo.gl\/photos\/rWWYfefn8AWepoDt7\"><img loading=\"lazy\" decoding=\"async\" class=\"aligncenter\" src=\"https:\/\/lh3.googleusercontent.com\/vgwrJEnACYg8LwaVut2fdGxv8xiftaEOmZQ0vt7vSRRcNObKkz89Mq1EKw2b3EK2NHCdjZPkqRcx43bKshASHXb3SuN_8Ywgwb_4_T5DEJhz22-E6FV2ryZfHCXvgS578z4LJhc0h04M-n_bH4a5OHdhEkIVKiNUrwE17p20VnEvme2ElAmx6KOpuUi2koGl606qrdVB-gRCUZRCa-ZPNm-0Qmqdv6bF-N2UuEQAKfGy0FOYthiVWKk83AiTD2OGgLbQrUtu8h3oVsRvyQzeJfQvcYygrNzG8QccCVrKepIbjWFslyfTmlMkaotIMHMywdRV2AgBw7Y8mmQnVgqlSdQBfWe5vNYMO04-Z6-3EztNW6_JsHRRSalYU6RDzYfrmuolUdO7mIgEJvg6qKQkS2bTBOaTKgSiLYHC_S-drSE87jfuiZx0-QFot-_Byji7-pVDNDQe043Vx_CpdM_xRGVtAtNFTxMTNcBseUAXv8-Mxndd3K34E7zQPeGoNswUQMhWsLIYh5feAiKcwGr_mmFcUVHSUVoYADdF5q_lphM=w571-h761-no\" alt=\"\" width=\"120\" height=\"180\" \/><\/a><\/td>\n<td style=\"background: transparent url('http:\/\/picasaweb.google.com.tr\/s\/c\/transparent_album_background.gif') no-repeat scroll left center; height: 200px;\" align=\"center\"><a href=\"https:\/\/goo.gl\/photos\/UDq5v2bMEDt4jrTJ8\"><img loading=\"lazy\" decoding=\"async\" class=\"aligncenter\" src=\"https:\/\/lh3.googleusercontent.com\/avQyTeGB2Aim23JS7E6UtfITOS6eIJLdMLCTJ0rKQp7sd7PJZId6l7WxhSnZ3Nv2ftzq4FtwR1-P2KEkg8ZnAlkAvyXHIfZ1VJ_l6fRq2dDPqDgEmWTJei0oXUpHHyRVyFB5LpumZr5QUV9DakZ0ftsOcu8dqFpZ75Q7jOPljDqNKafbdgKXYQ_ZkLmXY6oRj6Kco1Qe1RM-Ws2wgBosLUDYL4rx0_C7a5jkIg1Xlv0WclMhcSkD-BDwNB-sEaicV2TDGPVcAcDhaykfIjACyNQJoofgL0A9bXSFKhJUOBkfxmkbE8n9iq3d9fLLgmkUIrGM0JIjcea2LSqBwGbQFqEEiyQs_l5bYo1dFoE5DXAe-mvDHyO-ApGkFQWG8aHDqqEPsNdy_Oqoew55kF75X5SD1S4xr1Fm5jn_qLBgJUqfoR0EJhpkwGh5JI0SL7Y0uDBNvdhvOKo7m0LFi1QzqTFw9847L3YNNanpgIqLONDU87mH_cQ1xg7ZGJZa7rvyZSh4SRexs5EYluQneWeWU3g9dvUXNAN32TmgVfSqRoA=w1144-h761-no\" alt=\"\" width=\"180\" height=\"120\" \/><\/a><\/td>\n<td style=\"background: transparent url('http:\/\/picasaweb.google.com.tr\/s\/c\/transparent_album_background.gif') no-repeat scroll left center; height: 200px;\" align=\"center\"><a href=\"https:\/\/goo.gl\/photos\/x7Xnvwguw51QP9MA8\"><img loading=\"lazy\" decoding=\"async\" class=\"aligncenter\" src=\"https:\/\/lh3.googleusercontent.com\/B13H3uwFon1yOWkoJR_nKXdrJgsauyzCFOh8g_bUjB96VgdUeEVb2K2X_-OLQDYsQpgynUtZ1d-IL4oYfFLo9HjOtEkHIWnSZ0YWKS0OhnLET10Ek3RV3panTOFVichtrsw9Yqs09wNkFeTOjxXVn69a3QKLvT7TKZvvgLS8TVwKRcTZSLmoiakC8qhJUpQl_94yxAeYVurYTB9oMGaegAijVFyHUsDmBGm75wpCS3e-PsjUwT6YVULuUxjryEnCxUDXoWbdropZ9EqyRRTCuhMD_ITjr-08-bBA5FbrhKcc-3B4F_hWoVxNoOzFDeP1mSdr_Zrht8kUwdqoaaxuGuQYwiuMNl3Wayc2i8fIXxS4Cq9GEMqLw_GG_1-HKdOq-4PjZuBA__XNNA6e9hqGQIKDfpJDM4n-3uXgJhiNnI-QSDR2jvFKORacWed0jZ4Sk5V8ZDevrgN82DI8xLCqOLHfGxXABL6xnki4yWkkIOuzwYH_3dciy6LiEBaR7ku6Y_iO1C0w4C4PZZfkm8vbeKmvv9PbkGDoma21SeZNR5o=w1144-h761-no\" alt=\"\" width=\"180\" height=\"120\" \/><\/a><\/td>\n<td style=\"background: transparent url('http:\/\/picasaweb.google.com.tr\/s\/c\/transparent_album_background.gif') no-repeat scroll left center; height: 200px;\" align=\"center\"><a href=\"https:\/\/goo.gl\/photos\/YkuLpTd21EVe6dHs5\"><img loading=\"lazy\" decoding=\"async\" class=\"aligncenter\" src=\"https:\/\/lh3.googleusercontent.com\/uLz2C-htCm1hl5rXGRCrs2JLpBaDV6vgRQlKS39V2KSxYOezv4EAzW8nvPnng_UeHMCCuJn63_e8h3nJ74xdAHHryaVwgn0elOWcv62fHKBI2XuTC6GXCnbU4-WRh_WC2Jl95Yqf6GLViYv_l8HujcQ-xyul_lZKI25gnQN5XF_M66yKvGuDPo9d04SSBP4tuZyLGORan5LI12MsGaYU_GnBRT1DpwugCTgabcGgXXxN0ORWMKodTIZRqYqer_JCpbt6o1jgUk3ovk-4Sp2Ybl0co8rAaS0kaorx2wxLaAYBCfzsIafBmTdalYfwAFhKrr56W_F9udAbR0T454xfOk88_mcvnQvL4YtdQ60y2auPabUcMTc5s0rPzuY9BnfOJNynUrZJMllUaAcwAv8fnAivKDeaZKHWzNXnv0jvD8YDCslx21TzigItYRsylItHpnTvL0h9X2Mq2S8DoFP3_a9EEysbZ8CqTLHGNk4ZMqiX5p9L3W9FOfDz1V05ezyf9snrLImH7MPC7MiCWNIMWX48DneSOOcOiwAH21ROed4=w1144-h761-no\" alt=\"\" width=\"180\" height=\"120\" \/><\/a><\/td>\n<\/tr>\n<tr>\n<td style=\"text-align: center; font-family: arial,sans-serif; font-size: 11px;\">18 Haziran 2010<\/td>\n<td style=\"text-align: center; font-family: arial,sans-serif; font-size: 11px;\">30 A\u011fustos 2010<\/td>\n<td style=\"text-align: center; font-family: arial,sans-serif; font-size: 11px;\">4 Eyl\u00fcl 2010<\/td>\n<td style=\"text-align: center; font-family: arial,sans-serif; font-size: 11px;\">5 Eyl\u00fcl 2010<\/td>\n<td style=\"text-align: center; font-family: arial,sans-serif; font-size: 11px;\">9 Eyl\u00fcl 2010<\/td>\n<\/tr>\n<tr>\n<td style=\"background: transparent url('http:\/\/picasaweb.google.com.tr\/s\/c\/transparent_album_background.gif') no-repeat scroll left center; height: 200px;\" align=\"center\"><a href=\"https:\/\/goo.gl\/photos\/Cy1WbyzTy6CekAvr9\"><img loading=\"lazy\" decoding=\"async\" class=\"aligncenter\" src=\"https:\/\/lh3.googleusercontent.com\/4V1xGkveqjzPLwFCIiKjZF-MPYftLpapDhbF40mXIvl_puVbHcd5v6a0vvYmssLH2evp8TB62iTZ4CIlTHMrskL57Wsiz-sHjATXb0y1g7gmTANS3gehdVcluGq7DGrNKKFvOp3OawQYw-JNq79wwwgBfbA-QzDOuQ8_xZc_ejc-sg35pJKyRo42sBRoRCfrVKBwbivse7FYSdEvyiCLfeo1JmIHljKcKngfvF1V_-Ml8VvnUlBk0apv3ZaxUpYXwobJdEDMm1zUpT6SF41zoRlSYQUJgXzdOWVN_3sTDasDmGXAFaIOje4yXVgoaDjUWaALTgFT_3LfbRwBTr27pxETf9k-NXXpV7u6xrj9duD7MpQYNK0GWNwijO8FVnexLNx2I--fP7DNLQa8414rgtNsyuE-I2q3dPJTzuF9uLWb5SnNROfAyFDoYiBXafUBQ5MKYnwDHu0LflmtAPKSoz8uQb_1lIcsCPOEt9QGExtmh0NFVcQfjO64jB-Xw-yRnJM3PPt6ZwR1WIhVOmh_GpF-ezSi0B-3r4njyhnTGkw=w1144-h761-no\" alt=\"\" width=\"180\" height=\"120\" \/><\/a><\/td>\n<td style=\"background: transparent url('http:\/\/picasaweb.google.com.tr\/s\/c\/transparent_album_background.gif') no-repeat scroll left center; height: 200px;\" align=\"center\"><a href=\"https:\/\/photos.app.goo.gl\/wVh7tJrb7BvvXWjn8\"><img loading=\"lazy\" decoding=\"async\" class=\"aligncenter\" src=\"https:\/\/lh3.googleusercontent.com\/85EBzGVqHeXRG10MIOU5F6srrgAbEnyOFCl8HuL8bu7V70SbgLH3XCvElDAFOkkpLImgq70GeH0ClmsbvLm6PJ_uvWBG0Phwcmo82NFNeVj_d7-51azAhZfI59RxUABfqi1BrmKYCBvhTPcETz989qVuwqvVcHnAKCHkDjAXycUAV-8QP81SxWAq_j69QlrrODeeYXyep7qiFpGuU2Wdhfehs3rD3Azh_0jBYD2b5kqlt3Ra-EJEZhtQH0J2N7OtVEM-FuCyL1W2WJlHRx32cROwcrkNLjyzLt4HCPUxQDT-LN-2F5sM3f-0lOxgg-xKKVKZD9YGoWWmfBQCEXybg5M6MobKbu-dyMp0d30j7wfteM2tINmrY7Z-Oe1EBKXy1qRaT0pE6Vhoxo1Z0E-waCfNAyrroZA7SlofAk5KxJWS2eR6zrbDnxQgYoZjbN2nWJBaXcPOjNjdmhALzStOFvsiqsUV3pSCsDA3AzT-HlIARjdg9Di9NApcEvUIXR9ixrbvdKWvpfXWj0P0YdaE3CTz5A8uJPET5wmY23W0_qA=w1015-h761-no\" alt=\"\" width=\"180\" height=\"120\" \/><\/a><\/td>\n<td style=\"background: transparent url('http:\/\/picasaweb.google.com.tr\/s\/c\/transparent_album_background.gif') no-repeat scroll left center; height: 200px;\" align=\"center\"><a href=\"https:\/\/goo.gl\/photos\/w6quZTBa15Xd6HWw7\"><img loading=\"lazy\" decoding=\"async\" class=\"aligncenter\" src=\"https:\/\/lh3.googleusercontent.com\/VigeZcUolBabEi7EnJL5jryyTvCEY3pOIu8n-qvIbYDrLRs5Kk4ZeeD4U4ytEPN1un6qRF93TOh-RPpokoJG3TED4m-bCvEG_pfmVdKriT0QrM7_h4xLEGj-0Tj0FR5FK-rJ6orkH1GqTpsjGsI4vdKwrMmJCGr9YihhPsIAnuWUkmIK388J_STChU8LjV8szrZqtsMBBly99EU4zuoCjFB0u6J-VkXExIjPlEXenv_V9nASDiEatLIGN-haOopoAmWOJwYuGI3gBj7PbQeyuq_nScfjBwTSdestpL4s_96bOWfEy9QX2HqgUJYe8VZiVqAHf8QTTf8GpxFUyHNaSmzTAsZnC0tx8NE8UkIEmhmonA0_XfvImyFmOA6CisGuzgGQZF0O-mtgalMppEJbqv5d20Gqb26ONDHlKuW1QIbWe53vuP9qGjFBtgf_Olgbi0cIQjsBQPXHqgLJOzL7s9ufEQHDLrE4DpOXRtGFh08tr_pWvs35DKoM6tfXz42xpnqW_X0NUB1geVMBO23po11x6fQ6hiu6CU3wbmEacw8=w1015-h761-no\" alt=\"\" width=\"180\" height=\"120\" \/><\/a><\/td>\n<td style=\"background: transparent url('http:\/\/picasaweb.google.com.tr\/s\/c\/transparent_album_background.gif') no-repeat scroll left center; height: 200px;\" align=\"center\"><\/td>\n<td style=\"background: transparent url('http:\/\/picasaweb.google.com.tr\/s\/c\/transparent_album_background.gif') no-repeat scroll left center; height: 200px;\" align=\"center\"><\/td>\n<\/tr>\n<tr>\n<td style=\"text-align: center; font-family: arial,sans-serif; font-size: 11px;\">6 Ekim 2010<\/td>\n<td style=\"text-align: center; font-family: arial,sans-serif; font-size: 11px;\">4 Aral\u0131k 2010<\/td>\n<td style=\"text-align: center; font-family: arial,sans-serif; font-size: 11px;\">31 Aral\u0131k 2010<\/td>\n<td style=\"text-align: center; font-family: arial,sans-serif; font-size: 11px;\"><\/td>\n<td style=\"text-align: center; font-family: arial,sans-serif; font-size: 11px;\"><\/td>\n<\/tr>\n<\/tbody>\n<\/table>\n","protected":false},"excerpt":{"rendered":"<p>10 Ocak 2010 2 \u015eubat 2010 8 Mart 2010 14 Mart 2010 8 Nisan 2010 12 Nisan 2010 17 Nisan 2010 23 Nisan 2010 2 May\u0131s 2013 8 May\u0131s 2010 18 Haziran 2010 30 A\u011fustos 2010 4 Eyl\u00fcl 2010 5 Eyl\u00fcl 2010 9 Eyl\u00fcl 2010 6 Ekim 2010 4 Aral\u0131k 2010 31 Aral\u0131k 2010<\/p>\n","protected":false},"author":1,"featured_media":6878,"parent":5137,"menu_order":0,"comment_status":"open","ping_status":"open","template":"","meta":{"footnotes":""},"class_list":["post-5159","page","type-page","status-publish","has-post-thumbnail","hentry"],"_links":{"self":[{"href":"https:\/\/xn--adal-oza.net\/index.php?rest_route=\/wp\/v2\/pages\/5159","targetHints":{"allow":["GET"]}}],"collection":[{"href":"https:\/\/xn--adal-oza.net\/index.php?rest_route=\/wp\/v2\/pages"}],"about":[{"href":"https:\/\/xn--adal-oza.net\/index.php?rest_route=\/wp\/v2\/types\/page"}],"author":[{"embeddable":true,"href":"https:\/\/xn--adal-oza.net\/index.php?rest_route=\/wp\/v2\/users\/1"}],"replies":[{"embeddable":true,"href":"https:\/\/xn--adal-oza.net\/index.php?rest_route=%2Fwp%2Fv2%2Fcomments&post=5159"}],"version-history":[{"count":4,"href":"https:\/\/xn--adal-oza.net\/index.php?rest_route=\/wp\/v2\/pages\/5159\/revisions"}],"predecessor-version":[{"id":7666,"href":"https:\/\/xn--adal-oza.net\/index.php?rest_route=\/wp\/v2\/pages\/5159\/revisions\/7666"}],"up":[{"embeddable":true,"href":"https:\/\/xn--adal-oza.net\/index.php?rest_route=\/wp\/v2\/pages\/5137"}],"wp:featuredmedia":[{"embeddable":true,"href":"https:\/\/xn--adal-oza.net\/index.php?rest_route=\/wp\/v2\/media\/6878"}],"wp:attachment":[{"href":"https:\/\/xn--adal-oza.net\/index.php?rest_route=%2Fwp%2Fv2%2Fmedia&parent=5159"}],"curies":[{"name":"wp","href":"https:\/\/api.w.org\/{rel}","templated":true}]}}