{"id":5165,"date":"2018-05-26T09:44:53","date_gmt":"2018-05-26T07:44:53","guid":{"rendered":"https:\/\/xn--adal-oza.net\/?page_id=5165"},"modified":"2018-06-19T01:07:12","modified_gmt":"2018-06-18T23:07:12","slug":"bartu-2016","status":"publish","type":"page","link":"https:\/\/xn--adal-oza.net\/?page_id=5165&lang=en","title":{"rendered":"Bartu 2016"},"content":{"rendered":"<table style=\"text-align: center;\" border=\"0\" width=\"100%\" cellspacing=\"0\" cellpadding=\"0\">\n<colgroup>\n<col width=\"%20\" \/>\n<col width=\"%20\" \/>\n<col width=\"%20\" \/>\n<col width=\"%20\" \/>\n<col width=\"%20\" \/><\/colgroup>\n<tbody>\n<tr>\n<td style=\"background: transparent url('http:\/\/picasaweb.google.com.tr\/s\/c\/transparent_album_background.gif') no-repeat scroll left center; height: 200px;\" align=\"center\"><a href=\"https:\/\/goo.gl\/photos\/SBrboSyWrWKNRFu29\"><img loading=\"lazy\" decoding=\"async\" class=\"aligncenter\" src=\"https:\/\/lh3.googleusercontent.com\/FraSxFCBkIcrQqf1NT-qfwXqyE4_UF2FbJxMqhGH5OdxTLVMaS1zqNAw2H4st_SKBYXQi8StFg4jgTkfTD4wl0_1HZXoL8ACg8gGFMxXz2R67RDAx8i6Ggtb3IRyBtVRkFCYNffcDfFmVvRkG113Tc1jPSPNgPtQFYciaHkaSsUvFbjqiKuQUx-6uHC9xBFnYKeP_GIEtJ--fBjGdxbK-kBdPtcVlqjqDTI77gUvwrVAA9DVNnZIrpSpnWmhv7u-eRGzGv1xL3d67L6lVsMLY7eX4B6P9NeXG-hVRWUNL_vUHR0pd1UgsZ4BdANM-Bz81E0rRT_-p83_OOA2ZkkAbzuntkBnf2IkaTBx4ZquF4EK9q9Y7hvbF5XibmguUrmun5uIWOX1_Mv0cpyw972FcFG1yPYtPJ95GB1v0cHZctP9MRduG_mJWGCPDO5t-vCe5poxCtXnohsYuaTefazhZnpRdUt7wBgNoK0C1kxML7zwPtq8heHjhEyd_E1m2yx4Bb29Ulawugi-juwYIBS7ro8j-mkWr0sSPg_MXfepcAPIVHkvG6J381ZLZ_A3Z-wdpzDL=w343-h229-no\" alt=\"\" width=\"180\" height=\"120\" \/><\/a><\/td>\n<td style=\"background: transparent url('http:\/\/picasaweb.google.com.tr\/s\/c\/transparent_album_background.gif') no-repeat scroll left center; height: 200px;\" align=\"center\"><a href=\"https:\/\/goo.gl\/photos\/czmB73fsqvvgT5SR8\"><img loading=\"lazy\" decoding=\"async\" src=\"https:\/\/lh3.googleusercontent.com\/stVquSnM0JiH66eIgeEGF0HqMmkjU2iR7rgYebrf1tWVVoYjBvDLXL5JgsvP5qOmjzsCSowPzoo9B85xR9b4g-cEMqVuVo-DcOevyJanemsfYDFMPIqv4XnVkTcPMiqJpBA5BMrCHjUFKbEEEQE_rt1czDtQlDGt8-hriKSYYi6mjFVEHxpgPaKMSXLcN6dQSUIR9inTxZLjAkqJOvGBg9JuNLgVAMV0UppekkCZEW86IOPFH3oJecJ1vBH7ybspF88S6-cJnAif2cEDN6Y702eSWIVizaVQojebA-fiVUJFo_eCa3ixjY3VVDz5jcU6Vm-iBM2klA33k3UEnQ6tRXWnIWTrZtNn37lNTD8Re3hvTkAChk6tUyiYyp2byRwvEOWwKdfdFqKGRGIJQrd0nhA65LY-uzBfeBcWwXZSHEGVRy6ar2mZjAD7k7QGFQQkYIlWr22uBlmy54jA_jHAWQN9a0rlGplttPcfUbG-ZuZ3DckhpTP_yrG-klqtxyLxlScVT37_F8e9GclYdcegid44wrHlytkV3-NzkII_-6cArjGU9Begidj-Kb6LZqPLN5LS=w1344-h760-no\" alt=\"\" width=\"180\" height=\"120\" \/><\/a><\/td>\n<td style=\"background: transparent url('http:\/\/picasaweb.google.com.tr\/s\/c\/transparent_album_background.gif') no-repeat scroll left center; height: 200px;\" align=\"center\"><a href=\"https:\/\/goo.gl\/photos\/3j6uFG1h5iyXDLYj6\"><img loading=\"lazy\" decoding=\"async\" class=\"aligncenter\" src=\"https:\/\/lh3.googleusercontent.com\/_yIH5TX8qVng_KaoAMNePoBW_kaFbFXKDvKfmpSlSbCAN31NZGVRE023UqOHq-Q-zNR2x_pyye4erm1KKgA8Rd0qKlgL8g4y_n6CwAGjrADc2TdoeDUEAv9iY1BdE6tROud23JpxZBhXx5Wd0dxrO8Ahn3UFFebIJWl9Tvpr6zxzF4H0pcEDtK3nEA-gqcEscNc4MpMM4X7J5Kayssjj4aOL2LXW0UrUf6uOfV8gqHTiROhOR-tbX9T3OSIXexiRrBnXjfz3cxZcz2y736apvGHADF6JmmJCkibbiekLmgQLvQjZ5FHbIyMXu2NkCC9xQHOAcMKo4N6cFUTkFQOUwVVFfU1fcWl2uwuD1k-cjObC3kd58fnLts5jGJhhhL9oxjMRdEuQLn4CHvK0b0PGFo8uLBJD7zZgy6aovpRcCWvKuhkYgydrbUmEthKvMRXckwawClUJP0Iolxmd0ncmbL8q3Xr6lDRm3K-excnjw-aTlFX_XUcS6kyGt9hDMJT2MebDv1I7y4dVa61J1H8Et6eIG10kQME1SaEKhNuybOEGu_xsYF6FH-P8oLCfpXbO_aSq_YoPmyfHgPP_enrj10wHraInEIY=w752-h598-no\" alt=\"\" width=\"180\" height=\"120\" \/><\/a><\/td>\n<td style=\"background: transparent url('http:\/\/picasaweb.google.com.tr\/s\/c\/transparent_album_background.gif') no-repeat scroll left center; height: 200px;\" align=\"center\"><a href=\"https:\/\/goo.gl\/photos\/x4uPFfydAp3UkHpL6\"><img loading=\"lazy\" decoding=\"async\" class=\"aligncenter\" src=\"https:\/\/lh3.googleusercontent.com\/6Neu_wt7Gw47FMI_vlNSe8HPycWEguIhcfMV2LQY-BNdFpulNJCpk29TsGCZXzC7qioeX2nypbyYi_y6fIeTCiLMmLAokI23fj9Z-QVLL4Na1uML3mNikKmNYqTLi2TD7VdkqWGOSjvC928eTXI09VtvLrVeGhFnakf3ENcNMP687JCZLvwoJVBjlQ5dLpq4jvFUe2FZA_AfvIm_fngYKjldCo-Az52o9_gOygN_gpsz9O5RTCawez4PuB1WnBFJp0a1WJwsdm4oIbbhWYDgbQQBxgGJII4yl4vqoLsu1n6Hqh5wNAZrnQ7Kfmo-zJ56nbfJsTLOAtXek0lVlXeQwpl8FPQgpw8vgtdj_tf6piSqgZKHSoi68EvafC5XISroxgQMfPnDQQJV5nLN5EO9CjNLeHb4C1a2nWQ0NS4lRSN1h3hbx1gdJy8r1Sa4Iw6CqNckC3N1FfnNZLpbK1xSvrUSCszVrNTiz4AY-8urIjCm5ADjvExb_TyYWBiZn0IgbXY9OhP_7_twn3kvcbVRWe3ku1GBF-VwEj6YR-2J7l1r_ioXHbaVQNASRcrwylg0ej_1rfK-dXNuHT09D-p38Aq2N1EjCV4=w1024-h576-no\" alt=\"\" width=\"180\" height=\"120\" \/><\/a><\/td>\n<td style=\"background: transparent url('http:\/\/picasaweb.google.com.tr\/s\/c\/transparent_album_background.gif') no-repeat scroll left center; height: 200px;\" align=\"center\"><a href=\"https:\/\/goo.gl\/photos\/8HNNxr62Z9aep3LY7\"><img loading=\"lazy\" decoding=\"async\" class=\"aligncenter\" src=\"https:\/\/lh3.googleusercontent.com\/zwjEDhhnZIgecfo6c_nhA1PIqJeSpt1djvSv-uLsLaQScbrB-3wXMWwcsJE-IydqzRCJF2pO76kBEW79nfX6aoQiTZbEnfWXnGyUFCxQ-l2PVy_gH01I1rvpsfUYGhtEJED6m96MwMAQjhlppzVqsw6WyzVDg9kqPEP7YDbU9tn0aIIhOrXZOqSnaHd44wn0NkF2M6WO2K9BHayrWAXbXwJh1PdSlunLWr8YXaTM2Dyc5kL97msRI2_RgxcIYCLxfDtfdTQshf7_SYaT381lGBlorCL5_EzWeEqfR8Qk_-yJc5tDGbaubIyx7EF5xF6Mq2RC5gU73NuJSAKRho4eQkSPH7caP9K9-d2924bLXVW0Sh19ITx5m7TwLAch09il3fRASeimjxpAOByajQWG079t1EelhiBNYmBtSaBZBMNJRYYaAkLbiGgJRGUB8_lWaNsLMNS37x2kt70Gn01QAyHf-n0n0Mn3uPCM_1VzxLX8FwpIbTNppuLwXDe0vnEjlngpeZnv-oVguwQw99BvWNOuIxw3ZFHcSYSg0bGrGFJfdCLSqP7gP_ZBMZ376sdtrGY3somsEO8fdC5Ni7D6wC3-1qEknQA=w503-h890-no\" alt=\"\" width=\"120\" height=\"180\" \/><\/a><\/td>\n<\/tr>\n<tr>\n<td style=\"text-align: center; font-family: arial,sans-serif; font-size: 11px;\">16 Ocak 2016<\/td>\n<td style=\"text-align: center; font-family: arial,sans-serif; font-size: 11px;\">22 Ocak 2016 Karne<\/td>\n<td style=\"text-align: center; font-family: arial,sans-serif; font-size: 11px;\">31 May\u0131s 2016 1. S\u0131n\u0131f Y\u0131l Sonu G\u00f6sterisi<\/td>\n<td style=\"text-align: center; font-family: arial,sans-serif; font-size: 11px;\">Satran\u00e7 Turnuvas\u0131 ve Mezuniyet<\/td>\n<td style=\"text-align: center; font-family: arial,sans-serif; font-size: 11px;\">S\u00fcnnet 15 Haziran 2016<\/td>\n<\/tr>\n<tr>\n<td style=\"background: transparent url('http:\/\/picasaweb.google.com.tr\/s\/c\/transparent_album_background.gif') no-repeat scroll left center; height: 200px;\" align=\"center\"><a href=\"https:\/\/goo.gl\/photos\/stfgPyo4zHTrmnh46\"><img loading=\"lazy\" decoding=\"async\" class=\"aligncenter\" src=\"https:\/\/lh3.googleusercontent.com\/0X8ZwoJjX6tb3wfTBGX16cfRMQE1b0-GunVidr0-6m66JZhmeG0cYA6YncK9D5r71rD69Rxr0-cSu-BeZQRgm9DkppHl3ZjYRAtozOaFMek-aKu2aLxnqFwbF-FXN-1GIoRpacUSnfpeOBz96zecwWzLpe58cdOZXzZzci3XUwjW5dCcsLpPwOB6nu4MEMvgEySL2CTUlpIfire4aAHVOmRliS3cB9MIWyNEvKQo8SwqR9xHrm39j0h1cEZiLgAmIBRUDnOqYihnYg5y-W5gGXlLA_PTPwYg-OgUQSGaZ8AAebf6F9zsUs-1FRXMG7FfKF3-ZO3XzJdHx2jTcWSh5_NQb_rpX762fCpuaV79_Uj24i-Zx2tkrHger_RRSaGXEppZJ-tHYo8aGf-p73srhHmAsPEwene3tv2VeDo6FCo2nsrQG263ZiU7OaZv3jlkcrVeEzQtp-si0UPusVBbyc3jgZCiBya7MJLlXsQH_vD493FOwWg-DHU-2BldjisNw6jY6i3kcP8Yi7h4t_18g8dSdLx0E3ksrCLreVPwNf3Qq6sNNCuSydVT6FE9nPMUMlKsHexdZJOAqa-AQ_qmim5RmCNYmlk=w338-h225-no\" alt=\"\" width=\"180\" height=\"120\" \/><\/a><\/td>\n<td style=\"background: transparent url('http:\/\/picasaweb.google.com.tr\/s\/c\/transparent_album_background.gif') no-repeat scroll left center; height: 200px;\" align=\"center\"><\/td>\n<td style=\"background: transparent url('http:\/\/picasaweb.google.com.tr\/s\/c\/transparent_album_background.gif') no-repeat scroll left center; height: 200px;\" align=\"center\"><\/td>\n<td style=\"background: transparent url('http:\/\/picasaweb.google.com.tr\/s\/c\/transparent_album_background.gif') no-repeat scroll left center; height: 200px;\" align=\"center\"><\/td>\n<td style=\"background: transparent url('http:\/\/picasaweb.google.com.tr\/s\/c\/transparent_album_background.gif') no-repeat scroll left center; height: 200px;\" align=\"center\"><\/td>\n<\/tr>\n<tr>\n<td style=\"text-align: center; font-family: arial,sans-serif; font-size: 11px;\">Ada S\u00fcnnet hat\u0131ras\u0131 11 Temmuz 2016<\/td>\n<td style=\"text-align: center; font-family: arial,sans-serif; font-size: 11px;\"><\/td>\n<td style=\"text-align: center; font-family: arial,sans-serif; font-size: 11px;\"><\/td>\n<td style=\"text-align: center; font-family: arial,sans-serif; font-size: 11px;\"><\/td>\n<td style=\"text-align: center; font-family: arial,sans-serif; font-size: 11px;\"><\/td>\n<\/tr>\n<\/tbody>\n<\/table>\n","protected":false},"excerpt":{"rendered":"<p>16 Ocak 2016 22 Ocak 2016 Karne 31 May\u0131s 2016 1. S\u0131n\u0131f Y\u0131l Sonu G\u00f6sterisi Satran\u00e7 Turnuvas\u0131 ve Mezuniyet S\u00fcnnet 15 Haziran 2016 Ada S\u00fcnnet hat\u0131ras\u0131 11 Temmuz 2016<\/p>\n","protected":false},"author":1,"featured_media":6890,"parent":5137,"menu_order":0,"comment_status":"open","ping_status":"open","template":"","meta":{"footnotes":""},"class_list":["post-5165","page","type-page","status-publish","has-post-thumbnail","hentry"],"_links":{"self":[{"href":"https:\/\/xn--adal-oza.net\/index.php?rest_route=\/wp\/v2\/pages\/5165","targetHints":{"allow":["GET"]}}],"collection":[{"href":"https:\/\/xn--adal-oza.net\/index.php?rest_route=\/wp\/v2\/pages"}],"about":[{"href":"https:\/\/xn--adal-oza.net\/index.php?rest_route=\/wp\/v2\/types\/page"}],"author":[{"embeddable":true,"href":"https:\/\/xn--adal-oza.net\/index.php?rest_route=\/wp\/v2\/users\/1"}],"replies":[{"embeddable":true,"href":"https:\/\/xn--adal-oza.net\/index.php?rest_route=%2Fwp%2Fv2%2Fcomments&post=5165"}],"version-history":[{"count":2,"href":"https:\/\/xn--adal-oza.net\/index.php?rest_route=\/wp\/v2\/pages\/5165\/revisions"}],"predecessor-version":[{"id":6623,"href":"https:\/\/xn--adal-oza.net\/index.php?rest_route=\/wp\/v2\/pages\/5165\/revisions\/6623"}],"up":[{"embeddable":true,"href":"https:\/\/xn--adal-oza.net\/index.php?rest_route=\/wp\/v2\/pages\/5137"}],"wp:featuredmedia":[{"embeddable":true,"href":"https:\/\/xn--adal-oza.net\/index.php?rest_route=\/wp\/v2\/media\/6890"}],"wp:attachment":[{"href":"https:\/\/xn--adal-oza.net\/index.php?rest_route=%2Fwp%2Fv2%2Fmedia&parent=5165"}],"curies":[{"name":"wp","href":"https:\/\/api.w.org\/{rel}","templated":true}]}}