{"id":5167,"date":"2018-05-26T09:45:06","date_gmt":"2018-05-26T07:45:06","guid":{"rendered":"https:\/\/xn--adal-oza.net\/?page_id=5167"},"modified":"2018-06-19T01:04:09","modified_gmt":"2018-06-18T23:04:09","slug":"bartu-2015","status":"publish","type":"page","link":"https:\/\/xn--adal-oza.net\/?page_id=5167&lang=en","title":{"rendered":"Bartu 2015"},"content":{"rendered":"<table style=\"text-align: center;\" border=\"0\" width=\"100%\" cellspacing=\"0\" cellpadding=\"0\">\n<colgroup>\n<col width=\"%20\" \/>\n<col width=\"%20\" \/>\n<col width=\"%20\" \/>\n<col width=\"%20\" \/>\n<col width=\"%20\" \/><\/colgroup>\n<tbody>\n<tr>\n<td style=\"background: transparent url('http:\/\/picasaweb.google.com.tr\/s\/c\/transparent_album_background.gif') no-repeat scroll left center; height: 200px;\" align=\"center\"><a href=\"https:\/\/goo.gl\/photos\/S8bCAeXUCySRbRLbA\"><img loading=\"lazy\" decoding=\"async\" class=\"aligncenter\" src=\"https:\/\/lh3.googleusercontent.com\/WkbINOZghDiLKUaV_zQe0XLzS_hcc2iijsVFfweH7jpT7Mwh8GX_iyjOcVGJlTdKCJkqt6fLUsqcm2TrmBC4U9VoImNtCOFBacgdLiv__Yms3eYrOJNYlQKSCPchtjLKHiuW-63GUl3sSmcJL4sDoSUj2-BMEOpGEiQJEEtq1o1ONwWzHLY2eZnFxkJbh58Edg6L24YEDOqYh9SlHV7xX-h5gOTTxLVpDzoQK--geKZC6988zc4G6ekL3J8vZUzYnn62TpLBReBiDoNLywAKGs5ZDJRA1HkAcF_v39HkkpQKHVjxi48CfrawCsxNahQ92G8qHnkJp5wgWc8eCFmF6c_95jXcJpvNLAgvQGr9s_kIM17iyn-gyOcTsdxnpA_bMSRK1icWNJqF4BKpdXvA1IgiE_VB1UP-hWCwvsydAFz6db8TXIIxV7MvRX4NZevNxcSdq4mSBh6tqWjDoGIkvU5lpFRGFd5uyUW0wlcO9edCKqzP7kbmEkyTNO2lymCUEL1xTU14B4eNNDbHMZsvItpYMX-evwWB1nLVRmuLZxM=w1144-h761-no\" alt=\"\" width=\"180\" height=\"120\" \/><\/a><\/td>\n<td style=\"background: transparent url('http:\/\/picasaweb.google.com.tr\/s\/c\/transparent_album_background.gif') no-repeat scroll left center; height: 200px;\" align=\"center\"><a href=\"https:\/\/goo.gl\/photos\/RHTzPtf124U96QJf6\"><img loading=\"lazy\" decoding=\"async\" class=\"aligncenter\" src=\"https:\/\/lh3.googleusercontent.com\/Ri4rn-q_UUVActAXPGFOruqder6nouabOsFwynIomZg=w1024-h680-no\" alt=\"\" width=\"180\" height=\"120\" \/><\/a><\/td>\n<td style=\"background: transparent url('http:\/\/picasaweb.google.com.tr\/s\/c\/transparent_album_background.gif') no-repeat scroll left center; height: 200px;\" align=\"center\"><a href=\"https:\/\/goo.gl\/photos\/eCEhEsKhjZE3uPFT8\"><img loading=\"lazy\" decoding=\"async\" class=\"aligncenter\" src=\"https:\/\/lh3.googleusercontent.com\/VxG67ZZgIMnNDDg9lWElE2080BRxTaU9zXsFH2f4JOE=w1280-h855-no\" alt=\"\" width=\"180\" height=\"120\" \/><\/a><\/td>\n<td style=\"background: transparent url('http:\/\/picasaweb.google.com.tr\/s\/c\/transparent_album_background.gif') no-repeat scroll left center; height: 200px;\" align=\"center\"><a href=\"https:\/\/goo.gl\/photos\/pegCGfYQbwSEDiTx6\"><img loading=\"lazy\" decoding=\"async\" class=\"aligncenter\" src=\"https:\/\/lh3.googleusercontent.com\/QlVyFEBT7AkZT8adUjI0faU7MsuemIarBiT6FGULvXUEQ2kIVek6UBsYGzVKqFVXvdgb-QB8YRn-fWuvlzrpMszLR0AdgeUlz26XTaURxuff2BvP9wGxxNt0q_ljnQqKj4YTQa6h4eCzsMghhXSt0nWLMRN_zYe06JdsaE8SHRlHAT16h8HcFRTWUq1p2I30ZxM2-KJodp6oy4WAkf4vxLjbqg9QbRaJD4IOQfOKpvmSlUmwawKzuRn_fhtHGYFZgELkqnYYRTxKXMY20voIjCx000602SKpKOWq3UdisVcfTlf9uy_iriKPggOz5V3oVC5yga_JnHtegW37b-pEoeMNbi3bHa6wN1kHbAsu_-DWtrWAgRe1EfjHaO2kMXH498S98aQuzzwVSqWSudv1SYJXu0TWLubg3ud3wBAYRaG3Or-j1wFEcbNuP1kptDaQaAdiXTUcB7hwc-ocC7SYBGjlvJbfCZajkMF-lm_V27BmBI-meSkrzDcD5SP-pfbNcIaE_dyZemCmoN0pDO2muHyMXFK6zsZsxVv9lzTq-M0=w1141-h761-no\" alt=\"\" width=\"180\" height=\"120\" \/><\/a><\/td>\n<td style=\"background: transparent url('http:\/\/picasaweb.google.com.tr\/s\/c\/transparent_album_background.gif') no-repeat scroll left center; height: 200px;\" align=\"center\"><a href=\"https:\/\/goo.gl\/photos\/SjLBUcXWUbf1hYVm9\"><img loading=\"lazy\" decoding=\"async\" class=\"aligncenter\" src=\"https:\/\/lh3.googleusercontent.com\/TTmeMDTiG2LmhaxicbElOUuv7Lb9FRXh2-nuzNEDnKGhAJDmVZfu5uV1PTILanjR53ls6rJDnWUWLgbVh0KJdIi5x7aY9EJQs5eFrK1FMC4p_k2JqulI3sooT_5lQv3vrolYbSElqTNR9URdF8Oy_XCSXLlAf7DMcPj6YfUl0J9_UnW58oOvdHcKmEMk0iMrDfn4uSsHVyJPpnNCEL1LhyMfhXwCH7Rcw_48n5j2muieZrGqBFtJEF4xuIjsYTspMgvNy_FX3q76dH6z7sVt-sUqvEBIt6uy34QgtALjqndyavapshJ1YZKTYSkbrN9gJUtDHGKKXnLMVndKI-_hKNdPf0y7hJuLry4i4VSg7BV9c68e2dctHsEov_ghro9XjE2RlWXz_ct2ZvZvbqpV5do7c-YFy-RDbGFThmV8Um_J0IjXwHqDYgs8sCExRBaCtZ5hRsFnEaaZSJFAlFP4q2NVKg3_wlpDVJkbOVYMT3bpWbqLoSKYYZYoVPeREEKGch9ncjgYnshQGfSMG_x9lrnEtAQ6W67H8nUcD3hGAaw=w1024-h680-no\" alt=\"\" width=\"180\" height=\"120\" \/><\/a><\/td>\n<\/tr>\n<tr>\n<td style=\"text-align: center; font-family: arial,sans-serif; font-size: 11px;\">22 \u015eubat 2015<\/td>\n<td style=\"text-align: center; font-family: arial,sans-serif; font-size: 11px;\">Ana okulu mezuniyeti 13 Haziran 2015<\/td>\n<td style=\"text-align: center; font-family: arial,sans-serif; font-size: 11px;\">16 May\u0131s Portf\u00f6y sunumu<\/td>\n<td style=\"text-align: center; font-family: arial,sans-serif; font-size: 11px;\">9 A\u011fustos Ada<\/td>\n<td style=\"text-align: center; font-family: arial,sans-serif; font-size: 11px;\">\u0130lkokulda ilk g\u00fcn 7 Eyl\u00fcl 2015<\/td>\n<\/tr>\n<tr>\n<td style=\"background: transparent url('http:\/\/picasaweb.google.com.tr\/s\/c\/transparent_album_background.gif') no-repeat scroll left center; height: 200px;\" align=\"center\"><a href=\"https:\/\/goo.gl\/photos\/roY6kNwwjMndxLr97\"><img loading=\"lazy\" decoding=\"async\" class=\"aligncenter\" src=\"https:\/\/lh3.googleusercontent.com\/megXB3t4QHuoiWzthwzzSrqoO2W6JA__RU-SiJNyKl0m0OCBy9mop8O63b4s-wDLdpPtfl65wMojQKLLrJY-heDderRRP5HVWBvgsdps23e8lYkXGmXP0trNdryt6fkmJal3BGsZ4cFiBe10GKY6tDcJU7JT2RB78ZAH5UuM5HnTGIKhYAu7YNZtm7gtZDDqT3Vq-yuWAdibnOC6xoOArm2uW_iEodghcS5A_81T0zbMUvl3w0KCNDAxc6QIAKxJNpUBGmdbvgTs6wxZW9CXiHeukjHH0wlDvheDA6XJKewZTYYxjawNc9HyIG5jUEPxv9d2Ycj8eR6IthD7vmxCtI_uaoZIBwqdkSqraRCiiCzEV6-56D_g2euypFh-Z_fTQHLqjf8E80Z-AcfaiGrroDYkSBU4RpvkeuaoGtU7ETLcPjokQliPWp6REx8fuiiXDQuE1tSVF3KiuQdLPf4u9V93UPxPgpzxguLrsFO56V0ITvOxMpk-QzUBEqprLrkAUeZALFnmIhwxN8Qjwh2VURx2xYLpgA-1kOl5-OzTIPc=w1148-h766-no\" alt=\"\" width=\"180\" height=\"120\" \/><\/a><\/td>\n<td style=\"background: transparent url('http:\/\/picasaweb.google.com.tr\/s\/c\/transparent_album_background.gif') no-repeat scroll left center; height: 200px;\" align=\"center\"><a href=\"https:\/\/goo.gl\/photos\/gmegxwieAdxYpTJM6\"><img loading=\"lazy\" decoding=\"async\" class=\"aligncenter\" src=\"https:\/\/lh3.googleusercontent.com\/WopaI3picOXY7bqVVd68gCUVCq6gcIt1UFM6xHpTDPWeTk_kqxyeOKx2na3c5vC-qlYgNjfBTDCt9EE53sGJZoHwiWy-WCf2C1-GYhOQayx3KxGWEX57KIGtNg1snMldJzJF2-JaxVDQJHB1hIHLbPBM7xfuTEi2-nDz4Mu6Cf11LGh6sLbA32Semy7fxK2tAthNHb3v5OBmM5JL9gOH5RysHgLKThbaN5CqXO86KN02ySsNgm0LQ_WNNqqMRWdpfMJbYPinXFXLt1hgyGnjfHrr5h-JxCwd3oHQGridqAvXXvhhckNWldYwyuBI1Xzty27vopCs7Es_o2Nsb40JmD5PiChVsGrWtH3AOk5j6yEkCWMp1Cy7C6pNssD9SmnbvFxitG3ei6nVgm3_faPlccvlebkwkZLeba2tPgFeDqdrSnGJ4WZLWBDzNHeuNTusVA1geABUgKdJv5JtGqOTyJlaUXxjoige-fLR0B_3_iJB6Qd4W3GSswA7OKgW2XTh-tD_U1zafFCjmLDTyYFBONCuvdVAmOoV3aRMk3tQZcw=w1024-h680-no\" alt=\"\" width=\"180\" height=\"120\" \/><\/a><\/td>\n<td style=\"background: transparent url('http:\/\/picasaweb.google.com.tr\/s\/c\/transparent_album_background.gif') no-repeat scroll left center; height: 200px;\" align=\"center\"><\/td>\n<td style=\"background: transparent url('http:\/\/picasaweb.google.com.tr\/s\/c\/transparent_album_background.gif') no-repeat scroll left center; height: 200px;\" align=\"center\"><\/td>\n<td style=\"background: transparent url('http:\/\/picasaweb.google.com.tr\/s\/c\/transparent_album_background.gif') no-repeat scroll left center; height: 200px;\" align=\"center\"><\/td>\n<\/tr>\n<tr>\n<td style=\"text-align: center; font-family: arial,sans-serif; font-size: 11px;\">10 Ekim 2015 Do\u011fum g\u00fcn\u00fc<\/td>\n<td style=\"text-align: center; font-family: arial,sans-serif; font-size: 11px;\">29 Ekim 2015 Cumhuriyet Bayram\u0131<\/td>\n<td style=\"text-align: center; font-family: arial,sans-serif; font-size: 11px;\"><\/td>\n<td style=\"text-align: center; font-family: arial,sans-serif; font-size: 11px;\"><\/td>\n<td style=\"text-align: center; font-family: arial,sans-serif; font-size: 11px;\"><\/td>\n<\/tr>\n<\/tbody>\n<\/table>\n","protected":false},"excerpt":{"rendered":"<p>22 \u015eubat 2015 Ana okulu mezuniyeti 13 Haziran 2015 16 May\u0131s Portf\u00f6y sunumu 9 A\u011fustos Ada \u0130lkokulda ilk g\u00fcn 7 Eyl\u00fcl 2015 10 Ekim 2015 Do\u011fum g\u00fcn\u00fc 29 Ekim 2015 Cumhuriyet Bayram\u0131<\/p>\n","protected":false},"author":1,"featured_media":6888,"parent":5137,"menu_order":0,"comment_status":"open","ping_status":"open","template":"","meta":{"footnotes":""},"class_list":["post-5167","page","type-page","status-publish","has-post-thumbnail","hentry"],"_links":{"self":[{"href":"https:\/\/xn--adal-oza.net\/index.php?rest_route=\/wp\/v2\/pages\/5167","targetHints":{"allow":["GET"]}}],"collection":[{"href":"https:\/\/xn--adal-oza.net\/index.php?rest_route=\/wp\/v2\/pages"}],"about":[{"href":"https:\/\/xn--adal-oza.net\/index.php?rest_route=\/wp\/v2\/types\/page"}],"author":[{"embeddable":true,"href":"https:\/\/xn--adal-oza.net\/index.php?rest_route=\/wp\/v2\/users\/1"}],"replies":[{"embeddable":true,"href":"https:\/\/xn--adal-oza.net\/index.php?rest_route=%2Fwp%2Fv2%2Fcomments&post=5167"}],"version-history":[{"count":2,"href":"https:\/\/xn--adal-oza.net\/index.php?rest_route=\/wp\/v2\/pages\/5167\/revisions"}],"predecessor-version":[{"id":6621,"href":"https:\/\/xn--adal-oza.net\/index.php?rest_route=\/wp\/v2\/pages\/5167\/revisions\/6621"}],"up":[{"embeddable":true,"href":"https:\/\/xn--adal-oza.net\/index.php?rest_route=\/wp\/v2\/pages\/5137"}],"wp:featuredmedia":[{"embeddable":true,"href":"https:\/\/xn--adal-oza.net\/index.php?rest_route=\/wp\/v2\/media\/6888"}],"wp:attachment":[{"href":"https:\/\/xn--adal-oza.net\/index.php?rest_route=%2Fwp%2Fv2%2Fmedia&parent=5167"}],"curies":[{"name":"wp","href":"https:\/\/api.w.org\/{rel}","templated":true}]}}