{"id":5174,"date":"2018-05-26T09:45:57","date_gmt":"2018-05-26T07:45:57","guid":{"rendered":"https:\/\/xn--adal-oza.net\/?page_id=5174"},"modified":"2018-06-19T01:48:02","modified_gmt":"2018-06-18T23:48:02","slug":"bartu-2017","status":"publish","type":"page","link":"https:\/\/xn--adal-oza.net\/?page_id=5174&lang=en","title":{"rendered":"Bartu 2017"},"content":{"rendered":"<table style=\"text-align: center;\" border=\"0\" width=\"100%\" cellspacing=\"0\" cellpadding=\"0\">\n<colgroup>\n<col width=\"%20\" \/>\n<col width=\"%20\" \/>\n<col width=\"%20\" \/>\n<col width=\"%20\" \/>\n<col width=\"%20\" \/><\/colgroup>\n<tbody>\n<tr>\n<td style=\"background: transparent url('http:\/\/picasaweb.google.com.tr\/s\/c\/transparent_album_background.gif') no-repeat scroll left center; height: 200px;\" align=\"center\"><a href=\"https:\/\/goo.gl\/photos\/fesGZ6omGhRYECAc6\"><img loading=\"lazy\" decoding=\"async\" class=\"aligncenter\" src=\"https:\/\/lh3.googleusercontent.com\/S0oQ58NlNUck7iwq3VYiWfw7W2aiIhsxpZSgnreuJPaasm2uolRD4oViWU9e_Hau2ze8vtzjnieFood4kBYaS_HaL6IQa50-riSxiUQ6Zb1zhjnFe6hU_vFve7AvP_biUXOQVtuMdOunVrIvYyM4Lt1433DRAB--FkDgq78G_w9H2uIgtWkBTIz7oYafpvI8AGDPEmhcKmhq4S35-qzBvxK5l1VhUp-zU3tO3aiXvBpiChQqFRWZIkb5qBoh56eIn_Fvl58y2ZVWlxYPXZriQqaZfIy13VoWB4gwET3K5LK8ZW5jyF6PA6qhpkATSVb4vpbW7j7xLkD_28B-BZdBMBmZ0Ck5d5sApT1X5G16q2M3-11pgaR2sXt-xthg11Eporoh8jqUn7EiLPG3YKgaXyqIfH8WU2QR9eUrtJnxlSnjIwk-wEBoDhgW9ljrhwRVExJoQvBj75zNEogo-d-pFOx0NJN8bziQgd1kAUppb9YE0Jb77D4akuP-A7FmWRHdKY7KsCE66qjqSu4Zzw2cbFPrD3_U0ZY5b_EeTPSfSuJd7pP5z4nU6d3jUl3eUfZ9CxV_85LceVVdwyH-auaGG5X_wMtJGOblJSqOSWBTZFmHVC6rMp8Wx525riFSt5wPMbwNiYaGU5qkZV0R_0ZcBB7U1bGU9Qf_oBg6IWkFow=w1024-h768-no\" width=\"196\" height=\"147\" \/><\/a><\/td>\n<td style=\"background: transparent url('http:\/\/picasaweb.google.com.tr\/s\/c\/transparent_album_background.gif') no-repeat scroll left center; height: 200px;\" align=\"center\"><a href=\"https:\/\/goo.gl\/photos\/mAck5nLXa44Aqshx8\"><img loading=\"lazy\" decoding=\"async\" class=\"aligncenter\" src=\"https:\/\/lh3.googleusercontent.com\/og5Frq7b4iaqFnOjCZeJS_D5hcMtp7-aigCAeT-bkQMFPZwcJVhU2a_wH3HPDu3vRpzzEWSgIcwSF27vrnirMROsjuTl4N2NX2i8EDFT7CazO7v8ERtelgAWkk2nkR7BxOR9uaoQNy-XF2ZXYOxihbATu8ojlQ2UInC60jTV7e7XBk0k35xYZUeBNZUn6bzwBAFHKyEb_s7Wg3cr-t3PlTx1xQp_LNWC20pWHO9hbvRsY1p-PTilxUtEDTIX264gQBto6jdCtnk446aCl3YSxKDvWluaU2fNhuIR3vQelZugx0ax9qkLUf16HU53QGHk-bnp9uYE-7H_73_AaMqP69nd6Ghpu4_EWEkP50ZOusGuVZ2v-4UfBTPz6zLa5En2GOglyG6FRHEDEkg-8GDqpeq_RmX9ib0k3blHy5WQP00wFvHqq_z9sCmZ9xLlWy0Pmi_WsNnAjDbqI-TpQ1YPC2-QmqD3EQ0CSptyjgjfzW-2ys0qi-4eTCXrKi10Rxj-N6kji1jR7tYUpVD6mTo64v11eCJZw-HxY9EjA1rJWRG-eUwi_TDVcbfyVLPoF8hsiaxStxpDNY_V2lCGgL1FJOLf1YbGauyh9I9fOlMshIpAOr-_GnS9=w1786-h1192-no\" width=\"196\" height=\"147\" \/><\/a><\/td>\n<td style=\"background: transparent url('http:\/\/picasaweb.google.com.tr\/s\/c\/transparent_album_background.gif') no-repeat scroll left center; height: 200px;\" align=\"center\"><a href=\"https:\/\/photos.app.goo.gl\/p3KwBjJ7Z86o9rnZ8\"><img loading=\"lazy\" decoding=\"async\" class=\"\" src=\"https:\/\/lh3.googleusercontent.com\/liQhvgtq2jv36fS9ZVZ7i-NH8ITOJ8sECk_El4ojjZ6Au936B7cmtvizZB9jR-9u7RK7Z5JYC6NyubMJj4RcoVCq1te62PNubs-XmMBzHMu8lAuVVL883aYt7MdDQSZWHYvb25LkggS_HAZqgeMDsY0TW4ZH5QkYk0-xI2iciMhtqe0BW23nn18bLtqcQFko_OGe-trZc24JhJAk6lT6AY95w_doMjNZPfs_dKiOpPWp8LhzIt7AqQuqTueoeIaaLqQG4GDP8LVeGlqazAOD6EQqzO1fX9YFJNKzDDiq1igXEr36WSA8IDPIDe5aL1zp4xCjefJN7FRa9JItxDGB85hcYK3WK-78B-NruZWr1F_rjjMPNIx66G1Yy3OSR_xqA-ruedEUrI_9X6K2E2udNAwZdieB1SfhGgaX8AFHfgAe9XYPqtiCNIAxzVgMDLFUwKvKw_zKl31DQQPz0tDJjlsEpG0MaF7heSoDzzezmuDgcr4rv2-VvOiexExAOC71IUyu76cTvkzZ1CwQ48Z8lQrHSN2TW20uq99BErxZqciDjorEiRpOzeCZolJBYhI30delyirY24g3f6q9AE-Tg_ZOPK90V4LlQRT_ge8=w1729-h1153-no\" width=\"192\" height=\"128\" \/><\/a><\/td>\n<td style=\"background: transparent url('http:\/\/picasaweb.google.com.tr\/s\/c\/transparent_album_background.gif') no-repeat scroll left center; height: 200px;\" align=\"center\"><a href=\"https:\/\/photos.app.goo.gl\/26nCGScq1ukYK6ry8\"><img loading=\"lazy\" decoding=\"async\" class=\"\" src=\"https:\/\/lh3.googleusercontent.com\/jIRGrpO_t7uUb5grBJLdcECDmMjW52lmkuJBGtryRm2zN_Q1237Wb_LiOl3irEBJwJcdOG-6UjfmOMeRfNPIyFt9Zb1h1BYF8aliuWN0NpfEtu-IWxLrHxUE3wr9Zd3qTej-Vuk--pGfvben-52HCHobweEk8tCH-G6NlajMU8VOOTVme5Ag611laYHpuVQTLIoViiVgG3qXgS9DtgBOIq4GDWOk8ASR-sEVoecNP87iOIB6dxnSv6aTMFJLg96kSFnx66cGta7IcCLVEo2Kg1BWCiQWNxsNQSR7wGJ2qBpDez2ww1fSmWO8SFA5BoH7OYavQrK4L7gXQgQ574AQtoVEo7RJ1SlHUxdxRRMKR9tao3jlKGiP-9d9YDNm22n_3ml4NspptY4WyJwg_cVr7IxQTM-Pup5mOlv3R53G1I238kfTBXoEUmeDRTfFdL0JZ9EWmFLKoD1sv4vGrCTQzTdFEiplKjDhkMxbVb7aaEgVzaCNh2j9mozrfVnfxeCBezGr518h1vOVzlN-7u_ecSL1BG5111yQ3O5EdWdAnuDkRIwvuodEuxnOtZEFmNpRmscEsLT0wqWRPmrD1R4YWDEyN8TxXUfEP2SoCEk=w477-h318-no\" width=\"192\" height=\"128\" \/><\/a><\/td>\n<td style=\"background: transparent url('http:\/\/picasaweb.google.com.tr\/s\/c\/transparent_album_background.gif') no-repeat scroll left center; height: 200px;\" align=\"center\"><a href=\"https:\/\/photos.app.goo.gl\/oky11NJC98uRLpAZ8\"><img loading=\"lazy\" decoding=\"async\" class=\"\" src=\"https:\/\/lh3.googleusercontent.com\/-vN50KX71M1odYLwZ61qyOehoEf5FgWFIE4eQNWlQorb4h7DkFmdFzF6gQk5QA6L7N3uH51LiaC5Ue7JdyoVVq5Ny0qJ34YtNXXov0uGKXi0tyqmZmzbdt-4yLGGv7hTr1a-qfKvoufHmJKFsosJ-DcurCumOXl8E47ZBDZMKu8r8VCRHcWiV_EqZFlcKXv1lRSTG9LY4KPO_qKR4Bbilur2lWK_uFiUgYq1rAUeDx1FA0ccVuwtLEb8QZhiDEETD3kS-gsZkaM7eD_fq--35GfYcNFU8NmuRkUItkIZsqWRoAyoxG3Dpv9vnpLw5Ftxf3YWNqhuLrsBG0VBUTxMJkLn4q6sRYwQbP5W5gxogE5jI2fxseS_PhS7CJl2HCuvNlKeZt8xVpmT0aHOgHv2bCxOPV49xd62iR6Iymg7eQiYUYy3wDgnS51ail0ri9VqgRRUbYmAuEqiDyDqtJL3E6Xmzcq_yQXEXgj3eQYATCjTwWDRamzwGQoOc-9C2cnRczKSJUCS3Y013WJhWSX0nsIA8SytQcmMdK5TqlTT1aoW0CIm2iCli5tDLewzEMWx12-KWuiasFSuebRQnTxpFRrv1cn6YEGgWdGPjy8=w1729-h1153-no\" width=\"192\" height=\"128\" \/><\/a><\/td>\n<\/tr>\n<tr>\n<td style=\"text-align: center; font-family: arial,sans-serif; font-size: 11px;\">22 Ocak 2017 Londra&#8217;da<\/td>\n<td style=\"text-align: center; font-family: arial,sans-serif; font-size: 11px;\">\u00a023 \u015eubat 2017 B\u00fcy\u00fckler K\u00fc\u00e7\u00fckler<\/td>\n<td style=\"text-align: center; font-family: arial,sans-serif; font-size: 11px;\">21 Temmuz 2017 Gezi<\/td>\n<td style=\"text-align: center; font-family: arial,sans-serif; font-size: 11px;\">25 Temmuz 2017 Gezi<\/td>\n<td style=\"text-align: center; font-family: arial,sans-serif; font-size: 11px;\">26 Temmuz 2017 Ada<\/td>\n<\/tr>\n<tr>\n<td style=\"background: transparent url('http:\/\/picasaweb.google.com.tr\/s\/c\/transparent_album_background.gif') no-repeat scroll left center; height: 200px;\" align=\"center\"><\/td>\n<td style=\"background: transparent url('http:\/\/picasaweb.google.com.tr\/s\/c\/transparent_album_background.gif') no-repeat scroll left center; height: 200px;\" align=\"center\"><\/td>\n<td style=\"background: transparent url('http:\/\/picasaweb.google.com.tr\/s\/c\/transparent_album_background.gif') no-repeat scroll left center; height: 200px;\" align=\"center\"><\/td>\n<td style=\"background: transparent url('http:\/\/picasaweb.google.com.tr\/s\/c\/transparent_album_background.gif') no-repeat scroll left center; height: 200px;\" align=\"center\"><\/td>\n<td style=\"background: transparent url('http:\/\/picasaweb.google.com.tr\/s\/c\/transparent_album_background.gif') no-repeat scroll left center; height: 200px;\" align=\"center\"><\/td>\n<\/tr>\n<tr>\n<td style=\"text-align: center; font-family: arial,sans-serif; font-size: 11px;\"><\/td>\n<td style=\"text-align: center; font-family: arial,sans-serif; font-size: 11px;\"><\/td>\n<td style=\"text-align: center; font-family: arial,sans-serif; font-size: 11px;\"><\/td>\n<td style=\"text-align: center; font-family: arial,sans-serif; font-size: 11px;\"><\/td>\n<td style=\"text-align: center; font-family: arial,sans-serif; font-size: 11px;\"><\/td>\n<\/tr>\n<\/tbody>\n<\/table>\n","protected":false},"excerpt":{"rendered":"<p>22 Ocak 2017 Londra&#8217;da \u00a023 \u015eubat 2017 B\u00fcy\u00fckler K\u00fc\u00e7\u00fckler 21 Temmuz 2017 Gezi 25 Temmuz 2017 Gezi 26 Temmuz 2017 Ada<\/p>\n","protected":false},"author":1,"featured_media":6897,"parent":5137,"menu_order":0,"comment_status":"closed","ping_status":"closed","template":"","meta":{"footnotes":""},"class_list":["post-5174","page","type-page","status-publish","has-post-thumbnail","hentry"],"_links":{"self":[{"href":"https:\/\/xn--adal-oza.net\/index.php?rest_route=\/wp\/v2\/pages\/5174","targetHints":{"allow":["GET"]}}],"collection":[{"href":"https:\/\/xn--adal-oza.net\/index.php?rest_route=\/wp\/v2\/pages"}],"about":[{"href":"https:\/\/xn--adal-oza.net\/index.php?rest_route=\/wp\/v2\/types\/page"}],"author":[{"embeddable":true,"href":"https:\/\/xn--adal-oza.net\/index.php?rest_route=\/wp\/v2\/users\/1"}],"replies":[{"embeddable":true,"href":"https:\/\/xn--adal-oza.net\/index.php?rest_route=%2Fwp%2Fv2%2Fcomments&post=5174"}],"version-history":[{"count":5,"href":"https:\/\/xn--adal-oza.net\/index.php?rest_route=\/wp\/v2\/pages\/5174\/revisions"}],"predecessor-version":[{"id":6894,"href":"https:\/\/xn--adal-oza.net\/index.php?rest_route=\/wp\/v2\/pages\/5174\/revisions\/6894"}],"up":[{"embeddable":true,"href":"https:\/\/xn--adal-oza.net\/index.php?rest_route=\/wp\/v2\/pages\/5137"}],"wp:featuredmedia":[{"embeddable":true,"href":"https:\/\/xn--adal-oza.net\/index.php?rest_route=\/wp\/v2\/media\/6897"}],"wp:attachment":[{"href":"https:\/\/xn--adal-oza.net\/index.php?rest_route=%2Fwp%2Fv2%2Fmedia&parent=5174"}],"curies":[{"name":"wp","href":"https:\/\/api.w.org\/{rel}","templated":true}]}}