{"id":5178,"date":"2018-05-26T09:47:19","date_gmt":"2018-05-26T07:47:19","guid":{"rendered":"https:\/\/xn--adal-oza.net\/?page_id=5178"},"modified":"2019-05-10T18:26:03","modified_gmt":"2019-05-10T16:26:03","slug":"eren-2009","status":"publish","type":"page","link":"https:\/\/xn--adal-oza.net\/?page_id=5178&lang=en","title":{"rendered":"Eren 2009"},"content":{"rendered":"<table style=\"text-align: center;\" border=\"0\" width=\"100%\" cellspacing=\"0\" cellpadding=\"0\">\n<colgroup>\n<col width=\"%20\" \/>\n<col width=\"%20\" \/>\n<col width=\"%20\" \/>\n<col width=\"%20\" \/>\n<col width=\"%20\" \/><\/colgroup>\n<tbody>\n<tr>\n<td style=\"background: transparent url('http:\/\/picasaweb.google.com.tr\/s\/c\/transparent_album_background.gif') no-repeat scroll left center; height: 200px;\" align=\"center\"><a href=\"https:\/\/goo.gl\/photos\/uqEDfnadcMxxFMx76\"><img loading=\"lazy\" decoding=\"async\" class=\"aligncenter\" src=\"https:\/\/lh3.googleusercontent.com\/S81mbt_KdQrxBrlXopTFvdc7W__9NhTSPmROiRsEFhvgalbjwELbJgasXwlvOnRLtIGgowwf1YRFyZo99HpU8aXXeUHvSNd76KcJjTwcVhUXcOMWfy5m-oCG759Q0Y0Pn1RyWEIThQALbN0bm0_pF8uJ6PHjImb-mvS5aPVW1f9YLnvWR_rjpJBouOi3zixh7_DF7sJohn9EdmFgsXBXTqLy_nQ6wtMlP97uw_MgjlOvTkxN2tsIVRJChwxS4-eBoyvh1Mdli9ts6_MT0S-UueMyhkZUMmCyFXp23FcsNkH6Yp3U7Y76B4hmPDNTW2Zygst0pkqaJMnYj5nBu-XfRqE8LRxYq6ZCc541mHqZ2XWCBsYV_PoR4esR_DoDjL-F1YYfKIPbWDKC2zpcAPQfvRI1x6SXGTfEy97iFxbXfaLJy4mxip_XacPV5-aeSNqg2Q6uxHBLWDkKqSHCCOFrXwkE7nSBL_4B5YbHhFcZfv_SN93DcDzOuf4iF5krnHSnKQu7Bv4uDNGLKcbfPOV7dNdLQyzSo95GkL86dTN3u2I=w994-h745-no\" alt=\"\" width=\"180\" height=\"120\" \/><\/a><\/td>\n<td style=\"background: transparent url('http:\/\/picasaweb.google.com.tr\/s\/c\/transparent_album_background.gif') no-repeat scroll left center; height: 200px;\" align=\"center\"><a href=\"https:\/\/goo.gl\/photos\/wsPjjvazCZTApvdq8\"><img loading=\"lazy\" decoding=\"async\" class=\"aligncenter\" src=\"https:\/\/lh3.googleusercontent.com\/o6bykdxna6nZDPkF9dLtNohSBXD7e4tKKn7UgIEhg7QN5ETgBtdpGgH-FGHJ-h3Y1KMnq8OHHIW-Zql9tpRjdqFJ085wbZDQUoYq0UmW08ED-kDA59t-dIooQHie7Gmjap5xgZeXxZsDEVJ6sBCSv-ou2HN0YyVaVYMQodjBDeHOcZ9eab6VxKeFXGZwkGy_sUc7vPRciaCkKtlqwRm7TCiBQT3LVOFNz6NGB4bSDXZpBJuiUCRWJzrCMxz650C7axR8ykzzy8flrUuunxtBP7YpCB8xxvN2mnPuueijLKSHS1MUU_M_bGpdI98x7JsudpI1De49jQyFdtbnHUV9hwB4JWIFb3cTLZzsJ7Fsi78Ol3g26mSaf_XY2c8GH72p_0vQwCHcLc9XoiOITwyvH_fP_hJJ1nJ6aek9y5uMX--q0Uqp52oem6dt6MDVF-ylIWtqx0rkiKv5wPV39GMJd2JIhyWOrRmYG8RiXhUrN3eV1n_h4BlXCwpv74StbaBw9NATQr_8gC01KNQaJHgibP2UnZCQKtU3tucXHMhcu_k=w994-h745-no\" alt=\"\" width=\"180\" height=\"120\" \/><\/a><\/td>\n<td style=\"background: transparent url('http:\/\/picasaweb.google.com.tr\/s\/c\/transparent_album_background.gif') no-repeat scroll left center; height: 200px;\" align=\"center\"><a href=\"https:\/\/photos.app.goo.gl\/USdp6DyhAVc1jP57A\"><img loading=\"lazy\" decoding=\"async\" src=\"https:\/\/lh5.googleusercontent.com\/FFiAc_YaAyNXo-lu_oKpiRhJD0JqHxRsLkHjhZ0i-w8=w270-h202-p-no\" alt=\"Foto\u011fraf\" width=\"180\" height=\"120\" \/><\/a><\/td>\n<td style=\"background: transparent url('http:\/\/picasaweb.google.com.tr\/s\/c\/transparent_album_background.gif') no-repeat scroll left center; height: 200px;\" align=\"center\"><\/td>\n<td style=\"background: transparent url('http:\/\/picasaweb.google.com.tr\/s\/c\/transparent_album_background.gif') no-repeat scroll left center; height: 200px;\" align=\"center\"><\/td>\n<\/tr>\n<tr>\n<td style=\"text-align: center; font-family: arial,sans-serif; font-size: 11px;\">18 Nisan 2009<\/td>\n<td style=\"text-align: center; font-family: arial,sans-serif; font-size: 11px;\">10 May\u0131s 2009<\/td>\n<td style=\"text-align: center; font-family: arial,sans-serif; font-size: 11px;\">18 Haziran 2009<\/td>\n<td style=\"text-align: center; font-family: arial,sans-serif; font-size: 11px;\"><\/td>\n<td style=\"text-align: center; font-family: arial,sans-serif; font-size: 11px;\"><\/td>\n<\/tr>\n<tr>\n<td style=\"background: transparent url('http:\/\/picasaweb.google.com.tr\/s\/c\/transparent_album_background.gif') no-repeat scroll left center; height: 200px;\" align=\"center\"><a href=\"https:\/\/photos.app.goo.gl\/74kWgxXmz4FNgYeY7\"><img loading=\"lazy\" decoding=\"async\" src=\"https:\/\/lh5.googleusercontent.com\/5k_1xTiSOzHb-ktLncFQNr0qQfXicUgu849wpd7ykJ0=w304-h202-p-no\" alt=\"Foto\u011fraf\" width=\"180\" height=\"120\" \/><\/a><\/td>\n<td style=\"background: transparent url('http:\/\/picasaweb.google.com.tr\/s\/c\/transparent_album_background.gif') no-repeat scroll left center; height: 200px;\" align=\"center\"><a href=\"https:\/\/goo.gl\/photos\/G1DZcECzsUhogWx47\"><img loading=\"lazy\" decoding=\"async\" class=\"aligncenter\" src=\"https:\/\/lh3.googleusercontent.com\/P4us7ZfbrWNAWuoT-_nsfCwq2HSNtAQW9cLPv6Ny_07_YTXO28QWw0QHm8fqEwqaOU8DmIenrWdZAKeM2JIAJfeAJcHNfhVyLx_F64O12KeOwhcrqaYj3ZliKxqViTLEv1gUZ2OWOFTFAflRyvVOyLdzDNNURHDuAkIz82Z1C1mlvJKZcWPYadplPnEACy3u-FlG_4wRs4IJeVZTpatQWmcrDzmbVHbkCrhVwo09FIh0YFxaTOiXmBumiTQLHc0JXhG_oq7mKs3U2_ouXne8vknMKtDJBSjVl_NB2P6rMiUibv-uoAaQc9T_sUCNV-fYNtPJnrkf_JSOOyUcyGwctn0Kpl9i_T-VXFgUSE0WPbW2DvT-FaU0X8LSvaKPkIavRyj9T2bSmcmyGjtjsxhbhPxA3SwebPhNWjEjC-4X-FLUWEep9vonLSt0z1JagA1Cv2sRqeqAhiZDZx_J6RnmDXoVTQVEw8jBlY5URtktsLk6DQ8CKNgWtsGWxQKXM8ouFmIo5Nf1Oyo7BWVuiKAdLofKz-nnteenFW3WY93DaNI=w1120-h745-no\" alt=\"\" width=\"180\" height=\"120\" \/><\/a><\/td>\n<td style=\"background: transparent url('http:\/\/picasaweb.google.com.tr\/s\/c\/transparent_album_background.gif') no-repeat scroll left center; height: 200px;\" align=\"center\"><a href=\"https:\/\/photos.app.goo.gl\/8zYxhzKCHoqx7sjb8\"><img loading=\"lazy\" decoding=\"async\" src=\"https:\/\/lh4.googleusercontent.com\/9En4ZHwcIiFCe67Dy5GEHMFN4QqV2bQOeLl4qgk9d2g=w338-h224-p-no\" alt=\"Foto\u011fraf\" width=\"180\" height=\"120\" \/><\/a><\/td>\n<td style=\"background: transparent url('http:\/\/picasaweb.google.com.tr\/s\/c\/transparent_album_background.gif') no-repeat scroll left center; height: 200px;\" align=\"center\"><a href=\"https:\/\/photos.app.goo.gl\/sJrmysAPjqZEXwXG9\"><img loading=\"lazy\" decoding=\"async\" class=\"aligncenter\" src=\"https:\/\/lh5.googleusercontent.com\/VFga8eMtMAFes7TrwbqvTBR-Wj29NfmiHsDy7jIzec8=w149-h224-p-no\" alt=\"Foto\u011fraf\" width=\"120\" height=\"180\" \/><\/a><\/td>\n<td style=\"background: transparent url('http:\/\/picasaweb.google.com.tr\/s\/c\/transparent_album_background.gif') no-repeat scroll left center; height: 200px;\" align=\"center\"><a href=\"https:\/\/goo.gl\/photos\/hCQGtfTJVm343n4Q8\"><img loading=\"lazy\" decoding=\"async\" class=\"aligncenter\" src=\"https:\/\/lh3.googleusercontent.com\/9FRKbyCetfKWucuGdn3GrZkmqrsfVmWx4bXJIA5u7eo0HmS87ABWu8xVhl9kFqFp0Kr7PNtoe3645RfMiDNe7cugQQ7Qp8-TGdYyxD4vboS7sF2wbYZcgZHnbv1zNq6PW24idhXcJCgpv_7OM3sMhm56GTbJx3R5HLqFWgRT1n49D3CFdSvMwkBHlerNj5oH3zV2ImqtQdWMpkvFrQ4LaDJxvxLOJkXZdmtkrkYkssajYRVMIYPzFJwfu1_rx-GQUrD9jowCCRWJAoouhwNTNLtu6r_EaecGmz5P69FZ839QKcC9OVWlrjUOVGf1OQmnojvPtAfMj8vPsOI4p0ywkccvOoWBxQZ822eC5Z5YDNPxOWZQTwMNaL8zyn4AFLoI4TzhC9pqhwqoieX0z7el41R89v2TPfdtsVyCv209v8y9vEe8MZAd2ExXNjfYEGi4M_HM8c4fVeSEncNrxEnPJL8vOO1wGNt5ZnjxeiV7Ha89pbwADJzQGQyR1VGkBNmKaBwyyRdDyxNJq9A_aeFyH-nCD54LvqUeZ7K8tToj2mY=w1120-h745-no\" alt=\"\" width=\"180\" height=\"120\" \/><\/a><\/td>\n<\/tr>\n<tr>\n<td style=\"text-align: center; font-family: arial,sans-serif; font-size: 11px;\">1 Temmuz 2009<\/td>\n<td style=\"text-align: center; font-family: arial,sans-serif; font-size: 11px;\">24 Temmuz 2009<\/td>\n<td style=\"text-align: center; font-family: arial,sans-serif; font-size: 11px;\">1 A\u011fustos 2009<\/td>\n<td style=\"text-align: center; font-family: arial,sans-serif; font-size: 11px;\">20 A\u011fustos 2009<\/td>\n<td style=\"text-align: center; font-family: arial,sans-serif; font-size: 11px;\">1 Eyl\u00fcl 2009<\/td>\n<\/tr>\n<tr>\n<td style=\"background: transparent url('http:\/\/picasaweb.google.com.tr\/s\/c\/transparent_album_background.gif') no-repeat scroll left center; height: 200px;\" align=\"center\"><a href=\"https:\/\/photos.app.goo.gl\/ofQcWftxcECb1mUZ7\"><img loading=\"lazy\" decoding=\"async\" src=\"https:\/\/lh4.googleusercontent.com\/z50bIxJ2Ojtexkj63MMGtcipcY3Y9Rf9ct_2I5qbbEA=w311-h207-p-no\" alt=\"Foto\u011fraf\" width=\"180\" height=\"120\" \/><\/a><\/td>\n<td style=\"background: transparent url('http:\/\/picasaweb.google.com.tr\/s\/c\/transparent_album_background.gif') no-repeat scroll left center; height: 200px;\" align=\"center\"><a href=\"https:\/\/goo.gl\/photos\/RXjENLAL5RAKm9rz6\"><img loading=\"lazy\" decoding=\"async\" class=\"aligncenter\" src=\"https:\/\/lh3.googleusercontent.com\/dz_3_27N_gPOHceVEpcz7vQTEAZiVRTojar7dm68DrC7-_PfpJfQUNTF3sVj7YLiyWpHvPhxsaArx7z0k6Vh0rgn5IgXWistmXJ0eQ3ttfmmFcqzEvjIlKyYFhACnz4QcCW_3W87R76BkZ4HURB-OqOLEexVKlsrKNguqqAXVj6JP6G1wu-KmhRWq54tSixyL8OuH5-l85mJOpr5uGtpNDhHsAmZ7i1Bt_JXmz1cSt0t2-nEUsO4ckuPf1F2FddYacD7bhCEg-rIIg8EwK7YSnsr6pR6Uyz3JqIqWyct48GQhPAH5BWHZG5nOIYO6wyR2P_5Xm4zLKkjnHV8Zg-ZaljyIeRVOR28io4-x24Urf0zdNFscItXAq4yE_qsv_JCxvrtQ3kBSTzOMZV1NZEQ4UszDiLkmQkFqQTev2sr7y8I1E4ccNTPCwUS_ZhTawePZLqPiZfpaFFmtw9f-P95hktiBMyHKff88VVIKibKmQCGhRmYAX6L3e8H6re7w4lZfMMfUA3drgi0I89hyYNQzdoV9MVrfzbpcSJNw_6c3ac=w1120-h745-no\" alt=\"\" width=\"180\" height=\"120\" \/><\/a><\/td>\n<td style=\"background: transparent url('http:\/\/picasaweb.google.com.tr\/s\/c\/transparent_album_background.gif') no-repeat scroll left center; height: 200px;\" align=\"center\"><a href=\"https:\/\/goo.gl\/photos\/wJ7DRBrukzFuP6gV6\"><img loading=\"lazy\" decoding=\"async\" class=\"aligncenter\" src=\"https:\/\/lh3.googleusercontent.com\/UZ3YzKWIMOpzjc3DAXii6EQuZK8Xh83JKVRuusSfUaabFT9Lvi-UgqxDJEfIlr62bSioqyuXn9rJqGTfJZ8d2wQFfhRpMzlXO6BAthWs6OoxI9A7wj8hEaOjGwAWgs3UFBytrnA0-5zugr6mRwZ-YDyX-ccMDiDma5btCPUoaJ0ueYt9Bw291iJsfyxHZhcdkQqV2SXFPFYIy8z2zj_W7hlsEVCdmkRGTYdpwDpEjVAgj-khkUryUcbcK7Jv6Gw-jbF93D52FoNHaBlZR0J48UL9fJxFzVDzzoituZHeXIYHGd9bDDeKUvonh60xDkVHBKU13WYVQTOj8zZwxeOiXNou7vO1r-t82YaxR-8Yzpt5_uiAoZngSh1UNoo9DUxdOaeUUzkab8WvXP5ctAVfepGRkpkltwAB7toGlXIvTno5gA-E_jDbJTlkFzCPUq0yyisO3XwlrBYPsnpg5FC3GsIesqsnDNVsU8ngasoRTb4NvLnZBo6c_KOgrFa85niiG5b9uweDfXhJVfgDbngFPK5g71rjqYmYKufSItTvLoQ=w1120-h745-no\" alt=\"\" width=\"180\" height=\"120\" \/><\/a><\/td>\n<td style=\"background: transparent url('http:\/\/picasaweb.google.com.tr\/s\/c\/transparent_album_background.gif') no-repeat scroll left center; height: 200px;\" align=\"center\"><a href=\"https:\/\/goo.gl\/photos\/SZdxSMKVuEZoJcbG9\"><img loading=\"lazy\" decoding=\"async\" class=\"aligncenter\" src=\"https:\/\/lh3.googleusercontent.com\/B3nsCEEHB_6krJPw_5Khh1b-UY48B1oeLm4v7W8oN1p5J1H5RA4q0djNjhW7UN-rM8TfhOHLZsXfGVaL9s3jbEpx8y4xKo90eDTlfy54sTZP9YaZarw7NqAp0qwhJ7-gme9vpxAt0frADwkmQg0wWle28sVQ99iEkI5RU67GSLdnTLtwa7jMuQqt7bxqOQrL4wF4R6f85yQgmWCji03i-pE7SoJNxyDiF_KdsdN0XkAPMzMP31fv-hsWf1eFm7BXa7Jj0qWjxBqeW-eVWvAgC08AI_BxzgTBKXxqQdAOEuQTuS2FLZUDqNn7-COM7Yz2Ob5o-1aaz7JuhNIYQ-XtFbShLdz896vT1yOMwGna4bo6dh1M5eC430r13ooQYdyf-FDG55rVTXrMRxmP_t7i39oUZ4K1VUCG_USAtG9eXLxZwYkdqyQ0A8fyDMWBqfRnnOA1qujpmcTv4CRu-u_ojudYBI_7PKu5PVlLc6mT1IAROOrUKSvYUgs7qXdgE5ucSKp4tAJvjEMnCNfvgNDm90tsjco178Bc19PMGch_DCk=w1120-h745-no\" alt=\"\" width=\"180\" height=\"120\" \/><\/a><\/td>\n<td style=\"background: transparent url('http:\/\/picasaweb.google.com.tr\/s\/c\/transparent_album_background.gif') no-repeat scroll left center; height: 200px;\" align=\"center\"><a href=\"https:\/\/goo.gl\/photos\/2CSbGkFE5czYfaPU7\"><img loading=\"lazy\" decoding=\"async\" class=\"aligncenter\" src=\"https:\/\/lh3.googleusercontent.com\/XIP0bv0q-gv-IHhg8bKe5f_kJFRchddPBOTJlNxDhfzrgMd2AwcwUmAdtTElSh7rRTijW9Du7JLiGSjlX1Qo49pZ-5Siw-I_hNW9vmsa27XX6C7NE_KPqV_P2Yp9g0iZ85_qlO5hqmpwtVR8wqZCtd815bvHJSZR2kqDydAtIToQzzj-Y0RHiXVOiF3WjxpINbEhB-WmvLDmuc_GC0qHhyySowq7OL88HmhPWUanbpNqk1MSTv6u0ltZbofh_D9YkdvL1M0sMWLM5zQdyQLQBxRueKCLQUytYgUTGJ2_ymSNoqcj0u7aQd3wVVPZt_zoilxVWKQwIYqmMoDDW7U3JHcY59CSWSVvsly9qMMyRdtpcsMkPUOiKkd4j0tIo25OPgdoCZBMobiQpua4kSCM7P8W3eesu9yprYYVC0c_nuxLxvLs8xIu03mlfzRxnyHjxlmRy2OFCEj-Emj1mA0iQeInaklLY_gLo_5K9KiMt0RghA3PSXGuYwLFzQz8YmtADueZrEdpl9BPLWg7ZAv-jJ6eXimukjj0L-UijRDiia8=w1120-h745-no\" alt=\"\" width=\"180\" height=\"120\" \/><\/a><\/td>\n<\/tr>\n<tr>\n<td style=\"text-align: center; font-family: arial,sans-serif; font-size: 11px;\">16 Eyl\u00fcl 2009<\/td>\n<td style=\"text-align: center; font-family: arial,sans-serif; font-size: 11px;\">20 Eyl\u00fcl 2009<\/td>\n<td style=\"text-align: center; font-family: arial,sans-serif; font-size: 11px;\">10 Ekim 2009<\/td>\n<td style=\"text-align: center; font-family: arial,sans-serif; font-size: 11px;\">11 Ekim 2009<\/td>\n<td style=\"text-align: center; font-family: arial,sans-serif; font-size: 11px;\">25 Ekim 2009<\/td>\n<\/tr>\n<tr>\n<td style=\"background: transparent url('http:\/\/picasaweb.google.com.tr\/s\/c\/transparent_album_background.gif') no-repeat scroll left center; height: 200px;\" align=\"center\"><a href=\"https:\/\/goo.gl\/photos\/SqATjce4dctWf3AX8\"><img loading=\"lazy\" decoding=\"async\" class=\"aligncenter\" src=\"https:\/\/lh3.googleusercontent.com\/W9fg6JF2WJDxceEryWhR3HVmBPkcT03VP56MqFttea3ADRBQZgBrZhfeTUAIQ6dbdFmh9ArBsVKS2rHlEKnI72jpXdksS-wD5Mf4pYr22OgNmPIoLqJ1X4OB9Iw6ksdd06cNPcR23GSe0nBY9p7jCcfolFPpmpJpPaI9lqRF_LQhB2rWlmLmI14DHn8n58LrpIUl1dGLlQ4kkTcPfK2RJXEWGBKURTkdYEBTnI_lWTsPrXDpOTmHgVRZ4cIZzO4gviTYD9cohJ8o44eOiJRhXqfFQBbuksBn6JblVGObPEj_402IUK_9MbUg24KVeRfh66aRuTJvi6Id1YGpjuUgjUYdyCGJAApvzpwiqvteT8LbMeQXITHKtiQp200cPqBV1KSmqF7Y1sklOA7J3qvcJTDPlZhNoCvwFO7dOQHHwPmM1PIZwAkanDCfGdzhJhfPSGobfQCLdmMDDKVR8NnKCLG2yV96478xkXLK24Np5X6mUbpH0vIdDrFX5DgdqXKe7P_rG2H1S_QLht1R3EWHwH-WSISdAqWvmjKqT2rtjss=w1120-h745-no\" alt=\"\" width=\"180\" height=\"120\" \/><\/a><\/td>\n<td style=\"background: transparent url('http:\/\/picasaweb.google.com.tr\/s\/c\/transparent_album_background.gif') no-repeat scroll left center; height: 200px;\" align=\"center\"><a href=\"https:\/\/goo.gl\/photos\/i2Z8NWmdE6ct9odt7\"><img loading=\"lazy\" decoding=\"async\" class=\"aligncenter\" src=\"https:\/\/lh3.googleusercontent.com\/Zq7vyzcvbBAwvgRAtd2zrT731bMU2B-_NAnuBiDPJCjCMSi4rj9hBH0qXNspSLMvy84bePS0TGAQ8p0sQD0Wo6kwIE_dz88sQ5NzqL3et2lNKMd7MF_g9qhKZwMSA2JfJLCwX9HKIuHE1lOvc6tFTBdivk59MqchtwukcygwMznf-3G1ZLg6ZkA3QYt83EhyKxYwkYyDXbZjOH0f3pYXs-oE6KrhmB-qoR9w9UJ5Hlp6tnJgmq7i5TxlpewFVzBvpvmB9iQJ6qPGHEowUZ-i9IP82h3CZ-DbVWrdEOfujZJHLxCjUS1tNCVJsbSrc3VUkGtwP_Upiq0JTQL9qlW9WkwN5qmSuGYK0P0WyXm-G8V4zNmATKZMj0Z9GU7azdpBZj8g3-w7s11V79TtOSh200cmkpyr3f_XBFyp0t-ZY-U44KDzT28cqaI0lon4luxSSYnwBbwZLP8U418ghMBt0Kv4ehQiLYiUtogpiHfXke63mRfF8T2tObP9Lw4aKA2MRXSL6drityoPy-gw29Wq9q8uNA2LHDS0SxS6QiWpKoU=w1120-h745-no\" alt=\"\" width=\"180\" height=\"120\" \/><\/a><\/td>\n<td style=\"background: transparent url('http:\/\/picasaweb.google.com.tr\/s\/c\/transparent_album_background.gif') no-repeat scroll left center; height: 200px;\" align=\"center\"><a href=\"https:\/\/goo.gl\/photos\/U9yjMXhY8RGPXMn7A\"><img loading=\"lazy\" decoding=\"async\" class=\"aligncenter\" src=\"https:\/\/lh3.googleusercontent.com\/OKIP7U207VdL2VAPDF6BkCuIZDmKEV2vZME0bKs3aaXEntGgVg9ej7KXtzyLdMQBWLgNxQTgfQw2f2PM7WyqoxairfBbcO9h9YIUgw6hJgpbYgTCSH0lTm-1j-m2ytJp6eTNS7Wk1lVHMKqkuVWGHrMTy8_cGO7NL0dKpcxc73AQPDbRxAiBtQ3KYSeLhWptnUdiW8663WGyoGR8oPvKxqLud17kgWI3vZgbPW0mkKTeYoW4mH0UQ7-s7tkYJI4TPwaQwnrGbVxTX9n7qAHInRDU73-hg9ssriZMVs0YTTJYSHZwB6uO7VMRkt75U50JZvcHr6XLfc42JoOuhxKfRftS9B90NlAlRL6hxSdS6p9KtgXLAPBJoreD6ScV1V5XdzI20OTO-PaCR0MO76r_d9rmtkdsYs3cz3F6Nlf7J-MpMr_nYnSHXEpKyE0yuh6swwtQvef7AsW6kk3lEiZuYVhoNil-yjNsq0jBVSKgeyhf9J4Hujgdp9zxiynnO9RvvY7_MZu46tXr7m8oGj5E7uTEN4bqL6tO79DQipuMAh8=w1120-h745-no\" alt=\"\" width=\"180\" height=\"120\" \/><\/a><\/td>\n<td style=\"background: transparent url('http:\/\/picasaweb.google.com.tr\/s\/c\/transparent_album_background.gif') no-repeat scroll left center; height: 200px;\" align=\"center\"><a href=\"https:\/\/goo.gl\/photos\/XXSjWvpBeYRp7scK8\"><img loading=\"lazy\" decoding=\"async\" class=\"aligncenter\" src=\"https:\/\/lh3.googleusercontent.com\/w2XOY-LIRN0WLJR9VRy-XJLw1vQGkPS38-kXiBT8F6_Y0oK0FRV9dRkLtJxbu7v5t3Rak5aWCnMX-acyxuF2GXzKSc4xfa_ozOuu0CtDNxqA6BgNfkL0kgAL5kTSIIhSMks5gqFpdNzxqEeKZDogUfCPnW5rWLLUudwO1F9ppVzUYadCrGEQ9mqyBo4cG3aJotmmQKnDHwV3EDJA8ObCOHzYqazu61uS1kyRwAM9UznkD7CRvjrWhTf0OJ1VcY-4c9uFDn6K4h_xlKpgb2jRuWbuBk2iTTxDN_AlaTmr4_-uL31sz8S_UXkzRWYQH4PnBosSSAQiVslYaw7PtHU532uKFWMCmon4w7JGWiI0xRaJJgqYmMVo3Idjgg2huTzBPwNJaauCeLwEL0pymGfY6A4Sxf5mSLrkJt5kLY3LxJ_TKM73avo7nYSGCRobXJVUCiEQLmAD1d18Ndf7WSJ6fCkvkSulHcqosKo2XR_Ls1dAfIvlcgjlbwHj3OJhGW7hoVDGCsIGtlCUgduVAV10XNVhFJqCEUj2pmntfmXeP-g=w1120-h745-no\" alt=\"\" width=\"180\" height=\"120\" \/><\/a><\/td>\n<td style=\"background: transparent url('http:\/\/picasaweb.google.com.tr\/s\/c\/transparent_album_background.gif') no-repeat scroll left center; height: 200px;\" align=\"center\"><a href=\"https:\/\/goo.gl\/photos\/dMRyfEzKNzbLRDXo9\"><img loading=\"lazy\" decoding=\"async\" class=\"aligncenter\" src=\"https:\/\/lh3.googleusercontent.com\/NO7dMqO3xIfp2PbYnXWH_iVVmYokIB5aczE3_SVlGz_mH977EYW5vYl3bAWboGkPrPMnQY1YwNgGvMbPLN8Gx30y83P0Ws7Ik_IQp_VYJiLbg65PMS8xTUu-EcTxTLXv67NKBHC_UTTrI6gDa28QKAhu2q4agDr7AwCVDXB73xHp7hrI0nWwH3xCFlTYPNXCHYdZWl6CN-NzsNyPRzGpKtFfn3AArHrCM0rv7cBFSVFfvYtJg_V07Cfy63nmOTSk8dOARUZm14y6RQNRMy2ZTAabf_XOD6-wt6kLD3K3jYGTs9-iJVmwvpPbC7WRAlr4cpJSkxhxcjmtlzU19BAV6NF6zxrt61Y3IcGT9UJC5wOrtJgns_FkRldrh6W7BiPfcwNGZKW7z1FDzZN139_NzaR12cXsEAb-xIn5zZN6A55D6Z7RQLbUdnKrKKOs9emzC4Pci_XBOZgWeMIk_EtoRGWj-wFfWvVc-UwgyRS2zag4fqvmpfnDavwDvBql23rGbgtbU2gMh9aHh3H_8CuvkaG8QjW0WPVGSUsDrNQsVDg=w1120-h745-no\" alt=\"\" width=\"180\" height=\"120\" \/><\/a><\/td>\n<\/tr>\n<tr>\n<td style=\"text-align: center; font-family: arial,sans-serif; font-size: 11px;\">14 Kas\u0131m 2009<\/td>\n<td style=\"text-align: center; font-family: arial,sans-serif; font-size: 11px;\">15 Kas\u0131m 2009<\/td>\n<td style=\"text-align: center; font-family: arial,sans-serif; font-size: 11px;\">28 Kas\u0131m 2009<\/td>\n<td style=\"text-align: center; font-family: arial,sans-serif; font-size: 11px;\">27 Kas\u0131m 2009<\/td>\n<td style=\"text-align: center; font-family: arial,sans-serif; font-size: 11px;\">27 Kas\u0131m 2009<\/td>\n<\/tr>\n<tr>\n<td style=\"background: transparent url('http:\/\/picasaweb.google.com.tr\/s\/c\/transparent_album_background.gif') no-repeat scroll left center; height: 200px;\" align=\"center\"><a href=\"https:\/\/goo.gl\/photos\/czQHX5fQK5wVfuAU6\"><img loading=\"lazy\" decoding=\"async\" class=\"aligncenter\" src=\"https:\/\/lh3.googleusercontent.com\/WUgXJz-UrrDkbT75UyVw-bhd9ILSTZFMnHZyDwkR5AgYGtFKkq5r0LiIy6dMJ4iuYMQJdsUYTAsvA8kxDIgVjwJoiveaRkT_A6zTaodTwdkSBmWziSdstAkNKx04EGUDVb5BGJq3E8OkFcQvzyt8Of3LcFfjojKb_zpet520IbT1MKjq52-qAuAgcSz8Q3nbpV7xRk2SzES31R0RIrgnuECmtANydWHSqJK8XXzepAIU7ULy6YQ19N57Z247Lk_FU-5WqzcDn0927aMcKmCVultqmIhB-7QbVzOUh9TXANMF1Vs6Lx3Pl0T77u6BBfQ5JgWMycQVpTGCfluIkiST7RQf3WoXiJm0ZMivcQEo-Gz2-9bJ10dObTLOdyuisSD68vODz1dNM8rKgXXsIesTFkQ0XbRc3c1nFXWuyYyk7TBn-v5_gLwov0sZbwimo21vkQZj5QxhUluaEwRBQM9HMKeGEMK10llew-2XF9-CbKi2_Z2seI_C8fmofvUsayO0a_UmzHDYBrp4qoHK6ofnm95N3c8X8eMDtJEMLR_9g5E=w1120-h745-no\" alt=\"\" width=\"180\" height=\"120\" \/><\/a><\/td>\n<td style=\"background: transparent url('http:\/\/picasaweb.google.com.tr\/s\/c\/transparent_album_background.gif') no-repeat scroll left center; height: 200px;\" align=\"center\"><a href=\"https:\/\/goo.gl\/photos\/PTCy2tgxx7fFZzGu7\"><img loading=\"lazy\" decoding=\"async\" class=\"aligncenter\" src=\"https:\/\/lh3.googleusercontent.com\/ZoemrsNPv4snpNtW4Q0DMft3qhMZxq88C2_5L93DXDBE98HGhQ4Mjykkv40w4ZRajz0mfShLdqa8QCwrHKqj3D_Gbz9gQlgjsM0N4HnG9HY6BVM-rmkzdrGdILRuW5xLVzRx7qZkuN4edlWmP8GOsK6bJ88nqnu5PkXh7q5hh9yHg4nNxFfYreHMvBaANg1xzgeNSTDpLRdHmjGh4mirrNg-eHHi5gj-Qtbh_MQReyknX2fEFP0ipLmqyg8TdeQMTwDitFQDob0Xn4mEKURjrOwVMeX22rhE_CZyw0mKgUv7dbJ7J30gscTnLFgvs85_1PDTlHZ1s8myL4HdQ7_oYLfarDQOBpGatFDrtb_rhPy59kNrCN7agJgo2fCCQDHSuROlLctqRboeWaA-OYw_L7xX7QSkXOCX3coTRuG1ZzJLw5pEkYiC7gwT7beD0qayUDK1H1wPYfGdZDSSB9KlPk5mY6Y7mb1dT5lf1M0tW-Fy9CaLOtSpl-w1xj3qOAmSQ3OegP9HOkBJ2EQJHQdIES_voEurjdfzqCdAUu227MY=w1120-h745-no\" alt=\"\" width=\"180\" height=\"120\" \/><\/a><\/td>\n<td style=\"background: transparent url('http:\/\/picasaweb.google.com.tr\/s\/c\/transparent_album_background.gif') no-repeat scroll left center; height: 200px;\" align=\"center\"><a href=\"https:\/\/goo.gl\/photos\/oL3bU7VWbcLfnPLW7\"><img loading=\"lazy\" decoding=\"async\" class=\"aligncenter\" src=\"https:\/\/lh3.googleusercontent.com\/Zt5aaalnbnNa7rok2jnsYN7HJ-FtXTnHXaWg_hm9QKtP_XzZn0ExhcDoaEinTkL11jsyzkUDwIOaM8umZ6BRHxe3q_LssVDq39qMLUH2-lcNclm25nhhKQCmyrk0s-fLJNVjv2hMlH4lVN0ZnaOrnNr5yglou69QgxrFobOdjblCgpimFysmXOeev9HujzV06d14AF5DZRavXtXQhXVH3uv0dsFSUBGSYYA6AXYFJ0pCMzq4BSzf8PtedDqk62Zx8jn33vIhC_8VwHxsn1qf7qvzEqV9Q4aA80QtWcHWIW7xr148HSf_hDtX2HG1uj-m5DZxhyOIUmRfwu821IbNAtnoHL-OEpU9GJcYlZ2PFFyvNwZ6Ik2AfKMifzkQMWA37dvcU4oIqs5fa9vlDLsGZOTgS5n8n5wVka_AYWSt6ZuFFlmrf4wrN7JSfid7PIWN4tCgtgYNeq891vIT2QxsBfa0xB99xwhKKemCqZoDBgSd_Lw2aNpYL_uZaqLtOXOCKfk9IbVuXEVJRLeJ6flN41kXJasc9KyY3ZfzPmsOcjY=w496-h745-no\" alt=\"\" width=\"120\" height=\"180\" \/><\/a><\/td>\n<td style=\"background: transparent url('http:\/\/picasaweb.google.com.tr\/s\/c\/transparent_album_background.gif') no-repeat scroll left center; height: 200px;\" align=\"center\"><\/td>\n<td style=\"background: transparent url('http:\/\/picasaweb.google.com.tr\/s\/c\/transparent_album_background.gif') no-repeat scroll left center; height: 200px;\" align=\"center\"><\/td>\n<\/tr>\n<tr>\n<td style=\"text-align: center; font-family: arial,sans-serif; font-size: 11px;\">11 Aral\u0131k 2009<\/td>\n<td style=\"text-align: center; font-family: arial,sans-serif; font-size: 11px;\">31 Aral\u0131k 2009<\/td>\n<td style=\"text-align: center; font-family: arial,sans-serif; font-size: 11px;\">31 Aral\u0131k 2009<\/td>\n<td style=\"text-align: center; font-family: arial,sans-serif; font-size: 11px;\"><\/td>\n<td style=\"text-align: center; font-family: arial,sans-serif; font-size: 11px;\"><\/td>\n<\/tr>\n<\/tbody>\n<\/table>\n","protected":false},"excerpt":{"rendered":"<p>18 Nisan 2009 10 May\u0131s 2009 18 Haziran 2009 1 Temmuz 2009 24 Temmuz 2009 1 A\u011fustos 2009 20 A\u011fustos 2009 1 Eyl\u00fcl 2009 16 Eyl\u00fcl 2009 20 Eyl\u00fcl 2009 10 Ekim 2009 11 Ekim 2009 25 Ekim 2009 14 Kas\u0131m 2009 15 Kas\u0131m 2009 28 Kas\u0131m 2009 27 Kas\u0131m 2009 27 Kas\u0131m 2009 11 &hellip; <\/p>\n<p class=\"link-more\"><a href=\"https:\/\/xn--adal-oza.net\/?page_id=5178&#038;lang=en\" class=\"more-link\">Okumaya devam et<span class=\"screen-reader-text\"> &#8220;Eren 2009&#8221;<\/span><\/a><\/p>\n","protected":false},"author":1,"featured_media":6829,"parent":5138,"menu_order":0,"comment_status":"open","ping_status":"open","template":"","meta":{"footnotes":""},"class_list":["post-5178","page","type-page","status-publish","has-post-thumbnail","hentry"],"_links":{"self":[{"href":"https:\/\/xn--adal-oza.net\/index.php?rest_route=\/wp\/v2\/pages\/5178","targetHints":{"allow":["GET"]}}],"collection":[{"href":"https:\/\/xn--adal-oza.net\/index.php?rest_route=\/wp\/v2\/pages"}],"about":[{"href":"https:\/\/xn--adal-oza.net\/index.php?rest_route=\/wp\/v2\/types\/page"}],"author":[{"embeddable":true,"href":"https:\/\/xn--adal-oza.net\/index.php?rest_route=\/wp\/v2\/users\/1"}],"replies":[{"embeddable":true,"href":"https:\/\/xn--adal-oza.net\/index.php?rest_route=%2Fwp%2Fv2%2Fcomments&post=5178"}],"version-history":[{"count":5,"href":"https:\/\/xn--adal-oza.net\/index.php?rest_route=\/wp\/v2\/pages\/5178\/revisions"}],"predecessor-version":[{"id":7691,"href":"https:\/\/xn--adal-oza.net\/index.php?rest_route=\/wp\/v2\/pages\/5178\/revisions\/7691"}],"up":[{"embeddable":true,"href":"https:\/\/xn--adal-oza.net\/index.php?rest_route=\/wp\/v2\/pages\/5138"}],"wp:featuredmedia":[{"embeddable":true,"href":"https:\/\/xn--adal-oza.net\/index.php?rest_route=\/wp\/v2\/media\/6829"}],"wp:attachment":[{"href":"https:\/\/xn--adal-oza.net\/index.php?rest_route=%2Fwp%2Fv2%2Fmedia&parent=5178"}],"curies":[{"name":"wp","href":"https:\/\/api.w.org\/{rel}","templated":true}]}}