{"id":5184,"date":"2018-05-26T09:47:48","date_gmt":"2018-05-26T07:47:48","guid":{"rendered":"https:\/\/xn--adal-oza.net\/?page_id=5184"},"modified":"2019-05-10T18:40:38","modified_gmt":"2019-05-10T16:40:38","slug":"eren-2011","status":"publish","type":"page","link":"https:\/\/xn--adal-oza.net\/?page_id=5184&lang=en","title":{"rendered":"Eren 2011"},"content":{"rendered":"<table style=\"text-align: center;\" border=\"0\" width=\"100%\" cellspacing=\"0\" cellpadding=\"0\">\n<colgroup>\n<col width=\"%20\" \/>\n<col width=\"%20\" \/>\n<col width=\"%20\" \/>\n<col width=\"%20\" \/>\n<col width=\"%20\" \/><\/colgroup>\n<tbody>\n<tr>\n<td style=\"background: transparent url('http:\/\/picasaweb.google.com.tr\/s\/c\/transparent_album_background.gif') no-repeat scroll left center; height: 200px;\" align=\"center\"><a href=\"https:\/\/photos.app.goo.gl\/L11LvXch73kkvjjV6\"><img loading=\"lazy\" decoding=\"async\" src=\"https:\/\/lh3.googleusercontent.com\/zXuhrWq8q--l-_tztfKDXJnWcOL708GFX2eMBR0QbzI=w288-h215-p-no\" alt=\"Foto\u011fraf\" width=\"180\" height=\"120\" \/><\/a><\/td>\n<td style=\"background: transparent url('http:\/\/picasaweb.google.com.tr\/s\/c\/transparent_album_background.gif') no-repeat scroll left center; height: 200px;\" align=\"center\"><a href=\"https:\/\/goo.gl\/photos\/8dwh3k2FibP7JGCL9\"><img loading=\"lazy\" decoding=\"async\" class=\"aligncenter\" src=\"https:\/\/lh3.googleusercontent.com\/KxFana_bqu_PmBlvO2-bN055PtG2SomTdJpZtkEJyBmo39Wj52wZv8M-18C3E47H3QikLG0mmtCOlH8xhAYAmQdCkqb9WlA-1Hi6z6WhoZhnHkePOaenG1Ga1DVyn2WQo80XqjJA524gzfz-qU75bnzKCnPGksAWZFvffMzgQKCOv63V51nBiHdAcqbh1aQ3Wg0wpDhVRKv78v3IgYWNfiHrKHL6FOn3hGEvBz19ySJrPv0GqeknGGzSyWmEdcXE46TnUdSWF8DYk-r9xcymzfWglN7S2c8UH-RdI29gROvyAHTco07_6wYxUcZGh4WAIf54r57tKwN0NgDrl81kTPfBmjF1jX3ir1n7QRDKpCvZwWP8i0NLzrlzuM3dB72bNCQ80fhH4KpKopAHwvsyAiEvURbFqcnANjvcN1vP7dJwMyNaGZUqE4YwlJd18Ob8GdHN8Zzwq24haQmQyAaEHMOXYrw2jWPbteEORot3hqoFP9BbbTeO4RDVMzPK9EzsmZWlyuaXZi6aMblJalkvXpJra5raoa3De6HjoH292o8=w1120-h745-no\" alt=\"\" width=\"180\" height=\"120\" \/><\/a><\/td>\n<td style=\"background: transparent url('http:\/\/picasaweb.google.com.tr\/s\/c\/transparent_album_background.gif') no-repeat scroll left center; height: 200px;\" align=\"center\"><a href=\"https:\/\/goo.gl\/photos\/qkuhXr3uuH8ev23h6\"><img loading=\"lazy\" decoding=\"async\" class=\"aligncenter\" src=\"https:\/\/lh3.googleusercontent.com\/83s0nyttlnXy6ddrQRO2bEyxuH9TOqeP8dvD-lov9gslEh8j1gMq017MmtmhxsYki-xv3Xx-FAB3_GAX081Q6Rbner9MAW2AuuljbRVqO9b9QT-y4Sv-yMRvwbxcJjFam3sm7hL_kYL2gABN4sU-Gu0fxgluEvp-DoirmBShAh08EuB6dL5T8rhl3g9nq8OS7mkOciRZ9zaL332sc7SRQgrZIFtlgCmXgsNDSOKg03buH-xRt1NFl6C8j1CBAAan31WtLNQuH8F9-TzXMV_wiJhTe4oUIo9DCL_rGRiS_5iD0g0SxDuVWorAGU0nyLqzj6Rtg89X3e692vKUkdpqDHm_buI5AF_nT1BIXSAMpAsYHlSRLNXdBC4LoxytZr8DlJ05x6SX3WlOPXzhd5TPWwE-csiEFIzlQEqf79Cd4cKxE9kp4mrY3vsBaX06jMiZWz4V7XdGU7usxu4kG-0GKAGpgP--cVnCqmDXlHGNiwxHOj7Sbyms5PO5r1JzG4GicOwyVuFhnaMzFjOh52WxzMdS3vffXU-Y7dY0LdPuEQ8=w1120-h745-no\" alt=\"\" width=\"180\" height=\"120\" \/><\/a><\/td>\n<td style=\"background: transparent url('http:\/\/picasaweb.google.com.tr\/s\/c\/transparent_album_background.gif') no-repeat scroll left center; height: 200px;\" align=\"center\"><a href=\"https:\/\/goo.gl\/photos\/6sSmW2mi2BhXEFeq5\"><img loading=\"lazy\" decoding=\"async\" class=\"aligncenter\" src=\"https:\/\/lh3.googleusercontent.com\/DzNB7XAmKK7C-obaOtfnt0dQlMlvZkllrQ9G0QGtb4dmOHZeY0NJc55yWWD7lOxntT2dyxq6FKeqjEdITVYARXkX4lO37QA92VVNmk8JvYqmKOkOjo-LPtsc_-tPyH0DLASU34RDuibzNGtgi1paXCOccpqdFdk99jLzlhmOKTsu-XzztlUxK9y8oZY4Qjg94CVJk8XkrzmJVMoXa20X6N1ZYOg70vag1bXDc8NBOVELzSLF6-FpNZeNzzKseACnNoMCbq7QgDBlvKLAjP6UEPYG4HJb2SLmHExmo8a_zVA9y2XMKIm6Mmur-hgZgmOiX-L2xNBUtV8-fCG7uvTMxcGJ0ogHteHxM4liCObfvkfqM4-x1EG7oY04c09N3U-vm1S7MBYGu42v4SgOf0e3K19n2DGcx_ZjP2BRdHPF5LtpeAW1Dx-Go6ABY3uiYEgbtomSYqS2BUZzJu8IG3A7oJeU9TC_hQ10bZrGzMEvuJhT3rQ4bxFbOmhub_LxO7igoujOnfyszTLoaleEyqjR3xhVaK0YS1pGLLGQTVRzLMw=w1120-h745-no\" alt=\"\" width=\"180\" height=\"120\" \/><\/a><\/td>\n<td style=\"background: transparent url('http:\/\/picasaweb.google.com.tr\/s\/c\/transparent_album_background.gif') no-repeat scroll left center; height: 200px;\" align=\"center\"><a href=\"https:\/\/goo.gl\/photos\/E3HPRFdcUKhyVF6r8\"><img loading=\"lazy\" decoding=\"async\" class=\"aligncenter\" src=\"https:\/\/lh3.googleusercontent.com\/yRvD2pLveMcQegz2lMmiCKLgVly5EWPIZJuG_bavzqwSLNPgCQQuBC5MRT0Ix8NcaHmyrZDeEzlMnNq4ER1N-x-gF5XqD1lr-dhD8S_H-VGUG9C66XOU6xecbvKtbzrWrlcGkRnD90j-PHn_ALtebAs8Kzf66t1JAdAVGVOZtYgIwEyn7wrjkS02BHetLjuMQIo0jawiwoIm8PnDEBVk6XwvgoSOobNXBPicRKchEl6r7C4-PXkXI6_gyjV6h7ezJbg-VLnmKFPIeqIAVuM9v-CvAqEPGU6lXxmjht_bJsNyiiB691z141rOSr9RJx3RZ5YcTlUsJ688vWvLohabUKKv4g1whxNXvX3sC2o2atehgZq5gMNVi9IYDfDSfYAEuBBZcKFNTNZi7KKSPFA6nv4DmFVU10_2ksDmrNHIEmEksSNOQ3yAvGtMx-7jSuh4PpLGb5G9EFja8c7xFA_eimfHOd4gmXNSqw5VHtewL9IzH89Nz0t2FNliL1-iPL7bqZVI7AoLljvuIhhTvS1q5rcrJ1hVT5sfZTftQNRA9FM=w1118-h745-no\" alt=\"\" width=\"180\" height=\"120\" \/><\/a><\/td>\n<\/tr>\n<tr>\n<td style=\"text-align: center; font-family: arial,sans-serif; font-size: 11px;\">23 Ocak 2011<\/td>\n<td style=\"text-align: center; font-family: arial,sans-serif; font-size: 11px;\">4 \u015eubat 2011<\/td>\n<td style=\"text-align: center; font-family: arial,sans-serif; font-size: 11px;\">6 \u015eubat 2011<\/td>\n<td style=\"text-align: center; font-family: arial,sans-serif; font-size: 11px;\">26 \u015eubat 2011<\/td>\n<td style=\"text-align: center; font-family: arial,sans-serif; font-size: 11px;\">Okulda 2011<\/td>\n<\/tr>\n<tr>\n<td style=\"background: transparent url('http:\/\/picasaweb.google.com.tr\/s\/c\/transparent_album_background.gif') no-repeat scroll left center; height: 200px;\" align=\"center\"><a href=\"https:\/\/goo.gl\/photos\/dtCNDkj1FeqmnkCw7\"><img loading=\"lazy\" decoding=\"async\" class=\"aligncenter\" src=\"https:\/\/lh3.googleusercontent.com\/UQs3iZBZEqDhVyqyVzEJXrrHAq_e_ZtkxRRUv0_O7GCvZAEa13jxkj76q92DQYgRqEY3_xuqsysX492tVtCLaqK-9YRdnVkGWOxyzFhVruGf-gN1_b0ZayOZQAXj_h9d1aheS4UuWlrnSrDX1_tCDyRBksT4FCBqW0v3uAICQDEcCH4ImNPa2QdtaX2ULaEtXG6q8Vbld8_UTmDAV-mxqlOy1l7dJthpMoOR2iy1dEjvx4qctyOyHp0gkrsfG51-c7pHIIj2MNAx0nQkJzs9fl8QsFbLnEmRyZI313ta5hFdraqLniN7rDy7ZNqyQUoGqEzpEiUCtYL2HlLcW6WXy5LKXqzwnmaL8y7gVGcJPBtveZ8YGqEJMhlbEZdDBAiIQCb7_EDaBKiDgNg1YVmsYbxGafnDXQOLnJn2HVuK4z4RG2sr6LpYGjuyPUjcWadLMno2iHdpYiwQ6axvm2Esth2gpTnE1gjW-AgBv4HNnGL4llalAhrVcIBz8wPm-6tyrfgYR2Fv86w2SFjobXexgIH-WbIMw1wiu1mYkXW_TpY=w1120-h745-no\" alt=\"\" width=\"180\" height=\"120\" \/><\/a><\/td>\n<td style=\"background: transparent url('http:\/\/picasaweb.google.com.tr\/s\/c\/transparent_album_background.gif') no-repeat scroll left center; height: 200px;\" align=\"center\"><a href=\"https:\/\/goo.gl\/photos\/FFVeL4fUJRQCSWhz8\"><img loading=\"lazy\" decoding=\"async\" class=\"aligncenter\" src=\"https:\/\/lh3.googleusercontent.com\/S_pbKcOVQRjYv0xEZJ5QseKYVKvsRyd_X4xOGOdU7ZQi3EaWI1584v8FmCGeIui9mGJSWzlnBNWXxMofKZE_-XB-SapZpAuI4LiHAhyycita7fh9e4bnmsDn5FcB3ZOr1mPgLB6ai-suegCW0zpPofsZsB4yDpVFa3CGp7G8Vy6053dDrMuc-vjo96y5G0h3Jyh5chFXUOL3-VA5AXlP4dQS1-7kCR2pFKKpJ8_FSccCHMuNBsH9y7tD7w1UoI4ivHhp82rdChhW37U01imKKYwlu3P3irojdDwm4YilvpVXmO_dnJggNG9iSa7LDr_9hJzwxWmRMMIvPPvDbH_eChsKcis1AfnneZ9fFjVxK0aRYTy8z_pbLW7c6GulN5G8MPtZuUvx-y5Vi8eUG3b27PJ0VLvFVVxXVKYZ-gTcKfPw19P9VQiMH23OLTcSCBDB0cIYAZExZ0bZ8ZNF1k8CNwS26E52NGlAAMrI4JWr6kIIeMwy6gbrd6bkiOMizx_oB03u3b5kMQoOmHZa_EyFxqGT-iPlQImLSylr64WGLug=w496-h745-no\" alt=\"\" width=\"120\" height=\"180\" \/><\/a><\/td>\n<td style=\"background: transparent url('http:\/\/picasaweb.google.com.tr\/s\/c\/transparent_album_background.gif') no-repeat scroll left center; height: 200px;\" align=\"center\"><a href=\"https:\/\/goo.gl\/photos\/SLVjJauKqkcEsRe37\"><img loading=\"lazy\" decoding=\"async\" class=\"aligncenter\" src=\"https:\/\/lh3.googleusercontent.com\/wxMve3dCbe9aK6bGngA5CU4Ce3Pp2sX0Tnlz76wnKpenzQ3EsgyMHnvwtgCz7Vp-FTEMqc9co0wbqg-MzH-ipa2YZki3bE-Cn-AgvOLBdt7SohEEmgcuRZDkH0xTvGCNgJ_quoFLlVl7iRFT7Br46YsH5Xx-AANk-D0rErxUSipmweKdOy-5gO5kk6pOBtdAqscS8qpYxtmmeSOGLHCfbkESKeT9-lcEYAOKcrPFx4meK3Ib4bWM7otqy0gNjEQYB5QgCeGRRU7fy8xXYW0ulxHc4nV1906ih1g_IXefsn9cvtYU4piDp2WTYN0q6PHnlSSfxKUOPqZlfyFDljyYPr60zCJhrNmFjdr8diH9bHh7FMarN0aXrKkrzEyN-jsrjvsFk9Bu9TcEAAuzuOh70qrxHk6xHkhwBDLWiWUxTR-WnWhgS779Bpi3cDkCOWOXg03Z43glorJtHGt_kpQwQ2jPM66hz10DfmhIp1rReXTLLH4gQKtShQ81okJaHGpyVhrsXqv9O-HNcImu-c0ECZPHFvw0Krah3TEbX0rb_kQ=w1120-h745-no\" alt=\"\" width=\"180\" height=\"120\" \/><\/a><\/td>\n<td style=\"background: transparent url('http:\/\/picasaweb.google.com.tr\/s\/c\/transparent_album_background.gif') no-repeat scroll left center; height: 200px;\" align=\"center\"><a href=\"https:\/\/photos.app.goo.gl\/Ez9r93MH2ysVyN8v8\"><img loading=\"lazy\" decoding=\"async\" src=\"https:\/\/lh4.googleusercontent.com\/Bz0haZT2GjhjeaADtoXPe7sdH6F1fnbkZ9laX7oIG_E=w270-h202-p-no\" alt=\"Foto\u011fraf\" width=\"180\" height=\"120\" \/><\/a><\/td>\n<td style=\"background: transparent url('http:\/\/picasaweb.google.com.tr\/s\/c\/transparent_album_background.gif') no-repeat scroll left center; height: 200px;\" align=\"center\"><a href=\"https:\/\/goo.gl\/photos\/2SUVjCTR8KsXUEEa6\"><img loading=\"lazy\" decoding=\"async\" class=\"aligncenter\" src=\"https:\/\/lh3.googleusercontent.com\/WdX5b6NhA2xvW_lE8GmWKAn_3JKhXUXu6qlJ2x8BVpL16ZDG6TzIWOn4OZvRryUgpEL_qHol0-EPw3x1Bd2a_luhJ5ASbjAEjLOzc4f_6coUYXkN-mu8NjUpb5R4WwIjGEQblKIIXce08_fDB7CJ6eIBvHciA3ReEf8z3QDn4M1XnoJhH-H1ehtMbxX5tdtykJQdx4ZsIVuWOhYCqS5XXnaZc5qlYgwwRj4FNzUrd9exlnLLWkhi-DGF27Nx16zfZrI2IVtA3Si9Lq6s6LJUrKBGlIRxgBQPUT3LWg5kw1t_sa_6D1nmkPvlBhPeHuTLB-b1nmPigmjS79CfSyn3oZB4yzobv0aPU11MQ-548aD1TvJFhPXQ0onZu0b6d9cgmfCKZThFN6qDG-dfnVT5GyDREoJr7k7JvOgiOaOXtUSOaO6bLx0UaWtZ-6D-ESocvoeV70CNIO6WQClaAIKxRWec-hOsDk_XNVvIZmNyCAW4j3YAccn0beHFgT119ZSJq80h4FLXgBR8Xs5GparoTFTSCvvAVUM89dmPFJvqddg=w1120-h745-no\" alt=\"\" width=\"180\" height=\"120\" \/><\/a><\/td>\n<\/tr>\n<tr>\n<td style=\"text-align: center; font-family: arial,sans-serif; font-size: 11px;\">6 May\u0131s 2011<\/td>\n<td style=\"text-align: center; font-family: arial,sans-serif; font-size: 11px;\">22 May\u0131s 2011<\/td>\n<td style=\"text-align: center; font-family: arial,sans-serif; font-size: 11px;\">19 Temmuz 2011<\/td>\n<td style=\"text-align: center; font-family: arial,sans-serif; font-size: 11px;\">29 Temmuz 2011<\/td>\n<td style=\"text-align: center; font-family: arial,sans-serif; font-size: 11px;\">31 A\u011fustos 2011<\/td>\n<\/tr>\n<tr>\n<td style=\"background: transparent url('http:\/\/picasaweb.google.com.tr\/s\/c\/transparent_album_background.gif') no-repeat scroll left center; height: 200px;\" align=\"center\"><a href=\"https:\/\/goo.gl\/photos\/NcSLzkr39xChdtFS6\"><img loading=\"lazy\" decoding=\"async\" class=\"aligncenter\" src=\"https:\/\/lh3.googleusercontent.com\/02wcEk-gfklMaxsN5IPZylMFkIQEGc-q7nlOK-dDLWcVW_J5f-CVc9hwxIKf6BJPO7JBDDbnXCKSzVV0-l9VgZhgp5Si86nWQViCBqHx6DqeUlgh0_e3Y21yh3hWN2S9xrmo5F6PSoV9CWkICvj--kMwYPpo4yFHkMokaPoyZB99MCMwHf4ctZlsT16GTjQOkcsyEjXDW1L9PJzVf36lPaKkeyqlN6LbMAFYJRvj5OJA-DhZ8pyZc0vj5kXumT3kfFlGKYYPM5s9E5GTHfFXxaocFg15PUIL9FjVJVUmoegevBos_5ivVmOkE0TOkFEffIatWdQi24k2KJQffHtlmoOfFbf51vNq-uuRnWXV-mhsH61znya7UhqiluQSBIhnKeS8aiIhvzm5c5P2XmYa1fFkE8To-39H55vZR0mYjbsohzjvYZAmZ2QLKY26e3BZqTQohz2HRP_NcjR9G_4E7TiOiXhxP7sIu_IUIrTpM66dKDm15qJkpNO1BxByww8z2KPBuR9kd91o5bJgHbk6ZQXK22PGhDL4j1kKePshNp0=w1120-h745-no\" alt=\"\" width=\"180\" height=\"120\" \/><\/a><\/td>\n<td style=\"background: transparent url('http:\/\/picasaweb.google.com.tr\/s\/c\/transparent_album_background.gif') no-repeat scroll left center; height: 200px;\" align=\"center\"><a href=\"https:\/\/goo.gl\/photos\/CwBcUTrnW2xjSWWF6\"><img loading=\"lazy\" decoding=\"async\" class=\"aligncenter\" src=\"https:\/\/lh3.googleusercontent.com\/GX8I8F436BvtzmsxRofpfFCiWOEDhmGKORuj7bvf8RYqonEeSbETdY1jUDIYbTUmCtpn-EaKvEOGfVZQtoxXX070hT7lnDo0y4nV--1vjNROE-6t37i8z_or02mbh7tT_DOZVJAG9_p4u8nmfrTYDYQIdau08ika41ss5Y-a_TNJ5_ArEzBoTf-hiMZaeSoOVq0NSpUG_SAwiMowx6hvsjsk_hKQvXC-L6k8B924ZUpZrJsN6cuWCbAjDwapzrCH211m_gJGAorj74uXFie8jW21CXWM21PBDlNS5I-zwVD7HCAFfQwe3nnVaqTVXMRV2KNMnPbiakuajnqMPiPUIDHO5uo9qmrpUHGDH0onn1CpHCf2jRSXD6--YH93dkziCOuxd0-N1OtVxXYxMKtlIpc4RxVkz336fxAFOfGQ5JBEr3PlCe4G1FeWrUbZuod2nm8OjIYaqDxrd9Y3EuBGjkEet-I8oe9xhP_liLdImMjvVdoIaPK-zqy-LuO9LM5C8wfQctdJrBt8eUTJi_ceTRjSlfrup3r0RWMBRZpAcGE=w1120-h745-no\" alt=\"\" width=\"180\" height=\"120\" \/><\/a><\/td>\n<td style=\"background: transparent url('http:\/\/picasaweb.google.com.tr\/s\/c\/transparent_album_background.gif') no-repeat scroll left center; height: 200px;\" align=\"center\"><\/td>\n<td style=\"background: transparent url('http:\/\/picasaweb.google.com.tr\/s\/c\/transparent_album_background.gif') no-repeat scroll left center; height: 200px;\" align=\"center\"><\/td>\n<td style=\"background: transparent url('http:\/\/picasaweb.google.com.tr\/s\/c\/transparent_album_background.gif') no-repeat scroll left center; height: 200px;\" align=\"center\"><\/td>\n<\/tr>\n<tr>\n<td style=\"text-align: center; font-family: arial,sans-serif; font-size: 11px;\">9 Ekim 2011<\/td>\n<td style=\"text-align: center; font-family: arial,sans-serif; font-size: 11px;\">10 Aral\u0131k 2011<\/td>\n<td style=\"text-align: center; font-family: arial,sans-serif; font-size: 11px;\"><\/td>\n<td style=\"text-align: center; font-family: arial,sans-serif; font-size: 11px;\"><\/td>\n<td style=\"text-align: center; font-family: arial,sans-serif; font-size: 11px;\"><\/td>\n<\/tr>\n<\/tbody>\n<\/table>\n","protected":false},"excerpt":{"rendered":"<p>23 Ocak 2011 4 \u015eubat 2011 6 \u015eubat 2011 26 \u015eubat 2011 Okulda 2011 6 May\u0131s 2011 22 May\u0131s 2011 19 Temmuz 2011 29 Temmuz 2011 31 A\u011fustos 2011 9 Ekim 2011 10 Aral\u0131k 2011<\/p>\n","protected":false},"author":1,"featured_media":6833,"parent":5138,"menu_order":0,"comment_status":"open","ping_status":"open","template":"","meta":{"footnotes":""},"class_list":["post-5184","page","type-page","status-publish","has-post-thumbnail","hentry"],"_links":{"self":[{"href":"https:\/\/xn--adal-oza.net\/index.php?rest_route=\/wp\/v2\/pages\/5184","targetHints":{"allow":["GET"]}}],"collection":[{"href":"https:\/\/xn--adal-oza.net\/index.php?rest_route=\/wp\/v2\/pages"}],"about":[{"href":"https:\/\/xn--adal-oza.net\/index.php?rest_route=\/wp\/v2\/types\/page"}],"author":[{"embeddable":true,"href":"https:\/\/xn--adal-oza.net\/index.php?rest_route=\/wp\/v2\/users\/1"}],"replies":[{"embeddable":true,"href":"https:\/\/xn--adal-oza.net\/index.php?rest_route=%2Fwp%2Fv2%2Fcomments&post=5184"}],"version-history":[{"count":5,"href":"https:\/\/xn--adal-oza.net\/index.php?rest_route=\/wp\/v2\/pages\/5184\/revisions"}],"predecessor-version":[{"id":7698,"href":"https:\/\/xn--adal-oza.net\/index.php?rest_route=\/wp\/v2\/pages\/5184\/revisions\/7698"}],"up":[{"embeddable":true,"href":"https:\/\/xn--adal-oza.net\/index.php?rest_route=\/wp\/v2\/pages\/5138"}],"wp:featuredmedia":[{"embeddable":true,"href":"https:\/\/xn--adal-oza.net\/index.php?rest_route=\/wp\/v2\/media\/6833"}],"wp:attachment":[{"href":"https:\/\/xn--adal-oza.net\/index.php?rest_route=%2Fwp%2Fv2%2Fmedia&parent=5184"}],"curies":[{"name":"wp","href":"https:\/\/api.w.org\/{rel}","templated":true}]}}