{"id":5190,"date":"2018-05-26T09:48:49","date_gmt":"2018-05-26T07:48:49","guid":{"rendered":"https:\/\/xn--adal-oza.net\/?page_id=5190"},"modified":"2019-05-10T18:57:26","modified_gmt":"2019-05-10T16:57:26","slug":"eren-2014","status":"publish","type":"page","link":"https:\/\/xn--adal-oza.net\/?page_id=5190&lang=en","title":{"rendered":"Eren 2014"},"content":{"rendered":"<table style=\"text-align: center;\" border=\"0\" width=\"100%\" cellspacing=\"0\" cellpadding=\"0\">\n<colgroup>\n<col width=\"%20\" \/>\n<col width=\"%20\" \/>\n<col width=\"%20\" \/>\n<col width=\"%20\" \/>\n<col width=\"%20\" \/><\/colgroup>\n<tbody>\n<tr>\n<td style=\"background: transparent url('http:\/\/picasaweb.google.com.tr\/s\/c\/transparent_album_background.gif') no-repeat scroll left center; height: 200px;\" align=\"center\"><a href=\"https:\/\/photos.app.goo.gl\/CUok1ozUuw1zKzEM8\"><img loading=\"lazy\" decoding=\"async\" src=\"https:\/\/lh4.googleusercontent.com\/zM8mhqD3tZF58-oNLuSnJ9nyXHEG7IK8Hj4T0rN7hdo=w327-h217-p-no\" alt=\"Foto\u011fraf\" width=\"180\" height=\"120\" \/><\/a><\/td>\n<td style=\"background: transparent url('http:\/\/picasaweb.google.com.tr\/s\/c\/transparent_album_background.gif') no-repeat scroll left center; height: 200px;\" align=\"center\"><a href=\"https:\/\/photos.app.goo.gl\/awtPw7Uj6JjkceGr5\"><img loading=\"lazy\" decoding=\"async\" src=\"https:\/\/lh6.googleusercontent.com\/rgE9nlEi2LkRkpi8lUKRiB3gQmw7oo4Els41H_tjqps=w400-h226-p-no\" alt=\"Foto\u011fraf\" width=\"180\" height=\"120\" \/><\/a><\/td>\n<td style=\"background: transparent url('http:\/\/picasaweb.google.com.tr\/s\/c\/transparent_album_background.gif') no-repeat scroll left center; height: 200px;\" align=\"center\"><a href=\"https:\/\/photos.app.goo.gl\/2goy38Ki5jwPFVsd6\"><img loading=\"lazy\" decoding=\"async\" src=\"https:\/\/lh4.googleusercontent.com\/ysZlWLsXF7UR5N3QyLCh-HwHCDfEXTjFtZSbiugZMYY=w331-h220-p-no\" alt=\"Foto\u011fraf\" width=\"180\" height=\"120\" \/><\/a><\/td>\n<td style=\"background: transparent url('http:\/\/picasaweb.google.com.tr\/s\/c\/transparent_album_background.gif') no-repeat scroll left center; height: 200px;\" align=\"center\"><a href=\"https:\/\/photos.app.goo.gl\/xRPRgoZqRtmPgM3B8\"><img loading=\"lazy\" decoding=\"async\" src=\"https:\/\/lh6.googleusercontent.com\/CQ2c8f_j3pfuIFCtm7l6UWx6VFA4qn_FmbA8Fa-GFAs=w334-h222-p-no\" alt=\"Foto\u011fraf\" width=\"180\" height=\"120\" \/><\/a><\/td>\n<td style=\"background: transparent url('http:\/\/picasaweb.google.com.tr\/s\/c\/transparent_album_background.gif') no-repeat scroll left center; height: 200px;\" align=\"center\"><a href=\"https:\/\/photos.app.goo.gl\/dY7DdB9GcXDWFwEP9\"><img loading=\"lazy\" decoding=\"async\" class=\"aligncenter\" src=\"https:\/\/lh6.googleusercontent.com\/1CQd3Rb2BLT6Imc5iWNJJm_N2LtyI1FWrPaAu6rhoGs=w138-h207-p-no\" alt=\"Foto\u011fraf\" width=\"120\" height=\"180\" \/><\/a><\/td>\n<\/tr>\n<tr>\n<td style=\"text-align: center; font-family: arial,sans-serif; font-size: 11px;\">23 \u015eubat 2014 Do\u011fum G\u00fcn\u00fc<\/td>\n<td style=\"text-align: center; font-family: arial,sans-serif; font-size: 11px;\">23 Nisan 2014<\/td>\n<td style=\"text-align: center; font-family: arial,sans-serif; font-size: 11px;\">11 May\u0131s 2014<\/td>\n<td style=\"text-align: center; font-family: arial,sans-serif; font-size: 11px;\">12 Temmuz 2014<\/td>\n<td style=\"text-align: center; font-family: arial,sans-serif; font-size: 11px;\">Zeyrekhane<\/td>\n<\/tr>\n<tr>\n<td style=\"background: transparent url('http:\/\/picasaweb.google.com.tr\/s\/c\/transparent_album_background.gif') no-repeat scroll left center; height: 200px;\" align=\"center\"><a href=\"https:\/\/photos.app.goo.gl\/orXHhNTa32ztng9w7\"><img loading=\"lazy\" decoding=\"async\" src=\"https:\/\/lh6.googleusercontent.com\/Jk3gbi_L6LrDTFAy-1SqYcdicJoIc_ZGD5rmYChSLf4=w343-h228-p-no\" alt=\"Foto\u011fraf\" width=\"180\" height=\"120\" \/><\/a><\/td>\n<td style=\"background: transparent url('http:\/\/picasaweb.google.com.tr\/s\/c\/transparent_album_background.gif') no-repeat scroll left center; height: 200px;\" align=\"center\"><\/td>\n<td style=\"background: transparent url('http:\/\/picasaweb.google.com.tr\/s\/c\/transparent_album_background.gif') no-repeat scroll left center; height: 200px;\" align=\"center\"><\/td>\n<td style=\"background: transparent url('http:\/\/picasaweb.google.com.tr\/s\/c\/transparent_album_background.gif') no-repeat scroll left center; height: 200px;\" align=\"center\"><\/td>\n<td style=\"background: transparent url('http:\/\/picasaweb.google.com.tr\/s\/c\/transparent_album_background.gif') no-repeat scroll left center; height: 200px;\" align=\"center\"><\/td>\n<\/tr>\n<tr>\n<td style=\"text-align: center; font-family: arial,sans-serif; font-size: 11px;\">\u0130lkokula ba\u015fl\u0131yor (7 Eyl\u00fcl)<\/td>\n<td style=\"text-align: center; font-family: arial,sans-serif; font-size: 11px;\"><\/td>\n<td style=\"text-align: center; font-family: arial,sans-serif; font-size: 11px;\"><\/td>\n<td style=\"text-align: center; font-family: arial,sans-serif; font-size: 11px;\"><\/td>\n<td style=\"text-align: center; font-family: arial,sans-serif; font-size: 11px;\"><\/td>\n<\/tr>\n<tr>\n<td style=\"background: transparent url('http:\/\/picasaweb.google.com.tr\/s\/c\/transparent_album_background.gif') no-repeat scroll left center; height: 200px;\" align=\"center\"><\/td>\n<td style=\"background: transparent url('http:\/\/picasaweb.google.com.tr\/s\/c\/transparent_album_background.gif') no-repeat scroll left center; height: 200px;\" align=\"center\"><\/td>\n<td style=\"background: transparent url('http:\/\/picasaweb.google.com.tr\/s\/c\/transparent_album_background.gif') no-repeat scroll left center; height: 200px;\" align=\"center\"><\/td>\n<td style=\"background: transparent url('http:\/\/picasaweb.google.com.tr\/s\/c\/transparent_album_background.gif') no-repeat scroll left center; height: 200px;\" align=\"center\"><\/td>\n<td style=\"background: transparent url('http:\/\/picasaweb.google.com.tr\/s\/c\/transparent_album_background.gif') no-repeat scroll left center; height: 200px;\" align=\"center\"><\/td>\n<\/tr>\n<tr>\n<td style=\"text-align: center; font-family: arial,sans-serif; font-size: 11px;\"><\/td>\n<td style=\"text-align: center; font-family: arial,sans-serif; font-size: 11px;\"><\/td>\n<td style=\"text-align: center; font-family: arial,sans-serif; font-size: 11px;\"><\/td>\n<td style=\"text-align: center; font-family: arial,sans-serif; font-size: 11px;\"><\/td>\n<td style=\"text-align: center; font-family: arial,sans-serif; font-size: 11px;\"><\/td>\n<\/tr>\n<\/tbody>\n<\/table>\n","protected":false},"excerpt":{"rendered":"<p>23 \u015eubat 2014 Do\u011fum G\u00fcn\u00fc 23 Nisan 2014 11 May\u0131s 2014 12 Temmuz 2014 Zeyrekhane \u0130lkokula ba\u015fl\u0131yor (7 Eyl\u00fcl)<\/p>\n","protected":false},"author":1,"featured_media":6840,"parent":5138,"menu_order":0,"comment_status":"open","ping_status":"open","template":"","meta":{"footnotes":""},"class_list":["post-5190","page","type-page","status-publish","has-post-thumbnail","hentry"],"_links":{"self":[{"href":"https:\/\/xn--adal-oza.net\/index.php?rest_route=\/wp\/v2\/pages\/5190","targetHints":{"allow":["GET"]}}],"collection":[{"href":"https:\/\/xn--adal-oza.net\/index.php?rest_route=\/wp\/v2\/pages"}],"about":[{"href":"https:\/\/xn--adal-oza.net\/index.php?rest_route=\/wp\/v2\/types\/page"}],"author":[{"embeddable":true,"href":"https:\/\/xn--adal-oza.net\/index.php?rest_route=\/wp\/v2\/users\/1"}],"replies":[{"embeddable":true,"href":"https:\/\/xn--adal-oza.net\/index.php?rest_route=%2Fwp%2Fv2%2Fcomments&post=5190"}],"version-history":[{"count":4,"href":"https:\/\/xn--adal-oza.net\/index.php?rest_route=\/wp\/v2\/pages\/5190\/revisions"}],"predecessor-version":[{"id":7706,"href":"https:\/\/xn--adal-oza.net\/index.php?rest_route=\/wp\/v2\/pages\/5190\/revisions\/7706"}],"up":[{"embeddable":true,"href":"https:\/\/xn--adal-oza.net\/index.php?rest_route=\/wp\/v2\/pages\/5138"}],"wp:featuredmedia":[{"embeddable":true,"href":"https:\/\/xn--adal-oza.net\/index.php?rest_route=\/wp\/v2\/media\/6840"}],"wp:attachment":[{"href":"https:\/\/xn--adal-oza.net\/index.php?rest_route=%2Fwp%2Fv2%2Fmedia&parent=5190"}],"curies":[{"name":"wp","href":"https:\/\/api.w.org\/{rel}","templated":true}]}}