{"id":5191,"date":"2018-05-26T09:48:55","date_gmt":"2018-05-26T07:48:55","guid":{"rendered":"https:\/\/xn--adal-oza.net\/?page_id=5191"},"modified":"2019-05-10T18:52:04","modified_gmt":"2019-05-10T16:52:04","slug":"eren-2013","status":"publish","type":"page","link":"https:\/\/xn--adal-oza.net\/?page_id=5191&lang=en","title":{"rendered":"Eren 2013"},"content":{"rendered":"<table style=\"text-align: center;\" border=\"0\" width=\"100%\" cellspacing=\"0\" cellpadding=\"0\">\n<colgroup>\n<col width=\"%20\" \/>\n<col width=\"%20\" \/>\n<col width=\"%20\" \/>\n<col width=\"%20\" \/>\n<col width=\"%20\" \/><\/colgroup>\n<tbody>\n<tr>\n<td style=\"background: transparent url('http:\/\/picasaweb.google.com.tr\/s\/c\/transparent_album_background.gif') no-repeat scroll left center; height: 200px;\" align=\"center\"><a href=\"https:\/\/goo.gl\/photos\/w792f7ki5XiZVwMF7\"><img loading=\"lazy\" decoding=\"async\" class=\"aligncenter\" src=\"https:\/\/lh3.googleusercontent.com\/tw9SyxO-b34vBsxYgprhQafqfVqk9NNbDgsSJXLLMwg92pKfRIYlRYRcV6C-S1R-mC36qA5YT0fniBhHKRVhCG93R5fQTdJgqq6TTKMf93ktQs44d9BYMNioQ6kAVSurpFKYPmB4nXEFssnTBEz6OT3jN6ZuEVpPqW3wR9vQCaiyzwMmmnLDSUtEnIhuaCGwRK3k7DJjnXUCh3AL8g2WNnFZlqoP_B6YYDXkKLg5iIdLNPDDIMga4rrmNQHxrlEb00ft_J-CrbbPkvQzJBhdwNx-_vHaigR_9Rks87U2a28Hl_6pQd-5kwl-nXmwdJE5nzev9qdRVVUkMGUp5Yh1oSSISCxIzdbsfEOsRutdA6IKNuX5lyVGd4j350Vb7lX0sWLusEBeUwYdyJ1SI4vvgs3gVuGKk-BrqBckIo4rPDe-aZ2keAsGe4Rb1M8bjqTj8gsK1Y2Bu3jfB4Wn_LFwCZBQ69TuD4LD1aurKwVzd7s7x6YPI0_ZhRejHMjazrqreyv_3ArUwXWEagCebKyVyXUinxjWA_BkmAfnwt1IIp4=w1120-h745-no\" alt=\"\" width=\"180\" height=\"120\" \/><\/a><\/td>\n<td style=\"background: transparent url('http:\/\/picasaweb.google.com.tr\/s\/c\/transparent_album_background.gif') no-repeat scroll left center; height: 200px;\" align=\"center\"><a href=\"https:\/\/goo.gl\/photos\/DpmVkyKEbM2TQHQBA\"><img loading=\"lazy\" decoding=\"async\" class=\"aligncenter\" src=\"https:\/\/lh3.googleusercontent.com\/Qty0Agfv9uV8Az9PengI8dMPAal_g7XC657Fyu6IwNER5NDg3lpz1-7nUGFplw5fGkMgyuCrLsQE6cAsMetNMdQTUDv2cE6_9NVjEf3f1DeaF_39320V4sF3UG9dXzB7jvpOfHB6yOHY-4f3rJfFcxDUGipvWwxa26QQjKunxLLPTjqhK7w4SUfUBsg_5cjSmm0BYvLdcvqcZb9_s0028s56Xxor-HN_SElbMnAVSUSsbM4JIvs53Iy51xx6Mc8bUe1NQm7jl3pizdVOTx8vb8iNsXQME_RqQ6S0R3aGTHJu1qiOvgLfVZazLEIKP1eHlO-zpS_YKOCdNRRwH8pUqL_NJkGzjurVuXgmcDC_DmZ8BVvgDqI3onWLFZpao3egYkBJN-S-Bz2b4JFBoHuMofJAgIw8UCP6cFOcNLKHMnRDVzmxbfBLH434QvPD-QpTErm3RHdUUl2ygn4NmWAaLIJjhgpesDVssFrpGYifigjNqDSN1ZGJgkH5T9_-Q8VAf9CX4AmnSG3Q9jxhcHdVIYHwIjEaZi56qieejl3nrtg=w994-h745-no\" alt=\"\" width=\"180\" height=\"120\" \/><\/a><\/td>\n<td style=\"background: transparent url('http:\/\/picasaweb.google.com.tr\/s\/c\/transparent_album_background.gif') no-repeat scroll left center; height: 200px;\" align=\"center\"><a href=\"https:\/\/goo.gl\/photos\/U4b5nzjpQxwrHHweA\"><img loading=\"lazy\" decoding=\"async\" class=\"aligncenter\" src=\"https:\/\/lh3.googleusercontent.com\/bpVTR5tfmiPpclfQolsG5zFNL9IzBT-jetqCoUJuPjZxXpq4chDBQzn27nqeDwx14z4Dc2M1TTmj0Z-Inq_-tx8fvhl2IZAz_AXlaRoK9kW3VBTeGDdcjyxYkzJ-W8JXJUZqGTJJI2IcENQqdwHRa5GFtalnG4wY-QyqVlRoyEykiMfzhghLiriJ8pX47XnrSI7ja6z7_Q3MlJ0iuVMRRZ9yWaOoLsFnWrd5qL5yvxQUbTBHIwv7lcXuDbWu0uLScxotMCUXG_hVP8juFMDL7VzXCGSMOUPTGwxteabmUbFYLB2CE0dHJUnU-T8pQX3ItGJs7c_svaEX9E0DqO9fVh9dfhjFXltNKVeK28vCbEeP9Hz5DhN8KEvB4jOObI4kZt3EfSt-MiVsmfsY588Aj2Ppt83VNkbyezrg0tBx8TrietVb0kc_Ib6t0OjuFLHlams3FZuI_oAaBPADzzeDH07-2OKFXf8gPyRbdUTF4Sp9WQ0d98zJ5DfiBN9yrlkVx91TTKZWhmctKs4kbm54lpOqmeRwN2iHWZakHy8AY64=w1120-h745-no\" alt=\"\" width=\"180\" height=\"120\" \/><\/a><\/td>\n<td style=\"background: transparent url('http:\/\/picasaweb.google.com.tr\/s\/c\/transparent_album_background.gif') no-repeat scroll left center; height: 200px;\" align=\"center\"><a href=\"https:\/\/goo.gl\/photos\/h1pevnCNknbFfAGs5\"><img loading=\"lazy\" decoding=\"async\" class=\"aligncenter\" src=\"https:\/\/lh3.googleusercontent.com\/DGdvCT6NJybg7vCYS8FFvqQ3hJto-62QNoSeQs0SY9j5ycORmmskKFFN-iaYSmWBk8OVnv0dKdj-gxvzDPVAbEGlDGxpq-AIqQzHtD4BZz1T_zK65xWUNgMH_5PBgPVQKwhzBBHXhrnymkfsiSAsSBOd3cBFQVU4GjB65MEYziDFKyyZxUehKh1r9DyDBxiM_Bb0MslFVKGLw8FLk01QwHkXo4OV6kVp6aINUjSk7wo-THH6UuLxP80kJGfbGneK8Hiwv-Aq801ZAVDLJuwb5DH3bZg-BAlEhYNN8j_zBKIif_Dk37sTNZpFvRcwvSvcKd0f7YWN6QxNXxjIrvM64RFFugKmChIsBx3YtGGxuNhoE3DLzGU04L8mt3_APPzMaPApk45ZZHoGe3NKvJ4Vg8-2U9wTgbTM35vUt4oegTP1Zd2vxejzVILsxUBhZDAnKK7_9F4G3sZZq0Hj7T3L5CYxOhejob0iSA2SX4mKUJ588lhDNCY7Ks5yKDAG9d2yRqXTp6ML3MVLuAVrTwdAl5OW0VtK0DBT_SoNME7nQqw=w1120-h745-no\" alt=\"\" width=\"180\" height=\"120\" \/><\/a><\/td>\n<td style=\"background: transparent url('http:\/\/picasaweb.google.com.tr\/s\/c\/transparent_album_background.gif') no-repeat scroll left center; height: 200px;\" align=\"center\"><a href=\"https:\/\/goo.gl\/photos\/N9hDUgjwaQW9RwFs8\"><img loading=\"lazy\" decoding=\"async\" class=\"aligncenter\" src=\"https:\/\/lh3.googleusercontent.com\/lRn9cRLMEBLV4-1joPDHns8t3hTaSkn0Ysx6Ks_ofnp0WwmhpNaZFvom1RPI54HPxNp9YQD1lmwBNiAUyt7R5pHFZ1Tgivs2pKmQcxIR9HPW5GUFo_igi4KcZ9tbTpGquuBtqScg5tAglWK_v_DAe7pEvo23O-cfiAZ4EIaCBQpG13zf5jJagPzNmh34u9Zn1UpQZXwh0NgAJf4MCa-zkGvO5Yhq0iryzOQndrrqBNLA8jFOvMF4ufPwVrkZpAOC7ZIRoQ_842NA_wCc9dMBjYsj4lieDMFp4bvGxIPQJkzC7nY34kzluLGs8v0rGe45-KGswR1Zs-PmttgKFgvGpy--vpmVad28N7IbUezqtJUthTbVr1R5TSnAYLKktXsdvlcR_cDGzS8Tzvo7GeHEX7HiwHYZUel87DajSmBRmZEmL1iuAuSg0M1ltoKAPmpojIoLLOEK3gbRo3KV1lQeU4THnrF_HaFOYkyPbiG7RZCisECzxu5pZmGtiBa4p5UetSNpaImvTZgf92t_pSkw7FUcWy-aypFy8yXLjGs22Kc=w1120-h745-no\" alt=\"\" width=\"180\" height=\"120\" \/><\/a><\/td>\n<\/tr>\n<tr>\n<td style=\"text-align: center; font-family: arial,sans-serif; font-size: 11px;\">2 Mart 2013<\/td>\n<td style=\"text-align: center; font-family: arial,sans-serif; font-size: 11px;\">16 Mart 2013<\/td>\n<td style=\"text-align: center; font-family: arial,sans-serif; font-size: 11px;\">23 Nisan 2013<\/td>\n<td style=\"text-align: center; font-family: arial,sans-serif; font-size: 11px;\">11 May\u0131s 2013<\/td>\n<td style=\"text-align: center; font-family: arial,sans-serif; font-size: 11px;\">12 May\u0131s 2013<\/td>\n<\/tr>\n<tr>\n<td style=\"background: transparent url('http:\/\/picasaweb.google.com.tr\/s\/c\/transparent_album_background.gif') no-repeat scroll left center; height: 200px;\" align=\"center\"><a href=\"https:\/\/goo.gl\/photos\/dbML4kJYj2ZUeD8g8\"><img loading=\"lazy\" decoding=\"async\" class=\"aligncenter\" src=\"https:\/\/lh3.googleusercontent.com\/7D8r2v0D60fCkSTHh6j9OvgZek6dJ61-_08DG1GmiV4ce9rSbslj3z9vX8Hpe-VIgV_SiABjaGT9iVLjibk4f6WOotC_l6qys-xfNw-4Ri0nuQOlIKfsJnBVoojqDmPR7coI60iyaOc6jxCeD_PcGWrVPPpjeTN7uOXL3i8ORJjD3HmlYMiHF9odhu73DkrUyxPKklWIwcdAdzygHBDrdEy8VB5FK3aJ1l5PiHM9BshQATKiFJygB7OJAeFopj0Q1MIjbWYU2rZf5MPkIHSQqz6qhLml_v1U1R_vqgH3IREb1yKG-qk3eSBguS1JONhI3HJrWOrsj1sdzH0Tjvd_PNc0U3UzjYvY1oOj5dHEXF7Ce9zB5KI8ozNk_HAmp6b6RAs87H_I7seZFVQiFTlJ_HVYnI_vUYMx0UA6dB8MlPsdJh3rDAho2-5-0DJAJ_Ib1hRDk3LqMEePQy2Mpr012AOZRFr8eqgsiZLcIw_xUqfLlCxAZdKyQxQ55IngGxvYi0gWPykUseuf5vkAOX2Tr-H9ykQwfNV-FeRnPvAMWeY=w800-h529-no\" alt=\"\" width=\"180\" height=\"120\" \/><\/a><\/td>\n<td style=\"background: transparent url('http:\/\/picasaweb.google.com.tr\/s\/c\/transparent_album_background.gif') no-repeat scroll left center; height: 200px;\" align=\"center\"><a href=\"https:\/\/goo.gl\/photos\/az45rb2EWK8MZzdk9\"><img loading=\"lazy\" decoding=\"async\" class=\"aligncenter\" src=\"https:\/\/lh3.googleusercontent.com\/QF6-poNOcS4XeF1f3EfwZRlRhsg3ZZla5vLORadN8QkqtE_kQZoah9pJnWizOB1eT9UcEwBDqaV1ku0wNDEeTIBbEMIkWSNMabcqBxWQb2ih2LxcQ0YldiK44Jt4cd298ioCJ0QLQjOXxHHBxBH8yUdI0ICJisal1Sq-fCUjkdYbrZrAPRXRoPxaxinyfs9gIugKIYc7xlI6jT2l88BlRIZma78DNPklRZZO8yaTxIvwp5VULkrq_anDd7aY38uQk8m17ADdIMBYKPYQUP9sPC8_kinsjxhLu2dtdqoq3ZQNqPJVuWiLpov-rEvZq94ZQpjQxH0dkNox2FRINKiN3cQamRpadFTMRd83ekJ2S0iLukbcqJpPJudHG3B63q3AD1LulQ_3en1vWTkStkVHN3FXC_TIXmL-gWKOe2UDyN6nJ3LrXqU23cLXp5UQwzpVsrm9OvI76OzoNEfHOj8bFrm414j5N31qlg65gzRaqG3ZoBzlskwC_7p1TnRP_bhMXtjjTQJesjs_QtyHqqLlz2s0qCTyysED63oUS8JUnN0=w1120-h745-no\" alt=\"\" width=\"180\" height=\"120\" \/><\/a><\/td>\n<td style=\"background: transparent url('http:\/\/picasaweb.google.com.tr\/s\/c\/transparent_album_background.gif') no-repeat scroll left center; height: 200px;\" align=\"center\"><a href=\"https:\/\/photos.app.goo.gl\/ryBrAwZweiTundsA8\"><img loading=\"lazy\" decoding=\"async\" src=\"https:\/\/lh6.googleusercontent.com\/t98ZGNKxk4Lk0fCsbY8zPvMhhMhG5jARXZxinTh5StI=w440-h235-p-no\" alt=\"Foto\u011fraf\" width=\"180\" height=\"120\" \/><\/a><\/td>\n<td style=\"background: transparent url('http:\/\/picasaweb.google.com.tr\/s\/c\/transparent_album_background.gif') no-repeat scroll left center; height: 200px;\" align=\"center\"><a href=\"https:\/\/goo.gl\/photos\/YmBUcbTL9Q1cqr8JA\"><img loading=\"lazy\" decoding=\"async\" class=\"aligncenter\" src=\"https:\/\/lh3.googleusercontent.com\/Vtt8ha3OXXal_1JpUwCp1ESVTwQ_Tw_l_736GEy_barh_E0DRX8LzqMRfTDq_BMltYzeKU2GHMiBF2guw-urWDn_YZkAc3icKJ9UT5iJi4J6oO38aileoBi_P_KGX75arsBAwUm1any3X3mlP_JbAujLudMAPnfJch_KaEygRbCelEesaK6ztx9mWbUveLpyo5A2IPK_sfuZy3IdQBff4uQ_WeJYENOzAyoyRe-Y-SKTBDXbcT9QL1-8S4JpH3jEAZfk5JAHMFUqCTMpdNXTKM91vvnO5R54nVFoZBgAylZqiopFoaATf5ViXylO2llCfbtqWPYC6H8rIRqr7iOQmzb6R_OjVZcOLOIh9VIMtQtOwHyManoVyIIVshANeJIzqBR63S_cMkj5Vg0XoumUDNej_1Bt-Iy2jB-JymjPE45_9cgR_dCdOE87LYMGxSIpUEpLTyR0jZrZztzPaYhCthp40bsAgaynpmqLVpBC1USS4vBzZva3uglDdGSuiE7HqpnwTJ9BgQfelK0-foylkLk75TVKo6Gmr1oO-xKkUx8=w1120-h745-no\" alt=\"\" width=\"180\" height=\"120\" \/><\/a><\/td>\n<td style=\"background: transparent url('http:\/\/picasaweb.google.com.tr\/s\/c\/transparent_album_background.gif') no-repeat scroll left center; height: 200px;\" align=\"center\"><a href=\"https:\/\/goo.gl\/photos\/JvLh1JPUsY3teRNL9\"><img loading=\"lazy\" decoding=\"async\" class=\"aligncenter\" src=\"https:\/\/lh3.googleusercontent.com\/pveJdl-EyZPOwIbdvqvhrt7MleFXJ0ORRDPOFbzrUX8ZGLOjdl8ee3ffkXBbst7f-ErTC3axAtL-QQdSEqv8C3HO17oFMwGaOhj-GfYASvQJcdFED9TI3rUXjFFvVf3_IDW8jY3zgmoFTb3mA2-CD_mUWpybQzLZ97tDzOX6F9O_JCdrrTbSGi_3ZJUAXbMNjOmQ2i_jNWZtB_Q2qvjDd7VXCRKA36JXAwdwCqGD9AJmRhfSen6XLdsDo-JPWkjM1wF2xNRkzR_lHXrStb9TS-Zs1h6S4R66lGMMJ5etOMNqxcip8g1naxB2OHzr1BlDssjuRNIajz-0proVjrDxL55fWFj2h6q1L1s9E_qvr9yTwmyWTKWMhn0vSd15T2lnWyfmI33jWDD6ThpctWsE2sd5cM5t2ulOsiGQQi3HGp_C-fMO_N7g5txAd-71y7yruU6Dlma6aY_eAtWNNsCb3KtMGqDYkcm27Gdk5wE9-4Bam6s-DHu7REHCW_YIZo-wLcBlm1i1js9aH7VYyy3qQSlPUyYSe8xVfxlxF68mLks=w1120-h745-no\" alt=\"\" width=\"180\" height=\"120\" \/><\/a><\/td>\n<\/tr>\n<tr>\n<td style=\"text-align: center; font-family: arial,sans-serif; font-size: 11px;\">23 May\u0131s 2013<\/td>\n<td style=\"text-align: center; font-family: arial,sans-serif; font-size: 11px;\">25 May\u0131s 2013<\/td>\n<td style=\"text-align: center; font-family: arial,sans-serif; font-size: 11px;\">31 May\u0131s 2013<\/td>\n<td style=\"text-align: center; font-family: arial,sans-serif; font-size: 11px;\">8 A\u011fustos 2013<\/td>\n<td style=\"text-align: center; font-family: arial,sans-serif; font-size: 11px;\">10 A\u011fustos 2013<\/td>\n<\/tr>\n<tr>\n<td style=\"background: transparent url('http:\/\/picasaweb.google.com.tr\/s\/c\/transparent_album_background.gif') no-repeat scroll left center; height: 200px;\" align=\"center\"><a href=\"https:\/\/goo.gl\/photos\/RDUMV9mxgURnwXLu7\"><img loading=\"lazy\" decoding=\"async\" class=\"aligncenter\" src=\"https:\/\/lh3.googleusercontent.com\/PfpEjIt0xfs-3jnSXy0O3DqO7li7WHNLfXECGztwnr0_mlelBy4Ig3Vgm613vWWUmit9nejHmoYazP7WOA_3npk5QLWoXcXbsRZFy8vCCY3IChL7Kh8VR1zZ1cUwS33uJ14EjUfkV68wbl6lo104Z6KK5ErGcILBdvkKwze17XwI6FMmGQgbMtNXlc_kJt1doWNEUXN9jdJlQu0I3Zvw_7x6cYCLtt4lce8owKf322yFj-h_32P8ZMDJvtziGfxvtjLLTvEUvKBGUa-fsbBwV8zNuJymo4lDU7qHlCPUhk3NzVfB0ITQmoiUeVZA818cmHvCX2IQA8-eSIUdng3MpwXL2T1ZZq0lqlefSj2q1ixooTeHijFDiQ94_uEXQvU6cZqufsHKdYMBTUR41ug4drA4OO_4cPn1blNmBnetPxSSUZ4aHjeOWTNV8j3T7QUq-q3ZOfQHox6MVwsOdB5hvKKksZ_9HL6iHGb3bw_ZRrKwrjRGS0YImhmxDUcyqMt_qtJg-nUc5oUngCPxwjpxryxYEI_49ltHuIN49CdLt5M=w1120-h745-no\" alt=\"\" width=\"180\" height=\"120\" \/><\/a><\/td>\n<td style=\"background: transparent url('http:\/\/picasaweb.google.com.tr\/s\/c\/transparent_album_background.gif') no-repeat scroll left center; height: 200px;\" align=\"center\"><a href=\"https:\/\/goo.gl\/photos\/QBvN6BBiPpKoeuEG8\"><img loading=\"lazy\" decoding=\"async\" class=\"aligncenter\" src=\"https:\/\/lh3.googleusercontent.com\/5fbC_oUNTuFmANMVom_qVsv0n9H65tcyR2_ws1UHlFJWS5hr_wmQX3Hgx2v54mAfJiw1IPeeX4VEjuPkvX27of3MXB3iHhfb3TTsnhbBBSVG7Ndc7GXFVZr5R-NBj28ZMikfp1eqrPXgoMHuTl5Kw49YQl1YxJtwsFZq3BTKUVGI_x6sbEyImEQvNZP3boXWmVxjI-XZxuTo9JRXEbood0izio11hOsCMKhzg5JACIg-fAHcp0NwfR0ejuMGCGlzMTbpdZUq7SGBtMRvLCFrnb248dliJgpwjPZlKBkexpX1nHHpGysnRwCWpKPHNCqA67EDmDeozqlvGGshxcZbcGCQeQ_-mBII1eoVbKKHPV3tnaA5E_zXOeVnF_8m83IBVeijryS6st9eJKlLuaheyDxXZRhZj0-Zw9qnN6bBenv426B0HlST_fqMZwpSd6bRLQROpK5FkD1VCV0cecZQBYS__u-WSbx-WxeF2VN7QVwMAcfr_0vdUTnyuUUCR1l5pYT1YS89R4ofXNnVMQ6-XnGQxAX5REzSBce72AhAqHc=w1120-h745-no\" alt=\"\" width=\"180\" height=\"120\" \/><\/a><\/td>\n<td style=\"background: transparent url('http:\/\/picasaweb.google.com.tr\/s\/c\/transparent_album_background.gif') no-repeat scroll left center; height: 200px;\" align=\"center\"><a href=\"https:\/\/goo.gl\/photos\/ogqYKDM1K8UziECq9\"><img loading=\"lazy\" decoding=\"async\" class=\"aligncenter\" src=\"https:\/\/lh3.googleusercontent.com\/5U125dgBIjyrf5p0Gxqq1rHFPmmdtmbnywWyrUWHxsaBWMVS2l-5UrgQipgwNnpn2RK0wqe9M9Y_PA0CwSK7bJij_Hb471J3NgiVWmfbS02AAgZYKii2y7HAVCTghsKDZjLEwZv4OBy1_HrV3bkVh5Huo-vSyjnF_eoxPD-A9JbejJ5ubvA8f4XIvv9NSDN1naTOoRw5efOFF7kwgd3wwTpeWHl20Vq7CilFAqeJ9DSF2mdcb9a78Ec3YVlKISns3XszOVO-C4heGk5UWtRbo4E-jf0caqGxXOOimhpqgHuinZ-CwWBjKulTaqd9cDoYqvEVmGeGk1sWkavSuyRLHac88d2oyC7DSBRwXzrNqH_Ve03RY2vgZoFG_lfRyLQiXatOzJI7aehPHYlRV6_GkzAGja2wTyU_gvUGMKI0WZbOw2iGEZ71Vf70J5aXuH6OiyZvyw19rBidELMVngcj3eMjDFfWXNngIQ4GJed26GCkknTmjz7PFUKPOczbzWcul6-b3sVqlA-SPvJh4tw-mgzu-ET8EU2JkcZMWL5UZdw=w1120-h745-no\" alt=\"\" width=\"180\" height=\"120\" \/><\/a><\/td>\n<td style=\"background: transparent url('http:\/\/picasaweb.google.com.tr\/s\/c\/transparent_album_background.gif') no-repeat scroll left center; height: 200px;\" align=\"center\"><a href=\"https:\/\/goo.gl\/photos\/kVWu5BTYcfTabP7r8\"><img loading=\"lazy\" decoding=\"async\" class=\"aligncenter\" src=\"https:\/\/lh3.googleusercontent.com\/_TejTOaS7uLcwoNLU0IynanVsms0yNTY4IAz6dgYNMwUdzJ1xk98Sd_QY6n-OIpalG9tI_EQgh9xox7IjMYEI91yf_BP_YYQFiEGfxI0sly66vAGxMtZmkxqzPFKd7tK1Buhd-FlB4NJEd33VKC0Xo4lHEcDKlR9_ko9UbjqmG9tpmVsBY0DJO3HKzAgk9t5RohwSRsvp2kG_52agHioWrHkhO7TY7I4IMySBQ-6cV6fa9CAEKaUzsdLwixJt_2roAuPa6T_Ckhceb-e4vextk-AC7q_vH2uIigbY7Q5mtTeB0vE0CtVx8Jyqaaoh00Y4dDz84yKVnc5Z_MdEIpWMzOegu-d1QWjkxuxyLQX2cTDwA4CJvS_oE616LNu9Pao1ZMM3djXGvrRkOabgsNM31CrK2WRXf5zFyUc4FuNuVAoTlA3_Jjwxt8vO2tcIe80sZawCMtpxK-FVBytesHA40BLWz2xSOvyLUaChOuPnMbkmhYHGhwDh951MF8-1h3uJZtjTXvAfmyIX8VyZ_wDE92MNxVF1WjZcl76xBlz9BI=w1120-h745-no\" alt=\"\" width=\"180\" height=\"120\" \/><\/a><\/td>\n<td style=\"background: transparent url('http:\/\/picasaweb.google.com.tr\/s\/c\/transparent_album_background.gif') no-repeat scroll left center; height: 200px;\" align=\"center\"><\/td>\n<\/tr>\n<tr>\n<td style=\"text-align: center; font-family: arial,sans-serif; font-size: 11px;\">13 A\u011fustos 2013<\/td>\n<td style=\"text-align: center; font-family: arial,sans-serif; font-size: 11px;\">6 Ekim 2013<\/td>\n<td style=\"text-align: center; font-family: arial,sans-serif; font-size: 11px;\">30 Kas\u0131m 2013<\/td>\n<td style=\"text-align: center; font-family: arial,sans-serif; font-size: 11px;\">21 Aral\u0131k 2013<\/td>\n<td style=\"text-align: center; font-family: arial,sans-serif; font-size: 11px;\"><\/td>\n<\/tr>\n<\/tbody>\n<\/table>\n","protected":false},"excerpt":{"rendered":"<p>2 Mart 2013 16 Mart 2013 23 Nisan 2013 11 May\u0131s 2013 12 May\u0131s 2013 23 May\u0131s 2013 25 May\u0131s 2013 31 May\u0131s 2013 8 A\u011fustos 2013 10 A\u011fustos 2013 13 A\u011fustos 2013 6 Ekim 2013 30 Kas\u0131m 2013 21 Aral\u0131k 2013<\/p>\n","protected":false},"author":1,"featured_media":6838,"parent":5138,"menu_order":0,"comment_status":"open","ping_status":"open","template":"","meta":{"footnotes":""},"class_list":["post-5191","page","type-page","status-publish","has-post-thumbnail","hentry"],"_links":{"self":[{"href":"https:\/\/xn--adal-oza.net\/index.php?rest_route=\/wp\/v2\/pages\/5191","targetHints":{"allow":["GET"]}}],"collection":[{"href":"https:\/\/xn--adal-oza.net\/index.php?rest_route=\/wp\/v2\/pages"}],"about":[{"href":"https:\/\/xn--adal-oza.net\/index.php?rest_route=\/wp\/v2\/types\/page"}],"author":[{"embeddable":true,"href":"https:\/\/xn--adal-oza.net\/index.php?rest_route=\/wp\/v2\/users\/1"}],"replies":[{"embeddable":true,"href":"https:\/\/xn--adal-oza.net\/index.php?rest_route=%2Fwp%2Fv2%2Fcomments&post=5191"}],"version-history":[{"count":6,"href":"https:\/\/xn--adal-oza.net\/index.php?rest_route=\/wp\/v2\/pages\/5191\/revisions"}],"predecessor-version":[{"id":7703,"href":"https:\/\/xn--adal-oza.net\/index.php?rest_route=\/wp\/v2\/pages\/5191\/revisions\/7703"}],"up":[{"embeddable":true,"href":"https:\/\/xn--adal-oza.net\/index.php?rest_route=\/wp\/v2\/pages\/5138"}],"wp:featuredmedia":[{"embeddable":true,"href":"https:\/\/xn--adal-oza.net\/index.php?rest_route=\/wp\/v2\/media\/6838"}],"wp:attachment":[{"href":"https:\/\/xn--adal-oza.net\/index.php?rest_route=%2Fwp%2Fv2%2Fmedia&parent=5191"}],"curies":[{"name":"wp","href":"https:\/\/api.w.org\/{rel}","templated":true}]}}