{"id":5200,"date":"2018-05-26T09:49:52","date_gmt":"2018-05-26T07:49:52","guid":{"rendered":"https:\/\/xn--adal-oza.net\/?page_id=5200"},"modified":"2019-05-10T19:01:39","modified_gmt":"2019-05-10T17:01:39","slug":"eren-2015","status":"publish","type":"page","link":"https:\/\/xn--adal-oza.net\/?page_id=5200&lang=en","title":{"rendered":"Eren 2015"},"content":{"rendered":"<table style=\"text-align: center;\" border=\"0\" width=\"100%\" cellspacing=\"0\" cellpadding=\"0\">\n<colgroup>\n<col width=\"%20\" \/>\n<col width=\"%20\" \/>\n<col width=\"%20\" \/>\n<col width=\"%20\" \/>\n<col width=\"%20\" \/><\/colgroup>\n<tbody>\n<tr>\n<td style=\"background: transparent url('http:\/\/picasaweb.google.com.tr\/s\/c\/transparent_album_background.gif') no-repeat scroll left center; height: 200px;\" align=\"center\"><a href=\"https:\/\/photos.app.goo.gl\/eby9GcH9PxQQn6qw8\"><img loading=\"lazy\" decoding=\"async\" class=\"aligncenter\" src=\"https:\/\/lh3.googleusercontent.com\/wzA1ritWr_zg5XJf_XPiTafQ-oMNWIXpj-3g4xkp1Bo=w321-h213-p-no\" alt=\"Foto\u011fraf\" width=\"180\" height=\"120\" \/><\/a><\/td>\n<td style=\"background: transparent url('http:\/\/picasaweb.google.com.tr\/s\/c\/transparent_album_background.gif') no-repeat scroll left center; height: 200px;\" align=\"center\"><a href=\"https:\/\/goo.gl\/photos\/KLvo17beemU8Ny1M8\"><img loading=\"lazy\" decoding=\"async\" src=\"https:\/\/lh3.googleusercontent.com\/pX30iDTDiGaPwMNT15QWMIRqq70s7q-M8cTvRawMxpOt8i6KrrrQfuwPFPTLUAtlpT3ZwSlkOr_c_9t77_95GNbxPRc2lOqCSp6O6bYDqirPii5yu08SfyxljZZaddn9Rc7f61Lc8dRAcoGuvvH16gGfQeoyrVbOoCKRxdupZKZgd_66gt_0vX-Tb_U0uwJmIdHQMRxquY26w53IxESWgshlItyPGcZo1pos9wl_tAhwlW57MIiq1PK43UemjfFnJpnaQEjV_mPvCPftM5YFhc3FDNHDPaU_ePhiLxCNg8_6tcsGFXMhV__IWsoUIKqgw1ebn7rgAQmh0PwGplaPWEjtGg7ViE0b4llp5k8sBrOMZ70pAeBGL-cNFm9lwDECsvFDeUSFfgoCwhBDKflyJTqHF7THPypr0m8ZC0TQoMaOvnvF1zR-D8HigeugAtDiOxQWbsmY0Dous5BxXsperezdqkD8Sp7KUQ--yB0rfK9uqPOFWSrb6S8KAToytr_4gT6RAo0BdmIB1Mton1GsHU7gvNLTslfwDy2I81GCEt0=w1141-h761-no\" alt=\"\" width=\"180\" height=\"120\" \/><\/a><\/td>\n<td style=\"background: transparent url('http:\/\/picasaweb.google.com.tr\/s\/c\/transparent_album_background.gif') no-repeat scroll left center; height: 200px;\" align=\"center\"><a href=\"https:\/\/photos.app.goo.gl\/epTYyNu9nk4er8ia7\"><img loading=\"lazy\" decoding=\"async\" class=\"aligncenter\" src=\"https:\/\/lh3.googleusercontent.com\/9v54-FE_5sz_Ugv66sn2WksNbBbMUvt0lT-iJsaXs_M=w310-h207-p-no\" alt=\"Foto\u011fraf\" width=\"180\" height=\"120\" \/><\/a><\/td>\n<td style=\"background: transparent url('http:\/\/picasaweb.google.com.tr\/s\/c\/transparent_album_background.gif') no-repeat scroll left center; height: 200px;\" align=\"center\"><a href=\"https:\/\/goo.gl\/photos\/4uDTfVE9W14RuwjPA\"><img loading=\"lazy\" decoding=\"async\" class=\"aligncenter\" src=\"https:\/\/lh3.googleusercontent.com\/Th_HvQgMHIIEE4p_aj4pxRvLqvhYvXrQrU_e9lbSrNA=w1156-h771-no\" alt=\"\" width=\"180\" height=\"120\" \/><\/a><\/td>\n<td style=\"background: transparent url('http:\/\/picasaweb.google.com.tr\/s\/c\/transparent_album_background.gif') no-repeat scroll left center; height: 200px;\" align=\"center\"><a href=\"https:\/\/goo.gl\/photos\/MyHQSYn779hRmJ8f8\"><img loading=\"lazy\" decoding=\"async\" class=\"aligncenter\" src=\"https:\/\/lh3.googleusercontent.com\/R7K7gXr3qpZ2nF9Mh-myU8t8YazSSwWcFfqEROs-ANp7pSy6Tl23XrMYUWEaPs_W8a-rRzUNzMhWW8Qo0FWLxhQamkskG3KjiHGvfBHNw13eyljY48B3QqTHEBWt8XDxEM2liEJNvl7AV9iKiqG59_FMjsyKJ0xmmEk5RZKwvlpjVI_CwlA3HyaxCDoNjmhTAp9AjZOkwFNqnTVoDPk0QbZY3_iTiid5Wc-iTF2qWM1oGrB5X_ULpd1Fc1WUddV3RhaZAzqtTy9S1nSMnli5G87fPz0w5PNu2xfZEZG2CX2Ff87xo1-4K8cOSeIgyzE9AVfU-uE9z40tFlXfcePDShD2Mwrcrn_A_ttbOfZAASfFAAPaFdgu07Y2qwXRfFIAvUddPcXniVYwMfGOklxDP1iWzkepoYlzs2AYJd33lf9-HgjCWRFoI1CF_USK85aN4FwIwcUsuHtBljLqj0Y1g07mgJmc_uPMlBrpaADvp9DcOeRK9aMkrAiS0aGeeP11H_do4HYEzX0uEMIzEHH2iXFhWfViwV3KEv6_ratCvEw=w508-h761-no\" alt=\"\" width=\"120\" height=\"180\" \/><\/a><\/td>\n<\/tr>\n<tr>\n<td style=\"text-align: center; font-family: arial,sans-serif; font-size: 11px;\">22 \u015eubat 2015 Do\u011fum G\u00fcn\u00fc<\/td>\n<td style=\"text-align: center; font-family: arial,sans-serif; font-size: 11px;\">1 Nisan 2015 Okuma Bayram\u0131<\/td>\n<td style=\"text-align: center; font-family: arial,sans-serif; font-size: 11px;\">27 Nisan 2015 S\u00fcnnet<\/td>\n<td style=\"text-align: center; font-family: arial,sans-serif; font-size: 11px;\">19 Haziran Karne<\/td>\n<td style=\"text-align: center; font-family: arial,sans-serif; font-size: 11px;\">21 Temmuz Zindan Ma\u011faras\u0131<\/td>\n<\/tr>\n<tr>\n<td style=\"background: transparent url('http:\/\/picasaweb.google.com.tr\/s\/c\/transparent_album_background.gif') no-repeat scroll left center; height: 200px;\" align=\"center\"><a href=\"https:\/\/goo.gl\/photos\/FAncmN4nH5aM9KVJ6\"><img loading=\"lazy\" decoding=\"async\" src=\"https:\/\/lh3.googleusercontent.com\/31uIKDs-8AaF7WCWZDuNECKh8aU-P0BYSMW5uge2G3sSqpZ42lwCBoCN8lcAfdXYxF8F47LFAyGMFoEkVQ0BUiKYPBp4SEFQTwGqRAWxN8NsSV7kW_fTw8uPVBY1Zwm2kal8w02ISn3LnK36WA2jYnmlf-UKsRzEUqjAlfbORRX6V0Th28ld4Lz-YRzmtg_SEm23WbeGoWdj6d89YDHeekffvz1Aw1yQlDKubtdGCQzf6Oqc2kLJJ7kPRvMnOlCq4GUGVbs-KbhHvIBHlAvrWxNhW-FPAqm1q4R3jrKZwdBmgeLO0sHRIaFz_Tc1JunSPS0mo8zKb7efgNtqdOJtfCpxSqYGRkt6mQOiXW-5bccSiesWtxeLpVBi9tUR8rDvDvgOnnaLL8KMfz3PmZ4tN9iG5-c4luAgY5WDWdcMz0_Er97UnAzTvGiB0iLO26zsWG5-bI73eVVjOI9e_cU26TqQm_OFP3ickxdxvKpcsCr3zx-OYr1EraGqYmPSY_VSBKe7qNaLKlcYcJsw1ukJpIjVxPzsPQHUVXULhtJSfE8=w1141-h761-no\" alt=\"\" width=\"180\" height=\"120\" \/><\/a><\/td>\n<td style=\"background: transparent url('http:\/\/picasaweb.google.com.tr\/s\/c\/transparent_album_background.gif') no-repeat scroll left center; height: 200px;\" align=\"center\"><a href=\"https:\/\/goo.gl\/photos\/K6d61CKmUER3hraA7\"><img loading=\"lazy\" decoding=\"async\" src=\"https:\/\/lh3.googleusercontent.com\/u3RUthSE06gqqV3mazQkeqeyio2pSkScyO5z4NoFAwLFyi2rpadi8-1cOR-n8TKe9_Iicqbp2MtUt3Utjw5CHy8WyQjZsLOedQOM--S-0WHVwlyPk5icVUUet0l9HfvKzhDUi03-y2McmIijdK40vUtvEAIr3ERKNyB15eM3pDAO2oc6LzsBTQBsN9ZlCmEIfveeNTF5m91YUO90DR-ow4LPzbrcxZcvMZuOQSIL6_RXdEPp4zNA6A9WCHJ1wZTcfLs9HKc5H2FGdylcQk1tNk-a2_HzlOZWvKpMdUfaxp0UY2z3l3WKLIZrwdF__SsFGO4V8NlnTEZCKlFKJFKBIeLmDChe3lwoBp61Ey7lGuscjec5A1DMoDtY2wqYDpqBBzWjfg_-DC3urnaGJUBetM6UhmOafLqz4RVfj_-7g7fB9MFz1z0S3b29CQX8pu8Myt__oUHweZfW1jLRSKCB8evrrK-c1cAlUjqi0d9AiliqKcIJ1yO3WkjDkOlFoOOVMFAlkU2R1r11ieY8TuGiZ5q6dWJRARYlXPShcBU-UyI=w1141-h761-no\" alt=\"\" width=\"180\" height=\"120\" \/><\/a><\/td>\n<td style=\"background: transparent url('http:\/\/picasaweb.google.com.tr\/s\/c\/transparent_album_background.gif') no-repeat scroll left center; height: 200px;\" align=\"center\"><a href=\"https:\/\/goo.gl\/photos\/tzHWBdTTVyTYx1Jb7\"><img loading=\"lazy\" decoding=\"async\" src=\"https:\/\/lh3.googleusercontent.com\/CI8B29bBK6JsqEjtzDND7DgGE_O6Sgf1CdrqUEfX_l8YOLgmdiQb27xYqwlGEcF4GIF-UsMLczdm_YiF9ICVKZjMq-PEVdZod4nQlmppwGanG7Ac6NsEStpVE6TtLv9hT-d2X_Ud3GUuVlV0kDJ-5H3zyQFOl3IaOMn8Y1_aStOLTh5hfeBzSU6waTwr0oBZcUSrnGTWA7SKNcUxRj1PwfE1VSJ7yigPAVPvEFOqacSZB-VQCN0SwIQwwzE9fmyXHJrO1rLg2A3jPHukxpxPTKhZifPk9cqA8nPzHpPN6PS2umcrcI1_sKm2D-ApEtDhJFeOOJYWK80hgJLQUWOEY8zSSdK6agzS4kWFSGNzNm8QOXtc0y6lZWJZ_eQA2LYv9Vgsm0mUj0w1OOIPsuwLi9OhkbmXVEmn872BumA7JuPDAtoHFn6zbt_awkWVSdz7Orq2oV7T3yifFtN6xM1iNab99rHMoPeLqwN8ugT6Qm87QFyE35cbgKYUzqFfp0VO7gESzcgSaJZX1t8eTeNpAnr_FcCJz08UF7X-3sfwpJc=w1141-h761-no\" alt=\"\" width=\"180\" height=\"120\" \/><\/a><\/td>\n<td style=\"background: transparent url('http:\/\/picasaweb.google.com.tr\/s\/c\/transparent_album_background.gif') no-repeat scroll left center; height: 200px;\" align=\"center\"><\/td>\n<td style=\"background: transparent url('http:\/\/picasaweb.google.com.tr\/s\/c\/transparent_album_background.gif') no-repeat scroll left center; height: 200px;\" align=\"center\"><\/td>\n<\/tr>\n<\/tbody>\n<\/table>\n","protected":false},"excerpt":{"rendered":"<p>22 \u015eubat 2015 Do\u011fum G\u00fcn\u00fc 1 Nisan 2015 Okuma Bayram\u0131 27 Nisan 2015 S\u00fcnnet 19 Haziran Karne 21 Temmuz Zindan Ma\u011faras\u0131<\/p>\n","protected":false},"author":1,"featured_media":6842,"parent":5138,"menu_order":0,"comment_status":"open","ping_status":"open","template":"","meta":{"footnotes":""},"class_list":["post-5200","page","type-page","status-publish","has-post-thumbnail","hentry"],"_links":{"self":[{"href":"https:\/\/xn--adal-oza.net\/index.php?rest_route=\/wp\/v2\/pages\/5200","targetHints":{"allow":["GET"]}}],"collection":[{"href":"https:\/\/xn--adal-oza.net\/index.php?rest_route=\/wp\/v2\/pages"}],"about":[{"href":"https:\/\/xn--adal-oza.net\/index.php?rest_route=\/wp\/v2\/types\/page"}],"author":[{"embeddable":true,"href":"https:\/\/xn--adal-oza.net\/index.php?rest_route=\/wp\/v2\/users\/1"}],"replies":[{"embeddable":true,"href":"https:\/\/xn--adal-oza.net\/index.php?rest_route=%2Fwp%2Fv2%2Fcomments&post=5200"}],"version-history":[{"count":4,"href":"https:\/\/xn--adal-oza.net\/index.php?rest_route=\/wp\/v2\/pages\/5200\/revisions"}],"predecessor-version":[{"id":7708,"href":"https:\/\/xn--adal-oza.net\/index.php?rest_route=\/wp\/v2\/pages\/5200\/revisions\/7708"}],"up":[{"embeddable":true,"href":"https:\/\/xn--adal-oza.net\/index.php?rest_route=\/wp\/v2\/pages\/5138"}],"wp:featuredmedia":[{"embeddable":true,"href":"https:\/\/xn--adal-oza.net\/index.php?rest_route=\/wp\/v2\/media\/6842"}],"wp:attachment":[{"href":"https:\/\/xn--adal-oza.net\/index.php?rest_route=%2Fwp%2Fv2%2Fmedia&parent=5200"}],"curies":[{"name":"wp","href":"https:\/\/api.w.org\/{rel}","templated":true}]}}