{"id":5202,"date":"2018-05-26T09:50:03","date_gmt":"2018-05-26T07:50:03","guid":{"rendered":"https:\/\/xn--adal-oza.net\/?page_id=5202"},"modified":"2018-06-18T23:13:48","modified_gmt":"2018-06-18T21:13:48","slug":"eren-2017","status":"publish","type":"page","link":"https:\/\/xn--adal-oza.net\/?page_id=5202&lang=en","title":{"rendered":"Eren 2017"},"content":{"rendered":"<table style=\"text-align: center;\" border=\"0\" width=\"100%\" cellspacing=\"0\" cellpadding=\"0\">\n<colgroup>\n<col width=\"%20\" \/>\n<col width=\"%20\" \/>\n<col width=\"%20\" \/>\n<col width=\"%20\" \/>\n<col width=\"%20\" \/><\/colgroup>\n<tbody>\n<tr>\n<td style=\"background: transparent url('http:\/\/picasaweb.google.com.tr\/s\/c\/transparent_album_background.gif') no-repeat scroll left center; height: 200px;\" align=\"center\"><a href=\"https:\/\/goo.gl\/photos\/AUQ52w2usJ6euMKj9\"><img decoding=\"async\" src=\"https:\/\/lh3.googleusercontent.com\/hm2BqxhWDivRa4dZVA25Ecxvvgtf4OfhQQPTUsuC7QMYrnO-uk2xX7xKWdYq6SRU7Vry8uf1OjQE7BvX9WyRYfxzGfuoxIsU-fwRQEUwyWbQiNE00yxsx6vAw4_BZg4_-NKtHNXY1Fl8AWiarVdQ9ZBn04srD0GoSW_UpjC2QBS5Ql6P7pB5KYDeXu77drHlNh7q-zXYuYJyzFC9RlIdW7USCFKb7ipmOs-7hJns1UvjGpSxQvw_1UR2_kxvRKIbzBz02EFyUDI826lGyLeq6Fy0OuvNb3k-4AUqa0B_zkZuCAjNCps5M4krlyL43jlQL_EtGutC_JPq9uMyM9IkzgSP4dJvOg81Hc_ToMDjBfp2Cd06mgEcI1D7wxkQfZfiOb80IFSH8gdQc9CCwdmd3oktAc6F14xeglZLxfZkwoxVIJ5GjrPPJBOYOzqB2DPHa8equP_E3oqpfTL-LAhQJY3kCROqmxjpxl9Gndp9uftqYnJ1gc6F8-8Im7UUngEG9kdsGrhZcKNEvyiq7uDqumkuZ3yPHdGRqVkKoSFafTJPEVvFhV2GTcXM2f0hSZ5afvTF6mBzWag6mJpcDbBJv1_Yh8pB9pzQmR6YHFnJwGwx6HB7Qhdd=w180-h120-no\" \/><\/a><\/td>\n<td style=\"background: transparent url('http:\/\/picasaweb.google.com.tr\/s\/c\/transparent_album_background.gif') no-repeat scroll left center; height: 200px;\" align=\"center\"><a href=\"https:\/\/goo.gl\/photos\/rr6ugH6khANJXqJq6\"><img decoding=\"async\" src=\"https:\/\/lh3.googleusercontent.com\/eunwPPRyvbo0f7pJDjPsN-_CbaSScGBWQZryNxD4sdriJOPMJd58cptCu9CUddVbLMf1IRV35PjOG9_F-E3m-R8C17gxbQd-uXGrJ6W12VxPaFWd1g-JRQl7swy22l_wm2pJGAK6l0MZscVkvfYKRIbvGykJAR6GWNTUjyuzilcIGukRW1BOUgTBu9eeR4WrSEQj68slmBpg2kb4y6P5z3w8iGxfSAQmn1-Az4eY8vuKPry7o9BbPLWaLyO9tGFKr2sOxT7VRmKScB-VSgU0O_8C_2sCcUWYQCmzgoq1hZ4uRYg3MN8cZIRcoxKDcSMExI0XIQtUBUU6E2FW8wD-JlxrO9MJoGBkrA-XoHEFDMGizsI0WDJghgxB_wm6vqW5cqIXQfV_8DKJei8H39xtwVBQ2Rlkyu2LI_7tMvUkL3vryZYQQcOY3t6XTeS36JxXlQLJ0rDW6pE8OxLn4pnnSW8WBII-qsuYWVPWRDq-7uSRmsMbAazQ7O7dAlxKBaleBQU6ZilD65-xS_P4sPPUJKCYZfPvERHWu1oYMy7MDLTaIka0I2VQUUghVXe5L0MiUXgF1LLhSrsF-kMUGfnvSzXqlIMx91FE68f0hvKhrxs3InX4v8qw=w180-h120-no\" \/><\/a><\/td>\n<td style=\"background: transparent url('http:\/\/picasaweb.google.com.tr\/s\/c\/transparent_album_background.gif') no-repeat scroll left center; height: 200px;\" align=\"center\"><a href=\"https:\/\/photos.app.goo.gl\/WMbhY81mM1fdaJFF8\"><img loading=\"lazy\" decoding=\"async\" class=\"\" src=\"https:\/\/lh3.googleusercontent.com\/wHtHWCvZJAW5D4DVxYogDdm6KGSibSrKYmIMy8vwu5WefQVgCP3_IhMypR0LHLwsmFBZASoAZVB2Q-DNQCGEOOnQVz9gswaSFjdivhNvJ8e3Azi9y2QqdafUyflvgee6znnDsiGh0cDWoxKBIYhfOzifr9jmySIpIvJ3cWGPzbz6MJC8hnqyRPvEuxYGTH5Tr9JnpDSPnsrzorNIxWYVOLbovAvWaJZzVVasrX9g6vYiLvCijxxYS0KkMhfBrwH4APFCaIyPEeELIJ--Apphvl6XFLbZKzyeaKbZou6kz1Hwz6QF5MInOFM5mB-ncS_UHcu9FVkKtAAFY_tmyZ5XKmdU1D28OY9QqWBd6G3srnh24hnn6ZJPg0Gih1gdtqOBS9Hy2m5FNUIO1e5sKAr834KB7D_dRn0qbU0Jq4e62l4seuzLzDVTeBhwEo7uTV3ysTMUEQhSWUWW6IFxlBsxeZQqbHm7ripBZOzkVUjL_JaQrzHyInO7bRNbV4-D74niINqBXy0sqRpDXhG5mZJ91Uad-fUAcHreXyMZbvnAct3MfoRjud80q-ZfIPhOq01D_Yr5Y1njgtPO4wK-Ew5_cfGAiT8KqlSafDRhyVY=w1735-h1157-no\" width=\"192\" height=\"128\" \/><\/a><\/td>\n<td style=\"background: transparent url('http:\/\/picasaweb.google.com.tr\/s\/c\/transparent_album_background.gif') no-repeat scroll left center; height: 200px;\" align=\"center\"><a href=\"https:\/\/photos.app.goo.gl\/8q9hxUf84DHPEJ6M8\"><img loading=\"lazy\" decoding=\"async\" class=\"\" src=\"https:\/\/lh3.googleusercontent.com\/wXzdr_A7wHviLWpHxvZoZ47Ll3rpPviZWw9Do5GXghr4vHExsoRJ7GqVh9cvwaAjY47FLsVRD4Le_B8XqTA-MUEZBnVMRr9lZ2AXC5G8tECkmvpF6JM5r7A-TsPyd5oNlMW9SEIRIx_PsIQ-mSI000Vl6kNYKbNyvGkyj7X6YM5qznDckSRYFOAsn1zP5a4l3ZJmT7JmHRfRuwyxmEMP8Mfxwj_8F2IvuL91xbXu4lFhZjM-7Gd3CPSq4rb6rHGxh_gIkfSLVVfYLdOUMmXFLUTsL6I3mw63fCEob9jqdVpYwVz8A6v5qauHfaQOS8UpC0_CShybuPIdGdmdplHcftO1ZIlA5wl8j7PjXrBbhhG6zd5VgmlB0fJ9kOmV7puOwYhXMYrC4nWq9E7Tu73uo6W58KUsAkfSNhOxtpwnyVbYX8zDhX7ol1uHQ67AgQ2E3Y75R8fpDc7JMXqtaoR01yHHLXLnka8irSHiMzg1R4bbdM0LXrMOi1Uo9bcUv1-k3SvKRjCIdXiKm4QLIU-KglxMDVWwb-rJNmPxZPteeUcavqW41yy38jzbN8UEjaxgvmP-zW4iGFw9sFOHtI5fQ_AJ7Ci3vfRWjp9CScg=w1736-h1157-no\" width=\"192\" height=\"128\" \/><\/a><\/td>\n<td style=\"background: transparent url('http:\/\/picasaweb.google.com.tr\/s\/c\/transparent_album_background.gif') no-repeat scroll left center; height: 200px;\" align=\"center\"><\/td>\n<\/tr>\n<tr>\n<td style=\"text-align: center; font-family: arial,sans-serif; font-size: 11px;\">23 Nisan 2017<\/td>\n<td style=\"text-align: center; font-family: arial,sans-serif; font-size: 11px;\">Mini Konser 20 May\u0131s 2017<\/td>\n<td style=\"text-align: center; font-family: arial,sans-serif; font-size: 11px;\">23 \u015eubat 2017 Do\u011fum G\u00fcn\u00fc<\/td>\n<td style=\"text-align: center; font-family: arial,sans-serif; font-size: 11px;\">3 Eyl\u00fcl 2017 Ba\u011fda<\/td>\n<td style=\"text-align: center; font-family: arial,sans-serif; font-size: 11px;\"><\/td>\n<\/tr>\n<\/tbody>\n<\/table>\n","protected":false},"excerpt":{"rendered":"<p>23 Nisan 2017 Mini Konser 20 May\u0131s 2017 23 \u015eubat 2017 Do\u011fum G\u00fcn\u00fc 3 Eyl\u00fcl 2017 Ba\u011fda<\/p>\n","protected":false},"author":1,"featured_media":6852,"parent":5138,"menu_order":0,"comment_status":"closed","ping_status":"closed","template":"","meta":{"footnotes":""},"class_list":["post-5202","page","type-page","status-publish","has-post-thumbnail","hentry"],"_links":{"self":[{"href":"https:\/\/xn--adal-oza.net\/index.php?rest_route=\/wp\/v2\/pages\/5202","targetHints":{"allow":["GET"]}}],"collection":[{"href":"https:\/\/xn--adal-oza.net\/index.php?rest_route=\/wp\/v2\/pages"}],"about":[{"href":"https:\/\/xn--adal-oza.net\/index.php?rest_route=\/wp\/v2\/types\/page"}],"author":[{"embeddable":true,"href":"https:\/\/xn--adal-oza.net\/index.php?rest_route=\/wp\/v2\/users\/1"}],"replies":[{"embeddable":true,"href":"https:\/\/xn--adal-oza.net\/index.php?rest_route=%2Fwp%2Fv2%2Fcomments&post=5202"}],"version-history":[{"count":5,"href":"https:\/\/xn--adal-oza.net\/index.php?rest_route=\/wp\/v2\/pages\/5202\/revisions"}],"predecessor-version":[{"id":6851,"href":"https:\/\/xn--adal-oza.net\/index.php?rest_route=\/wp\/v2\/pages\/5202\/revisions\/6851"}],"up":[{"embeddable":true,"href":"https:\/\/xn--adal-oza.net\/index.php?rest_route=\/wp\/v2\/pages\/5138"}],"wp:featuredmedia":[{"embeddable":true,"href":"https:\/\/xn--adal-oza.net\/index.php?rest_route=\/wp\/v2\/media\/6852"}],"wp:attachment":[{"href":"https:\/\/xn--adal-oza.net\/index.php?rest_route=%2Fwp%2Fv2%2Fmedia&parent=5202"}],"curies":[{"name":"wp","href":"https:\/\/api.w.org\/{rel}","templated":true}]}}