{"id":5203,"date":"2018-05-26T09:50:07","date_gmt":"2018-05-26T07:50:07","guid":{"rendered":"https:\/\/xn--adal-oza.net\/?page_id=5203"},"modified":"2019-05-10T22:36:12","modified_gmt":"2019-05-10T20:36:12","slug":"eren-2018","status":"publish","type":"page","link":"https:\/\/xn--adal-oza.net\/?page_id=5203&lang=en","title":{"rendered":"Eren 2018"},"content":{"rendered":"<p>&nbsp;<\/p>\n<p>\u200b<\/p>\n<p>&nbsp;<\/p>\n<p>&nbsp;<\/p>\n<table style=\"text-align: center;\" border=\"0\" width=\"100%\" cellspacing=\"0\" cellpadding=\"0\">\n<colgroup>\n<col width=\"%20\" \/>\n<col width=\"%20\" \/>\n<col width=\"%20\" \/>\n<col width=\"%20\" \/>\n<col width=\"%20\" \/><\/colgroup>\n<tbody>\n<tr>\n<td style=\"background: transparent url('http:\/\/picasaweb.google.com.tr\/s\/c\/transparent_album_background.gif') no-repeat scroll left center; height: 200px;\" align=\"center\"><a href=\"https:\/\/photos.app.goo.gl\/fV5FHfhF3hMvLkPo7\"><img loading=\"lazy\" decoding=\"async\" class=\"\" src=\"https:\/\/lh3.googleusercontent.com\/QlgGpsHhVX0-CTrMUymgrRAiEKX4bEOa-gd_gT0OnQkg3Jtdc7V-6m8DpZGbUQFVVNqPXoY8tXR3uuUJAUHZ-_lFsUmhvWIwISwUwcUoHxY4eE-Ulg0D2T6R7gPzHDT9weHNF_twRMlqzdVjPPCusYKG-3oryQoK-hrq3WEPF_YcQOKk-ResX_mvJZcQ6Pca3g7TziDtQBVB-id3i7LGMgz4U6sSSB_2Ectq_3avcEGyG5QSr-tEAuHfab72LjC8c-LlES15FhQUXR1o3UgC9nOhS04hXvdNyoDQmt_5eVl7FvFFKO8FIWtaZocNRWn6Wo7Y0c7CZF5S6JjVfRLLZcEwyCljBLQtRa5HE06Pi0uGo4FN29kOQXNN3WBwtIF5jAyE14qyYKm0FmqCZwrt_4JN2NqVSKCPIjRapbUhKf0-hFphDHxoK7WdG_1eF2CAZxa91O0rjHVurgj_nc-5zziXKL4SLKfvg7acAcxmdoDkNrXeJIYmBUqdf6urz3NB_g-msvTkhk_30BXoUPOYvK59hy6plWzs9RzdeiCFTKNAjmUX-KPklXLI_HbikX2JWRYy-REE1ZnUgKduK5s35pT6Qxy6KdX13g3xvUo=w772-h1157-no\" width=\"102\" height=\"153\" \/><\/a><\/td>\n<td style=\"background: transparent url('http:\/\/picasaweb.google.com.tr\/s\/c\/transparent_album_background.gif') no-repeat scroll left center; height: 200px;\" align=\"center\"><a href=\"https:\/\/photos.app.goo.gl\/EkVJwHyoVbD2qwid8\"><img loading=\"lazy\" decoding=\"async\" class=\"\" src=\"https:\/\/lh3.googleusercontent.com\/o07DjfVYnC1xwAl828TjIAHDDXu6NP2NJiIfxypJUeKTzZ5oagOV3HMf72D8EAOQx-g5xyfceNyMxG4PB4npbD0x6KAtVLMwMIZQL8GxT_TQsIQxuKX80Vb2Jk2MT3xGa3ij88eleICmJzfbDkYRO6egW3RI0_IeYANsYYnRMoRRedm-xrKLd-eHWDQnK1mzlroBqH1r3Dv4tfriwnxtMdztpqNj7y6n5znpIp35l5y3SoeOKpb7iJ4r-YAqaZv5DFa_We4t7w4xg0LpMJjQV1DuLCo2-fK9FmFqJxsPN0ZHt57epeGHAJaofAIRPCmRKcMJWv8q81XkwkxtLT-YkjrED15WPgwcuRJ-uS_da8AicnV24taKJUsFtbeilmeY9IvHwVUpaa5c1adDeDazh_MquGOiWZF4Vb5nFR5vKCnUNMjKBmueYC8QjXNM791WlzJ0RSBRE0n-I8r92o9hW-FNryZosOjs1GvNGP60ZStPdtxPeo7zceCqj2PoysxtxkB8EBp-WPls-UshVp4InV2kVmXDJjVsZLFwkCaUONOlGNC-hByPoXEttwiEuL33j3BgTzyve4SwsBm-7hfDed3qdLnhjC2e9DyS8LBlFZ0bh7qY8GR7XRIE-849vL2Q4QTAk4sXj1j2hTGHfEw7ryDPBYgxhuwlwmDUCgkWzstw-_pWUSmnxW66-BJLSxk-kHPpSRAlhc_ghhoFWfAEFLiW=w1379-h920-no\" width=\"191\" height=\"127\" \/><\/a><\/td>\n<td style=\"background: transparent url('http:\/\/picasaweb.google.com.tr\/s\/c\/transparent_album_background.gif') no-repeat scroll left center; height: 200px;\" align=\"center\"><a href=\"https:\/\/photos.app.goo.gl\/83cQ8xVfdywJJE5M7\"><img loading=\"lazy\" decoding=\"async\" class=\"\" src=\"https:\/\/lh3.googleusercontent.com\/Au8p6oZt2PF4EVr5q8ZBXVPRDaWxMkGGTjPLSdLiTRazN5BZj0dnmVo62j9EWbJ8XUoMIvLUyYFwebL9LuW1fIkDRhupPdngyg6iLxPNAkS7FHs46m8Sa-O6lqbW3vKaVu9qIv2pBeAXX586K-zM8cQVdzbtAVqPT5wK-qYcDjI2DAQ7wMPQvP0G-dEdU1_kq_vTStDdR1cmKb9ZZUYgr87E841UeVxWGwx1gDIq-k2CCh6_ooRddaVFE-HL2YNRuEjPjJvDbxLl3_60Tb_0Jv-Df5d2KfwLkBhTM8bXcU2ld4gp_GXxHNq44K_c5hvv2VTUQTaU2-teEOaSW5v0q9dFrxvNlpwc7luZZrPK7KgxKEEkqzDLCaOsIRwZPZABnMnlcn9NS3OioTj3CxSUv6p_VQPxhdMnqEM17sXmprXEfqgzsFOjZ0pSv1I37fD983tLUrS5fsjd0FFvqf6uHSuv6mUplSwgKE1BgJ-fxCB-W7-cIQJu5OIymu_cQ6CKhK9GcJs-7XDWc5dkNBLm-R_O0lmW2s6wdvK4_w395hkbXGqIz0knPBmOAu_y98dDHQ0Z7-EQvOkTivlFlj7PRwlAz416KaS3be2z4mE=w1735-h1157-no\" width=\"192\" height=\"128\" \/><\/a><\/td>\n<td style=\"background: transparent url('http:\/\/picasaweb.google.com.tr\/s\/c\/transparent_album_background.gif') no-repeat scroll left center; height: 200px;\" align=\"center\"><a href=\"https:\/\/photos.app.goo.gl\/BNPifFiVxY18YUQMA\"><img loading=\"lazy\" decoding=\"async\" class=\"\" src=\"https:\/\/lh3.googleusercontent.com\/aUAot-E-vPVwjT9t3Nr5mo3FQ4OJAJHRlTQWW0-GahPuInhFW0bQxqo1K6m7ogOgiv7KOVSNlxKBMFUtjoZfs59nMovk5meqQsERmPRfs3A_cV99449LaH_LuT-bJwccMAGhRzkF3i1HyHQL-czROuAyYlx_uuxiFTfsEp83DCsClM5u3agOWtL8arbFrdokOyf7O5G5Qdi9nb60k5-BYewLh0WmdAYw0kgXwb54oybcEB6pQWcgdU8MmyGYLm-16RpJnE1KfEYzpVcoOZzD-74dlAKLvc3A29z45M0qEUUcKPLMvT1NtykQfu6rMzyr0_lIRirDumgPdxVDgNC-xF41XP4Nt2L2gd-GScniDp8aw_QrYAl9mR20gFZiDoLFpb519eXDbTofK61BiiDHjc90wOjGSYb-PNnyecb65HPSCWTZWFXVT6UtyGec752Je4p9Cf2flklDEBwrN1bLPx7o20H--4ehVs0YBDqPGP9dmicQjzM_LCmBsRY_ZnzgeGyxkYnQTxQDkr87e8MN3gEUZn9XzJPvFiYbeq_dSqOuGJXKHPFojqMiINfYZrJSFPpBeNx2stSBDWA_bufLUMAViqm92T_02EDK5WE=w1735-h1157-no\" width=\"192\" height=\"128\" \/><\/a><\/td>\n<td style=\"background: transparent url('http:\/\/picasaweb.google.com.tr\/s\/c\/transparent_album_background.gif') no-repeat scroll left center; height: 200px;\" align=\"center\"><\/td>\n<\/tr>\n<tr>\n<td style=\"text-align: center; font-family: arial,sans-serif; font-size: 11px;\">23 \u015eubat 2018 Do\u011fum G\u00fcn\u00fc<\/td>\n<td style=\"text-align: center; font-family: arial,sans-serif; font-size: 11px;\">10 Nisan 2018 Ma\u00e7<\/td>\n<td style=\"text-align: center; font-family: arial,sans-serif; font-size: 11px;\">27 May\u0131s 2018 Mini Konser<\/td>\n<td style=\"text-align: center; font-family: arial,sans-serif; font-size: 11px;\">11 Haziran 2018 Mezuniyet<\/td>\n<td style=\"text-align: center; font-family: arial,sans-serif; font-size: 11px;\"><\/td>\n<\/tr>\n<tr>\n<td style=\"background: transparent url('http:\/\/picasaweb.google.com.tr\/s\/c\/transparent_album_background.gif') no-repeat scroll left center; height: 200px;\" align=\"center\"><a href=\"https:\/\/photos.app.goo.gl\/v1nBVUcpLFbCHrkp8\"><img loading=\"lazy\" decoding=\"async\" class=\"\" src=\"https:\/\/lh3.googleusercontent.com\/JB-CSaNyKav9iJji2s4n0T-HVbGoZNrWV4w2330KoHC3b7IW-V94FQA-VwLMDO5KMybGcHuI9-zaRPsqM-nVGQBCY8ANyY__G-X9EWLLYXVLS6uTKQq2EVvuU9-xTMU3Bc1AJRqwNgqLTc3j8aySm_CyKYtA_9UMKeikG6GlKrp1AbZqiR6y2mvCUd2IN9ciW_aUj8KHBhfzsLCOVeQensDm5i4_9RAGPZ-PlPDt6ITlEgFuJSARKkG-_NbomTq1FAU7sLW_gXOTMh_DwCq1kQj6DSCCjHbT_Go3Z2HqND0QPUzPLbxYEjzNWsB4E645py8jBXR7NORbZoYUah4dm-XLRZ_qqWi18etT-fyg8fkPiUpTUpikFwhCZaB3IKfJYyLhUR4wKYzNKJ4DrQ_s25ATvK2e-bZMrPiM_BBWkt-_p5a3cysYArbZqfN-acCZJJZi2T6qowAZXdWgPVRby97R3GGEkG2-1ZZjh6Cx35olFWynDCW89a-q1j7VPcavCgK7KRgFY_dMQu8HbEJjxwTmQ6eGtRjKeDe9fN5lazaFcxY2I14HGdWSsXpog0o_j51KZD92Qkf2JwmwawViyVY7lGwlGTzpSZdPDQ7KUakSDTQ3Lok_IWzht-7J8Xs=w1759-h1173-no\" width=\"179\" height=\"119\" \/><\/a><\/td>\n<td style=\"background: transparent url('http:\/\/picasaweb.google.com.tr\/s\/c\/transparent_album_background.gif') no-repeat scroll left center; height: 200px;\" align=\"center\"><a href=\"https:\/\/photos.app.goo.gl\/mWsD8wVr1UmTkkpk6\"><img loading=\"lazy\" decoding=\"async\" class=\"\" src=\"https:\/\/lh3.googleusercontent.com\/c8uMlYuf0Ikn_sBImVaE49QFURU7tAWipdMZk_F_mskvw5sVGCkwk-rl3PDtVGEuGgp5XJg456Bd3fnazePps5M-v9-Vxv6yzKTTGP6Dq02u_foIGypYWRcl8gTWUxEQHAZSnW01oUuHnWIbx_bu8FtBiKEFPZM5LsOFNsLZHioE_6yGh-kJdsTotSYExBVRSqQaLyiXLo_vF54IFQtDGeKCNECtf8MtKlPgd-yLOy3QK_x8TPirtbfvwKU1oIX9exMQpNraa4VhrBCCYJFr1aYod49rrE4Rio-lTOqTIxz32TSrwNGu8KDFfgZPq7xPeVhcDSGmSK2qWwPEIniSvVO-XyxopooYsvHMohAxvOzBmlfGdNx-JuwJBZDxy7u17f1P8k-n_Odni2EoCkRRaazWHI3W8rhR2tdHUI9SVAbQNYFoTpmJ_my87nskQoN2OkM__Q_AVMXf4PGpH13XLdiSfXXT66XnKqEx03Bl2zUH8wH2-v-cZ8LBM17ToQd9PC_W5eqGPp6PNsKXmvU-lUbvtFxs82unDP2_5he4NWmdnkwu8kBT1Qrt7NSm79KW0JSCaUdi_yAzvKYMLM_-VKS3HAeWLN-qQdbidFphYBQBEtcoZ0FZ6GwXmygWuFg=w718-h480-no\" width=\"193\" height=\"128\" \/><\/a><\/td>\n<td style=\"background: transparent url('http:\/\/picasaweb.google.com.tr\/s\/c\/transparent_album_background.gif') no-repeat scroll left center; height: 200px;\" align=\"center\"><a href=\"https:\/\/photos.app.goo.gl\/2f94fceeB5p13H1P8\"><img loading=\"lazy\" decoding=\"async\" class=\"\" src=\"https:\/\/lh3.googleusercontent.com\/efAgN5VJPrEwDoqcRpuEJgSlIyCFUjoyyupJ_gDPQzrdtfCAfeHbk6t5tEyeKFBX10u7ftuLiQPjBqXWcr0q4H52src2CKazRIAIbvLZ-JFTMFi3MuvwV9fbAKYfU_Qto2ylklCVJQwQ_uOAkaXF-VeEJOLyrz9R0UH_FDizekJ-bY-5iHWuRrKfDrnqHh6Hg-ckcPA88XkB0EL1COcLV5YTK5QWj1FwC66uL_CrYaP9fhQaF9BRxtehhYv9SBgIlZfgTHPDJ1hni89YryyPjkKML5NXhCOwg8KxmQoG-7F3RY77VYGa3ckGADMidBroelxXYNN3zINL3cejCwY2b9SpOTPUPIaLc_Jn7vyVShLgGYcs526PcBFZO-Wy4zYIczDQj7yc776ruZX3LpQuNBJVDjH6P8gZiVd07EmRBQtWrEsfhQXUauCS52xw8F7vnEW9nGcW8py4N6RqrHD6U1vt3LIdHd0G1M2q7yhIAdBNwDlopEYIjYM0Aj05DExDflmTKk86dkJftDRw2Q7t5aOHn_RKBnjpSJd8a7zUqlffnLs27vM-13q9RyX8IQcOJf6RlN8FaWv4M96tHfuLfLa3rXPFbLHEuBixGgA5VgeCPDci-aJCWuKj2TUrjzU=w1408-h898-no\" width=\"199\" height=\"127\" \/><\/a><\/td>\n<td style=\"background: transparent url('http:\/\/picasaweb.google.com.tr\/s\/c\/transparent_album_background.gif') no-repeat scroll left center; height: 200px;\" align=\"center\"><a href=\"https:\/\/photos.app.goo.gl\/yLMS6hWyLRfG3Ctb6\"><img loading=\"lazy\" decoding=\"async\" class=\"\" src=\"https:\/\/lh3.googleusercontent.com\/YgkEVbyNrLTmLrTnSSVje1yxwCvNwr71SU5pVHLugu0YglCL4iBmIMPX3sUH9kNchTYtz_5iS7w6e0PN91-nmbZfHJNKBokF2EdeiEvgH5ZOi8iHI_JO2uEEOOQXRZwS-JbTxv8ssXAzkCmjoJ3PviCnYNBURZOivY42yd5OHFxsuluhhZ1CEbLSC8JoBRbn-LX71lTMOY7fwkFU6kLsxK6rO92k7w5pwWnlwRx0CYjnV2Spi0ynQQ4P3CL_091KvKat6cZGudMJsU-fBOPo6iLQvt3aZebdG9Ex2QFhNztzFSkVu9N099iKuiX2nQyI4zjKnp0WDtkgQlKHzF2Zr5Tib4uBUzxOTIRVpE5gLvDKuU7Ihhq2tPqbPOFIyvu0CMQDzM0r2hIs_Q5ZA6mXW83at9FyJEvITPvAU5287AFn7AJ-gqpnF3K4REKX34PM2JXdnishQyzBYgMBFd6R3oXbnzpoA9PpXFA8iBqEN_feRc82Y1GhwjgMWjmNWXQ126WDdAaaGTk5pUlBzzo6oqDp3DtA3UDPQTOc-CPvXwYk-R6qTpFbb6r_aoU870lgEvPxvHJiwLp9K7t1w5tB8eXv7geUVUcd-d-nndWoPgBav9DR7SkgAzsIchUOCFw=w1651-h1101-no\" width=\"188\" height=\"125\" \/><\/a><\/td>\n<td style=\"background: transparent url('http:\/\/picasaweb.google.com.tr\/s\/c\/transparent_album_background.gif') no-repeat scroll left center; height: 200px;\" align=\"center\"><\/td>\n<\/tr>\n<tr>\n<td style=\"text-align: center; font-family: arial,sans-serif; font-size: 11px;\">20 Temmuz Ada Konseri &#8211; I<\/td>\n<td style=\"text-align: center; font-family: arial,sans-serif; font-size: 11px;\">27 Temmuz Kovada<\/td>\n<td style=\"text-align: center; font-family: arial,sans-serif; font-size: 11px;\">30 Temmuz Ada Konseri &#8211; II<\/td>\n<td style=\"text-align: center; font-family: arial,sans-serif; font-size: 11px;\">12 A\u011fustos Sorkuncak<\/td>\n<td style=\"text-align: center; font-family: arial,sans-serif; font-size: 11px;\"><\/td>\n<\/tr>\n<tr>\n<td style=\"background: transparent url('http:\/\/picasaweb.google.com.tr\/s\/c\/transparent_album_background.gif') no-repeat scroll left center; height: 200px;\" align=\"center\"><a href=\"https:\/\/photos.app.goo.gl\/PRrV5KwUWuvVWXwR9\"><img loading=\"lazy\" decoding=\"async\" class=\"\" src=\"https:\/\/lh3.googleusercontent.com\/WPc03bawz9ZsOogktFH7YwIA7jwrCN16nvE8t2N2Tjdv1mfqGkkrozEFYvPk-NpUR8p8NI6HY3NfuJ38AQYJwZCnTtgnMB5Ep5ub7TsAHlPWQW20J_jP34XyG4Mg3DHhYTeQ8dgWXcyNOl7JGD7JrgeTIglHTxX_mQi6eBz1A6p5lsyDnLKktsbPC6oqUbHA8jUnAeMK-iTBHOyP-W82_lVV44wKVmJEJoLy9u2JhSGQShblHf0WG2bMVgOUiSTQfEHfFNu_BA1Dqq7nK5iCYUBQpoGIny_Wjl5Y4799C-9nx4sR9__uRAub02FXd89iSQt1gigBZ7cwEr052V0hZ5xABrShqivKNsoTPGgzTTuEok1IA7WWFHaBGyCX-ZRd5ZP9r9nAS3iVMNXrJUyWoLv_RAKorfsUukJi5-qC0Jf6aK4EvpvJHgC9zXGMtsHWF8dl_yScHitlPBsyTPzG4Jlv4k-M9jb1whigKOxxgfPjHFQH8BeoHF7PqVxjcn23KQeWXFMvh_60ftXev3D6buAfd5SR6IFNtT0D3likoWlr_M7wAYR9yboz-_KlrRaV43c5l_UQzlfWrKI1M38-MkLvsxHgC_Zd_VJsBL9x0Oxb-qnaWHT7ioAJ1Ai-EnAXUz_9eajlr_YXSwDG4kYOMAnT1raKYmm455d-ZLO9swoGFZvct3598luzRYCiffPdKeR2fXZl_v0PWiItnw=w1823-h1216-no\" width=\"185\" height=\"123\" \/><\/a><\/td>\n<td style=\"background: transparent url('http:\/\/picasaweb.google.com.tr\/s\/c\/transparent_album_background.gif') no-repeat scroll left center; height: 200px;\" align=\"center\"><a href=\"https:\/\/photos.app.goo.gl\/oNQ7deSdbPRCxLYX8\"><img loading=\"lazy\" decoding=\"async\" class=\"\" src=\"https:\/\/lh3.googleusercontent.com\/oWtqSok3viz460Tv53TJxcgebpaP5tZ_VhzH3RopLIJISmHx2uJdOTYXFrUOs9rXR09BRGzrrD4KdLm8pjdcREL8POx5S6ZA7-ys7PNCg_T1kh0R0Asl_nzGMvG3sZWsIIm9JVF2EjEw-LeXnqDcE43mRaWX1z744P8ad95eZareVCdLrADTK3t2lzvkCOpG6xQwzcM3SPZuY1y7UU0vTrer9eLiFC4mXZYH1TTarBY1t4zwV6MBmocYbpxLLyTKY8aZCY4U9MfJibmquhBj3PC_tR9ySxsvTNL7pTbE-xofyeZLFt77J_U5uJosf-cpel9pNobSmQagWBNfrykH4XhNgxozKt_-NtZElTpiA01Ga_zJr7iwGn3kVMutf8fjm1BtxGW7cBW6oMD0tNTgftjqRVVk8hkQApAQFBCi7Eq6QnQmpMcufSjWldh3DHpXJu0OemywDf6_LA2O5gmJ_AOmurFlTx6IpJsEZOQRe_SqscGYRG4sKPFI5_0PSZDa08FVrYxRdowZtqyi2FTP2rZcDrZCFi_FNMVuxwRN-dWwaTMfknbjyLKGp4kunzVtfjn2yCK9oSUxSYdutoaKr4oDMx2S7Plvah_LHAhy-SivDKNQlnMCwHTgSQidZhFLwqJu-KO5r3LaKT1OWzHze_We8BTtfNvn4nlOR1nqKHn1NbpoJ69hXRXo8g76Ffc85zLh30PnjozRGIy4dRIV7jGa=w1379-h920-no\" width=\"172\" height=\"115\" \/><\/a><\/td>\n<td style=\"background: transparent url('http:\/\/picasaweb.google.com.tr\/s\/c\/transparent_album_background.gif') no-repeat scroll left center; height: 200px;\" align=\"center\"><a href=\"https:\/\/photos.app.goo.gl\/rit5fZxDt9EXXvQE9\"><img loading=\"lazy\" decoding=\"async\" class=\"\" src=\"https:\/\/lh3.googleusercontent.com\/n3ifmYm9TU52VR7NXnRtpX5SFOV6YLrlkhYRMD6XGZr_8JztHZy8i_X3Uzii9mv0g47CxEMiLD5buIpJiywX7bo5ohRd1GRePeaPI_u8QA7218SdSP5Q3lZPIZy4O41gvmTN0A63jyrGmY1-o6ew9lppOAwbemG45lhz1Qs9AqWaduGqfkRDsMOp8cl_axV1FfQOkxeKaVBITqXlfE2p0XQMfXOu_rSajfCmI0_1P0qWL6YfkwnHEeacjAOr2NxJ_E88WOWp1mer7EQbelkrrkAZ4qqn-qsc2OniMJaEtOuumVYjsiHPe4Mn-_wjeqWxJno-CsIMgFs2I9gOevdX6NTqG70UnzGLZDuAOEGKAgGJlmdU8xEfj-H7SDr-Qf-Xbp5pCNXhMqxY6Mb424sY6EoVD5kVDC3XLIoD-KDA-dabrQ5VCwSbGitBY805yoFn_QF53elTyZh1rRgt9-Y1yxvojdjZk-k4YLclacnTOi3YcO3_4b8yGm4voUCbcWNY-9O9MMgmtojGQiGJedGa2kWTTzl3UC4rPx6VKIHMU7o5M5eNLht9DDAsbnakNOwClehVli97334rnqTB5YqZrKhyWSyWJx_680IldpqsqB8m9-bDt7IYey7V4dEnm75YvwE1wdkKQHw_MYnDGM7G5DEqoNMp7nORNa77i9ssbo0mLkGwEr2c0N3g0jDKUEXUxx6KARYApQHPftQI-HIWsxGx=w1379-h920-no\" width=\"174\" height=\"116\" \/><\/a><\/td>\n<td style=\"background: transparent url('http:\/\/picasaweb.google.com.tr\/s\/c\/transparent_album_background.gif') no-repeat scroll left center; height: 200px;\" align=\"center\"><a href=\"https:\/\/photos.app.goo.gl\/mydSExdbGJQTEA2NA\"><img loading=\"lazy\" decoding=\"async\" class=\"\" src=\"https:\/\/lh3.googleusercontent.com\/iNxcMHXxiKFv7Ci6B0q2PG7utDJh3H11AWR0OU3Lu6y96pxJSpeihFrDSOp0Wd4Y35IfgyJSIS4uGkL_vhKMXg1HsT2sVR2ST0-mMDgnn_BAXyzELTG61NUItUz4ONJ5rWZNiltZ6vyKs3y7gQdohEub-iWg_8NiUDsO2cfXLXExC5e-QQvRXNU2Y0hiSHFXXGqMkEXLDnbNylGgEA8NUMkKazGNQniPVzkTwYFikiFExvMktyMvOoStPr5aBy0j6iYwY0R_zVxtRI-KSYl7AesJSw0KqgCPgmHe9L8_GAi9xzAbgoo3oywaGth6tloKbQPbJaX_bg40xb7yo9OYNmArUASSe9h8fJyewu9blJx4S_OWyX9IVO1aqudME67hMtgyOzABXbHFPv8vwlQTOipTvdqIF0rlX0ppnLM9tirEc-hLzHC8sKY09pbAQf97_a9yyfjRLI61Wy4cslHJ1KnRpkRuWtP8n5b8Uhte1cxkuqapRBNemZT5Mw2xVacSGFd7fsDhvSPRa8phbnwmP9nSzuGr1b5mRXyF2blvHrniE2tsCX7C15tFkO-LFUCLCjrBw3skEz6FnFwTX0IiKCH0cCw6orjz2L88DqdRprLDos-LKEvJIRtsM_bZdPrGLwCecsSk9CHD__QqaxRFd8QeHBY-RxwVQC-gtTJZi7sWZf-uKBRtXGf4YCJmnEA48IGnXpu6DgXEW3w8AQ=w640-h360-k-no\" width=\"185\" height=\"104\" \/><\/a><\/td>\n<td style=\"background: transparent url('http:\/\/picasaweb.google.com.tr\/s\/c\/transparent_album_background.gif') no-repeat scroll left center; height: 200px;\" align=\"center\"><\/td>\n<\/tr>\n<tr>\n<td style=\"text-align: center; font-family: arial,sans-serif; font-size: 11px;\">9 Aral\u0131k Basket ma\u00e7\u0131<\/td>\n<td style=\"text-align: center; font-family: arial,sans-serif; font-size: 11px;\">9 Aral\u0131k Basket ma\u00e7\u0131 Video-I<\/td>\n<td style=\"text-align: center; font-family: arial,sans-serif; font-size: 11px;\">9 Aral\u0131k Basket ma\u00e7\u0131 Video-II<\/td>\n<td style=\"text-align: center; font-family: arial,sans-serif; font-size: 11px;\">9 Aral\u0131k Basket ma\u00e7\u0131 Video-III<\/td>\n<td style=\"text-align: center; font-family: arial,sans-serif; font-size: 11px;\"><\/td>\n<\/tr>\n<tr>\n<td style=\"background: transparent url('http:\/\/picasaweb.google.com.tr\/s\/c\/transparent_album_background.gif') no-repeat scroll left center; height: 200px;\" align=\"center\"><a href=\"https:\/\/photos.app.goo.gl\/vJkEhyaHPmQJ4M28A\"><img loading=\"lazy\" decoding=\"async\" class=\"\" src=\"https:\/\/lh3.googleusercontent.com\/WPc03bawz9ZsOogktFH7YwIA7jwrCN16nvE8t2N2Tjdv1mfqGkkrozEFYvPk-NpUR8p8NI6HY3NfuJ38AQYJwZCnTtgnMB5Ep5ub7TsAHlPWQW20J_jP34XyG4Mg3DHhYTeQ8dgWXcyNOl7JGD7JrgeTIglHTxX_mQi6eBz1A6p5lsyDnLKktsbPC6oqUbHA8jUnAeMK-iTBHOyP-W82_lVV44wKVmJEJoLy9u2JhSGQShblHf0WG2bMVgOUiSTQfEHfFNu_BA1Dqq7nK5iCYUBQpoGIny_Wjl5Y4799C-9nx4sR9__uRAub02FXd89iSQt1gigBZ7cwEr052V0hZ5xABrShqivKNsoTPGgzTTuEok1IA7WWFHaBGyCX-ZRd5ZP9r9nAS3iVMNXrJUyWoLv_RAKorfsUukJi5-qC0Jf6aK4EvpvJHgC9zXGMtsHWF8dl_yScHitlPBsyTPzG4Jlv4k-M9jb1whigKOxxgfPjHFQH8BeoHF7PqVxjcn23KQeWXFMvh_60ftXev3D6buAfd5SR6IFNtT0D3likoWlr_M7wAYR9yboz-_KlrRaV43c5l_UQzlfWrKI1M38-MkLvsxHgC_Zd_VJsBL9x0Oxb-qnaWHT7ioAJ1Ai-EnAXUz_9eajlr_YXSwDG4kYOMAnT1raKYmm455d-ZLO9swoGFZvct3598luzRYCiffPdKeR2fXZl_v0PWiItnw=w1823-h1216-no\" width=\"185\" height=\"123\" \/><\/a><\/td>\n<td style=\"background: transparent url('http:\/\/picasaweb.google.com.tr\/s\/c\/transparent_album_background.gif') no-repeat scroll left center; height: 200px;\" align=\"center\"><\/td>\n<td style=\"background: transparent url('http:\/\/picasaweb.google.com.tr\/s\/c\/transparent_album_background.gif') no-repeat scroll left center; height: 200px;\" align=\"center\"><\/td>\n<td style=\"background: transparent url('http:\/\/picasaweb.google.com.tr\/s\/c\/transparent_album_background.gif') no-repeat scroll left center; height: 200px;\" align=\"center\"><\/td>\n<td style=\"background: transparent url('http:\/\/picasaweb.google.com.tr\/s\/c\/transparent_album_background.gif') no-repeat scroll left center; height: 200px;\" align=\"center\"><\/td>\n<\/tr>\n<tr>\n<td style=\"text-align: center; font-family: arial,sans-serif; font-size: 11px;\">9 Aral\u0131k Basket ma\u00e7\u0131 Video-IV<\/td>\n<td style=\"text-align: center; font-family: arial,sans-serif; font-size: 11px;\"><\/td>\n<td style=\"text-align: center; font-family: arial,sans-serif; font-size: 11px;\"><\/td>\n<td style=\"text-align: center; font-family: arial,sans-serif; font-size: 11px;\"><\/td>\n<td style=\"text-align: center; font-family: arial,sans-serif; font-size: 11px;\"><\/td>\n<\/tr>\n<\/tbody>\n<\/table>\n","protected":false},"excerpt":{"rendered":"<p>&nbsp; \u200b &nbsp; &nbsp; 23 \u015eubat 2018 Do\u011fum G\u00fcn\u00fc 10 Nisan 2018 Ma\u00e7 27 May\u0131s 2018 Mini Konser 11 Haziran 2018 Mezuniyet 20 Temmuz Ada Konseri &#8211; I 27 Temmuz Kovada 30 Temmuz Ada Konseri &#8211; II 12 A\u011fustos Sorkuncak 9 Aral\u0131k Basket ma\u00e7\u0131 9 Aral\u0131k Basket ma\u00e7\u0131 Video-I 9 Aral\u0131k Basket ma\u00e7\u0131 Video-II 9 &hellip; <\/p>\n<p class=\"link-more\"><a href=\"https:\/\/xn--adal-oza.net\/?page_id=5203&#038;lang=en\" class=\"more-link\">Okumaya devam et<span class=\"screen-reader-text\"> &#8220;Eren 2018&#8221;<\/span><\/a><\/p>\n","protected":false},"author":1,"featured_media":6857,"parent":0,"menu_order":0,"comment_status":"closed","ping_status":"closed","template":"","meta":{"footnotes":""},"class_list":["post-5203","page","type-page","status-publish","has-post-thumbnail","hentry"],"_links":{"self":[{"href":"https:\/\/xn--adal-oza.net\/index.php?rest_route=\/wp\/v2\/pages\/5203","targetHints":{"allow":["GET"]}}],"collection":[{"href":"https:\/\/xn--adal-oza.net\/index.php?rest_route=\/wp\/v2\/pages"}],"about":[{"href":"https:\/\/xn--adal-oza.net\/index.php?rest_route=\/wp\/v2\/types\/page"}],"author":[{"embeddable":true,"href":"https:\/\/xn--adal-oza.net\/index.php?rest_route=\/wp\/v2\/users\/1"}],"replies":[{"embeddable":true,"href":"https:\/\/xn--adal-oza.net\/index.php?rest_route=%2Fwp%2Fv2%2Fcomments&post=5203"}],"version-history":[{"count":19,"href":"https:\/\/xn--adal-oza.net\/index.php?rest_route=\/wp\/v2\/pages\/5203\/revisions"}],"predecessor-version":[{"id":7719,"href":"https:\/\/xn--adal-oza.net\/index.php?rest_route=\/wp\/v2\/pages\/5203\/revisions\/7719"}],"wp:featuredmedia":[{"embeddable":true,"href":"https:\/\/xn--adal-oza.net\/index.php?rest_route=\/wp\/v2\/media\/6857"}],"wp:attachment":[{"href":"https:\/\/xn--adal-oza.net\/index.php?rest_route=%2Fwp%2Fv2%2Fmedia&parent=5203"}],"curies":[{"name":"wp","href":"https:\/\/api.w.org\/{rel}","templated":true}]}}