{"id":5214,"date":"2018-05-26T09:51:07","date_gmt":"2018-05-26T07:51:07","guid":{"rendered":"https:\/\/xn--adal-oza.net\/?page_id=5214"},"modified":"2019-05-10T17:49:25","modified_gmt":"2019-05-10T15:49:25","slug":"eren-bartu-2011","status":"publish","type":"page","link":"https:\/\/xn--adal-oza.net\/?page_id=5214&lang=en","title":{"rendered":"Eren + Bartu 2011"},"content":{"rendered":"<table style=\"text-align: center;\" border=\"0\" width=\"100%\" cellspacing=\"0\" cellpadding=\"0\">\n<colgroup>\n<col width=\"%20\" \/>\n<col width=\"%20\" \/>\n<col width=\"%20\" \/>\n<col width=\"%20\" \/>\n<col width=\"%20\" \/><\/colgroup>\n<tbody>\n<tr>\n<td style=\"background: transparent url('http:\/\/picasaweb.google.com.tr\/s\/c\/transparent_album_background.gif') no-repeat scroll left center; height: 200px;\" align=\"center\"><a href=\"https:\/\/goo.gl\/photos\/YHWgArbZpmhhRmaC8\"><img loading=\"lazy\" decoding=\"async\" class=\"aligncenter\" src=\"https:\/\/lh3.googleusercontent.com\/p_rJ8cUZC_xZoo7IU1G_R-2LT7K7F0VpNT4hGDgMmdz1g90AoIZdQazsAUTYi7bK0rrG6ozx0s7LqcQmD3_vx6dMsAofVfNOFMPKgc1LZ9E7xirY5ELwDf1RypJuX-5ylADjWv5-1X6PnEZUufbK-ODgTON_K2XFF-em-mwtBSiCNfArjUsCVEjs79b_l5PsqxTARaIxSE3nX6YVALVZyBofgy9HGhF_w9cM9fF9bqkxjvs6woVjbAy01nwgE9jSYYXQqR5HR-i3IhOurCwbLLreQR7CxQRlHDmX2WvEutmGGkWWhqdtBH7l8QmuqqwsiysK_pgWP3nRKvKy29F_PTrTv9pMuUWYGBqHY5EESBhlffYICYqEVE-ywKQ5OAhie9jawPKO6XiujyvNt71DnvOruaN0asz5w5DxxsDB5Yi8SxGUF44b2nO_uNnxM1wT6092f7stap5mGtKp3oB32cxFY5nGbmunLgpYywF7VhMv0WNynNER4GiUGNdIlwpZOyKgG27ZJgkOvDgiwi1cDeR13pi6XrJLNKavYMI6wW8=w1015-h761-no\" alt=\"\" width=\"180\" height=\"120\" \/><\/a><\/td>\n<td style=\"background: transparent url('http:\/\/picasaweb.google.com.tr\/s\/c\/transparent_album_background.gif') no-repeat scroll left center; height: 200px;\" align=\"center\"><a href=\"https:\/\/photos.app.goo.gl\/SJzVD6ecXKC1329XA\"><img loading=\"lazy\" decoding=\"async\" class=\"aligncenter\" src=\"https:\/\/lh6.googleusercontent.com\/9LBuvp_fboW17nxnCgxv4Gb5wtVmPgD7mAjA81UbzhI=w338-h224-p-no\" alt=\"Foto\u011fraf\" width=\"180\" height=\"120\" \/><\/a><\/td>\n<td style=\"background: transparent url('http:\/\/picasaweb.google.com.tr\/s\/c\/transparent_album_background.gif') no-repeat scroll left center; height: 200px;\" align=\"center\"><a href=\"https:\/\/goo.gl\/photos\/z4EQbPsBwKTdTPR96\"><img loading=\"lazy\" decoding=\"async\" class=\"aligncenter\" src=\"https:\/\/lh3.googleusercontent.com\/klkNIVWoVNdEbP7wrlLdQUUGcN4H00KaiELACGoEtXW6IcXTuT6w6HCWBSSc9MGzynT0jLQPqTfEN6y3etEjJnE855pttKGxNz7FrF_zNz5gUnD6CahD9gySypuhT4z1HiM3Tw19IgsXrRYK7UHlkRZVjaEEcBD8_qIrHWr1nbKbQlxqLsVY_CuB7-pVvCJyZq-oxQobBOAw5A3O0CZ3cLCaclKn3-7Gej-JI3q5cPE2qY2cahKZKmVxNaiEgnm6UBl1ImLuYRgQnjq-6nAdO4NYkqD5_Xl8ky1G6T9CWvU_yNAL0JnF_I-h9j_fkeXkTMfB6BtcvFu5y5md7AyaEnFcWnI9nXDtMsGjFbk_rzDvNoZAqSrDNwI6Ye6UoJFWH3hZi2zpquTImasGD4dA1vn5QaUtNyyie75z5X_DY0Da86WD6ocjjqUODwwEcYN6fNoIZ8rhMOw5sJKw_y1_nC1Kn73Ye62ebR2l7Im9pQEDuTZ1qw9LxhMfMbiUgqcIgHJ28dHPuoJw_yP5Qs2UZDrUqv0bXJT7kROwFzrEo5s=w1144-h761-no\" alt=\"\" width=\"180\" height=\"120\" \/><\/a><\/td>\n<td style=\"background: transparent url('http:\/\/picasaweb.google.com.tr\/s\/c\/transparent_album_background.gif') no-repeat scroll left center; height: 200px;\" align=\"center\"><a href=\"https:\/\/goo.gl\/photos\/3dTG89UNZfxfNb1x7\"><img loading=\"lazy\" decoding=\"async\" class=\"aligncenter\" src=\"https:\/\/lh3.googleusercontent.com\/PXDkUQIfZnC7vZ4cQVcwy__V-BNegJ4_IlOkOsTVFqCbM0ylaK-dAchM7st3t_sKXKM8j-jrBJshfR7q2wN5Bkh1sN-HFfMdzSazR93AH9JVPaTKCDkeePSjkVKZ27eJu4jsd6J5EsZUOoIP94CKg5wqs0TzyQcJ_roZjvRv2bEomQS0xh1vizNcquoALf5HNR7VOzyUCOEAnMh5buSvlhcWflwTNYkkXgqY1JejnEWbaFUJCSusOeO0xpLM0OrAfnk-kT2SI5vnS6ZTKAXQLoO8mfA8dvCkdiHkeZbDEmabp3QU-UIDormNdN_xD8gF_0gnYaf1SncHGxxGpFZdrPkdKLRdfPdhyPetRMRVLGkZF3Xzqwzm0cAbD4ySdEE-UeAy27WyXMZ85PbDPVg6z8V2tMdkzlXqCwuqMuJWHkpr00QgqJgB5JmDFKBt_TqLjV8SrWZ8tyX-0wS1KnqbnTdOZZe-01MAP4tnBR2_fHFTZ1dOWKTkkYzH8eVkpr4oHJfb0sffYkSIdZr4jS6TUj-2a2oPmaoxpalwj_uDEBM=w1144-h761-no\" alt=\"\" width=\"180\" height=\"120\" \/><\/a><\/td>\n<td style=\"background: transparent url('http:\/\/picasaweb.google.com.tr\/s\/c\/transparent_album_background.gif') no-repeat scroll left center; height: 200px;\" align=\"center\"><\/td>\n<\/tr>\n<tr>\n<td style=\"text-align: center; font-family: arial,sans-serif; font-size: 11px;\">29 Temmuz 2011<\/td>\n<td style=\"text-align: center; font-family: arial,sans-serif; font-size: 11px;\">10 Aral\u0131k 2011<\/td>\n<td style=\"text-align: center; font-family: arial,sans-serif; font-size: 11px;\">26 \u015eubat 2011<\/td>\n<td style=\"text-align: center; font-family: arial,sans-serif; font-size: 11px;\">4 \u015eubat 2011<\/td>\n<td style=\"text-align: center; font-family: arial,sans-serif; font-size: 11px;\"><\/td>\n<\/tr>\n<\/tbody>\n<\/table>\n","protected":false},"excerpt":{"rendered":"<p>29 Temmuz 2011 10 Aral\u0131k 2011 26 \u015eubat 2011 4 \u015eubat 2011<\/p>\n","protected":false},"author":1,"featured_media":6935,"parent":5139,"menu_order":0,"comment_status":"open","ping_status":"open","template":"","meta":{"footnotes":""},"class_list":["post-5214","page","type-page","status-publish","has-post-thumbnail","hentry"],"_links":{"self":[{"href":"https:\/\/xn--adal-oza.net\/index.php?rest_route=\/wp\/v2\/pages\/5214","targetHints":{"allow":["GET"]}}],"collection":[{"href":"https:\/\/xn--adal-oza.net\/index.php?rest_route=\/wp\/v2\/pages"}],"about":[{"href":"https:\/\/xn--adal-oza.net\/index.php?rest_route=\/wp\/v2\/types\/page"}],"author":[{"embeddable":true,"href":"https:\/\/xn--adal-oza.net\/index.php?rest_route=\/wp\/v2\/users\/1"}],"replies":[{"embeddable":true,"href":"https:\/\/xn--adal-oza.net\/index.php?rest_route=%2Fwp%2Fv2%2Fcomments&post=5214"}],"version-history":[{"count":4,"href":"https:\/\/xn--adal-oza.net\/index.php?rest_route=\/wp\/v2\/pages\/5214\/revisions"}],"predecessor-version":[{"id":7679,"href":"https:\/\/xn--adal-oza.net\/index.php?rest_route=\/wp\/v2\/pages\/5214\/revisions\/7679"}],"up":[{"embeddable":true,"href":"https:\/\/xn--adal-oza.net\/index.php?rest_route=\/wp\/v2\/pages\/5139"}],"wp:featuredmedia":[{"embeddable":true,"href":"https:\/\/xn--adal-oza.net\/index.php?rest_route=\/wp\/v2\/media\/6935"}],"wp:attachment":[{"href":"https:\/\/xn--adal-oza.net\/index.php?rest_route=%2Fwp%2Fv2%2Fmedia&parent=5214"}],"curies":[{"name":"wp","href":"https:\/\/api.w.org\/{rel}","templated":true}]}}