{"id":5659,"date":"2018-06-12T17:34:26","date_gmt":"2018-06-12T15:34:26","guid":{"rendered":"https:\/\/xn--adal-oza.net\/?page_id=5659"},"modified":"2018-06-13T02:52:46","modified_gmt":"2018-06-13T00:52:46","slug":"malezya","status":"publish","type":"page","link":"https:\/\/xn--adal-oza.net\/?page_id=5659","title":{"rendered":"Malezya"},"content":{"rendered":"<table style=\"height: 160px;\" width=\"160\">\n<tbody>\n<tr>\n<td valign=\"top\">\n<table style=\"width: 220px;\">\n<tbody>\n<tr>\n<td style=\"background: transparent url('http:\/\/picasaweb.google.com.tr\/s\/c\/transparent_album_background.gif') no-repeat scroll left center; height: 200px;\" align=\"center\"><a href=\"https:\/\/photos.app.goo.gl\/Fc5p9tzZerMfSySH9\"><img decoding=\"async\" src=\"https:\/\/lh3.googleusercontent.com\/1yvJMw1TCEz9gkMnShdAMSeDg0KJlDv7iFJaoLggbOUArTwm5MCw0x-St_GsZohFWhTKIOs1-SYDnlqjwMFWS2kCl6L93Is_w6IzG4mm08AiRJ0lrUlejq7puoQrU8MKQNNfOdacsIc8KvZjOkl43BsAdcEi7uxvo0fA5KyPkILo26gZZV83UZjjP0difTBL31qEvX09XjMIeuzs25w8cSuhfCOux9fPuyo2fOofMTrQX0orB2nGXee5W5q9SrYcIrF40k_Dw_R8iOa2W7deJXI_ZOpIBZowyp6qKNUUd8dqQPrGtFJG03ceGqOrUwuxqulr9H752-Xu4ZiOFkbYXkqkULnodsJUtbgdg19HMsl0Ba35qeHyr4G5IJdVMqTWUxUnzsCFOfOaWHZ8esDDbSL9AWzxDZTT7Y6Z-OMWTwPUoue-Y_SXpVv8GeIjYCk1fUSKjL64yNv5G4yLkHR4Dh13n0iwlJ6oLx7KrrwBQnCXt0oCdti66ISgkgCkB5Gh7ARryj0eUlN-jRttvvPVhTo1ufczW682-wO8838prXMzpZ7P58RzU4F0Au_b-LB1BflUY5hK1nXJNSixHw5Peh4UEdu-OnPXmZYs4N0-=w1559-h1037-no\" \/><\/a><\/td>\n<\/tr>\n<tr>\n<td style=\"text-align: center; font-family: arial,sans-serif; font-size: 11px;\">Kuching<\/td>\n<\/tr>\n<\/tbody>\n<\/table>\n<\/td>\n<td valign=\"top\">\n<table style=\"width: 220px;\">\n<tbody>\n<tr>\n<td style=\"background: transparent url('http:\/\/picasaweb.google.com.tr\/s\/c\/transparent_album_background.gif') no-repeat scroll left center; height: 200px;\" align=\"center\"><a href=\"https:\/\/photos.app.goo.gl\/qGewBdsAKtKKFZHB8\"><img decoding=\"async\" src=\"https:\/\/lh3.googleusercontent.com\/0AX2NE3wL8aH_t5hh9IxWeIoaJT14l2xnW0fjMBehAUyUE35e-uFFRkM41ANI87JW1vyXqxf5vePkDBnydq7hvGrI2-NE7sHJ0Y07cp2Lghe-GjBW42z68lx075TMMc5fKEqVAWItp_Lom5VRa58ozoumt5obGnHuBDAiPA7xj0JvdlwehJbRdWgNf_-59yPa1xOYKOPOq5RCS1bJf4vhoicP_RrwyzoTxxTK4_3VbtLeLWtz990SFUbPiKXCn3fYekWLRlLabGuNY0WaVKpXo7feBvFo9zSv5nSMp_7oRCm_HsmMWMMDdcxoL9-f9deFAM4jtMzBKbSQijYy5UoBfnRHnAODAvz-77g2lPMW2fTsbHPxTBydu2U4SQ7Znu5YfMBd5m4UOTJlG1huV4fdy4tLYuaIe0Qp5bcYrorHDyywGc4XxRY2opb-AOWXyh66KfRYXn9MqAncDgGdonlvheuIxWFJK99ukdyCEQoNYijelj2r1EB8CCMj7EYrqZ0mhgp086zcKAomzDHEFbW4dwf2enHwfgClmKLqmc-ORU8tW0UoixKcp4MSoT-Tv-te7cOK_m9IGkL8o_mOT_2JlbbGU56SMDYGsRpPU7O=w1559-h1037-no\" \/><\/a><\/td>\n<\/tr>\n<tr>\n<td style=\"text-align: center; font-family: arial,sans-serif; font-size: 11px;\">Kuching Botanik Park\u0131<\/td>\n<\/tr>\n<\/tbody>\n<\/table>\n<\/td>\n<td valign=\"top\">\n<table style=\"width: 220px;\">\n<tbody>\n<tr>\n<td style=\"background: transparent url('http:\/\/picasaweb.google.com.tr\/s\/c\/transparent_album_background.gif') no-repeat scroll left center; height: 200px;\" align=\"center\"><a href=\"https:\/\/photos.app.goo.gl\/sS2UVkWbrCdDmrMe9\"><img decoding=\"async\" src=\"https:\/\/lh3.googleusercontent.com\/fGwkg4GEZOqSRVizpWDY02tHTGKhh62vFBhl2lhzRoVCDcpmG5qsa3cdCzcoVr4VRKklMqTZwwvMZOGT5mftGt_97hwcB5exTf0-KIg9Obnsa8Jsqy5oekuTXCoL6U8t83fRLcNXZsYA1v9eme-sk6-5NaW9FWmk6-ROdG1Y0EAe65ioUcgrU91lK5jZmJl6-XLmuZvqU1vdSj5WMeQ2ZarfvabqMLv0iVipXzcqYXVf9ZbO3CDCVSudrHH2ftywY-zeFnSJwmfEwkXf422T73AW0B273lfIIQw39jaByZl-02FvmPw9dWqEu2VDraMpYRxI0kDkyPR2I2KAk0lrJB4mlyPCuA2_2x5pyRjECqsJWtL84uUgRGrgP4SVPvrSHrX9MZWZKcUd6exA_i_E4b7cY6cUsdWTNOhQL3qSdZvljM-K1cakrYFZO40UKU9UzaHPGHhsPpKhIoF45E35BKKrCY7RXEl0PQybT_8cl21ZSKwsAKb_obs8l2u1-dyXj1UaGjEH9Q86o6cnF0_Q_gwq1o_6njZdclGuRGFVhJNBoD9KZnx8FrP4Q0NrfUhjz0eQiQswRsAxQC3qr_BVOAJNzDZ6G3CrI6PV_hnd=w1559-h1037-no\" \/><\/a><\/td>\n<\/tr>\n<tr>\n<td style=\"text-align: center; font-family: arial,sans-serif; font-size: 11px;\">Mersing<\/td>\n<\/tr>\n<\/tbody>\n<\/table>\n<\/td>\n<td valign=\"top\">\n<table style=\"width: 220px;\">\n<tbody>\n<tr>\n<td style=\"background: transparent url('http:\/\/picasaweb.google.com.tr\/s\/c\/transparent_album_background.gif') no-repeat scroll left center; height: 200px;\" align=\"center\"><a href=\"https:\/\/photos.app.goo.gl\/GdyegtB55rDoX8Ry7\"><img decoding=\"async\" src=\"https:\/\/lh3.googleusercontent.com\/sQY3mv5hwJUwabyTsjXYi5NgX1sTLfjMpNYK1J-7fl6Dft5EKkuVr8Jvd2pRdjV1QuX7bPbt5WjgcHkik7tSjPKALcef7P7mdv3g8sUmv2-SHDk-S1o9c0J-BYUY4ITSOEyhCCjhkk5k9CZMApU-pyrwRCJ1WRTNZ-SUdNlONIFC6Joy0m3NaPxm3W8PN2apse4pDTQztgkv4KynUD7x95721XMaKV9yKhNFDzVisJqIl76vupIg3HPYTKcidmlUVyYcI_WHLaI2QIl5IYrRYy5GL_G1EbbBpFKNt0T1pAa32KlXXlN-MaJlNqQeavRq2tfTGBszDUnQb3OAg_To7ctFdxCw3Oyg_5hQaJvOHOMxzjWvMiYHg1awPci0jqzhRJm63uDOzN5GmvFsSXPKExG8XoeS36m1gS1RVnfyPvWDZK6Z866iih-58NgL15ZcoaUcBUapdNFQSq-L9AJolTHkyWk0miRm7D_RUmwtDx70do2CkeKGd8PhR2u0ysKmnumVLr5kaG4z3SHkv6RegTN21gON2tE8Gqb2p-GQ71nRtyt45lEc_JL6qba3wXXAXDupXho-yw0cg5h3bDNDR3W_r9ZKVz4udKD-sC2L=w1559-h1037-no\" \/><\/a><\/td>\n<\/tr>\n<tr>\n<td style=\"text-align: center; font-family: arial,sans-serif; font-size: 11px;\">Sarawak Cultural Village<\/td>\n<\/tr>\n<\/tbody>\n<\/table>\n<\/td>\n<\/tr>\n<tr>\n<td valign=\"top\">\n<table style=\"width: 220px;\">\n<tbody>\n<tr>\n<td style=\"background: transparent url('http:\/\/picasaweb.google.com.tr\/s\/c\/transparent_album_background.gif') no-repeat scroll left center; height: 200px;\" align=\"center\"><a href=\"https:\/\/photos.app.goo.gl\/FgCwCnAX7NtTDnbA7\"><img decoding=\"async\" src=\"https:\/\/lh3.googleusercontent.com\/HxVQUz724TsEhuZ60fn5Aa-mHZ7lZ_qyYMNaDGVSR4t3E7mEo1gBK5vK7OF4QQ2Kov-TZ6fjWAif_SoIg1jH64TgQsKCtHO8WFBqIkQmsi9v-kJmB6UBzemrOPpUbkuT5k3oqkt6C6VFoB5ty9cHSSwmTjFOPM70zuJlE9lNCcHEpOh36mJWbTHzs11Y0zdvsE8poyFKVeKNloRu-L1CNfJibQFkpYev88vPuk8CNcSCt3VfGnulIHTqsAFQjZGtmwp7YSHG-3-QZKtNdCy6z0DWrCQGPyNAAgfThF4_ofe9VoyBny93C47CykjYAFKJcIMu-29wSnSaXfj45gO8xbScRnXoVmtS1dHq_p8dtmbFbkdpbdX9xy7RqhMVPIL6VN7ScYO5L8Um8GsmSsi2Kfh3UmmE9EEvtds02hd9AovDypG_k0tl-jib2QdN1Ix0TiIbTif9BKwoGwpwYCptvElaND4NKzslQAE4UQtJEcl7jZWNbntB72JRjK_vIuUlleqedHAd6TymVSirSqc4PjVn9AOuqP7CiWIKJQGDpDavqQVm3uXUuioPjJpdNqxuxQ0pLdegUTlfVgDEAbev_nyDTBY8N5ZZXkppALwv=w1559-h1037-no\" \/><\/a><\/td>\n<\/tr>\n<tr>\n<td style=\"text-align: center; font-family: arial,sans-serif; font-size: 11px;\">Tioman<\/td>\n<\/tr>\n<\/tbody>\n<\/table>\n<\/td>\n<td valign=\"top\">\n<table style=\"width: 220px;\">\n<tbody>\n<tr>\n<td style=\"background: transparent url('http:\/\/picasaweb.google.com.tr\/s\/c\/transparent_album_background.gif') no-repeat scroll left center; height: 200px; text-align: center;\"><a href=\"https:\/\/photos.app.goo.gl\/FF1DBTXnxi41d92B7\"><img decoding=\"async\" src=\"https:\/\/lh3.googleusercontent.com\/-bzEJFwb_mnJRihQugFzJcLxvpfjhcr3a7nA0xKpULq3uF0xlRYsIxOkxc7CnvHdoLpRgc2WOHxC4J_h5GhUOKMIsh9T1f8NQfIn35xWz0CnxG_hDL2BJ-rn5EYtaDX0M2oee1MsTeiQ-SmwEBQCiNU4fept1tBmj7f97qzkwAHoWvFElxcfTUu1MNM5IdXW2lMowXuupHi4ntTGp_JSKWtvIu37z6zSUZqVG4Hwpt2OF7WnwNq4mmel8_5HsmZuamnKdzsObBN5HlMFyGlaLz3H_kM_qJzn53TrEWNjfVUtBKgMK0dzBrDAuiscQ1_g7YnIbLqmrGFaToPogstkaVexCHXL8AuMxlG7a5o1OJELKRI9P6eC7oICLnXotuHxmbYyKJ7ZpdJv9UVCFO2UEQtzWMMp7J8OVbm9S3qEldU7EUfdXJ3mm_5njMgjjGhTs4si28psB_msLEpClMfVsOPJtuBTPsN3wacc7KFHZRjotgU_9L6UhXXj0qGopFyOEJvWdDBjBwZ9nLZBc3rDY41oB8fKjV4k_rsMrBjz0Vebw-4QZQfFm5O3MmtoytbW34iYzAed6JTxcxB_1dVzFuwkbKJQk2hk91VB8y8T=w1559-h1037-no\" \/><\/a><\/p>\n<p style=\"text-align: center;\">\n<\/td>\n<\/tr>\n<tr>\n<td style=\"text-align: center; font-family: arial,sans-serif; font-size: 11px;\">Tioman \u00c7a\u011flayan<\/td>\n<\/tr>\n<\/tbody>\n<\/table>\n<\/td>\n<td valign=\"top\">\n<table style=\"width: 220px;\">\n<tbody>\n<tr>\n<td style=\"background: transparent url('http:\/\/picasaweb.google.com.tr\/s\/c\/transparent_album_background.gif') no-repeat scroll left center; height: 200px;\" align=\"center\"><a href=\"https:\/\/photos.app.goo.gl\/z2r2QRd1SNTQq4FQ9\"><img decoding=\"async\" src=\"https:\/\/lh3.googleusercontent.com\/kLFDkmg94Nbc9QfvQ_gfd8apimZji4dPycIJR7nI4kzZcy9CywPmJU3b6VIwTIqwDHp10D8wpjfkHgLdR7d02ygBxKOi7Bd-GlHxMhUini-01KCEi-Bu_UFmT5J94yQZ5ynOfLHQzg039K5zWMlzUlytSTvJkHaNLjgdiAPLKlOfOkCIYs1DoPS9RVMiytJKzmYRHZxsh-YtsX-GjAS-8lGGtncHuDveCy-d451e3MFwIbJqsVlxckNL6gJ9AYxJiHXcTMT3RdY1kZMgmGmUmD_KD5XUZfrpxUv_PDEcMKJX5-zFkY6UOV0SQ1MSKZtVpU4yEszVWdUffBnXQkVGvxCI4kvkCiKzeLQelOlo5HzITvwb7CxRxFk5hiwENpQQrxaccYw-PDu_gLIzOcWM1ovfvW5MtuKxylyGSy85eGokUCzFco1leUUE9aXUMjEnaJwDQ-LZ5TAsurvOEIcZi_KeEtQjUZ2TUMTTpBH3_lcK1tdldzVTKdO-yHhPRGsOVNXx_WF2Efs4JOjjtXVQuElYo40DWFVKNyq1b9rFlikIh1ApoqPJPl_t75qc9gqqwMJ2Yr0Xsx_4fGq4jqO-NfvLY-5bnPzG-3JBhEwk=w1559-h1037-no\" \/><\/a><\/td>\n<\/tr>\n<tr>\n<td style=\"text-align: center; font-family: arial,sans-serif; font-size: 11px;\">Tioman Juara<\/td>\n<\/tr>\n<\/tbody>\n<\/table>\n<\/td>\n<td valign=\"top\">\n<table style=\"width: 220px;\">\n<tbody>\n<tr>\n<td style=\"background: transparent url('http:\/\/picasaweb.google.com.tr\/s\/c\/transparent_album_background.gif') no-repeat scroll left center; height: 200px;\" align=\"center\"><a href=\"https:\/\/photos.app.goo.gl\/GeDvECf9qD2cbPmb6\"><img decoding=\"async\" src=\"https:\/\/lh3.googleusercontent.com\/FZJICURYKbKxOaA5VFTaobTYsPKblunFElXYYKinr_vx0nN0rFUbd9w-mmm37HWavReKY3dd7nTQoRqSaXoKRwDxTGXdkWNnB8Y7PIZqGACPvl3G_0GJwnG_9Sg4Is4BpCrj2CSBaH5HJojvnp-w6xh_4SV0_JA7cmDmx7XJY94GNllPA58HmPNOXFYhGiJ6zpMzMCGx-aG7kbzQYXRyfIFWuTQwB5AMeg6MxNM20A3g513JqYZ9b41z2OkL6j3j5U6UeSTdsjGqsxc3JP8zaFT9hg1s-nrrKjdS4321G3bJaGACNGTyVqPagZRwPtclSNvn_40Imv9R9ATdbW2rFqfdz-pBcDYE-h9aNVick84WXu6f4uTy7UsOe4IuVOwTrPW4iruhbaxIwBvXtzw-K6lY_fWgaeLY2QFToJYZIKvylKtZxqniUuQO6y4wsbLom7ofPwiNiFDEjQLtXoDwO0zn6c60DNgT_V8XBuxDyCK_XeeVCRILl9FQeWChT3fCkfYqFZRgHl0trbq_6HoZM20aacQP3OcLTmenVTcRtuzwYL4mBBXasBI16y9a2E6xaucLTJ0nujZvjF0UAalTsSHMm9kIFo64PimZOog5=w477-h318-no\" \/><\/a><\/td>\n<\/tr>\n<tr>\n<td style=\"text-align: center; font-family: arial,sans-serif; font-size: 11px;\">Tioman Maymun<\/td>\n<\/tr>\n<\/tbody>\n<\/table>\n<\/td>\n<\/tr>\n<tr>\n<td valign=\"top\">\n<table style=\"width: 220px;\">\n<tbody>\n<tr>\n<td style=\"background: transparent url('http:\/\/picasaweb.google.com.tr\/s\/c\/transparent_album_background.gif') no-repeat scroll left center; height: 200px;\" align=\"center\"><a href=\"https:\/\/photos.app.goo.gl\/wv8y3B49ntcoSiJ79\"><img decoding=\"async\" src=\"https:\/\/lh3.googleusercontent.com\/_nlbt33A7vTDx1g8yHvuC3wA9nc2fY2LJHLtWPwPQ7Faqafc2Iaszni5LYTjjMek4dmJPjOX4kIpMh_C2DHIzJnyH1ibKQJBzDnthUeVa2gcyCrKG30r0jaDwBGyWVCSIyClSdDzvNJhdeHXjx-tcTJ8s5QCZkIok9jZhJsbL4zYfaDfwFWgxH1fk-v2JoSKrdtlOIuUlt9X2Gc_FM6oTAs715Olvy-pyxTxKfe6sSL71h94Ff04PT1x4t_Kl0S7Ra0Ylh3TlBtdoOPk2w6kABcCx2AeGon-YN49I-1E9xDLpUfr_CM50bWnI8HRAKDHdHR1xq-TjmiHxXACEfrfsvGtGnkLHV-8XSKV-iu50hY0vP9U3qZSec2VBx75B6LdN53_F-CeUkghTV_Oym5CEbv3KbUyqO8S37dy7HzMHmDFTc_jG5eJTx6H6yFI0l-_YZqM6RyXPdqG1JzQ10WhcdYve-PS2gK5J1FNToAHMIV5p0-vDCCnraveN_y3c9M5-zTfrHt_ngrRKE7Tcr1r1Ea62I4vw_yokZk7NfvhyRaEsuQriq30UTC3DMe-zvW5PyB8ZPlWxycV8Q37qWIk2qiFiszO2abL1PFb7Jg4=w1559-h1037-no\" \/><\/a><\/td>\n<\/tr>\n<tr>\n<td style=\"text-align: center; font-family: arial,sans-serif; font-size: 11px;\">Tioman Tesis<\/td>\n<\/tr>\n<\/tbody>\n<\/table>\n<\/td>\n<td valign=\"top\">\n<table style=\"width: 220px;\">\n<tbody>\n<tr>\n<td style=\"background: transparent url('http:\/\/picasaweb.google.com.tr\/s\/c\/transparent_album_background.gif') no-repeat scroll left center; height: 200px;\" align=\"center\"><a href=\"https:\/\/photos.app.goo.gl\/7qwuUEyMVeVEUe6P9\"><img decoding=\"async\" src=\"https:\/\/lh3.googleusercontent.com\/6nWEK6gDD2aKrp2YswauZy8Bu2MfRLF2cCSYkgirWglRWHb4_D9GOVQK-vQXhO3uGudffAltbhg3SeTywhfB413c5f8vM_lUf9G-Lekgkw0x0r1rIHoUQ__594bOeOlwGjd8bmKqV6JkGLwycEgdEZwufBRxhU18DE61dHtIuNr1JonIXWZ9wh-noWF56YiNlRQI5B1MjrLMjhkU8QuSzmY73B8rwKOyM5OcHeQfRVNXLUFWnq7RmquSxZJrr9FFF23d_1ydxeNzzEQ0MBoXwdETwW07S8ij5AOLArOokbW1jvL7JQKKDeqANGT3NORGgGBb-qAZ9vkbVgpgrrRilJLtPgOhXO-f200MXMBMxgUa3hJWicQ1_X5puu3sTc34URAu9-NvUY9NMuycdzYhnNm3bHd8uPY89LVkbQUGwgkvabZ5CI47UF2n7xN34bSQR4Rx55RZkJP22xSuzRvsffU6AiY-C69nvEvRNMA6AzBo7RX7dWUEQ-J8VbldxZSrK8AOg9tAfvCuhw68FC4726bk3q7n53ClKG1dfU_kvrEyQ3S5YdFqtMTq63vtmlKGG1C-4d_xxbwozBe3yng4PiJcTWN0zp9Grcd7BqpM=w1559-h1037-no\" \/><\/a><\/td>\n<\/tr>\n<tr>\n<td style=\"text-align: center; font-family: arial,sans-serif; font-size: 11px;\">Tioman Marina<\/td>\n<\/tr>\n<\/tbody>\n<\/table>\n<\/td>\n<td valign=\"top\">\n<table style=\"width: 220px;\">\n<tbody>\n<tr>\n<td style=\"background: transparent url('http:\/\/picasaweb.google.com.tr\/s\/c\/transparent_album_background.gif') no-repeat scroll left center; height: 200px;\" align=\"center\"><\/td>\n<\/tr>\n<tr>\n<td style=\"text-align: center; font-family: arial,sans-serif; font-size: 11px;\"><\/td>\n<\/tr>\n<\/tbody>\n<\/table>\n<\/td>\n<td valign=\"top\">\n<table>\n<tbody>\n<tr>\n<td style=\"background: transparent url('http:\/\/picasaweb.google.com.tr\/s\/c\/transparent_album_background.gif') no-repeat scroll left center; height: 200px;\" align=\"center\"><\/td>\n<\/tr>\n<tr>\n<td style=\"text-align: center; font-family: arial,sans-serif; font-size: 11px;\"><\/td>\n<\/tr>\n<\/tbody>\n<\/table>\n<\/td>\n<\/tr>\n<tr>\n<td valign=\"top\">\n<table>\n<tbody>\n<tr>\n<td style=\"background: transparent url('http:\/\/picasaweb.google.com.tr\/s\/c\/transparent_album_background.gif') no-repeat scroll left center; height: 200px;\" align=\"center\"><\/td>\n<\/tr>\n<tr>\n<td style=\"text-align: center; font-family: arial,sans-serif; font-size: 11px;\"><\/td>\n<\/tr>\n<\/tbody>\n<\/table>\n<\/td>\n<td valign=\"top\">\n<table style=\"width: 220px;\">\n<tbody>\n<tr>\n<td style=\"background: transparent url('http:\/\/picasaweb.google.com.tr\/s\/c\/transparent_album_background.gif') no-repeat scroll left center; height: 200px;\" align=\"center\"><\/td>\n<\/tr>\n<tr>\n<td style=\"text-align: center; font-family: arial,sans-serif; font-size: 11px;\"><\/td>\n<\/tr>\n<\/tbody>\n<\/table>\n<\/td>\n<td valign=\"top\">\n<table style=\"width: 220px;\">\n<tbody>\n<tr>\n<td style=\"background: transparent url('http:\/\/picasaweb.google.com.tr\/s\/c\/transparent_album_background.gif') no-repeat scroll left center; height: 200px;\" align=\"center\"><\/td>\n<\/tr>\n<tr>\n<td style=\"text-align: center; font-family: arial,sans-serif; font-size: 11px;\"><\/td>\n<\/tr>\n<\/tbody>\n<\/table>\n<\/td>\n<td valign=\"top\">\n<table style=\"width: 220px;\">\n<tbody>\n<tr>\n<td style=\"background: transparent url('http:\/\/picasaweb.google.com.tr\/s\/c\/transparent_album_background.gif') no-repeat scroll left center; height: 200px;\" align=\"center\"><\/td>\n<\/tr>\n<tr>\n<td style=\"text-align: center; font-family: arial,sans-serif; font-size: 11px;\"><\/td>\n<\/tr>\n<\/tbody>\n<\/table>\n<\/td>\n<\/tr>\n<tr>\n<td valign=\"top\">\n<table style=\"width: 220px;\">\n<tbody>\n<tr>\n<td style=\"background: transparent url('http:\/\/picasaweb.google.com.tr\/s\/c\/transparent_album_background.gif') no-repeat scroll left center; height: 200px;\" align=\"center\"><\/td>\n<\/tr>\n<tr>\n<td style=\"text-align: center; font-family: arial,sans-serif; font-size: 11px;\"><\/td>\n<\/tr>\n<\/tbody>\n<\/table>\n<\/td>\n<td valign=\"top\">\n<table style=\"width: 220px;\">\n<tbody>\n<tr>\n<td style=\"background: transparent url('http:\/\/picasaweb.google.com.tr\/s\/c\/transparent_album_background.gif') no-repeat scroll left center; height: 200px;\" align=\"center\"><\/td>\n<\/tr>\n<tr>\n<td style=\"text-align: center; font-family: arial,sans-serif; font-size: 11px;\"><\/td>\n<\/tr>\n<\/tbody>\n<\/table>\n<\/td>\n<td valign=\"top\">\n<table style=\"width: 220px;\">\n<tbody>\n<tr>\n<td style=\"background: transparent url('http:\/\/picasaweb.google.com.tr\/s\/c\/transparent_album_background.gif') no-repeat scroll left center; height: 200px;\" align=\"center\"><\/td>\n<\/tr>\n<tr>\n<td style=\"text-align: center; font-family: arial,sans-serif; font-size: 11px;\"><\/td>\n<\/tr>\n<\/tbody>\n<\/table>\n<\/td>\n<td valign=\"top\">\n<table style=\"width: 220px;\">\n<tbody>\n<tr>\n<td style=\"background: transparent url('http:\/\/picasaweb.google.com.tr\/s\/c\/transparent_album_background.gif') no-repeat scroll left center; height: 200px;\" align=\"center\"><\/td>\n<\/tr>\n<tr>\n<td style=\"text-align: center; font-family: arial,sans-serif; font-size: 11px;\"><\/td>\n<\/tr>\n<\/tbody>\n<\/table>\n<\/td>\n<\/tr>\n<\/tbody>\n<\/table>\n","protected":false},"excerpt":{"rendered":"<p>Kuching Kuching Botanik Park\u0131 Mersing Sarawak Cultural Village Tioman Tioman \u00c7a\u011flayan Tioman Juara Tioman Maymun Tioman Tesis Tioman Marina<\/p>\n","protected":false},"author":1,"featured_media":5789,"parent":248,"menu_order":0,"comment_status":"closed","ping_status":"closed","template":"","meta":{"footnotes":""},"class_list":["post-5659","page","type-page","status-publish","has-post-thumbnail","hentry"],"_links":{"self":[{"href":"https:\/\/xn--adal-oza.net\/index.php?rest_route=\/wp\/v2\/pages\/5659","targetHints":{"allow":["GET"]}}],"collection":[{"href":"https:\/\/xn--adal-oza.net\/index.php?rest_route=\/wp\/v2\/pages"}],"about":[{"href":"https:\/\/xn--adal-oza.net\/index.php?rest_route=\/wp\/v2\/types\/page"}],"author":[{"embeddable":true,"href":"https:\/\/xn--adal-oza.net\/index.php?rest_route=\/wp\/v2\/users\/1"}],"replies":[{"embeddable":true,"href":"https:\/\/xn--adal-oza.net\/index.php?rest_route=%2Fwp%2Fv2%2Fcomments&post=5659"}],"version-history":[{"count":3,"href":"https:\/\/xn--adal-oza.net\/index.php?rest_route=\/wp\/v2\/pages\/5659\/revisions"}],"predecessor-version":[{"id":5805,"href":"https:\/\/xn--adal-oza.net\/index.php?rest_route=\/wp\/v2\/pages\/5659\/revisions\/5805"}],"up":[{"embeddable":true,"href":"https:\/\/xn--adal-oza.net\/index.php?rest_route=\/wp\/v2\/pages\/248"}],"wp:featuredmedia":[{"embeddable":true,"href":"https:\/\/xn--adal-oza.net\/index.php?rest_route=\/wp\/v2\/media\/5789"}],"wp:attachment":[{"href":"https:\/\/xn--adal-oza.net\/index.php?rest_route=%2Fwp%2Fv2%2Fmedia&parent=5659"}],"curies":[{"name":"wp","href":"https:\/\/api.w.org\/{rel}","templated":true}]}}